{"id":165,"date":"2023-11-14T15:02:28","date_gmt":"2023-11-14T15:02:28","guid":{"rendered":"https:\/\/exceladvisor.org\/pt\/soma-dos-valores-entre-duas-datas\/"},"modified":"2023-12-06T11:33:53","modified_gmt":"2023-12-06T11:33:53","slug":"soma-dos-valores-entre-duas-datas","status":"publish","type":"page","link":"https:\/\/exceladvisor.org\/pt\/soma-dos-valores-entre-duas-datas\/","title":{"rendered":"Como adicionar duas tabelas de datas?"},"content":{"rendered":"<div class=\"excel-before-content-2\" id=\"excel-461829249\"><script type=\"text\/javascript\">\r\n\tatOptions = {\r\n\t\t'key' : 'c1158f160081d6540a8409e6925dab94',\r\n\t\t'format' : 'iframe',\r\n\t\t'height' : 250,\r\n\t\t'width' : 300,\r\n\t\t'params' : {}\r\n\t};\r\n<\/script>\r\n<script type=\"text\/javascript\" src=\"\/\/www.highperformanceformat.com\/c1158f160081d6540a8409e6925dab94\/invoke.js\"><\/script><\/div><div class=\"excel-before-content\" id=\"excel-3054847679\"><script type=\"text\/javascript\">\r\n\tatOptions = {\r\n\t\t'key' : 'c1158f160081d6540a8409e6925dab94',\r\n\t\t'format' : 'iframe',\r\n\t\t'height' : 250,\r\n\t\t'width' : 300,\r\n\t\t'params' : {}\r\n\t};\r\n<\/script>\r\n<script type=\"text\/javascript\" src=\"\/\/www.highperformanceformat.com\/c1158f160081d6540a8409e6925dab94\/invoke.js\"><\/script><\/div> <p>Sim, voc\u00ea ouviu corretamente SUMIFS \u00e9 o m\u00e9todo mais simples e melhor para adicionar valores entre duas datas (ou seja, intervalo de datas).<\/p><p> Deixe-me te contar algo. Digamos que voc\u00ea trabalhe em uma empresa comercial e seu chefe lhe pe\u00e7a o valor total das vendas dos \u00faltimos 15 dias.<\/p><p> Neste caso, deve-se somar o valor das vendas desde a data atual at\u00e9 15 dias antes, ou seja, entre duas datas. Deixe-me dizer-lhe como. Aqui voc\u00ea tem um intervalo de duas datas que inclui um total de 15 dias e precisa somar os valores de cada uma delas.<\/p><p> E com SUMIFS, voc\u00ea pode adicionar essas duas datas como crit\u00e9rios, e funciona como um intervalo e soma todos os valores entre esse intervalo.<\/p><p class=\"qt-tip\"> <strong>Introdu\u00e7\u00e3o r\u00e1pida:<\/strong> SUMIFS pode ajud\u00e1-lo a adicionar valores especificando v\u00e1rios crit\u00e9rios. Resumindo, ele apenas resumir\u00e1 as c\u00e9lulas onde todas as condi\u00e7\u00f5es forem atendidas.<\/p><pre class=\"wp-block-code\"> <code class=\"language-excel-formula\" lang=\"excel-formula\">=SUMIFS(sum_range,range1,criteria1,[range2],[criteria2],\u2026)<\/code><\/pre><p> Na sintaxe acima, voc\u00ea deve primeiro se referir ao intervalo do qual deseja somar os valores, depois ao intervalo para verificar os crit\u00e9rios, e depois desse crit\u00e9rio para verificar, e assim por diante.<\/p><h2 class=\"wp-block-heading\"> F\u00f3rmula para somar valores entre duas datas no Excel<\/h2><p> Aqui voc\u00ea tem os dados de vendas do m\u00eas de janeiro e precisa somar os valores entre 15 de janeiro de 2017 e 25 de janeiro de 2017. <\/p><div class=\"gb-container gb-container-52dfcee1 gb-container-sample-file\"><h2 class=\"gb-headline gb-headline-e289c143 gb-headline-text gb-headline-4f7959c2\"> Obtenha o arquivo Excel<\/h2> <a class=\"gb-button gb-button-e88d6bee gb-button-text gb-button-button1\" href=\"https:\/\/exceladvisor.org\/wp-content\/uploads\/2023\/08\/somme-des-valeurs-entre-deux-donnees-de-dates.xlsx\" rel=\"nofollow\">Download<\/a> <\/div><div class=\"wp-block-image\"><figure class=\"aligncenter\"><img decoding=\"async\" src=\"https:\/\/exceladvisor.org\/wp-content\/uploads\/2023\/08\/donnees-pour-additionner-les-valeurs-entre-deux-dates-min-1.png\" sizes=\"\" srcset=\"\" alt=\"dados para adicionar valores entre duas datas usando SUMIFS\"><\/figure><\/div><p> Na c\u00e9lula D2, insira a f\u00f3rmula abaixo e pressione Enter:<\/p><pre class=\"wp-block-code\"> <code class=\"language-excel-formula\" lang=\"excel-formula\">=SUMIFS(B2:B31,A2:A31,\"&gt;=15-Jan-2017\",A2:A31,\"&lt;=25-Jan-2017\")<\/code><\/pre><p> Ao pressionar enter, esta fun\u00e7\u00e3o retornar\u00e1 $ 15.682 na c\u00e9lula, que \u00e9 a soma do valor entre 15 de janeiro de 2017 e 25 de janeiro de 2017. E aqui neste c\u00e1lculo voc\u00ea tamb\u00e9m incluiu as datas de in\u00edcio e t\u00e9rmino. <\/p><div class=\"wp-block-image\"><figure class=\"aligncenter\"><img decoding=\"async\" src=\"https:\/\/exceladvisor.org\/wp-content\/uploads\/2023\/08\/formule-pour-additionner-les-valeurs-entre-deux-dates-min-1.png\" sizes=\"\" srcset=\"\" alt=\"f\u00f3rmula para somar valores entre duas datas\"><\/figure><\/div><p> Para verificar esse c\u00e1lculo, basta selecionar as c\u00e9lulas de valor de 15 de janeiro de 2017 a 25 de janeiro de 2017 e verificar na barra de status a soma desses valores ou voc\u00ea tamb\u00e9m pode filtrar os valores para verificar. <\/p><div class=\"wp-block-image\"><figure class=\"aligncenter\"><img decoding=\"async\" src=\"https:\/\/exceladvisor.org\/wp-content\/uploads\/2023\/08\/verifier-la-somme-de-la-barre-detat-pour-verifier-que-la-somme-des-valeurs-entre-les-dates-min-1.png\" sizes=\"\" srcset=\"\" alt=\"verifique a soma da barra de status para verificar se a soma dos valores entre as datas\"><\/figure><\/div><h3 class=\"wp-block-heading\"> Veja como funciona.<\/h3><p> Nesta f\u00f3rmula, utilizamos operadores l\u00f3gicos com SUMIFS que nos permitem adicionar uma condi\u00e7\u00e3o ao calcular a soma. Vamos analisar a f\u00f3rmula para entend\u00ea-la. <\/p><div class=\"wp-block-image\"><figure class=\"aligncenter\"><img decoding=\"async\" src=\"https:\/\/exceladvisor.org\/wp-content\/uploads\/2023\/08\/comment-cette-formule-fonctionne-pour-additionner-les-valeurs-entre-deux-dates-min-1.png\" sizes=\"\" srcset=\"\" alt=\"como funciona essa f\u00f3rmula para somar os valores entre duas datas\"><\/figure><\/div><ul><li> Primeiro, usamos o intervalo B2:B31 como sum_range onde temos o valor.<\/li><li> <span style=\"color: #000000;\">Depois disso<\/span> , nos referimos a A2:A31 como o primeiro intervalo de crit\u00e9rios e \u201c&gt;=15-Jan-2017\u201d como o primeiro crit\u00e9rio.<\/li><li> Em seguida, referenciamos A2:A31 novamente, mas desta vez como o segundo intervalo de crit\u00e9rios e \u201c&lt;=25-Jan-2017\u201d como o segundo crit\u00e9rio.<\/li><\/ul><p> Esses dois crit\u00e9rios, portanto, dizem \u00e0 fun\u00e7\u00e3o para somar os valores iguais ou superiores a 15 de janeiro de 2017 e iguais ou inferiores a 25 de janeiro de 2017.<\/p><p> Portanto, este <strong><span style=\"color: #000000;\">ponto \u00e9 que<\/span><\/strong> temos dois crit\u00e9rios diferentes, um para o limite inferior e outro para o limite superior, o que cria um intervalo de datas. E a fun\u00e7\u00e3o ir\u00e1 somar apenas os valores dentro desse intervalo.<\/p><h2 class=\"wp-block-heading\"> Soma de valores entre um <span style=\"color: #ea493f;\">intervalo din\u00e2mico<\/span> de datas<\/h2><p> Pode haver momentos em que voc\u00ea precise adicionar valores entre duas datas continuamente. Digamos que voc\u00ea precise somar os valores dos \u00faltimos 7 dias e deve ser din\u00e2mico para que a cada dia voc\u00ea obtenha a soma dos \u00faltimos 7 dias. Ent\u00e3o as f\u00f3rmulas ser\u00e3o:<\/p><pre class=\"wp-block-code\"> <code class=\"language-excel-formula\" lang=\"excel-formula\">=SUMIFS(B2:B31,A2:A31,\"&lt;=\"&amp;TODAY(),A2:A31,\"&gt;=\"&amp;(TODAY()-6))<\/code><\/pre><h3 class=\"wp-block-heading\"> \u00c9 assim que funciona<\/h3><p> Na f\u00f3rmula acima, usamos a fun\u00e7\u00e3o HOJE para obter a data din\u00e2mica atual que mudar\u00e1 automaticamente. O primeiro crit\u00e9rio diz \u00e0 fun\u00e7\u00e3o para somar apenas valores iguais ou menores que a data de hoje.<\/p><p> E o <span style=\"color: #000000;\">segundo<\/span> crit\u00e9rio diz \u00e0 fun\u00e7\u00e3o para somar apenas valores iguais ou menores que a data 6 dias antes de hoje.<\/p><p> <span style=\"color: #000000;\"><strong>Agora<\/strong><\/span> o intervalo de duas datas ser\u00e1 mais ou menos assim, <strong>de hoje at\u00e9 seis dias atr\u00e1s<\/strong> , o que significa que voc\u00ea tem um total de sete dias. E a fun\u00e7\u00e3o ir\u00e1 somar apenas os valores dentro deste intervalo. <\/p><div class=\"gb-container gb-container-9b8f593d gb-container-sample-file\"><h2 class=\"gb-headline gb-headline-e7dd4817 gb-headline-text gb-headline-4f7959c2\"> Obtenha o arquivo Excel<\/h2> <a class=\"gb-button gb-button-e0766fef gb-button-text gb-button-button1\" href=\"https:\/\/exceladvisor.org\/wp-content\/uploads\/2023\/08\/somme-des-valeurs-entre-deux-dates-2.xlsx\" rel=\"nofollow\">Download<\/a><\/div><div class=\"gb-container gb-container-0df56012 gb-container-mt\"> <a class=\"gb-button gb-button-f9f432f4 gb-button-text gb-button-mt-button\" href=\"https:\/\/exceladvisor.org\/pt\/formulas\/\">Lista de f\u00f3rmulas do Excel<\/a><h2 class=\"gb-headline gb-headline-233444e8 gb-headline-text gb-headline-mt-heading\"> F\u00f3rmulas relacionadas <\/h2><div class=\"gb-grid-wrapper gb-grid-wrapper-a16fa65c gb-grid-wrapper-mt-grid\"><div class=\"gb-grid-column gb-grid-column-50d07e0d\"><div class=\"gb-container gb-container-50d07e0d\"><ul><li> <a href=\"https:\/\/exceladvisor.org\/pt\/soma-se-for-maior-que\/\">Soma maior que valores usando SUMIF<\/a><\/li><li> <a href=\"https:\/\/exceladvisor.org\/pt\/sumivos-nao-sao-iguais\/\">Soma de valores diferentes (SUMIFS) no Excel<\/a><\/li><li> <a href=\"https:\/\/exceladvisor.org\/pt\/sumif-sumifs-ou-logica\/\">SUMIF\/SUMIFS com l\u00f3gica OR no Excel<\/a><\/li><li> <a href=\"https:\/\/exceladvisor.org\/pt\/sumif-com-curingas\/\">SUMIF com curingas no Excel<\/a><\/li><li> <a href=\"https:\/\/exceladvisor.org\/pt\/sumif-vlookup\/\">Combine PROCV com SUMIF<\/a> <\/li><\/ul><\/div><\/div><div class=\"gb-grid-column gb-grid-column-5b4a0cf9\"><div class=\"gb-container gb-container-5b4a0cf9\"><\/div><\/div><\/div><\/div>","protected":false},"excerpt":{"rendered":"","protected":false},"author":1,"featured_media":0,"parent":0,"menu_order":0,"comment_status":"open","ping_status":"closed","template":"","meta":{"ub_ctt_via":"","footnotes":""},"class_list":["post-165","page","type-page","status-publish","hentry"],"featured_image_src":null,"yoast_head":"<!-- This site is optimized with the Yoast SEO plugin v25.4 - https:\/\/yoast.com\/wordpress\/plugins\/seo\/ -->\n<title>SUMIFS: Soma dos valores entre duas tabelas de datas<\/title>\n<meta name=\"description\" content=\"SUMIFS \u00e9 a melhor maneira de somar valores se eles estiverem entre duas datas. Voc\u00ea s\u00f3 precisa mencionar a data inferior\" \/>\n<meta name=\"robots\" content=\"index, follow, max-snippet:-1, max-image-preview:large, max-video-preview:-1\" \/>\n<link rel=\"canonical\" href=\"https:\/\/exceladvisor.org\/pt\/soma-dos-valores-entre-duas-datas\/\" \/>\n<meta property=\"og:locale\" content=\"pt_PT\" \/>\n<meta property=\"og:type\" content=\"article\" \/>\n<meta property=\"og:title\" content=\"SUMIFS: Soma dos valores entre duas tabelas de datas\" \/>\n<meta property=\"og:description\" content=\"SUMIFS \u00e9 a melhor maneira de somar valores se eles estiverem entre duas datas. Voc\u00ea s\u00f3 precisa mencionar a data inferior\" \/>\n<meta property=\"og:url\" content=\"https:\/\/exceladvisor.org\/pt\/soma-dos-valores-entre-duas-datas\/\" \/>\n<meta property=\"og:site_name\" content=\"Excel Advisor\" \/>\n<meta property=\"article:modified_time\" content=\"2023-12-06T11:33:53+00:00\" \/>\n<meta property=\"og:image\" content=\"https:\/\/exceladvisor.org\/wp-content\/uploads\/2023\/08\/donnees-pour-additionner-les-valeurs-entre-deux-dates-min-1.png\" \/>\n<meta name=\"twitter:card\" content=\"summary_large_image\" \/>\n<meta name=\"twitter:label1\" content=\"Tempo estimado de leitura\" \/>\n\t<meta name=\"twitter:data1\" content=\"4 minutos\" \/>\n<script type=\"application\/ld+json\" class=\"yoast-schema-graph\">{\"@context\":\"https:\/\/schema.org\",\"@graph\":[{\"@type\":\"WebPage\",\"@id\":\"https:\/\/exceladvisor.org\/pt\/soma-dos-valores-entre-duas-datas\/\",\"url\":\"https:\/\/exceladvisor.org\/pt\/soma-dos-valores-entre-duas-datas\/\",\"name\":\"SUMIFS: Soma dos valores entre duas tabelas de datas\",\"isPartOf\":{\"@id\":\"https:\/\/exceladvisor.org\/pt\/#website\"},\"primaryImageOfPage\":{\"@id\":\"https:\/\/exceladvisor.org\/pt\/soma-dos-valores-entre-duas-datas\/#primaryimage\"},\"image\":{\"@id\":\"https:\/\/exceladvisor.org\/pt\/soma-dos-valores-entre-duas-datas\/#primaryimage\"},\"thumbnailUrl\":\"https:\/\/exceladvisor.org\/wp-content\/uploads\/2023\/08\/donnees-pour-additionner-les-valeurs-entre-deux-dates-min-1.png\",\"datePublished\":\"2023-11-14T15:02:28+00:00\",\"dateModified\":\"2023-12-06T11:33:53+00:00\",\"description\":\"SUMIFS \u00e9 a melhor maneira de somar valores se eles estiverem entre duas datas. Voc\u00ea s\u00f3 precisa mencionar a data inferior\",\"breadcrumb\":{\"@id\":\"https:\/\/exceladvisor.org\/pt\/soma-dos-valores-entre-duas-datas\/#breadcrumb\"},\"inLanguage\":\"pt-PT\",\"potentialAction\":[{\"@type\":\"ReadAction\",\"target\":[\"https:\/\/exceladvisor.org\/pt\/soma-dos-valores-entre-duas-datas\/\"]}]},{\"@type\":\"ImageObject\",\"inLanguage\":\"pt-PT\",\"@id\":\"https:\/\/exceladvisor.org\/pt\/soma-dos-valores-entre-duas-datas\/#primaryimage\",\"url\":\"https:\/\/exceladvisor.org\/wp-content\/uploads\/2023\/08\/donnees-pour-additionner-les-valeurs-entre-deux-dates-min-1.png\",\"contentUrl\":\"https:\/\/exceladvisor.org\/wp-content\/uploads\/2023\/08\/donnees-pour-additionner-les-valeurs-entre-deux-dates-min-1.png\"},{\"@type\":\"BreadcrumbList\",\"@id\":\"https:\/\/exceladvisor.org\/pt\/soma-dos-valores-entre-duas-datas\/#breadcrumb\",\"itemListElement\":[{\"@type\":\"ListItem\",\"position\":1,\"name\":\"Lar\",\"item\":\"https:\/\/exceladvisor.org\/pt\/\"},{\"@type\":\"ListItem\",\"position\":2,\"name\":\"Como adicionar duas tabelas de datas?\"}]},{\"@type\":\"WebSite\",\"@id\":\"https:\/\/exceladvisor.org\/pt\/#website\",\"url\":\"https:\/\/exceladvisor.org\/pt\/\",\"name\":\"Excel Advisor\",\"description\":\"O seu guia definitivo para dominar os dados!\",\"publisher\":{\"@id\":\"https:\/\/exceladvisor.org\/pt\/#organization\"},\"potentialAction\":[{\"@type\":\"SearchAction\",\"target\":{\"@type\":\"EntryPoint\",\"urlTemplate\":\"https:\/\/exceladvisor.org\/pt\/?s={search_term_string}\"},\"query-input\":{\"@type\":\"PropertyValueSpecification\",\"valueRequired\":true,\"valueName\":\"search_term_string\"}}],\"inLanguage\":\"pt-PT\"},{\"@type\":\"Organization\",\"@id\":\"https:\/\/exceladvisor.org\/pt\/#organization\",\"name\":\"Excel Advisor\",\"url\":\"https:\/\/exceladvisor.org\/pt\/\",\"logo\":{\"@type\":\"ImageObject\",\"inLanguage\":\"pt-PT\",\"@id\":\"https:\/\/exceladvisor.org\/pt\/#\/schema\/logo\/image\/\",\"url\":\"https:\/\/exceladvisor.org\/pt\/wp-content\/uploads\/2023\/12\/exceladvisor.org_.png\",\"contentUrl\":\"https:\/\/exceladvisor.org\/pt\/wp-content\/uploads\/2023\/12\/exceladvisor.org_.png\",\"width\":105,\"height\":36,\"caption\":\"Excel Advisor\"},\"image\":{\"@id\":\"https:\/\/exceladvisor.org\/pt\/#\/schema\/logo\/image\/\"}}]}<\/script>\n<!-- \/ Yoast SEO plugin. -->","yoast_head_json":{"title":"SUMIFS: Soma dos valores entre duas tabelas de datas","description":"SUMIFS \u00e9 a melhor maneira de somar valores se eles estiverem entre duas datas. Voc\u00ea s\u00f3 precisa mencionar a data inferior","robots":{"index":"index","follow":"follow","max-snippet":"max-snippet:-1","max-image-preview":"max-image-preview:large","max-video-preview":"max-video-preview:-1"},"canonical":"https:\/\/exceladvisor.org\/pt\/soma-dos-valores-entre-duas-datas\/","og_locale":"pt_PT","og_type":"article","og_title":"SUMIFS: Soma dos valores entre duas tabelas de datas","og_description":"SUMIFS \u00e9 a melhor maneira de somar valores se eles estiverem entre duas datas. Voc\u00ea s\u00f3 precisa mencionar a data inferior","og_url":"https:\/\/exceladvisor.org\/pt\/soma-dos-valores-entre-duas-datas\/","og_site_name":"Excel Advisor","article_modified_time":"2023-12-06T11:33:53+00:00","og_image":[{"url":"https:\/\/exceladvisor.org\/wp-content\/uploads\/2023\/08\/donnees-pour-additionner-les-valeurs-entre-deux-dates-min-1.png","type":"","width":"","height":""}],"twitter_card":"summary_large_image","twitter_misc":{"Tempo estimado de leitura":"4 minutos"},"schema":{"@context":"https:\/\/schema.org","@graph":[{"@type":"WebPage","@id":"https:\/\/exceladvisor.org\/pt\/soma-dos-valores-entre-duas-datas\/","url":"https:\/\/exceladvisor.org\/pt\/soma-dos-valores-entre-duas-datas\/","name":"SUMIFS: Soma dos valores entre duas tabelas de datas","isPartOf":{"@id":"https:\/\/exceladvisor.org\/pt\/#website"},"primaryImageOfPage":{"@id":"https:\/\/exceladvisor.org\/pt\/soma-dos-valores-entre-duas-datas\/#primaryimage"},"image":{"@id":"https:\/\/exceladvisor.org\/pt\/soma-dos-valores-entre-duas-datas\/#primaryimage"},"thumbnailUrl":"https:\/\/exceladvisor.org\/wp-content\/uploads\/2023\/08\/donnees-pour-additionner-les-valeurs-entre-deux-dates-min-1.png","datePublished":"2023-11-14T15:02:28+00:00","dateModified":"2023-12-06T11:33:53+00:00","description":"SUMIFS \u00e9 a melhor maneira de somar valores se eles estiverem entre duas datas. Voc\u00ea s\u00f3 precisa mencionar a data inferior","breadcrumb":{"@id":"https:\/\/exceladvisor.org\/pt\/soma-dos-valores-entre-duas-datas\/#breadcrumb"},"inLanguage":"pt-PT","potentialAction":[{"@type":"ReadAction","target":["https:\/\/exceladvisor.org\/pt\/soma-dos-valores-entre-duas-datas\/"]}]},{"@type":"ImageObject","inLanguage":"pt-PT","@id":"https:\/\/exceladvisor.org\/pt\/soma-dos-valores-entre-duas-datas\/#primaryimage","url":"https:\/\/exceladvisor.org\/wp-content\/uploads\/2023\/08\/donnees-pour-additionner-les-valeurs-entre-deux-dates-min-1.png","contentUrl":"https:\/\/exceladvisor.org\/wp-content\/uploads\/2023\/08\/donnees-pour-additionner-les-valeurs-entre-deux-dates-min-1.png"},{"@type":"BreadcrumbList","@id":"https:\/\/exceladvisor.org\/pt\/soma-dos-valores-entre-duas-datas\/#breadcrumb","itemListElement":[{"@type":"ListItem","position":1,"name":"Lar","item":"https:\/\/exceladvisor.org\/pt\/"},{"@type":"ListItem","position":2,"name":"Como adicionar duas tabelas de datas?"}]},{"@type":"WebSite","@id":"https:\/\/exceladvisor.org\/pt\/#website","url":"https:\/\/exceladvisor.org\/pt\/","name":"Excel Advisor","description":"O seu guia definitivo para dominar os dados!","publisher":{"@id":"https:\/\/exceladvisor.org\/pt\/#organization"},"potentialAction":[{"@type":"SearchAction","target":{"@type":"EntryPoint","urlTemplate":"https:\/\/exceladvisor.org\/pt\/?s={search_term_string}"},"query-input":{"@type":"PropertyValueSpecification","valueRequired":true,"valueName":"search_term_string"}}],"inLanguage":"pt-PT"},{"@type":"Organization","@id":"https:\/\/exceladvisor.org\/pt\/#organization","name":"Excel Advisor","url":"https:\/\/exceladvisor.org\/pt\/","logo":{"@type":"ImageObject","inLanguage":"pt-PT","@id":"https:\/\/exceladvisor.org\/pt\/#\/schema\/logo\/image\/","url":"https:\/\/exceladvisor.org\/pt\/wp-content\/uploads\/2023\/12\/exceladvisor.org_.png","contentUrl":"https:\/\/exceladvisor.org\/pt\/wp-content\/uploads\/2023\/12\/exceladvisor.org_.png","width":105,"height":36,"caption":"Excel Advisor"},"image":{"@id":"https:\/\/exceladvisor.org\/pt\/#\/schema\/logo\/image\/"}}]}},"yoast_meta":{"yoast_wpseo_title":"","yoast_wpseo_metadesc":"","yoast_wpseo_canonical":""},"_links":{"self":[{"href":"https:\/\/exceladvisor.org\/pt\/wp-json\/wp\/v2\/pages\/165","targetHints":{"allow":["GET"]}}],"collection":[{"href":"https:\/\/exceladvisor.org\/pt\/wp-json\/wp\/v2\/pages"}],"about":[{"href":"https:\/\/exceladvisor.org\/pt\/wp-json\/wp\/v2\/types\/page"}],"author":[{"embeddable":true,"href":"https:\/\/exceladvisor.org\/pt\/wp-json\/wp\/v2\/users\/1"}],"replies":[{"embeddable":true,"href":"https:\/\/exceladvisor.org\/pt\/wp-json\/wp\/v2\/comments?post=165"}],"version-history":[{"count":1,"href":"https:\/\/exceladvisor.org\/pt\/wp-json\/wp\/v2\/pages\/165\/revisions"}],"predecessor-version":[{"id":781,"href":"https:\/\/exceladvisor.org\/pt\/wp-json\/wp\/v2\/pages\/165\/revisions\/781"}],"wp:attachment":[{"href":"https:\/\/exceladvisor.org\/pt\/wp-json\/wp\/v2\/media?parent=165"}],"curies":[{"name":"wp","href":"https:\/\/api.w.org\/{rel}","templated":true}]}}