{"id":166,"date":"2023-11-14T14:51:46","date_gmt":"2023-11-14T14:51:46","guid":{"rendered":"https:\/\/exceladvisor.org\/pt\/remover-linhas-vazias\/"},"modified":"2023-12-06T11:37:14","modified_gmt":"2023-12-06T11:37:14","slug":"remover-linhas-vazias","status":"publish","type":"page","link":"https:\/\/exceladvisor.org\/pt\/remover-linhas-vazias\/","title":{"rendered":"Como deletar linhas em branco no excel?"},"content":{"rendered":"<div class=\"excel-before-content-2\" id=\"excel-2236787788\"><script type=\"text\/javascript\">\r\n\tatOptions = {\r\n\t\t'key' : 'c1158f160081d6540a8409e6925dab94',\r\n\t\t'format' : 'iframe',\r\n\t\t'height' : 250,\r\n\t\t'width' : 300,\r\n\t\t'params' : {}\r\n\t};\r\n<\/script>\r\n<script type=\"text\/javascript\" src=\"\/\/www.highperformanceformat.com\/c1158f160081d6540a8409e6925dab94\/invoke.js\"><\/script><\/div><div class=\"excel-before-content\" id=\"excel-1219665174\"><script type=\"text\/javascript\">\r\n\tatOptions = {\r\n\t\t'key' : 'c1158f160081d6540a8409e6925dab94',\r\n\t\t'format' : 'iframe',\r\n\t\t'height' : 250,\r\n\t\t'width' : 300,\r\n\t\t'params' : {}\r\n\t};\r\n<\/script>\r\n<script type=\"text\/javascript\" src=\"\/\/www.highperformanceformat.com\/c1158f160081d6540a8409e6925dab94\/invoke.js\"><\/script><\/div> <p>Em uma planilha do Excel, pode haver linhas em branco no conjunto de dados, o que pode dificultar a navega\u00e7\u00e3o pelos dados, e o Excel usa c\u00e9lulas e linhas em branco para determinar intervalos, para que tamb\u00e9m possa quebrar as f\u00f3rmulas.<\/p><p> Por\u00e9m, os usu\u00e1rios podem excluir rapidamente essas linhas em branco porque o Excel tem v\u00e1rias maneiras de excluir linhas em branco. Abaixo temos etapas r\u00e1pidas e f\u00e1ceis sobre como remover linhas em branco no Excel.<\/p><h2 class=\"wp-block-heading\"> Remova linhas em branco usando a op\u00e7\u00e3o de filtro<\/h2><p> A op\u00e7\u00e3o de filtro para remover linhas em branco \u00e9 uma das maneiras mais f\u00e1ceis de remover ou remover linhas em branco do seu conjunto de dados.<\/p><ol><li> Primeiro, selecione todo o intervalo de dados, incluindo linhas em branco, depois v\u00e1 para a guia \u201cDados\u201d e clique no \u00edcone \u201cFiltro\u201d no grupo \u201cClassificar e Filtrar\u201d.<\/li><li> Ou selecione todo o intervalo de dados, incluindo linhas em branco, e pressione as teclas de atalho \u201cCtrl+Shift+L\u201d para aplicar o filtro. <br><img loading=\"lazy\" decoding=\"async\" title=\"1-selecione o intervalo incluindo linhas vazias\" src=\"https:\/\/exceladvisor.org\/wp-content\/uploads\/2023\/08\/1-selectionnez-la-plage-comprenant-des-lignes-vides.png\" sizes=\"auto, \" srcset=\"\" alt=\"select-the-range-including-blank-rows\" width=\"540\" height=\"413\"><\/li><li> Depois de concluir qualquer uma das etapas acima, os filtros ser\u00e3o adicionados aos cabe\u00e7alhos dos intervalos de dados.<\/li><li> Agora, clique em qualquer um dos bot\u00f5es de filtro aplicados, desmarque a op\u00e7\u00e3o \u201cSelecionar tudo\u201d no menu suspenso de filtros para desmarcar todas as op\u00e7\u00f5es pr\u00e9-selecionadas, marque apenas a op\u00e7\u00e3o \u201cVazio\u201d e pressione OK. <br><img loading=\"lazy\" decoding=\"async\" title=\"2 cliques no bot\u00e3o do filtro\" src=\"https:\/\/exceladvisor.org\/wp-content\/uploads\/2023\/08\/2-cliquez-sur-le-bouton-filtre.png\" sizes=\"auto, \" srcset=\"\" alt=\"click-the-filter-button\" width=\"384\" height=\"483\"><\/li><li> Neste ponto voc\u00ea ter\u00e1 as linhas vazias filtradas e voc\u00ea s\u00f3 precisa selecionar todas elas e clicar com o bot\u00e3o direito e selecionar \u201cExcluir Linha\u201d ou pressionar \u201cCtrl + (-) e suas linhas vazias ser\u00e3o exclu\u00eddas. <br><img loading=\"lazy\" decoding=\"async\" title=\"3 linhas em branco filtradas\" src=\"https:\/\/exceladvisor.org\/wp-content\/uploads\/2023\/08\/3-lignes-vierges-filtrees.png\" sizes=\"auto, \" srcset=\"\" alt=\"filtered-blank-rows\" width=\"333\" height=\"343\"><\/li><li> Ao final, clique novamente no bot\u00e3o de filtro aplicado e marque \u201cSelecionar tudo\u201d ou apenas pressione as teclas \u201cCtrl+Shift+L\u201d para desmarcar o filtro e voc\u00ea obter\u00e1 seus dados classificados. <br><img loading=\"lazy\" decoding=\"async\" title=\"4 op\u00e7\u00f5es de sele\u00e7\u00e3o de sele\u00e7\u00e3o de todas\" src=\"https:\/\/exceladvisor.org\/wp-content\/uploads\/2023\/08\/4-coche-selectionner-toutes-les-options.png\" sizes=\"auto, \" srcset=\"\" alt=\"checkmark-select-all-option\" width=\"405\" height=\"443\"><\/li><\/ol><p> Ao excluir uma linha, o Excel exclui a linha inteira da planilha, mesmo que voc\u00ea tenha apenas dados nas colunas A a D, o Excel excluir\u00e1 a linha inteira da coluna A no final das colunas no c\u00e1lculo da planilha e voc\u00ea poder\u00e1 perder o valor se estiver nas c\u00e9lulas desta linha fora do seu conjunto de dados.<\/p><p class=\"formula\"> Portanto, \u00e9 recomend\u00e1vel converter seu conjunto de dados para o formato de tabela usando as teclas \u201cCtrl + T\u201d porque no formato de tabela o Excel exclui apenas as linhas dos dados da tabela selecionada.<\/p><h2 class=\"wp-block-heading\"> Remova linhas em branco usando a op\u00e7\u00e3o de classifica\u00e7\u00e3o<\/h2><ul><li> Primeiro, selecione todo o intervalo de dados, incluindo linhas em branco, e v\u00e1 para a guia \u201cDados\u201d.<\/li><li> Depois disso, clique no \u00edcone \u201cClassificar\u201d no grupo \u201cClassificar e Filtrar\u201d e uma caixa de di\u00e1logo \u201cClassificar\u201d ser\u00e1 aberta.<\/li><li> Agora selecione as sele\u00e7\u00f5es de classifica\u00e7\u00e3o de dados e clique em OK. <em>(Neste exemplo, selecionamos classificar os dados por \u201cM\u00eas\u201d) <br><img loading=\"lazy\" decoding=\"async\" title=\"5 linhas vazias usando a op\u00e7\u00e3o de classifica\u00e7\u00e3o\" src=\"https:\/\/exceladvisor.org\/wp-content\/uploads\/2023\/08\/5-lignes-vides-en-utilisant-loption-de-tri.png\" sizes=\"auto, \" srcset=\"\" alt=\"blank-rows-using-sort-option\" width=\"698\" height=\"369\"><\/em><\/li><li> Neste ponto, voc\u00ea classificar\u00e1 seus dados com linhas vazias movidas para o final do conjunto de dados. <br><img loading=\"lazy\" decoding=\"async\" title=\"6 dados classificados sem linhas em branco\" src=\"https:\/\/exceladvisor.org\/wp-content\/uploads\/2023\/08\/6-donnees-triees-sans-lignes-vides.png\" sizes=\"auto, \" srcset=\"\" alt=\"sorted-data-without-blank-rows\" width=\"356\" height=\"441\"><\/li><\/ul><h2 class=\"wp-block-heading\"> Excluir manualmente linhas em branco<\/h2><p> Remover manualmente linhas em branco \u00e9 uma boa op\u00e7\u00e3o quando voc\u00ea tem um pequeno conjunto de dados com algumas linhas em branco e onde voc\u00ea pode identificar facilmente essas linhas em branco na tela.<\/p><ul><li> Selecione as linhas em branco uma por uma, clique com o bot\u00e3o direito e selecione Excluir para excluir a linha em branco selecionada.<\/li><li> Ou selecione todas as linhas em branco juntas, clique com o bot\u00e3o direito e selecione Excluir para excluir todas as linhas em branco selecionadas de uma vez. <\/li><\/ul><div class=\"wp-block-image\"><figure class=\"aligncenter size-full is-resized\"><img loading=\"lazy\" decoding=\"async\" class=\"wp-image-66755\" src=\"https:\/\/exceladvisor.org\/wp-content\/uploads\/2023\/08\/7-supprimer-manuellement-les-lignes-vides.png\" sizes=\"auto, \" srcset=\"\" alt=\"excluir linhas vazias manualmente\" width=\"360\" height=\"429\"><\/figure><\/div><p> Voc\u00ea pode usar as teclas de atalho <kbd>Shift<\/kbd> + <kbd>Espa\u00e7o<\/kbd> para selecionar a linha e, em seguida, as teclas <kbd>Ctrl<\/kbd> + <kbd>-<\/kbd> para excluir a linha selecionada.<\/p><h2 class=\"wp-block-heading\"> Remova linhas em branco usando Go TO Special<\/h2><ul><li> Primeiro, selecione todo o intervalo de dados e v\u00e1 para a guia \u201cHome\u201d e clique no \u00edcone \u201cLocalizar e selecionar\u201d.<\/li><li> Depois disso, clique na op\u00e7\u00e3o \u201cIr para Especial\u201d na lista suspensa. <br><img loading=\"lazy\" decoding=\"async\" title=\"Op\u00e7\u00e3o 8-v\u00e1 para especial\" src=\"https:\/\/exceladvisor.org\/wp-content\/uploads\/2023\/08\/8-aller-a-loption-speciale.png\" sizes=\"auto, \" srcset=\"\" alt=\"go-to-special-option\" width=\"531\" height=\"402\"><\/li><li> Depois de clicar em &#8220;Ir para Especial&#8221;, a caixa de di\u00e1logo &#8220;Ir para Especial&#8221; \u00e9 aberta.<\/li><li> Agora selecione o bot\u00e3o de op\u00e7\u00e3o \u201cEm branco\u201d e clique em OK e voc\u00ea obter\u00e1 as linhas em branco selecionadas. <br><img loading=\"lazy\" decoding=\"async\" title=\"9-selecionar-op\u00e7\u00e3o-vazia\" src=\"https:\/\/exceladvisor.org\/wp-content\/uploads\/2023\/08\/9-selectionnez-loption-vide.png\" sizes=\"auto, \" srcset=\"\" alt=\"select-blank-option\" width=\"306\" height=\"348\"><\/li><li> No final, clique com o bot\u00e3o direito e selecione a op\u00e7\u00e3o \u201cExcluir\u201d e voc\u00ea obter\u00e1 as op\u00e7\u00f5es da caixa de di\u00e1logo \u201cExcluir\u201d que solicitar\u00e1 que voc\u00ea selecione a op\u00e7\u00e3o de deslocamento da c\u00e9lula.<\/li><li> Selecione \u201cMover c\u00e9lulas para cima\u201d e clique em OK e suas linhas em branco ser\u00e3o removidas. <br><img loading=\"lazy\" decoding=\"async\" title=\"10-select-shift-cells-up\" src=\"https:\/\/exceladvisor.org\/wp-content\/uploads\/2023\/08\/10-selectionner-les-cellules-de-decalage-vers-le-haut.png\" sizes=\"auto, \" srcset=\"\" alt=\"select-shift-cells-up\" width=\"184\" height=\"192\"><\/li><\/ul><p class=\"qt-tip\"> <strong>Nota:<\/strong> V\u00e1 para a op\u00e7\u00e3o Especial e selecione linhas e colunas em branco. Portanto, se o seu conjunto de dados contiver uma coluna em branco em qualquer linha, ele tamb\u00e9m remover\u00e1 essa coluna em branco e a substituir\u00e1 por outro valor de c\u00e9lula com base nas c\u00e9lulas de deslocamento. op\u00e7\u00e3o que pode atrapalhar seus dados.<\/p><div class=\"gb-container gb-container-4db6181c gb-container-mt\"> <a class=\"gb-button gb-button-c5897111 gb-button-text gb-button-mt-button\" href=\"https:\/\/exceladvisor.org\/pt\/nocoes-basicas-de-excel\/\">No\u00e7\u00f5es b\u00e1sicas do Microsoft Excel (componentes, pe\u00e7as e notas de conhecimento)<\/a><h2 class=\"gb-headline gb-headline-665e5f6b gb-headline-text gb-headline-mt-heading\"> Tutoriais relacionados <\/h2><div class=\"gb-grid-wrapper gb-grid-wrapper-a20baf7c gb-grid-wrapper-mt-grid\"><div class=\"gb-grid-column gb-grid-column-65ddf67e\"><div class=\"gb-container gb-container-65ddf67e\"><ul><li> <a href=\"https:\/\/exceladvisor.org\/pt\/adicionar-remover-hiperlinks\/\">Adicione e remova hiperlinks no Excel<\/a><\/li><li> <a href=\"https:\/\/exceladvisor.org\/pt\/adicione-uma-marca-dagua\/\">Adicione uma marca d&#8217;\u00e1gua no Excel<\/a><\/li><li> <a href=\"https:\/\/exceladvisor.org\/pt\/remover-colunas-de-linha-ocultas\/\">Exclua linhas ocultas no Excel<\/a><\/li><li> <a href=\"https:\/\/exceladvisor.org\/pt\/desmarcar-celulas\/\">Desmarcar c\u00e9lulas no Excel<\/a> <\/li><\/ul><\/div><\/div><div class=\"gb-grid-column gb-grid-column-50067b57\"><div class=\"gb-container gb-container-50067b57\"><ul><li> <a href=\"https:\/\/exceladvisor.org\/pt\/excluir-linhas\/\">Exclua uma linha ou v\u00e1rias linhas no Excel<\/a><\/li><li> <a href=\"https:\/\/exceladvisor.org\/pt\/copiar-coluna\/\">Copie e cole uma coluna no Excel<\/a><\/li><li> <a href=\"https:\/\/exceladvisor.org\/pt\/mover-linha-coluna\/\">Mova uma linha e coluna no Excel<\/a><\/li><li> <a href=\"https:\/\/exceladvisor.org\/pt\/largura-da-coluna\/\">Como alterar a largura das colunas no Excel<\/a><\/li><\/ul><\/div><\/div><\/div><\/div>","protected":false},"excerpt":{"rendered":"","protected":false},"author":1,"featured_media":0,"parent":0,"menu_order":0,"comment_status":"open","ping_status":"closed","template":"","meta":{"ub_ctt_via":"","footnotes":""},"class_list":["post-166","page","type-page","status-publish","hentry"],"featured_image_src":null,"yoast_head":"<!-- This site is optimized with the Yoast SEO plugin v25.4 - https:\/\/yoast.com\/wordpress\/plugins\/seo\/ -->\n<title>Como deletar linhas em branco no Excel? (Tutorial 2023)<\/title>\n<meta name=\"description\" content=\"Neste tutorial, voc\u00ea aprender\u00e1 como remover linhas em branco usando m\u00e9todos f\u00e1ceis de seguir e usar.\" \/>\n<meta name=\"robots\" content=\"index, follow, max-snippet:-1, max-image-preview:large, max-video-preview:-1\" \/>\n<link rel=\"canonical\" href=\"https:\/\/exceladvisor.org\/pt\/remover-linhas-vazias\/\" \/>\n<meta property=\"og:locale\" content=\"pt_PT\" \/>\n<meta property=\"og:type\" content=\"article\" \/>\n<meta property=\"og:title\" content=\"Como deletar linhas em branco no Excel? (Tutorial 2023)\" \/>\n<meta property=\"og:description\" content=\"Neste tutorial, voc\u00ea aprender\u00e1 como remover linhas em branco usando m\u00e9todos f\u00e1ceis de seguir e usar.\" \/>\n<meta property=\"og:url\" content=\"https:\/\/exceladvisor.org\/pt\/remover-linhas-vazias\/\" \/>\n<meta property=\"og:site_name\" content=\"Excel Advisor\" \/>\n<meta property=\"article:modified_time\" content=\"2023-12-06T11:37:14+00:00\" \/>\n<meta property=\"og:image\" content=\"https:\/\/exceladvisor.org\/wp-content\/uploads\/2023\/08\/1-selectionnez-la-plage-comprenant-des-lignes-vides.png\" \/>\n<meta name=\"twitter:card\" content=\"summary_large_image\" \/>\n<meta name=\"twitter:label1\" content=\"Tempo estimado de leitura\" \/>\n\t<meta name=\"twitter:data1\" content=\"4 minutos\" \/>\n<script type=\"application\/ld+json\" class=\"yoast-schema-graph\">{\"@context\":\"https:\/\/schema.org\",\"@graph\":[{\"@type\":\"WebPage\",\"@id\":\"https:\/\/exceladvisor.org\/pt\/remover-linhas-vazias\/\",\"url\":\"https:\/\/exceladvisor.org\/pt\/remover-linhas-vazias\/\",\"name\":\"Como deletar linhas em branco no Excel? (Tutorial 2023)\",\"isPartOf\":{\"@id\":\"https:\/\/exceladvisor.org\/pt\/#website\"},\"primaryImageOfPage\":{\"@id\":\"https:\/\/exceladvisor.org\/pt\/remover-linhas-vazias\/#primaryimage\"},\"image\":{\"@id\":\"https:\/\/exceladvisor.org\/pt\/remover-linhas-vazias\/#primaryimage\"},\"thumbnailUrl\":\"https:\/\/exceladvisor.org\/wp-content\/uploads\/2023\/08\/1-selectionnez-la-plage-comprenant-des-lignes-vides.png\",\"datePublished\":\"2023-11-14T14:51:46+00:00\",\"dateModified\":\"2023-12-06T11:37:14+00:00\",\"description\":\"Neste tutorial, voc\u00ea aprender\u00e1 como remover linhas em branco usando m\u00e9todos f\u00e1ceis de seguir e usar.\",\"breadcrumb\":{\"@id\":\"https:\/\/exceladvisor.org\/pt\/remover-linhas-vazias\/#breadcrumb\"},\"inLanguage\":\"pt-PT\",\"potentialAction\":[{\"@type\":\"ReadAction\",\"target\":[\"https:\/\/exceladvisor.org\/pt\/remover-linhas-vazias\/\"]}]},{\"@type\":\"ImageObject\",\"inLanguage\":\"pt-PT\",\"@id\":\"https:\/\/exceladvisor.org\/pt\/remover-linhas-vazias\/#primaryimage\",\"url\":\"https:\/\/exceladvisor.org\/wp-content\/uploads\/2023\/08\/1-selectionnez-la-plage-comprenant-des-lignes-vides.png\",\"contentUrl\":\"https:\/\/exceladvisor.org\/wp-content\/uploads\/2023\/08\/1-selectionnez-la-plage-comprenant-des-lignes-vides.png\"},{\"@type\":\"BreadcrumbList\",\"@id\":\"https:\/\/exceladvisor.org\/pt\/remover-linhas-vazias\/#breadcrumb\",\"itemListElement\":[{\"@type\":\"ListItem\",\"position\":1,\"name\":\"Lar\",\"item\":\"https:\/\/exceladvisor.org\/pt\/\"},{\"@type\":\"ListItem\",\"position\":2,\"name\":\"Como deletar linhas em branco no excel?\"}]},{\"@type\":\"WebSite\",\"@id\":\"https:\/\/exceladvisor.org\/pt\/#website\",\"url\":\"https:\/\/exceladvisor.org\/pt\/\",\"name\":\"Excel Advisor\",\"description\":\"O seu guia definitivo para dominar os dados!\",\"publisher\":{\"@id\":\"https:\/\/exceladvisor.org\/pt\/#organization\"},\"potentialAction\":[{\"@type\":\"SearchAction\",\"target\":{\"@type\":\"EntryPoint\",\"urlTemplate\":\"https:\/\/exceladvisor.org\/pt\/?s={search_term_string}\"},\"query-input\":{\"@type\":\"PropertyValueSpecification\",\"valueRequired\":true,\"valueName\":\"search_term_string\"}}],\"inLanguage\":\"pt-PT\"},{\"@type\":\"Organization\",\"@id\":\"https:\/\/exceladvisor.org\/pt\/#organization\",\"name\":\"Excel Advisor\",\"url\":\"https:\/\/exceladvisor.org\/pt\/\",\"logo\":{\"@type\":\"ImageObject\",\"inLanguage\":\"pt-PT\",\"@id\":\"https:\/\/exceladvisor.org\/pt\/#\/schema\/logo\/image\/\",\"url\":\"https:\/\/exceladvisor.org\/pt\/wp-content\/uploads\/2023\/12\/exceladvisor.org_.png\",\"contentUrl\":\"https:\/\/exceladvisor.org\/pt\/wp-content\/uploads\/2023\/12\/exceladvisor.org_.png\",\"width\":105,\"height\":36,\"caption\":\"Excel Advisor\"},\"image\":{\"@id\":\"https:\/\/exceladvisor.org\/pt\/#\/schema\/logo\/image\/\"}}]}<\/script>\n<!-- \/ Yoast SEO plugin. -->","yoast_head_json":{"title":"Como deletar linhas em branco no Excel? (Tutorial 2023)","description":"Neste tutorial, voc\u00ea aprender\u00e1 como remover linhas em branco usando m\u00e9todos f\u00e1ceis de seguir e usar.","robots":{"index":"index","follow":"follow","max-snippet":"max-snippet:-1","max-image-preview":"max-image-preview:large","max-video-preview":"max-video-preview:-1"},"canonical":"https:\/\/exceladvisor.org\/pt\/remover-linhas-vazias\/","og_locale":"pt_PT","og_type":"article","og_title":"Como deletar linhas em branco no Excel? (Tutorial 2023)","og_description":"Neste tutorial, voc\u00ea aprender\u00e1 como remover linhas em branco usando m\u00e9todos f\u00e1ceis de seguir e usar.","og_url":"https:\/\/exceladvisor.org\/pt\/remover-linhas-vazias\/","og_site_name":"Excel Advisor","article_modified_time":"2023-12-06T11:37:14+00:00","og_image":[{"url":"https:\/\/exceladvisor.org\/wp-content\/uploads\/2023\/08\/1-selectionnez-la-plage-comprenant-des-lignes-vides.png","type":"","width":"","height":""}],"twitter_card":"summary_large_image","twitter_misc":{"Tempo estimado de leitura":"4 minutos"},"schema":{"@context":"https:\/\/schema.org","@graph":[{"@type":"WebPage","@id":"https:\/\/exceladvisor.org\/pt\/remover-linhas-vazias\/","url":"https:\/\/exceladvisor.org\/pt\/remover-linhas-vazias\/","name":"Como deletar linhas em branco no Excel? (Tutorial 2023)","isPartOf":{"@id":"https:\/\/exceladvisor.org\/pt\/#website"},"primaryImageOfPage":{"@id":"https:\/\/exceladvisor.org\/pt\/remover-linhas-vazias\/#primaryimage"},"image":{"@id":"https:\/\/exceladvisor.org\/pt\/remover-linhas-vazias\/#primaryimage"},"thumbnailUrl":"https:\/\/exceladvisor.org\/wp-content\/uploads\/2023\/08\/1-selectionnez-la-plage-comprenant-des-lignes-vides.png","datePublished":"2023-11-14T14:51:46+00:00","dateModified":"2023-12-06T11:37:14+00:00","description":"Neste tutorial, voc\u00ea aprender\u00e1 como remover linhas em branco usando m\u00e9todos f\u00e1ceis de seguir e usar.","breadcrumb":{"@id":"https:\/\/exceladvisor.org\/pt\/remover-linhas-vazias\/#breadcrumb"},"inLanguage":"pt-PT","potentialAction":[{"@type":"ReadAction","target":["https:\/\/exceladvisor.org\/pt\/remover-linhas-vazias\/"]}]},{"@type":"ImageObject","inLanguage":"pt-PT","@id":"https:\/\/exceladvisor.org\/pt\/remover-linhas-vazias\/#primaryimage","url":"https:\/\/exceladvisor.org\/wp-content\/uploads\/2023\/08\/1-selectionnez-la-plage-comprenant-des-lignes-vides.png","contentUrl":"https:\/\/exceladvisor.org\/wp-content\/uploads\/2023\/08\/1-selectionnez-la-plage-comprenant-des-lignes-vides.png"},{"@type":"BreadcrumbList","@id":"https:\/\/exceladvisor.org\/pt\/remover-linhas-vazias\/#breadcrumb","itemListElement":[{"@type":"ListItem","position":1,"name":"Lar","item":"https:\/\/exceladvisor.org\/pt\/"},{"@type":"ListItem","position":2,"name":"Como deletar linhas em branco no excel?"}]},{"@type":"WebSite","@id":"https:\/\/exceladvisor.org\/pt\/#website","url":"https:\/\/exceladvisor.org\/pt\/","name":"Excel Advisor","description":"O seu guia definitivo para dominar os dados!","publisher":{"@id":"https:\/\/exceladvisor.org\/pt\/#organization"},"potentialAction":[{"@type":"SearchAction","target":{"@type":"EntryPoint","urlTemplate":"https:\/\/exceladvisor.org\/pt\/?s={search_term_string}"},"query-input":{"@type":"PropertyValueSpecification","valueRequired":true,"valueName":"search_term_string"}}],"inLanguage":"pt-PT"},{"@type":"Organization","@id":"https:\/\/exceladvisor.org\/pt\/#organization","name":"Excel Advisor","url":"https:\/\/exceladvisor.org\/pt\/","logo":{"@type":"ImageObject","inLanguage":"pt-PT","@id":"https:\/\/exceladvisor.org\/pt\/#\/schema\/logo\/image\/","url":"https:\/\/exceladvisor.org\/pt\/wp-content\/uploads\/2023\/12\/exceladvisor.org_.png","contentUrl":"https:\/\/exceladvisor.org\/pt\/wp-content\/uploads\/2023\/12\/exceladvisor.org_.png","width":105,"height":36,"caption":"Excel Advisor"},"image":{"@id":"https:\/\/exceladvisor.org\/pt\/#\/schema\/logo\/image\/"}}]}},"yoast_meta":{"yoast_wpseo_title":"","yoast_wpseo_metadesc":"","yoast_wpseo_canonical":""},"_links":{"self":[{"href":"https:\/\/exceladvisor.org\/pt\/wp-json\/wp\/v2\/pages\/166","targetHints":{"allow":["GET"]}}],"collection":[{"href":"https:\/\/exceladvisor.org\/pt\/wp-json\/wp\/v2\/pages"}],"about":[{"href":"https:\/\/exceladvisor.org\/pt\/wp-json\/wp\/v2\/types\/page"}],"author":[{"embeddable":true,"href":"https:\/\/exceladvisor.org\/pt\/wp-json\/wp\/v2\/users\/1"}],"replies":[{"embeddable":true,"href":"https:\/\/exceladvisor.org\/pt\/wp-json\/wp\/v2\/comments?post=166"}],"version-history":[{"count":1,"href":"https:\/\/exceladvisor.org\/pt\/wp-json\/wp\/v2\/pages\/166\/revisions"}],"predecessor-version":[{"id":1022,"href":"https:\/\/exceladvisor.org\/pt\/wp-json\/wp\/v2\/pages\/166\/revisions\/1022"}],"wp:attachment":[{"href":"https:\/\/exceladvisor.org\/pt\/wp-json\/wp\/v2\/media?parent=166"}],"curies":[{"name":"wp","href":"https:\/\/api.w.org\/{rel}","templated":true}]}}