{"id":167,"date":"2023-11-14T14:34:20","date_gmt":"2023-11-14T14:34:20","guid":{"rendered":"https:\/\/exceladvisor.org\/pt\/curingas-com-vlookup\/"},"modified":"2023-12-06T11:44:05","modified_gmt":"2023-12-06T11:44:05","slug":"curingas-com-vlookup","status":"publish","type":"page","link":"https:\/\/exceladvisor.org\/pt\/curingas-com-vlookup\/","title":{"rendered":"Como usar curingas com vlookup?"},"content":{"rendered":"<div class=\"excel-before-content-2\" id=\"excel-1668611782\"><script type=\"text\/javascript\">\r\n\tatOptions = {\r\n\t\t'key' : 'c1158f160081d6540a8409e6925dab94',\r\n\t\t'format' : 'iframe',\r\n\t\t'height' : 250,\r\n\t\t'width' : 300,\r\n\t\t'params' : {}\r\n\t};\r\n<\/script>\r\n<script type=\"text\/javascript\" src=\"\/\/www.highperformanceformat.com\/c1158f160081d6540a8409e6925dab94\/invoke.js\"><\/script><\/div><div class=\"excel-before-content\" id=\"excel-1971799466\"><script type=\"text\/javascript\">\r\n\tatOptions = {\r\n\t\t'key' : 'c1158f160081d6540a8409e6925dab94',\r\n\t\t'format' : 'iframe',\r\n\t\t'height' : 250,\r\n\t\t'width' : 300,\r\n\t\t'params' : {}\r\n\t};\r\n<\/script>\r\n<script type=\"text\/javascript\" src=\"\/\/www.highperformanceformat.com\/c1158f160081d6540a8409e6925dab94\/invoke.js\"><\/script><\/div> <p>Tenho certeza que voc\u00ea deseja tornar o VLOOKUP mais poderoso. Bem, usar curingas com VLOOKUP pode fazer isso por voc\u00ea. Pode ajud\u00e1-lo a pesquisar um valor usando uma correspond\u00eancia parcial.<\/p><p> <strong>AGORA:<\/strong><\/p><p> Digamos que voc\u00ea tenha dados como a tabela abaixo, onde voc\u00ea tem os nomes completos dos alunos em uma coluna e suas notas em outra coluna. <\/p><div class=\"wp-block-image\"><figure class=\"aligncenter\"><img decoding=\"async\" src=\"https:\/\/exceladvisor.org\/wp-content\/uploads\/2023\/08\/table-de-donnees-utiliser-des-caracteres-generiques-avec-vlookup-min-1.png\" sizes=\"\" srcset=\"\" alt=\"tabela de dados usa curingas com vlookup\"><\/figure><\/div><p> E a partir desses dados voc\u00ea deseja pesquisar as notas de um determinado aluno, mas apenas com o primeiro nome. Um VLOOKUP normal n\u00e3o permite pesquisar um valor como este.<\/p><p> Mas, quando voc\u00ea combina um asterisco que \u00e9 um curinga, voc\u00ea pode obter as notas de um aluno usando apenas uma correspond\u00eancia parcial. Ent\u00e3o, hoje neste artigo, gostaria de compartilhar com voc\u00eas como usar curingas com VLOOKUP.<\/p><p> E para isso listei <strong><span style=\"color: #000000;\">5 exemplos concretos<\/span><\/strong> que podem te ajudar a entender essa combina\u00e7\u00e3o.<\/p><h2 id=\"types-of-wildcards\" class=\"wp-block-heading\"> Tipos de curinga<\/h2><p> Agora a quest\u00e3o \u00e9: voc\u00ea tem um total de 3 curingas que pode usar no Excel.<\/p><ul><li> <strong><span style=\"color: #000000;\">Asterisco (*):<\/span><\/strong> Encontra qualquer n\u00famero de caracteres ap\u00f3s o texto. Por exemplo, voc\u00ea pode usar \u201cEx*\u201d para corresponder ao texto \u201cExcel\u201d de uma lista.<\/li><li> <strong><span style=\"color: #000000;\">Ponto de interroga\u00e7\u00e3o (?):<\/span><\/strong> Use um ponto de interroga\u00e7\u00e3o para substitu\u00ed-lo por um caractere. Por exemplo, voc\u00ea pode usar o P?inter para pesquisar o texto \u201cPintor\u201d ou \u201cImpressora\u201d.<\/li><li> Til (~): Isso pode anular o impacto dos dois caracteres acima. Por exemplo, se quiser procurar um valor &#8220;PD*&#8221;, voc\u00ea pode usar &#8220;PD~*&#8221;.<\/li><\/ul><p> <a href=\"https:\/\/exceladvisor.org\/wp-content\/uploads\/2023\/11\/caracteres-generiques.xlsx\" data-wpil=\"url\">Saiba mais sobre curingas neste guia definitivo<\/a> .<\/p><p> Listei aqui 5 exemplos diferentes para ajud\u00e1-lo a entender como funciona essa combina\u00e7\u00e3o de curinga e VLOOKUP. Voc\u00ea pode <a href=\"https:\/\/exceladvisor.org\/wp-content\/uploads\/2023\/08\/caracteres-generiques-avec-des-donnees-vlookup.xlsx\" rel=\"nofollow\">baixar este arquivo de amostra aqui<\/a> para acompanhar.<\/p><h2 id=\"vlookup-with-a-first-name-and-an-asterisk\" class=\"wp-block-heading\"> PROCV com nome e asterisco<\/h2><p> Vamos continuar com o exemplo que mostrei acima. Aqui voc\u00ea tem uma lista de nomes (nome + sobrenome) e precisa pesquisar as notas dos alunos usando apenas o nome. <\/p><div class=\"wp-block-image\"><figure class=\"aligncenter\"><img decoding=\"async\" src=\"https:\/\/exceladvisor.org\/wp-content\/uploads\/2023\/08\/table-de-donnees-utiliser-des-caracteres-generiques-avec-vlookup-min-1.png\" sizes=\"\" srcset=\"\" alt=\"tabela de dados usa curingas com vlookup\"><\/figure><\/div><p> Quando voc\u00ea usa um VLOOKUP normal, ele retornar\u00e1 um erro #N\/A, o que significa que o valor n\u00e3o est\u00e1 na lista, o que \u00e9 totalmente correto. <\/p><div class=\"wp-block-image\"><figure class=\"aligncenter\"><img decoding=\"async\" src=\"https:\/\/exceladvisor.org\/wp-content\/uploads\/2023\/08\/utiliser-des-caracteres-generiques-avec-vlookup-pour-rechercher-le-prenom-min-1.png\" sizes=\"\" srcset=\"\" alt=\"use curingas com vlookup para pesquisar o primeiro nome\"><\/figure><\/div><p> Mas, ao combinar o valor de pesquisa com um asterisco, voc\u00ea obt\u00e9m as notas dos alunos sem erros. <\/p><div class=\"wp-block-image\"><figure class=\"aligncenter\"><img decoding=\"async\" src=\"https:\/\/exceladvisor.org\/wp-content\/uploads\/2023\/08\/utiliser-des-caracteres-generiques-avec-vlookup-pour-rechercher-le-prenom-avec-un-asterisque-min-1.png\" sizes=\"\" srcset=\"\" alt=\"use curingas com vlookup para pesquisar o primeiro nome com um asterisco\"><\/figure><\/div><h3 id=\"this-is-how-this-formula-works-2\" class=\"wp-block-heading\"> \u00c9 assim que esta f\u00f3rmula funciona<\/h3><p> Na f\u00f3rmula acima voc\u00ea usou um asterisco ap\u00f3s o primeiro nome, o que ajuda VLOOKUP a procurar um valor come\u00e7ando com o primeiro nome que voc\u00ea mencionou e o restante do valor pode ser qualquer coisa.<\/p><h2 id=\"combine-vlookup-and-an-asterisk-to-avoid-trailing-spaces\" class=\"wp-block-heading\"> Combine VLOOKUP e um asterisco para evitar espa\u00e7os \u00e0 direita<\/h2><p> Agora, nesses dados voc\u00ea s\u00f3 tem os primeiros nomes, mas novamente n\u00e3o consegue obter as classifica\u00e7\u00f5es. E a raz\u00e3o \u00e9 que depois de retirar os sobrenomes, o espa\u00e7o do meio fica l\u00e1. <\/p><div class=\"wp-block-image\"><figure class=\"aligncenter\"><img decoding=\"async\" src=\"https:\/\/exceladvisor.org\/wp-content\/uploads\/2023\/08\/donnees-de-prenom-a-utiliser-avec-des-caracteres-generiques-avec-vlookup-1.png\" sizes=\"\" srcset=\"\" alt=\"dados do primeiro nome para usar com curingas com vlookup\"><\/figure><\/div><p> E agora, quando voc\u00ea tenta pesquisar marcas pelo primeiro nome, voc\u00ea recebe o erro #N\/A novamente. <\/p><div class=\"wp-block-image\"><figure class=\"aligncenter\"><img decoding=\"async\" src=\"https:\/\/exceladvisor.org\/wp-content\/uploads\/2023\/08\/utiliser-des-caracteres-generiques-avec-vlookup-pour-rechercher-le-prenom-avec-un-espace-minimum-1.png\" sizes=\"\" srcset=\"\" alt=\"use curingas com vlookup para pesquisar o primeiro nome com espa\u00e7o\"><\/figure><\/div><p> Mas sim, voc\u00ea pode <a href=\"https:\/\/exceladvisor.org\/pt\/remover-espacos-extras\/\">remover todos esses espa\u00e7os indesejados<\/a> , mas aqui nossa motiva\u00e7\u00e3o \u00e9 usar curingas com VLOOKUP para resolver esse problema. <\/p><div class=\"wp-block-image\"><figure class=\"aligncenter\"><img decoding=\"async\" src=\"https:\/\/exceladvisor.org\/wp-content\/uploads\/2023\/08\/utiliser-des-caracteres-generiques-avec-vlookup-pour-rechercher-le-prenom-avec-un-espace-en-utilisant-un-asterisque-min-1.png\" sizes=\"\" srcset=\"\" alt=\"use curingas com vlookup para pesquisar o primeiro nome com espa\u00e7o usando asterisco min\"><\/figure><\/div><p> Aqui tamb\u00e9m voc\u00ea deve usar a mesma f\u00f3rmula usada acima. Ele ir\u00e1 ignorar espa\u00e7os ao combinar um valor e retornar marcas com o primeiro nome do aluno.<\/p><h2 id=\"partial-invoice-look-up\" class=\"wp-block-heading\"> Pesquisa parcial de fatura<\/h2><p> Nos dois exemplos acima, voc\u00ea usou um asterisco para fazer uma correspond\u00eancia parcial para VLOOKUP. Mas aqui neste exemplo temos dados de faturamento com valor de vendas.<\/p><p> <strong><em>Aqui est\u00e1 uma reviravolta:<\/em><\/strong><\/p><p> Cada n\u00famero de fatura tem um prefixo \u201cINV\u201d no in\u00edcio. Infelizmente, com o n\u00famero da fatura que voc\u00ea est\u00e1 usando para consultar o valor, voc\u00ea n\u00e3o tem esse texto. <\/p><div class=\"wp-block-image\"><figure class=\"aligncenter\"><img decoding=\"async\" src=\"https:\/\/exceladvisor.org\/wp-content\/uploads\/2023\/08\/donnees-de-facturation-pour-utiliser-des-caracteres-generiques-avec-vlookup-1.png\" sizes=\"\" srcset=\"\" alt=\"dados de faturamento para usar curingas com vlookup\"><\/figure><\/div><p> E com o VLOOKUP normal n\u00e3o \u00e9 poss\u00edvel obter o valor das vendas. <\/p><div class=\"wp-block-image\"><figure class=\"aligncenter\"><img decoding=\"async\" src=\"https:\/\/exceladvisor.org\/wp-content\/uploads\/2023\/08\/une-correspondance-partielle-de-recherche-de-facture-normale-min-1.png\" sizes=\"\" srcset=\"\" alt=\"uma correspond\u00eancia parcial de pesquisa de fatura normal m\u00ednima\"><\/figure><\/div><p> E usando um curinga, a f\u00f3rmula ficar\u00e1 assim: <\/p><div class=\"wp-block-image\"><figure class=\"aligncenter\"><img decoding=\"async\" src=\"https:\/\/exceladvisor.org\/wp-content\/uploads\/2023\/08\/recherche-de-facture-partielle-avec-caracteres-generiques-min-1.png\" sizes=\"\" srcset=\"\" alt=\"pesquisa parcial de fatura com curingas m\u00ednimo\"><\/figure><\/div><h3 id=\"how-this-formula-works\" class=\"wp-block-heading\"> Como funciona essa f\u00f3rmula?<\/h3><p> Na f\u00f3rmula acima, voc\u00ea combinou tr\u00eas pontos de interroga\u00e7\u00e3o com o n\u00famero da fatura como prefixo. Como mencionei acima, um ponto de interroga\u00e7\u00e3o representar\u00e1 caracteres.<\/p><p> Aqui, esses 3 pontos de interroga\u00e7\u00e3o representam esses 3 caracteres que voc\u00ea tem no in\u00edcio dos n\u00fameros das faturas.<\/p><p> E isso permite pesquisar o valor da venda para utiliza\u00e7\u00e3o com correspond\u00eancia parcial.<\/p><h2 id=\"use-a-question-mark-with-vlookup-to-match-a-product-id\" class=\"wp-block-heading\"> Use um ponto de interroga\u00e7\u00e3o com VLOOKUP para corresponder ao ID de um produto<\/h2><p> Vamos come\u00e7ar de novo, neste exemplo onde voc\u00ea tem IDs de produtos que s\u00e3o uma combina\u00e7\u00e3o de 4 d\u00edgitos, 3 de texto e 3 d\u00edgitos. Agora voc\u00ea precisa pesquisar a quantidade de um determinado produto. <\/p><div class=\"wp-block-image\"><figure class=\"aligncenter\"><img decoding=\"async\" src=\"https:\/\/exceladvisor.org\/wp-content\/uploads\/2023\/08\/donnees-didentification-de-produit-pour-utiliser-des-caracteres-generiques-avec-vlookup-1.png\" sizes=\"\" srcset=\"\" alt=\"dados de identifica\u00e7\u00e3o do produto para usar curingas com vlookup\"><\/figure><\/div><p> <strong>\u00c9 louco:<\/strong><\/p><p> Nestes dados voc\u00ea sabe apenas o n\u00famero inicial do id do produto e o \u00faltimo n\u00famero \u00e9 o mesmo em todos os ids. Mas o problema \u00e9 o texto da parte intermedi\u00e1ria que voc\u00ea n\u00e3o possui. <\/p><div class=\"wp-block-image\"><figure class=\"aligncenter\"><img decoding=\"async\" src=\"https:\/\/exceladvisor.org\/wp-content\/uploads\/2023\/08\/recherche-simple-dID-de-produit-avec-des-caracteres-generiques-min-1.png\" sizes=\"\" srcset=\"\" alt=\"pesquisa simples de ID de produto com curingas m\u00ednimos\"><\/figure><\/div><p> Para resolver esse problema, voc\u00ea deve combinar novamente os curingas do ponto de interroga\u00e7\u00e3o com um VLOOKUP. E a f\u00f3rmula ficar\u00e1 assim: <\/p><div class=\"wp-block-image\"><figure class=\"aligncenter\"><img decoding=\"async\" src=\"https:\/\/exceladvisor.org\/wp-content\/uploads\/2023\/08\/recherche-dID-de-produit-avec-point-dinterrogation-generique-min-1.png\" sizes=\"\" srcset=\"\" alt=\"pesquisa de ID de produto com ponto de interroga\u00e7\u00e3o gen\u00e9rico m\u00ednimo\"><\/figure><\/div><h3 id=\"how-this-formula-works-1\" class=\"wp-block-heading\"> Como funciona essa f\u00f3rmula?<\/h3><p> Na f\u00f3rmula acima, esses dois pontos de interroga\u00e7\u00e3o representam o texto que temos na lista original de IDs do produto.<\/p><h2 id=\"nullifying-the-effect-of-wildcard-characters-in-vlookup\" class=\"wp-block-heading\"> Cancelando o efeito de curingas em VLOOKUP<\/h2><p> Haver\u00e1 uma situa\u00e7\u00e3o em que voc\u00ea precisar\u00e1 remover o efeito dos curingas. Vejamos os dados abaixo onde temos valores na coluna com asterisco. E aqui esses asteriscos n\u00e3o s\u00e3o usados como curinga, mas fazem parte dos valores reais. <\/p><div class=\"wp-block-image\"><figure class=\"aligncenter\"><img decoding=\"async\" src=\"https:\/\/exceladvisor.org\/wp-content\/uploads\/2023\/08\/mauvaise-recherche-dun-asterisque-min-1.png\" sizes=\"\" srcset=\"\" alt=\"m\u00e1 pesquisa por um asterisco min\"><\/figure><\/div><p> <strong>Voc\u00ea pode estar se perguntando:<\/strong><\/p><p> Mas quando voc\u00ea tenta procurar um valor que inclua um asterisco, o Excel o tratar\u00e1 como um curinga em vez de um valor normal.<\/p><p> Ent\u00e3o aqui voc\u00ea precisa desfazer o efeito deste curinga. Para fazer isso, voc\u00ea deve usar um til. E voc\u00ea deve usar uma f\u00f3rmula como esta: <\/p><div class=\"wp-block-image\"><figure class=\"aligncenter\"><img decoding=\"async\" src=\"https:\/\/exceladvisor.org\/wp-content\/uploads\/2023\/08\/annuler-leffet-du-joker-min-1.png\" sizes=\"\" srcset=\"\" alt=\"cancelar efeito curinga min\"><\/figure><\/div><p> Quando voc\u00ea usa um til antes de um asterisco e um ponto de interroga\u00e7\u00e3o, seu efeito ser\u00e1 cancelado e o Excel o tratar\u00e1 como um caractere de texto normal. <\/p><div class=\"gb-container gb-container-52dfcee1 gb-container-sample-file\"><h2 class=\"gb-headline gb-headline-e289c143 gb-headline-text gb-headline-4f7959c2\"> Obtenha o arquivo Excel<\/h2> <a class=\"gb-button gb-button-e88d6bee gb-button-text gb-button-button1\" href=\"https:\/\/exceladvisor.org\/wp-content\/uploads\/2023\/08\/caracteres-generiques-avec-vlookup-2.xlsx\" rel=\"nofollow\">Download<\/a><\/div><div class=\"gb-container gb-container-0df56012 gb-container-mt\"> <a class=\"gb-button gb-button-f9f432f4 gb-button-text gb-button-mt-button\" href=\"https:\/\/exceladvisor.org\/pt\/formulas\/\">Lista de f\u00f3rmulas do Excel<\/a><h2 class=\"gb-headline gb-headline-233444e8 gb-headline-text gb-headline-mt-heading\"> F\u00f3rmulas relacionadas <\/h2><div class=\"gb-grid-wrapper gb-grid-wrapper-a16fa65c gb-grid-wrapper-mt-grid\"><div class=\"gb-grid-column gb-grid-column-50d07e0d\"><div class=\"gb-container gb-container-50d07e0d\"><ul><li> <a href=\"https:\/\/exceladvisor.org\/pt\/iferror-vlookup\/\">IFERROR com VLOOKUP no Excel para substituir #N\/A no Excel<\/a><\/li><li> <a href=\"https:\/\/exceladvisor.org\/pt\/pesquisa-bidirecional\/\">Execute uma pesquisa bidirecional no Excel<\/a><\/li><li> <a href=\"https:\/\/exceladvisor.org\/pt\/pesquisa-reversa\/\">PROCV invertido (para tr\u00e1s: da direita para a esquerda) no Excel<\/a><\/li><li> <a href=\"https:\/\/exceladvisor.org\/pt\/correspondencia-vsearch\/\">Combinando VLOOKUP MATCH no Excel<\/a><\/li><li> <a href=\"https:\/\/exceladvisor.org\/pt\/vlookup-varios-criterios\/\">VLOOKUP com v\u00e1rios crit\u00e9rios no Excel<\/a> <\/li><\/ul><\/div><\/div><div class=\"gb-grid-column gb-grid-column-5b4a0cf9\"><div class=\"gb-container gb-container-5b4a0cf9\"><\/div><\/div><\/div><\/div>","protected":false},"excerpt":{"rendered":"","protected":false},"author":1,"featured_media":0,"parent":0,"menu_order":0,"comment_status":"open","ping_status":"closed","template":"","meta":{"ub_ctt_via":"","footnotes":""},"class_list":["post-167","page","type-page","status-publish","hentry"],"featured_image_src":null,"yoast_head":"<!-- This site is optimized with the Yoast SEO plugin v25.4 - https:\/\/yoast.com\/wordpress\/plugins\/seo\/ -->\n<title>Como usar curingas com VLOOKUP?<\/title>\n<meta name=\"description\" content=\"Ao usar curingas com VLOOKUP, voc\u00ea pode vencer todas as situa\u00e7\u00f5es em que \u00e9 dif\u00edcil usar VLOOKUP. Isso ajudar\u00e1 voc\u00ea a encontrar um valor...\" \/>\n<meta name=\"robots\" content=\"index, follow, max-snippet:-1, max-image-preview:large, max-video-preview:-1\" \/>\n<link rel=\"canonical\" href=\"https:\/\/exceladvisor.org\/pt\/curingas-com-vlookup\/\" \/>\n<meta property=\"og:locale\" content=\"pt_PT\" \/>\n<meta property=\"og:type\" content=\"article\" \/>\n<meta property=\"og:title\" content=\"Como usar curingas com VLOOKUP?\" \/>\n<meta property=\"og:description\" content=\"Ao usar curingas com VLOOKUP, voc\u00ea pode vencer todas as situa\u00e7\u00f5es em que \u00e9 dif\u00edcil usar VLOOKUP. Isso ajudar\u00e1 voc\u00ea a encontrar um valor...\" \/>\n<meta property=\"og:url\" content=\"https:\/\/exceladvisor.org\/pt\/curingas-com-vlookup\/\" \/>\n<meta property=\"og:site_name\" content=\"Excel Advisor\" \/>\n<meta property=\"article:modified_time\" content=\"2023-12-06T11:44:05+00:00\" \/>\n<meta property=\"og:image\" content=\"https:\/\/exceladvisor.org\/wp-content\/uploads\/2023\/08\/table-de-donnees-utiliser-des-caracteres-generiques-avec-vlookup-min-1.png\" \/>\n<meta name=\"twitter:card\" content=\"summary_large_image\" \/>\n<meta name=\"twitter:label1\" content=\"Tempo estimado de leitura\" \/>\n\t<meta name=\"twitter:data1\" content=\"5 minutos\" \/>\n<script type=\"application\/ld+json\" class=\"yoast-schema-graph\">{\"@context\":\"https:\/\/schema.org\",\"@graph\":[{\"@type\":\"WebPage\",\"@id\":\"https:\/\/exceladvisor.org\/pt\/curingas-com-vlookup\/\",\"url\":\"https:\/\/exceladvisor.org\/pt\/curingas-com-vlookup\/\",\"name\":\"Como usar curingas com VLOOKUP?\",\"isPartOf\":{\"@id\":\"https:\/\/exceladvisor.org\/pt\/#website\"},\"primaryImageOfPage\":{\"@id\":\"https:\/\/exceladvisor.org\/pt\/curingas-com-vlookup\/#primaryimage\"},\"image\":{\"@id\":\"https:\/\/exceladvisor.org\/pt\/curingas-com-vlookup\/#primaryimage\"},\"thumbnailUrl\":\"https:\/\/exceladvisor.org\/wp-content\/uploads\/2023\/08\/table-de-donnees-utiliser-des-caracteres-generiques-avec-vlookup-min-1.png\",\"datePublished\":\"2023-11-14T14:34:20+00:00\",\"dateModified\":\"2023-12-06T11:44:05+00:00\",\"description\":\"Ao usar curingas com VLOOKUP, voc\u00ea pode vencer todas as situa\u00e7\u00f5es em que \u00e9 dif\u00edcil usar VLOOKUP. Isso ajudar\u00e1 voc\u00ea a encontrar um valor...\",\"breadcrumb\":{\"@id\":\"https:\/\/exceladvisor.org\/pt\/curingas-com-vlookup\/#breadcrumb\"},\"inLanguage\":\"pt-PT\",\"potentialAction\":[{\"@type\":\"ReadAction\",\"target\":[\"https:\/\/exceladvisor.org\/pt\/curingas-com-vlookup\/\"]}]},{\"@type\":\"ImageObject\",\"inLanguage\":\"pt-PT\",\"@id\":\"https:\/\/exceladvisor.org\/pt\/curingas-com-vlookup\/#primaryimage\",\"url\":\"https:\/\/exceladvisor.org\/wp-content\/uploads\/2023\/08\/table-de-donnees-utiliser-des-caracteres-generiques-avec-vlookup-min-1.png\",\"contentUrl\":\"https:\/\/exceladvisor.org\/wp-content\/uploads\/2023\/08\/table-de-donnees-utiliser-des-caracteres-generiques-avec-vlookup-min-1.png\"},{\"@type\":\"BreadcrumbList\",\"@id\":\"https:\/\/exceladvisor.org\/pt\/curingas-com-vlookup\/#breadcrumb\",\"itemListElement\":[{\"@type\":\"ListItem\",\"position\":1,\"name\":\"Lar\",\"item\":\"https:\/\/exceladvisor.org\/pt\/\"},{\"@type\":\"ListItem\",\"position\":2,\"name\":\"Como usar curingas com vlookup?\"}]},{\"@type\":\"WebSite\",\"@id\":\"https:\/\/exceladvisor.org\/pt\/#website\",\"url\":\"https:\/\/exceladvisor.org\/pt\/\",\"name\":\"Excel Advisor\",\"description\":\"O seu guia definitivo para dominar os dados!\",\"publisher\":{\"@id\":\"https:\/\/exceladvisor.org\/pt\/#organization\"},\"potentialAction\":[{\"@type\":\"SearchAction\",\"target\":{\"@type\":\"EntryPoint\",\"urlTemplate\":\"https:\/\/exceladvisor.org\/pt\/?s={search_term_string}\"},\"query-input\":{\"@type\":\"PropertyValueSpecification\",\"valueRequired\":true,\"valueName\":\"search_term_string\"}}],\"inLanguage\":\"pt-PT\"},{\"@type\":\"Organization\",\"@id\":\"https:\/\/exceladvisor.org\/pt\/#organization\",\"name\":\"Excel Advisor\",\"url\":\"https:\/\/exceladvisor.org\/pt\/\",\"logo\":{\"@type\":\"ImageObject\",\"inLanguage\":\"pt-PT\",\"@id\":\"https:\/\/exceladvisor.org\/pt\/#\/schema\/logo\/image\/\",\"url\":\"https:\/\/exceladvisor.org\/pt\/wp-content\/uploads\/2023\/12\/exceladvisor.org_.png\",\"contentUrl\":\"https:\/\/exceladvisor.org\/pt\/wp-content\/uploads\/2023\/12\/exceladvisor.org_.png\",\"width\":105,\"height\":36,\"caption\":\"Excel Advisor\"},\"image\":{\"@id\":\"https:\/\/exceladvisor.org\/pt\/#\/schema\/logo\/image\/\"}}]}<\/script>\n<!-- \/ Yoast SEO plugin. -->","yoast_head_json":{"title":"Como usar curingas com VLOOKUP?","description":"Ao usar curingas com VLOOKUP, voc\u00ea pode vencer todas as situa\u00e7\u00f5es em que \u00e9 dif\u00edcil usar VLOOKUP. Isso ajudar\u00e1 voc\u00ea a encontrar um valor...","robots":{"index":"index","follow":"follow","max-snippet":"max-snippet:-1","max-image-preview":"max-image-preview:large","max-video-preview":"max-video-preview:-1"},"canonical":"https:\/\/exceladvisor.org\/pt\/curingas-com-vlookup\/","og_locale":"pt_PT","og_type":"article","og_title":"Como usar curingas com VLOOKUP?","og_description":"Ao usar curingas com VLOOKUP, voc\u00ea pode vencer todas as situa\u00e7\u00f5es em que \u00e9 dif\u00edcil usar VLOOKUP. Isso ajudar\u00e1 voc\u00ea a encontrar um valor...","og_url":"https:\/\/exceladvisor.org\/pt\/curingas-com-vlookup\/","og_site_name":"Excel Advisor","article_modified_time":"2023-12-06T11:44:05+00:00","og_image":[{"url":"https:\/\/exceladvisor.org\/wp-content\/uploads\/2023\/08\/table-de-donnees-utiliser-des-caracteres-generiques-avec-vlookup-min-1.png","type":"","width":"","height":""}],"twitter_card":"summary_large_image","twitter_misc":{"Tempo estimado de leitura":"5 minutos"},"schema":{"@context":"https:\/\/schema.org","@graph":[{"@type":"WebPage","@id":"https:\/\/exceladvisor.org\/pt\/curingas-com-vlookup\/","url":"https:\/\/exceladvisor.org\/pt\/curingas-com-vlookup\/","name":"Como usar curingas com VLOOKUP?","isPartOf":{"@id":"https:\/\/exceladvisor.org\/pt\/#website"},"primaryImageOfPage":{"@id":"https:\/\/exceladvisor.org\/pt\/curingas-com-vlookup\/#primaryimage"},"image":{"@id":"https:\/\/exceladvisor.org\/pt\/curingas-com-vlookup\/#primaryimage"},"thumbnailUrl":"https:\/\/exceladvisor.org\/wp-content\/uploads\/2023\/08\/table-de-donnees-utiliser-des-caracteres-generiques-avec-vlookup-min-1.png","datePublished":"2023-11-14T14:34:20+00:00","dateModified":"2023-12-06T11:44:05+00:00","description":"Ao usar curingas com VLOOKUP, voc\u00ea pode vencer todas as situa\u00e7\u00f5es em que \u00e9 dif\u00edcil usar VLOOKUP. Isso ajudar\u00e1 voc\u00ea a encontrar um valor...","breadcrumb":{"@id":"https:\/\/exceladvisor.org\/pt\/curingas-com-vlookup\/#breadcrumb"},"inLanguage":"pt-PT","potentialAction":[{"@type":"ReadAction","target":["https:\/\/exceladvisor.org\/pt\/curingas-com-vlookup\/"]}]},{"@type":"ImageObject","inLanguage":"pt-PT","@id":"https:\/\/exceladvisor.org\/pt\/curingas-com-vlookup\/#primaryimage","url":"https:\/\/exceladvisor.org\/wp-content\/uploads\/2023\/08\/table-de-donnees-utiliser-des-caracteres-generiques-avec-vlookup-min-1.png","contentUrl":"https:\/\/exceladvisor.org\/wp-content\/uploads\/2023\/08\/table-de-donnees-utiliser-des-caracteres-generiques-avec-vlookup-min-1.png"},{"@type":"BreadcrumbList","@id":"https:\/\/exceladvisor.org\/pt\/curingas-com-vlookup\/#breadcrumb","itemListElement":[{"@type":"ListItem","position":1,"name":"Lar","item":"https:\/\/exceladvisor.org\/pt\/"},{"@type":"ListItem","position":2,"name":"Como usar curingas com vlookup?"}]},{"@type":"WebSite","@id":"https:\/\/exceladvisor.org\/pt\/#website","url":"https:\/\/exceladvisor.org\/pt\/","name":"Excel Advisor","description":"O seu guia definitivo para dominar os dados!","publisher":{"@id":"https:\/\/exceladvisor.org\/pt\/#organization"},"potentialAction":[{"@type":"SearchAction","target":{"@type":"EntryPoint","urlTemplate":"https:\/\/exceladvisor.org\/pt\/?s={search_term_string}"},"query-input":{"@type":"PropertyValueSpecification","valueRequired":true,"valueName":"search_term_string"}}],"inLanguage":"pt-PT"},{"@type":"Organization","@id":"https:\/\/exceladvisor.org\/pt\/#organization","name":"Excel Advisor","url":"https:\/\/exceladvisor.org\/pt\/","logo":{"@type":"ImageObject","inLanguage":"pt-PT","@id":"https:\/\/exceladvisor.org\/pt\/#\/schema\/logo\/image\/","url":"https:\/\/exceladvisor.org\/pt\/wp-content\/uploads\/2023\/12\/exceladvisor.org_.png","contentUrl":"https:\/\/exceladvisor.org\/pt\/wp-content\/uploads\/2023\/12\/exceladvisor.org_.png","width":105,"height":36,"caption":"Excel Advisor"},"image":{"@id":"https:\/\/exceladvisor.org\/pt\/#\/schema\/logo\/image\/"}}]}},"yoast_meta":{"yoast_wpseo_title":"","yoast_wpseo_metadesc":"","yoast_wpseo_canonical":""},"_links":{"self":[{"href":"https:\/\/exceladvisor.org\/pt\/wp-json\/wp\/v2\/pages\/167","targetHints":{"allow":["GET"]}}],"collection":[{"href":"https:\/\/exceladvisor.org\/pt\/wp-json\/wp\/v2\/pages"}],"about":[{"href":"https:\/\/exceladvisor.org\/pt\/wp-json\/wp\/v2\/types\/page"}],"author":[{"embeddable":true,"href":"https:\/\/exceladvisor.org\/pt\/wp-json\/wp\/v2\/users\/1"}],"replies":[{"embeddable":true,"href":"https:\/\/exceladvisor.org\/pt\/wp-json\/wp\/v2\/comments?post=167"}],"version-history":[{"count":1,"href":"https:\/\/exceladvisor.org\/pt\/wp-json\/wp\/v2\/pages\/167\/revisions"}],"predecessor-version":[{"id":1344,"href":"https:\/\/exceladvisor.org\/pt\/wp-json\/wp\/v2\/pages\/167\/revisions\/1344"}],"wp:attachment":[{"href":"https:\/\/exceladvisor.org\/pt\/wp-json\/wp\/v2\/media?parent=167"}],"curies":[{"name":"wp","href":"https:\/\/api.w.org\/{rel}","templated":true}]}}