{"id":168,"date":"2023-11-14T12:32:07","date_gmt":"2023-11-14T12:32:07","guid":{"rendered":"https:\/\/exceladvisor.org\/pt\/excluir-linhas\/"},"modified":"2023-12-06T11:37:38","modified_gmt":"2023-12-06T11:37:38","slug":"excluir-linhas","status":"publish","type":"page","link":"https:\/\/exceladvisor.org\/pt\/excluir-linhas\/","title":{"rendered":"Como excluir uma \u00fanica linha\/v\u00e1rias linhas no excel?"},"content":{"rendered":"<div class=\"excel-before-content-2\" id=\"excel-3536158448\"><script type=\"text\/javascript\">\r\n\tatOptions = {\r\n\t\t'key' : 'c1158f160081d6540a8409e6925dab94',\r\n\t\t'format' : 'iframe',\r\n\t\t'height' : 250,\r\n\t\t'width' : 300,\r\n\t\t'params' : {}\r\n\t};\r\n<\/script>\r\n<script type=\"text\/javascript\" src=\"\/\/www.highperformanceformat.com\/c1158f160081d6540a8409e6925dab94\/invoke.js\"><\/script><\/div><div class=\"excel-before-content\" id=\"excel-3442308362\"><script type=\"text\/javascript\">\r\n\tatOptions = {\r\n\t\t'key' : 'c1158f160081d6540a8409e6925dab94',\r\n\t\t'format' : 'iframe',\r\n\t\t'height' : 250,\r\n\t\t'width' : 300,\r\n\t\t'params' : {}\r\n\t};\r\n<\/script>\r\n<script type=\"text\/javascript\" src=\"\/\/www.highperformanceformat.com\/c1158f160081d6540a8409e6925dab94\/invoke.js\"><\/script><\/div> <p>Ao trabalhar no Excel, pode acontecer que voc\u00ea precise excluir uma ou v\u00e1rias linhas da sua planilha. Neste tutorial, examinaremos os diferentes m\u00e9todos para isso.<\/p><p> Vamos entender cada m\u00e9todo um por um.<\/p><h2 class=\"wp-block-heading\"> Etapas para excluir uma \u00fanica linha <\/h2><div class=\"wp-block-image\"><figure class=\"aligncenter size-full is-resized\"><img loading=\"lazy\" decoding=\"async\" class=\"wp-image-70193\" src=\"https:\/\/exceladvisor.org\/wp-content\/uploads\/2023\/08\/supprimer-une-seule-ligne.gif\" sizes=\"auto, \" srcset=\"\" alt=\"excluir uma \u00fanica linha\" width=\"365\" height=\"466\"><\/figure><\/div><ol type=\"1\"><li> Primeiro, coloque o cursor no cabe\u00e7alho da linha que deseja remover da planilha.<\/li><li> Em seguida, pressione o bot\u00e3o direito do mouse.<\/li><li> A partir daqui voc\u00ea precisa usar a op\u00e7\u00e3o de exclus\u00e3o.<\/li><li> Portanto, clique na op\u00e7\u00e3o excluir para excluir a linha da planilha.<\/li><\/ol><h2 class=\"wp-block-heading\"> Etapas para excluir v\u00e1rias linhas cont\u00ednuas<\/h2><p> Se voc\u00ea precisar excluir v\u00e1rias linhas de uma vez em sua planilha. Em seguida, siga as etapas abaixo: <\/p><div class=\"wp-block-image\"><figure class=\"aligncenter size-full is-resized\"><img loading=\"lazy\" decoding=\"async\" class=\"wp-image-70194\" src=\"https:\/\/exceladvisor.org\/wp-content\/uploads\/2023\/08\/supprimer-plusieurs-lignes-continues.gif\" sizes=\"auto, \" srcset=\"\" alt=\"excluir v\u00e1rias linhas cont\u00ednuas\" width=\"352\" height=\"368\"><\/figure><\/div><ol type=\"1\"><li> Primeiro, selecione todas as linhas que deseja remover do cabe\u00e7alho da linha.<\/li><li> Em seguida, clique com o bot\u00e3o direito em uma das linhas de destino.<\/li><li> E agora clique na op\u00e7\u00e3o excluir do menu.<\/li><li> Depois de clicar na op\u00e7\u00e3o excluir, voc\u00ea ver\u00e1 que todas as linhas selecionadas foram exclu\u00eddas com sucesso da planilha.<\/li><\/ol><h2 class=\"wp-block-heading\"> Exclua v\u00e1rias linhas n\u00e3o cont\u00ednuas<\/h2><p> Excluir v\u00e1rias linhas n\u00e3o adjacentes da planilha \u00e9 uma coisa f\u00e1cil e interessante de fazer. Abaixo est\u00e3o as etapas para isso: <\/p><div class=\"wp-block-image\"><figure class=\"aligncenter size-full is-resized\"><img loading=\"lazy\" decoding=\"async\" class=\"wp-image-70195\" src=\"https:\/\/exceladvisor.org\/wp-content\/uploads\/2023\/08\/supprimer-plusieurs-lignes-non-continues.gif\" sizes=\"auto, \" srcset=\"\" alt=\"excluir m\u00faltiplas linhas n\u00e3o cont\u00ednuas\" width=\"445\" height=\"397\"><\/figure><\/div><ol><li> Inicialmente, selecione todas essas linhas n\u00e3o adjacentes, uma por uma, pressionando e segurando a tecla Ctrl.<\/li><li> Depois disso, mova o cursor at\u00e9 o cabe\u00e7alho de uma dessas linhas.<\/li><li> Agora clique com o bot\u00e3o direito sobre ele e clique na op\u00e7\u00e3o <strong>Excluir<\/strong> .<\/li><li> No momento em que voc\u00ea clica em excluir; isso remover\u00e1 todas as linhas n\u00e3o cont\u00ednuas selecionadas.<\/li><\/ol><h2 class=\"wp-block-heading\"> Excluir linhas usando um comando da faixa de op\u00e7\u00f5es<\/h2><p> Outra maneira de excluir linhas da planilha tamb\u00e9m \u00e9 muito r\u00e1pida e interessante. Agora, aqui est\u00e3o as etapas para isso. <\/p><div class=\"wp-block-image\"><figure class=\"aligncenter size-full is-resized\"><img loading=\"lazy\" decoding=\"async\" class=\"wp-image-70196\" src=\"https:\/\/exceladvisor.org\/wp-content\/uploads\/2023\/08\/supprimer-des-lignes-a-laide-du-ruban.gif\" sizes=\"auto, \" srcset=\"\" alt=\"exclua linhas usando a faixa de op\u00e7\u00f5es\" width=\"800\" height=\"361\"><\/figure><\/div><ol><li> Para excluir a linha no Excel, primeiro selecione (as m\u00faltiplas linhas) que deseja excluir.<\/li><li> Agora, na guia In\u00edcio da faixa de op\u00e7\u00f5es, clique nas c\u00e9lulas e clique em Excluir.<\/li><li> Depois disso, selecione a op\u00e7\u00e3o <strong>Excluir linhas da planilha<\/strong> na lista suspensa.<\/li><li> Depois de clicar nele, voc\u00ea ver\u00e1 que todas as linhas selecionadas foram exclu\u00eddas da planilha.<\/li><\/ol><p> Voc\u00ea tamb\u00e9m pode usar o atalho de teclado Ctrl+ (-) para excluir linhas rapidamente.<\/p><h2 class=\"wp-block-heading\"> Conclus\u00e3o<\/h2><p> Ent\u00e3o aqui est\u00e1 a lista de maneiras de incluir um atalho para excluir as linhas que voc\u00ea n\u00e3o deseja em sua planilha. Al\u00e9m disso, tamb\u00e9m ajuda voc\u00ea a economizar tempo e fazer as coisas melhor.<\/p><p> Agora me diga uma coisa. \u201cQual m\u00e9todo voc\u00ea prefere?\u201d \u00bbPor favor, envie-me um e-mail na se\u00e7\u00e3o de coment\u00e1rios abaixo, eu adoraria ouvir sua opini\u00e3o.<\/p><div class=\"gb-container gb-container-4db6181c gb-container-mt\"> <a class=\"gb-button gb-button-c5897111 gb-button-text gb-button-mt-button\" href=\"https:\/\/exceladvisor.org\/pt\/nocoes-basicas-de-excel\/\">No\u00e7\u00f5es b\u00e1sicas do Microsoft Excel (componentes, pe\u00e7as e notas de conhecimento)<\/a><h2 class=\"gb-headline gb-headline-665e5f6b gb-headline-text gb-headline-mt-heading\"> Tutoriais relacionados <\/h2><div class=\"gb-grid-wrapper gb-grid-wrapper-a20baf7c gb-grid-wrapper-mt-grid\"><div class=\"gb-grid-column gb-grid-column-65ddf67e\"><div class=\"gb-container gb-container-65ddf67e\"><ul><li> <a href=\"https:\/\/exceladvisor.org\/pt\/adicionar-remover-hiperlinks\/\">Adicione e remova hiperlinks no Excel<\/a><\/li><li> <a href=\"https:\/\/exceladvisor.org\/pt\/adicione-uma-marca-dagua\/\">Adicione uma marca d&#8217;\u00e1gua no Excel<\/a><\/li><li> <a href=\"https:\/\/exceladvisor.org\/pt\/remover-colunas-de-linha-ocultas\/\">Exclua linhas ocultas no Excel<\/a><\/li><li> <a href=\"https:\/\/exceladvisor.org\/pt\/desmarcar-celulas\/\">Desmarcar c\u00e9lulas no Excel<\/a><\/li><li> <a href=\"https:\/\/exceladvisor.org\/pt\/adicionar-uma-coluna\/\">Adicionar uma coluna no Excel<\/a> <\/li><\/ul><\/div><\/div><div class=\"gb-grid-column gb-grid-column-50067b57\"><div class=\"gb-container gb-container-50067b57\"><ul><li> <a href=\"https:\/\/exceladvisor.org\/pt\/copiar-coluna\/\">Copie e cole uma coluna no Excel<\/a><\/li><li> <a href=\"https:\/\/exceladvisor.org\/pt\/mover-linha-coluna\/\">Mova uma linha e coluna no Excel<\/a><\/li><li> <a href=\"https:\/\/exceladvisor.org\/pt\/largura-da-coluna\/\">Como alterar a largura das colunas no Excel<\/a><\/li><li> <a href=\"https:\/\/exceladvisor.org\/pt\/trocar-o-celular\/\">Troque rapidamente duas c\u00e9lulas no Excel<\/a><\/li><li> <a href=\"https:\/\/exceladvisor.org\/pt\/coluna-2\/\">O que \u00e9 uma coluna no Excel<\/a><\/li><\/ul><\/div><\/div><\/div><\/div>","protected":false},"excerpt":{"rendered":"","protected":false},"author":1,"featured_media":0,"parent":0,"menu_order":0,"comment_status":"open","ping_status":"closed","template":"","meta":{"ub_ctt_via":"","footnotes":""},"class_list":["post-168","page","type-page","status-publish","hentry"],"featured_image_src":null,"yoast_head":"<!-- This site is optimized with the Yoast SEO plugin v25.4 - https:\/\/yoast.com\/wordpress\/plugins\/seo\/ -->\n<title>Como excluir uma \u00fanica linha\/v\u00e1rias linhas no Excel?<\/title>\n<meta name=\"description\" content=\"Neste tutorial, aprenderemos como excluir linhas \u00fanicas e m\u00faltiplas no Excel. N\u00e3o deixe de ler o blog completo para\" \/>\n<meta name=\"robots\" content=\"index, follow, max-snippet:-1, max-image-preview:large, max-video-preview:-1\" \/>\n<link rel=\"canonical\" href=\"https:\/\/exceladvisor.org\/pt\/excluir-linhas\/\" \/>\n<meta property=\"og:locale\" content=\"pt_PT\" \/>\n<meta property=\"og:type\" content=\"article\" \/>\n<meta property=\"og:title\" content=\"Como excluir uma \u00fanica linha\/v\u00e1rias linhas no Excel?\" \/>\n<meta property=\"og:description\" content=\"Neste tutorial, aprenderemos como excluir linhas \u00fanicas e m\u00faltiplas no Excel. N\u00e3o deixe de ler o blog completo para\" \/>\n<meta property=\"og:url\" content=\"https:\/\/exceladvisor.org\/pt\/excluir-linhas\/\" \/>\n<meta property=\"og:site_name\" content=\"Excel Advisor\" \/>\n<meta property=\"article:modified_time\" content=\"2023-12-06T11:37:38+00:00\" \/>\n<meta property=\"og:image\" content=\"https:\/\/exceladvisor.org\/wp-content\/uploads\/2023\/08\/supprimer-une-seule-ligne.gif\" \/>\n<meta name=\"twitter:card\" content=\"summary_large_image\" \/>\n<meta name=\"twitter:label1\" content=\"Tempo estimado de leitura\" \/>\n\t<meta name=\"twitter:data1\" content=\"3 minutos\" \/>\n<script type=\"application\/ld+json\" class=\"yoast-schema-graph\">{\"@context\":\"https:\/\/schema.org\",\"@graph\":[{\"@type\":\"WebPage\",\"@id\":\"https:\/\/exceladvisor.org\/pt\/excluir-linhas\/\",\"url\":\"https:\/\/exceladvisor.org\/pt\/excluir-linhas\/\",\"name\":\"Como excluir uma \u00fanica linha\/v\u00e1rias linhas no Excel?\",\"isPartOf\":{\"@id\":\"https:\/\/exceladvisor.org\/pt\/#website\"},\"primaryImageOfPage\":{\"@id\":\"https:\/\/exceladvisor.org\/pt\/excluir-linhas\/#primaryimage\"},\"image\":{\"@id\":\"https:\/\/exceladvisor.org\/pt\/excluir-linhas\/#primaryimage\"},\"thumbnailUrl\":\"https:\/\/exceladvisor.org\/wp-content\/uploads\/2023\/08\/supprimer-une-seule-ligne.gif\",\"datePublished\":\"2023-11-14T12:32:07+00:00\",\"dateModified\":\"2023-12-06T11:37:38+00:00\",\"description\":\"Neste tutorial, aprenderemos como excluir linhas \u00fanicas e m\u00faltiplas no Excel. N\u00e3o deixe de ler o blog completo para\",\"breadcrumb\":{\"@id\":\"https:\/\/exceladvisor.org\/pt\/excluir-linhas\/#breadcrumb\"},\"inLanguage\":\"pt-PT\",\"potentialAction\":[{\"@type\":\"ReadAction\",\"target\":[\"https:\/\/exceladvisor.org\/pt\/excluir-linhas\/\"]}]},{\"@type\":\"ImageObject\",\"inLanguage\":\"pt-PT\",\"@id\":\"https:\/\/exceladvisor.org\/pt\/excluir-linhas\/#primaryimage\",\"url\":\"https:\/\/exceladvisor.org\/wp-content\/uploads\/2023\/08\/supprimer-une-seule-ligne.gif\",\"contentUrl\":\"https:\/\/exceladvisor.org\/wp-content\/uploads\/2023\/08\/supprimer-une-seule-ligne.gif\"},{\"@type\":\"BreadcrumbList\",\"@id\":\"https:\/\/exceladvisor.org\/pt\/excluir-linhas\/#breadcrumb\",\"itemListElement\":[{\"@type\":\"ListItem\",\"position\":1,\"name\":\"Lar\",\"item\":\"https:\/\/exceladvisor.org\/pt\/\"},{\"@type\":\"ListItem\",\"position\":2,\"name\":\"Como excluir uma \u00fanica linha\/v\u00e1rias linhas no excel?\"}]},{\"@type\":\"WebSite\",\"@id\":\"https:\/\/exceladvisor.org\/pt\/#website\",\"url\":\"https:\/\/exceladvisor.org\/pt\/\",\"name\":\"Excel Advisor\",\"description\":\"O seu guia definitivo para dominar os dados!\",\"publisher\":{\"@id\":\"https:\/\/exceladvisor.org\/pt\/#organization\"},\"potentialAction\":[{\"@type\":\"SearchAction\",\"target\":{\"@type\":\"EntryPoint\",\"urlTemplate\":\"https:\/\/exceladvisor.org\/pt\/?s={search_term_string}\"},\"query-input\":{\"@type\":\"PropertyValueSpecification\",\"valueRequired\":true,\"valueName\":\"search_term_string\"}}],\"inLanguage\":\"pt-PT\"},{\"@type\":\"Organization\",\"@id\":\"https:\/\/exceladvisor.org\/pt\/#organization\",\"name\":\"Excel Advisor\",\"url\":\"https:\/\/exceladvisor.org\/pt\/\",\"logo\":{\"@type\":\"ImageObject\",\"inLanguage\":\"pt-PT\",\"@id\":\"https:\/\/exceladvisor.org\/pt\/#\/schema\/logo\/image\/\",\"url\":\"https:\/\/exceladvisor.org\/pt\/wp-content\/uploads\/2023\/12\/exceladvisor.org_.png\",\"contentUrl\":\"https:\/\/exceladvisor.org\/pt\/wp-content\/uploads\/2023\/12\/exceladvisor.org_.png\",\"width\":105,\"height\":36,\"caption\":\"Excel Advisor\"},\"image\":{\"@id\":\"https:\/\/exceladvisor.org\/pt\/#\/schema\/logo\/image\/\"}}]}<\/script>\n<!-- \/ Yoast SEO plugin. -->","yoast_head_json":{"title":"Como excluir uma \u00fanica linha\/v\u00e1rias linhas no Excel?","description":"Neste tutorial, aprenderemos como excluir linhas \u00fanicas e m\u00faltiplas no Excel. N\u00e3o deixe de ler o blog completo para","robots":{"index":"index","follow":"follow","max-snippet":"max-snippet:-1","max-image-preview":"max-image-preview:large","max-video-preview":"max-video-preview:-1"},"canonical":"https:\/\/exceladvisor.org\/pt\/excluir-linhas\/","og_locale":"pt_PT","og_type":"article","og_title":"Como excluir uma \u00fanica linha\/v\u00e1rias linhas no Excel?","og_description":"Neste tutorial, aprenderemos como excluir linhas \u00fanicas e m\u00faltiplas no Excel. N\u00e3o deixe de ler o blog completo para","og_url":"https:\/\/exceladvisor.org\/pt\/excluir-linhas\/","og_site_name":"Excel Advisor","article_modified_time":"2023-12-06T11:37:38+00:00","og_image":[{"url":"https:\/\/exceladvisor.org\/wp-content\/uploads\/2023\/08\/supprimer-une-seule-ligne.gif","type":"","width":"","height":""}],"twitter_card":"summary_large_image","twitter_misc":{"Tempo estimado de leitura":"3 minutos"},"schema":{"@context":"https:\/\/schema.org","@graph":[{"@type":"WebPage","@id":"https:\/\/exceladvisor.org\/pt\/excluir-linhas\/","url":"https:\/\/exceladvisor.org\/pt\/excluir-linhas\/","name":"Como excluir uma \u00fanica linha\/v\u00e1rias linhas no Excel?","isPartOf":{"@id":"https:\/\/exceladvisor.org\/pt\/#website"},"primaryImageOfPage":{"@id":"https:\/\/exceladvisor.org\/pt\/excluir-linhas\/#primaryimage"},"image":{"@id":"https:\/\/exceladvisor.org\/pt\/excluir-linhas\/#primaryimage"},"thumbnailUrl":"https:\/\/exceladvisor.org\/wp-content\/uploads\/2023\/08\/supprimer-une-seule-ligne.gif","datePublished":"2023-11-14T12:32:07+00:00","dateModified":"2023-12-06T11:37:38+00:00","description":"Neste tutorial, aprenderemos como excluir linhas \u00fanicas e m\u00faltiplas no Excel. N\u00e3o deixe de ler o blog completo para","breadcrumb":{"@id":"https:\/\/exceladvisor.org\/pt\/excluir-linhas\/#breadcrumb"},"inLanguage":"pt-PT","potentialAction":[{"@type":"ReadAction","target":["https:\/\/exceladvisor.org\/pt\/excluir-linhas\/"]}]},{"@type":"ImageObject","inLanguage":"pt-PT","@id":"https:\/\/exceladvisor.org\/pt\/excluir-linhas\/#primaryimage","url":"https:\/\/exceladvisor.org\/wp-content\/uploads\/2023\/08\/supprimer-une-seule-ligne.gif","contentUrl":"https:\/\/exceladvisor.org\/wp-content\/uploads\/2023\/08\/supprimer-une-seule-ligne.gif"},{"@type":"BreadcrumbList","@id":"https:\/\/exceladvisor.org\/pt\/excluir-linhas\/#breadcrumb","itemListElement":[{"@type":"ListItem","position":1,"name":"Lar","item":"https:\/\/exceladvisor.org\/pt\/"},{"@type":"ListItem","position":2,"name":"Como excluir uma \u00fanica linha\/v\u00e1rias linhas no excel?"}]},{"@type":"WebSite","@id":"https:\/\/exceladvisor.org\/pt\/#website","url":"https:\/\/exceladvisor.org\/pt\/","name":"Excel Advisor","description":"O seu guia definitivo para dominar os dados!","publisher":{"@id":"https:\/\/exceladvisor.org\/pt\/#organization"},"potentialAction":[{"@type":"SearchAction","target":{"@type":"EntryPoint","urlTemplate":"https:\/\/exceladvisor.org\/pt\/?s={search_term_string}"},"query-input":{"@type":"PropertyValueSpecification","valueRequired":true,"valueName":"search_term_string"}}],"inLanguage":"pt-PT"},{"@type":"Organization","@id":"https:\/\/exceladvisor.org\/pt\/#organization","name":"Excel Advisor","url":"https:\/\/exceladvisor.org\/pt\/","logo":{"@type":"ImageObject","inLanguage":"pt-PT","@id":"https:\/\/exceladvisor.org\/pt\/#\/schema\/logo\/image\/","url":"https:\/\/exceladvisor.org\/pt\/wp-content\/uploads\/2023\/12\/exceladvisor.org_.png","contentUrl":"https:\/\/exceladvisor.org\/pt\/wp-content\/uploads\/2023\/12\/exceladvisor.org_.png","width":105,"height":36,"caption":"Excel Advisor"},"image":{"@id":"https:\/\/exceladvisor.org\/pt\/#\/schema\/logo\/image\/"}}]}},"yoast_meta":{"yoast_wpseo_title":"","yoast_wpseo_metadesc":"","yoast_wpseo_canonical":""},"_links":{"self":[{"href":"https:\/\/exceladvisor.org\/pt\/wp-json\/wp\/v2\/pages\/168","targetHints":{"allow":["GET"]}}],"collection":[{"href":"https:\/\/exceladvisor.org\/pt\/wp-json\/wp\/v2\/pages"}],"about":[{"href":"https:\/\/exceladvisor.org\/pt\/wp-json\/wp\/v2\/types\/page"}],"author":[{"embeddable":true,"href":"https:\/\/exceladvisor.org\/pt\/wp-json\/wp\/v2\/users\/1"}],"replies":[{"embeddable":true,"href":"https:\/\/exceladvisor.org\/pt\/wp-json\/wp\/v2\/comments?post=168"}],"version-history":[{"count":1,"href":"https:\/\/exceladvisor.org\/pt\/wp-json\/wp\/v2\/pages\/168\/revisions"}],"predecessor-version":[{"id":1055,"href":"https:\/\/exceladvisor.org\/pt\/wp-json\/wp\/v2\/pages\/168\/revisions\/1055"}],"wp:attachment":[{"href":"https:\/\/exceladvisor.org\/pt\/wp-json\/wp\/v2\/media?parent=168"}],"curies":[{"name":"wp","href":"https:\/\/api.w.org\/{rel}","templated":true}]}}