{"id":169,"date":"2023-11-14T12:22:00","date_gmt":"2023-11-14T12:22:00","guid":{"rendered":"https:\/\/exceladvisor.org\/pt\/classificar-por-data\/"},"modified":"2023-12-06T11:38:46","modified_gmt":"2023-12-06T11:38:46","slug":"classificar-por-data","status":"publish","type":"page","link":"https:\/\/exceladvisor.org\/pt\/classificar-por-data\/","title":{"rendered":"Como ordenar valores por data, hora e classifica\u00e7\u00e3o reversa?"},"content":{"rendered":"<div class=\"excel-before-content-2\" id=\"excel-4120742398\"><script type=\"text\/javascript\">\r\n\tatOptions = {\r\n\t\t'key' : 'c1158f160081d6540a8409e6925dab94',\r\n\t\t'format' : 'iframe',\r\n\t\t'height' : 250,\r\n\t\t'width' : 300,\r\n\t\t'params' : {}\r\n\t};\r\n<\/script>\r\n<script type=\"text\/javascript\" src=\"\/\/www.highperformanceformat.com\/c1158f160081d6540a8409e6925dab94\/invoke.js\"><\/script><\/div><div class=\"excel-before-content\" id=\"excel-3123568440\"><script type=\"text\/javascript\">\r\n\tatOptions = {\r\n\t\t'key' : 'c1158f160081d6540a8409e6925dab94',\r\n\t\t'format' : 'iframe',\r\n\t\t'height' : 250,\r\n\t\t'width' : 300,\r\n\t\t'params' : {}\r\n\t};\r\n<\/script>\r\n<script type=\"text\/javascript\" src=\"\/\/www.highperformanceformat.com\/c1158f160081d6540a8409e6925dab94\/invoke.js\"><\/script><\/div> <p>No Excel, se voc\u00ea deseja ordenar por datas, ou seja, onde h\u00e1 datas em uma coluna, basta usar a op\u00e7\u00e3o SORT.<\/p><p> Ao selecionar a coluna na qual h\u00e1 datas e, em seguida, abrir a op\u00e7\u00e3o de classifica\u00e7\u00e3o, voc\u00ea tem a op\u00e7\u00e3o de classificar em ordem crescente ou decrescente.<\/p><p> No exemplo a seguir, voc\u00ea tem datas na coluna A e agora precisa classificar por datas nessa coluna. <\/p><div class=\"wp-block-image\"><figure class=\"aligncenter size-full is-resized\"><img loading=\"lazy\" decoding=\"async\" class=\"wp-image-69984\" src=\"https:\/\/exceladvisor.org\/wp-content\/uploads\/2023\/08\/1-dates-aleatoires-dans-la-colonne.png\" sizes=\"auto, \" srcset=\"\" alt=\"datas aleat\u00f3rias na coluna\" width=\"293\" height=\"495\"><\/figure><\/div><p> Agora vamos ver como podemos resolver isso.<\/p><h2 class=\"wp-block-heading\"> Etapas para classificar por data no Excel<\/h2><ol><li> Em primeiro lugar, v\u00e1 at\u00e9 a aba de dados e clique no bot\u00e3o classificar para abrir a op\u00e7\u00e3o de classifica\u00e7\u00e3o. Voc\u00ea tamb\u00e9m pode usar o atalho de teclado A \u27a4 S \u27a4 S. <br><img loading=\"lazy\" decoding=\"async\" title=\"2 classifica\u00e7\u00e3o por data no Excel\" src=\"https:\/\/exceladvisor.org\/wp-content\/uploads\/2023\/08\/2-trier-par-date-dans-excel.png\" sizes=\"auto, \" srcset=\"\" alt=\"sort-by-date-in-excel\" width=\"630\" height=\"206\"><\/li><li> Depois disso, na op\u00e7\u00e3o SORT, selecione a coluna que deseja classificar e a seguir selecione a ordem pela qual deseja classificar. <br><img loading=\"lazy\" decoding=\"async\" title=\"3-selecionar coluna para classificar\" src=\"https:\/\/exceladvisor.org\/wp-content\/uploads\/2023\/08\/3-selectionnez-la-colonne-a-trier.png\" sizes=\"auto, \" srcset=\"\" alt=\"select-the-column-to-sort\" width=\"551\" height=\"257\"><\/li><li> A seguir, voc\u00ea precisa saber sobre a op\u00e7\u00e3o \u201cMeus dados t\u00eam cabe\u00e7alho\u201d que j\u00e1 est\u00e1 marcada, mas voc\u00ea precisa ter certeza de que se seus dados n\u00e3o tiverem cabe\u00e7alho, desmarque-o. <br><img loading=\"lazy\" decoding=\"async\" title=\"Op\u00e7\u00e3o 4-my-data-headers\" src=\"https:\/\/exceladvisor.org\/wp-content\/uploads\/2023\/08\/4-option-mes-en-tetes-de-donnees.png\" sizes=\"auto, \" srcset=\"\" alt=\"my-data-headers-option\" width=\"617\" height=\"288\"><\/li><li> No final, clique em OK para classificar a coluna por datas.<\/li><\/ol><p> No momento em que voc\u00ea clica em OK, todas as datas s\u00e3o classificadas da ordem mais antiga para a mais recente. <\/p><div class=\"wp-block-image\"><figure class=\"aligncenter size-full is-resized\"><img loading=\"lazy\" decoding=\"async\" class=\"wp-image-69988\" src=\"https:\/\/exceladvisor.org\/wp-content\/uploads\/2023\/08\/5-dates-triees.png\" sizes=\"auto, \" srcset=\"\" alt=\"datas classificadas\" width=\"380\" height=\"380\"><\/figure><\/div><h2 class=\"wp-block-heading\"> Classificar por data e hora<\/h2><p> No Excel, as datas s\u00e3o armazenadas como n\u00fameros inteiros e a hora \u00e9 armazenada como decimais com esses n\u00fameros inteiros. Assim, quando voc\u00ea ordenar por data, a hora tamb\u00e9m ser\u00e1 levada em considera\u00e7\u00e3o pela op\u00e7\u00e3o de ordena\u00e7\u00e3o.<\/p><p> No exemplo a seguir voc\u00ea tem tempo com datas. <\/p><div class=\"wp-block-image\"><figure class=\"aligncenter size-full is-resized\"><img loading=\"lazy\" decoding=\"async\" class=\"wp-image-69989\" src=\"https:\/\/exceladvisor.org\/wp-content\/uploads\/2023\/08\/6-trier-par-date-et-heure.png\" sizes=\"auto, \" srcset=\"\" alt=\"classificar por data e hora\" width=\"762\" height=\"362\"><\/figure><\/div><p> E quando voc\u00ea clica em OK, todas as datas s\u00e3o classificadas dos pedidos mais antigos para os mais recentes. <\/p><div class=\"wp-block-image\"><figure class=\"aligncenter size-full is-resized\"><img loading=\"lazy\" decoding=\"async\" class=\"wp-image-69990\" src=\"https:\/\/exceladvisor.org\/wp-content\/uploads\/2023\/08\/7-dates-triees-de-lancien-au-nouveau.png\" sizes=\"auto, \" srcset=\"\" alt=\"datas classificadas do antigo para o novo\" width=\"365\" height=\"249\"><\/figure><\/div><p> Agora, se voc\u00ea vir os dois primeiros valores onde voc\u00ea tem as mesmas datas, mas ambas as datas t\u00eam valores de tempo e a op\u00e7\u00e3o de classifica\u00e7\u00e3o deve classific\u00e1-los com base nos valores de tempo.<\/p><p> Primeiro voc\u00ea tem a data \u00e0s 05:56, depois a data \u00e0s 16:11.<\/p><h2 class=\"wp-block-heading\"> Classificar por anos a partir de datas<\/h2><p> Agora, digamos que voc\u00ea queira classificar por anos a partir de datas. Nesse caso, voc\u00ea precisa adicionar uma coluna auxiliar para obter primeiro os anos a partir da data e depois classificar as duas colunas.<\/p><p> No exemplo a seguir, usamos a fun\u00e7\u00e3o ANO na coluna B para obter os anos. <\/p><div class=\"wp-block-image\"><figure class=\"aligncenter size-full is-resized\"><img loading=\"lazy\" decoding=\"async\" class=\"wp-image-69991\" src=\"https:\/\/exceladvisor.org\/wp-content\/uploads\/2023\/08\/8-trier-par-annees-a-partir-des-dates.png\" sizes=\"auto, \" srcset=\"\" alt=\"classificar por anos a partir de datas\" width=\"562\" height=\"270\"><\/figure><\/div><p> Depois disso, classifique as duas colunas com base na coluna dos anos, como disse antes. <\/p><div class=\"wp-block-image\"><figure class=\"aligncenter size-full is-resized\"><img loading=\"lazy\" decoding=\"async\" class=\"wp-image-69992\" src=\"https:\/\/exceladvisor.org\/wp-content\/uploads\/2023\/08\/9-selectionner-trier-par-annees.png\" sizes=\"auto, \" srcset=\"\" alt=\"selecionar classificar por anos\" width=\"780\" height=\"408\"><\/figure><\/div><p> E para fazer isso voc\u00ea deve usar o menor para o maior e clicar em OK. <\/p><div class=\"wp-block-image\"><figure class=\"aligncenter size-full is-resized\"><img loading=\"lazy\" decoding=\"async\" class=\"wp-image-69994\" src=\"https:\/\/exceladvisor.org\/wp-content\/uploads\/2023\/08\/10-dates-triees-par-annees.png\" sizes=\"auto, \" srcset=\"\" alt=\"datas classificadas em anos\" width=\"329\" height=\"370\"><\/figure><\/div><p> \u00c9 assim que voc\u00ea classifica por datas usando apenas anos.<\/p><h2 class=\"wp-block-heading\"> Classifica\u00e7\u00e3o reversa por data<\/h2><p> No primeiro exemplo, explicamos que voc\u00ea est\u00e1 pronto para alterar a ordem de classifica\u00e7\u00e3o.<\/p><p> Portanto, se quiser classific\u00e1-lo na ordem inversa, voc\u00ea pode alterar o &#8220;mais antigo para o mais novo&#8221; para &#8220;mais recente para o mais antigo&#8221;. <\/p><div class=\"wp-block-image\"><figure class=\"aligncenter size-full is-resized\"><img loading=\"lazy\" decoding=\"async\" class=\"wp-image-69995\" src=\"https:\/\/exceladvisor.org\/wp-content\/uploads\/2023\/08\/11-inverse-trier-par-date.png\" sizes=\"auto, \" srcset=\"\" alt=\"classifica\u00e7\u00e3o reversa por data\" width=\"669\" height=\"311\"><\/figure><\/div><div class=\"gb-container gb-container-4db6181c gb-container-mt\"> <a class=\"gb-button gb-button-c5897111 gb-button-text gb-button-mt-button\" href=\"https:\/\/exceladvisor.org\/pt\/nocoes-basicas-de-excel\/\">No\u00e7\u00f5es b\u00e1sicas do Microsoft Excel (componentes, pe\u00e7as e notas de conhecimento)<\/a><h2 class=\"gb-headline gb-headline-665e5f6b gb-headline-text gb-headline-mt-heading\"> Tutoriais relacionados <\/h2><div class=\"gb-grid-wrapper gb-grid-wrapper-a20baf7c gb-grid-wrapper-mt-grid\"><div class=\"gb-grid-column gb-grid-column-65ddf67e\"><div class=\"gb-container gb-container-65ddf67e\"><ul><li> <a href=\"https:\/\/exceladvisor.org\/pt\/classificar-horizontalmente\/\">Classifique horizontalmente no Excel<\/a><\/li><li> <a href=\"https:\/\/exceladvisor.org\/pt\/randomizar-a-lista\/\">Randomizar uma lista (classifica\u00e7\u00e3o aleat\u00f3ria)<\/a><\/li><li> <a href=\"https:\/\/exceladvisor.org\/pt\/classificar-o-intervalo\/\">Classificar intervalo usando VBA<\/a> <\/li><\/ul><\/div><\/div><div class=\"gb-grid-column gb-grid-column-50067b57\"><div class=\"gb-container gb-container-50067b57\"><\/div><\/div><\/div><\/div>","protected":false},"excerpt":{"rendered":"","protected":false},"author":1,"featured_media":0,"parent":0,"menu_order":0,"comment_status":"open","ping_status":"closed","template":"","meta":{"ub_ctt_via":"","footnotes":""},"class_list":["post-169","page","type-page","status-publish","hentry"],"featured_image_src":null,"yoast_head":"<!-- This site is optimized with the Yoast SEO plugin v25.4 - https:\/\/yoast.com\/wordpress\/plugins\/seo\/ -->\n<title>\u25b7 Como classificar valores por data, hora e classifica\u00e7\u00e3o reversa?<\/title>\n<meta name=\"description\" content=\"Neste tutorial, aprenderemos como classificar dados em uma coluna usando Classificar por data, Data e hora e Classifica\u00e7\u00e3o reversa.\" \/>\n<meta name=\"robots\" content=\"index, follow, max-snippet:-1, max-image-preview:large, max-video-preview:-1\" \/>\n<link rel=\"canonical\" href=\"https:\/\/exceladvisor.org\/pt\/classificar-por-data\/\" \/>\n<meta property=\"og:locale\" content=\"pt_PT\" \/>\n<meta property=\"og:type\" content=\"article\" \/>\n<meta property=\"og:title\" content=\"\u25b7 Como classificar valores por data, hora e classifica\u00e7\u00e3o reversa?\" \/>\n<meta property=\"og:description\" content=\"Neste tutorial, aprenderemos como classificar dados em uma coluna usando Classificar por data, Data e hora e Classifica\u00e7\u00e3o reversa.\" \/>\n<meta property=\"og:url\" content=\"https:\/\/exceladvisor.org\/pt\/classificar-por-data\/\" \/>\n<meta property=\"og:site_name\" content=\"Excel Advisor\" \/>\n<meta property=\"article:modified_time\" content=\"2023-12-06T11:38:46+00:00\" \/>\n<meta property=\"og:image\" content=\"https:\/\/exceladvisor.org\/wp-content\/uploads\/2023\/08\/1-dates-aleatoires-dans-la-colonne.png\" \/>\n<meta name=\"twitter:card\" content=\"summary_large_image\" \/>\n<meta name=\"twitter:label1\" content=\"Tempo estimado de leitura\" \/>\n\t<meta name=\"twitter:data1\" content=\"3 minutos\" \/>\n<script type=\"application\/ld+json\" class=\"yoast-schema-graph\">{\"@context\":\"https:\/\/schema.org\",\"@graph\":[{\"@type\":\"WebPage\",\"@id\":\"https:\/\/exceladvisor.org\/pt\/classificar-por-data\/\",\"url\":\"https:\/\/exceladvisor.org\/pt\/classificar-por-data\/\",\"name\":\"\u25b7 Como classificar valores por data, hora e classifica\u00e7\u00e3o reversa?\",\"isPartOf\":{\"@id\":\"https:\/\/exceladvisor.org\/pt\/#website\"},\"primaryImageOfPage\":{\"@id\":\"https:\/\/exceladvisor.org\/pt\/classificar-por-data\/#primaryimage\"},\"image\":{\"@id\":\"https:\/\/exceladvisor.org\/pt\/classificar-por-data\/#primaryimage\"},\"thumbnailUrl\":\"https:\/\/exceladvisor.org\/wp-content\/uploads\/2023\/08\/1-dates-aleatoires-dans-la-colonne.png\",\"datePublished\":\"2023-11-14T12:22:00+00:00\",\"dateModified\":\"2023-12-06T11:38:46+00:00\",\"description\":\"Neste tutorial, aprenderemos como classificar dados em uma coluna usando Classificar por data, Data e hora e Classifica\u00e7\u00e3o reversa.\",\"breadcrumb\":{\"@id\":\"https:\/\/exceladvisor.org\/pt\/classificar-por-data\/#breadcrumb\"},\"inLanguage\":\"pt-PT\",\"potentialAction\":[{\"@type\":\"ReadAction\",\"target\":[\"https:\/\/exceladvisor.org\/pt\/classificar-por-data\/\"]}]},{\"@type\":\"ImageObject\",\"inLanguage\":\"pt-PT\",\"@id\":\"https:\/\/exceladvisor.org\/pt\/classificar-por-data\/#primaryimage\",\"url\":\"https:\/\/exceladvisor.org\/wp-content\/uploads\/2023\/08\/1-dates-aleatoires-dans-la-colonne.png\",\"contentUrl\":\"https:\/\/exceladvisor.org\/wp-content\/uploads\/2023\/08\/1-dates-aleatoires-dans-la-colonne.png\"},{\"@type\":\"BreadcrumbList\",\"@id\":\"https:\/\/exceladvisor.org\/pt\/classificar-por-data\/#breadcrumb\",\"itemListElement\":[{\"@type\":\"ListItem\",\"position\":1,\"name\":\"Lar\",\"item\":\"https:\/\/exceladvisor.org\/pt\/\"},{\"@type\":\"ListItem\",\"position\":2,\"name\":\"Como ordenar valores por data, hora e classifica\u00e7\u00e3o reversa?\"}]},{\"@type\":\"WebSite\",\"@id\":\"https:\/\/exceladvisor.org\/pt\/#website\",\"url\":\"https:\/\/exceladvisor.org\/pt\/\",\"name\":\"Excel Advisor\",\"description\":\"O seu guia definitivo para dominar os dados!\",\"publisher\":{\"@id\":\"https:\/\/exceladvisor.org\/pt\/#organization\"},\"potentialAction\":[{\"@type\":\"SearchAction\",\"target\":{\"@type\":\"EntryPoint\",\"urlTemplate\":\"https:\/\/exceladvisor.org\/pt\/?s={search_term_string}\"},\"query-input\":{\"@type\":\"PropertyValueSpecification\",\"valueRequired\":true,\"valueName\":\"search_term_string\"}}],\"inLanguage\":\"pt-PT\"},{\"@type\":\"Organization\",\"@id\":\"https:\/\/exceladvisor.org\/pt\/#organization\",\"name\":\"Excel Advisor\",\"url\":\"https:\/\/exceladvisor.org\/pt\/\",\"logo\":{\"@type\":\"ImageObject\",\"inLanguage\":\"pt-PT\",\"@id\":\"https:\/\/exceladvisor.org\/pt\/#\/schema\/logo\/image\/\",\"url\":\"https:\/\/exceladvisor.org\/pt\/wp-content\/uploads\/2023\/12\/exceladvisor.org_.png\",\"contentUrl\":\"https:\/\/exceladvisor.org\/pt\/wp-content\/uploads\/2023\/12\/exceladvisor.org_.png\",\"width\":105,\"height\":36,\"caption\":\"Excel Advisor\"},\"image\":{\"@id\":\"https:\/\/exceladvisor.org\/pt\/#\/schema\/logo\/image\/\"}}]}<\/script>\n<!-- \/ Yoast SEO plugin. -->","yoast_head_json":{"title":"\u25b7 Como classificar valores por data, hora e classifica\u00e7\u00e3o reversa?","description":"Neste tutorial, aprenderemos como classificar dados em uma coluna usando Classificar por data, Data e hora e Classifica\u00e7\u00e3o reversa.","robots":{"index":"index","follow":"follow","max-snippet":"max-snippet:-1","max-image-preview":"max-image-preview:large","max-video-preview":"max-video-preview:-1"},"canonical":"https:\/\/exceladvisor.org\/pt\/classificar-por-data\/","og_locale":"pt_PT","og_type":"article","og_title":"\u25b7 Como classificar valores por data, hora e classifica\u00e7\u00e3o reversa?","og_description":"Neste tutorial, aprenderemos como classificar dados em uma coluna usando Classificar por data, Data e hora e Classifica\u00e7\u00e3o reversa.","og_url":"https:\/\/exceladvisor.org\/pt\/classificar-por-data\/","og_site_name":"Excel Advisor","article_modified_time":"2023-12-06T11:38:46+00:00","og_image":[{"url":"https:\/\/exceladvisor.org\/wp-content\/uploads\/2023\/08\/1-dates-aleatoires-dans-la-colonne.png","type":"","width":"","height":""}],"twitter_card":"summary_large_image","twitter_misc":{"Tempo estimado de leitura":"3 minutos"},"schema":{"@context":"https:\/\/schema.org","@graph":[{"@type":"WebPage","@id":"https:\/\/exceladvisor.org\/pt\/classificar-por-data\/","url":"https:\/\/exceladvisor.org\/pt\/classificar-por-data\/","name":"\u25b7 Como classificar valores por data, hora e classifica\u00e7\u00e3o reversa?","isPartOf":{"@id":"https:\/\/exceladvisor.org\/pt\/#website"},"primaryImageOfPage":{"@id":"https:\/\/exceladvisor.org\/pt\/classificar-por-data\/#primaryimage"},"image":{"@id":"https:\/\/exceladvisor.org\/pt\/classificar-por-data\/#primaryimage"},"thumbnailUrl":"https:\/\/exceladvisor.org\/wp-content\/uploads\/2023\/08\/1-dates-aleatoires-dans-la-colonne.png","datePublished":"2023-11-14T12:22:00+00:00","dateModified":"2023-12-06T11:38:46+00:00","description":"Neste tutorial, aprenderemos como classificar dados em uma coluna usando Classificar por data, Data e hora e Classifica\u00e7\u00e3o reversa.","breadcrumb":{"@id":"https:\/\/exceladvisor.org\/pt\/classificar-por-data\/#breadcrumb"},"inLanguage":"pt-PT","potentialAction":[{"@type":"ReadAction","target":["https:\/\/exceladvisor.org\/pt\/classificar-por-data\/"]}]},{"@type":"ImageObject","inLanguage":"pt-PT","@id":"https:\/\/exceladvisor.org\/pt\/classificar-por-data\/#primaryimage","url":"https:\/\/exceladvisor.org\/wp-content\/uploads\/2023\/08\/1-dates-aleatoires-dans-la-colonne.png","contentUrl":"https:\/\/exceladvisor.org\/wp-content\/uploads\/2023\/08\/1-dates-aleatoires-dans-la-colonne.png"},{"@type":"BreadcrumbList","@id":"https:\/\/exceladvisor.org\/pt\/classificar-por-data\/#breadcrumb","itemListElement":[{"@type":"ListItem","position":1,"name":"Lar","item":"https:\/\/exceladvisor.org\/pt\/"},{"@type":"ListItem","position":2,"name":"Como ordenar valores por data, hora e classifica\u00e7\u00e3o reversa?"}]},{"@type":"WebSite","@id":"https:\/\/exceladvisor.org\/pt\/#website","url":"https:\/\/exceladvisor.org\/pt\/","name":"Excel Advisor","description":"O seu guia definitivo para dominar os dados!","publisher":{"@id":"https:\/\/exceladvisor.org\/pt\/#organization"},"potentialAction":[{"@type":"SearchAction","target":{"@type":"EntryPoint","urlTemplate":"https:\/\/exceladvisor.org\/pt\/?s={search_term_string}"},"query-input":{"@type":"PropertyValueSpecification","valueRequired":true,"valueName":"search_term_string"}}],"inLanguage":"pt-PT"},{"@type":"Organization","@id":"https:\/\/exceladvisor.org\/pt\/#organization","name":"Excel Advisor","url":"https:\/\/exceladvisor.org\/pt\/","logo":{"@type":"ImageObject","inLanguage":"pt-PT","@id":"https:\/\/exceladvisor.org\/pt\/#\/schema\/logo\/image\/","url":"https:\/\/exceladvisor.org\/pt\/wp-content\/uploads\/2023\/12\/exceladvisor.org_.png","contentUrl":"https:\/\/exceladvisor.org\/pt\/wp-content\/uploads\/2023\/12\/exceladvisor.org_.png","width":105,"height":36,"caption":"Excel Advisor"},"image":{"@id":"https:\/\/exceladvisor.org\/pt\/#\/schema\/logo\/image\/"}}]}},"yoast_meta":{"yoast_wpseo_title":"","yoast_wpseo_metadesc":"","yoast_wpseo_canonical":""},"_links":{"self":[{"href":"https:\/\/exceladvisor.org\/pt\/wp-json\/wp\/v2\/pages\/169","targetHints":{"allow":["GET"]}}],"collection":[{"href":"https:\/\/exceladvisor.org\/pt\/wp-json\/wp\/v2\/pages"}],"about":[{"href":"https:\/\/exceladvisor.org\/pt\/wp-json\/wp\/v2\/types\/page"}],"author":[{"embeddable":true,"href":"https:\/\/exceladvisor.org\/pt\/wp-json\/wp\/v2\/users\/1"}],"replies":[{"embeddable":true,"href":"https:\/\/exceladvisor.org\/pt\/wp-json\/wp\/v2\/comments?post=169"}],"version-history":[{"count":1,"href":"https:\/\/exceladvisor.org\/pt\/wp-json\/wp\/v2\/pages\/169\/revisions"}],"predecessor-version":[{"id":1151,"href":"https:\/\/exceladvisor.org\/pt\/wp-json\/wp\/v2\/pages\/169\/revisions\/1151"}],"wp:attachment":[{"href":"https:\/\/exceladvisor.org\/pt\/wp-json\/wp\/v2\/media?parent=169"}],"curies":[{"name":"wp","href":"https:\/\/api.w.org\/{rel}","templated":true}]}}