{"id":170,"date":"2023-11-14T10:17:28","date_gmt":"2023-11-14T10:17:28","guid":{"rendered":"https:\/\/exceladvisor.org\/pt\/estilo-de-celula\/"},"modified":"2023-12-06T11:50:44","modified_gmt":"2023-12-06T11:50:44","slug":"estilo-de-celula","status":"publish","type":"page","link":"https:\/\/exceladvisor.org\/pt\/estilo-de-celula\/","title":{"rendered":"Estilo de c\u00e9lula do excel: t\u00edtulo, c\u00e1lculo, total e cabe\u00e7alhos"},"content":{"rendered":"<div class=\"excel-before-content-2\" id=\"excel-3325523542\"><script type=\"text\/javascript\">\r\n\tatOptions = {\r\n\t\t'key' : 'c1158f160081d6540a8409e6925dab94',\r\n\t\t'format' : 'iframe',\r\n\t\t'height' : 250,\r\n\t\t'width' : 300,\r\n\t\t'params' : {}\r\n\t};\r\n<\/script>\r\n<script type=\"text\/javascript\" src=\"\/\/www.highperformanceformat.com\/c1158f160081d6540a8409e6925dab94\/invoke.js\"><\/script><\/div><div class=\"excel-before-content\" id=\"excel-332089850\"><script type=\"text\/javascript\">\r\n\tatOptions = {\r\n\t\t'key' : 'c1158f160081d6540a8409e6925dab94',\r\n\t\t'format' : 'iframe',\r\n\t\t'height' : 250,\r\n\t\t'width' : 300,\r\n\t\t'params' : {}\r\n\t};\r\n<\/script>\r\n<script type=\"text\/javascript\" src=\"\/\/www.highperformanceformat.com\/c1158f160081d6540a8409e6925dab94\/invoke.js\"><\/script><\/div> <p>No Excel, ao trabalhar com dados, \u00e0s vezes \u00e9 importante aplicar um estilo de formata\u00e7\u00e3o espec\u00edfico a uma c\u00e9lula ou intervalo de c\u00e9lulas. Agora, \u00e9 preciso esfor\u00e7o para criar um estilo de formata\u00e7\u00e3o para dados espec\u00edficos.<\/p><p> Mas a boa not\u00edcia \u00e9: no Excel existem estilos predefinidos que voc\u00ea pode usar para aplic\u00e1-los a diferentes c\u00e9lulas. <\/p><div class=\"wp-block-image\"><figure class=\"aligncenter size-full is-resized\"><img loading=\"lazy\" decoding=\"async\" class=\"wp-image-72345\" src=\"https:\/\/exceladvisor.org\/wp-content\/uploads\/2023\/08\/1-styles-Excel-predefinis.png\" sizes=\"auto, \" srcset=\"\" alt=\"Estilos predefinidos do Excel\" width=\"585\" height=\"458\"><\/figure><\/div><p> Aplicar qualquer um desses estilos \u00e9 simples e f\u00e1cil. Tudo o que voc\u00ea precisa fazer \u00e9 selecionar a c\u00e9lula que deseja estilizar e aplicar o estilo na caixa de di\u00e1logo de estilo de c\u00e9lula.<\/p><p> Neste tutorial, exploraremos esses estilos de c\u00e9lulas e tentaremos usar alguns dos formatos mais \u00fateis (T\u00edtulo, C\u00e1lculo, Total e Cabe\u00e7alho).<\/p><h2 class=\"wp-block-heading\"> C\u00e1lculo de estilo<\/h2><p> Se voc\u00ea trabalha com <a href=\"https:\/\/exceladvisor.org\/pt\/formulas\/\">muitos c\u00e1lculos<\/a> no Excel, que \u00e9 o principal uso do Excel no mundo real, existe um estilo de c\u00e9lula espec\u00edfico que voc\u00ea pode aplicar \u00e0 c\u00e9lula ou a um intervalo de c\u00e9lulas com um c\u00e1lculo. <\/p><div class=\"wp-block-image\"><figure class=\"aligncenter size-full is-resized\"><img loading=\"lazy\" decoding=\"async\" class=\"wp-image-72346\" src=\"https:\/\/exceladvisor.org\/wp-content\/uploads\/2023\/08\/2-styles-de-calcul.png\" sizes=\"auto, \" srcset=\"\" alt=\"estilo de c\u00e1lculo\" width=\"457\" height=\"293\"><\/figure><\/div><p> No exemplo a seguir, voc\u00ea tem uma f\u00f3rmula de soma na c\u00e9lula A15 e nesta c\u00e9lula aplicamos o estilo de c\u00e1lculo de estilos de c\u00e9lula do Excel. <\/p><div class=\"wp-block-image\"><figure class=\"aligncenter size-full is-resized\"><img loading=\"lazy\" decoding=\"async\" class=\"wp-image-72347\" src=\"https:\/\/exceladvisor.org\/wp-content\/uploads\/2023\/08\/3-style-de-calcul-applique-a-une-cellule.png\" sizes=\"auto, \" srcset=\"\" alt=\"estilo de c\u00e1lculo aplicado a uma c\u00e9lula\" width=\"384\" height=\"567\"><\/figure><\/div><p> Como voc\u00ea pode ver, ele tem uma cor de fonte laranja, cinza claro como <a href=\"https:\/\/exceladvisor.org\/pt\/cor-da-celula\/\">cor da c\u00e9lula<\/a> e uma <a href=\"https:\/\/exceladvisor.org\/pt\/aplicar-fronteiras\/\">borda<\/a> clara ao redor da c\u00e9lula. <\/p><div class=\"wp-block-image\"><figure class=\"aligncenter size-full is-resized\"><img loading=\"lazy\" decoding=\"async\" class=\"wp-image-72348\" src=\"https:\/\/exceladvisor.org\/wp-content\/uploads\/2023\/08\/4-style-de-calcul-applique.png\" sizes=\"auto, \" srcset=\"\" alt=\"estilo de c\u00e1lculo aplicado\" width=\"388\" height=\"296\"><\/figure><\/div><p> Se voc\u00ea tentar aplicar esses estilos manualmente, ter\u00e1 que usar op\u00e7\u00f5es diferentes, mas com Estilo de C\u00e9lula de C\u00e1lculo voc\u00ea pode fazer isso com apenas um clique.<\/p><h2 class=\"wp-block-heading\"> Estilo do t\u00edtulo<\/h2><p> Se quiser alterar o valor de uma c\u00e9lula como t\u00edtulo, voc\u00ea pode aplicar o estilo do t\u00edtulo a partir dos estilos de c\u00e9lula. <\/p><div class=\"wp-block-image\"><figure class=\"aligncenter size-full is-resized\"><img loading=\"lazy\" decoding=\"async\" class=\"wp-image-72349\" src=\"https:\/\/exceladvisor.org\/wp-content\/uploads\/2023\/08\/style-5-titres.png\" sizes=\"auto, \" srcset=\"\" alt=\"estilo do t\u00edtulo\" width=\"539\" height=\"356\"><\/figure><\/div><p> Com o estilo do t\u00edtulo, voc\u00ea obt\u00e9m um estilo de fonte fino e um tamanho de fonte 18.<\/p><h2 class=\"wp-block-heading\"> Se\u00e7\u00f5es<\/h2><p> E voc\u00ea tamb\u00e9m tem estilos de t\u00edtulo (1-4) para usar nos dados da c\u00e9lula. <\/p><div class=\"wp-block-image\"><figure class=\"aligncenter size-full is-resized\"><img loading=\"lazy\" decoding=\"async\" class=\"wp-image-72350\" src=\"https:\/\/exceladvisor.org\/wp-content\/uploads\/2023\/08\/6-styles-de-titre.png\" sizes=\"auto, \" srcset=\"\" alt=\"estilos de t\u00edtulo\" width=\"584\" height=\"306\"><\/figure><\/div><p> Nos estilos de t\u00edtulo, voc\u00ea obt\u00e9m um estilo de fonte em negrito e uma <a href=\"https:\/\/exceladvisor.org\/pt\/fronteira\/\">borda na parte inferior<\/a> da c\u00e9lula.<\/p><h2 class=\"wp-block-heading\"> Total<\/h2><p> Voc\u00ea tamb\u00e9m tem um estilo de c\u00e9lula total que pode ser \u00fatil se estiver trabalhando com <a href=\"https:\/\/exceladvisor.org\/pt\/formato-de-numero-contabil\/\">dados cont\u00e1beis<\/a> . <\/p><div class=\"wp-block-image\"><figure class=\"aligncenter size-full is-resized\"><img loading=\"lazy\" decoding=\"async\" class=\"wp-image-72351\" src=\"https:\/\/exceladvisor.org\/wp-content\/uploads\/2023\/08\/7-styles-au-total.png\" sizes=\"auto, \" srcset=\"\" alt=\"estilo total\" width=\"593\" height=\"327\"><\/figure><\/div><h2 class=\"wp-block-heading\"> Criando um novo estilo<\/h2><p> Al\u00e9m dos estilos que voc\u00ea possui, voc\u00ea pode criar um novo estilo para voc\u00ea. Na parte inferior da caixa de di\u00e1logo, clique em \u201cNovo estilo de c\u00e9lula\u201d e isso abrir\u00e1 a caixa de di\u00e1logo de estilo. <\/p><div class=\"wp-block-image\"><figure class=\"aligncenter size-full is-resized\"><img loading=\"lazy\" decoding=\"async\" class=\"wp-image-72352\" src=\"https:\/\/exceladvisor.org\/wp-content\/uploads\/2023\/08\/8-creer-un-nouveau-style.png\" sizes=\"auto, \" srcset=\"\" alt=\"criar um novo estilo\" width=\"700\" height=\"410\"><\/figure><\/div><p> A partir daqui, voc\u00ea tem seis op\u00e7\u00f5es de formata\u00e7\u00e3o diferentes que pode incluir em seu estilo de c\u00e9lula. <\/p><div class=\"wp-block-image\"><figure class=\"aligncenter size-full is-resized\"><img loading=\"lazy\" decoding=\"async\" class=\"wp-image-72353\" src=\"https:\/\/exceladvisor.org\/wp-content\/uploads\/2023\/08\/9-six-options-de-formatage-differentes.png\" sizes=\"auto, \" srcset=\"\" alt=\"seis op\u00e7\u00f5es de formata\u00e7\u00e3o diferentes\" width=\"315\" height=\"393\"><\/figure><\/div><p> Mas se quiser aplicar uma formata\u00e7\u00e3o precisa, clique no bot\u00e3o de formata\u00e7\u00e3o para abrir a caixa de di\u00e1logo de op\u00e7\u00f5es de formata\u00e7\u00e3o. <\/p><div class=\"wp-block-image\"><figure class=\"aligncenter size-full is-resized\"><img loading=\"lazy\" decoding=\"async\" class=\"wp-image-72354\" src=\"https:\/\/exceladvisor.org\/wp-content\/uploads\/2023\/08\/Boite-de-dialogue-10-options-de-format.png\" sizes=\"auto, \" srcset=\"\" alt=\"caixa de di\u00e1logo de op\u00e7\u00f5es de formato\" width=\"827\" height=\"517\"><\/figure><\/div><p> Ao final, digite um nome para o seu estilo e clique em OK para salvar. <\/p><div class=\"wp-block-image\"><figure class=\"aligncenter size-full is-resized\"><img loading=\"lazy\" decoding=\"async\" class=\"wp-image-72355\" src=\"https:\/\/exceladvisor.org\/wp-content\/uploads\/2023\/08\/11-entrez-le-nom-de-votre-style.png\" sizes=\"auto, \" srcset=\"\" alt=\"digite o nome do seu estilo\" width=\"319\" height=\"277\"><\/figure><\/div><h2 class=\"wp-block-heading\"> Editar um estilo de c\u00e9lula<\/h2><p> Voc\u00ea tamb\u00e9m tem a op\u00e7\u00e3o de editar um dos estilos de c\u00e9lula edit\u00e1veis e fazer altera\u00e7\u00f5es nele. Pode ser um estilo personalizado criado por voc\u00ea ou um dos estilos predefinidos. Tudo que voc\u00ea precisa fazer \u00e9 clicar com o bot\u00e3o direito no estilo e clicar em \u201cEditar\u201d. <\/p><div class=\"wp-block-image\"><figure class=\"aligncenter size-full is-resized\"><img loading=\"lazy\" decoding=\"async\" class=\"wp-image-72356\" src=\"https:\/\/exceladvisor.org\/wp-content\/uploads\/2023\/08\/12-modifier-un-style-de-cellule.png\" sizes=\"auto, \" srcset=\"\" alt=\"alterar o estilo de uma c\u00e9lula\" width=\"408\" height=\"249\"><\/figure><\/div><p> Isso abrir\u00e1 a caixa de di\u00e1logo onde voc\u00ea pode fazer altera\u00e7\u00f5es no estilo e salv\u00e1-lo.<\/p><div class=\"gb-container gb-container-4db6181c gb-container-mt\"> <a class=\"gb-button gb-button-c5897111 gb-button-text gb-button-mt-button\" href=\"https:\/\/exceladvisor.org\/pt\/nocoes-basicas-de-excel\/\">No\u00e7\u00f5es b\u00e1sicas do Microsoft Excel (componentes, pe\u00e7as e notas de conhecimento)<\/a><h2 class=\"gb-headline gb-headline-665e5f6b gb-headline-text gb-headline-mt-heading\"> Tutoriais relacionados <\/h2><div class=\"gb-grid-wrapper gb-grid-wrapper-a20baf7c gb-grid-wrapper-mt-grid\"><div class=\"gb-grid-column gb-grid-column-65ddf67e\"><div class=\"gb-container gb-container-65ddf67e\"><ul><li> <a href=\"https:\/\/exceladvisor.org\/pt\/adicione-um-numero-de-pagina\/\">Adicione um n\u00famero de p\u00e1gina no Excel<\/a><\/li><li> <a href=\"https:\/\/exceladvisor.org\/pt\/aplicar-estilo-de-virgula\/\">Aplicar estilo de v\u00edrgula no Excel<\/a><\/li><li> <a href=\"https:\/\/exceladvisor.org\/pt\/haste\/\">Aplicar tachado no Excel<\/a><\/li><li> <a href=\"https:\/\/exceladvisor.org\/pt\/destacar-celulas-vazias\/\">Destacar c\u00e9lulas vazias no Excel<\/a> <\/li><\/ul><\/div><\/div><div class=\"gb-grid-column gb-grid-column-50067b57\"><div class=\"gb-container gb-container-50067b57\"><\/div><\/div><\/div><\/div>","protected":false},"excerpt":{"rendered":"","protected":false},"author":1,"featured_media":0,"parent":0,"menu_order":0,"comment_status":"open","ping_status":"closed","template":"","meta":{"ub_ctt_via":"","footnotes":""},"class_list":["post-170","page","type-page","status-publish","hentry"],"featured_image_src":null,"yoast_head":"<!-- This site is optimized with the Yoast SEO plugin v25.4 - https:\/\/yoast.com\/wordpress\/plugins\/seo\/ -->\n<title>Estilo de c\u00e9lula do Excel: t\u00edtulo, c\u00e1lculo, total e cabe\u00e7alhos (2023)<\/title>\n<meta name=\"description\" content=\"Neste tutorial, aprenderemos como usar a op\u00e7\u00e3o Cell Style do Excel. Veremos os estilos dispon\u00edveis e um estilo\" \/>\n<meta name=\"robots\" content=\"index, follow, max-snippet:-1, max-image-preview:large, max-video-preview:-1\" \/>\n<link rel=\"canonical\" href=\"https:\/\/exceladvisor.org\/pt\/estilo-de-celula\/\" \/>\n<meta property=\"og:locale\" content=\"pt_PT\" \/>\n<meta property=\"og:type\" content=\"article\" \/>\n<meta property=\"og:title\" content=\"Estilo de c\u00e9lula do Excel: t\u00edtulo, c\u00e1lculo, total e cabe\u00e7alhos (2023)\" \/>\n<meta property=\"og:description\" content=\"Neste tutorial, aprenderemos como usar a op\u00e7\u00e3o Cell Style do Excel. Veremos os estilos dispon\u00edveis e um estilo\" \/>\n<meta property=\"og:url\" content=\"https:\/\/exceladvisor.org\/pt\/estilo-de-celula\/\" \/>\n<meta property=\"og:site_name\" content=\"Excel Advisor\" \/>\n<meta property=\"article:modified_time\" content=\"2023-12-06T11:50:44+00:00\" \/>\n<meta property=\"og:image\" content=\"https:\/\/exceladvisor.org\/wp-content\/uploads\/2023\/08\/1-styles-Excel-predefinis.png\" \/>\n<meta name=\"twitter:card\" content=\"summary_large_image\" \/>\n<meta name=\"twitter:label1\" content=\"Tempo estimado de leitura\" \/>\n\t<meta name=\"twitter:data1\" content=\"3 minutos\" \/>\n<script type=\"application\/ld+json\" class=\"yoast-schema-graph\">{\"@context\":\"https:\/\/schema.org\",\"@graph\":[{\"@type\":\"WebPage\",\"@id\":\"https:\/\/exceladvisor.org\/pt\/estilo-de-celula\/\",\"url\":\"https:\/\/exceladvisor.org\/pt\/estilo-de-celula\/\",\"name\":\"Estilo de c\u00e9lula do Excel: t\u00edtulo, c\u00e1lculo, total e cabe\u00e7alhos (2023)\",\"isPartOf\":{\"@id\":\"https:\/\/exceladvisor.org\/pt\/#website\"},\"primaryImageOfPage\":{\"@id\":\"https:\/\/exceladvisor.org\/pt\/estilo-de-celula\/#primaryimage\"},\"image\":{\"@id\":\"https:\/\/exceladvisor.org\/pt\/estilo-de-celula\/#primaryimage\"},\"thumbnailUrl\":\"https:\/\/exceladvisor.org\/wp-content\/uploads\/2023\/08\/1-styles-Excel-predefinis.png\",\"datePublished\":\"2023-11-14T10:17:28+00:00\",\"dateModified\":\"2023-12-06T11:50:44+00:00\",\"description\":\"Neste tutorial, aprenderemos como usar a op\u00e7\u00e3o Cell Style do Excel. Veremos os estilos dispon\u00edveis e um estilo\",\"breadcrumb\":{\"@id\":\"https:\/\/exceladvisor.org\/pt\/estilo-de-celula\/#breadcrumb\"},\"inLanguage\":\"pt-PT\",\"potentialAction\":[{\"@type\":\"ReadAction\",\"target\":[\"https:\/\/exceladvisor.org\/pt\/estilo-de-celula\/\"]}]},{\"@type\":\"ImageObject\",\"inLanguage\":\"pt-PT\",\"@id\":\"https:\/\/exceladvisor.org\/pt\/estilo-de-celula\/#primaryimage\",\"url\":\"https:\/\/exceladvisor.org\/wp-content\/uploads\/2023\/08\/1-styles-Excel-predefinis.png\",\"contentUrl\":\"https:\/\/exceladvisor.org\/wp-content\/uploads\/2023\/08\/1-styles-Excel-predefinis.png\"},{\"@type\":\"BreadcrumbList\",\"@id\":\"https:\/\/exceladvisor.org\/pt\/estilo-de-celula\/#breadcrumb\",\"itemListElement\":[{\"@type\":\"ListItem\",\"position\":1,\"name\":\"Lar\",\"item\":\"https:\/\/exceladvisor.org\/pt\/\"},{\"@type\":\"ListItem\",\"position\":2,\"name\":\"Estilo de c\u00e9lula do excel: t\u00edtulo, c\u00e1lculo, total e cabe\u00e7alhos\"}]},{\"@type\":\"WebSite\",\"@id\":\"https:\/\/exceladvisor.org\/pt\/#website\",\"url\":\"https:\/\/exceladvisor.org\/pt\/\",\"name\":\"Excel Advisor\",\"description\":\"O seu guia definitivo para dominar os dados!\",\"publisher\":{\"@id\":\"https:\/\/exceladvisor.org\/pt\/#organization\"},\"potentialAction\":[{\"@type\":\"SearchAction\",\"target\":{\"@type\":\"EntryPoint\",\"urlTemplate\":\"https:\/\/exceladvisor.org\/pt\/?s={search_term_string}\"},\"query-input\":{\"@type\":\"PropertyValueSpecification\",\"valueRequired\":true,\"valueName\":\"search_term_string\"}}],\"inLanguage\":\"pt-PT\"},{\"@type\":\"Organization\",\"@id\":\"https:\/\/exceladvisor.org\/pt\/#organization\",\"name\":\"Excel Advisor\",\"url\":\"https:\/\/exceladvisor.org\/pt\/\",\"logo\":{\"@type\":\"ImageObject\",\"inLanguage\":\"pt-PT\",\"@id\":\"https:\/\/exceladvisor.org\/pt\/#\/schema\/logo\/image\/\",\"url\":\"https:\/\/exceladvisor.org\/pt\/wp-content\/uploads\/2023\/12\/exceladvisor.org_.png\",\"contentUrl\":\"https:\/\/exceladvisor.org\/pt\/wp-content\/uploads\/2023\/12\/exceladvisor.org_.png\",\"width\":105,\"height\":36,\"caption\":\"Excel Advisor\"},\"image\":{\"@id\":\"https:\/\/exceladvisor.org\/pt\/#\/schema\/logo\/image\/\"}}]}<\/script>\n<!-- \/ Yoast SEO plugin. -->","yoast_head_json":{"title":"Estilo de c\u00e9lula do Excel: t\u00edtulo, c\u00e1lculo, total e cabe\u00e7alhos (2023)","description":"Neste tutorial, aprenderemos como usar a op\u00e7\u00e3o Cell Style do Excel. Veremos os estilos dispon\u00edveis e um estilo","robots":{"index":"index","follow":"follow","max-snippet":"max-snippet:-1","max-image-preview":"max-image-preview:large","max-video-preview":"max-video-preview:-1"},"canonical":"https:\/\/exceladvisor.org\/pt\/estilo-de-celula\/","og_locale":"pt_PT","og_type":"article","og_title":"Estilo de c\u00e9lula do Excel: t\u00edtulo, c\u00e1lculo, total e cabe\u00e7alhos (2023)","og_description":"Neste tutorial, aprenderemos como usar a op\u00e7\u00e3o Cell Style do Excel. Veremos os estilos dispon\u00edveis e um estilo","og_url":"https:\/\/exceladvisor.org\/pt\/estilo-de-celula\/","og_site_name":"Excel Advisor","article_modified_time":"2023-12-06T11:50:44+00:00","og_image":[{"url":"https:\/\/exceladvisor.org\/wp-content\/uploads\/2023\/08\/1-styles-Excel-predefinis.png","type":"","width":"","height":""}],"twitter_card":"summary_large_image","twitter_misc":{"Tempo estimado de leitura":"3 minutos"},"schema":{"@context":"https:\/\/schema.org","@graph":[{"@type":"WebPage","@id":"https:\/\/exceladvisor.org\/pt\/estilo-de-celula\/","url":"https:\/\/exceladvisor.org\/pt\/estilo-de-celula\/","name":"Estilo de c\u00e9lula do Excel: t\u00edtulo, c\u00e1lculo, total e cabe\u00e7alhos (2023)","isPartOf":{"@id":"https:\/\/exceladvisor.org\/pt\/#website"},"primaryImageOfPage":{"@id":"https:\/\/exceladvisor.org\/pt\/estilo-de-celula\/#primaryimage"},"image":{"@id":"https:\/\/exceladvisor.org\/pt\/estilo-de-celula\/#primaryimage"},"thumbnailUrl":"https:\/\/exceladvisor.org\/wp-content\/uploads\/2023\/08\/1-styles-Excel-predefinis.png","datePublished":"2023-11-14T10:17:28+00:00","dateModified":"2023-12-06T11:50:44+00:00","description":"Neste tutorial, aprenderemos como usar a op\u00e7\u00e3o Cell Style do Excel. Veremos os estilos dispon\u00edveis e um estilo","breadcrumb":{"@id":"https:\/\/exceladvisor.org\/pt\/estilo-de-celula\/#breadcrumb"},"inLanguage":"pt-PT","potentialAction":[{"@type":"ReadAction","target":["https:\/\/exceladvisor.org\/pt\/estilo-de-celula\/"]}]},{"@type":"ImageObject","inLanguage":"pt-PT","@id":"https:\/\/exceladvisor.org\/pt\/estilo-de-celula\/#primaryimage","url":"https:\/\/exceladvisor.org\/wp-content\/uploads\/2023\/08\/1-styles-Excel-predefinis.png","contentUrl":"https:\/\/exceladvisor.org\/wp-content\/uploads\/2023\/08\/1-styles-Excel-predefinis.png"},{"@type":"BreadcrumbList","@id":"https:\/\/exceladvisor.org\/pt\/estilo-de-celula\/#breadcrumb","itemListElement":[{"@type":"ListItem","position":1,"name":"Lar","item":"https:\/\/exceladvisor.org\/pt\/"},{"@type":"ListItem","position":2,"name":"Estilo de c\u00e9lula do excel: t\u00edtulo, c\u00e1lculo, total e cabe\u00e7alhos"}]},{"@type":"WebSite","@id":"https:\/\/exceladvisor.org\/pt\/#website","url":"https:\/\/exceladvisor.org\/pt\/","name":"Excel Advisor","description":"O seu guia definitivo para dominar os dados!","publisher":{"@id":"https:\/\/exceladvisor.org\/pt\/#organization"},"potentialAction":[{"@type":"SearchAction","target":{"@type":"EntryPoint","urlTemplate":"https:\/\/exceladvisor.org\/pt\/?s={search_term_string}"},"query-input":{"@type":"PropertyValueSpecification","valueRequired":true,"valueName":"search_term_string"}}],"inLanguage":"pt-PT"},{"@type":"Organization","@id":"https:\/\/exceladvisor.org\/pt\/#organization","name":"Excel Advisor","url":"https:\/\/exceladvisor.org\/pt\/","logo":{"@type":"ImageObject","inLanguage":"pt-PT","@id":"https:\/\/exceladvisor.org\/pt\/#\/schema\/logo\/image\/","url":"https:\/\/exceladvisor.org\/pt\/wp-content\/uploads\/2023\/12\/exceladvisor.org_.png","contentUrl":"https:\/\/exceladvisor.org\/pt\/wp-content\/uploads\/2023\/12\/exceladvisor.org_.png","width":105,"height":36,"caption":"Excel Advisor"},"image":{"@id":"https:\/\/exceladvisor.org\/pt\/#\/schema\/logo\/image\/"}}]}},"yoast_meta":{"yoast_wpseo_title":"","yoast_wpseo_metadesc":"","yoast_wpseo_canonical":""},"_links":{"self":[{"href":"https:\/\/exceladvisor.org\/pt\/wp-json\/wp\/v2\/pages\/170","targetHints":{"allow":["GET"]}}],"collection":[{"href":"https:\/\/exceladvisor.org\/pt\/wp-json\/wp\/v2\/pages"}],"about":[{"href":"https:\/\/exceladvisor.org\/pt\/wp-json\/wp\/v2\/types\/page"}],"author":[{"embeddable":true,"href":"https:\/\/exceladvisor.org\/pt\/wp-json\/wp\/v2\/users\/1"}],"replies":[{"embeddable":true,"href":"https:\/\/exceladvisor.org\/pt\/wp-json\/wp\/v2\/comments?post=170"}],"version-history":[{"count":1,"href":"https:\/\/exceladvisor.org\/pt\/wp-json\/wp\/v2\/pages\/170\/revisions"}],"predecessor-version":[{"id":1415,"href":"https:\/\/exceladvisor.org\/pt\/wp-json\/wp\/v2\/pages\/170\/revisions\/1415"}],"wp:attachment":[{"href":"https:\/\/exceladvisor.org\/pt\/wp-json\/wp\/v2\/media?parent=170"}],"curies":[{"name":"wp","href":"https:\/\/api.w.org\/{rel}","templated":true}]}}