{"id":171,"date":"2023-11-14T02:04:06","date_gmt":"2023-11-14T02:04:06","guid":{"rendered":"https:\/\/exceladvisor.org\/pt\/destacar-celulas-vazias\/"},"modified":"2023-12-06T11:37:24","modified_gmt":"2023-12-06T11:37:24","slug":"destacar-celulas-vazias","status":"publish","type":"page","link":"https:\/\/exceladvisor.org\/pt\/destacar-celulas-vazias\/","title":{"rendered":"Como destacar c\u00e9lulas vazias no excel"},"content":{"rendered":"<div class=\"excel-before-content-2\" id=\"excel-45682815\"><script type=\"text\/javascript\">\r\n\tatOptions = {\r\n\t\t'key' : 'c1158f160081d6540a8409e6925dab94',\r\n\t\t'format' : 'iframe',\r\n\t\t'height' : 250,\r\n\t\t'width' : 300,\r\n\t\t'params' : {}\r\n\t};\r\n<\/script>\r\n<script type=\"text\/javascript\" src=\"\/\/www.highperformanceformat.com\/c1158f160081d6540a8409e6925dab94\/invoke.js\"><\/script><\/div><div class=\"excel-before-content\" id=\"excel-1745471478\"><script type=\"text\/javascript\">\r\n\tatOptions = {\r\n\t\t'key' : 'c1158f160081d6540a8409e6925dab94',\r\n\t\t'format' : 'iframe',\r\n\t\t'height' : 250,\r\n\t\t'width' : 300,\r\n\t\t'params' : {}\r\n\t};\r\n<\/script>\r\n<script type=\"text\/javascript\" src=\"\/\/www.highperformanceformat.com\/c1158f160081d6540a8409e6925dab94\/invoke.js\"><\/script><\/div> <p>\u00c9 dif\u00edcil reconhecer c\u00e9lulas em branco em dados grandes porque uma c\u00e9lula em branco \u00e9 apenas uma c\u00e9lula em branco sem qualquer valor. Na maioria dos casos, as c\u00e9lulas vazias representam algum tipo de dado ausente ou uma f\u00f3rmula retorna uma string vazia, resultando em uma c\u00e9lula vazia.<\/p><p> E \u00e9 por isso que \u00e9 recomend\u00e1vel destacar essas c\u00e9lulas com cores para que possamos reconhec\u00ea-las.<\/p><p> Voc\u00ea pode estar se perguntando: qual \u00e9 o melhor m\u00e9todo para localizar e destacar c\u00e9lulas vazias? Mas aqui est\u00e1 o problema: depende de voc\u00ea, porque h\u00e1 mais de uma maneira de fazer isso e voc\u00ea pode usar qualquer uma dessas maneiras para realizar seu trabalho. Todos esses m\u00e9todos s\u00e3o \u00fanicos.<\/p><p> Ent\u00e3o, hoje neste artigo, gostaria de compartilhar com voc\u00eas tr\u00eas m\u00e9todos diferentes que voc\u00ea pode usar para destacar c\u00e9lulas em branco no Excel. Ent\u00e3o vamos come\u00e7ar.<\/p><p> Aqui temos a tabela abaixo onde temos c\u00e9lulas vazias. Voc\u00ea pode baix\u00e1-lo <a href=\"https:\/\/exceladvisor.org\/wp-content\/uploads\/2023\/08\/mettre-en-surbrillance-les-cellules-vides-2.xlsx\" target=\"_blank\" rel=\"noreferrer noopener nofollow\">aqui<\/a> para acompanhar. <\/p><div class=\"wp-block-image\"><figure class=\"aligncenter\"><img decoding=\"async\" title=\"destacar tabela de dados de c\u00e9lulas vazias\" src=\"https:\/\/exceladvisor.org\/wp-content\/uploads\/2023\/08\/comment-mettre-en-surbrillance-des-cellules-vides-avec-un-tableau-de-donnees-de-mise-en-forme-conditionnelle-1.png\" sizes=\"\" srcset=\"\" alt=\"highlight blank cells data table\"><\/figure><\/div><h2 class=\"wp-block-heading\"> Destaque c\u00e9lulas vazias com GoTo Special<\/h2><p> <span style=\"font-size: 1em;\">Se voc\u00ea deseja aplicar uma cor a todas as c\u00e9lulas vazias de um intervalo, acessar uma<\/span> op\u00e7\u00e3o especial pode ser uma <span style=\"font-size: 1em;\">maneira f\u00e1cil de usar. Este m\u00e9todo \u00e9 simples:<\/span> selecione todas as c\u00e9lulas vazias e <a href=\"https:\/\/exceladvisor.org\/pt\/cor-da-celula\/\">aplique <span style=\"font-size: 1em;\">uma cor de c\u00e9lula<\/span><\/a> <span style=\"font-size: 1em;\">. Sim \u00e9 isso.<\/span> Abaixo est\u00e3o as etapas para destacar todas as c\u00e9lulas vazias.<\/p><ol><li> Primeiro, selecione todos os seus dados. <br><img decoding=\"async\" title=\"como destacar c\u00e9lulas em branco com formata\u00e7\u00e3o condicional e selecionar dados\" src=\"https:\/\/exceladvisor.org\/wp-content\/uploads\/2023\/08\/comment-mettre-en-surbrillance-des-cellules-vides-avec-une-mise-en-forme-conditionnelle-selectionner-des-donnees-1.png\" sizes=\"\" srcset=\"\" alt=\"how to highlight blank cells select data\"><\/li><li> V\u00e1 para a guia P\u00e1gina inicial \u27a4 Pesquisar e selecionar \u27a4 Clique em \u201cIr para especial\u201d. <br><img decoding=\"async\" title=\"selecione-ir para destacar c\u00e9lulas em branco no Excel\" src=\"https:\/\/exceladvisor.org\/wp-content\/uploads\/2023\/08\/selectionnez-goto-pour-mettre-en-surbrillance-les-cellules-vides-dans-excel-1.png\" sizes=\"\" srcset=\"\" alt=\"select goto to highlight blank cells in excel\"><\/li><li> Na janela Ir para Especial, selecione \u201cVazio\u201d e clique em OK. (Isso selecionar\u00e1 todas as c\u00e9lulas vazias da tabela.) <br><img decoding=\"async\" title=\"selecione-em-branco-para-destacar-c\u00e9lulas-em-branco-no-Excel\" src=\"https:\/\/exceladvisor.org\/wp-content\/uploads\/2023\/08\/selectionnez-vide-pour-mettre-en-surbrillance-les-cellules-vides-dans-excel-1.png\" sizes=\"\" srcset=\"\" alt=\"select blank to highlight blank cells in excel\"><\/li><li> Depois disso, v\u00e1 at\u00e9 a aba Home e aplique cor para destacar as c\u00e9lulas. <br><img decoding=\"async\" title=\"aplicar cor para destacar c\u00e9lulas em branco no Excel\" src=\"https:\/\/exceladvisor.org\/wp-content\/uploads\/2023\/08\/appliquer-une-couleur-pour-mettre-en-surbrillance-les-cellules-vides-dans-Excel-1.png\" sizes=\"\" srcset=\"\" alt=\"apply color to highlight blank cells in excel\"><\/li><\/ol><p class=\"content-box-blue\"> Se voc\u00ea quiser usar um m\u00e9todo din\u00e2mico, aplique o m\u00e9todo condicional, consulte o m\u00e9todo a seguir.<\/p><h2 id=\"tab-con-2\" class=\"wp-block-heading\"> Formata\u00e7\u00e3o condicional para destacar c\u00e9lulas vazias<\/h2><ol><li> Primeiro, selecione a tabela de dados. <br><img decoding=\"async\" title=\"como destacar c\u00e9lulas em branco com formata\u00e7\u00e3o condicional e selecionar dados\" src=\"https:\/\/exceladvisor.org\/wp-content\/uploads\/2023\/08\/comment-mettre-en-surbrillance-des-cellules-vides-avec-une-mise-en-forme-conditionnelle-selectionner-des-donnees-1.png\" sizes=\"\" srcset=\"\" alt=\"how to highlight blank cells select data\"><\/li><li> V\u00e1 para \u27a4 guia In\u00edcio \u27a4 Formata\u00e7\u00e3o Condicional. <br><img decoding=\"async\" title=\"como-destacar-c\u00e9lulas-em-branco-com-formata\u00e7\u00e3o-condicional-guia-ir para casa\" src=\"https:\/\/exceladvisor.org\/wp-content\/uploads\/2023\/08\/comment-mettre-en-surbrillance-les-cellules-vides-avec-la-mise-en-forme-conditionnelle-aller-a-longlet-daccueil-1.png\" sizes=\"\" srcset=\"\" alt=\"how to highlight blank cells goto home tab\"><\/li><li> Nas op\u00e7\u00f5es de formata\u00e7\u00e3o condicional, selecione \u201cdestacar regras de c\u00e9lula\u201d e clique em \u201cmais regras\u201d. <br><img decoding=\"async\" title=\"como destacar c\u00e9lulas em branco com formata\u00e7\u00e3o condicional e selecionar mais regras\" src=\"https:\/\/exceladvisor.org\/wp-content\/uploads\/2023\/08\/comment-mettre-en-surbrillance-des-cellules-vides-avec-une-mise-en-forme-conditionnelle-selectionner-plus-de-regles-1.png\" sizes=\"\" srcset=\"\" alt=\"how to highlight blank cells select more rules\"><\/li><li> Agora, na descri\u00e7\u00e3o da regra, selecione \u201cVazio\u201d no menu suspenso. <br><img decoding=\"async\" title=\"como destacar c\u00e9lulas em branco com formata\u00e7\u00e3o condicional e selecionar c\u00e9lulas em branco no menu suspenso\" src=\"https:\/\/exceladvisor.org\/wp-content\/uploads\/2023\/08\/comment-mettre-en-surbrillance-des-cellules-vides-avec-une-mise-en-forme-conditionnelle-selectionner-vide-dans-la-liste-deroulante-1.png\" sizes=\"\" srcset=\"\" alt=\"how to highlight blank cells select blank from drop down\"><\/li><li> Depois disso, clique no bot\u00e3o \u201cformatar\u201d para abrir a op\u00e7\u00e3o de formata\u00e7\u00e3o. <br><img decoding=\"async\" title=\"como destacar c\u00e9lulas em branco com formata\u00e7\u00e3o condicional, clique no bot\u00e3o de formata\u00e7\u00e3o\" src=\"https:\/\/exceladvisor.org\/wp-content\/uploads\/2023\/08\/comment-mettre-en-surbrillance-les-cellules-vides-avec-la-mise-en-forme-conditionnelle-cliquez-sur-le-bouton-de-format-1.png\" sizes=\"\" srcset=\"\" alt=\"how to highlight blank cells click format button\"><\/li><li> Nas op\u00e7\u00f5es de formata\u00e7\u00e3o, selecione a cor que deseja usar para o destaque.<\/li><li> Clique OK. <br><img decoding=\"async\" title=\"use a cor vermelha para destacar c\u00e9lulas vazias no Excel-1\" src=\"https:\/\/exceladvisor.org\/wp-content\/uploads\/2023\/08\/utiliser-la-couleur-rouge-pour-mettre-en-surbrillance-les-cellules-vides-dans-excel-1-1.png\" sizes=\"\" srcset=\"\" alt=\"use red color to highlight blank cells in excel\"><\/li><\/ol><p> E o melhor \u00e9 que se voc\u00ea tiver c\u00e9lulas vazias com uma f\u00f3rmula, ela tamb\u00e9m ir\u00e1 destac\u00e1-la e <a href=\"https:\/\/exceladvisor.org\/pt\/tabela-dinamica-3\/\">se voc\u00ea tiver uma tabela din\u00e2mica<\/a> em vez de uma tabela normal, os passos ser\u00e3o os mesmos.<\/p><p class=\"content-box-grey\"> \u00c9 uma configura\u00e7\u00e3o \u00fanica, voc\u00ea n\u00e3o precisa aplic\u00e1-la repetidamente. Use uma tabela em seus dados e <a href=\"https:\/\/exceladvisor.org\/pt\/formatacao-condicional\/\">a formata\u00e7\u00e3o condicional<\/a> ser\u00e1 expandida quando voc\u00ea adicionar novos dados \u00e0 tabela.<\/p><h2 id=\"tab-con-3\" class=\"wp-block-heading\"> C\u00f3digo VBA para destacar c\u00e9lula vazia<\/h2><p> Eu sei que voc\u00ea tem amor incondicional pelo VBA. E \u00e9 por isso que temos um c\u00f3digo de macro para aplicar uma cor a todas as c\u00e9lulas vazias de um intervalo selecionado.<\/p><pre class=\"wp-block-code\"> <code class=\"language-visual-basic line-numbers\" lang=\"visual-basic\">Sub ColorBlankCells() Dim rng As Range Set rng = Selection rng.SpecialCells(xlCellTypeBlanks).Interior.Color = vbRed End Sub<\/code><\/pre><p> Quando voc\u00ea <a href=\"https:\/\/exceladvisor.org\/pt\/executar-uma-macro-2\/\">executa esse c\u00f3digo,<\/a> ele verifica cada c\u00e9lula do intervalo e aplica uma cor vermelha se uma c\u00e9lula estiver vazia.<\/p><p> <strong>Leia:<\/strong> <a href=\"https:\/\/exceladvisor.org\/pt\/vba\/\">Tutorial VBA<\/a><\/p><h2 id=\"tab-con-4\" class=\"wp-block-heading\"> Conclus\u00e3o<\/h2><p> Portanto, esses s\u00e3o os tr\u00eas m\u00e9todos que voc\u00ea pode usar para destacar c\u00e9lulas vazias. Voc\u00ea pode usar qualquer um desses m\u00e9todos que achar perfeito para voc\u00ea. E, se voc\u00ea me perguntar, eu sempre prefiro usar a formata\u00e7\u00e3o condicional porque ela \u00e9 din\u00e2mica, ent\u00e3o voc\u00ea n\u00e3o precisa aplic\u00e1-la repetidas vezes.<\/p><p> Espero que esses m\u00e9todos o ajudem em seu trabalho di\u00e1rio.<\/p><p> Agora me diga uma coisa. <strong><em><span style=\"color: #ea493f;\">Voc\u00ea tem outro m\u00e9todo para aplicar cores a c\u00e9lulas vazias?<\/span><\/em><\/strong> Por favor, compartilhe comigo na se\u00e7\u00e3o de coment\u00e1rios, eu adoraria ouvir de voc\u00ea. E n\u00e3o esque\u00e7a de compartilhar essa dica com seus amigos.<\/p><div class=\"gb-container gb-container-4db6181c gb-container-mt\"> <a class=\"gb-button gb-button-c5897111 gb-button-text gb-button-mt-button\" href=\"https:\/\/exceladvisor.org\/pt\/nocoes-basicas-de-excel\/\">No\u00e7\u00f5es b\u00e1sicas do Microsoft Excel (componentes, pe\u00e7as e notas de conhecimento)<\/a><h2 class=\"gb-headline gb-headline-665e5f6b gb-headline-text gb-headline-mt-heading\"> Tutoriais relacionados <\/h2><div class=\"gb-grid-wrapper gb-grid-wrapper-a20baf7c gb-grid-wrapper-mt-grid\"><div class=\"gb-grid-column gb-grid-column-65ddf67e\"><div class=\"gb-container gb-container-65ddf67e\"><ul><li> <a href=\"https:\/\/exceladvisor.org\/pt\/formato-de-numero-contabil\/\">Aplicar formato de n\u00famero cont\u00e1bil no Excel<\/a><\/li><li> <a href=\"https:\/\/exceladvisor.org\/pt\/cor-da-celula\/\">Aplicar cor de fundo a uma c\u00e9lula ou a toda a planilha no Excel<\/a><\/li><li> <a href=\"https:\/\/exceladvisor.org\/pt\/a-grade\/\">Imprimir linhas de grade do Excel (excluir, encurtar e alterar cor)<\/a><\/li><li> <a href=\"https:\/\/exceladvisor.org\/pt\/adicione-um-numero-de-pagina\/\">Adicione um n\u00famero de p\u00e1gina no Excel<\/a><\/li><li> <a href=\"https:\/\/exceladvisor.org\/pt\/aplicar-estilo-de-virgula\/\">Aplicar estilo de v\u00edrgula no Excel<\/a><\/li><\/ul><\/div><\/div><\/div><\/div>","protected":false},"excerpt":{"rendered":"","protected":false},"author":1,"featured_media":0,"parent":0,"menu_order":0,"comment_status":"open","ping_status":"closed","template":"","meta":{"ub_ctt_via":"","footnotes":""},"class_list":["post-171","page","type-page","status-publish","hentry"],"featured_image_src":null,"yoast_head":"<!-- This site is optimized with the Yoast SEO plugin v25.4 - https:\/\/yoast.com\/wordpress\/plugins\/seo\/ -->\n<title>Como destacar c\u00e9lulas vazias no Excel<\/title>\n<meta name=\"description\" content=\"Se voc\u00ea est\u00e1 curioso para saber como destacar c\u00e9lulas em branco no Excel, explicamos aqui 3 maneiras de fazer isso.\" \/>\n<meta name=\"robots\" content=\"index, follow, max-snippet:-1, max-image-preview:large, max-video-preview:-1\" \/>\n<link rel=\"canonical\" href=\"https:\/\/exceladvisor.org\/pt\/destacar-celulas-vazias\/\" \/>\n<meta property=\"og:locale\" content=\"pt_PT\" \/>\n<meta property=\"og:type\" content=\"article\" \/>\n<meta property=\"og:title\" content=\"Como destacar c\u00e9lulas vazias no Excel\" \/>\n<meta property=\"og:description\" content=\"Se voc\u00ea est\u00e1 curioso para saber como destacar c\u00e9lulas em branco no Excel, explicamos aqui 3 maneiras de fazer isso.\" \/>\n<meta property=\"og:url\" content=\"https:\/\/exceladvisor.org\/pt\/destacar-celulas-vazias\/\" \/>\n<meta property=\"og:site_name\" content=\"Excel Advisor\" \/>\n<meta property=\"article:modified_time\" content=\"2023-12-06T11:37:24+00:00\" \/>\n<meta property=\"og:image\" content=\"https:\/\/exceladvisor.org\/wp-content\/uploads\/2023\/08\/comment-mettre-en-surbrillance-des-cellules-vides-avec-un-tableau-de-donnees-de-mise-en-forme-conditionnelle-1.png\" \/>\n<meta name=\"twitter:card\" content=\"summary_large_image\" \/>\n<meta name=\"twitter:label1\" content=\"Tempo estimado de leitura\" \/>\n\t<meta name=\"twitter:data1\" content=\"4 minutos\" \/>\n<script type=\"application\/ld+json\" class=\"yoast-schema-graph\">{\"@context\":\"https:\/\/schema.org\",\"@graph\":[{\"@type\":\"WebPage\",\"@id\":\"https:\/\/exceladvisor.org\/pt\/destacar-celulas-vazias\/\",\"url\":\"https:\/\/exceladvisor.org\/pt\/destacar-celulas-vazias\/\",\"name\":\"Como destacar c\u00e9lulas vazias no Excel\",\"isPartOf\":{\"@id\":\"https:\/\/exceladvisor.org\/pt\/#website\"},\"primaryImageOfPage\":{\"@id\":\"https:\/\/exceladvisor.org\/pt\/destacar-celulas-vazias\/#primaryimage\"},\"image\":{\"@id\":\"https:\/\/exceladvisor.org\/pt\/destacar-celulas-vazias\/#primaryimage\"},\"thumbnailUrl\":\"https:\/\/exceladvisor.org\/wp-content\/uploads\/2023\/08\/comment-mettre-en-surbrillance-des-cellules-vides-avec-un-tableau-de-donnees-de-mise-en-forme-conditionnelle-1.png\",\"datePublished\":\"2023-11-14T02:04:06+00:00\",\"dateModified\":\"2023-12-06T11:37:24+00:00\",\"description\":\"Se voc\u00ea est\u00e1 curioso para saber como destacar c\u00e9lulas em branco no Excel, explicamos aqui 3 maneiras de fazer isso.\",\"breadcrumb\":{\"@id\":\"https:\/\/exceladvisor.org\/pt\/destacar-celulas-vazias\/#breadcrumb\"},\"inLanguage\":\"pt-PT\",\"potentialAction\":[{\"@type\":\"ReadAction\",\"target\":[\"https:\/\/exceladvisor.org\/pt\/destacar-celulas-vazias\/\"]}]},{\"@type\":\"ImageObject\",\"inLanguage\":\"pt-PT\",\"@id\":\"https:\/\/exceladvisor.org\/pt\/destacar-celulas-vazias\/#primaryimage\",\"url\":\"https:\/\/exceladvisor.org\/wp-content\/uploads\/2023\/08\/comment-mettre-en-surbrillance-des-cellules-vides-avec-un-tableau-de-donnees-de-mise-en-forme-conditionnelle-1.png\",\"contentUrl\":\"https:\/\/exceladvisor.org\/wp-content\/uploads\/2023\/08\/comment-mettre-en-surbrillance-des-cellules-vides-avec-un-tableau-de-donnees-de-mise-en-forme-conditionnelle-1.png\"},{\"@type\":\"BreadcrumbList\",\"@id\":\"https:\/\/exceladvisor.org\/pt\/destacar-celulas-vazias\/#breadcrumb\",\"itemListElement\":[{\"@type\":\"ListItem\",\"position\":1,\"name\":\"Lar\",\"item\":\"https:\/\/exceladvisor.org\/pt\/\"},{\"@type\":\"ListItem\",\"position\":2,\"name\":\"Como destacar c\u00e9lulas vazias no excel\"}]},{\"@type\":\"WebSite\",\"@id\":\"https:\/\/exceladvisor.org\/pt\/#website\",\"url\":\"https:\/\/exceladvisor.org\/pt\/\",\"name\":\"Excel Advisor\",\"description\":\"O seu guia definitivo para dominar os dados!\",\"publisher\":{\"@id\":\"https:\/\/exceladvisor.org\/pt\/#organization\"},\"potentialAction\":[{\"@type\":\"SearchAction\",\"target\":{\"@type\":\"EntryPoint\",\"urlTemplate\":\"https:\/\/exceladvisor.org\/pt\/?s={search_term_string}\"},\"query-input\":{\"@type\":\"PropertyValueSpecification\",\"valueRequired\":true,\"valueName\":\"search_term_string\"}}],\"inLanguage\":\"pt-PT\"},{\"@type\":\"Organization\",\"@id\":\"https:\/\/exceladvisor.org\/pt\/#organization\",\"name\":\"Excel Advisor\",\"url\":\"https:\/\/exceladvisor.org\/pt\/\",\"logo\":{\"@type\":\"ImageObject\",\"inLanguage\":\"pt-PT\",\"@id\":\"https:\/\/exceladvisor.org\/pt\/#\/schema\/logo\/image\/\",\"url\":\"https:\/\/exceladvisor.org\/pt\/wp-content\/uploads\/2023\/12\/exceladvisor.org_.png\",\"contentUrl\":\"https:\/\/exceladvisor.org\/pt\/wp-content\/uploads\/2023\/12\/exceladvisor.org_.png\",\"width\":105,\"height\":36,\"caption\":\"Excel Advisor\"},\"image\":{\"@id\":\"https:\/\/exceladvisor.org\/pt\/#\/schema\/logo\/image\/\"}}]}<\/script>\n<!-- \/ Yoast SEO plugin. -->","yoast_head_json":{"title":"Como destacar c\u00e9lulas vazias no Excel","description":"Se voc\u00ea est\u00e1 curioso para saber como destacar c\u00e9lulas em branco no Excel, explicamos aqui 3 maneiras de fazer isso.","robots":{"index":"index","follow":"follow","max-snippet":"max-snippet:-1","max-image-preview":"max-image-preview:large","max-video-preview":"max-video-preview:-1"},"canonical":"https:\/\/exceladvisor.org\/pt\/destacar-celulas-vazias\/","og_locale":"pt_PT","og_type":"article","og_title":"Como destacar c\u00e9lulas vazias no Excel","og_description":"Se voc\u00ea est\u00e1 curioso para saber como destacar c\u00e9lulas em branco no Excel, explicamos aqui 3 maneiras de fazer isso.","og_url":"https:\/\/exceladvisor.org\/pt\/destacar-celulas-vazias\/","og_site_name":"Excel Advisor","article_modified_time":"2023-12-06T11:37:24+00:00","og_image":[{"url":"https:\/\/exceladvisor.org\/wp-content\/uploads\/2023\/08\/comment-mettre-en-surbrillance-des-cellules-vides-avec-un-tableau-de-donnees-de-mise-en-forme-conditionnelle-1.png","type":"","width":"","height":""}],"twitter_card":"summary_large_image","twitter_misc":{"Tempo estimado de leitura":"4 minutos"},"schema":{"@context":"https:\/\/schema.org","@graph":[{"@type":"WebPage","@id":"https:\/\/exceladvisor.org\/pt\/destacar-celulas-vazias\/","url":"https:\/\/exceladvisor.org\/pt\/destacar-celulas-vazias\/","name":"Como destacar c\u00e9lulas vazias no Excel","isPartOf":{"@id":"https:\/\/exceladvisor.org\/pt\/#website"},"primaryImageOfPage":{"@id":"https:\/\/exceladvisor.org\/pt\/destacar-celulas-vazias\/#primaryimage"},"image":{"@id":"https:\/\/exceladvisor.org\/pt\/destacar-celulas-vazias\/#primaryimage"},"thumbnailUrl":"https:\/\/exceladvisor.org\/wp-content\/uploads\/2023\/08\/comment-mettre-en-surbrillance-des-cellules-vides-avec-un-tableau-de-donnees-de-mise-en-forme-conditionnelle-1.png","datePublished":"2023-11-14T02:04:06+00:00","dateModified":"2023-12-06T11:37:24+00:00","description":"Se voc\u00ea est\u00e1 curioso para saber como destacar c\u00e9lulas em branco no Excel, explicamos aqui 3 maneiras de fazer isso.","breadcrumb":{"@id":"https:\/\/exceladvisor.org\/pt\/destacar-celulas-vazias\/#breadcrumb"},"inLanguage":"pt-PT","potentialAction":[{"@type":"ReadAction","target":["https:\/\/exceladvisor.org\/pt\/destacar-celulas-vazias\/"]}]},{"@type":"ImageObject","inLanguage":"pt-PT","@id":"https:\/\/exceladvisor.org\/pt\/destacar-celulas-vazias\/#primaryimage","url":"https:\/\/exceladvisor.org\/wp-content\/uploads\/2023\/08\/comment-mettre-en-surbrillance-des-cellules-vides-avec-un-tableau-de-donnees-de-mise-en-forme-conditionnelle-1.png","contentUrl":"https:\/\/exceladvisor.org\/wp-content\/uploads\/2023\/08\/comment-mettre-en-surbrillance-des-cellules-vides-avec-un-tableau-de-donnees-de-mise-en-forme-conditionnelle-1.png"},{"@type":"BreadcrumbList","@id":"https:\/\/exceladvisor.org\/pt\/destacar-celulas-vazias\/#breadcrumb","itemListElement":[{"@type":"ListItem","position":1,"name":"Lar","item":"https:\/\/exceladvisor.org\/pt\/"},{"@type":"ListItem","position":2,"name":"Como destacar c\u00e9lulas vazias no excel"}]},{"@type":"WebSite","@id":"https:\/\/exceladvisor.org\/pt\/#website","url":"https:\/\/exceladvisor.org\/pt\/","name":"Excel Advisor","description":"O seu guia definitivo para dominar os dados!","publisher":{"@id":"https:\/\/exceladvisor.org\/pt\/#organization"},"potentialAction":[{"@type":"SearchAction","target":{"@type":"EntryPoint","urlTemplate":"https:\/\/exceladvisor.org\/pt\/?s={search_term_string}"},"query-input":{"@type":"PropertyValueSpecification","valueRequired":true,"valueName":"search_term_string"}}],"inLanguage":"pt-PT"},{"@type":"Organization","@id":"https:\/\/exceladvisor.org\/pt\/#organization","name":"Excel Advisor","url":"https:\/\/exceladvisor.org\/pt\/","logo":{"@type":"ImageObject","inLanguage":"pt-PT","@id":"https:\/\/exceladvisor.org\/pt\/#\/schema\/logo\/image\/","url":"https:\/\/exceladvisor.org\/pt\/wp-content\/uploads\/2023\/12\/exceladvisor.org_.png","contentUrl":"https:\/\/exceladvisor.org\/pt\/wp-content\/uploads\/2023\/12\/exceladvisor.org_.png","width":105,"height":36,"caption":"Excel Advisor"},"image":{"@id":"https:\/\/exceladvisor.org\/pt\/#\/schema\/logo\/image\/"}}]}},"yoast_meta":{"yoast_wpseo_title":"","yoast_wpseo_metadesc":"","yoast_wpseo_canonical":""},"_links":{"self":[{"href":"https:\/\/exceladvisor.org\/pt\/wp-json\/wp\/v2\/pages\/171","targetHints":{"allow":["GET"]}}],"collection":[{"href":"https:\/\/exceladvisor.org\/pt\/wp-json\/wp\/v2\/pages"}],"about":[{"href":"https:\/\/exceladvisor.org\/pt\/wp-json\/wp\/v2\/types\/page"}],"author":[{"embeddable":true,"href":"https:\/\/exceladvisor.org\/pt\/wp-json\/wp\/v2\/users\/1"}],"replies":[{"embeddable":true,"href":"https:\/\/exceladvisor.org\/pt\/wp-json\/wp\/v2\/comments?post=171"}],"version-history":[{"count":1,"href":"https:\/\/exceladvisor.org\/pt\/wp-json\/wp\/v2\/pages\/171\/revisions"}],"predecessor-version":[{"id":1036,"href":"https:\/\/exceladvisor.org\/pt\/wp-json\/wp\/v2\/pages\/171\/revisions\/1036"}],"wp:attachment":[{"href":"https:\/\/exceladvisor.org\/pt\/wp-json\/wp\/v2\/media?parent=171"}],"curies":[{"name":"wp","href":"https:\/\/api.w.org\/{rel}","templated":true}]}}