{"id":172,"date":"2023-11-14T01:00:34","date_gmt":"2023-11-14T01:00:34","guid":{"rendered":"https:\/\/exceladvisor.org\/pt\/fita\/"},"modified":"2023-12-06T11:50:48","modified_gmt":"2023-12-06T11:50:48","slug":"fita","status":"publish","type":"page","link":"https:\/\/exceladvisor.org\/pt\/fita\/","title":{"rendered":"Faixa de op\u00e7\u00f5es no excel: guias e op\u00e7\u00f5es"},"content":{"rendered":"<div class=\"excel-before-content-2\" id=\"excel-4225048889\"><script type=\"text\/javascript\">\r\n\tatOptions = {\r\n\t\t'key' : 'c1158f160081d6540a8409e6925dab94',\r\n\t\t'format' : 'iframe',\r\n\t\t'height' : 250,\r\n\t\t'width' : 300,\r\n\t\t'params' : {}\r\n\t};\r\n<\/script>\r\n<script type=\"text\/javascript\" src=\"\/\/www.highperformanceformat.com\/c1158f160081d6540a8409e6925dab94\/invoke.js\"><\/script><\/div><div class=\"excel-before-content\" id=\"excel-2837006475\"><script type=\"text\/javascript\">\r\n\tatOptions = {\r\n\t\t'key' : 'c1158f160081d6540a8409e6925dab94',\r\n\t\t'format' : 'iframe',\r\n\t\t'height' : 250,\r\n\t\t'width' : 300,\r\n\t\t'params' : {}\r\n\t};\r\n<\/script>\r\n<script type=\"text\/javascript\" src=\"\/\/www.highperformanceformat.com\/c1158f160081d6540a8409e6925dab94\/invoke.js\"><\/script><\/div> <p>No Excel, a faixa de op\u00e7\u00f5es \u00e9 como um cabe\u00e7alho na parte superior da janela do Excel. Possui abas onde todas as op\u00e7\u00f5es s\u00e3o categorizadas. Cada guia possui um grupo de op\u00e7\u00f5es. Voc\u00ea pode usar cada op\u00e7\u00e3o diretamente da faixa de op\u00e7\u00f5es usando os bot\u00f5es ou a barra de entrada para alterar valores (como a fonte).<\/p><p> E se quiser ver todas as op\u00e7\u00f5es de um determinado grupo, voc\u00ea pode clicar na pequena seta para baixo no canto inferior direito. <\/p><div class=\"wp-block-image\"><figure class=\"aligncenter size-full is-resized\"><img loading=\"lazy\" decoding=\"async\" class=\"wp-image-79073\" src=\"https:\/\/exceladvisor.org\/wp-content\/uploads\/2023\/08\/1-groupes-doptions-du-lanceur-de-dialogue-donglets.png\" sizes=\"auto, \" srcset=\"\" alt=\"guias-dialog-launcher-options-groups\" width=\"685\" height=\"423\"><\/figure><\/div><p> Neste tutorial aprenderemos sobre as m\u00faltiplas abas, \u00edcones, grupos e diferentes op\u00e7\u00f5es com suas funcionalidades.<\/p><h2 class=\"wp-block-heading\"> Guias da faixa de op\u00e7\u00f5es do Excel<\/h2><p> No Excel, a faixa de op\u00e7\u00f5es possui as guias abaixo:<\/p><h3 class=\"wp-block-heading\"> 1. Aba Arquivo<\/h3><p> Ele oferece uma vis\u00e3o dos bastidores de todos os comandos e op\u00e7\u00f5es importantes relacionados a arquivos. Explica como criar uma nova planilha, abrir um arquivo, salvar e imprimir os arquivos. <\/p><div class=\"wp-block-image\"><figure class=\"aligncenter size-full is-resized\"><img loading=\"lazy\" decoding=\"async\" class=\"wp-image-79074\" src=\"https:\/\/exceladvisor.org\/wp-content\/uploads\/2023\/08\/2-options-donglet-de-fichier.png\" sizes=\"auto, \" srcset=\"\" alt=\"op\u00e7\u00f5es de guia de arquivo\" width=\"602\" height=\"480\"><\/figure><\/div><h3 class=\"wp-block-heading\"> 2. Guia inicial<\/h3><p> A guia In\u00edcio \u00e9 a guia padr\u00e3o no Excel. Possui as op\u00e7\u00f5es mais utilizadas que possuem diferentes grupos como \u00e1rea de transfer\u00eancia, fonte, alinhamento, n\u00famero, estilos, c\u00e9lulas e edi\u00e7\u00e3o.<\/p><p> Assim como no grupo da \u00e1rea de transfer\u00eancia, os comandos recortar, copiar e colar est\u00e3o dispon\u00edveis. Existe um grupo de fontes que inclui diversas formata\u00e7\u00f5es, estilos de fontes, cores e tamanhos. <\/p><div class=\"wp-block-image\"><figure class=\"aligncenter size-full is-resized\"><img loading=\"lazy\" decoding=\"async\" class=\"wp-image-79075\" src=\"https:\/\/exceladvisor.org\/wp-content\/uploads\/2023\/08\/3-options-de-police-pour-longlet-daccueil.png\" sizes=\"auto, \" srcset=\"\" alt=\"op\u00e7\u00f5es de fonte da guia inicial\" width=\"715\" height=\"233\"><\/figure><\/div><h3 class=\"wp-block-heading\"> 3. Insira uma guia<\/h3><p> Ele ajuda a inserir diferentes objetos, como tabelas din\u00e2micas, imagens, gr\u00e1ficos, formas, hiperlinks, cabe\u00e7alhos e rodap\u00e9s e s\u00edmbolos especiais na planilha.<\/p><p> Permite inserir a caixa de texto para adicionar o texto e personaliz\u00e1-lo alterando seu contorno e cor. <\/p><div class=\"wp-block-image\"><figure class=\"aligncenter size-full is-resized\"><img loading=\"lazy\" decoding=\"async\" class=\"wp-image-79076\" src=\"https:\/\/exceladvisor.org\/wp-content\/uploads\/2023\/08\/4-inserer-des-onglets-graphiques-liens-options-de-texte.png\" sizes=\"auto, \" srcset=\"\" alt=\"inserir-tab-charts-links-text-options\" width=\"790\" height=\"138\"><\/figure><\/div><h3 class=\"wp-block-heading\"> 4. Guia Layout<\/h3><p> Esta guia ajuda a personalizar o layout ajustando as margens da p\u00e1gina para impress\u00e3o. D\u00e1 acesso \u00e0 escolha da orienta\u00e7\u00e3o retrato e paisagem. <\/p><div class=\"wp-block-image\"><figure class=\"aligncenter size-full is-resized\"><img loading=\"lazy\" decoding=\"async\" class=\"wp-image-79077\" src=\"https:\/\/exceladvisor.org\/wp-content\/uploads\/2023\/08\/5-options-donglet-de-mise-en-page.png\" sizes=\"auto, \" srcset=\"\" alt=\"op\u00e7\u00f5es da guia de layout\" width=\"733\" height=\"230\"><\/figure><\/div><p> A guia Layout oferece a op\u00e7\u00e3o de remover as linhas de grade da planilha desmarcando a op\u00e7\u00e3o Mostrar linhas de grade. <\/p><div class=\"wp-block-image\"><figure class=\"aligncenter size-full is-resized\"><img loading=\"lazy\" decoding=\"async\" class=\"wp-image-79078\" src=\"https:\/\/exceladvisor.org\/wp-content\/uploads\/2023\/08\/Option-daffichage-du-quadrillage-de-longlet-de-mise-en-page-a-6-pages.png\" sizes=\"auto, \" srcset=\"\" alt=\"op\u00e7\u00e3o de visualiza\u00e7\u00e3o de linhas de grade de guia de layout de p\u00e1gina\" width=\"648\" height=\"128\"><\/figure><\/div><h3 class=\"wp-block-heading\"> 5. Guia F\u00f3rmula<\/h3><p> A guia F\u00f3rmula ajuda voc\u00ea a trabalhar com f\u00f3rmulas e fun\u00e7\u00f5es que est\u00e3o no grupo Biblioteca de Fun\u00e7\u00f5es.<\/p><p> Use a fun\u00e7\u00e3o de soma autom\u00e1tica para somar, calcular a m\u00e9dia e contar valores e encontrar o valor m\u00ednimo ou m\u00e1ximo entre os selecionados. O grupo de nomes definido ajuda a criar um intervalo nomeado. <\/p><div class=\"wp-block-image\"><figure class=\"aligncenter size-full is-resized\"><img loading=\"lazy\" decoding=\"async\" class=\"wp-image-79079\" src=\"https:\/\/exceladvisor.org\/wp-content\/uploads\/2023\/08\/7-fonctions-de-somme-automatique-de-longlet-formule.png\" sizes=\"auto, \" srcset=\"\" alt=\"f\u00f3rmulas-tab-autosum-fun\u00e7\u00f5es\" width=\"797\" height=\"281\"><\/figure><\/div><h3 class=\"wp-block-heading\"> 6. Guia Dados<\/h3><p> A guia de dados cont\u00e9m todas as op\u00e7\u00f5es que permitem limpar e gerenciar dados. A partir da\u00ed, voc\u00ea pode acessar uma consulta avan\u00e7ada que ajuda a limpar os dados. Mesmo isso permite classificar e filtrar seus dados. <\/p><div class=\"wp-block-image\"><figure class=\"aligncenter size-full is-resized\"><img loading=\"lazy\" decoding=\"async\" class=\"wp-image-79080\" src=\"https:\/\/exceladvisor.org\/wp-content\/uploads\/2023\/08\/8-options-donglet-de-donnees-pour-transformer-les-donnees.png\" sizes=\"auto, \" srcset=\"\" alt=\"guia de op\u00e7\u00f5es de dados para transformar dados\" width=\"866\" height=\"155\"><\/figure><\/div><h3 class=\"wp-block-heading\"> 7. Guia Revis\u00e3o<\/h3><p> Isso permite verificar a ortografia, traduzir o idioma, adicionar coment\u00e1rios e notas \u00e0 planilha. <\/p><div class=\"wp-block-image\"><figure class=\"aligncenter size-full is-resized\"><img loading=\"lazy\" decoding=\"async\" class=\"wp-image-79081\" src=\"https:\/\/exceladvisor.org\/wp-content\/uploads\/2023\/08\/9-onglet-de-revision-pour-verifier-lorthographe-en-ajoutant-des-commentaires.png\" sizes=\"auto, \" srcset=\"\" alt=\"guia de revis\u00e3o para verificar a ortografia e adicionar coment\u00e1rios\" width=\"859\" height=\"151\"><\/figure><\/div><p> Na caixa de di\u00e1logo de estat\u00edsticas da pasta de trabalho, voc\u00ea obter\u00e1 todos os detalhes da planilha e da pasta de trabalho atuais em rela\u00e7\u00e3o \u00e0s c\u00e9lulas que cont\u00eam dados, ao n\u00famero de planilhas e \u00e0s f\u00f3rmulas nelas utilizadas. <\/p><div class=\"wp-block-image\"><figure class=\"aligncenter size-full is-resized\"><img loading=\"lazy\" decoding=\"async\" class=\"wp-image-79082\" src=\"https:\/\/exceladvisor.org\/wp-content\/uploads\/2023\/08\/10-boite-de-dialogue-des-statistiques-du-classeur-de-longlet-de-revision.png\" sizes=\"auto, \" srcset=\"\" alt=\"caixa de di\u00e1logo de estat\u00edsticas da guia de revis\u00e3o da pasta de trabalho\" width=\"700\" height=\"380\"><\/figure><\/div><h3 class=\"wp-block-heading\"> 8. Guia Exibir<\/h3><p> Oferece v\u00e1rias op\u00e7\u00f5es para alterar a visualiza\u00e7\u00e3o das visualiza\u00e7\u00f5es da pasta de trabalho \u2013 Visualiza\u00e7\u00e3o de quebra de p\u00e1gina, Visualiza\u00e7\u00e3o normal e Visualiza\u00e7\u00e3o de layout. Ele permite ocultar ou mostrar a barra de f\u00f3rmulas e os t\u00edtulos das planilhas.<\/p><p> Com a op\u00e7\u00e3o Congelar pain\u00e9is, voc\u00ea pode congelar linhas e colunas selecionadas. <\/p><div class=\"wp-block-image\"><figure class=\"aligncenter size-full is-resized\"><img loading=\"lazy\" decoding=\"async\" class=\"wp-image-79083\" src=\"https:\/\/exceladvisor.org\/wp-content\/uploads\/2023\/08\/13-vues-de-classeur-dans-longlet-Affichage.png\" sizes=\"auto, \" srcset=\"\" alt=\"guias de visualiza\u00e7\u00e3o de pasta de trabalho para visualiza\u00e7\u00e3o\" width=\"848\" height=\"149\"><\/figure><\/div><h2 class=\"wp-block-heading\"> Habilitar ou desabilitar uma guia da faixa de op\u00e7\u00f5es<\/h2><p> Existem algumas guias que n\u00e3o est\u00e3o ativas na faixa de op\u00e7\u00f5es por padr\u00e3o, como as guias de desenho e desenvolvedor. E se quiser habilitar algum deles, voc\u00ea pode faz\u00ea-lo usando a op\u00e7\u00e3o de personaliza\u00e7\u00e3o. Abaixo est\u00e3o as etapas.<\/p><ul><li> Primeiro, clique com o bot\u00e3o direito na faixa de op\u00e7\u00f5es e selecione a op\u00e7\u00e3o Personalizar faixa de op\u00e7\u00f5es. <\/li><\/ul><div class=\"wp-block-image\"><figure class=\"aligncenter size-full is-resized\"><img loading=\"lazy\" decoding=\"async\" class=\"wp-image-79084\" src=\"https:\/\/exceladvisor.org\/wp-content\/uploads\/2023\/08\/11-selectionnez-personnaliser-loption-de-ruban.png\" sizes=\"auto, \" srcset=\"\" alt=\"selecione-personalizar-op\u00e7\u00e3o de faixa de op\u00e7\u00f5es\" width=\"723\" height=\"211\"><\/figure><\/div><ul><li> Agora a caixa de di\u00e1logo Op\u00e7\u00f5es do Excel aparece. <\/li><\/ul><div class=\"wp-block-image\"><figure class=\"aligncenter size-full is-resized\"><img loading=\"lazy\" decoding=\"async\" class=\"wp-image-79085\" src=\"https:\/\/exceladvisor.org\/wp-content\/uploads\/2023\/08\/Boite-de-dialogue-des-12-options-Excel.png\" sizes=\"auto, \" srcset=\"\" alt=\"Caixa de di\u00e1logo Op\u00e7\u00f5es do Excel\" width=\"826\" height=\"494\"><\/figure><\/div><ul><li> A partir daqui, voc\u00ea pode adicionar qualquer guia selecionando a caixa Salvar no menu da guia principal. <\/li><\/ul><div class=\"wp-block-image\"><figure class=\"aligncenter size-full is-resized\"><img loading=\"lazy\" decoding=\"async\" class=\"wp-image-79086\" src=\"https:\/\/exceladvisor.org\/wp-content\/uploads\/2023\/08\/14-onglets-principaux-selectionnez-longlet-developpeur.png\" sizes=\"auto, \" srcset=\"\" alt=\"guias-principal-selecionar-tab-desenvolvedor\" width=\"398\" height=\"657\"><\/figure><\/div><ul><li> Ao final, clique em OK e esta aba aparecer\u00e1 na faixa de op\u00e7\u00f5es. <\/li><\/ul><div class=\"wp-block-image\"><figure class=\"aligncenter size-full is-resized\"><img loading=\"lazy\" decoding=\"async\" class=\"wp-image-79087\" src=\"https:\/\/exceladvisor.org\/wp-content\/uploads\/2023\/08\/15-onglet-developpeur-active-sur-le-ruban.png\" sizes=\"auto, \" srcset=\"\" alt=\"guia na faixa de op\u00e7\u00f5es habilitada para desenvolvedor\" width=\"583\" height=\"173\"><\/figure><\/div><p class=\"mynote\"> Se voc\u00ea deseja remover uma guia da faixa de op\u00e7\u00f5es, basta desmarcar a caixa salvar dessa guia.<\/p><h2 class=\"wp-block-heading\"> Ocultar ou mostrar a faixa de op\u00e7\u00f5es no Excel<\/h2><p> Para aumentar o espa\u00e7o em sua planilha, voc\u00ea pode ocultar a faixa de op\u00e7\u00f5es acima.<\/p><ul><li> Clique com o bot\u00e3o direito na faixa de op\u00e7\u00f5es e selecione o bot\u00e3o Minimizar faixa de op\u00e7\u00f5es para ocult\u00e1-la. <\/li><\/ul><div class=\"wp-block-image\"><figure class=\"aligncenter size-full is-resized\"><img loading=\"lazy\" decoding=\"async\" class=\"wp-image-79088\" src=\"https:\/\/exceladvisor.org\/wp-content\/uploads\/2023\/08\/16-selectionnez-reduire-le-ruban-pour-le-masquer.png\" sizes=\"auto, \" srcset=\"\" alt=\"selecione-recolher a faixa de op\u00e7\u00f5es para ocult\u00e1-la\" width=\"748\" height=\"209\"><\/figure><\/div><ul><li> Agora voc\u00ea ver\u00e1 apenas as guias na parte superior da janela. <\/li><\/ul><div class=\"wp-block-image\"><figure class=\"aligncenter size-full is-resized\"><img loading=\"lazy\" decoding=\"async\" class=\"wp-image-79089\" src=\"https:\/\/exceladvisor.org\/wp-content\/uploads\/2023\/08\/17-seuls-onglets-visibles.png\" sizes=\"auto, \" srcset=\"\" alt=\"apenas guias vis\u00edveis\" width=\"641\" height=\"174\"><\/figure><\/div><ul><li> Para recuper\u00e1-lo, clique com o bot\u00e3o direito na barra de menu e desmarque o bot\u00e3o Minimizar faixa de op\u00e7\u00f5es. <\/li><\/ul><div class=\"wp-block-image\"><figure class=\"aligncenter size-full is-resized\"><img loading=\"lazy\" decoding=\"async\" class=\"wp-image-79090\" src=\"https:\/\/exceladvisor.org\/wp-content\/uploads\/2023\/08\/18-deselectionnez-loption-reduire-le-ruban-pour-afficher-le-ruban.png\" sizes=\"auto, \" srcset=\"\" alt=\"desmarcar-recolher-fita-para-mostrar-fita\" width=\"680\" height=\"220\"><\/figure><\/div><p class=\"mytip\"> As teclas de atalho para ocultar ou mostrar a faixa do computador s\u00e3o <strong>CTRL + F1<\/strong> ou, no caso de usu\u00e1rios de laptop, pressione <strong>CTRL<\/strong> + <strong>Fn<\/strong> + <strong>F1<\/strong> .<\/p><div class=\"gb-container gb-container-4db6181c gb-container-mt\"> <a class=\"gb-button gb-button-c5897111 gb-button-text gb-button-mt-button\" href=\"https:\/\/exceladvisor.org\/pt\/nocoes-basicas-de-excel\/\">No\u00e7\u00f5es b\u00e1sicas do Microsoft Excel (componentes, pe\u00e7as e notas de conhecimento)<\/a><h2 class=\"gb-headline gb-headline-665e5f6b gb-headline-text gb-headline-mt-heading\"> Tutoriais relacionados <\/h2><div class=\"gb-grid-wrapper gb-grid-wrapper-a20baf7c gb-grid-wrapper-mt-grid\"><div class=\"gb-grid-column gb-grid-column-65ddf67e\"><div class=\"gb-container gb-container-65ddf67e\"><ul><li> <a href=\"https:\/\/exceladvisor.org\/pt\/barra-de-acesso-rapido\/\">Barra de ferramentas de acesso r\u00e1pido no Excel<\/a><\/li><li> <a href=\"https:\/\/exceladvisor.org\/pt\/barra-de-status\/\">Barra de status no Excel<\/a><\/li><li> <a href=\"https:\/\/exceladvisor.org\/pt\/zona-de-texto\/\">Insira uma caixa de texto no Excel<\/a><\/li><li> <a href=\"https:\/\/exceladvisor.org\/pt\/visao-dos-bastidores\/\">Abra a visualiza\u00e7\u00e3o Backstage no Excel<\/a><\/li><li> <a href=\"https:\/\/exceladvisor.org\/pt\/modo-escuro\/\">Habilite o modo escuro no Excel<\/a> <\/li><\/ul><\/div><\/div><div class=\"gb-grid-column gb-grid-column-50067b57\"><div class=\"gb-container gb-container-50067b57\"><\/div><\/div><\/div><\/div>","protected":false},"excerpt":{"rendered":"","protected":false},"author":1,"featured_media":0,"parent":0,"menu_order":0,"comment_status":"open","ping_status":"closed","template":"","meta":{"ub_ctt_via":"","footnotes":""},"class_list":["post-172","page","type-page","status-publish","hentry"],"featured_image_src":null,"yoast_head":"<!-- This site is optimized with the Yoast SEO plugin v25.4 - https:\/\/yoast.com\/wordpress\/plugins\/seo\/ -->\n<title>\u25b7 Faixa de op\u00e7\u00f5es no Excel: guias e op\u00e7\u00f5es (Guia 2023)<\/title>\n<meta name=\"description\" content=\"Este \u00e9 um tutorial b\u00e1sico do Microsoft Excel para entender a faixa do Excel e todas as op\u00e7\u00f5es dispon\u00edveis nela.\" \/>\n<meta name=\"robots\" content=\"index, follow, max-snippet:-1, max-image-preview:large, max-video-preview:-1\" \/>\n<link rel=\"canonical\" href=\"https:\/\/exceladvisor.org\/pt\/fita\/\" \/>\n<meta property=\"og:locale\" content=\"pt_PT\" \/>\n<meta property=\"og:type\" content=\"article\" \/>\n<meta property=\"og:title\" content=\"\u25b7 Faixa de op\u00e7\u00f5es no Excel: guias e op\u00e7\u00f5es (Guia 2023)\" \/>\n<meta property=\"og:description\" content=\"Este \u00e9 um tutorial b\u00e1sico do Microsoft Excel para entender a faixa do Excel e todas as op\u00e7\u00f5es dispon\u00edveis nela.\" \/>\n<meta property=\"og:url\" content=\"https:\/\/exceladvisor.org\/pt\/fita\/\" \/>\n<meta property=\"og:site_name\" content=\"Excel Advisor\" \/>\n<meta property=\"article:modified_time\" content=\"2023-12-06T11:50:48+00:00\" \/>\n<meta property=\"og:image\" content=\"https:\/\/exceladvisor.org\/wp-content\/uploads\/2023\/08\/1-groupes-doptions-du-lanceur-de-dialogue-donglets.png\" \/>\n<meta name=\"twitter:card\" content=\"summary_large_image\" \/>\n<meta name=\"twitter:label1\" content=\"Tempo estimado de leitura\" \/>\n\t<meta name=\"twitter:data1\" content=\"4 minutos\" \/>\n<script type=\"application\/ld+json\" class=\"yoast-schema-graph\">{\"@context\":\"https:\/\/schema.org\",\"@graph\":[{\"@type\":\"WebPage\",\"@id\":\"https:\/\/exceladvisor.org\/pt\/fita\/\",\"url\":\"https:\/\/exceladvisor.org\/pt\/fita\/\",\"name\":\"\u25b7 Faixa de op\u00e7\u00f5es no Excel: guias e op\u00e7\u00f5es (Guia 2023)\",\"isPartOf\":{\"@id\":\"https:\/\/exceladvisor.org\/pt\/#website\"},\"primaryImageOfPage\":{\"@id\":\"https:\/\/exceladvisor.org\/pt\/fita\/#primaryimage\"},\"image\":{\"@id\":\"https:\/\/exceladvisor.org\/pt\/fita\/#primaryimage\"},\"thumbnailUrl\":\"https:\/\/exceladvisor.org\/wp-content\/uploads\/2023\/08\/1-groupes-doptions-du-lanceur-de-dialogue-donglets.png\",\"datePublished\":\"2023-11-14T01:00:34+00:00\",\"dateModified\":\"2023-12-06T11:50:48+00:00\",\"description\":\"Este \u00e9 um tutorial b\u00e1sico do Microsoft Excel para entender a faixa do Excel e todas as op\u00e7\u00f5es dispon\u00edveis nela.\",\"breadcrumb\":{\"@id\":\"https:\/\/exceladvisor.org\/pt\/fita\/#breadcrumb\"},\"inLanguage\":\"pt-PT\",\"potentialAction\":[{\"@type\":\"ReadAction\",\"target\":[\"https:\/\/exceladvisor.org\/pt\/fita\/\"]}]},{\"@type\":\"ImageObject\",\"inLanguage\":\"pt-PT\",\"@id\":\"https:\/\/exceladvisor.org\/pt\/fita\/#primaryimage\",\"url\":\"https:\/\/exceladvisor.org\/wp-content\/uploads\/2023\/08\/1-groupes-doptions-du-lanceur-de-dialogue-donglets.png\",\"contentUrl\":\"https:\/\/exceladvisor.org\/wp-content\/uploads\/2023\/08\/1-groupes-doptions-du-lanceur-de-dialogue-donglets.png\"},{\"@type\":\"BreadcrumbList\",\"@id\":\"https:\/\/exceladvisor.org\/pt\/fita\/#breadcrumb\",\"itemListElement\":[{\"@type\":\"ListItem\",\"position\":1,\"name\":\"Lar\",\"item\":\"https:\/\/exceladvisor.org\/pt\/\"},{\"@type\":\"ListItem\",\"position\":2,\"name\":\"Faixa de op\u00e7\u00f5es no excel: guias e op\u00e7\u00f5es\"}]},{\"@type\":\"WebSite\",\"@id\":\"https:\/\/exceladvisor.org\/pt\/#website\",\"url\":\"https:\/\/exceladvisor.org\/pt\/\",\"name\":\"Excel Advisor\",\"description\":\"O seu guia definitivo para dominar os dados!\",\"publisher\":{\"@id\":\"https:\/\/exceladvisor.org\/pt\/#organization\"},\"potentialAction\":[{\"@type\":\"SearchAction\",\"target\":{\"@type\":\"EntryPoint\",\"urlTemplate\":\"https:\/\/exceladvisor.org\/pt\/?s={search_term_string}\"},\"query-input\":{\"@type\":\"PropertyValueSpecification\",\"valueRequired\":true,\"valueName\":\"search_term_string\"}}],\"inLanguage\":\"pt-PT\"},{\"@type\":\"Organization\",\"@id\":\"https:\/\/exceladvisor.org\/pt\/#organization\",\"name\":\"Excel Advisor\",\"url\":\"https:\/\/exceladvisor.org\/pt\/\",\"logo\":{\"@type\":\"ImageObject\",\"inLanguage\":\"pt-PT\",\"@id\":\"https:\/\/exceladvisor.org\/pt\/#\/schema\/logo\/image\/\",\"url\":\"https:\/\/exceladvisor.org\/pt\/wp-content\/uploads\/2023\/12\/exceladvisor.org_.png\",\"contentUrl\":\"https:\/\/exceladvisor.org\/pt\/wp-content\/uploads\/2023\/12\/exceladvisor.org_.png\",\"width\":105,\"height\":36,\"caption\":\"Excel Advisor\"},\"image\":{\"@id\":\"https:\/\/exceladvisor.org\/pt\/#\/schema\/logo\/image\/\"}}]}<\/script>\n<!-- \/ Yoast SEO plugin. -->","yoast_head_json":{"title":"\u25b7 Faixa de op\u00e7\u00f5es no Excel: guias e op\u00e7\u00f5es (Guia 2023)","description":"Este \u00e9 um tutorial b\u00e1sico do Microsoft Excel para entender a faixa do Excel e todas as op\u00e7\u00f5es dispon\u00edveis nela.","robots":{"index":"index","follow":"follow","max-snippet":"max-snippet:-1","max-image-preview":"max-image-preview:large","max-video-preview":"max-video-preview:-1"},"canonical":"https:\/\/exceladvisor.org\/pt\/fita\/","og_locale":"pt_PT","og_type":"article","og_title":"\u25b7 Faixa de op\u00e7\u00f5es no Excel: guias e op\u00e7\u00f5es (Guia 2023)","og_description":"Este \u00e9 um tutorial b\u00e1sico do Microsoft Excel para entender a faixa do Excel e todas as op\u00e7\u00f5es dispon\u00edveis nela.","og_url":"https:\/\/exceladvisor.org\/pt\/fita\/","og_site_name":"Excel Advisor","article_modified_time":"2023-12-06T11:50:48+00:00","og_image":[{"url":"https:\/\/exceladvisor.org\/wp-content\/uploads\/2023\/08\/1-groupes-doptions-du-lanceur-de-dialogue-donglets.png","type":"","width":"","height":""}],"twitter_card":"summary_large_image","twitter_misc":{"Tempo estimado de leitura":"4 minutos"},"schema":{"@context":"https:\/\/schema.org","@graph":[{"@type":"WebPage","@id":"https:\/\/exceladvisor.org\/pt\/fita\/","url":"https:\/\/exceladvisor.org\/pt\/fita\/","name":"\u25b7 Faixa de op\u00e7\u00f5es no Excel: guias e op\u00e7\u00f5es (Guia 2023)","isPartOf":{"@id":"https:\/\/exceladvisor.org\/pt\/#website"},"primaryImageOfPage":{"@id":"https:\/\/exceladvisor.org\/pt\/fita\/#primaryimage"},"image":{"@id":"https:\/\/exceladvisor.org\/pt\/fita\/#primaryimage"},"thumbnailUrl":"https:\/\/exceladvisor.org\/wp-content\/uploads\/2023\/08\/1-groupes-doptions-du-lanceur-de-dialogue-donglets.png","datePublished":"2023-11-14T01:00:34+00:00","dateModified":"2023-12-06T11:50:48+00:00","description":"Este \u00e9 um tutorial b\u00e1sico do Microsoft Excel para entender a faixa do Excel e todas as op\u00e7\u00f5es dispon\u00edveis nela.","breadcrumb":{"@id":"https:\/\/exceladvisor.org\/pt\/fita\/#breadcrumb"},"inLanguage":"pt-PT","potentialAction":[{"@type":"ReadAction","target":["https:\/\/exceladvisor.org\/pt\/fita\/"]}]},{"@type":"ImageObject","inLanguage":"pt-PT","@id":"https:\/\/exceladvisor.org\/pt\/fita\/#primaryimage","url":"https:\/\/exceladvisor.org\/wp-content\/uploads\/2023\/08\/1-groupes-doptions-du-lanceur-de-dialogue-donglets.png","contentUrl":"https:\/\/exceladvisor.org\/wp-content\/uploads\/2023\/08\/1-groupes-doptions-du-lanceur-de-dialogue-donglets.png"},{"@type":"BreadcrumbList","@id":"https:\/\/exceladvisor.org\/pt\/fita\/#breadcrumb","itemListElement":[{"@type":"ListItem","position":1,"name":"Lar","item":"https:\/\/exceladvisor.org\/pt\/"},{"@type":"ListItem","position":2,"name":"Faixa de op\u00e7\u00f5es no excel: guias e op\u00e7\u00f5es"}]},{"@type":"WebSite","@id":"https:\/\/exceladvisor.org\/pt\/#website","url":"https:\/\/exceladvisor.org\/pt\/","name":"Excel Advisor","description":"O seu guia definitivo para dominar os dados!","publisher":{"@id":"https:\/\/exceladvisor.org\/pt\/#organization"},"potentialAction":[{"@type":"SearchAction","target":{"@type":"EntryPoint","urlTemplate":"https:\/\/exceladvisor.org\/pt\/?s={search_term_string}"},"query-input":{"@type":"PropertyValueSpecification","valueRequired":true,"valueName":"search_term_string"}}],"inLanguage":"pt-PT"},{"@type":"Organization","@id":"https:\/\/exceladvisor.org\/pt\/#organization","name":"Excel Advisor","url":"https:\/\/exceladvisor.org\/pt\/","logo":{"@type":"ImageObject","inLanguage":"pt-PT","@id":"https:\/\/exceladvisor.org\/pt\/#\/schema\/logo\/image\/","url":"https:\/\/exceladvisor.org\/pt\/wp-content\/uploads\/2023\/12\/exceladvisor.org_.png","contentUrl":"https:\/\/exceladvisor.org\/pt\/wp-content\/uploads\/2023\/12\/exceladvisor.org_.png","width":105,"height":36,"caption":"Excel Advisor"},"image":{"@id":"https:\/\/exceladvisor.org\/pt\/#\/schema\/logo\/image\/"}}]}},"yoast_meta":{"yoast_wpseo_title":"","yoast_wpseo_metadesc":"","yoast_wpseo_canonical":""},"_links":{"self":[{"href":"https:\/\/exceladvisor.org\/pt\/wp-json\/wp\/v2\/pages\/172","targetHints":{"allow":["GET"]}}],"collection":[{"href":"https:\/\/exceladvisor.org\/pt\/wp-json\/wp\/v2\/pages"}],"about":[{"href":"https:\/\/exceladvisor.org\/pt\/wp-json\/wp\/v2\/types\/page"}],"author":[{"embeddable":true,"href":"https:\/\/exceladvisor.org\/pt\/wp-json\/wp\/v2\/users\/1"}],"replies":[{"embeddable":true,"href":"https:\/\/exceladvisor.org\/pt\/wp-json\/wp\/v2\/comments?post=172"}],"version-history":[{"count":1,"href":"https:\/\/exceladvisor.org\/pt\/wp-json\/wp\/v2\/pages\/172\/revisions"}],"predecessor-version":[{"id":1420,"href":"https:\/\/exceladvisor.org\/pt\/wp-json\/wp\/v2\/pages\/172\/revisions\/1420"}],"wp:attachment":[{"href":"https:\/\/exceladvisor.org\/pt\/wp-json\/wp\/v2\/media?parent=172"}],"curies":[{"name":"wp","href":"https:\/\/api.w.org\/{rel}","templated":true}]}}