{"id":173,"date":"2023-11-13T22:18:01","date_gmt":"2023-11-13T22:18:01","guid":{"rendered":"https:\/\/exceladvisor.org\/pt\/copiar-e-colar-largura-da-coluna\/"},"modified":"2023-12-06T11:36:22","modified_gmt":"2023-12-06T11:36:22","slug":"copiar-e-colar-largura-da-coluna","status":"publish","type":"page","link":"https:\/\/exceladvisor.org\/pt\/copiar-e-colar-largura-da-coluna\/","title":{"rendered":"Como copiar e colar a largura de uma coluna no excel?"},"content":{"rendered":"<div class=\"excel-before-content-2\" id=\"excel-3369937026\"><script type=\"text\/javascript\">\r\n\tatOptions = {\r\n\t\t'key' : 'c1158f160081d6540a8409e6925dab94',\r\n\t\t'format' : 'iframe',\r\n\t\t'height' : 250,\r\n\t\t'width' : 300,\r\n\t\t'params' : {}\r\n\t};\r\n<\/script>\r\n<script type=\"text\/javascript\" src=\"\/\/www.highperformanceformat.com\/c1158f160081d6540a8409e6925dab94\/invoke.js\"><\/script><\/div><div class=\"excel-before-content\" id=\"excel-1318341735\"><script type=\"text\/javascript\">\r\n\tatOptions = {\r\n\t\t'key' : 'c1158f160081d6540a8409e6925dab94',\r\n\t\t'format' : 'iframe',\r\n\t\t'height' : 250,\r\n\t\t'width' : 300,\r\n\t\t'params' : {}\r\n\t};\r\n<\/script>\r\n<script type=\"text\/javascript\" src=\"\/\/www.highperformanceformat.com\/c1158f160081d6540a8409e6925dab94\/invoke.js\"><\/script><\/div> <p>No Excel, voc\u00ea sempre viu que ao copiar e colar dados, a largura da c\u00e9lula n\u00e3o \u00e9 colada e os valores das c\u00e9lulas colados podem se sobrepor ao espa\u00e7o da c\u00e9lula.<\/p><p> E \u00e0s vezes os usu\u00e1rios desejam apenas copiar e colar as larguras das colunas sem nenhum valor para colar.<\/p><p><mark class=\"has-inline-color\" style=\"background-color: #c6edfa;\"> <strong>As boas not\u00edcias<\/strong><\/mark> \u00e9 que o Excel tem a solu\u00e7\u00e3o para isso, e voc\u00ea pode copiar e colar os dados incluindo a largura da coluna e copiar e colar a largura da coluna apenas sem os dados.<\/p><p> Este tutorial mostrar\u00e1 como copiar e colar a largura da coluna de v\u00e1rias maneiras.<\/p><h2 class=\"wp-block-heading\"> Copie e cole apenas a largura da coluna<\/h2><p> Para copiar e colar apenas a largura da coluna, siga as etapas abaixo:<\/p><ol><li> Primeiro, selecione e copie a coluna cuja largura voc\u00ea deseja copiar e colar. <br><img loading=\"lazy\" decoding=\"async\" title=\"1 coluna de sele\u00e7\u00e3o\" src=\"https:\/\/exceladvisor.org\/wp-content\/uploads\/2023\/08\/1-selectionner-la-colonne-2.png\" sizes=\"auto, \" srcset=\"\" alt=\"select-the-column\" width=\"303\" height=\"259\"><\/li><li> Depois disso, v\u00e1 at\u00e9 qualquer c\u00e9lula da coluna onde deseja colar apenas a largura copiada, depois v\u00e1 at\u00e9 o \u00edcone \u201cColar\u201d da aba \u201cHome\u201d e clique na op\u00e7\u00e3o \u201cColar Especial\u201d. <br><img loading=\"lazy\" decoding=\"async\" title=\"2-colar-\u00edcone-na-guia inicial\" src=\"https:\/\/exceladvisor.org\/wp-content\/uploads\/2023\/08\/2-coller-licone-dans-longlet-daccueil.png\" sizes=\"auto, \" srcset=\"\" alt=\"paste-icon-within-home-tab\" width=\"309\" height=\"394\"><\/li><li> Ou v\u00e1 para qualquer c\u00e9lula da coluna e clique com o bot\u00e3o direito e, a seguir, clique na op\u00e7\u00e3o \u201cColar especial\u201d. <br><img loading=\"lazy\" decoding=\"async\" title=\"3 clique com o bot\u00e3o direito e op\u00e7\u00e3o especial-pste\" src=\"https:\/\/exceladvisor.org\/wp-content\/uploads\/2023\/08\/3-clic-droit-et-option-speciale-pste.png\" sizes=\"auto, \" srcset=\"\" alt=\"right-click-and-paste-special-option\" width=\"484\" height=\"280\"><\/li><li> Neste ponto, a caixa de di\u00e1logo \u201cColar Especial\u201d ser\u00e1 aberta e selecione a op\u00e7\u00e3o \u201cLargura da Coluna\u201d.<\/li><li> No final, clique em OK. <br><img loading=\"lazy\" decoding=\"async\" title=\"4 sele\u00e7\u00f5es de largura de coluna\" src=\"https:\/\/exceladvisor.org\/wp-content\/uploads\/2023\/08\/4-selectionner-la-largeur-de-colonne.png\" sizes=\"auto, \" srcset=\"\" alt=\"select-column-width\" width=\"446\" height=\"336\"><\/li><li> No momento em que voc\u00ea clicar em OK, a largura da coluna ser\u00e1 colada. <br><img loading=\"lazy\" decoding=\"async\" title=\"Colado na largura de 5 colunas\" src=\"https:\/\/exceladvisor.org\/wp-content\/uploads\/2023\/08\/5-largeur-de-colonne-collee.png\" sizes=\"auto, \" srcset=\"\" alt=\"column-width-pasted\" width=\"393\" height=\"248\"><\/li><\/ol><h2 class=\"wp-block-heading\"> Atalho de teclado para copiar e colar apenas a largura da coluna<\/h2><p> <kbd>Alt<\/kbd> \u2192 <kbd>E<\/kbd> \u2192 <kbd>S<\/kbd> \u2192 <kbd>O<\/kbd><\/p><ol><li> Primeiro, navegue at\u00e9 qualquer c\u00e9lula da coluna cuja largura voc\u00ea deseja copiar e colar e pressione as teclas de atalho \u201cCtrl + A\u201d para copiar essa c\u00e9lula.<\/li><li> Depois disso, v\u00e1 at\u00e9 a c\u00e9lula da coluna onde deseja colar a largura copiada e pressione \u201cAlt \u2192 E \u2192 S \u2192 W\u201d, pressione \u201cEnter\u201d, e a largura da coluna ser\u00e1 colada.<\/li><\/ol><h2 class=\"wp-block-heading\"> Copie e cole a largura da coluna, incluindo valores e formata\u00e7\u00e3o<\/h2><p> Voc\u00ea sempre percebeu que ao copiar e colar os dados, a largura da coluna n\u00e3o \u00e9 colada, mas para colar os dados copiados e a largura da coluna siga os passos abaixo:<\/p><ol><li> Primeiro, selecione e copie os dados que deseja colar em outro lugar da mesma planilha ou na nova planilha. <br><img loading=\"lazy\" decoding=\"async\" title=\"6-selecionar conjunto de dados\" src=\"https:\/\/exceladvisor.org\/wp-content\/uploads\/2023\/08\/6-selectionner-le-jeu-de-donnees.png\" sizes=\"auto, \" srcset=\"\" alt=\"select-the-data-set\" width=\"492\" height=\"259\"><\/li><li> Depois disso, v\u00e1 at\u00e9 a c\u00e9lula onde deseja colar esses dados e clique no \u00edcone \u201cColar\u201d da aba \u201cHome\u201d, a seguir clique na op\u00e7\u00e3o \u201cManter largura da coluna de origem\u201d.<\/li><li> No momento em que voc\u00ea clicar nesta op\u00e7\u00e3o, os dados copiados ser\u00e3o colados com largura de coluna e formata\u00e7\u00e3o, se houver, nas c\u00e9lulas copiadas. <br><img loading=\"lazy\" decoding=\"async\" title=\"7-selecionar-manter-largura-da-coluna-fonte\" src=\"https:\/\/exceladvisor.org\/wp-content\/uploads\/2023\/08\/7-selectionnez-conserver-la-largeur-de-la-colonne-source.png\" sizes=\"auto, \" srcset=\"\" alt=\"select-keep -source-column-width\" width=\"730\" height=\"323\"><\/li><\/ol><h2 class=\"wp-block-heading\"> Atalho de teclado para copiar e colar apenas a largura da coluna<\/h2><p> <kbd>Alt<\/kbd> \u2192 <kbd>H<\/kbd> \u2192 <kbd>V<\/kbd> \u2192 <kbd>W<\/kbd><\/p><ul><li> Primeiro, copie os dados usando as teclas de atalho \u201cCtrl + A\u201d.<\/li><li> Depois disso, v\u00e1 at\u00e9 a c\u00e9lula onde deseja colar os dados copiados com largura, pressione \u201cAlt \u2192 H \u2192 V \u2192 W\u201d, e os dados com largura de coluna ser\u00e3o colados.<\/li><\/ul><h2 class=\"wp-block-heading\"> Copie e cole a largura da coluna, incluindo a formata\u00e7\u00e3o, usando o Format Painter<\/h2><ol><li> Primeiro, v\u00e1 at\u00e9 o cabe\u00e7alho da coluna e selecione a coluna inteira e, a seguir, clique no \u00edcone \u201cFormat Painter\u201d na guia \u201cHome\u201d.<\/li><li> No momento em que voc\u00ea clicar em \u201cFormat Painter\u201d, o cursor do mouse se transformar\u00e1 em um s\u00edmbolo de pincel. <br><img loading=\"lazy\" decoding=\"async\" title=\"8-colar-largura-usando-formato-pintor\" src=\"https:\/\/exceladvisor.org\/wp-content\/uploads\/2023\/08\/8-largeur-de-pate-a-laide-de-Format-Painter.png\" sizes=\"auto, \" srcset=\"\" alt=\"paste-width-using-format-painter\" width=\"439\" height=\"384\"><\/li><li> Agora v\u00e1 at\u00e9 o cabe\u00e7alho da coluna onde deseja colar a largura da coluna incluindo a formata\u00e7\u00e3o e basta clicar com o bot\u00e3o do mouse e ela ser\u00e1 colada. <br><img loading=\"lazy\" decoding=\"async\" title=\"9 larguras coladas incluindo formata\u00e7\u00e3o\" src=\"https:\/\/exceladvisor.org\/wp-content\/uploads\/2023\/08\/9-largeur-collee-avec-mise-en-forme.png\" sizes=\"auto, \" srcset=\"\" alt=\"width-pasted-including-formatting\" width=\"668\" height=\"251\"><\/li><\/ol><div class=\"gb-container gb-container-4db6181c gb-container-mt\"> <a class=\"gb-button gb-button-c5897111 gb-button-text gb-button-mt-button\" href=\"https:\/\/exceladvisor.org\/pt\/nocoes-basicas-de-excel\/\">No\u00e7\u00f5es b\u00e1sicas do Microsoft Excel (componentes, pe\u00e7as e notas de conhecimento)<\/a><h2 class=\"gb-headline gb-headline-665e5f6b gb-headline-text gb-headline-mt-heading\"> Tutoriais relacionados <\/h2><div class=\"gb-grid-wrapper gb-grid-wrapper-a20baf7c gb-grid-wrapper-mt-grid\"><div class=\"gb-grid-column gb-grid-column-65ddf67e\"><div class=\"gb-container gb-container-65ddf67e\"><ul><li> <a href=\"https:\/\/exceladvisor.org\/pt\/desenhe-uma-linha\/\">Desenhe uma linha no Excel<\/a><\/li><li> <a href=\"https:\/\/exceladvisor.org\/pt\/adicionar-um-botao\/\">Adicionar um bot\u00e3o no Excel<\/a><\/li><li> <a href=\"https:\/\/exceladvisor.org\/pt\/fundir-celulas-dissociadas\/\">Mesclar \u2013 desagrupar c\u00e9lulas no Excel<\/a><\/li><li> <a href=\"https:\/\/exceladvisor.org\/pt\/verificador-ortografico\/\">Verifica\u00e7\u00e3o ortogr\u00e1fica no Excel<\/a><\/li><li> <a href=\"https:\/\/exceladvisor.org\/pt\/cancelamento\/\">Aumentar e diminuir o recuo no Excel<\/a><\/li><\/ul><\/div><\/div><\/div><\/div>","protected":false},"excerpt":{"rendered":"","protected":false},"author":1,"featured_media":0,"parent":0,"menu_order":0,"comment_status":"open","ping_status":"closed","template":"","meta":{"ub_ctt_via":"","footnotes":""},"class_list":["post-173","page","type-page","status-publish","hentry"],"featured_image_src":null,"yoast_head":"<!-- This site is optimized with the Yoast SEO plugin v25.4 - https:\/\/yoast.com\/wordpress\/plugins\/seo\/ -->\n<title>Como copiar e colar a largura de uma coluna no Excel?<\/title>\n<meta name=\"description\" content=\"Este tutorial se concentra em copiar e colar a largura de uma coluna para outra. Isso \u00e9 importante para um novo...\" \/>\n<meta name=\"robots\" content=\"index, follow, max-snippet:-1, max-image-preview:large, max-video-preview:-1\" \/>\n<link rel=\"canonical\" href=\"https:\/\/exceladvisor.org\/pt\/copiar-e-colar-largura-da-coluna\/\" \/>\n<meta property=\"og:locale\" content=\"pt_PT\" \/>\n<meta property=\"og:type\" content=\"article\" \/>\n<meta property=\"og:title\" content=\"Como copiar e colar a largura de uma coluna no Excel?\" \/>\n<meta property=\"og:description\" content=\"Este tutorial se concentra em copiar e colar a largura de uma coluna para outra. Isso \u00e9 importante para um novo...\" \/>\n<meta property=\"og:url\" content=\"https:\/\/exceladvisor.org\/pt\/copiar-e-colar-largura-da-coluna\/\" \/>\n<meta property=\"og:site_name\" content=\"Excel Advisor\" \/>\n<meta property=\"article:modified_time\" content=\"2023-12-06T11:36:22+00:00\" \/>\n<meta property=\"og:image\" content=\"https:\/\/exceladvisor.org\/wp-content\/uploads\/2023\/08\/1-selectionner-la-colonne-2.png\" \/>\n<meta name=\"twitter:card\" content=\"summary_large_image\" \/>\n<meta name=\"twitter:label1\" content=\"Tempo estimado de leitura\" \/>\n\t<meta name=\"twitter:data1\" content=\"3 minutos\" \/>\n<script type=\"application\/ld+json\" class=\"yoast-schema-graph\">{\"@context\":\"https:\/\/schema.org\",\"@graph\":[{\"@type\":\"WebPage\",\"@id\":\"https:\/\/exceladvisor.org\/pt\/copiar-e-colar-largura-da-coluna\/\",\"url\":\"https:\/\/exceladvisor.org\/pt\/copiar-e-colar-largura-da-coluna\/\",\"name\":\"Como copiar e colar a largura de uma coluna no Excel?\",\"isPartOf\":{\"@id\":\"https:\/\/exceladvisor.org\/pt\/#website\"},\"primaryImageOfPage\":{\"@id\":\"https:\/\/exceladvisor.org\/pt\/copiar-e-colar-largura-da-coluna\/#primaryimage\"},\"image\":{\"@id\":\"https:\/\/exceladvisor.org\/pt\/copiar-e-colar-largura-da-coluna\/#primaryimage\"},\"thumbnailUrl\":\"https:\/\/exceladvisor.org\/wp-content\/uploads\/2023\/08\/1-selectionner-la-colonne-2.png\",\"datePublished\":\"2023-11-13T22:18:01+00:00\",\"dateModified\":\"2023-12-06T11:36:22+00:00\",\"description\":\"Este tutorial se concentra em copiar e colar a largura de uma coluna para outra. Isso \u00e9 importante para um novo...\",\"breadcrumb\":{\"@id\":\"https:\/\/exceladvisor.org\/pt\/copiar-e-colar-largura-da-coluna\/#breadcrumb\"},\"inLanguage\":\"pt-PT\",\"potentialAction\":[{\"@type\":\"ReadAction\",\"target\":[\"https:\/\/exceladvisor.org\/pt\/copiar-e-colar-largura-da-coluna\/\"]}]},{\"@type\":\"ImageObject\",\"inLanguage\":\"pt-PT\",\"@id\":\"https:\/\/exceladvisor.org\/pt\/copiar-e-colar-largura-da-coluna\/#primaryimage\",\"url\":\"https:\/\/exceladvisor.org\/wp-content\/uploads\/2023\/08\/1-selectionner-la-colonne-2.png\",\"contentUrl\":\"https:\/\/exceladvisor.org\/wp-content\/uploads\/2023\/08\/1-selectionner-la-colonne-2.png\"},{\"@type\":\"BreadcrumbList\",\"@id\":\"https:\/\/exceladvisor.org\/pt\/copiar-e-colar-largura-da-coluna\/#breadcrumb\",\"itemListElement\":[{\"@type\":\"ListItem\",\"position\":1,\"name\":\"Lar\",\"item\":\"https:\/\/exceladvisor.org\/pt\/\"},{\"@type\":\"ListItem\",\"position\":2,\"name\":\"Como copiar e colar a largura de uma coluna no excel?\"}]},{\"@type\":\"WebSite\",\"@id\":\"https:\/\/exceladvisor.org\/pt\/#website\",\"url\":\"https:\/\/exceladvisor.org\/pt\/\",\"name\":\"Excel Advisor\",\"description\":\"O seu guia definitivo para dominar os dados!\",\"publisher\":{\"@id\":\"https:\/\/exceladvisor.org\/pt\/#organization\"},\"potentialAction\":[{\"@type\":\"SearchAction\",\"target\":{\"@type\":\"EntryPoint\",\"urlTemplate\":\"https:\/\/exceladvisor.org\/pt\/?s={search_term_string}\"},\"query-input\":{\"@type\":\"PropertyValueSpecification\",\"valueRequired\":true,\"valueName\":\"search_term_string\"}}],\"inLanguage\":\"pt-PT\"},{\"@type\":\"Organization\",\"@id\":\"https:\/\/exceladvisor.org\/pt\/#organization\",\"name\":\"Excel Advisor\",\"url\":\"https:\/\/exceladvisor.org\/pt\/\",\"logo\":{\"@type\":\"ImageObject\",\"inLanguage\":\"pt-PT\",\"@id\":\"https:\/\/exceladvisor.org\/pt\/#\/schema\/logo\/image\/\",\"url\":\"https:\/\/exceladvisor.org\/pt\/wp-content\/uploads\/2023\/12\/exceladvisor.org_.png\",\"contentUrl\":\"https:\/\/exceladvisor.org\/pt\/wp-content\/uploads\/2023\/12\/exceladvisor.org_.png\",\"width\":105,\"height\":36,\"caption\":\"Excel Advisor\"},\"image\":{\"@id\":\"https:\/\/exceladvisor.org\/pt\/#\/schema\/logo\/image\/\"}}]}<\/script>\n<!-- \/ Yoast SEO plugin. -->","yoast_head_json":{"title":"Como copiar e colar a largura de uma coluna no Excel?","description":"Este tutorial se concentra em copiar e colar a largura de uma coluna para outra. Isso \u00e9 importante para um novo...","robots":{"index":"index","follow":"follow","max-snippet":"max-snippet:-1","max-image-preview":"max-image-preview:large","max-video-preview":"max-video-preview:-1"},"canonical":"https:\/\/exceladvisor.org\/pt\/copiar-e-colar-largura-da-coluna\/","og_locale":"pt_PT","og_type":"article","og_title":"Como copiar e colar a largura de uma coluna no Excel?","og_description":"Este tutorial se concentra em copiar e colar a largura de uma coluna para outra. Isso \u00e9 importante para um novo...","og_url":"https:\/\/exceladvisor.org\/pt\/copiar-e-colar-largura-da-coluna\/","og_site_name":"Excel Advisor","article_modified_time":"2023-12-06T11:36:22+00:00","og_image":[{"url":"https:\/\/exceladvisor.org\/wp-content\/uploads\/2023\/08\/1-selectionner-la-colonne-2.png","type":"","width":"","height":""}],"twitter_card":"summary_large_image","twitter_misc":{"Tempo estimado de leitura":"3 minutos"},"schema":{"@context":"https:\/\/schema.org","@graph":[{"@type":"WebPage","@id":"https:\/\/exceladvisor.org\/pt\/copiar-e-colar-largura-da-coluna\/","url":"https:\/\/exceladvisor.org\/pt\/copiar-e-colar-largura-da-coluna\/","name":"Como copiar e colar a largura de uma coluna no Excel?","isPartOf":{"@id":"https:\/\/exceladvisor.org\/pt\/#website"},"primaryImageOfPage":{"@id":"https:\/\/exceladvisor.org\/pt\/copiar-e-colar-largura-da-coluna\/#primaryimage"},"image":{"@id":"https:\/\/exceladvisor.org\/pt\/copiar-e-colar-largura-da-coluna\/#primaryimage"},"thumbnailUrl":"https:\/\/exceladvisor.org\/wp-content\/uploads\/2023\/08\/1-selectionner-la-colonne-2.png","datePublished":"2023-11-13T22:18:01+00:00","dateModified":"2023-12-06T11:36:22+00:00","description":"Este tutorial se concentra em copiar e colar a largura de uma coluna para outra. Isso \u00e9 importante para um novo...","breadcrumb":{"@id":"https:\/\/exceladvisor.org\/pt\/copiar-e-colar-largura-da-coluna\/#breadcrumb"},"inLanguage":"pt-PT","potentialAction":[{"@type":"ReadAction","target":["https:\/\/exceladvisor.org\/pt\/copiar-e-colar-largura-da-coluna\/"]}]},{"@type":"ImageObject","inLanguage":"pt-PT","@id":"https:\/\/exceladvisor.org\/pt\/copiar-e-colar-largura-da-coluna\/#primaryimage","url":"https:\/\/exceladvisor.org\/wp-content\/uploads\/2023\/08\/1-selectionner-la-colonne-2.png","contentUrl":"https:\/\/exceladvisor.org\/wp-content\/uploads\/2023\/08\/1-selectionner-la-colonne-2.png"},{"@type":"BreadcrumbList","@id":"https:\/\/exceladvisor.org\/pt\/copiar-e-colar-largura-da-coluna\/#breadcrumb","itemListElement":[{"@type":"ListItem","position":1,"name":"Lar","item":"https:\/\/exceladvisor.org\/pt\/"},{"@type":"ListItem","position":2,"name":"Como copiar e colar a largura de uma coluna no excel?"}]},{"@type":"WebSite","@id":"https:\/\/exceladvisor.org\/pt\/#website","url":"https:\/\/exceladvisor.org\/pt\/","name":"Excel Advisor","description":"O seu guia definitivo para dominar os dados!","publisher":{"@id":"https:\/\/exceladvisor.org\/pt\/#organization"},"potentialAction":[{"@type":"SearchAction","target":{"@type":"EntryPoint","urlTemplate":"https:\/\/exceladvisor.org\/pt\/?s={search_term_string}"},"query-input":{"@type":"PropertyValueSpecification","valueRequired":true,"valueName":"search_term_string"}}],"inLanguage":"pt-PT"},{"@type":"Organization","@id":"https:\/\/exceladvisor.org\/pt\/#organization","name":"Excel Advisor","url":"https:\/\/exceladvisor.org\/pt\/","logo":{"@type":"ImageObject","inLanguage":"pt-PT","@id":"https:\/\/exceladvisor.org\/pt\/#\/schema\/logo\/image\/","url":"https:\/\/exceladvisor.org\/pt\/wp-content\/uploads\/2023\/12\/exceladvisor.org_.png","contentUrl":"https:\/\/exceladvisor.org\/pt\/wp-content\/uploads\/2023\/12\/exceladvisor.org_.png","width":105,"height":36,"caption":"Excel Advisor"},"image":{"@id":"https:\/\/exceladvisor.org\/pt\/#\/schema\/logo\/image\/"}}]}},"yoast_meta":{"yoast_wpseo_title":"","yoast_wpseo_metadesc":"","yoast_wpseo_canonical":""},"_links":{"self":[{"href":"https:\/\/exceladvisor.org\/pt\/wp-json\/wp\/v2\/pages\/173","targetHints":{"allow":["GET"]}}],"collection":[{"href":"https:\/\/exceladvisor.org\/pt\/wp-json\/wp\/v2\/pages"}],"about":[{"href":"https:\/\/exceladvisor.org\/pt\/wp-json\/wp\/v2\/types\/page"}],"author":[{"embeddable":true,"href":"https:\/\/exceladvisor.org\/pt\/wp-json\/wp\/v2\/users\/1"}],"replies":[{"embeddable":true,"href":"https:\/\/exceladvisor.org\/pt\/wp-json\/wp\/v2\/comments?post=173"}],"version-history":[{"count":1,"href":"https:\/\/exceladvisor.org\/pt\/wp-json\/wp\/v2\/pages\/173\/revisions"}],"predecessor-version":[{"id":950,"href":"https:\/\/exceladvisor.org\/pt\/wp-json\/wp\/v2\/pages\/173\/revisions\/950"}],"wp:attachment":[{"href":"https:\/\/exceladvisor.org\/pt\/wp-json\/wp\/v2\/media?parent=173"}],"curies":[{"name":"wp","href":"https:\/\/api.w.org\/{rel}","templated":true}]}}