{"id":174,"date":"2023-11-13T21:20:58","date_gmt":"2023-11-13T21:20:58","guid":{"rendered":"https:\/\/exceladvisor.org\/pt\/colar-valores-sem-formatacao\/"},"modified":"2023-12-06T11:36:24","modified_gmt":"2023-12-06T11:36:24","slug":"colar-valores-sem-formatacao","status":"publish","type":"page","link":"https:\/\/exceladvisor.org\/pt\/colar-valores-sem-formatacao\/","title":{"rendered":"Como copiar e colar valores sem formata\u00e7\u00e3o?"},"content":{"rendered":"<div class=\"excel-before-content-2\" id=\"excel-3437964787\"><script type=\"text\/javascript\">\r\n\tatOptions = {\r\n\t\t'key' : 'c1158f160081d6540a8409e6925dab94',\r\n\t\t'format' : 'iframe',\r\n\t\t'height' : 250,\r\n\t\t'width' : 300,\r\n\t\t'params' : {}\r\n\t};\r\n<\/script>\r\n<script type=\"text\/javascript\" src=\"\/\/www.highperformanceformat.com\/c1158f160081d6540a8409e6925dab94\/invoke.js\"><\/script><\/div><div class=\"excel-before-content\" id=\"excel-2141531794\"><script type=\"text\/javascript\">\r\n\tatOptions = {\r\n\t\t'key' : 'c1158f160081d6540a8409e6925dab94',\r\n\t\t'format' : 'iframe',\r\n\t\t'height' : 250,\r\n\t\t'width' : 300,\r\n\t\t'params' : {}\r\n\t};\r\n<\/script>\r\n<script type=\"text\/javascript\" src=\"\/\/www.highperformanceformat.com\/c1158f160081d6540a8409e6925dab94\/invoke.js\"><\/script><\/div> <p>Como todos voc\u00eas sabem, copiar e colar \u00e9 uma coisa comum que todo mundo faz enquanto trabalha com dados e \u00e0s vezes voc\u00ea quer copiar e colar dados que possuem formata\u00e7\u00e3o aplicada, mas quer colar os valores apenas deles e para isso o Excel tem v\u00e1rias maneiras de fazer isso.<\/p><p> Neste tutorial, mostraremos diversas maneiras de copiar e colar valores apenas sem formata\u00e7\u00e3o.<\/p><h2 class=\"wp-block-heading\"> Etapas para copiar e colar valores apenas usando a op\u00e7\u00e3o especial de colar<\/h2><ol><li> Primeiro, selecione a c\u00e9lula ou intervalo de c\u00e9lulas que deseja copiar e colar.<\/li><li> Depois disso, pressione as teclas de atalho \u201cCTRL + C\u201d ou clique com o bot\u00e3o direito e selecione a op\u00e7\u00e3o \u201cCopiar\u201d na lista suspensa para copiar as c\u00e9lulas selecionadas. <br><img loading=\"lazy\" decoding=\"async\" title=\"1-copiar-colar apenas valores\" src=\"https:\/\/exceladvisor.org\/wp-content\/uploads\/2023\/08\/1-copier-et-coller-uniquement-les-valeurs.png\" sizes=\"auto, \" srcset=\"\" alt=\"copy-and-paste-values-only\" width=\"448\" height=\"393\"><\/li><li> Assim que seus dados forem selecionados, o Excel come\u00e7ar\u00e1 a exibir a borda destacada na \u00e1rea selecionada conforme mostrado na imagem abaixo. <br><img loading=\"lazy\" decoding=\"async\" title=\"2 intervalos de dados selecionados\" src=\"https:\/\/exceladvisor.org\/wp-content\/uploads\/2023\/08\/2-plage-de-donnees-selectionnee.png\" sizes=\"auto, \" srcset=\"\" alt=\"selected-data-range\" width=\"405\" height=\"223\"><\/li><li> Agora v\u00e1 at\u00e9 a c\u00e9lula onde deseja colar os dados copiados e clique com o bot\u00e3o direito e escolha a op\u00e7\u00e3o \u201c123\u201d (Valores) e seus dados ser\u00e3o colados como valores. <br><img loading=\"lazy\" decoding=\"async\" title=\"Valores de escolha da op\u00e7\u00e3o 3\" src=\"https:\/\/exceladvisor.org\/wp-content\/uploads\/2023\/08\/3-choisir-loption-des-valeurs.png\" sizes=\"auto, \" srcset=\"\" alt=\"choose-values-option\" width=\"613\" height=\"253\"><\/li><li> Ou v\u00e1 at\u00e9 a c\u00e9lula onde deseja colar os dados copiados e v\u00e1 at\u00e9 a aba \u201cHome\u201d e clique no \u00edcone \u201cColar\u201d e pode escolher a op\u00e7\u00e3o \u201c123\u201d valores a partir da\u00ed e seus dados ser\u00e3o colados como valores. <br><img loading=\"lazy\" decoding=\"async\" title=\"4-escolha apenas colar valores\" src=\"https:\/\/exceladvisor.org\/wp-content\/uploads\/2023\/08\/4-choisir-uniquement-les-valeurs-de-collage.png\" sizes=\"auto, \" srcset=\"\" alt=\"choose-paste-values-only\" width=\"564\" height=\"354\"><\/li><\/ol><h2 class=\"wp-block-heading\"> Copie e cole valores arrastando e soltando<\/h2><p> O Excel tamb\u00e9m possui uma funcionalidade de arrastar e soltar muito r\u00e1pida e f\u00e1cil para colar os dados copiados apenas como valores e para isso siga os passos abaixo:<\/p><ol><li> Primeiro, selecione a c\u00e9lula ou intervalo de c\u00e9lulas que deseja copiar e colar.<\/li><li> Depois disso, passe o mouse sobre a borda do intervalo selecionado. <br><img loading=\"lazy\" decoding=\"async\" title=\"5-passar o mouse na borda do intervalo\" src=\"https:\/\/exceladvisor.org\/wp-content\/uploads\/2023\/08\/5-survolez-la-souris-sur-la-bordure-de-la-plage.png\" sizes=\"auto, \" srcset=\"\" alt=\"hover-mouse-on-the-range-border\" width=\"408\" height=\"227\"><\/li><li> Agora clique com o bot\u00e3o direito e segure e arraste o intervalo at\u00e9 a c\u00e9lula onde deseja col\u00e1-lo e solte o bot\u00e3o direito do mouse.<\/li><li> Ao soltar o bot\u00e3o direito, voc\u00ea obter\u00e1 o menu suspenso com as m\u00faltiplas op\u00e7\u00f5es e a partir da\u00ed clique em \u201cCopiar aqui apenas como valores\u201d. <br><img loading=\"lazy\" decoding=\"async\" title=\"6-copie aqui apenas como valores\" src=\"https:\/\/exceladvisor.org\/wp-content\/uploads\/2023\/08\/6-copier-ici-en-tant-que-valeurs-uniquement.png\" sizes=\"auto, \" srcset=\"\" alt=\"copy-here-as-values-only\" width=\"540\" height=\"339\"><\/li><li> No momento em que voc\u00ea clicar na op\u00e7\u00e3o \u201cCopiar aqui somente como valores\u201d, os dados copiados ser\u00e3o colados apenas como valores. <br><img loading=\"lazy\" decoding=\"async\" title=\"7 dados colados apenas como valores\" src=\"https:\/\/exceladvisor.org\/wp-content\/uploads\/2023\/08\/7-donnees-collees-en-tant-que-valeurs-uniquement.png\" sizes=\"auto, \" srcset=\"\" alt=\"data-pasted-as-values-only\" width=\"611\" height=\"233\"><\/li><\/ol><h2 class=\"wp-block-heading\"> Copie e cole valores apenas usando o atalho do teclado<\/h2><p> Se voc\u00ea adora atalhos do Excel, copiar e colar usando o atalho do teclado \u00e9 a melhor escolha para voc\u00ea.<\/p><ol><li> Primeiro, selecione o intervalo de dados que deseja copiar e colar e, a seguir, pressione o atalho de teclado \u201cCtrl + C\u201d para copiar esse intervalo.<\/li><li> Ou, se quiser selecionar todo o conjunto de dados, primeiro pressione \u201cCtrl + A\u201d para selecionar todo o conjunto de dados e, a seguir, pressione \u201cCtrl + C\u201d para copiar o conjunto de dados selecionado.<\/li><li> Assim que seus dados forem selecionados, o Excel come\u00e7ar\u00e1 a exibir a borda destacada na \u00e1rea selecionada conforme mostrado na imagem abaixo. <br><img loading=\"lazy\" decoding=\"async\" title=\"8-sele\u00e7\u00e3o-intervalo de dados\" src=\"https:\/\/exceladvisor.org\/wp-content\/uploads\/2023\/08\/8-selectionner-la-plage-de-donnees.png\" sizes=\"auto, \" srcset=\"\" alt=\"select-the-data-range\" width=\"426\" height=\"248\"><\/li><li> Agora v\u00e1 at\u00e9 a c\u00e9lula onde deseja colar os dados selecionados, pressione as teclas \u201cAlt \u2192 E \u2192 S \u2192 E\u201d em sequ\u00eancia e a seguir pressione a tecla \u201cEnter\u201d e seus dados ser\u00e3o colados apenas como valores.<\/li><li> Ou voc\u00ea pode pressionar \u201cCtrl + Alt + V \u2192 \u201cE\u201d e pressionar a tecla \u201cEnter\u201d para colar os dados copiados apenas como valores. <br><img loading=\"lazy\" decoding=\"async\" title=\"9-atalho apenas para colar valores\" src=\"https:\/\/exceladvisor.org\/wp-content\/uploads\/2023\/08\/9-raccourci-pour-coller-uniquement-les-valeurs.png\" sizes=\"auto, \" srcset=\"\" alt=\"shortcut-to-paste-values-only\" width=\"707\" height=\"223\"><\/li><\/ol><p class=\"grey-note\"> Os dois atalhos mencionados acima abrem a caixa de di\u00e1logo &#8220;Colar Especial&#8221; quando voc\u00ea pressiona as tr\u00eas primeiras teclas da combina\u00e7\u00e3o de atalhos e quando voc\u00ea pressiona a \u00faltima tecla, &#8220;V&#8221;, que seleciona a op\u00e7\u00e3o &#8220;Valores&#8221; da caixa de di\u00e1logo para colar o dados apenas como valores. <\/p><div class=\"wp-block-image\"><figure class=\"aligncenter size-full is-resized\"><img loading=\"lazy\" decoding=\"async\" class=\"wp-image-80398\" src=\"https:\/\/exceladvisor.org\/wp-content\/uploads\/2023\/08\/Boite-de-dialogue-speciale-10-coller.png\" sizes=\"auto, \" srcset=\"\" alt=\"colar-caixa de di\u00e1logo especial\" width=\"452\" height=\"339\"><\/figure><\/div><h2 class=\"wp-block-heading\"> Copie e cole valores usando o modo de edi\u00e7\u00e3o de c\u00e9lulas<\/h2><p> Esta op\u00e7\u00e3o s\u00f3 funciona se voc\u00ea quiser copiar e colar um \u00fanico valor de c\u00e9lula.<\/p><ol><li> Navegue at\u00e9 a c\u00e9lula que deseja copiar, clique duas vezes nela para colocar a c\u00e9lula no modo de edi\u00e7\u00e3o e selecione e copie o valor da c\u00e9lula.<\/li><li> Depois disso, v\u00e1 at\u00e9 a c\u00e9lula onde voc\u00ea est\u00e1 colando o valor copiado e cole l\u00e1 usando o atalho de teclado \u201cCtrl + V\u201d. <\/li><\/ol><div class=\"wp-block-image\"><figure class=\"aligncenter size-full is-resized\"><img loading=\"lazy\" decoding=\"async\" class=\"wp-image-80399\" src=\"https:\/\/exceladvisor.org\/wp-content\/uploads\/2023\/08\/11-selectionner-la-valeur-de-la-cellule.png\" sizes=\"auto, \" srcset=\"\" alt=\"selecione o valor da c\u00e9lula\" width=\"450\" height=\"253\"><\/figure><\/div><div class=\"gb-container gb-container-4db6181c gb-container-mt\"> <a class=\"gb-button gb-button-c5897111 gb-button-text gb-button-mt-button\" href=\"https:\/\/exceladvisor.org\/pt\/nocoes-basicas-de-excel\/\">No\u00e7\u00f5es b\u00e1sicas do Microsoft Excel (componentes, pe\u00e7as e notas de conhecimento)<\/a><h2 class=\"gb-headline gb-headline-665e5f6b gb-headline-text gb-headline-mt-heading\"> Tutoriais relacionados <\/h2><div class=\"gb-grid-wrapper gb-grid-wrapper-a20baf7c gb-grid-wrapper-mt-grid\"><div class=\"gb-grid-column gb-grid-column-65ddf67e\"><div class=\"gb-container gb-container-65ddf67e\"><ul><li> <a href=\"https:\/\/exceladvisor.org\/pt\/desenhe-uma-linha\/\">Desenhe uma linha no Excel<\/a><\/li><li> <a href=\"https:\/\/exceladvisor.org\/pt\/adicionar-um-botao\/\">Adicionar um bot\u00e3o no Excel<\/a><\/li><li> <a href=\"https:\/\/exceladvisor.org\/pt\/fundir-celulas-dissociadas\/\">Mesclar \u2013 desagrupar c\u00e9lulas no Excel<\/a><\/li><li> <a href=\"https:\/\/exceladvisor.org\/pt\/verificador-ortografico\/\">Verifica\u00e7\u00e3o ortogr\u00e1fica no Excel<\/a> <\/li><\/ul><\/div><\/div><div class=\"gb-grid-column gb-grid-column-50067b57\"><div class=\"gb-container gb-container-50067b57\"><ul><li> <a href=\"https:\/\/exceladvisor.org\/pt\/encontrar-substituir\/\">Localizar e substituir no Excel<\/a><\/li><li> <a href=\"https:\/\/exceladvisor.org\/pt\/copiar-e-colar-largura-da-coluna\/\">Copie e cole a largura da coluna no Excel<\/a><\/li><li> <a href=\"https:\/\/exceladvisor.org\/pt\/cifrao\/\">Adicione um cifr\u00e3o no Excel<\/a><\/li><li> <a href=\"https:\/\/exceladvisor.org\/pt\/crie-o-cabecalho-da-primeira-linha\/\">Crie um cabe\u00e7alho de primeira linha no Excel<\/a><\/li><\/ul><\/div><\/div><\/div><\/div>","protected":false},"excerpt":{"rendered":"","protected":false},"author":1,"featured_media":0,"parent":0,"menu_order":0,"comment_status":"open","ping_status":"closed","template":"","meta":{"ub_ctt_via":"","footnotes":""},"class_list":["post-174","page","type-page","status-publish","hentry"],"featured_image_src":null,"yoast_head":"<!-- This site is optimized with the Yoast SEO plugin v25.4 - https:\/\/yoast.com\/wordpress\/plugins\/seo\/ -->\n<title>\u25b7 Como copiar e colar valores sem formata\u00e7\u00e3o?<\/title>\n<meta name=\"description\" content=\"Este \u00e9 um tutorial b\u00e1sico do Microsoft Excel para copiar e colar valores sem formata\u00e7\u00e3o. Neste tutorial voc\u00ea aprender\u00e1 como\" \/>\n<meta name=\"robots\" content=\"index, follow, max-snippet:-1, max-image-preview:large, max-video-preview:-1\" \/>\n<link rel=\"canonical\" href=\"https:\/\/exceladvisor.org\/pt\/colar-valores-sem-formatacao\/\" \/>\n<meta property=\"og:locale\" content=\"pt_PT\" \/>\n<meta property=\"og:type\" content=\"article\" \/>\n<meta property=\"og:title\" content=\"\u25b7 Como copiar e colar valores sem formata\u00e7\u00e3o?\" \/>\n<meta property=\"og:description\" content=\"Este \u00e9 um tutorial b\u00e1sico do Microsoft Excel para copiar e colar valores sem formata\u00e7\u00e3o. Neste tutorial voc\u00ea aprender\u00e1 como\" \/>\n<meta property=\"og:url\" content=\"https:\/\/exceladvisor.org\/pt\/colar-valores-sem-formatacao\/\" \/>\n<meta property=\"og:site_name\" content=\"Excel Advisor\" \/>\n<meta property=\"article:modified_time\" content=\"2023-12-06T11:36:24+00:00\" \/>\n<meta property=\"og:image\" content=\"https:\/\/exceladvisor.org\/wp-content\/uploads\/2023\/08\/1-copier-et-coller-uniquement-les-valeurs.png\" \/>\n<meta name=\"twitter:card\" content=\"summary_large_image\" \/>\n<meta name=\"twitter:label1\" content=\"Tempo estimado de leitura\" \/>\n\t<meta name=\"twitter:data1\" content=\"4 minutos\" \/>\n<script type=\"application\/ld+json\" class=\"yoast-schema-graph\">{\"@context\":\"https:\/\/schema.org\",\"@graph\":[{\"@type\":\"WebPage\",\"@id\":\"https:\/\/exceladvisor.org\/pt\/colar-valores-sem-formatacao\/\",\"url\":\"https:\/\/exceladvisor.org\/pt\/colar-valores-sem-formatacao\/\",\"name\":\"\u25b7 Como copiar e colar valores sem formata\u00e7\u00e3o?\",\"isPartOf\":{\"@id\":\"https:\/\/exceladvisor.org\/pt\/#website\"},\"primaryImageOfPage\":{\"@id\":\"https:\/\/exceladvisor.org\/pt\/colar-valores-sem-formatacao\/#primaryimage\"},\"image\":{\"@id\":\"https:\/\/exceladvisor.org\/pt\/colar-valores-sem-formatacao\/#primaryimage\"},\"thumbnailUrl\":\"https:\/\/exceladvisor.org\/wp-content\/uploads\/2023\/08\/1-copier-et-coller-uniquement-les-valeurs.png\",\"datePublished\":\"2023-11-13T21:20:58+00:00\",\"dateModified\":\"2023-12-06T11:36:24+00:00\",\"description\":\"Este \u00e9 um tutorial b\u00e1sico do Microsoft Excel para copiar e colar valores sem formata\u00e7\u00e3o. Neste tutorial voc\u00ea aprender\u00e1 como\",\"breadcrumb\":{\"@id\":\"https:\/\/exceladvisor.org\/pt\/colar-valores-sem-formatacao\/#breadcrumb\"},\"inLanguage\":\"pt-PT\",\"potentialAction\":[{\"@type\":\"ReadAction\",\"target\":[\"https:\/\/exceladvisor.org\/pt\/colar-valores-sem-formatacao\/\"]}]},{\"@type\":\"ImageObject\",\"inLanguage\":\"pt-PT\",\"@id\":\"https:\/\/exceladvisor.org\/pt\/colar-valores-sem-formatacao\/#primaryimage\",\"url\":\"https:\/\/exceladvisor.org\/wp-content\/uploads\/2023\/08\/1-copier-et-coller-uniquement-les-valeurs.png\",\"contentUrl\":\"https:\/\/exceladvisor.org\/wp-content\/uploads\/2023\/08\/1-copier-et-coller-uniquement-les-valeurs.png\"},{\"@type\":\"BreadcrumbList\",\"@id\":\"https:\/\/exceladvisor.org\/pt\/colar-valores-sem-formatacao\/#breadcrumb\",\"itemListElement\":[{\"@type\":\"ListItem\",\"position\":1,\"name\":\"Lar\",\"item\":\"https:\/\/exceladvisor.org\/pt\/\"},{\"@type\":\"ListItem\",\"position\":2,\"name\":\"Como copiar e colar valores sem formata\u00e7\u00e3o?\"}]},{\"@type\":\"WebSite\",\"@id\":\"https:\/\/exceladvisor.org\/pt\/#website\",\"url\":\"https:\/\/exceladvisor.org\/pt\/\",\"name\":\"Excel Advisor\",\"description\":\"O seu guia definitivo para dominar os dados!\",\"publisher\":{\"@id\":\"https:\/\/exceladvisor.org\/pt\/#organization\"},\"potentialAction\":[{\"@type\":\"SearchAction\",\"target\":{\"@type\":\"EntryPoint\",\"urlTemplate\":\"https:\/\/exceladvisor.org\/pt\/?s={search_term_string}\"},\"query-input\":{\"@type\":\"PropertyValueSpecification\",\"valueRequired\":true,\"valueName\":\"search_term_string\"}}],\"inLanguage\":\"pt-PT\"},{\"@type\":\"Organization\",\"@id\":\"https:\/\/exceladvisor.org\/pt\/#organization\",\"name\":\"Excel Advisor\",\"url\":\"https:\/\/exceladvisor.org\/pt\/\",\"logo\":{\"@type\":\"ImageObject\",\"inLanguage\":\"pt-PT\",\"@id\":\"https:\/\/exceladvisor.org\/pt\/#\/schema\/logo\/image\/\",\"url\":\"https:\/\/exceladvisor.org\/pt\/wp-content\/uploads\/2023\/12\/exceladvisor.org_.png\",\"contentUrl\":\"https:\/\/exceladvisor.org\/pt\/wp-content\/uploads\/2023\/12\/exceladvisor.org_.png\",\"width\":105,\"height\":36,\"caption\":\"Excel Advisor\"},\"image\":{\"@id\":\"https:\/\/exceladvisor.org\/pt\/#\/schema\/logo\/image\/\"}}]}<\/script>\n<!-- \/ Yoast SEO plugin. -->","yoast_head_json":{"title":"\u25b7 Como copiar e colar valores sem formata\u00e7\u00e3o?","description":"Este \u00e9 um tutorial b\u00e1sico do Microsoft Excel para copiar e colar valores sem formata\u00e7\u00e3o. Neste tutorial voc\u00ea aprender\u00e1 como","robots":{"index":"index","follow":"follow","max-snippet":"max-snippet:-1","max-image-preview":"max-image-preview:large","max-video-preview":"max-video-preview:-1"},"canonical":"https:\/\/exceladvisor.org\/pt\/colar-valores-sem-formatacao\/","og_locale":"pt_PT","og_type":"article","og_title":"\u25b7 Como copiar e colar valores sem formata\u00e7\u00e3o?","og_description":"Este \u00e9 um tutorial b\u00e1sico do Microsoft Excel para copiar e colar valores sem formata\u00e7\u00e3o. Neste tutorial voc\u00ea aprender\u00e1 como","og_url":"https:\/\/exceladvisor.org\/pt\/colar-valores-sem-formatacao\/","og_site_name":"Excel Advisor","article_modified_time":"2023-12-06T11:36:24+00:00","og_image":[{"url":"https:\/\/exceladvisor.org\/wp-content\/uploads\/2023\/08\/1-copier-et-coller-uniquement-les-valeurs.png","type":"","width":"","height":""}],"twitter_card":"summary_large_image","twitter_misc":{"Tempo estimado de leitura":"4 minutos"},"schema":{"@context":"https:\/\/schema.org","@graph":[{"@type":"WebPage","@id":"https:\/\/exceladvisor.org\/pt\/colar-valores-sem-formatacao\/","url":"https:\/\/exceladvisor.org\/pt\/colar-valores-sem-formatacao\/","name":"\u25b7 Como copiar e colar valores sem formata\u00e7\u00e3o?","isPartOf":{"@id":"https:\/\/exceladvisor.org\/pt\/#website"},"primaryImageOfPage":{"@id":"https:\/\/exceladvisor.org\/pt\/colar-valores-sem-formatacao\/#primaryimage"},"image":{"@id":"https:\/\/exceladvisor.org\/pt\/colar-valores-sem-formatacao\/#primaryimage"},"thumbnailUrl":"https:\/\/exceladvisor.org\/wp-content\/uploads\/2023\/08\/1-copier-et-coller-uniquement-les-valeurs.png","datePublished":"2023-11-13T21:20:58+00:00","dateModified":"2023-12-06T11:36:24+00:00","description":"Este \u00e9 um tutorial b\u00e1sico do Microsoft Excel para copiar e colar valores sem formata\u00e7\u00e3o. Neste tutorial voc\u00ea aprender\u00e1 como","breadcrumb":{"@id":"https:\/\/exceladvisor.org\/pt\/colar-valores-sem-formatacao\/#breadcrumb"},"inLanguage":"pt-PT","potentialAction":[{"@type":"ReadAction","target":["https:\/\/exceladvisor.org\/pt\/colar-valores-sem-formatacao\/"]}]},{"@type":"ImageObject","inLanguage":"pt-PT","@id":"https:\/\/exceladvisor.org\/pt\/colar-valores-sem-formatacao\/#primaryimage","url":"https:\/\/exceladvisor.org\/wp-content\/uploads\/2023\/08\/1-copier-et-coller-uniquement-les-valeurs.png","contentUrl":"https:\/\/exceladvisor.org\/wp-content\/uploads\/2023\/08\/1-copier-et-coller-uniquement-les-valeurs.png"},{"@type":"BreadcrumbList","@id":"https:\/\/exceladvisor.org\/pt\/colar-valores-sem-formatacao\/#breadcrumb","itemListElement":[{"@type":"ListItem","position":1,"name":"Lar","item":"https:\/\/exceladvisor.org\/pt\/"},{"@type":"ListItem","position":2,"name":"Como copiar e colar valores sem formata\u00e7\u00e3o?"}]},{"@type":"WebSite","@id":"https:\/\/exceladvisor.org\/pt\/#website","url":"https:\/\/exceladvisor.org\/pt\/","name":"Excel Advisor","description":"O seu guia definitivo para dominar os dados!","publisher":{"@id":"https:\/\/exceladvisor.org\/pt\/#organization"},"potentialAction":[{"@type":"SearchAction","target":{"@type":"EntryPoint","urlTemplate":"https:\/\/exceladvisor.org\/pt\/?s={search_term_string}"},"query-input":{"@type":"PropertyValueSpecification","valueRequired":true,"valueName":"search_term_string"}}],"inLanguage":"pt-PT"},{"@type":"Organization","@id":"https:\/\/exceladvisor.org\/pt\/#organization","name":"Excel Advisor","url":"https:\/\/exceladvisor.org\/pt\/","logo":{"@type":"ImageObject","inLanguage":"pt-PT","@id":"https:\/\/exceladvisor.org\/pt\/#\/schema\/logo\/image\/","url":"https:\/\/exceladvisor.org\/pt\/wp-content\/uploads\/2023\/12\/exceladvisor.org_.png","contentUrl":"https:\/\/exceladvisor.org\/pt\/wp-content\/uploads\/2023\/12\/exceladvisor.org_.png","width":105,"height":36,"caption":"Excel Advisor"},"image":{"@id":"https:\/\/exceladvisor.org\/pt\/#\/schema\/logo\/image\/"}}]}},"yoast_meta":{"yoast_wpseo_title":"","yoast_wpseo_metadesc":"","yoast_wpseo_canonical":""},"_links":{"self":[{"href":"https:\/\/exceladvisor.org\/pt\/wp-json\/wp\/v2\/pages\/174","targetHints":{"allow":["GET"]}}],"collection":[{"href":"https:\/\/exceladvisor.org\/pt\/wp-json\/wp\/v2\/pages"}],"about":[{"href":"https:\/\/exceladvisor.org\/pt\/wp-json\/wp\/v2\/types\/page"}],"author":[{"embeddable":true,"href":"https:\/\/exceladvisor.org\/pt\/wp-json\/wp\/v2\/users\/1"}],"replies":[{"embeddable":true,"href":"https:\/\/exceladvisor.org\/pt\/wp-json\/wp\/v2\/comments?post=174"}],"version-history":[{"count":1,"href":"https:\/\/exceladvisor.org\/pt\/wp-json\/wp\/v2\/pages\/174\/revisions"}],"predecessor-version":[{"id":953,"href":"https:\/\/exceladvisor.org\/pt\/wp-json\/wp\/v2\/pages\/174\/revisions\/953"}],"wp:attachment":[{"href":"https:\/\/exceladvisor.org\/pt\/wp-json\/wp\/v2\/media?parent=174"}],"curies":[{"name":"wp","href":"https:\/\/api.w.org\/{rel}","templated":true}]}}