{"id":175,"date":"2023-11-13T20:26:28","date_gmt":"2023-11-13T20:26:28","guid":{"rendered":"https:\/\/exceladvisor.org\/pt\/limpar-folha\/"},"modified":"2023-12-06T11:38:20","modified_gmt":"2023-12-06T11:38:20","slug":"limpar-folha","status":"publish","type":"page","link":"https:\/\/exceladvisor.org\/pt\/limpar-folha\/","title":{"rendered":"Como limpar uma planilha inteira usando vba?"},"content":{"rendered":"<div class=\"excel-before-content-2\" id=\"excel-4092554746\"><script type=\"text\/javascript\">\r\n\tatOptions = {\r\n\t\t'key' : 'c1158f160081d6540a8409e6925dab94',\r\n\t\t'format' : 'iframe',\r\n\t\t'height' : 250,\r\n\t\t'width' : 300,\r\n\t\t'params' : {}\r\n\t};\r\n<\/script>\r\n<script type=\"text\/javascript\" src=\"\/\/www.highperformanceformat.com\/c1158f160081d6540a8409e6925dab94\/invoke.js\"><\/script><\/div><div class=\"excel-before-content\" id=\"excel-898310913\"><script type=\"text\/javascript\">\r\n\tatOptions = {\r\n\t\t'key' : 'c1158f160081d6540a8409e6925dab94',\r\n\t\t'format' : 'iframe',\r\n\t\t'height' : 250,\r\n\t\t'width' : 300,\r\n\t\t'params' : {}\r\n\t};\r\n<\/script>\r\n<script type=\"text\/javascript\" src=\"\/\/www.highperformanceformat.com\/c1158f160081d6540a8409e6925dab94\/invoke.js\"><\/script><\/div> <p>Para limpar uma planilha inteira usando c\u00f3digo VBA de uma s\u00f3 vez, voc\u00ea precisa usar duas coisas: primeiro o m\u00e9todo CLEAR e depois CELLS para se referir a todas as c\u00e9lulas em uma planilha.<\/p><h2 class=\"wp-block-heading\"> Limpar planilha ativa<\/h2><p> Digamos que se voc\u00ea quiser limpar todo o conte\u00fado da planilha de ativa\u00e7\u00e3o, o c\u00f3digo seria como abaixo.<\/p><pre class=\"wp-block-code\"> <code class=\"language-visual-basic\" lang=\"visual-basic\">Cells.Clear<\/code><\/pre><p> Ao executar este c\u00f3digo ele limpar\u00e1 tudo de todas as c\u00e9lulas da planilha ativa, como j\u00e1 mencionei usamos clear para nos referirmos a toda a planilha e clear para limp\u00e1-la.<\/p><h2 class=\"wp-block-heading\"> Limpar uma planilha espec\u00edfica<\/h2><p> H\u00e1 uma coisa que voc\u00ea deve observar: para limpar uma planilha, ela deve estar habilitada. Ent\u00e3o, digamos que voc\u00ea queira limpar a &#8220;Planilha1&#8221;, o c\u00f3digo seria assim:<\/p><pre class=\"wp-block-code\"> <code class=\"language-visual-basic\" lang=\"visual-basic\">Sheets(\"Sheet1\").Activate Cells.Clear<\/code><\/pre><p> Neste c\u00f3digo, o primeiro ativa \u201cPlanilha1\u201d e a segunda linha limpa tudo.<\/p><h2 class=\"wp-block-heading\"> Outras coisas para limpar<\/h2><p> Voc\u00ea tamb\u00e9m pode usar os m\u00e9todos abaixo para apagar coisas diferentes.<\/p><pre class=\"wp-block-code\"> <code class=\"language-visual-basic\" lang=\"visual-basic\">Cells.ClearContents 'to clear contents Cells.ClearComments 'to clear Comments Cells.ClearFormats 'to clears formatting Cells.ClearHyperlinks 'to clear hyperlinks Cells.ClearNotes 'to clear notes Cells.ClearOutline 'to clears outline<\/code><\/pre><h2 class=\"wp-block-heading\"> Excluir uma planilha de uma pasta de trabalho espec\u00edfica<\/h2><p> O c\u00f3digo abaixo pode referir-se \u00e0 pasta de trabalho &#8220;Livro1&#8221; e limpar a planilha &#8220;Planilha1&#8221;. Mas certifique-se de que a pasta de trabalho esteja aberta no momento <a href=\"https:\/\/exceladvisor.org\/pt\/executar-uma-macro-2\/\">da execu\u00e7\u00e3o deste c\u00f3digo<\/a> .<\/p><pre class=\"wp-block-code\"> <code class=\"language-visual-basic\" lang=\"visual-basic\">Workbooks(\"Book1\").Sheets(\"Sheet1\").Activate Cells.Clear<\/code><\/pre><p> Este c\u00f3digo primeiro ativa a \u201cFolha1\u201d do livro e o apaga.<\/p><h2 class=\"wp-block-heading\"> Excluir uma planilha de uma pasta de trabalho fechada<\/h2><p> E no c\u00f3digo abaixo, nos referimos \u00e0 \u201cPlanilha1\u201d da pasta de trabalho \u201carquivo de amostra\u201d, armazenada em um local espec\u00edfico.<\/p><pre class=\"wp-block-code\"> <code class=\"language-visual-basic\" lang=\"visual-basic\">Sub vba_clear_sheet() Dim wb As Workbook Application.ScreenUpdating = False Set wb = Workbooks.Open(\"C:\\Users\\Dell\\Desktop\\sample-file.xlsx\") wb.Sheets(\"Sheet1\").Activate Cells.Clear wb.Close SaveChanges:=True Application.ScreenUpdating = False End Sub<\/code><\/pre><div class=\"gb-container gb-container-4db6181c gb-container-mt\"> <a class=\"gb-button gb-button-c5897111 gb-button-text gb-button-mt-button\" href=\"https:\/\/exceladvisor.org\/pt\/vba\/\">O que \u00e9 VBA<\/a><h2 class=\"gb-headline gb-headline-665e5f6b gb-headline-text gb-headline-mt-heading\"> Tutoriais relacionados <\/h2><div class=\"gb-grid-wrapper gb-grid-wrapper-a20baf7c gb-grid-wrapper-mt-grid\"><div class=\"gb-grid-column gb-grid-column-65ddf67e\"><div class=\"gb-container gb-container-65ddf67e\"><ul><li> <a href=\"https:\/\/exceladvisor.org\/pt\/folha-de-copia\/\">Copie e mova uma planilha no Excel usando VBA<\/a><\/li><li> <a href=\"https:\/\/exceladvisor.org\/pt\/conte-as-folhas\/\">COUNT planilhas usando VBA no Excel<\/a><\/li><li> <a href=\"https:\/\/exceladvisor.org\/pt\/excluir-uma-planilha-1\/\">EXCLUIR uma FOLHA usando VBA no Excel<\/a><\/li><li> <a href=\"https:\/\/exceladvisor.org\/pt\/ocultar-planilha\/\">Ocultar e mostrar uma planilha usando VBA no Excel<\/a><\/li><li> <a href=\"https:\/\/exceladvisor.org\/pt\/proteja-a-folha\/\">PROTEGER e DESPROTEGER uma planilha usando VBA no Excel<\/a><\/li><li> <a href=\"https:\/\/exceladvisor.org\/pt\/renomear-planilha\/\">RENOMEAR uma planilha usando VBA no Excel<\/a> <\/li><\/ul><\/div><\/div><div class=\"gb-grid-column gb-grid-column-50067b57\"><div class=\"gb-container gb-container-50067b57\"><\/div><\/div><\/div><\/div>","protected":false},"excerpt":{"rendered":"","protected":false},"author":1,"featured_media":0,"parent":0,"menu_order":0,"comment_status":"open","ping_status":"closed","template":"","meta":{"ub_ctt_via":"","footnotes":""},"class_list":["post-175","page","type-page","status-publish","hentry"],"featured_image_src":null,"yoast_head":"<!-- This site is optimized with the Yoast SEO plugin v25.4 - https:\/\/yoast.com\/wordpress\/plugins\/seo\/ -->\n<title>Como LIMPAR uma planilha inteira usando VBA no Excel?<\/title>\n<meta name=\"description\" content=\"Este tutorial mostra como limpar uma planilha inteira usando c\u00f3digo VBA. Tamb\u00e9m mostra diferentes maneiras\" \/>\n<meta name=\"robots\" content=\"index, follow, max-snippet:-1, max-image-preview:large, max-video-preview:-1\" \/>\n<link rel=\"canonical\" href=\"https:\/\/exceladvisor.org\/pt\/limpar-folha\/\" \/>\n<meta property=\"og:locale\" content=\"pt_PT\" \/>\n<meta property=\"og:type\" content=\"article\" \/>\n<meta property=\"og:title\" content=\"Como LIMPAR uma planilha inteira usando VBA no Excel?\" \/>\n<meta property=\"og:description\" content=\"Este tutorial mostra como limpar uma planilha inteira usando c\u00f3digo VBA. Tamb\u00e9m mostra diferentes maneiras\" \/>\n<meta property=\"og:url\" content=\"https:\/\/exceladvisor.org\/pt\/limpar-folha\/\" \/>\n<meta property=\"og:site_name\" content=\"Excel Advisor\" \/>\n<meta property=\"article:modified_time\" content=\"2023-12-06T11:38:20+00:00\" \/>\n<meta name=\"twitter:card\" content=\"summary_large_image\" \/>\n<meta name=\"twitter:label1\" content=\"Tempo estimado de leitura\" \/>\n\t<meta name=\"twitter:data1\" content=\"2 minutos\" \/>\n<script type=\"application\/ld+json\" class=\"yoast-schema-graph\">{\"@context\":\"https:\/\/schema.org\",\"@graph\":[{\"@type\":\"WebPage\",\"@id\":\"https:\/\/exceladvisor.org\/pt\/limpar-folha\/\",\"url\":\"https:\/\/exceladvisor.org\/pt\/limpar-folha\/\",\"name\":\"Como LIMPAR uma planilha inteira usando VBA no Excel?\",\"isPartOf\":{\"@id\":\"https:\/\/exceladvisor.org\/pt\/#website\"},\"datePublished\":\"2023-11-13T20:26:28+00:00\",\"dateModified\":\"2023-12-06T11:38:20+00:00\",\"description\":\"Este tutorial mostra como limpar uma planilha inteira usando c\u00f3digo VBA. Tamb\u00e9m mostra diferentes maneiras\",\"breadcrumb\":{\"@id\":\"https:\/\/exceladvisor.org\/pt\/limpar-folha\/#breadcrumb\"},\"inLanguage\":\"pt-PT\",\"potentialAction\":[{\"@type\":\"ReadAction\",\"target\":[\"https:\/\/exceladvisor.org\/pt\/limpar-folha\/\"]}]},{\"@type\":\"BreadcrumbList\",\"@id\":\"https:\/\/exceladvisor.org\/pt\/limpar-folha\/#breadcrumb\",\"itemListElement\":[{\"@type\":\"ListItem\",\"position\":1,\"name\":\"Lar\",\"item\":\"https:\/\/exceladvisor.org\/pt\/\"},{\"@type\":\"ListItem\",\"position\":2,\"name\":\"Como limpar uma planilha inteira usando vba?\"}]},{\"@type\":\"WebSite\",\"@id\":\"https:\/\/exceladvisor.org\/pt\/#website\",\"url\":\"https:\/\/exceladvisor.org\/pt\/\",\"name\":\"Excel Advisor\",\"description\":\"O seu guia definitivo para dominar os dados!\",\"publisher\":{\"@id\":\"https:\/\/exceladvisor.org\/pt\/#organization\"},\"potentialAction\":[{\"@type\":\"SearchAction\",\"target\":{\"@type\":\"EntryPoint\",\"urlTemplate\":\"https:\/\/exceladvisor.org\/pt\/?s={search_term_string}\"},\"query-input\":{\"@type\":\"PropertyValueSpecification\",\"valueRequired\":true,\"valueName\":\"search_term_string\"}}],\"inLanguage\":\"pt-PT\"},{\"@type\":\"Organization\",\"@id\":\"https:\/\/exceladvisor.org\/pt\/#organization\",\"name\":\"Excel Advisor\",\"url\":\"https:\/\/exceladvisor.org\/pt\/\",\"logo\":{\"@type\":\"ImageObject\",\"inLanguage\":\"pt-PT\",\"@id\":\"https:\/\/exceladvisor.org\/pt\/#\/schema\/logo\/image\/\",\"url\":\"https:\/\/exceladvisor.org\/pt\/wp-content\/uploads\/2023\/12\/exceladvisor.org_.png\",\"contentUrl\":\"https:\/\/exceladvisor.org\/pt\/wp-content\/uploads\/2023\/12\/exceladvisor.org_.png\",\"width\":105,\"height\":36,\"caption\":\"Excel Advisor\"},\"image\":{\"@id\":\"https:\/\/exceladvisor.org\/pt\/#\/schema\/logo\/image\/\"}}]}<\/script>\n<!-- \/ Yoast SEO plugin. -->","yoast_head_json":{"title":"Como LIMPAR uma planilha inteira usando VBA no Excel?","description":"Este tutorial mostra como limpar uma planilha inteira usando c\u00f3digo VBA. Tamb\u00e9m mostra diferentes maneiras","robots":{"index":"index","follow":"follow","max-snippet":"max-snippet:-1","max-image-preview":"max-image-preview:large","max-video-preview":"max-video-preview:-1"},"canonical":"https:\/\/exceladvisor.org\/pt\/limpar-folha\/","og_locale":"pt_PT","og_type":"article","og_title":"Como LIMPAR uma planilha inteira usando VBA no Excel?","og_description":"Este tutorial mostra como limpar uma planilha inteira usando c\u00f3digo VBA. Tamb\u00e9m mostra diferentes maneiras","og_url":"https:\/\/exceladvisor.org\/pt\/limpar-folha\/","og_site_name":"Excel Advisor","article_modified_time":"2023-12-06T11:38:20+00:00","twitter_card":"summary_large_image","twitter_misc":{"Tempo estimado de leitura":"2 minutos"},"schema":{"@context":"https:\/\/schema.org","@graph":[{"@type":"WebPage","@id":"https:\/\/exceladvisor.org\/pt\/limpar-folha\/","url":"https:\/\/exceladvisor.org\/pt\/limpar-folha\/","name":"Como LIMPAR uma planilha inteira usando VBA no Excel?","isPartOf":{"@id":"https:\/\/exceladvisor.org\/pt\/#website"},"datePublished":"2023-11-13T20:26:28+00:00","dateModified":"2023-12-06T11:38:20+00:00","description":"Este tutorial mostra como limpar uma planilha inteira usando c\u00f3digo VBA. Tamb\u00e9m mostra diferentes maneiras","breadcrumb":{"@id":"https:\/\/exceladvisor.org\/pt\/limpar-folha\/#breadcrumb"},"inLanguage":"pt-PT","potentialAction":[{"@type":"ReadAction","target":["https:\/\/exceladvisor.org\/pt\/limpar-folha\/"]}]},{"@type":"BreadcrumbList","@id":"https:\/\/exceladvisor.org\/pt\/limpar-folha\/#breadcrumb","itemListElement":[{"@type":"ListItem","position":1,"name":"Lar","item":"https:\/\/exceladvisor.org\/pt\/"},{"@type":"ListItem","position":2,"name":"Como limpar uma planilha inteira usando vba?"}]},{"@type":"WebSite","@id":"https:\/\/exceladvisor.org\/pt\/#website","url":"https:\/\/exceladvisor.org\/pt\/","name":"Excel Advisor","description":"O seu guia definitivo para dominar os dados!","publisher":{"@id":"https:\/\/exceladvisor.org\/pt\/#organization"},"potentialAction":[{"@type":"SearchAction","target":{"@type":"EntryPoint","urlTemplate":"https:\/\/exceladvisor.org\/pt\/?s={search_term_string}"},"query-input":{"@type":"PropertyValueSpecification","valueRequired":true,"valueName":"search_term_string"}}],"inLanguage":"pt-PT"},{"@type":"Organization","@id":"https:\/\/exceladvisor.org\/pt\/#organization","name":"Excel Advisor","url":"https:\/\/exceladvisor.org\/pt\/","logo":{"@type":"ImageObject","inLanguage":"pt-PT","@id":"https:\/\/exceladvisor.org\/pt\/#\/schema\/logo\/image\/","url":"https:\/\/exceladvisor.org\/pt\/wp-content\/uploads\/2023\/12\/exceladvisor.org_.png","contentUrl":"https:\/\/exceladvisor.org\/pt\/wp-content\/uploads\/2023\/12\/exceladvisor.org_.png","width":105,"height":36,"caption":"Excel Advisor"},"image":{"@id":"https:\/\/exceladvisor.org\/pt\/#\/schema\/logo\/image\/"}}]}},"yoast_meta":{"yoast_wpseo_title":"","yoast_wpseo_metadesc":"","yoast_wpseo_canonical":""},"_links":{"self":[{"href":"https:\/\/exceladvisor.org\/pt\/wp-json\/wp\/v2\/pages\/175","targetHints":{"allow":["GET"]}}],"collection":[{"href":"https:\/\/exceladvisor.org\/pt\/wp-json\/wp\/v2\/pages"}],"about":[{"href":"https:\/\/exceladvisor.org\/pt\/wp-json\/wp\/v2\/types\/page"}],"author":[{"embeddable":true,"href":"https:\/\/exceladvisor.org\/pt\/wp-json\/wp\/v2\/users\/1"}],"replies":[{"embeddable":true,"href":"https:\/\/exceladvisor.org\/pt\/wp-json\/wp\/v2\/comments?post=175"}],"version-history":[{"count":1,"href":"https:\/\/exceladvisor.org\/pt\/wp-json\/wp\/v2\/pages\/175\/revisions"}],"predecessor-version":[{"id":1115,"href":"https:\/\/exceladvisor.org\/pt\/wp-json\/wp\/v2\/pages\/175\/revisions\/1115"}],"wp:attachment":[{"href":"https:\/\/exceladvisor.org\/pt\/wp-json\/wp\/v2\/media?parent=175"}],"curies":[{"name":"wp","href":"https:\/\/api.w.org\/{rel}","templated":true}]}}