{"id":176,"date":"2023-11-13T18:23:16","date_gmt":"2023-11-13T18:23:16","guid":{"rendered":"https:\/\/exceladvisor.org\/pt\/condicao-em-soma-produto\/"},"modified":"2023-12-06T11:50:21","modified_gmt":"2023-12-06T11:50:21","slug":"condicao-em-soma-produto","status":"publish","type":"page","link":"https:\/\/exceladvisor.org\/pt\/condicao-em-soma-produto\/","title":{"rendered":"Como usar sumproduct if no excel?"},"content":{"rendered":"<div class=\"excel-before-content-2\" id=\"excel-2877437145\"><script type=\"text\/javascript\">\r\n\tatOptions = {\r\n\t\t'key' : 'c1158f160081d6540a8409e6925dab94',\r\n\t\t'format' : 'iframe',\r\n\t\t'height' : 250,\r\n\t\t'width' : 300,\r\n\t\t'params' : {}\r\n\t};\r\n<\/script>\r\n<script type=\"text\/javascript\" src=\"\/\/www.highperformanceformat.com\/c1158f160081d6540a8409e6925dab94\/invoke.js\"><\/script><\/div><div class=\"excel-before-content\" id=\"excel-3329985804\"><script type=\"text\/javascript\">\r\n\tatOptions = {\r\n\t\t'key' : 'c1158f160081d6540a8409e6925dab94',\r\n\t\t'format' : 'iframe',\r\n\t\t'height' : 250,\r\n\t\t'width' : 300,\r\n\t\t'params' : {}\r\n\t};\r\n<\/script>\r\n<script type=\"text\/javascript\" src=\"\/\/www.highperformanceformat.com\/c1158f160081d6540a8409e6925dab94\/invoke.js\"><\/script><\/div> <p>SUMPRODUCT \u00e9 uma das <a style=\"outline: none; display: inline-block;\" href=\"https:\/\/exceladvisor.org\/pt\/funcoes-do-excel\/\">fun\u00e7\u00f5es mais importantes do Excel<\/a> . A melhor parte \u00e9 que voc\u00ea pode modific\u00e1-lo de v\u00e1rias maneiras.<\/p><p> E um de seus poderes que descobri recentemente \u00e9: Use-o como <strong>um SOMAPRODUTO SE<\/strong> Em suma, um SOMAPRODUTO condicional.<\/p><p> Bem, como voc\u00ea sabe, voc\u00ea pode usar SUMPRODUCT para multiplicar e somar intervalos ou matrizes especificadas. Com um SUMPRODUCT condicional, voc\u00ea pode multiplicar e somar os intervalos que atendem aos crit\u00e9rios.<\/p><p> Sim, voc\u00ea ouviu direito. E voc\u00ea sabe o melhor? N\u00e3o h\u00e1 necessidade de usar a fun\u00e7\u00e3o IF para isso. N\u00e3o \u00e9 \u00f3timo?<\/p><p> Sim?<\/p><p> Ent\u00e3o hoje neste artigo gostaria de compartilhar com voc\u00eas um problema e uma maneira f\u00e1cil de usar o SUMPRODUCTIVE para resolv\u00ea-lo.<\/p><p> Ent\u00e3o esteja comigo para aprender uma das f\u00f3rmulas mais incr\u00edveis do Excel e n\u00e3o deixe de <a href=\"https:\/\/exceladvisor.org\/wp-content\/uploads\/2023\/08\/somme-des-donnees-brutes.xlsx\" rel=\"nofollow\">baixar arquivos de amostra.<\/a><\/p><h2 id=\"h-how-i-got-to-know-about-this-conditional-sumproduct\" class=\"wp-block-heading\"> Como aprendi sobre este SUMPRODUCT condicional<\/h2><p> Vamos come\u00e7ar do come\u00e7o.<\/p><p> Ontem recebi um e-mail de um dos meus assinantes. Ela queria criar uma instru\u00e7\u00e3o condicional com SUMPRODUCT e IF para obter dados de uma tabela.<\/p><p> Aqui est\u00e1 o e-mail que recebi:<\/p><blockquote class=\"wp-block-quote\"><p> Ol\u00e1 Puneet, preciso da sua ajuda. Existe uma maneira de combinar SUMPRODUCT IF? Tenho dados em uma tabela e quero obter o produto de duas colunas que atendem aos crit\u00e9rios. Por favor me ajude.<\/p><\/blockquote><p> Junto com o e-mail recebi dela um arquivo Excel com os seguintes componentes. Voc\u00ea pode <a href=\"https:\/\/exceladvisor.org\/wp-content\/uploads\/2023\/08\/somme-des-donnees-brutes.xlsx\" rel=\"nofollow\">baixar este arquivo aqui<\/a> para acompanhar. <\/p><div class=\"wp-block-image\"><figure class=\"aligncenter size-full\"><img loading=\"lazy\" decoding=\"async\" class=\"wp-image-17568\" src=\"https:\/\/exceladvisor.org\/wp-content\/uploads\/2023\/08\/table-de-donnees-brutes-pour-appliquer-sumproduct-si-1.png\" sizes=\"auto, \" srcset=\"\" alt=\"tabela de dados brutos para aplicar sumproduct se\" width=\"584\" height=\"437\"><\/figure><\/div><ol><li> <strong><span style=\"color: #000000;\">Dados de estoque:<\/span><\/strong> Esta tabela cont\u00e9m dados de estoque armazenados em diferentes lojas de sua empresa. Cont\u00e9m o nome do produto, unidades em estoque e peso unit\u00e1rio.<\/li><li> <strong><span style=\"color: #000000;\">Lista suspensa<\/span> :<\/strong> um menu suspenso para selecionar um produto.<\/li><\/ol><p> A partir desta tabela, ela queria obter a quantidade total de um produto (unidades * peso por unidade) selecionando o menu suspenso. Por exemplo, se ela selecionar \u201cVegetais\u201d, a quantidade total na c\u00e9lula dever\u00e1 ser o total multiplicando as unidades pela quantidade por unidade.<\/p><p> Observe que o nome do produto \u00e9 um requisito aqui. <\/p><div class=\"wp-block-image\"><figure class=\"aligncenter\"><img decoding=\"async\" src=\"https:\/\/exceladvisor.org\/wp-content\/uploads\/2023\/08\/tableau-de-donnees-de-la-fonction-de-somme-conditionnelle-pour-selectionner-les-impulsions-1.png\" sizes=\"\" srcset=\"\" alt=\"tabela de dados da fun\u00e7\u00e3o de soma condicional para selecionar pulsos\"><\/figure><\/div><h2 id=\"h-solution-with-sumproduct-if\" class=\"wp-block-heading\"> Solu\u00e7\u00e3o com SUMPRODUCT IF<\/h2><p> Naquela \u00e9poca eu tinha certeza de uma coisa: para obter a soma do produto de arrays ou intervalos podemos usar SUMPRODUCT.<\/p><p> Mas aqui o jogo era obter a soma multiplicando o total de unidades e a quantidade por unidade apenas para as c\u00e9lulas que atendessem aos crit\u00e9rios.<\/p><p> E a f\u00f3rmula que podemos usar: <\/p><pre class=\"wp-block-code\"> <code class=\"language-excel-formula\" lang=\"excel-formula\">=SUMPRODUCT(--(C7:C19=C2),E7:E19,F7:F19)<\/code><\/pre><p class=\"has-text-align-center\"><img loading=\"lazy\" decoding=\"async\" src=\"https:\/\/exceladvisor.org\/wp-content\/uploads\/2023\/08\/Solution-avec-Sumproduct-If-Statement.gif\" sizes=\"auto, \" srcset=\"\" alt=\"Solu\u00e7\u00e3o com declara\u00e7\u00e3o Sumproduct If\" width=\"588\" height=\"488\" data-id=\"7191\"><\/p><p> Agora, ao selecionar uma entrada na lista suspensa, esta f\u00f3rmula retornar\u00e1 apenas o produto para c\u00e9lulas que atendam aos crit\u00e9rios.<\/p><p> <strong><span style=\"color: #ff0000;\">Ei, espere um minuto:<\/span><\/strong> assim como esta f\u00f3rmula, listei mais algumas f\u00f3rmulas inteligentes que podem surpreender voc\u00ea.<\/p><ul><li> <a href=\"https:\/\/exceladvisor.org\/pt\/classificacao-condicional-classificacao-sumproduto-se\/\">Classifica\u00e7\u00e3o condicional no Excel usando a fun\u00e7\u00e3o SUMPRODUCT<\/a><\/li><li> <a href=\"https:\/\/exceladvisor.org\/pt\/maximo-se\/\">Como usar a f\u00f3rmula MAX IF no Excel<\/a><\/li><li> <a href=\"https:\/\/exceladvisor.org\/pt\/contantes-countif-ou-logico\/\">Como usar a l\u00f3gica OR em COUNTIF\/COUNIFS no Excel<\/a><\/li><li> <a href=\"https:\/\/exceladvisor.org\/pt\/sumif-sumifs-ou-logica\/\">Como usar SUMIF\/SUMIFS com l\u00f3gica OR no Excel<\/a><\/li><\/ul><h2 id=\"h-how-it-works\" class=\"wp-block-heading\"> Como funciona<\/h2><p> Como voc\u00ea j\u00e1 sabe, SUMPRODUCT pode trabalhar com tabelas. Portanto, no m\u00e9todo acima, usamos tr\u00eas arrays para obter o produto dos valores. <\/p><div class=\"wp-block-image\"><figure class=\"aligncenter\"><img decoding=\"async\" src=\"https:\/\/exceladvisor.org\/wp-content\/uploads\/2023\/08\/trois-tableaux-pour-sumproduct-conditionnel-1.png\" sizes=\"\" srcset=\"\" alt=\"tr\u00eas matrizes para soma condicional\"><\/figure><\/div><p> A f\u00f3rmula funciona da seguinte maneira.<\/p><h3 id=\"h-1-creating-a-condition\" class=\"wp-block-heading\"> 1. Crie uma condi\u00e7\u00e3o<\/h3><p> <b>Em primeiro lugar<\/b> , temos uma tabela para verificar o status do nome do produto. Ele verificar\u00e1 os valores da coluna do produto e retornar\u00e1 TRUE para valores correspondentes e FALSE para outros. <\/p><div class=\"wp-block-image\"><figure class=\"aligncenter\"><img decoding=\"async\" src=\"https:\/\/exceladvisor.org\/wp-content\/uploads\/2023\/08\/Fonctionnement-de-linstruction-SUMPRODUCT-IF.png\" sizes=\"\" srcset=\"\" alt=\"Como funciona a instru\u00e7\u00e3o SUMPRODUCT IF\"><\/figure><\/div><h3 id=\"h-2-using-double-minus-sign\" class=\"wp-block-heading\"> 2. Use o sinal de menos duplo<\/h3><p> Agora o pr\u00f3ximo passo \u00e9 converter os valores TRUE-FALSE em 0-1 para que possamos us\u00e1-los no c\u00e1lculo. E para isso, utilizamos o <a href=\"http:\/\/www.listendata.com\/2012\/10\/why-two-minus-signs-in-excel-formula.html\" target=\"_blank\" rel=\"noopener noreferrer\">duplo sinal de menos<\/a> na frente da primeira tabela. <\/p><div class=\"wp-block-image\"><figure class=\"aligncenter\"><img decoding=\"async\" src=\"https:\/\/exceladvisor.org\/wp-content\/uploads\/2023\/08\/Utiliser-Double-Minus-Sigh-avec-linstruction-SUMPRODUCT-IF.png\" sizes=\"\" srcset=\"\" alt=\"use suspiro duplo menos com somaproduto if declara\u00e7\u00e3o\"><\/figure><\/div><h3 id=\"h-3-multiplying-arrays\" class=\"wp-block-heading\"> 3. Multiplicar tabelas<\/h3><p> Ap\u00f3s converter TRUE-FALSE em 0-1, a tabela ficar\u00e1 assim. Aqui todos os valores onde os crit\u00e9rios n\u00e3o s\u00e3o atendidos, temos zeros. <\/p><div class=\"wp-block-image\"><figure class=\"aligncenter\"><img decoding=\"async\" src=\"https:\/\/exceladvisor.org\/wp-content\/uploads\/2023\/08\/tableau-fonctionnant-pour-utiliser-la-condition-dans-sumproduct-1.png\" sizes=\"\" srcset=\"\" alt=\"array trabalhando para usar a condi\u00e7\u00e3o em sumproduct\"><\/figure><\/div><p> Lembre-se, quando algo se multiplica por zero, retorna a zero. Desta forma obtemos o produto apenas para as c\u00e9lulas onde temos 1. Resumindo, onde a condi\u00e7\u00e3o \u00e9 atendida. <\/p><div class=\"gb-container gb-container-bafb25cc gb-container-download-2\"><div class=\"gb-grid-wrapper gb-grid-wrapper-91201309\"><div class=\"gb-grid-column gb-grid-column-15a917ef\"><div class=\"gb-container gb-container-15a917ef\"><h2 class=\"gb-headline gb-headline-f2deb261 gb-headline-text gb-headline-download-2\"> Obtenha o arquivo Excel <\/h2><\/div><\/div><div class=\"gb-grid-column gb-grid-column-18357188\"><div class=\"gb-container gb-container-18357188\"><div class=\"gb-container gb-container-76cbe15e\"> <a class=\"gb-button gb-button-cb63d00a gb-button-text gb-button-download-2\" href=\"https:\/\/exceladvisor.org\/wp-content\/uploads\/2023\/08\/produit-somme-conditionnelle.xlsx\" rel=\"nofollow\">Download<\/a><\/div><\/div><\/div><\/div><\/div><h2 id=\"h-conclusion\" class=\"wp-block-heading\"> Conclus\u00e3o<\/h2><p> A melhor parte de usar este SUMPRODUCT condicional \u00e9 que voc\u00ea n\u00e3o precisa usar IF e todo o c\u00e1lculo est\u00e1 em uma \u00fanica c\u00e9lula. Como eu disse, SUMPRODUCT \u00e9 uma das <a href=\"https:\/\/exceladvisor.org\/pt\/funcoes-do-excel\/\">fun\u00e7\u00f5es mais poderosas<\/a> e \u00e9 a melhor coisa que voc\u00ea pode fazer com seus poderes.<\/p><p> Agora me diga uma coisa.<\/p><p> <em>Voc\u00ea j\u00e1 tentou usar uma condi\u00e7\u00e3o em SUMPRODUCT antes?<\/em><\/p><p> Por favor, compartilhe suas opini\u00f5es comigo na se\u00e7\u00e3o de coment\u00e1rios. Eu adoraria ouvir de voc\u00ea e n\u00e3o se esque\u00e7a de compartilhar com seus amigos, tenho certeza que eles v\u00e3o gostar.<\/p><div class=\"gb-container gb-container-0df56012 gb-container-mt\"> <a class=\"gb-button gb-button-f9f432f4 gb-button-text gb-button-mt-button\" href=\"https:\/\/exceladvisor.org\/pt\/formulas\/\">Lista de f\u00f3rmulas do Excel<\/a><h2 class=\"gb-headline gb-headline-233444e8 gb-headline-text gb-headline-mt-heading\"> F\u00f3rmulas relacionadas <\/h2><div class=\"gb-grid-wrapper gb-grid-wrapper-a16fa65c gb-grid-wrapper-mt-grid\"><div class=\"gb-grid-column gb-grid-column-50d07e0d\"><div class=\"gb-container gb-container-50d07e0d\"><ul><li> <a href=\"https:\/\/exceladvisor.org\/pt\/comparar-duas-celulas\/\">Compare duas c\u00e9lulas no Excel<\/a><\/li><li> <a href=\"https:\/\/exceladvisor.org\/pt\/classificacao-condicional-classificacao-sumproduto-se\/\">Classifica\u00e7\u00e3o condicional no Excel usando a fun\u00e7\u00e3o SUMPRODUCT [RANKIF]<\/a> <\/li><\/ul><\/div><\/div><div class=\"gb-grid-column gb-grid-column-5b4a0cf9\"><div class=\"gb-container gb-container-5b4a0cf9\"><\/div><\/div><\/div><\/div>","protected":false},"excerpt":{"rendered":"","protected":false},"author":1,"featured_media":0,"parent":0,"menu_order":0,"comment_status":"open","ping_status":"closed","template":"","meta":{"ub_ctt_via":"","footnotes":""},"class_list":["post-176","page","type-page","status-publish","hentry"],"featured_image_src":null,"yoast_head":"<!-- This site is optimized with the Yoast SEO plugin v25.4 - https:\/\/yoast.com\/wordpress\/plugins\/seo\/ -->\n<title>Como usar SUMPRODUCT IF no Excel? (Tutoriais 2023)<\/title>\n<meta name=\"description\" content=\"Acredito que usar uma condi\u00e7\u00e3o no sumproduct \u00e9 uma das coisas mais poderosas que voc\u00ea pode fazer no Excel.\" \/>\n<meta name=\"robots\" content=\"index, follow, max-snippet:-1, max-image-preview:large, max-video-preview:-1\" \/>\n<link rel=\"canonical\" href=\"https:\/\/exceladvisor.org\/pt\/condicao-em-soma-produto\/\" \/>\n<meta property=\"og:locale\" content=\"pt_PT\" \/>\n<meta property=\"og:type\" content=\"article\" \/>\n<meta property=\"og:title\" content=\"Como usar SUMPRODUCT IF no Excel? (Tutoriais 2023)\" \/>\n<meta property=\"og:description\" content=\"Acredito que usar uma condi\u00e7\u00e3o no sumproduct \u00e9 uma das coisas mais poderosas que voc\u00ea pode fazer no Excel.\" \/>\n<meta property=\"og:url\" content=\"https:\/\/exceladvisor.org\/pt\/condicao-em-soma-produto\/\" \/>\n<meta property=\"og:site_name\" content=\"Excel Advisor\" \/>\n<meta property=\"article:modified_time\" content=\"2023-12-06T11:50:21+00:00\" \/>\n<meta property=\"og:image\" content=\"https:\/\/exceladvisor.org\/wp-content\/uploads\/2023\/08\/table-de-donnees-brutes-pour-appliquer-sumproduct-si-1.png\" \/>\n<meta name=\"twitter:card\" content=\"summary_large_image\" \/>\n<meta name=\"twitter:label1\" content=\"Tempo estimado de leitura\" \/>\n\t<meta name=\"twitter:data1\" content=\"4 minutos\" \/>\n<script type=\"application\/ld+json\" class=\"yoast-schema-graph\">{\"@context\":\"https:\/\/schema.org\",\"@graph\":[{\"@type\":\"WebPage\",\"@id\":\"https:\/\/exceladvisor.org\/pt\/condicao-em-soma-produto\/\",\"url\":\"https:\/\/exceladvisor.org\/pt\/condicao-em-soma-produto\/\",\"name\":\"Como usar SUMPRODUCT IF no Excel? (Tutoriais 2023)\",\"isPartOf\":{\"@id\":\"https:\/\/exceladvisor.org\/pt\/#website\"},\"primaryImageOfPage\":{\"@id\":\"https:\/\/exceladvisor.org\/pt\/condicao-em-soma-produto\/#primaryimage\"},\"image\":{\"@id\":\"https:\/\/exceladvisor.org\/pt\/condicao-em-soma-produto\/#primaryimage\"},\"thumbnailUrl\":\"https:\/\/exceladvisor.org\/wp-content\/uploads\/2023\/08\/table-de-donnees-brutes-pour-appliquer-sumproduct-si-1.png\",\"datePublished\":\"2023-11-13T18:23:16+00:00\",\"dateModified\":\"2023-12-06T11:50:21+00:00\",\"description\":\"Acredito que usar uma condi\u00e7\u00e3o no sumproduct \u00e9 uma das coisas mais poderosas que voc\u00ea pode fazer no Excel.\",\"breadcrumb\":{\"@id\":\"https:\/\/exceladvisor.org\/pt\/condicao-em-soma-produto\/#breadcrumb\"},\"inLanguage\":\"pt-PT\",\"potentialAction\":[{\"@type\":\"ReadAction\",\"target\":[\"https:\/\/exceladvisor.org\/pt\/condicao-em-soma-produto\/\"]}]},{\"@type\":\"ImageObject\",\"inLanguage\":\"pt-PT\",\"@id\":\"https:\/\/exceladvisor.org\/pt\/condicao-em-soma-produto\/#primaryimage\",\"url\":\"https:\/\/exceladvisor.org\/wp-content\/uploads\/2023\/08\/table-de-donnees-brutes-pour-appliquer-sumproduct-si-1.png\",\"contentUrl\":\"https:\/\/exceladvisor.org\/wp-content\/uploads\/2023\/08\/table-de-donnees-brutes-pour-appliquer-sumproduct-si-1.png\"},{\"@type\":\"BreadcrumbList\",\"@id\":\"https:\/\/exceladvisor.org\/pt\/condicao-em-soma-produto\/#breadcrumb\",\"itemListElement\":[{\"@type\":\"ListItem\",\"position\":1,\"name\":\"Lar\",\"item\":\"https:\/\/exceladvisor.org\/pt\/\"},{\"@type\":\"ListItem\",\"position\":2,\"name\":\"Como usar sumproduct if no excel?\"}]},{\"@type\":\"WebSite\",\"@id\":\"https:\/\/exceladvisor.org\/pt\/#website\",\"url\":\"https:\/\/exceladvisor.org\/pt\/\",\"name\":\"Excel Advisor\",\"description\":\"O seu guia definitivo para dominar os dados!\",\"publisher\":{\"@id\":\"https:\/\/exceladvisor.org\/pt\/#organization\"},\"potentialAction\":[{\"@type\":\"SearchAction\",\"target\":{\"@type\":\"EntryPoint\",\"urlTemplate\":\"https:\/\/exceladvisor.org\/pt\/?s={search_term_string}\"},\"query-input\":{\"@type\":\"PropertyValueSpecification\",\"valueRequired\":true,\"valueName\":\"search_term_string\"}}],\"inLanguage\":\"pt-PT\"},{\"@type\":\"Organization\",\"@id\":\"https:\/\/exceladvisor.org\/pt\/#organization\",\"name\":\"Excel Advisor\",\"url\":\"https:\/\/exceladvisor.org\/pt\/\",\"logo\":{\"@type\":\"ImageObject\",\"inLanguage\":\"pt-PT\",\"@id\":\"https:\/\/exceladvisor.org\/pt\/#\/schema\/logo\/image\/\",\"url\":\"https:\/\/exceladvisor.org\/pt\/wp-content\/uploads\/2023\/12\/exceladvisor.org_.png\",\"contentUrl\":\"https:\/\/exceladvisor.org\/pt\/wp-content\/uploads\/2023\/12\/exceladvisor.org_.png\",\"width\":105,\"height\":36,\"caption\":\"Excel Advisor\"},\"image\":{\"@id\":\"https:\/\/exceladvisor.org\/pt\/#\/schema\/logo\/image\/\"}}]}<\/script>\n<!-- \/ Yoast SEO plugin. -->","yoast_head_json":{"title":"Como usar SUMPRODUCT IF no Excel? (Tutoriais 2023)","description":"Acredito que usar uma condi\u00e7\u00e3o no sumproduct \u00e9 uma das coisas mais poderosas que voc\u00ea pode fazer no Excel.","robots":{"index":"index","follow":"follow","max-snippet":"max-snippet:-1","max-image-preview":"max-image-preview:large","max-video-preview":"max-video-preview:-1"},"canonical":"https:\/\/exceladvisor.org\/pt\/condicao-em-soma-produto\/","og_locale":"pt_PT","og_type":"article","og_title":"Como usar SUMPRODUCT IF no Excel? (Tutoriais 2023)","og_description":"Acredito que usar uma condi\u00e7\u00e3o no sumproduct \u00e9 uma das coisas mais poderosas que voc\u00ea pode fazer no Excel.","og_url":"https:\/\/exceladvisor.org\/pt\/condicao-em-soma-produto\/","og_site_name":"Excel Advisor","article_modified_time":"2023-12-06T11:50:21+00:00","og_image":[{"url":"https:\/\/exceladvisor.org\/wp-content\/uploads\/2023\/08\/table-de-donnees-brutes-pour-appliquer-sumproduct-si-1.png","type":"","width":"","height":""}],"twitter_card":"summary_large_image","twitter_misc":{"Tempo estimado de leitura":"4 minutos"},"schema":{"@context":"https:\/\/schema.org","@graph":[{"@type":"WebPage","@id":"https:\/\/exceladvisor.org\/pt\/condicao-em-soma-produto\/","url":"https:\/\/exceladvisor.org\/pt\/condicao-em-soma-produto\/","name":"Como usar SUMPRODUCT IF no Excel? (Tutoriais 2023)","isPartOf":{"@id":"https:\/\/exceladvisor.org\/pt\/#website"},"primaryImageOfPage":{"@id":"https:\/\/exceladvisor.org\/pt\/condicao-em-soma-produto\/#primaryimage"},"image":{"@id":"https:\/\/exceladvisor.org\/pt\/condicao-em-soma-produto\/#primaryimage"},"thumbnailUrl":"https:\/\/exceladvisor.org\/wp-content\/uploads\/2023\/08\/table-de-donnees-brutes-pour-appliquer-sumproduct-si-1.png","datePublished":"2023-11-13T18:23:16+00:00","dateModified":"2023-12-06T11:50:21+00:00","description":"Acredito que usar uma condi\u00e7\u00e3o no sumproduct \u00e9 uma das coisas mais poderosas que voc\u00ea pode fazer no Excel.","breadcrumb":{"@id":"https:\/\/exceladvisor.org\/pt\/condicao-em-soma-produto\/#breadcrumb"},"inLanguage":"pt-PT","potentialAction":[{"@type":"ReadAction","target":["https:\/\/exceladvisor.org\/pt\/condicao-em-soma-produto\/"]}]},{"@type":"ImageObject","inLanguage":"pt-PT","@id":"https:\/\/exceladvisor.org\/pt\/condicao-em-soma-produto\/#primaryimage","url":"https:\/\/exceladvisor.org\/wp-content\/uploads\/2023\/08\/table-de-donnees-brutes-pour-appliquer-sumproduct-si-1.png","contentUrl":"https:\/\/exceladvisor.org\/wp-content\/uploads\/2023\/08\/table-de-donnees-brutes-pour-appliquer-sumproduct-si-1.png"},{"@type":"BreadcrumbList","@id":"https:\/\/exceladvisor.org\/pt\/condicao-em-soma-produto\/#breadcrumb","itemListElement":[{"@type":"ListItem","position":1,"name":"Lar","item":"https:\/\/exceladvisor.org\/pt\/"},{"@type":"ListItem","position":2,"name":"Como usar sumproduct if no excel?"}]},{"@type":"WebSite","@id":"https:\/\/exceladvisor.org\/pt\/#website","url":"https:\/\/exceladvisor.org\/pt\/","name":"Excel Advisor","description":"O seu guia definitivo para dominar os dados!","publisher":{"@id":"https:\/\/exceladvisor.org\/pt\/#organization"},"potentialAction":[{"@type":"SearchAction","target":{"@type":"EntryPoint","urlTemplate":"https:\/\/exceladvisor.org\/pt\/?s={search_term_string}"},"query-input":{"@type":"PropertyValueSpecification","valueRequired":true,"valueName":"search_term_string"}}],"inLanguage":"pt-PT"},{"@type":"Organization","@id":"https:\/\/exceladvisor.org\/pt\/#organization","name":"Excel Advisor","url":"https:\/\/exceladvisor.org\/pt\/","logo":{"@type":"ImageObject","inLanguage":"pt-PT","@id":"https:\/\/exceladvisor.org\/pt\/#\/schema\/logo\/image\/","url":"https:\/\/exceladvisor.org\/pt\/wp-content\/uploads\/2023\/12\/exceladvisor.org_.png","contentUrl":"https:\/\/exceladvisor.org\/pt\/wp-content\/uploads\/2023\/12\/exceladvisor.org_.png","width":105,"height":36,"caption":"Excel Advisor"},"image":{"@id":"https:\/\/exceladvisor.org\/pt\/#\/schema\/logo\/image\/"}}]}},"yoast_meta":{"yoast_wpseo_title":"","yoast_wpseo_metadesc":"","yoast_wpseo_canonical":""},"_links":{"self":[{"href":"https:\/\/exceladvisor.org\/pt\/wp-json\/wp\/v2\/pages\/176","targetHints":{"allow":["GET"]}}],"collection":[{"href":"https:\/\/exceladvisor.org\/pt\/wp-json\/wp\/v2\/pages"}],"about":[{"href":"https:\/\/exceladvisor.org\/pt\/wp-json\/wp\/v2\/types\/page"}],"author":[{"embeddable":true,"href":"https:\/\/exceladvisor.org\/pt\/wp-json\/wp\/v2\/users\/1"}],"replies":[{"embeddable":true,"href":"https:\/\/exceladvisor.org\/pt\/wp-json\/wp\/v2\/comments?post=176"}],"version-history":[{"count":1,"href":"https:\/\/exceladvisor.org\/pt\/wp-json\/wp\/v2\/pages\/176\/revisions"}],"predecessor-version":[{"id":1383,"href":"https:\/\/exceladvisor.org\/pt\/wp-json\/wp\/v2\/pages\/176\/revisions\/1383"}],"wp:attachment":[{"href":"https:\/\/exceladvisor.org\/pt\/wp-json\/wp\/v2\/media?parent=176"}],"curies":[{"name":"wp","href":"https:\/\/api.w.org\/{rel}","templated":true}]}}