{"id":179,"date":"2023-11-13T16:36:39","date_gmt":"2023-11-13T16:36:39","guid":{"rendered":"https:\/\/exceladvisor.org\/pt\/visao-dos-bastidores\/"},"modified":"2023-12-06T11:33:42","modified_gmt":"2023-12-06T11:33:42","slug":"visao-dos-bastidores","status":"publish","type":"page","link":"https:\/\/exceladvisor.org\/pt\/visao-dos-bastidores\/","title":{"rendered":"Como abrir a visualiza\u00e7\u00e3o backstage no excel?"},"content":{"rendered":"<div class=\"excel-before-content-2\" id=\"excel-764394930\"><script type=\"text\/javascript\">\r\n\tatOptions = {\r\n\t\t'key' : 'c1158f160081d6540a8409e6925dab94',\r\n\t\t'format' : 'iframe',\r\n\t\t'height' : 250,\r\n\t\t'width' : 300,\r\n\t\t'params' : {}\r\n\t};\r\n<\/script>\r\n<script type=\"text\/javascript\" src=\"\/\/www.highperformanceformat.com\/c1158f160081d6540a8409e6925dab94\/invoke.js\"><\/script><\/div><div class=\"excel-before-content\" id=\"excel-4280665386\"><script type=\"text\/javascript\">\r\n\tatOptions = {\r\n\t\t'key' : 'c1158f160081d6540a8409e6925dab94',\r\n\t\t'format' : 'iframe',\r\n\t\t'height' : 250,\r\n\t\t'width' : 300,\r\n\t\t'params' : {}\r\n\t};\r\n<\/script>\r\n<script type=\"text\/javascript\" src=\"\/\/www.highperformanceformat.com\/c1158f160081d6540a8409e6925dab94\/invoke.js\"><\/script><\/div> <p>Quando voc\u00ea abre o Excel, ele mostra uma janela de abertura chamada visualiza\u00e7\u00e3o Backstage. Esta \u00e9 a primeira visualiza\u00e7\u00e3o que voc\u00ea obt\u00e9m ao abrir o Excel. <\/p><div class=\"wp-block-image\"><figure class=\"aligncenter size-full is-resized\"><img loading=\"lazy\" decoding=\"async\" class=\"wp-image-88721\" src=\"https:\/\/exceladvisor.org\/wp-content\/uploads\/2023\/08\/1-fenetre-ouvrante-en-coulisses.png\" sizes=\"auto, \" srcset=\"\" alt=\"janela de abertura nos bastidores\" width=\"750\" height=\"394\"><\/figure><\/div><p> Voc\u00ea pode ver na imagem acima que esta janela tem a op\u00e7\u00e3o de come\u00e7ar a trabalhar no Excel. Mas \u00e9 chamado de modo backstage porque come\u00e7a na parte de tr\u00e1s quando voc\u00ea est\u00e1 trabalhando no Excel. E para abri-lo enquanto trabalha, voc\u00ea precisa clicar na aba Arquivo da janela do Excel. <\/p><div class=\"wp-block-image\"><figure class=\"aligncenter size-full is-resized\"><img loading=\"lazy\" decoding=\"async\" class=\"wp-image-88722\" src=\"https:\/\/exceladvisor.org\/wp-content\/uploads\/2023\/08\/2-aller-a-longlet-fichier-2.png\" sizes=\"auto, \" srcset=\"\" alt=\"v\u00e1 para a guia arquivo\" width=\"455\" height=\"299\"><\/figure><\/div><p> Simplificando, esta visualiza\u00e7\u00e3o do Excel fica na parte de tr\u00e1s e voc\u00ea precisa acess\u00e1-la na guia Arquivo. Voc\u00ea tamb\u00e9m ter\u00e1 uma vis\u00e3o dos bastidores do Excel no Mac ao abri-lo. <\/p><div class=\"wp-block-image\"><figure class=\"aligncenter size-full is-resized\"><img loading=\"lazy\" decoding=\"async\" class=\"alignnone size-full wp-image-13614\" src=\"https:\/\/exceladvisor.org\/wp-content\/uploads\/2023\/11\/vue-dexcel-a-larrieres.png\" alt=\"vista traseira do excel\" width=\"750\" height=\"470\" srcset=\"https:\/\/exceladvisor.org\/wp-content\/uploads\/2023\/11\/vue-dexcel-a-larrieres.png 750w, https:\/\/exceladvisor.org\/wp-content\/uploads\/2023\/11\/vue-dexcel-a-larrieres-300x188.png 300w\" sizes=\"auto, (max-width: 750px) 100vw, 750px\"><\/figure><\/div><p> E se quiser reabri-lo, voc\u00ea tem que ir em Arquivo Novo. <\/p><div class=\"wp-block-image\"><figure class=\"aligncenter size-full is-resized\"><img loading=\"lazy\" decoding=\"async\" class=\"wp-image-88724\" src=\"https:\/\/exceladvisor.org\/wp-content\/uploads\/2023\/08\/4-aller-au-fichier-nouveau.png\" sizes=\"auto, \" srcset=\"\" alt=\"ir para o arquivo-novo\" width=\"592\" height=\"264\"><\/figure><\/div><h2 class=\"wp-block-heading\"> Atalhos do teclado<\/h2><p> Se voc\u00ea estiver trabalhando no Excel e quiser abrir a visualiza\u00e7\u00e3o dos bastidores, poder\u00e1 usar o atalho de teclado:<\/p><p> <kbd>Alt<\/kbd> + <kbd>F<\/kbd><\/p><h2 class=\"wp-block-heading\"> Op\u00e7\u00e3o dispon\u00edvel na visualiza\u00e7\u00e3o Backstage<\/h2><p> Existem algumas op\u00e7\u00f5es essenciais dispon\u00edveis:<\/p><ul><li> Novo: para criar uma nova pasta de trabalho.<\/li><li> Abrir: para abrir uma pasta de trabalho j\u00e1 salva.<\/li><li> Mais: para abrir op\u00e7\u00f5es do Excel e informa\u00e7\u00f5es da conta. <\/li><\/ul><div class=\"wp-block-image\"><figure class=\"aligncenter size-full is-resized\"><img loading=\"lazy\" decoding=\"async\" class=\"wp-image-88725\" src=\"https:\/\/exceladvisor.org\/wp-content\/uploads\/2023\/08\/5-options-disponibles-en-vue-backstage.png\" sizes=\"auto, \" srcset=\"\" alt=\"op\u00e7\u00f5es dispon\u00edveis na visualiza\u00e7\u00e3o dos bastidores\" width=\"154\" height=\"505\"><\/figure><\/div><p> A op\u00e7\u00e3o acima permanecer\u00e1 mesmo se voc\u00ea n\u00e3o tiver aberto uma pasta de trabalho. Mas depois de abrir a pasta de trabalho, voc\u00ea ter\u00e1 mais op\u00e7\u00f5es. <\/p><div class=\"wp-block-image\"><figure class=\"aligncenter size-full is-resized\"><img loading=\"lazy\" decoding=\"async\" class=\"wp-image-88726\" src=\"https:\/\/exceladvisor.org\/wp-content\/uploads\/2023\/08\/6-options-supplementaires-a-louverture-dExcel.png\" sizes=\"auto, \" srcset=\"\" alt=\"mais op\u00e7\u00f5es quando o Excel est\u00e1 aberto\" width=\"162\" height=\"492\"><\/figure><\/div><p> Voc\u00ea pode abrir uma nova pasta de trabalho em branco na parte superior da janela. Voc\u00ea tamb\u00e9m pode usar alguns modelos predefinidos dispon\u00edveis no Excel. <\/p><div class=\"wp-block-image\"><figure class=\"aligncenter size-full is-resized\"><img loading=\"lazy\" decoding=\"async\" class=\"wp-image-88727\" src=\"https:\/\/exceladvisor.org\/wp-content\/uploads\/2023\/08\/7-nouveau-classeur-vierge.png\" sizes=\"auto, \" srcset=\"\" alt=\"novo fich\u00e1rio em branco\" width=\"644\" height=\"300\"><\/figure><\/div><p> Na parte inferior da janela voc\u00ea tem uma lista de pastas de trabalho usadas recentemente e uma barra de pesquisa para pesquisar pastas de trabalho. <\/p><div class=\"wp-block-image\"><figure class=\"aligncenter size-full is-resized\"><img loading=\"lazy\" decoding=\"async\" class=\"wp-image-88728\" src=\"https:\/\/exceladvisor.org\/wp-content\/uploads\/2023\/08\/8-classeurs-doccasion-recents.png\" sizes=\"auto, \" srcset=\"\" alt=\"ligantes usados recentemente\" width=\"602\" height=\"175\"><\/figure><\/div><p> Voc\u00ea tamb\u00e9m pode fixar uma pasta de trabalho que gosta de usar com mais frequ\u00eancia do que outras. Em seguida, permite abri-lo com um \u00fanico clique na lista fixada. <\/p><div class=\"wp-block-image\"><figure class=\"aligncenter size-full is-resized\"><img loading=\"lazy\" decoding=\"async\" class=\"wp-image-88729\" src=\"https:\/\/exceladvisor.org\/wp-content\/uploads\/2023\/08\/9-epingler-un-classeur.png\" sizes=\"auto, \" srcset=\"\" alt=\"alfinete de fich\u00e1rio\" width=\"604\" height=\"344\"><\/figure><\/div><p> Ao clicar na op\u00e7\u00e3o \u201cAbrir\u201d, voc\u00ea ter\u00e1 mais op\u00e7\u00f5es para localizar um arquivo para abrir. <\/p><div class=\"wp-block-image\"><figure class=\"aligncenter size-full is-resized\"><img loading=\"lazy\" decoding=\"async\" class=\"wp-image-88730\" src=\"https:\/\/exceladvisor.org\/wp-content\/uploads\/2023\/08\/10-options-supplementaires-pour-localiser-un-fichier.png\" sizes=\"auto, \" srcset=\"\" alt=\"mais op\u00e7\u00f5es para localizar um arquivo\" width=\"446\" height=\"513\"><\/figure><\/div><h2 class=\"wp-block-heading\"> Fechar visualiza\u00e7\u00e3o dos bastidores<\/h2><p> Se n\u00e3o tiver um arquivo aberto, voc\u00ea dever\u00e1 abrir uma pasta de trabalho para evitar o modo de exibi\u00e7\u00e3o Backstage. Em seguida, e voc\u00ea j\u00e1 tem uma pasta de trabalho aberta, pressione a tecla Escape ou clique no bot\u00e3o Voltar. <\/p><div class=\"wp-block-image\"><figure class=\"aligncenter size-full is-resized\"><img loading=\"lazy\" decoding=\"async\" class=\"wp-image-88731\" src=\"https:\/\/exceladvisor.org\/wp-content\/uploads\/2023\/08\/11-fermer-la-vue-des-coulisses.png\" sizes=\"auto, \" srcset=\"\" alt=\"close-up dos bastidores\" width=\"351\" height=\"132\"><\/figure><\/div><div class=\"gb-container gb-container-29c351cb gb-container-mt\"> <a class=\"gb-button gb-button-3f93e23e gb-button-text gb-button-mt-button\" href=\"https:\/\/exceladvisor.org\/pt\/nocoes-basicas-de-excel\/\">No\u00e7\u00f5es b\u00e1sicas do Microsoft Excel (componentes, pe\u00e7as e notas de conhecimento)<\/a><h2 class=\"gb-headline gb-headline-039c6b39 gb-headline-text gb-headline-mt-heading\"> Mais tutoriais <\/h2><div class=\"gb-grid-wrapper gb-grid-wrapper-a21eef70 gb-grid-wrapper-mt-grid\"><div class=\"gb-grid-column gb-grid-column-8876d83d\"><div class=\"gb-container gb-container-8876d83d\"><ul><li> <a href=\"https:\/\/exceladvisor.org\/pt\/barra-de-status\/\">Barra de status no Excel<\/a><\/li><li> <a href=\"https:\/\/exceladvisor.org\/pt\/zona-de-texto\/\">Insira uma caixa de texto no Excel<\/a><\/li><li> <a href=\"https:\/\/exceladvisor.org\/pt\/a\/\" data-wpil=\"url\">Alterar a cor da guia no Excel<\/a><\/li><li> <a href=\"https:\/\/exceladvisor.org\/pt\/ampliacao\/\">Amplie ou reduza o zoom no Excel<\/a><\/li><li> <a href=\"https:\/\/exceladvisor.org\/pt\/caixa-de-dialogo\/\">Caixa de di\u00e1logo no Excel<\/a> <\/li><\/ul><\/div><\/div><div class=\"gb-grid-column gb-grid-column-ee06a2c7\"><div class=\"gb-container gb-container-ee06a2c7\"><ul><li> <a href=\"https:\/\/exceladvisor.org\/pt\/alinhamento\/\">Alinhamento no Excel<\/a><\/li><li> <a href=\"https:\/\/exceladvisor.org\/pt\/salvar-arquivo\/\">Salvar um arquivo no Excel<\/a><\/li><li> <a href=\"https:\/\/exceladvisor.org\/pt\/meses-rolantes-automaticos\/\">Meses rolantes autom\u00e1ticos no Excel<\/a><\/li><li> <a href=\"https:\/\/exceladvisor.org\/pt\/modo-escuro\/\">Habilite o modo escuro no Excel<\/a><\/li><li> <a href=\"https:\/\/exceladvisor.org\/pt\/barra-de-rolagem\/\">Recuperar barra de rolagem no Excel<\/a><\/li><\/ul><\/div><\/div><\/div><\/div>","protected":false},"excerpt":{"rendered":"","protected":false},"author":1,"featured_media":0,"parent":0,"menu_order":0,"comment_status":"open","ping_status":"closed","template":"","meta":{"ub_ctt_via":"","footnotes":""},"class_list":["post-179","page","type-page","status-publish","hentry"],"featured_image_src":null,"yoast_head":"<!-- This site is optimized with the Yoast SEO plugin v25.4 - https:\/\/yoast.com\/wordpress\/plugins\/seo\/ -->\n<title>Como abrir a visualiza\u00e7\u00e3o Backstage no Excel? (Tutorial 2023)<\/title>\n<meta name=\"description\" content=\"Isso \u00e9 chamado de vis\u00e3o dos bastidores porque come\u00e7a na parte de tr\u00e1s quando voc\u00ea trabalha no Excel. E para abri-lo enquanto\" \/>\n<meta name=\"robots\" content=\"index, follow, max-snippet:-1, max-image-preview:large, max-video-preview:-1\" \/>\n<link rel=\"canonical\" href=\"https:\/\/exceladvisor.org\/pt\/visao-dos-bastidores\/\" \/>\n<meta property=\"og:locale\" content=\"pt_PT\" \/>\n<meta property=\"og:type\" content=\"article\" \/>\n<meta property=\"og:title\" content=\"Como abrir a visualiza\u00e7\u00e3o Backstage no Excel? (Tutorial 2023)\" \/>\n<meta property=\"og:description\" content=\"Isso \u00e9 chamado de vis\u00e3o dos bastidores porque come\u00e7a na parte de tr\u00e1s quando voc\u00ea trabalha no Excel. E para abri-lo enquanto\" \/>\n<meta property=\"og:url\" content=\"https:\/\/exceladvisor.org\/pt\/visao-dos-bastidores\/\" \/>\n<meta property=\"og:site_name\" content=\"Excel Advisor\" \/>\n<meta property=\"article:modified_time\" content=\"2023-12-06T11:33:42+00:00\" \/>\n<meta property=\"og:image\" content=\"https:\/\/exceladvisor.org\/wp-content\/uploads\/2023\/08\/1-fenetre-ouvrante-en-coulisses.png\" \/>\n<meta name=\"twitter:card\" content=\"summary_large_image\" \/>\n<meta name=\"twitter:label1\" content=\"Tempo estimado de leitura\" \/>\n\t<meta name=\"twitter:data1\" content=\"2 minutos\" \/>\n<script type=\"application\/ld+json\" class=\"yoast-schema-graph\">{\"@context\":\"https:\/\/schema.org\",\"@graph\":[{\"@type\":\"WebPage\",\"@id\":\"https:\/\/exceladvisor.org\/pt\/visao-dos-bastidores\/\",\"url\":\"https:\/\/exceladvisor.org\/pt\/visao-dos-bastidores\/\",\"name\":\"Como abrir a visualiza\u00e7\u00e3o Backstage no Excel? (Tutorial 2023)\",\"isPartOf\":{\"@id\":\"https:\/\/exceladvisor.org\/pt\/#website\"},\"primaryImageOfPage\":{\"@id\":\"https:\/\/exceladvisor.org\/pt\/visao-dos-bastidores\/#primaryimage\"},\"image\":{\"@id\":\"https:\/\/exceladvisor.org\/pt\/visao-dos-bastidores\/#primaryimage\"},\"thumbnailUrl\":\"https:\/\/exceladvisor.org\/wp-content\/uploads\/2023\/08\/1-fenetre-ouvrante-en-coulisses.png\",\"datePublished\":\"2023-11-13T16:36:39+00:00\",\"dateModified\":\"2023-12-06T11:33:42+00:00\",\"description\":\"Isso \u00e9 chamado de vis\u00e3o dos bastidores porque come\u00e7a na parte de tr\u00e1s quando voc\u00ea trabalha no Excel. E para abri-lo enquanto\",\"breadcrumb\":{\"@id\":\"https:\/\/exceladvisor.org\/pt\/visao-dos-bastidores\/#breadcrumb\"},\"inLanguage\":\"pt-PT\",\"potentialAction\":[{\"@type\":\"ReadAction\",\"target\":[\"https:\/\/exceladvisor.org\/pt\/visao-dos-bastidores\/\"]}]},{\"@type\":\"ImageObject\",\"inLanguage\":\"pt-PT\",\"@id\":\"https:\/\/exceladvisor.org\/pt\/visao-dos-bastidores\/#primaryimage\",\"url\":\"https:\/\/exceladvisor.org\/wp-content\/uploads\/2023\/08\/1-fenetre-ouvrante-en-coulisses.png\",\"contentUrl\":\"https:\/\/exceladvisor.org\/wp-content\/uploads\/2023\/08\/1-fenetre-ouvrante-en-coulisses.png\"},{\"@type\":\"BreadcrumbList\",\"@id\":\"https:\/\/exceladvisor.org\/pt\/visao-dos-bastidores\/#breadcrumb\",\"itemListElement\":[{\"@type\":\"ListItem\",\"position\":1,\"name\":\"Lar\",\"item\":\"https:\/\/exceladvisor.org\/pt\/\"},{\"@type\":\"ListItem\",\"position\":2,\"name\":\"Como abrir a visualiza\u00e7\u00e3o backstage no excel?\"}]},{\"@type\":\"WebSite\",\"@id\":\"https:\/\/exceladvisor.org\/pt\/#website\",\"url\":\"https:\/\/exceladvisor.org\/pt\/\",\"name\":\"Excel Advisor\",\"description\":\"O seu guia definitivo para dominar os dados!\",\"publisher\":{\"@id\":\"https:\/\/exceladvisor.org\/pt\/#organization\"},\"potentialAction\":[{\"@type\":\"SearchAction\",\"target\":{\"@type\":\"EntryPoint\",\"urlTemplate\":\"https:\/\/exceladvisor.org\/pt\/?s={search_term_string}\"},\"query-input\":{\"@type\":\"PropertyValueSpecification\",\"valueRequired\":true,\"valueName\":\"search_term_string\"}}],\"inLanguage\":\"pt-PT\"},{\"@type\":\"Organization\",\"@id\":\"https:\/\/exceladvisor.org\/pt\/#organization\",\"name\":\"Excel Advisor\",\"url\":\"https:\/\/exceladvisor.org\/pt\/\",\"logo\":{\"@type\":\"ImageObject\",\"inLanguage\":\"pt-PT\",\"@id\":\"https:\/\/exceladvisor.org\/pt\/#\/schema\/logo\/image\/\",\"url\":\"https:\/\/exceladvisor.org\/pt\/wp-content\/uploads\/2023\/12\/exceladvisor.org_.png\",\"contentUrl\":\"https:\/\/exceladvisor.org\/pt\/wp-content\/uploads\/2023\/12\/exceladvisor.org_.png\",\"width\":105,\"height\":36,\"caption\":\"Excel Advisor\"},\"image\":{\"@id\":\"https:\/\/exceladvisor.org\/pt\/#\/schema\/logo\/image\/\"}}]}<\/script>\n<!-- \/ Yoast SEO plugin. -->","yoast_head_json":{"title":"Como abrir a visualiza\u00e7\u00e3o Backstage no Excel? (Tutorial 2023)","description":"Isso \u00e9 chamado de vis\u00e3o dos bastidores porque come\u00e7a na parte de tr\u00e1s quando voc\u00ea trabalha no Excel. E para abri-lo enquanto","robots":{"index":"index","follow":"follow","max-snippet":"max-snippet:-1","max-image-preview":"max-image-preview:large","max-video-preview":"max-video-preview:-1"},"canonical":"https:\/\/exceladvisor.org\/pt\/visao-dos-bastidores\/","og_locale":"pt_PT","og_type":"article","og_title":"Como abrir a visualiza\u00e7\u00e3o Backstage no Excel? (Tutorial 2023)","og_description":"Isso \u00e9 chamado de vis\u00e3o dos bastidores porque come\u00e7a na parte de tr\u00e1s quando voc\u00ea trabalha no Excel. E para abri-lo enquanto","og_url":"https:\/\/exceladvisor.org\/pt\/visao-dos-bastidores\/","og_site_name":"Excel Advisor","article_modified_time":"2023-12-06T11:33:42+00:00","og_image":[{"url":"https:\/\/exceladvisor.org\/wp-content\/uploads\/2023\/08\/1-fenetre-ouvrante-en-coulisses.png","type":"","width":"","height":""}],"twitter_card":"summary_large_image","twitter_misc":{"Tempo estimado de leitura":"2 minutos"},"schema":{"@context":"https:\/\/schema.org","@graph":[{"@type":"WebPage","@id":"https:\/\/exceladvisor.org\/pt\/visao-dos-bastidores\/","url":"https:\/\/exceladvisor.org\/pt\/visao-dos-bastidores\/","name":"Como abrir a visualiza\u00e7\u00e3o Backstage no Excel? (Tutorial 2023)","isPartOf":{"@id":"https:\/\/exceladvisor.org\/pt\/#website"},"primaryImageOfPage":{"@id":"https:\/\/exceladvisor.org\/pt\/visao-dos-bastidores\/#primaryimage"},"image":{"@id":"https:\/\/exceladvisor.org\/pt\/visao-dos-bastidores\/#primaryimage"},"thumbnailUrl":"https:\/\/exceladvisor.org\/wp-content\/uploads\/2023\/08\/1-fenetre-ouvrante-en-coulisses.png","datePublished":"2023-11-13T16:36:39+00:00","dateModified":"2023-12-06T11:33:42+00:00","description":"Isso \u00e9 chamado de vis\u00e3o dos bastidores porque come\u00e7a na parte de tr\u00e1s quando voc\u00ea trabalha no Excel. E para abri-lo enquanto","breadcrumb":{"@id":"https:\/\/exceladvisor.org\/pt\/visao-dos-bastidores\/#breadcrumb"},"inLanguage":"pt-PT","potentialAction":[{"@type":"ReadAction","target":["https:\/\/exceladvisor.org\/pt\/visao-dos-bastidores\/"]}]},{"@type":"ImageObject","inLanguage":"pt-PT","@id":"https:\/\/exceladvisor.org\/pt\/visao-dos-bastidores\/#primaryimage","url":"https:\/\/exceladvisor.org\/wp-content\/uploads\/2023\/08\/1-fenetre-ouvrante-en-coulisses.png","contentUrl":"https:\/\/exceladvisor.org\/wp-content\/uploads\/2023\/08\/1-fenetre-ouvrante-en-coulisses.png"},{"@type":"BreadcrumbList","@id":"https:\/\/exceladvisor.org\/pt\/visao-dos-bastidores\/#breadcrumb","itemListElement":[{"@type":"ListItem","position":1,"name":"Lar","item":"https:\/\/exceladvisor.org\/pt\/"},{"@type":"ListItem","position":2,"name":"Como abrir a visualiza\u00e7\u00e3o backstage no excel?"}]},{"@type":"WebSite","@id":"https:\/\/exceladvisor.org\/pt\/#website","url":"https:\/\/exceladvisor.org\/pt\/","name":"Excel Advisor","description":"O seu guia definitivo para dominar os dados!","publisher":{"@id":"https:\/\/exceladvisor.org\/pt\/#organization"},"potentialAction":[{"@type":"SearchAction","target":{"@type":"EntryPoint","urlTemplate":"https:\/\/exceladvisor.org\/pt\/?s={search_term_string}"},"query-input":{"@type":"PropertyValueSpecification","valueRequired":true,"valueName":"search_term_string"}}],"inLanguage":"pt-PT"},{"@type":"Organization","@id":"https:\/\/exceladvisor.org\/pt\/#organization","name":"Excel Advisor","url":"https:\/\/exceladvisor.org\/pt\/","logo":{"@type":"ImageObject","inLanguage":"pt-PT","@id":"https:\/\/exceladvisor.org\/pt\/#\/schema\/logo\/image\/","url":"https:\/\/exceladvisor.org\/pt\/wp-content\/uploads\/2023\/12\/exceladvisor.org_.png","contentUrl":"https:\/\/exceladvisor.org\/pt\/wp-content\/uploads\/2023\/12\/exceladvisor.org_.png","width":105,"height":36,"caption":"Excel Advisor"},"image":{"@id":"https:\/\/exceladvisor.org\/pt\/#\/schema\/logo\/image\/"}}]}},"yoast_meta":{"yoast_wpseo_title":"","yoast_wpseo_metadesc":"","yoast_wpseo_canonical":""},"_links":{"self":[{"href":"https:\/\/exceladvisor.org\/pt\/wp-json\/wp\/v2\/pages\/179","targetHints":{"allow":["GET"]}}],"collection":[{"href":"https:\/\/exceladvisor.org\/pt\/wp-json\/wp\/v2\/pages"}],"about":[{"href":"https:\/\/exceladvisor.org\/pt\/wp-json\/wp\/v2\/types\/page"}],"author":[{"embeddable":true,"href":"https:\/\/exceladvisor.org\/pt\/wp-json\/wp\/v2\/users\/1"}],"replies":[{"embeddable":true,"href":"https:\/\/exceladvisor.org\/pt\/wp-json\/wp\/v2\/comments?post=179"}],"version-history":[{"count":1,"href":"https:\/\/exceladvisor.org\/pt\/wp-json\/wp\/v2\/pages\/179\/revisions"}],"predecessor-version":[{"id":766,"href":"https:\/\/exceladvisor.org\/pt\/wp-json\/wp\/v2\/pages\/179\/revisions\/766"}],"wp:attachment":[{"href":"https:\/\/exceladvisor.org\/pt\/wp-json\/wp\/v2\/media?parent=179"}],"curies":[{"name":"wp","href":"https:\/\/api.w.org\/{rel}","templated":true}]}}