{"id":180,"date":"2023-11-13T16:32:31","date_gmt":"2023-11-13T16:32:31","guid":{"rendered":"https:\/\/exceladvisor.org\/pt\/vlookup-varios-criterios\/"},"modified":"2023-12-06T11:37:50","modified_gmt":"2023-12-06T11:37:50","slug":"vlookup-varios-criterios","status":"publish","type":"page","link":"https:\/\/exceladvisor.org\/pt\/vlookup-varios-criterios\/","title":{"rendered":"Como fazer vlookup com m\u00faltiplos crit\u00e9rios no excel?"},"content":{"rendered":"<div class=\"excel-before-content-2\" id=\"excel-118337048\"><script type=\"text\/javascript\">\r\n\tatOptions = {\r\n\t\t'key' : 'c1158f160081d6540a8409e6925dab94',\r\n\t\t'format' : 'iframe',\r\n\t\t'height' : 250,\r\n\t\t'width' : 300,\r\n\t\t'params' : {}\r\n\t};\r\n<\/script>\r\n<script type=\"text\/javascript\" src=\"\/\/www.highperformanceformat.com\/c1158f160081d6540a8409e6925dab94\/invoke.js\"><\/script><\/div><div class=\"excel-before-content\" id=\"excel-3670584582\"><script type=\"text\/javascript\">\r\n\tatOptions = {\r\n\t\t'key' : 'c1158f160081d6540a8409e6925dab94',\r\n\t\t'format' : 'iframe',\r\n\t\t'height' : 250,\r\n\t\t'width' : 300,\r\n\t\t'params' : {}\r\n\t};\r\n<\/script>\r\n<script type=\"text\/javascript\" src=\"\/\/www.highperformanceformat.com\/c1158f160081d6540a8409e6925dab94\/invoke.js\"><\/script><\/div> <p>VLOOKUP \u00e9 uma das <a style=\"outline: none; display: inline-block;\" href=\"https:\/\/exceladvisor.org\/pt\/funcoes-do-excel\/\">fun\u00e7\u00f5es mais populares do Excel<\/a> . Mas tamb\u00e9m \u00e9 uma das fun\u00e7\u00f5es mais limitadas.<\/p><p> Os usu\u00e1rios avan\u00e7ados do Excel sabem que h\u00e1 muitas coisas que n\u00e3o podemos fazer com o VLOOKUP ou que precisam fazer um esfor\u00e7o extra para faz\u00ea-lo funcionar.<\/p><p> Por exemplo, usando VLOOKUP com v\u00e1rios crit\u00e9rios. Por padr\u00e3o, VLOOKUP permite pesquisar um \u00fanico valor.<\/p><p> Mas no mundo real, h\u00e1 situa\u00e7\u00f5es em que precisamos de utilizar dois ou mais crit\u00e9rios.<\/p><p> Suponha que voc\u00ea tenha uma lista de alunos de uma escola inteira e nessa lista voc\u00ea queira pesquisar um aluno cujo nome \u00e9 \u201cJo\u00e3o\u201d e que esteja na turma IX. <\/p><div class=\"wp-block-image\"><figure class=\"aligncenter\"><img decoding=\"async\" src=\"https:\/\/exceladvisor.org\/wp-content\/uploads\/2023\/08\/2-vlookup-avec-table-de-donnees-a-criteres-multiples-min-1.png\" sizes=\"\" srcset=\"\" alt=\"\"><\/figure><\/div><p> Existe uma grande possibilidade de haver mais de um aluno cujo nome seja \u201cJohn\u201d. A melhor solu\u00e7\u00e3o aqui \u00e9 combinar dois crit\u00e9rios diferentes (nome e classe) para obter o valor certo em troca. <\/p><div class=\"wp-block-image\"><figure class=\"aligncenter\"><img decoding=\"async\" src=\"https:\/\/exceladvisor.org\/wp-content\/uploads\/2023\/08\/1-vlookup-avec-plusieurs-criteres-comment-min-1.png\" sizes=\"\" srcset=\"\" alt=\"\"><\/figure><\/div><p> Hoje, neste artigo, exploraremos o m\u00e9todo de uso de m\u00faltiplos crit\u00e9rios com VLOOKUP.<\/p><p> Ent\u00e3o, vamos come\u00e7ar e certifique-se de <a href=\"https:\/\/exceladvisor.org\/wp-content\/uploads\/2023\/08\/vlookup-de-donnees-brutes-avec-plusieurs-criteres.xlsx\" rel=\"nofollow\">baixar este arquivo de amostra aqui<\/a> para acompanhar.<\/p><p> Agora, de acordo com o problema acima que mencionei, precisamos usar dois crit\u00e9rios como valor de pesquisa em VLOOKUP. Para isso precisamos fazer dois ajustes f\u00e1ceis e simples.<\/p><h2 id=\"tab-con-1\" class=\"wp-block-heading\"> Crie uma nova coluna de suporte<\/h2><p> Aqui est\u00e3o os passos para inserir uma nova coluna juntando dois crit\u00e9rios.<\/p><ul><li> Primeiro, precisamos adicionar uma nova coluna. <\/li><\/ul><div class=\"wp-block-image\"><figure class=\"aligncenter\"><img decoding=\"async\" src=\"https:\/\/exceladvisor.org\/wp-content\/uploads\/2023\/08\/3-vlookup-avec-plusieurs-criteres-inserer-une-colonne-vide-min-1.png\" sizes=\"\" srcset=\"\" alt=\"\"><\/figure><\/div><ul><li> Depois disso, na nova coluna, insira uma f\u00f3rmula para unir o nome e a turma, conforme abaixo. <\/li><\/ul><div class=\"wp-block-image\"><figure class=\"aligncenter\"><img decoding=\"async\" src=\"https:\/\/exceladvisor.org\/wp-content\/uploads\/2023\/08\/4-vlookup-avec-plusieurs-criteres-inserer-une-formule-pour-joindre-des-colonnes-min-1.png\" sizes=\"\" srcset=\"\" alt=\"\"><\/figure><\/div><ul><li> Agora arraste a f\u00f3rmula para a \u00faltima c\u00e9lula da coluna.<\/li><li> Agora temos uma \u00fanica coluna na qual combinamos dois crit\u00e9rios diferentes (nome e classe). <\/li><\/ul><div class=\"wp-block-image\"><figure class=\"aligncenter\"><img decoding=\"async\" src=\"https:\/\/exceladvisor.org\/wp-content\/uploads\/2023\/08\/5-vlookup-avec-plusieurs-criteres-nouvelle-colonne-combinee-avec-deux-criteres-min-1.png\" sizes=\"\" srcset=\"\" alt=\"\"><\/figure><\/div><h2 id=\"tab-con-2\" class=\"wp-block-heading\"> Combine dois crit\u00e9rios no valor de pesquisa<\/h2><p> Agora, o pr\u00f3ximo passo \u00e9 combinar dois crit\u00e9rios no argumento lookup_value de VLOOKUP.<\/p><p> Aqui queremos usar \u201cJohn\u201d e \u201cClass-IX\u201d e para isso precisamos combinar os dois usando um e comercial em lookup_argument. <\/p><div class=\"wp-block-image\"><figure class=\"aligncenter\"><img decoding=\"async\" src=\"https:\/\/exceladvisor.org\/wp-content\/uploads\/2023\/08\/6-vlookup-avec-plusieurs-criteres-utilise-deux-arguments-dans-vlookup-min-1.png\" sizes=\"\" srcset=\"\" alt=\"\"><\/figure><\/div><p> Depois disso, precisamos selecionar as colunas C e D como lookup_range, 2 como col_index_number e 0 como [range_lookup] <\/p><div class=\"wp-block-image\"><figure class=\"aligncenter\"><img decoding=\"async\" src=\"https:\/\/exceladvisor.org\/wp-content\/uploads\/2023\/08\/7-vlookup-avec-plusieurs-criteres-definissent-la-plage-min-1.png\" sizes=\"\" srcset=\"\" alt=\"\"><\/figure><\/div><p> No final, pressione Enter. E agora temos a pontua\u00e7\u00e3o do Jo\u00e3o que est\u00e1 na turma IX. <\/p><div class=\"wp-block-image\"><figure class=\"aligncenter\"><img decoding=\"async\" src=\"https:\/\/exceladvisor.org\/wp-content\/uploads\/2023\/08\/8-vlookup-avec-plusieurs-criteres-resultat-final-min-1.png\" sizes=\"\" srcset=\"\" alt=\"\"><\/figure><\/div><h2 id=\"tab-con-3\" class=\"wp-block-heading\"> Como funciona<\/h2><p> O m\u00e9todo de usar crit\u00e9rios combinados em VLOOKUP \u00e9 simples. Quando combinamos duas colunas em uma, obtemos valores \u00fanicos.<\/p><p> Pense desta forma: temos o nome John tr\u00eas vezes em nossos dados. Mas quando juntamos nomes \u00e0s suas classes, obtemos um valor \u00fanico para cada nome.<\/p><p> Por exemplo, JohnClass-IX, JohnClass-VI e JohnClass-II. Agora n\u00e3o h\u00e1 valor em duplicatas.<\/p><p> Da mesma forma, ao especificar lookup_argument em VLOOKUP, combinamos os dois crit\u00e9rios: nome e turma para que retorne a pontua\u00e7\u00e3o do aluno correto, ou seja, Jo\u00e3o que est\u00e1 na turma IX. <\/p><div class=\"wp-block-image\"><figure class=\"aligncenter\"><img decoding=\"async\" src=\"https:\/\/exceladvisor.org\/wp-content\/uploads\/2023\/08\/9-vlookup-avec-plusieurs-criteres-trouver-des-valeurs-precises-min-1.png\" sizes=\"\" srcset=\"\" alt=\"\"><\/figure><\/div><h2 id=\"tab-con-4\" class=\"wp-block-heading\"> Conclus\u00e3o<\/h2><p> Usar v\u00e1rios crit\u00e9rios com VLOOKUP ajuda a pesquisar um valor com mais precis\u00e3o e facilidade. Assim como fizemos no exemplo acima.<\/p><p> E o melhor \u00e9 que combinar dois crit\u00e9rios diferentes n\u00e3o \u00e9 grande coisa, \u00e9 simples e f\u00e1cil. Espero que voc\u00ea tenha achado esta f\u00f3rmula \u00fatil e que ela o ajude em seu trabalho.<\/p><p> Agora me diga uma coisa. Voc\u00ea j\u00e1 tentou adicionar mais de um crit\u00e9rio no VLOOKUP? Ou voc\u00ea tem outro m\u00e9todo para isso? Por favor, compartilhe comigo na se\u00e7\u00e3o de coment\u00e1rios, eu adoraria ouvir de voc\u00ea. E n\u00e3o esque\u00e7a de compartilhar essa dica com seus amigos.<\/p><div class=\"gb-container gb-container-0df56012 gb-container-mt\"> <a class=\"gb-button gb-button-f9f432f4 gb-button-text gb-button-mt-button\" href=\"https:\/\/exceladvisor.org\/pt\/formulas\/\">Lista de f\u00f3rmulas do Excel<\/a><h2 class=\"gb-headline gb-headline-233444e8 gb-headline-text gb-headline-mt-heading\"> F\u00f3rmulas relacionadas <\/h2><div class=\"gb-grid-wrapper gb-grid-wrapper-a16fa65c gb-grid-wrapper-mt-grid\"><div class=\"gb-grid-column gb-grid-column-50d07e0d\"><div class=\"gb-container gb-container-50d07e0d\"><ul><li> <a href=\"https:\/\/exceladvisor.org\/pt\/iferror-vlookup\/\">IFERROR com VLOOKUP no Excel para substituir #N\/A no Excel<\/a><\/li><li> <a href=\"https:\/\/exceladvisor.org\/pt\/pesquisa-bidirecional\/\">Execute uma pesquisa bidirecional no Excel<\/a><\/li><li> <a href=\"https:\/\/exceladvisor.org\/pt\/pesquisa-reversa\/\">PROCV invertido (para tr\u00e1s: da direita para a esquerda) no Excel<\/a><\/li><li> <a href=\"https:\/\/exceladvisor.org\/pt\/correspondencia-vsearch\/\">Combinando VLOOKUP MATCH no Excel<\/a><\/li><li> <a href=\"https:\/\/exceladvisor.org\/pt\/curingas-com-vlookup\/\">Curingas com VLOOKUP no Excel<\/a> <\/li><\/ul><\/div><\/div><div class=\"gb-grid-column gb-grid-column-5b4a0cf9\"><div class=\"gb-container gb-container-5b4a0cf9\"><\/div><\/div><\/div><\/div>","protected":false},"excerpt":{"rendered":"","protected":false},"author":1,"featured_media":0,"parent":0,"menu_order":0,"comment_status":"open","ping_status":"closed","template":"","meta":{"ub_ctt_via":"","footnotes":""},"class_list":["post-180","page","type-page","status-publish","hentry"],"featured_image_src":null,"yoast_head":"<!-- This site is optimized with the Yoast SEO plugin v25.4 - https:\/\/yoast.com\/wordpress\/plugins\/seo\/ -->\n<title>\u25b7 Como fazer VLOOKUP com m\u00faltiplos crit\u00e9rios no Excel?<\/title>\n<meta name=\"description\" content=\"Usar VLOOKUP com v\u00e1rios crit\u00e9rios oferece mais precis\u00e3o ao pesquisar um valor. E o melhor \u00e9 que \u00e9 f\u00e1cil...\" \/>\n<meta name=\"robots\" content=\"index, follow, max-snippet:-1, max-image-preview:large, max-video-preview:-1\" \/>\n<link rel=\"canonical\" href=\"https:\/\/exceladvisor.org\/pt\/vlookup-varios-criterios\/\" \/>\n<meta property=\"og:locale\" content=\"pt_PT\" \/>\n<meta property=\"og:type\" content=\"article\" \/>\n<meta property=\"og:title\" content=\"\u25b7 Como fazer VLOOKUP com m\u00faltiplos crit\u00e9rios no Excel?\" \/>\n<meta property=\"og:description\" content=\"Usar VLOOKUP com v\u00e1rios crit\u00e9rios oferece mais precis\u00e3o ao pesquisar um valor. E o melhor \u00e9 que \u00e9 f\u00e1cil...\" \/>\n<meta property=\"og:url\" content=\"https:\/\/exceladvisor.org\/pt\/vlookup-varios-criterios\/\" \/>\n<meta property=\"og:site_name\" content=\"Excel Advisor\" \/>\n<meta property=\"article:modified_time\" content=\"2023-12-06T11:37:50+00:00\" \/>\n<meta property=\"og:image\" content=\"https:\/\/exceladvisor.org\/wp-content\/uploads\/2023\/08\/2-vlookup-avec-table-de-donnees-a-criteres-multiples-min-1.png\" \/>\n<meta name=\"twitter:card\" content=\"summary_large_image\" \/>\n<meta name=\"twitter:label1\" content=\"Tempo estimado de leitura\" \/>\n\t<meta name=\"twitter:data1\" content=\"3 minutos\" \/>\n<script type=\"application\/ld+json\" class=\"yoast-schema-graph\">{\"@context\":\"https:\/\/schema.org\",\"@graph\":[{\"@type\":\"WebPage\",\"@id\":\"https:\/\/exceladvisor.org\/pt\/vlookup-varios-criterios\/\",\"url\":\"https:\/\/exceladvisor.org\/pt\/vlookup-varios-criterios\/\",\"name\":\"\u25b7 Como fazer VLOOKUP com m\u00faltiplos crit\u00e9rios no Excel?\",\"isPartOf\":{\"@id\":\"https:\/\/exceladvisor.org\/pt\/#website\"},\"primaryImageOfPage\":{\"@id\":\"https:\/\/exceladvisor.org\/pt\/vlookup-varios-criterios\/#primaryimage\"},\"image\":{\"@id\":\"https:\/\/exceladvisor.org\/pt\/vlookup-varios-criterios\/#primaryimage\"},\"thumbnailUrl\":\"https:\/\/exceladvisor.org\/wp-content\/uploads\/2023\/08\/2-vlookup-avec-table-de-donnees-a-criteres-multiples-min-1.png\",\"datePublished\":\"2023-11-13T16:32:31+00:00\",\"dateModified\":\"2023-12-06T11:37:50+00:00\",\"description\":\"Usar VLOOKUP com v\u00e1rios crit\u00e9rios oferece mais precis\u00e3o ao pesquisar um valor. E o melhor \u00e9 que \u00e9 f\u00e1cil...\",\"breadcrumb\":{\"@id\":\"https:\/\/exceladvisor.org\/pt\/vlookup-varios-criterios\/#breadcrumb\"},\"inLanguage\":\"pt-PT\",\"potentialAction\":[{\"@type\":\"ReadAction\",\"target\":[\"https:\/\/exceladvisor.org\/pt\/vlookup-varios-criterios\/\"]}]},{\"@type\":\"ImageObject\",\"inLanguage\":\"pt-PT\",\"@id\":\"https:\/\/exceladvisor.org\/pt\/vlookup-varios-criterios\/#primaryimage\",\"url\":\"https:\/\/exceladvisor.org\/wp-content\/uploads\/2023\/08\/2-vlookup-avec-table-de-donnees-a-criteres-multiples-min-1.png\",\"contentUrl\":\"https:\/\/exceladvisor.org\/wp-content\/uploads\/2023\/08\/2-vlookup-avec-table-de-donnees-a-criteres-multiples-min-1.png\"},{\"@type\":\"BreadcrumbList\",\"@id\":\"https:\/\/exceladvisor.org\/pt\/vlookup-varios-criterios\/#breadcrumb\",\"itemListElement\":[{\"@type\":\"ListItem\",\"position\":1,\"name\":\"Lar\",\"item\":\"https:\/\/exceladvisor.org\/pt\/\"},{\"@type\":\"ListItem\",\"position\":2,\"name\":\"Como fazer vlookup com m\u00faltiplos crit\u00e9rios no excel?\"}]},{\"@type\":\"WebSite\",\"@id\":\"https:\/\/exceladvisor.org\/pt\/#website\",\"url\":\"https:\/\/exceladvisor.org\/pt\/\",\"name\":\"Excel Advisor\",\"description\":\"O seu guia definitivo para dominar os dados!\",\"publisher\":{\"@id\":\"https:\/\/exceladvisor.org\/pt\/#organization\"},\"potentialAction\":[{\"@type\":\"SearchAction\",\"target\":{\"@type\":\"EntryPoint\",\"urlTemplate\":\"https:\/\/exceladvisor.org\/pt\/?s={search_term_string}\"},\"query-input\":{\"@type\":\"PropertyValueSpecification\",\"valueRequired\":true,\"valueName\":\"search_term_string\"}}],\"inLanguage\":\"pt-PT\"},{\"@type\":\"Organization\",\"@id\":\"https:\/\/exceladvisor.org\/pt\/#organization\",\"name\":\"Excel Advisor\",\"url\":\"https:\/\/exceladvisor.org\/pt\/\",\"logo\":{\"@type\":\"ImageObject\",\"inLanguage\":\"pt-PT\",\"@id\":\"https:\/\/exceladvisor.org\/pt\/#\/schema\/logo\/image\/\",\"url\":\"https:\/\/exceladvisor.org\/pt\/wp-content\/uploads\/2023\/12\/exceladvisor.org_.png\",\"contentUrl\":\"https:\/\/exceladvisor.org\/pt\/wp-content\/uploads\/2023\/12\/exceladvisor.org_.png\",\"width\":105,\"height\":36,\"caption\":\"Excel Advisor\"},\"image\":{\"@id\":\"https:\/\/exceladvisor.org\/pt\/#\/schema\/logo\/image\/\"}}]}<\/script>\n<!-- \/ Yoast SEO plugin. -->","yoast_head_json":{"title":"\u25b7 Como fazer VLOOKUP com m\u00faltiplos crit\u00e9rios no Excel?","description":"Usar VLOOKUP com v\u00e1rios crit\u00e9rios oferece mais precis\u00e3o ao pesquisar um valor. E o melhor \u00e9 que \u00e9 f\u00e1cil...","robots":{"index":"index","follow":"follow","max-snippet":"max-snippet:-1","max-image-preview":"max-image-preview:large","max-video-preview":"max-video-preview:-1"},"canonical":"https:\/\/exceladvisor.org\/pt\/vlookup-varios-criterios\/","og_locale":"pt_PT","og_type":"article","og_title":"\u25b7 Como fazer VLOOKUP com m\u00faltiplos crit\u00e9rios no Excel?","og_description":"Usar VLOOKUP com v\u00e1rios crit\u00e9rios oferece mais precis\u00e3o ao pesquisar um valor. E o melhor \u00e9 que \u00e9 f\u00e1cil...","og_url":"https:\/\/exceladvisor.org\/pt\/vlookup-varios-criterios\/","og_site_name":"Excel Advisor","article_modified_time":"2023-12-06T11:37:50+00:00","og_image":[{"url":"https:\/\/exceladvisor.org\/wp-content\/uploads\/2023\/08\/2-vlookup-avec-table-de-donnees-a-criteres-multiples-min-1.png","type":"","width":"","height":""}],"twitter_card":"summary_large_image","twitter_misc":{"Tempo estimado de leitura":"3 minutos"},"schema":{"@context":"https:\/\/schema.org","@graph":[{"@type":"WebPage","@id":"https:\/\/exceladvisor.org\/pt\/vlookup-varios-criterios\/","url":"https:\/\/exceladvisor.org\/pt\/vlookup-varios-criterios\/","name":"\u25b7 Como fazer VLOOKUP com m\u00faltiplos crit\u00e9rios no Excel?","isPartOf":{"@id":"https:\/\/exceladvisor.org\/pt\/#website"},"primaryImageOfPage":{"@id":"https:\/\/exceladvisor.org\/pt\/vlookup-varios-criterios\/#primaryimage"},"image":{"@id":"https:\/\/exceladvisor.org\/pt\/vlookup-varios-criterios\/#primaryimage"},"thumbnailUrl":"https:\/\/exceladvisor.org\/wp-content\/uploads\/2023\/08\/2-vlookup-avec-table-de-donnees-a-criteres-multiples-min-1.png","datePublished":"2023-11-13T16:32:31+00:00","dateModified":"2023-12-06T11:37:50+00:00","description":"Usar VLOOKUP com v\u00e1rios crit\u00e9rios oferece mais precis\u00e3o ao pesquisar um valor. E o melhor \u00e9 que \u00e9 f\u00e1cil...","breadcrumb":{"@id":"https:\/\/exceladvisor.org\/pt\/vlookup-varios-criterios\/#breadcrumb"},"inLanguage":"pt-PT","potentialAction":[{"@type":"ReadAction","target":["https:\/\/exceladvisor.org\/pt\/vlookup-varios-criterios\/"]}]},{"@type":"ImageObject","inLanguage":"pt-PT","@id":"https:\/\/exceladvisor.org\/pt\/vlookup-varios-criterios\/#primaryimage","url":"https:\/\/exceladvisor.org\/wp-content\/uploads\/2023\/08\/2-vlookup-avec-table-de-donnees-a-criteres-multiples-min-1.png","contentUrl":"https:\/\/exceladvisor.org\/wp-content\/uploads\/2023\/08\/2-vlookup-avec-table-de-donnees-a-criteres-multiples-min-1.png"},{"@type":"BreadcrumbList","@id":"https:\/\/exceladvisor.org\/pt\/vlookup-varios-criterios\/#breadcrumb","itemListElement":[{"@type":"ListItem","position":1,"name":"Lar","item":"https:\/\/exceladvisor.org\/pt\/"},{"@type":"ListItem","position":2,"name":"Como fazer vlookup com m\u00faltiplos crit\u00e9rios no excel?"}]},{"@type":"WebSite","@id":"https:\/\/exceladvisor.org\/pt\/#website","url":"https:\/\/exceladvisor.org\/pt\/","name":"Excel Advisor","description":"O seu guia definitivo para dominar os dados!","publisher":{"@id":"https:\/\/exceladvisor.org\/pt\/#organization"},"potentialAction":[{"@type":"SearchAction","target":{"@type":"EntryPoint","urlTemplate":"https:\/\/exceladvisor.org\/pt\/?s={search_term_string}"},"query-input":{"@type":"PropertyValueSpecification","valueRequired":true,"valueName":"search_term_string"}}],"inLanguage":"pt-PT"},{"@type":"Organization","@id":"https:\/\/exceladvisor.org\/pt\/#organization","name":"Excel Advisor","url":"https:\/\/exceladvisor.org\/pt\/","logo":{"@type":"ImageObject","inLanguage":"pt-PT","@id":"https:\/\/exceladvisor.org\/pt\/#\/schema\/logo\/image\/","url":"https:\/\/exceladvisor.org\/pt\/wp-content\/uploads\/2023\/12\/exceladvisor.org_.png","contentUrl":"https:\/\/exceladvisor.org\/pt\/wp-content\/uploads\/2023\/12\/exceladvisor.org_.png","width":105,"height":36,"caption":"Excel Advisor"},"image":{"@id":"https:\/\/exceladvisor.org\/pt\/#\/schema\/logo\/image\/"}}]}},"yoast_meta":{"yoast_wpseo_title":"","yoast_wpseo_metadesc":"","yoast_wpseo_canonical":""},"_links":{"self":[{"href":"https:\/\/exceladvisor.org\/pt\/wp-json\/wp\/v2\/pages\/180","targetHints":{"allow":["GET"]}}],"collection":[{"href":"https:\/\/exceladvisor.org\/pt\/wp-json\/wp\/v2\/pages"}],"about":[{"href":"https:\/\/exceladvisor.org\/pt\/wp-json\/wp\/v2\/types\/page"}],"author":[{"embeddable":true,"href":"https:\/\/exceladvisor.org\/pt\/wp-json\/wp\/v2\/users\/1"}],"replies":[{"embeddable":true,"href":"https:\/\/exceladvisor.org\/pt\/wp-json\/wp\/v2\/comments?post=180"}],"version-history":[{"count":1,"href":"https:\/\/exceladvisor.org\/pt\/wp-json\/wp\/v2\/pages\/180\/revisions"}],"predecessor-version":[{"id":1073,"href":"https:\/\/exceladvisor.org\/pt\/wp-json\/wp\/v2\/pages\/180\/revisions\/1073"}],"wp:attachment":[{"href":"https:\/\/exceladvisor.org\/pt\/wp-json\/wp\/v2\/media?parent=180"}],"curies":[{"name":"wp","href":"https:\/\/api.w.org\/{rel}","templated":true}]}}