{"id":181,"date":"2023-11-13T16:20:36","date_gmt":"2023-11-13T16:20:36","guid":{"rendered":"https:\/\/exceladvisor.org\/pt\/zeros-a-esquerda\/"},"modified":"2023-12-06T11:34:19","modified_gmt":"2023-12-06T11:34:19","slug":"zeros-a-esquerda","status":"publish","type":"page","link":"https:\/\/exceladvisor.org\/pt\/zeros-a-esquerda\/","title":{"rendered":"Como adicionar zeros \u00e0 esquerda no excel?"},"content":{"rendered":"<div class=\"excel-before-content-2\" id=\"excel-1753158869\"><script type=\"text\/javascript\">\r\n\tatOptions = {\r\n\t\t'key' : 'c1158f160081d6540a8409e6925dab94',\r\n\t\t'format' : 'iframe',\r\n\t\t'height' : 250,\r\n\t\t'width' : 300,\r\n\t\t'params' : {}\r\n\t};\r\n<\/script>\r\n<script type=\"text\/javascript\" src=\"\/\/www.highperformanceformat.com\/c1158f160081d6540a8409e6925dab94\/invoke.js\"><\/script><\/div><div class=\"excel-before-content\" id=\"excel-1673212025\"><script type=\"text\/javascript\">\r\n\tatOptions = {\r\n\t\t'key' : 'c1158f160081d6540a8409e6925dab94',\r\n\t\t'format' : 'iframe',\r\n\t\t'height' : 250,\r\n\t\t'width' : 300,\r\n\t\t'params' : {}\r\n\t};\r\n<\/script>\r\n<script type=\"text\/javascript\" src=\"\/\/www.highperformanceformat.com\/c1158f160081d6540a8409e6925dab94\/invoke.js\"><\/script><\/div> <p>Existem algumas regras padr\u00e3o no Excel que podem incomodar voc\u00ea. Uma dessas regras \u00e9 que voc\u00ea n\u00e3o pode adicionar zero antes de um n\u00famero.<\/p><p> A raz\u00e3o por tr\u00e1s disso \u00e9 que um zero na frente de um n\u00famero n\u00e3o tem significado e n\u00e3o tem valor para o pr\u00f3prio n\u00famero.<\/p><p> Sempre que voc\u00ea tentar inserir um zero antes de um n\u00famero, o Excel ir\u00e1 remov\u00ea-lo e voc\u00ea s\u00f3 obter\u00e1 o n\u00famero de um n\u00famero real.<\/p><p> Agora o problema \u00e9 este: existem situa\u00e7\u00f5es \u00fanicas em que precisamos de adicionar um zero antes de um n\u00famero e queremos que o zero permane\u00e7a a\u00ed.<\/p><p> <span style=\"color: #000000;\">Por exemplo,<\/span> n\u00fameros de telefone, c\u00f3digos postais, n\u00fameros de faturas, etc.<\/p><p> Ent\u00e3o, hoje neste artigo, gostaria de compartilhar com voc\u00eas 5 m\u00e9todos diferentes que podemos usar para adicionar zeros \u00e0 esquerda no Excel.<\/p><h2 id=\"h-convert-a-number-into-a-text-for-adding-zeros\" class=\"wp-block-heading\"> Converta um n\u00famero em texto para adicionar zeros<\/h2><p> Aqui est\u00e1 uma coisa: <span style=\"font-size: revert;\">se voc\u00ea<\/span> <strong style=\"font-size: revert;\"><span style=\"color: #000000;\">alterar o formato de uma c\u00e9lula de n\u00famero para texto<\/span><\/strong> <span style=\"font-size: revert;\">, poder\u00e1 adicionar um zero \u00e0 esquerda sem nenhum problema.<\/span><\/p><p> Dessa forma, o Excel n\u00e3o tratar\u00e1 seu n\u00famero como um n\u00famero real e remover\u00e1 todos os zeros dele.<\/p><ul><li> Selecione as c\u00e9lulas onde deseja adicionar zeros \u00e0 esquerda.<\/li><li> V\u00e1 para Home \u279c N\u00famero \u279c Altere o formato do n\u00famero para texto. <\/li><\/ul><div class=\"wp-block-image\"><figure class=\"aligncenter\"><img decoding=\"async\" src=\"https:\/\/exceladvisor.org\/wp-content\/uploads\/2023\/08\/Ajouter-des-zeros-non-significatifs-dans-Excel-3-1.gif\" sizes=\"\" srcset=\"\" alt=\"Usando formato de texto para adicionar zeros \u00e0 esquerda no Excel antes de um n\u00famero\"><\/figure><\/div><p> Agora voc\u00ea pode adicionar zeros facilmente ao in\u00edcio dos n\u00fameros. Voc\u00ea n\u00e3o pode mais usar esses n\u00fameros em nenhum tipo de c\u00e1lculo porque agora eles est\u00e3o em formato de texto.<\/p><h2 id=\"h-use-concatenate-function-to-add-a-zero\" class=\"wp-block-heading\"> Use a fun\u00e7\u00e3o concatenar para adicionar um zero<\/h2><p> Se quiser inserir um n\u00famero fixo de zeros antes de um n\u00famero, voc\u00ea pode usar a fun\u00e7\u00e3o de concatena\u00e7\u00e3o.<\/p><p> Com a fun\u00e7\u00e3o CONCATENATE, <span style=\"font-size: revert;\">voc\u00ea combina zeros com n\u00fameros reais.<\/span> Voc\u00ea pode usar uma f\u00f3rmula como a abaixo para adicionar um zero antes dos n\u00fameros em uma c\u00e9lula. <\/p><pre class=\"wp-block-code\"> <code class=\"language-excel-formula\" lang=\"excel-formula\">=CONCATENATE(\"0\",\"123458\")<\/code><\/pre><div class=\"wp-block-image\"><figure class=\"aligncenter\"><img decoding=\"async\" src=\"https:\/\/exceladvisor.org\/wp-content\/uploads\/2023\/08\/Ajouter-des-zeros-non-significatifs-dans-Excel-4-1.png\" sizes=\"\" srcset=\"\" alt=\"Usando a fun\u00e7\u00e3o concatenar para adicionar zeros \u00e0 esquerda no Excel antes de um n\u00famero\"><\/figure><\/div><p class=\"content-box-red\"> Voc\u00ea n\u00e3o pode mais usar esses n\u00fameros em nenhum tipo de c\u00e1lculo porque agora eles est\u00e3o em formato de texto.<\/p><h2 id=\"h-add-dynamic-leading-zeros-with-rept-function\" class=\"wp-block-heading\"> Adicione zeros \u00e0 esquerda din\u00e2micos com a fun\u00e7\u00e3o REPT<\/h2><p> REPT \u00e9 uma das <a style=\"outline: none; display: inline-block;\" href=\"https:\/\/exceladvisor.org\/pt\/funcoes-do-excel\/\">minhas fun\u00e7\u00f5es favoritas do Excel<\/a> que pode repetir texto v\u00e1rias vezes. Agora, deixe-me mostrar como isso pode nos ajudar a prefixar zero em uma c\u00e9lula. <\/p><div class=\"wp-block-image\"><figure class=\"aligncenter\"><img decoding=\"async\" src=\"https:\/\/exceladvisor.org\/wp-content\/uploads\/2023\/08\/Ajouter-des-zeros-non-significatifs-dans-Excel-5-1.gif\" sizes=\"\" srcset=\"\" alt=\"Usando a fun\u00e7\u00e3o REPT para adicionar zeros \u00e0 esquerda no Excel antes de um n\u00famero\"><\/figure><\/div><pre class=\"wp-block-code\"> <code class=\"language-excel-formula\" lang=\"excel-formula\">=REPT(0,7-LEN(B5))&amp;B5<\/code><\/pre><p> No exemplo acima, usamos REPT para obter um total de 8 d\u00edgitos em uma c\u00e9lula. Se uma c\u00e9lula tiver 6 d\u00edgitos, o restante dos 2 d\u00edgitos ser\u00e1 zero e se uma c\u00e9lula tiver 4 d\u00edgitos, o restante dos 4 d\u00edgitos ser\u00e1 zero.<\/p><p> Esta \u00e9 uma f\u00f3rmula din\u00e2mica para obter zero antes dos n\u00fameros. Voc\u00ea n\u00e3o pode mais usar esses n\u00fameros em nenhum tipo de c\u00e1lculo porque agora eles est\u00e3o em formato de texto.<\/p><h2 id=\"h-use-text-function-to-add-leading-zeros-format\" class=\"wp-block-heading\"> Use a fun\u00e7\u00e3o TEXT para adicionar o formato zero \u00e0 esquerda<\/h2><p> Voc\u00ea tamb\u00e9m pode usar a <a href=\"https:\/\/support.office.com\/en-us\/article\/text-functions-reference-cccd86ad-547d-4ea9-a065-7bb697c2a56e\" target=\"_blank\" rel=\"noopener noreferrer\">fun\u00e7\u00e3o TEXT<\/a> para adicionar zeros \u00e0 esquerda. A fun\u00e7\u00e3o TEXT fornecer\u00e1 o mesmo resultado que voc\u00ea pode obter usando o formato de texto. <\/p><pre class=\"wp-block-code\"> <code class=\"language-excel-formula\" lang=\"excel-formula\">=TEXT(B6,\"0000000\")<\/code><\/pre><div class=\"wp-block-image\"><figure class=\"aligncenter\"><img decoding=\"async\" src=\"https:\/\/exceladvisor.org\/wp-content\/uploads\/2023\/08\/Ajouter-des-zeros-non-significatifs-dans-Excel-6-1.gif\" sizes=\"\" srcset=\"\" alt=\"Usando a fun\u00e7\u00e3o de texto para adicionar zeros \u00e0 esquerda no Excel antes de um n\u00famero\"><\/figure><\/div><p> No exemplo acima, convertemos um n\u00famero em um texto no qual voc\u00ea sempre obter\u00e1 7 d\u00edgitos. Se voc\u00ea tiver 5 d\u00edgitos, os n\u00fameros restantes dos 2 ser\u00e3o zeros no in\u00edcio.<\/p><p> Na fun\u00e7\u00e3o de texto, basta referir-se \u00e0 c\u00e9lula que possui o valor e depois o formato conforme especifiquei no exemplo acima. Voc\u00ea n\u00e3o pode usar esses n\u00fameros em nenhum tipo de c\u00e1lculo porque agora eles est\u00e3o em formato de texto.<\/p><h2 id=\"h-apply-custom-format-with-leading-zeros\" class=\"wp-block-heading\"> Aplicar formato personalizado com zeros \u00e0 esquerda<\/h2><p> Se n\u00e3o quiser usar f\u00f3rmulas ou outros m\u00e9todos, voc\u00ea pode aplicar um formato personalizado a uma c\u00e9lula. Acho que este \u00e9 o melhor m\u00e9todo a ser usado e <span style=\"color: #000000;\">tem uma vantagem adicional sobre todos os outros m\u00e9todos<\/span> . <\/p><div class=\"wp-block-image\"><figure class=\"aligncenter\"><img decoding=\"async\" src=\"https:\/\/exceladvisor.org\/wp-content\/uploads\/2023\/08\/Ajouter-des-zeros-non-significatifs-dans-Excel-7-1.png\" sizes=\"\" srcset=\"\" alt=\"use formato personalizado para adicionar zeros \u00e0 esquerda no Excel\"><\/figure><\/div><ol><li> Selecione a c\u00e9lula onde deseja adicionar zeros como prefixo.<\/li><li> Clique com o bot\u00e3o direito em \u279c Op\u00e7\u00e3o de formato ou voc\u00ea tamb\u00e9m pode usar a tecla de atalho Ctrl + 1 para abrir a \u201cCaixa de di\u00e1logo Formatar c\u00e9lula\u201d.<\/li><li> Em Categoria \u279c Selecione Personalizado.<\/li><li> Na caixa de di\u00e1logo de entrada personalizada, digite &#8220;0000000&#8221;.<\/li><li> Clique OK.<\/li><\/ol><p> No exemplo acima, formatamos as c\u00e9lulas com n\u00fameros de 7 d\u00edgitos nos quais voc\u00ea sempre obter\u00e1 7 d\u00edgitos. Se voc\u00ea tiver 5 d\u00edgitos, o restante dos 2 ser\u00e3o zeros \u00e0 esquerda.<\/p><p> Se voc\u00ea verificar <a style=\"outline: none;\" href=\"https:\/\/exceladvisor.org\/pt\/barra-de-formulas-do-excel\/\">a barra de f\u00f3rmulas do Excel<\/a> , voc\u00ea ter\u00e1 o valor num\u00e9rico real na c\u00e9lula e poder\u00e1 usar esse n\u00famero para c\u00e1lculo, o que n\u00e3o \u00e9 poss\u00edvel nos demais m\u00e9todos. <\/p><div class=\"gb-container gb-container-bafb25cc gb-container-download-2\"><div class=\"gb-grid-wrapper gb-grid-wrapper-91201309\"><div class=\"gb-grid-column gb-grid-column-15a917ef\"><div class=\"gb-container gb-container-15a917ef\"><h2 class=\"gb-headline gb-headline-f2deb261 gb-headline-text gb-headline-download-2\"> Obtenha o arquivo Excel <\/h2><\/div><\/div><div class=\"gb-grid-column gb-grid-column-18357188\"><div class=\"gb-container gb-container-18357188\"><div class=\"gb-container gb-container-76cbe15e\"> <a class=\"gb-button gb-button-cb63d00a gb-button-text gb-button-download-2\" href=\"https:\/\/exceladvisor.org\/wp-content\/uploads\/2023\/11\/ajouter-des-zeros-non-significatifs-dans-excel.xlsx\" rel=\"nofollow\">Download<\/a><\/div><\/div><\/div><\/div><\/div><h2 id=\"h-conclusion\" class=\"wp-block-heading\"> Conclus\u00e3o<\/h2><p> Na maioria das vezes voc\u00ea precisa inserir um zero antes de um n\u00famero quando lidamos com um tipo espec\u00edfico de n\u00fameros, ou seja, n\u00fameros de faturas, n\u00fameros de celular, c\u00f3digos postais, etc.<\/p><p> Com n\u00fameros normais esse tipo de situa\u00e7\u00e3o nunca ocorre porque estamos mais no c\u00e1lculo do que no formato.<\/p><p> Mas se isso acontecer, agora voc\u00ea tem 5 m\u00e9todos diferentes para lidar com isso e espero que esses m\u00e9todos te ajudem, mas agora me diga uma coisa.<\/p><p> Voc\u00ea tem outro m\u00e9todo para adicionar zeros na frente de um n\u00famero?<\/p><p> Certifique-se de compartilhar suas id\u00e9ias comigo na se\u00e7\u00e3o de coment\u00e1rios, eu adoraria ouvir de voc\u00ea. E n\u00e3o esque\u00e7a de compartilhar esse post com seus amigos, tenho certeza que eles v\u00e3o gostar.<\/p><div class=\"gb-container gb-container-0df56012 gb-container-mt\"> <a class=\"gb-button gb-button-f9f432f4 gb-button-text gb-button-mt-button\" href=\"https:\/\/exceladvisor.org\/pt\/formulas\/\">Lista de f\u00f3rmulas do Excel<\/a><h2 class=\"gb-headline gb-headline-233444e8 gb-headline-text gb-headline-mt-heading\"> F\u00f3rmulas relacionadas <\/h2><div class=\"gb-grid-wrapper gb-grid-wrapper-a16fa65c gb-grid-wrapper-mt-grid\"><div class=\"gb-grid-column gb-grid-column-50d07e0d\"><div class=\"gb-container gb-container-50d07e0d\"><ul><li> <a href=\"https:\/\/exceladvisor.org\/pt\/nova-linha-na-celula\/\">Adicione uma nova linha a uma c\u00e9lula no Excel (quebra de linha)<\/a><\/li><li> <a href=\"https:\/\/exceladvisor.org\/pt\/concatenar-celulas-com-virgula\/\">Concatenar (combinar) c\u00e9lulas com v\u00edrgula no Excel<\/a><\/li><li> <a href=\"https:\/\/exceladvisor.org\/pt\/concatenar-um-intervalo-de-celulas\/\">Concatenar (combinar) um intervalo de c\u00e9lulas no Excel<\/a><\/li><li> <a href=\"https:\/\/exceladvisor.org\/pt\/concatenar-uma-quebra-de-linha\/\">Concatenar com quebra de linha no Excel<\/a> <\/li><\/ul><\/div><\/div><div class=\"gb-grid-column gb-grid-column-5b4a0cf9\"><div class=\"gb-container gb-container-5b4a0cf9\"><\/div><\/div><\/div><\/div>","protected":false},"excerpt":{"rendered":"","protected":false},"author":1,"featured_media":0,"parent":0,"menu_order":0,"comment_status":"open","ping_status":"closed","template":"","meta":{"ub_ctt_via":"","footnotes":""},"class_list":["post-181","page","type-page","status-publish","hentry"],"featured_image_src":null,"yoast_head":"<!-- This site is optimized with the Yoast SEO plugin v25.4 - https:\/\/yoast.com\/wordpress\/plugins\/seo\/ -->\n<title>\u25b7 Como adicionar zeros \u00e0 esquerda no Excel?<\/title>\n<meta name=\"description\" content=\"Existem algumas regras padr\u00e3o no Excel que podem incomodar voc\u00ea. E uma dessas regras \u00e9 que voc\u00ea n\u00e3o pode adicionar zero\" \/>\n<meta name=\"robots\" content=\"index, follow, max-snippet:-1, max-image-preview:large, max-video-preview:-1\" \/>\n<link rel=\"canonical\" href=\"https:\/\/exceladvisor.org\/pt\/zeros-a-esquerda\/\" \/>\n<meta property=\"og:locale\" content=\"pt_PT\" \/>\n<meta property=\"og:type\" content=\"article\" \/>\n<meta property=\"og:title\" content=\"\u25b7 Como adicionar zeros \u00e0 esquerda no Excel?\" \/>\n<meta property=\"og:description\" content=\"Existem algumas regras padr\u00e3o no Excel que podem incomodar voc\u00ea. E uma dessas regras \u00e9 que voc\u00ea n\u00e3o pode adicionar zero\" \/>\n<meta property=\"og:url\" content=\"https:\/\/exceladvisor.org\/pt\/zeros-a-esquerda\/\" \/>\n<meta property=\"og:site_name\" content=\"Excel Advisor\" \/>\n<meta property=\"article:modified_time\" content=\"2023-12-06T11:34:19+00:00\" \/>\n<meta property=\"og:image\" content=\"https:\/\/exceladvisor.org\/wp-content\/uploads\/2023\/08\/Ajouter-des-zeros-non-significatifs-dans-Excel-3-1.gif\" \/>\n<meta name=\"twitter:card\" content=\"summary_large_image\" \/>\n<meta name=\"twitter:label1\" content=\"Tempo estimado de leitura\" \/>\n\t<meta name=\"twitter:data1\" content=\"5 minutos\" \/>\n<script type=\"application\/ld+json\" class=\"yoast-schema-graph\">{\"@context\":\"https:\/\/schema.org\",\"@graph\":[{\"@type\":\"WebPage\",\"@id\":\"https:\/\/exceladvisor.org\/pt\/zeros-a-esquerda\/\",\"url\":\"https:\/\/exceladvisor.org\/pt\/zeros-a-esquerda\/\",\"name\":\"\u25b7 Como adicionar zeros \u00e0 esquerda no Excel?\",\"isPartOf\":{\"@id\":\"https:\/\/exceladvisor.org\/pt\/#website\"},\"primaryImageOfPage\":{\"@id\":\"https:\/\/exceladvisor.org\/pt\/zeros-a-esquerda\/#primaryimage\"},\"image\":{\"@id\":\"https:\/\/exceladvisor.org\/pt\/zeros-a-esquerda\/#primaryimage\"},\"thumbnailUrl\":\"https:\/\/exceladvisor.org\/wp-content\/uploads\/2023\/08\/Ajouter-des-zeros-non-significatifs-dans-Excel-3-1.gif\",\"datePublished\":\"2023-11-13T16:20:36+00:00\",\"dateModified\":\"2023-12-06T11:34:19+00:00\",\"description\":\"Existem algumas regras padr\u00e3o no Excel que podem incomodar voc\u00ea. E uma dessas regras \u00e9 que voc\u00ea n\u00e3o pode adicionar zero\",\"breadcrumb\":{\"@id\":\"https:\/\/exceladvisor.org\/pt\/zeros-a-esquerda\/#breadcrumb\"},\"inLanguage\":\"pt-PT\",\"potentialAction\":[{\"@type\":\"ReadAction\",\"target\":[\"https:\/\/exceladvisor.org\/pt\/zeros-a-esquerda\/\"]}]},{\"@type\":\"ImageObject\",\"inLanguage\":\"pt-PT\",\"@id\":\"https:\/\/exceladvisor.org\/pt\/zeros-a-esquerda\/#primaryimage\",\"url\":\"https:\/\/exceladvisor.org\/wp-content\/uploads\/2023\/08\/Ajouter-des-zeros-non-significatifs-dans-Excel-3-1.gif\",\"contentUrl\":\"https:\/\/exceladvisor.org\/wp-content\/uploads\/2023\/08\/Ajouter-des-zeros-non-significatifs-dans-Excel-3-1.gif\"},{\"@type\":\"BreadcrumbList\",\"@id\":\"https:\/\/exceladvisor.org\/pt\/zeros-a-esquerda\/#breadcrumb\",\"itemListElement\":[{\"@type\":\"ListItem\",\"position\":1,\"name\":\"Lar\",\"item\":\"https:\/\/exceladvisor.org\/pt\/\"},{\"@type\":\"ListItem\",\"position\":2,\"name\":\"Como adicionar zeros \u00e0 esquerda no excel?\"}]},{\"@type\":\"WebSite\",\"@id\":\"https:\/\/exceladvisor.org\/pt\/#website\",\"url\":\"https:\/\/exceladvisor.org\/pt\/\",\"name\":\"Excel Advisor\",\"description\":\"O seu guia definitivo para dominar os dados!\",\"publisher\":{\"@id\":\"https:\/\/exceladvisor.org\/pt\/#organization\"},\"potentialAction\":[{\"@type\":\"SearchAction\",\"target\":{\"@type\":\"EntryPoint\",\"urlTemplate\":\"https:\/\/exceladvisor.org\/pt\/?s={search_term_string}\"},\"query-input\":{\"@type\":\"PropertyValueSpecification\",\"valueRequired\":true,\"valueName\":\"search_term_string\"}}],\"inLanguage\":\"pt-PT\"},{\"@type\":\"Organization\",\"@id\":\"https:\/\/exceladvisor.org\/pt\/#organization\",\"name\":\"Excel Advisor\",\"url\":\"https:\/\/exceladvisor.org\/pt\/\",\"logo\":{\"@type\":\"ImageObject\",\"inLanguage\":\"pt-PT\",\"@id\":\"https:\/\/exceladvisor.org\/pt\/#\/schema\/logo\/image\/\",\"url\":\"https:\/\/exceladvisor.org\/pt\/wp-content\/uploads\/2023\/12\/exceladvisor.org_.png\",\"contentUrl\":\"https:\/\/exceladvisor.org\/pt\/wp-content\/uploads\/2023\/12\/exceladvisor.org_.png\",\"width\":105,\"height\":36,\"caption\":\"Excel Advisor\"},\"image\":{\"@id\":\"https:\/\/exceladvisor.org\/pt\/#\/schema\/logo\/image\/\"}}]}<\/script>\n<!-- \/ Yoast SEO plugin. -->","yoast_head_json":{"title":"\u25b7 Como adicionar zeros \u00e0 esquerda no Excel?","description":"Existem algumas regras padr\u00e3o no Excel que podem incomodar voc\u00ea. E uma dessas regras \u00e9 que voc\u00ea n\u00e3o pode adicionar zero","robots":{"index":"index","follow":"follow","max-snippet":"max-snippet:-1","max-image-preview":"max-image-preview:large","max-video-preview":"max-video-preview:-1"},"canonical":"https:\/\/exceladvisor.org\/pt\/zeros-a-esquerda\/","og_locale":"pt_PT","og_type":"article","og_title":"\u25b7 Como adicionar zeros \u00e0 esquerda no Excel?","og_description":"Existem algumas regras padr\u00e3o no Excel que podem incomodar voc\u00ea. E uma dessas regras \u00e9 que voc\u00ea n\u00e3o pode adicionar zero","og_url":"https:\/\/exceladvisor.org\/pt\/zeros-a-esquerda\/","og_site_name":"Excel Advisor","article_modified_time":"2023-12-06T11:34:19+00:00","og_image":[{"url":"https:\/\/exceladvisor.org\/wp-content\/uploads\/2023\/08\/Ajouter-des-zeros-non-significatifs-dans-Excel-3-1.gif","type":"","width":"","height":""}],"twitter_card":"summary_large_image","twitter_misc":{"Tempo estimado de leitura":"5 minutos"},"schema":{"@context":"https:\/\/schema.org","@graph":[{"@type":"WebPage","@id":"https:\/\/exceladvisor.org\/pt\/zeros-a-esquerda\/","url":"https:\/\/exceladvisor.org\/pt\/zeros-a-esquerda\/","name":"\u25b7 Como adicionar zeros \u00e0 esquerda no Excel?","isPartOf":{"@id":"https:\/\/exceladvisor.org\/pt\/#website"},"primaryImageOfPage":{"@id":"https:\/\/exceladvisor.org\/pt\/zeros-a-esquerda\/#primaryimage"},"image":{"@id":"https:\/\/exceladvisor.org\/pt\/zeros-a-esquerda\/#primaryimage"},"thumbnailUrl":"https:\/\/exceladvisor.org\/wp-content\/uploads\/2023\/08\/Ajouter-des-zeros-non-significatifs-dans-Excel-3-1.gif","datePublished":"2023-11-13T16:20:36+00:00","dateModified":"2023-12-06T11:34:19+00:00","description":"Existem algumas regras padr\u00e3o no Excel que podem incomodar voc\u00ea. E uma dessas regras \u00e9 que voc\u00ea n\u00e3o pode adicionar zero","breadcrumb":{"@id":"https:\/\/exceladvisor.org\/pt\/zeros-a-esquerda\/#breadcrumb"},"inLanguage":"pt-PT","potentialAction":[{"@type":"ReadAction","target":["https:\/\/exceladvisor.org\/pt\/zeros-a-esquerda\/"]}]},{"@type":"ImageObject","inLanguage":"pt-PT","@id":"https:\/\/exceladvisor.org\/pt\/zeros-a-esquerda\/#primaryimage","url":"https:\/\/exceladvisor.org\/wp-content\/uploads\/2023\/08\/Ajouter-des-zeros-non-significatifs-dans-Excel-3-1.gif","contentUrl":"https:\/\/exceladvisor.org\/wp-content\/uploads\/2023\/08\/Ajouter-des-zeros-non-significatifs-dans-Excel-3-1.gif"},{"@type":"BreadcrumbList","@id":"https:\/\/exceladvisor.org\/pt\/zeros-a-esquerda\/#breadcrumb","itemListElement":[{"@type":"ListItem","position":1,"name":"Lar","item":"https:\/\/exceladvisor.org\/pt\/"},{"@type":"ListItem","position":2,"name":"Como adicionar zeros \u00e0 esquerda no excel?"}]},{"@type":"WebSite","@id":"https:\/\/exceladvisor.org\/pt\/#website","url":"https:\/\/exceladvisor.org\/pt\/","name":"Excel Advisor","description":"O seu guia definitivo para dominar os dados!","publisher":{"@id":"https:\/\/exceladvisor.org\/pt\/#organization"},"potentialAction":[{"@type":"SearchAction","target":{"@type":"EntryPoint","urlTemplate":"https:\/\/exceladvisor.org\/pt\/?s={search_term_string}"},"query-input":{"@type":"PropertyValueSpecification","valueRequired":true,"valueName":"search_term_string"}}],"inLanguage":"pt-PT"},{"@type":"Organization","@id":"https:\/\/exceladvisor.org\/pt\/#organization","name":"Excel Advisor","url":"https:\/\/exceladvisor.org\/pt\/","logo":{"@type":"ImageObject","inLanguage":"pt-PT","@id":"https:\/\/exceladvisor.org\/pt\/#\/schema\/logo\/image\/","url":"https:\/\/exceladvisor.org\/pt\/wp-content\/uploads\/2023\/12\/exceladvisor.org_.png","contentUrl":"https:\/\/exceladvisor.org\/pt\/wp-content\/uploads\/2023\/12\/exceladvisor.org_.png","width":105,"height":36,"caption":"Excel Advisor"},"image":{"@id":"https:\/\/exceladvisor.org\/pt\/#\/schema\/logo\/image\/"}}]}},"yoast_meta":{"yoast_wpseo_title":"","yoast_wpseo_metadesc":"","yoast_wpseo_canonical":""},"_links":{"self":[{"href":"https:\/\/exceladvisor.org\/pt\/wp-json\/wp\/v2\/pages\/181","targetHints":{"allow":["GET"]}}],"collection":[{"href":"https:\/\/exceladvisor.org\/pt\/wp-json\/wp\/v2\/pages"}],"about":[{"href":"https:\/\/exceladvisor.org\/pt\/wp-json\/wp\/v2\/types\/page"}],"author":[{"embeddable":true,"href":"https:\/\/exceladvisor.org\/pt\/wp-json\/wp\/v2\/users\/1"}],"replies":[{"embeddable":true,"href":"https:\/\/exceladvisor.org\/pt\/wp-json\/wp\/v2\/comments?post=181"}],"version-history":[{"count":1,"href":"https:\/\/exceladvisor.org\/pt\/wp-json\/wp\/v2\/pages\/181\/revisions"}],"predecessor-version":[{"id":816,"href":"https:\/\/exceladvisor.org\/pt\/wp-json\/wp\/v2\/pages\/181\/revisions\/816"}],"wp:attachment":[{"href":"https:\/\/exceladvisor.org\/pt\/wp-json\/wp\/v2\/media?parent=181"}],"curies":[{"name":"wp","href":"https:\/\/api.w.org\/{rel}","templated":true}]}}