{"id":182,"date":"2023-11-13T16:18:06","date_gmt":"2023-11-13T16:18:06","guid":{"rendered":"https:\/\/exceladvisor.org\/pt\/barra-de-rolagem\/"},"modified":"2023-12-06T11:41:52","modified_gmt":"2023-12-06T11:41:52","slug":"barra-de-rolagem","status":"publish","type":"page","link":"https:\/\/exceladvisor.org\/pt\/barra-de-rolagem\/","title":{"rendered":"Como recuperar a barra de rolagem do excel?"},"content":{"rendered":"<div class=\"excel-before-content-2\" id=\"excel-2070692419\"><script type=\"text\/javascript\">\r\n\tatOptions = {\r\n\t\t'key' : 'c1158f160081d6540a8409e6925dab94',\r\n\t\t'format' : 'iframe',\r\n\t\t'height' : 250,\r\n\t\t'width' : 300,\r\n\t\t'params' : {}\r\n\t};\r\n<\/script>\r\n<script type=\"text\/javascript\" src=\"\/\/www.highperformanceformat.com\/c1158f160081d6540a8409e6925dab94\/invoke.js\"><\/script><\/div><div class=\"excel-before-content\" id=\"excel-3099176310\"><script type=\"text\/javascript\">\r\n\tatOptions = {\r\n\t\t'key' : 'c1158f160081d6540a8409e6925dab94',\r\n\t\t'format' : 'iframe',\r\n\t\t'height' : 250,\r\n\t\t'width' : 300,\r\n\t\t'params' : {}\r\n\t};\r\n<\/script>\r\n<script type=\"text\/javascript\" src=\"\/\/www.highperformanceformat.com\/c1158f160081d6540a8409e6925dab94\/invoke.js\"><\/script><\/div> <p>No Excel, se a barra de rolagem estiver oculta ou voc\u00ea n\u00e3o conseguir exibi-la na janela do Excel, h\u00e1 duas maneiras r\u00e1pidas de recuper\u00e1-la. E neste tutorial, vamos discutir isso. <\/p><div class=\"wp-block-image\"><figure class=\"aligncenter size-full is-resized\"><img loading=\"lazy\" decoding=\"async\" class=\"wp-image-88989\" src=\"https:\/\/exceladvisor.org\/wp-content\/uploads\/2023\/08\/1-barre-de-defilement-cachee-dans-excel.png\" sizes=\"auto, \" srcset=\"\" alt=\"barra de rolagem oculta no Excel\" width=\"660\" height=\"192\"><\/figure><\/div><h2 class=\"wp-block-heading\"> Mostrar barras de rolagem nas op\u00e7\u00f5es do Excel<\/h2><p> Use as etapas abaixo:<\/p><ol type=\"1\"><li> V\u00e1 para a guia Arquivo.<\/li><li> Abra as op\u00e7\u00f5es do Excel.<\/li><li> Clique na guia Avan\u00e7ado.<\/li><li> Role para baixo e marque as duas caixas.<\/li><li> Clique em OK para salvar. <\/li><\/ol><div class=\"wp-block-image\"><figure class=\"aligncenter size-full is-resized\"><img loading=\"lazy\" decoding=\"async\" class=\"wp-image-88990\" src=\"https:\/\/exceladvisor.org\/wp-content\/uploads\/2023\/08\/2-afficher-la-barre-de-defilement-dans-Excel.png\" sizes=\"auto, \" srcset=\"\" alt=\"mostrar a barra de rolagem para tr\u00e1s no Excel\" width=\"580\" height=\"389\"><\/figure><\/div><p> No momento em que voc\u00ea clica em OK, voc\u00ea recupera as duas barras de rolagem. <\/p><div class=\"wp-block-image\"><figure class=\"aligncenter size-full is-resized\"><img loading=\"lazy\" decoding=\"async\" class=\"wp-image-88991\" src=\"https:\/\/exceladvisor.org\/wp-content\/uploads\/2023\/08\/3-barre-de-defilement-dans-excel.png\" sizes=\"auto, \" srcset=\"\" alt=\"barra de rolagem para tr\u00e1s no Excel\" width=\"598\" height=\"195\"><\/figure><\/div><p> Ocultar ou mostrar uma barra de rolagem \u00e9 uma configura\u00e7\u00e3o no n\u00edvel da pasta de trabalho. Quando voc\u00ea oculta uma barra de rolagem, o Excel modifica apenas a pasta de trabalho atual (ativa).<\/p><h2 class=\"wp-block-heading\"> Usando c\u00f3digo VBA para mostrar a barra de rolagem<\/h2><p> Voc\u00ea tamb\u00e9m pode usar o c\u00f3digo VBA para exibir uma barra de rolagem na janela do Excel.<\/p><pre class=\"wp-block-code\"> <code class=\"language-visual-basic\" lang=\"visual-basic\">Sub ScrollBarOn()    With ActiveWindow        .DisplayHorizontalScrollBar = True        .DisplayVerticalScrollBar = True    End With End Sub<\/code><\/pre><ul><li> V\u00e1 para a <a href=\"https:\/\/exceladvisor.org\/pt\/adicione-uma-guia-de-desenvolvedor\/\">guia Desenvolvedor<\/a> .<\/li><li> Abra <a href=\"https:\/\/exceladvisor.org\/pt\/editor-visual-basico\/\">o editor do Visual Basic<\/a> .<\/li><li> Insira um <a href=\"https:\/\/exceladvisor.org\/pt\/modulo\/\">m\u00f3dulo<\/a> .<\/li><li> Cole o c\u00f3digo e <a href=\"https:\/\/exceladvisor.org\/pt\/executar-uma-macro-2\/\">execute-o<\/a> . <\/li><\/ul><div class=\"wp-block-image\"><figure class=\"aligncenter size-full is-resized\"><img loading=\"lazy\" decoding=\"async\" class=\"wp-image-88992\" src=\"https:\/\/exceladvisor.org\/wp-content\/uploads\/2023\/08\/4-code-vba-pour-obtenir-la-barre-de-defilement.png\" sizes=\"auto, \" srcset=\"\" alt=\"c\u00f3digo vba para obter a barra de rolagem\" width=\"626\" height=\"284\"><\/figure><\/div><p> E se voc\u00ea quiser ocult\u00e1-lo, use o c\u00f3digo a seguir.<\/p><pre class=\"wp-block-code\"> <code class=\"language-visual-basic\" lang=\"visual-basic\">Sub ScrollBarOff()    With ActiveWindow        .DisplayHorizontalScrollBar = False        .DisplayVerticalScrollBar = False    End With End Sub<\/code><\/pre><div class=\"gb-container gb-container-29c351cb gb-container-mt\"> <a class=\"gb-button gb-button-3f93e23e gb-button-text gb-button-mt-button\" href=\"https:\/\/exceladvisor.org\/pt\/nocoes-basicas-de-excel\/\">No\u00e7\u00f5es b\u00e1sicas do Microsoft Excel (componentes, pe\u00e7as e notas de conhecimento)<\/a><h2 class=\"gb-headline gb-headline-039c6b39 gb-headline-text gb-headline-mt-heading\"> Mais tutoriais <\/h2><div class=\"gb-grid-wrapper gb-grid-wrapper-a21eef70 gb-grid-wrapper-mt-grid\"><div class=\"gb-grid-column gb-grid-column-8876d83d\"><div class=\"gb-container gb-container-8876d83d\"><ul><li> <a href=\"https:\/\/exceladvisor.org\/pt\/justificar-completamente\/\">Preencha Justificar no Excel<\/a><\/li><li> <a href=\"https:\/\/exceladvisor.org\/pt\/formato-de-pintor\/\">Pintor de formato no Excel<\/a><\/li><li> <a href=\"https:\/\/exceladvisor.org\/pt\/barra-de-acesso-rapido\/\">Barra de ferramentas de acesso r\u00e1pido no Excel<\/a><\/li><li> <a href=\"https:\/\/exceladvisor.org\/pt\/barra-de-formulas-do-excel\/\">Barra de f\u00f3rmulas no Excel<\/a><\/li><li> <a href=\"https:\/\/exceladvisor.org\/pt\/governante\/\">Mostrar r\u00e9gua no Excel<\/a> <\/li><\/ul><\/div><\/div><div class=\"gb-grid-column gb-grid-column-ee06a2c7\"><div class=\"gb-container gb-container-ee06a2c7\"><ul><li> <a href=\"https:\/\/exceladvisor.org\/pt\/fita\/\">Faixa de op\u00e7\u00f5es no Excel<\/a><\/li><li> <a href=\"https:\/\/exceladvisor.org\/pt\/alinhamento\/\">Alinhamento no Excel<\/a><\/li><li> <a href=\"https:\/\/exceladvisor.org\/pt\/salvar-arquivo\/\">Salvar um arquivo no Excel<\/a><\/li><li> <a href=\"https:\/\/exceladvisor.org\/pt\/meses-rolantes-automaticos\/\">Meses rolantes autom\u00e1ticos no Excel<\/a><\/li><li> <a href=\"https:\/\/exceladvisor.org\/pt\/visao-dos-bastidores\/\">Abra a visualiza\u00e7\u00e3o Backstage no Excel<\/a><\/li><\/ul><\/div><\/div><\/div><\/div>","protected":false},"excerpt":{"rendered":"","protected":false},"author":1,"featured_media":0,"parent":0,"menu_order":0,"comment_status":"open","ping_status":"closed","template":"","meta":{"ub_ctt_via":"","footnotes":""},"class_list":["post-182","page","type-page","status-publish","hentry"],"featured_image_src":null,"yoast_head":"<!-- This site is optimized with the Yoast SEO plugin v25.4 - https:\/\/yoast.com\/wordpress\/plugins\/seo\/ -->\n<title>\u25b7 Como recuperar a barra de rolagem do Excel?<\/title>\n<meta name=\"description\" content=\"No Excel, se a barra de rolagem estiver oculta ou voc\u00ea n\u00e3o conseguir exibi-la na janela do Excel, h\u00e1 duas maneiras r\u00e1pidas de\" \/>\n<meta name=\"robots\" content=\"index, follow, max-snippet:-1, max-image-preview:large, max-video-preview:-1\" \/>\n<link rel=\"canonical\" href=\"https:\/\/exceladvisor.org\/pt\/barra-de-rolagem\/\" \/>\n<meta property=\"og:locale\" content=\"pt_PT\" \/>\n<meta property=\"og:type\" content=\"article\" \/>\n<meta property=\"og:title\" content=\"\u25b7 Como recuperar a barra de rolagem do Excel?\" \/>\n<meta property=\"og:description\" content=\"No Excel, se a barra de rolagem estiver oculta ou voc\u00ea n\u00e3o conseguir exibi-la na janela do Excel, h\u00e1 duas maneiras r\u00e1pidas de\" \/>\n<meta property=\"og:url\" content=\"https:\/\/exceladvisor.org\/pt\/barra-de-rolagem\/\" \/>\n<meta property=\"og:site_name\" content=\"Excel Advisor\" \/>\n<meta property=\"article:modified_time\" content=\"2023-12-06T11:41:52+00:00\" \/>\n<meta property=\"og:image\" content=\"https:\/\/exceladvisor.org\/wp-content\/uploads\/2023\/08\/1-barre-de-defilement-cachee-dans-excel.png\" \/>\n<meta name=\"twitter:card\" content=\"summary_large_image\" \/>\n<meta name=\"twitter:label1\" content=\"Tempo estimado de leitura\" \/>\n\t<meta name=\"twitter:data1\" content=\"1 minuto\" \/>\n<script type=\"application\/ld+json\" class=\"yoast-schema-graph\">{\"@context\":\"https:\/\/schema.org\",\"@graph\":[{\"@type\":\"WebPage\",\"@id\":\"https:\/\/exceladvisor.org\/pt\/barra-de-rolagem\/\",\"url\":\"https:\/\/exceladvisor.org\/pt\/barra-de-rolagem\/\",\"name\":\"\u25b7 Como recuperar a barra de rolagem do Excel?\",\"isPartOf\":{\"@id\":\"https:\/\/exceladvisor.org\/pt\/#website\"},\"primaryImageOfPage\":{\"@id\":\"https:\/\/exceladvisor.org\/pt\/barra-de-rolagem\/#primaryimage\"},\"image\":{\"@id\":\"https:\/\/exceladvisor.org\/pt\/barra-de-rolagem\/#primaryimage\"},\"thumbnailUrl\":\"https:\/\/exceladvisor.org\/wp-content\/uploads\/2023\/08\/1-barre-de-defilement-cachee-dans-excel.png\",\"datePublished\":\"2023-11-13T16:18:06+00:00\",\"dateModified\":\"2023-12-06T11:41:52+00:00\",\"description\":\"No Excel, se a barra de rolagem estiver oculta ou voc\u00ea n\u00e3o conseguir exibi-la na janela do Excel, h\u00e1 duas maneiras r\u00e1pidas de\",\"breadcrumb\":{\"@id\":\"https:\/\/exceladvisor.org\/pt\/barra-de-rolagem\/#breadcrumb\"},\"inLanguage\":\"pt-PT\",\"potentialAction\":[{\"@type\":\"ReadAction\",\"target\":[\"https:\/\/exceladvisor.org\/pt\/barra-de-rolagem\/\"]}]},{\"@type\":\"ImageObject\",\"inLanguage\":\"pt-PT\",\"@id\":\"https:\/\/exceladvisor.org\/pt\/barra-de-rolagem\/#primaryimage\",\"url\":\"https:\/\/exceladvisor.org\/wp-content\/uploads\/2023\/08\/1-barre-de-defilement-cachee-dans-excel.png\",\"contentUrl\":\"https:\/\/exceladvisor.org\/wp-content\/uploads\/2023\/08\/1-barre-de-defilement-cachee-dans-excel.png\"},{\"@type\":\"BreadcrumbList\",\"@id\":\"https:\/\/exceladvisor.org\/pt\/barra-de-rolagem\/#breadcrumb\",\"itemListElement\":[{\"@type\":\"ListItem\",\"position\":1,\"name\":\"Lar\",\"item\":\"https:\/\/exceladvisor.org\/pt\/\"},{\"@type\":\"ListItem\",\"position\":2,\"name\":\"Como recuperar a barra de rolagem do excel?\"}]},{\"@type\":\"WebSite\",\"@id\":\"https:\/\/exceladvisor.org\/pt\/#website\",\"url\":\"https:\/\/exceladvisor.org\/pt\/\",\"name\":\"Excel Advisor\",\"description\":\"O seu guia definitivo para dominar os dados!\",\"publisher\":{\"@id\":\"https:\/\/exceladvisor.org\/pt\/#organization\"},\"potentialAction\":[{\"@type\":\"SearchAction\",\"target\":{\"@type\":\"EntryPoint\",\"urlTemplate\":\"https:\/\/exceladvisor.org\/pt\/?s={search_term_string}\"},\"query-input\":{\"@type\":\"PropertyValueSpecification\",\"valueRequired\":true,\"valueName\":\"search_term_string\"}}],\"inLanguage\":\"pt-PT\"},{\"@type\":\"Organization\",\"@id\":\"https:\/\/exceladvisor.org\/pt\/#organization\",\"name\":\"Excel Advisor\",\"url\":\"https:\/\/exceladvisor.org\/pt\/\",\"logo\":{\"@type\":\"ImageObject\",\"inLanguage\":\"pt-PT\",\"@id\":\"https:\/\/exceladvisor.org\/pt\/#\/schema\/logo\/image\/\",\"url\":\"https:\/\/exceladvisor.org\/pt\/wp-content\/uploads\/2023\/12\/exceladvisor.org_.png\",\"contentUrl\":\"https:\/\/exceladvisor.org\/pt\/wp-content\/uploads\/2023\/12\/exceladvisor.org_.png\",\"width\":105,\"height\":36,\"caption\":\"Excel Advisor\"},\"image\":{\"@id\":\"https:\/\/exceladvisor.org\/pt\/#\/schema\/logo\/image\/\"}}]}<\/script>\n<!-- \/ Yoast SEO plugin. -->","yoast_head_json":{"title":"\u25b7 Como recuperar a barra de rolagem do Excel?","description":"No Excel, se a barra de rolagem estiver oculta ou voc\u00ea n\u00e3o conseguir exibi-la na janela do Excel, h\u00e1 duas maneiras r\u00e1pidas de","robots":{"index":"index","follow":"follow","max-snippet":"max-snippet:-1","max-image-preview":"max-image-preview:large","max-video-preview":"max-video-preview:-1"},"canonical":"https:\/\/exceladvisor.org\/pt\/barra-de-rolagem\/","og_locale":"pt_PT","og_type":"article","og_title":"\u25b7 Como recuperar a barra de rolagem do Excel?","og_description":"No Excel, se a barra de rolagem estiver oculta ou voc\u00ea n\u00e3o conseguir exibi-la na janela do Excel, h\u00e1 duas maneiras r\u00e1pidas de","og_url":"https:\/\/exceladvisor.org\/pt\/barra-de-rolagem\/","og_site_name":"Excel Advisor","article_modified_time":"2023-12-06T11:41:52+00:00","og_image":[{"url":"https:\/\/exceladvisor.org\/wp-content\/uploads\/2023\/08\/1-barre-de-defilement-cachee-dans-excel.png","type":"","width":"","height":""}],"twitter_card":"summary_large_image","twitter_misc":{"Tempo estimado de leitura":"1 minuto"},"schema":{"@context":"https:\/\/schema.org","@graph":[{"@type":"WebPage","@id":"https:\/\/exceladvisor.org\/pt\/barra-de-rolagem\/","url":"https:\/\/exceladvisor.org\/pt\/barra-de-rolagem\/","name":"\u25b7 Como recuperar a barra de rolagem do Excel?","isPartOf":{"@id":"https:\/\/exceladvisor.org\/pt\/#website"},"primaryImageOfPage":{"@id":"https:\/\/exceladvisor.org\/pt\/barra-de-rolagem\/#primaryimage"},"image":{"@id":"https:\/\/exceladvisor.org\/pt\/barra-de-rolagem\/#primaryimage"},"thumbnailUrl":"https:\/\/exceladvisor.org\/wp-content\/uploads\/2023\/08\/1-barre-de-defilement-cachee-dans-excel.png","datePublished":"2023-11-13T16:18:06+00:00","dateModified":"2023-12-06T11:41:52+00:00","description":"No Excel, se a barra de rolagem estiver oculta ou voc\u00ea n\u00e3o conseguir exibi-la na janela do Excel, h\u00e1 duas maneiras r\u00e1pidas de","breadcrumb":{"@id":"https:\/\/exceladvisor.org\/pt\/barra-de-rolagem\/#breadcrumb"},"inLanguage":"pt-PT","potentialAction":[{"@type":"ReadAction","target":["https:\/\/exceladvisor.org\/pt\/barra-de-rolagem\/"]}]},{"@type":"ImageObject","inLanguage":"pt-PT","@id":"https:\/\/exceladvisor.org\/pt\/barra-de-rolagem\/#primaryimage","url":"https:\/\/exceladvisor.org\/wp-content\/uploads\/2023\/08\/1-barre-de-defilement-cachee-dans-excel.png","contentUrl":"https:\/\/exceladvisor.org\/wp-content\/uploads\/2023\/08\/1-barre-de-defilement-cachee-dans-excel.png"},{"@type":"BreadcrumbList","@id":"https:\/\/exceladvisor.org\/pt\/barra-de-rolagem\/#breadcrumb","itemListElement":[{"@type":"ListItem","position":1,"name":"Lar","item":"https:\/\/exceladvisor.org\/pt\/"},{"@type":"ListItem","position":2,"name":"Como recuperar a barra de rolagem do excel?"}]},{"@type":"WebSite","@id":"https:\/\/exceladvisor.org\/pt\/#website","url":"https:\/\/exceladvisor.org\/pt\/","name":"Excel Advisor","description":"O seu guia definitivo para dominar os dados!","publisher":{"@id":"https:\/\/exceladvisor.org\/pt\/#organization"},"potentialAction":[{"@type":"SearchAction","target":{"@type":"EntryPoint","urlTemplate":"https:\/\/exceladvisor.org\/pt\/?s={search_term_string}"},"query-input":{"@type":"PropertyValueSpecification","valueRequired":true,"valueName":"search_term_string"}}],"inLanguage":"pt-PT"},{"@type":"Organization","@id":"https:\/\/exceladvisor.org\/pt\/#organization","name":"Excel Advisor","url":"https:\/\/exceladvisor.org\/pt\/","logo":{"@type":"ImageObject","inLanguage":"pt-PT","@id":"https:\/\/exceladvisor.org\/pt\/#\/schema\/logo\/image\/","url":"https:\/\/exceladvisor.org\/pt\/wp-content\/uploads\/2023\/12\/exceladvisor.org_.png","contentUrl":"https:\/\/exceladvisor.org\/pt\/wp-content\/uploads\/2023\/12\/exceladvisor.org_.png","width":105,"height":36,"caption":"Excel Advisor"},"image":{"@id":"https:\/\/exceladvisor.org\/pt\/#\/schema\/logo\/image\/"}}]}},"yoast_meta":{"yoast_wpseo_title":"","yoast_wpseo_metadesc":"","yoast_wpseo_canonical":""},"_links":{"self":[{"href":"https:\/\/exceladvisor.org\/pt\/wp-json\/wp\/v2\/pages\/182","targetHints":{"allow":["GET"]}}],"collection":[{"href":"https:\/\/exceladvisor.org\/pt\/wp-json\/wp\/v2\/pages"}],"about":[{"href":"https:\/\/exceladvisor.org\/pt\/wp-json\/wp\/v2\/types\/page"}],"author":[{"embeddable":true,"href":"https:\/\/exceladvisor.org\/pt\/wp-json\/wp\/v2\/users\/1"}],"replies":[{"embeddable":true,"href":"https:\/\/exceladvisor.org\/pt\/wp-json\/wp\/v2\/comments?post=182"}],"version-history":[{"count":1,"href":"https:\/\/exceladvisor.org\/pt\/wp-json\/wp\/v2\/pages\/182\/revisions"}],"predecessor-version":[{"id":1165,"href":"https:\/\/exceladvisor.org\/pt\/wp-json\/wp\/v2\/pages\/182\/revisions\/1165"}],"wp:attachment":[{"href":"https:\/\/exceladvisor.org\/pt\/wp-json\/wp\/v2\/media?parent=182"}],"curies":[{"name":"wp","href":"https:\/\/api.w.org\/{rel}","templated":true}]}}