{"id":186,"date":"2023-11-12T18:51:05","date_gmt":"2023-11-12T18:51:05","guid":{"rendered":"https:\/\/exceladvisor.org\/pt\/classificacao-por-estrelas\/"},"modified":"2023-12-06T11:36:56","modified_gmt":"2023-12-06T11:36:56","slug":"classificacao-por-estrelas","status":"publish","type":"page","link":"https:\/\/exceladvisor.org\/pt\/classificacao-por-estrelas\/","title":{"rendered":"Como criar um modelo de classifica\u00e7\u00e3o por estrelas no excel?"},"content":{"rendered":"<div class=\"excel-before-content-2\" id=\"excel-1733452490\"><script type=\"text\/javascript\">\r\n\tatOptions = {\r\n\t\t'key' : 'c1158f160081d6540a8409e6925dab94',\r\n\t\t'format' : 'iframe',\r\n\t\t'height' : 250,\r\n\t\t'width' : 300,\r\n\t\t'params' : {}\r\n\t};\r\n<\/script>\r\n<script type=\"text\/javascript\" src=\"\/\/www.highperformanceformat.com\/c1158f160081d6540a8409e6925dab94\/invoke.js\"><\/script><\/div><div class=\"excel-before-content\" id=\"excel-1404008599\"><script type=\"text\/javascript\">\r\n\tatOptions = {\r\n\t\t'key' : 'c1158f160081d6540a8409e6925dab94',\r\n\t\t'format' : 'iframe',\r\n\t\t'height' : 250,\r\n\t\t'width' : 300,\r\n\t\t'params' : {}\r\n\t};\r\n<\/script>\r\n<script type=\"text\/javascript\" src=\"\/\/www.highperformanceformat.com\/c1158f160081d6540a8409e6925dab94\/invoke.js\"><\/script><\/div> <p class=\"has-text-align-left\">Aqui est\u00e1 uma dica r\u00e1pida para ajud\u00e1-lo a criar um modelo de classifica\u00e7\u00e3o por estrelas no Excel. Para criar este modelo de classifica\u00e7\u00e3o por estrelas, tudo que voc\u00ea precisa \u00e9 da fun\u00e7\u00e3o REPT. A fun\u00e7\u00e3o REPT \u00e9 \u00fatil quando voc\u00ea deseja repetir um determinado texto um determinado n\u00famero de vezes.<\/p><h2 id=\"h-steps-to-create-a-star-rating-template\" class=\"wp-block-heading\"> Etapas para criar um modelo de classifica\u00e7\u00e3o por estrelas<\/h2><ol><li> Insira dois tipos diferentes de estrelas (\u2606\u2605) em sua planilha e coloque-as em duas c\u00e9lulas diferentes.<\/li><li> Insira cinco bot\u00f5es de op\u00e7\u00e3o (controle de formul\u00e1rio) na guia do desenvolvedor. E crie um link de c\u00e9lula \u00fanica para todos os bot\u00f5es. Coloque-os em cinco c\u00e9lulas na dire\u00e7\u00e3o vertical.<\/li><li> Mesclar 5 c\u00e9lulas, apenas uma coluna antes, onde voc\u00ea tem bot\u00f5es.<\/li><li> Digite \u201c=REPT(H11,5-K11)&amp;REPT(I11,K11)\u201d na c\u00e9lula mesclada.<\/li><li> Altere a orienta\u00e7\u00e3o do texto da c\u00e9lula para texto vertical e, em seguida, altere o alinhamento do texto para centro e parte inferior.<\/li><\/ol><p> Seu modelo est\u00e1 pronto. <\/p><div class=\"wp-block-image\"><figure class=\"aligncenter\"><img decoding=\"async\" src=\"https:\/\/exceladvisor.org\/wp-content\/uploads\/2023\/08\/modele-devaluation-par-etoiles-dans-excel.gif\" sizes=\"\" srcset=\"\" alt=\"modelo de classifica\u00e7\u00e3o por estrelas no Excel\"><\/figure><\/div><h2 id=\"h-how-it-works\" class=\"wp-block-heading\"> Como funciona<\/h2><p> A primeira parte da f\u00f3rmula fornecer\u00e1 estrelas descritas. Por exemplo, quando voc\u00ea clica em uma avalia\u00e7\u00e3o de 3 estrelas, o restante das duas estrelas do plano ser\u00e1 concedido.<\/p><p> A segunda parte da f\u00f3rmula lhe dar\u00e1 estrelas preenchidas. Por exemplo, ao clicar na classifica\u00e7\u00e3o de 4 estrelas, voc\u00ea receber\u00e1 4 estrelas preenchidas.<\/p><p class=\"content-box-green\"> Voc\u00ea tamb\u00e9m pode inserir s\u00edmbolos na pr\u00f3pria f\u00f3rmula ou usar outros tipos de s\u00edmbolos conforme desejar. <\/p><div class=\"gb-container gb-container-bafb25cc gb-container-download-2\"><div class=\"gb-grid-wrapper gb-grid-wrapper-91201309\"><div class=\"gb-grid-column gb-grid-column-15a917ef\"><div class=\"gb-container gb-container-15a917ef\"><h2 class=\"gb-headline gb-headline-f2deb261 gb-headline-text gb-headline-download-2\"> Obtenha o arquivo Excel <\/h2><\/div><\/div><div class=\"gb-grid-column gb-grid-column-18357188\"><div class=\"gb-container gb-container-18357188\"><div class=\"gb-container gb-container-76cbe15e\"> <a class=\"gb-button gb-button-cb63d00a gb-button-text gb-button-download-2\" href=\"https:\/\/exceladvisor.org\/wp-content\/uploads\/2023\/11\/modele-devaluation-par-etoiles-excel-2.xlsx\" rel=\"nofollow\">Download<\/a><\/div><\/div><\/div><\/div><\/div><div class=\"gb-container gb-container-0df56012 gb-container-mt\"> <a class=\"gb-button gb-button-f9f432f4 gb-button-text gb-button-mt-button\" href=\"https:\/\/exceladvisor.org\/pt\/formulas\/\">Lista de f\u00f3rmulas do Excel<\/a><h2 class=\"gb-headline gb-headline-233444e8 gb-headline-text gb-headline-mt-heading\"> F\u00f3rmulas relacionadas <\/h2><div class=\"gb-grid-wrapper gb-grid-wrapper-a16fa65c gb-grid-wrapper-mt-grid\"><div class=\"gb-grid-column gb-grid-column-50d07e0d\"><div class=\"gb-container gb-container-50d07e0d\"><ul><li> <a href=\"https:\/\/exceladvisor.org\/pt\/filtro-horizontal\/\">Crie um filtro horizontal no Excel<\/a><\/li><li> <a href=\"https:\/\/exceladvisor.org\/pt\/obter-o-nome-do-arquivo\/\">Obtenha o nome do arquivo no Excel<\/a><\/li><li> <a href=\"https:\/\/exceladvisor.org\/pt\/obter-o-nome-da-planilha\/\">Obtenha o nome da planilha no Excel<\/a><\/li><li> <a href=\"https:\/\/exceladvisor.org\/pt\/gerar-letras-aleatorias\/\">Gere letras aleat\u00f3rias rapidamente no Excel<\/a><\/li><li> <a href=\"https:\/\/exceladvisor.org\/pt\/randomizar-a-lista\/\">Randomizar uma lista (classifica\u00e7\u00e3o aleat\u00f3ria) no Excel<\/a><\/li><\/ul><\/div><\/div><\/div><\/div>","protected":false},"excerpt":{"rendered":"","protected":false},"author":1,"featured_media":0,"parent":0,"menu_order":0,"comment_status":"open","ping_status":"closed","template":"","meta":{"ub_ctt_via":"","footnotes":""},"class_list":["post-186","page","type-page","status-publish","hentry"],"featured_image_src":null,"yoast_head":"<!-- This site is optimized with the Yoast SEO plugin v25.4 - https:\/\/yoast.com\/wordpress\/plugins\/seo\/ -->\n<title>Como criar um modelo de classifica\u00e7\u00e3o por estrelas no Excel?<\/title>\n<meta name=\"description\" content=\"A fun\u00e7\u00e3o REPT \u00e9 \u00fatil quando voc\u00ea deseja repetir um determinado texto v\u00e1rias vezes. E hoje vamos usar esta f\u00f3rmula para criar um modelo de classifica\u00e7\u00e3o por estrelas.\" \/>\n<meta name=\"robots\" content=\"index, follow, max-snippet:-1, max-image-preview:large, max-video-preview:-1\" \/>\n<link rel=\"canonical\" href=\"https:\/\/exceladvisor.org\/pt\/classificacao-por-estrelas\/\" \/>\n<meta property=\"og:locale\" content=\"pt_PT\" \/>\n<meta property=\"og:type\" content=\"article\" \/>\n<meta property=\"og:title\" content=\"Como criar um modelo de classifica\u00e7\u00e3o por estrelas no Excel?\" \/>\n<meta property=\"og:description\" content=\"A fun\u00e7\u00e3o REPT \u00e9 \u00fatil quando voc\u00ea deseja repetir um determinado texto v\u00e1rias vezes. E hoje vamos usar esta f\u00f3rmula para criar um modelo de classifica\u00e7\u00e3o por estrelas.\" \/>\n<meta property=\"og:url\" content=\"https:\/\/exceladvisor.org\/pt\/classificacao-por-estrelas\/\" \/>\n<meta property=\"og:site_name\" content=\"Excel Advisor\" \/>\n<meta property=\"article:modified_time\" content=\"2023-12-06T11:36:56+00:00\" \/>\n<meta property=\"og:image\" content=\"https:\/\/exceladvisor.org\/wp-content\/uploads\/2023\/08\/modele-devaluation-par-etoiles-dans-excel.gif\" \/>\n<meta name=\"twitter:card\" content=\"summary_large_image\" \/>\n<meta name=\"twitter:label1\" content=\"Tempo estimado de leitura\" \/>\n\t<meta name=\"twitter:data1\" content=\"1 minuto\" \/>\n<script type=\"application\/ld+json\" class=\"yoast-schema-graph\">{\"@context\":\"https:\/\/schema.org\",\"@graph\":[{\"@type\":\"WebPage\",\"@id\":\"https:\/\/exceladvisor.org\/pt\/classificacao-por-estrelas\/\",\"url\":\"https:\/\/exceladvisor.org\/pt\/classificacao-por-estrelas\/\",\"name\":\"Como criar um modelo de classifica\u00e7\u00e3o por estrelas no Excel?\",\"isPartOf\":{\"@id\":\"https:\/\/exceladvisor.org\/pt\/#website\"},\"primaryImageOfPage\":{\"@id\":\"https:\/\/exceladvisor.org\/pt\/classificacao-por-estrelas\/#primaryimage\"},\"image\":{\"@id\":\"https:\/\/exceladvisor.org\/pt\/classificacao-por-estrelas\/#primaryimage\"},\"thumbnailUrl\":\"https:\/\/exceladvisor.org\/wp-content\/uploads\/2023\/08\/modele-devaluation-par-etoiles-dans-excel.gif\",\"datePublished\":\"2023-11-12T18:51:05+00:00\",\"dateModified\":\"2023-12-06T11:36:56+00:00\",\"description\":\"A fun\u00e7\u00e3o REPT \u00e9 \u00fatil quando voc\u00ea deseja repetir um determinado texto v\u00e1rias vezes. E hoje vamos usar esta f\u00f3rmula para criar um modelo de classifica\u00e7\u00e3o por estrelas.\",\"breadcrumb\":{\"@id\":\"https:\/\/exceladvisor.org\/pt\/classificacao-por-estrelas\/#breadcrumb\"},\"inLanguage\":\"pt-PT\",\"potentialAction\":[{\"@type\":\"ReadAction\",\"target\":[\"https:\/\/exceladvisor.org\/pt\/classificacao-por-estrelas\/\"]}]},{\"@type\":\"ImageObject\",\"inLanguage\":\"pt-PT\",\"@id\":\"https:\/\/exceladvisor.org\/pt\/classificacao-por-estrelas\/#primaryimage\",\"url\":\"https:\/\/exceladvisor.org\/wp-content\/uploads\/2023\/08\/modele-devaluation-par-etoiles-dans-excel.gif\",\"contentUrl\":\"https:\/\/exceladvisor.org\/wp-content\/uploads\/2023\/08\/modele-devaluation-par-etoiles-dans-excel.gif\"},{\"@type\":\"BreadcrumbList\",\"@id\":\"https:\/\/exceladvisor.org\/pt\/classificacao-por-estrelas\/#breadcrumb\",\"itemListElement\":[{\"@type\":\"ListItem\",\"position\":1,\"name\":\"Lar\",\"item\":\"https:\/\/exceladvisor.org\/pt\/\"},{\"@type\":\"ListItem\",\"position\":2,\"name\":\"Como criar um modelo de classifica\u00e7\u00e3o por estrelas no excel?\"}]},{\"@type\":\"WebSite\",\"@id\":\"https:\/\/exceladvisor.org\/pt\/#website\",\"url\":\"https:\/\/exceladvisor.org\/pt\/\",\"name\":\"Excel Advisor\",\"description\":\"O seu guia definitivo para dominar os dados!\",\"publisher\":{\"@id\":\"https:\/\/exceladvisor.org\/pt\/#organization\"},\"potentialAction\":[{\"@type\":\"SearchAction\",\"target\":{\"@type\":\"EntryPoint\",\"urlTemplate\":\"https:\/\/exceladvisor.org\/pt\/?s={search_term_string}\"},\"query-input\":{\"@type\":\"PropertyValueSpecification\",\"valueRequired\":true,\"valueName\":\"search_term_string\"}}],\"inLanguage\":\"pt-PT\"},{\"@type\":\"Organization\",\"@id\":\"https:\/\/exceladvisor.org\/pt\/#organization\",\"name\":\"Excel Advisor\",\"url\":\"https:\/\/exceladvisor.org\/pt\/\",\"logo\":{\"@type\":\"ImageObject\",\"inLanguage\":\"pt-PT\",\"@id\":\"https:\/\/exceladvisor.org\/pt\/#\/schema\/logo\/image\/\",\"url\":\"https:\/\/exceladvisor.org\/pt\/wp-content\/uploads\/2023\/12\/exceladvisor.org_.png\",\"contentUrl\":\"https:\/\/exceladvisor.org\/pt\/wp-content\/uploads\/2023\/12\/exceladvisor.org_.png\",\"width\":105,\"height\":36,\"caption\":\"Excel Advisor\"},\"image\":{\"@id\":\"https:\/\/exceladvisor.org\/pt\/#\/schema\/logo\/image\/\"}}]}<\/script>\n<!-- \/ Yoast SEO plugin. -->","yoast_head_json":{"title":"Como criar um modelo de classifica\u00e7\u00e3o por estrelas no Excel?","description":"A fun\u00e7\u00e3o REPT \u00e9 \u00fatil quando voc\u00ea deseja repetir um determinado texto v\u00e1rias vezes. E hoje vamos usar esta f\u00f3rmula para criar um modelo de classifica\u00e7\u00e3o por estrelas.","robots":{"index":"index","follow":"follow","max-snippet":"max-snippet:-1","max-image-preview":"max-image-preview:large","max-video-preview":"max-video-preview:-1"},"canonical":"https:\/\/exceladvisor.org\/pt\/classificacao-por-estrelas\/","og_locale":"pt_PT","og_type":"article","og_title":"Como criar um modelo de classifica\u00e7\u00e3o por estrelas no Excel?","og_description":"A fun\u00e7\u00e3o REPT \u00e9 \u00fatil quando voc\u00ea deseja repetir um determinado texto v\u00e1rias vezes. E hoje vamos usar esta f\u00f3rmula para criar um modelo de classifica\u00e7\u00e3o por estrelas.","og_url":"https:\/\/exceladvisor.org\/pt\/classificacao-por-estrelas\/","og_site_name":"Excel Advisor","article_modified_time":"2023-12-06T11:36:56+00:00","og_image":[{"url":"https:\/\/exceladvisor.org\/wp-content\/uploads\/2023\/08\/modele-devaluation-par-etoiles-dans-excel.gif","type":"","width":"","height":""}],"twitter_card":"summary_large_image","twitter_misc":{"Tempo estimado de leitura":"1 minuto"},"schema":{"@context":"https:\/\/schema.org","@graph":[{"@type":"WebPage","@id":"https:\/\/exceladvisor.org\/pt\/classificacao-por-estrelas\/","url":"https:\/\/exceladvisor.org\/pt\/classificacao-por-estrelas\/","name":"Como criar um modelo de classifica\u00e7\u00e3o por estrelas no Excel?","isPartOf":{"@id":"https:\/\/exceladvisor.org\/pt\/#website"},"primaryImageOfPage":{"@id":"https:\/\/exceladvisor.org\/pt\/classificacao-por-estrelas\/#primaryimage"},"image":{"@id":"https:\/\/exceladvisor.org\/pt\/classificacao-por-estrelas\/#primaryimage"},"thumbnailUrl":"https:\/\/exceladvisor.org\/wp-content\/uploads\/2023\/08\/modele-devaluation-par-etoiles-dans-excel.gif","datePublished":"2023-11-12T18:51:05+00:00","dateModified":"2023-12-06T11:36:56+00:00","description":"A fun\u00e7\u00e3o REPT \u00e9 \u00fatil quando voc\u00ea deseja repetir um determinado texto v\u00e1rias vezes. E hoje vamos usar esta f\u00f3rmula para criar um modelo de classifica\u00e7\u00e3o por estrelas.","breadcrumb":{"@id":"https:\/\/exceladvisor.org\/pt\/classificacao-por-estrelas\/#breadcrumb"},"inLanguage":"pt-PT","potentialAction":[{"@type":"ReadAction","target":["https:\/\/exceladvisor.org\/pt\/classificacao-por-estrelas\/"]}]},{"@type":"ImageObject","inLanguage":"pt-PT","@id":"https:\/\/exceladvisor.org\/pt\/classificacao-por-estrelas\/#primaryimage","url":"https:\/\/exceladvisor.org\/wp-content\/uploads\/2023\/08\/modele-devaluation-par-etoiles-dans-excel.gif","contentUrl":"https:\/\/exceladvisor.org\/wp-content\/uploads\/2023\/08\/modele-devaluation-par-etoiles-dans-excel.gif"},{"@type":"BreadcrumbList","@id":"https:\/\/exceladvisor.org\/pt\/classificacao-por-estrelas\/#breadcrumb","itemListElement":[{"@type":"ListItem","position":1,"name":"Lar","item":"https:\/\/exceladvisor.org\/pt\/"},{"@type":"ListItem","position":2,"name":"Como criar um modelo de classifica\u00e7\u00e3o por estrelas no excel?"}]},{"@type":"WebSite","@id":"https:\/\/exceladvisor.org\/pt\/#website","url":"https:\/\/exceladvisor.org\/pt\/","name":"Excel Advisor","description":"O seu guia definitivo para dominar os dados!","publisher":{"@id":"https:\/\/exceladvisor.org\/pt\/#organization"},"potentialAction":[{"@type":"SearchAction","target":{"@type":"EntryPoint","urlTemplate":"https:\/\/exceladvisor.org\/pt\/?s={search_term_string}"},"query-input":{"@type":"PropertyValueSpecification","valueRequired":true,"valueName":"search_term_string"}}],"inLanguage":"pt-PT"},{"@type":"Organization","@id":"https:\/\/exceladvisor.org\/pt\/#organization","name":"Excel Advisor","url":"https:\/\/exceladvisor.org\/pt\/","logo":{"@type":"ImageObject","inLanguage":"pt-PT","@id":"https:\/\/exceladvisor.org\/pt\/#\/schema\/logo\/image\/","url":"https:\/\/exceladvisor.org\/pt\/wp-content\/uploads\/2023\/12\/exceladvisor.org_.png","contentUrl":"https:\/\/exceladvisor.org\/pt\/wp-content\/uploads\/2023\/12\/exceladvisor.org_.png","width":105,"height":36,"caption":"Excel Advisor"},"image":{"@id":"https:\/\/exceladvisor.org\/pt\/#\/schema\/logo\/image\/"}}]}},"yoast_meta":{"yoast_wpseo_title":"","yoast_wpseo_metadesc":"","yoast_wpseo_canonical":""},"_links":{"self":[{"href":"https:\/\/exceladvisor.org\/pt\/wp-json\/wp\/v2\/pages\/186","targetHints":{"allow":["GET"]}}],"collection":[{"href":"https:\/\/exceladvisor.org\/pt\/wp-json\/wp\/v2\/pages"}],"about":[{"href":"https:\/\/exceladvisor.org\/pt\/wp-json\/wp\/v2\/types\/page"}],"author":[{"embeddable":true,"href":"https:\/\/exceladvisor.org\/pt\/wp-json\/wp\/v2\/users\/1"}],"replies":[{"embeddable":true,"href":"https:\/\/exceladvisor.org\/pt\/wp-json\/wp\/v2\/comments?post=186"}],"version-history":[{"count":1,"href":"https:\/\/exceladvisor.org\/pt\/wp-json\/wp\/v2\/pages\/186\/revisions"}],"predecessor-version":[{"id":997,"href":"https:\/\/exceladvisor.org\/pt\/wp-json\/wp\/v2\/pages\/186\/revisions\/997"}],"wp:attachment":[{"href":"https:\/\/exceladvisor.org\/pt\/wp-json\/wp\/v2\/media?parent=186"}],"curies":[{"name":"wp","href":"https:\/\/api.w.org\/{rel}","templated":true}]}}