{"id":188,"date":"2023-11-12T17:03:14","date_gmt":"2023-11-12T17:03:14","guid":{"rendered":"https:\/\/exceladvisor.org\/pt\/faixa-de-grafico-dinamico\/"},"modified":"2023-12-06T11:36:54","modified_gmt":"2023-12-06T11:36:54","slug":"faixa-de-grafico-dinamico","status":"publish","type":"page","link":"https:\/\/exceladvisor.org\/pt\/faixa-de-grafico-dinamico\/","title":{"rendered":"Como criar um intervalo de gr\u00e1fico din\u00e2mico?"},"content":{"rendered":"<div class=\"excel-before-content-2\" id=\"excel-3754558482\"><script type=\"text\/javascript\">\r\n\tatOptions = {\r\n\t\t'key' : 'c1158f160081d6540a8409e6925dab94',\r\n\t\t'format' : 'iframe',\r\n\t\t'height' : 250,\r\n\t\t'width' : 300,\r\n\t\t'params' : {}\r\n\t};\r\n<\/script>\r\n<script type=\"text\/javascript\" src=\"\/\/www.highperformanceformat.com\/c1158f160081d6540a8409e6925dab94\/invoke.js\"><\/script><\/div><div class=\"excel-before-content\" id=\"excel-3454401774\"><script type=\"text\/javascript\">\r\n\tatOptions = {\r\n\t\t'key' : 'c1158f160081d6540a8409e6925dab94',\r\n\t\t'format' : 'iframe',\r\n\t\t'height' : 250,\r\n\t\t'width' : 300,\r\n\t\t'params' : {}\r\n\t};\r\n<\/script>\r\n<script type=\"text\/javascript\" src=\"\/\/www.highperformanceformat.com\/c1158f160081d6540a8409e6925dab94\/invoke.js\"><\/script><\/div> <p>Tenho um bom motivo para voc\u00ea usar um intervalo de gr\u00e1fico din\u00e2mico. \u00c0s vezes acontece que voc\u00ea cria um gr\u00e1fico e ao atualiz\u00e1-lo tem que alterar seu intervalo manualmente.<\/p><p> Mesmo quando voc\u00ea exclui alguns dados, \u00e9 necess\u00e1rio alterar seu intervalo. Talvez pare\u00e7a que mudar o intervalo do gr\u00e1fico n\u00e3o seja grande coisa. Mas e quando voc\u00ea precisar atualizar seus dados com frequ\u00eancia?<\/p><p> Voc\u00ea precisa de uma gama din\u00e2mica de gr\u00e1ficos.<\/p><h2 class=\"wp-block-heading\"> Tem certeza de que precisa de um intervalo de gr\u00e1fico din\u00e2mico?<\/h2><p> Sim, 100%. Tudo bem, deixe-me mostrar uma coisa. <\/p><div class=\"wp-block-image\"><figure class=\"aligncenter\"><img decoding=\"async\" src=\"https:\/\/exceladvisor.org\/wp-content\/uploads\/2023\/08\/comment-creer-une-plage-de-graphique-dynamique-dans-le-tableau-des-montants-mensuels-Excel-1.png\" sizes=\"\" srcset=\"\" alt=\"como criar um intervalo de gr\u00e1fico din\u00e2mico na tabela de valores mensais do Excel\"><\/figure><\/div><p> Abaixo voc\u00ea tem um gr\u00e1fico com o valor mensal e quando voc\u00ea soma o valor do m\u00eas de junho os valores do gr\u00e1fico ficam iguais, n\u00e3o h\u00e1 altera\u00e7\u00e3o. Agora, voc\u00ea precisa atualizar manualmente o intervalo do gr\u00e1fico para incluir junho no gr\u00e1fico. Ent\u00e3o, o que voc\u00ea acha: usar uma faixa gr\u00e1fica din\u00e2mica economiza tempo?<\/p><h2 id=\"1\" class=\"wp-block-heading\"> Usando a tabela de dados para intervalo de gr\u00e1fico din\u00e2mico<\/h2><p> Se voc\u00ea estiver usando o Excel vers\u00e3o 2007 ou superior, <a href=\"https:\/\/www.ablebits.com\/office-addins-blog\/2011\/09\/23\/excel-tables-ranges\/\" target=\"_blank\" rel=\"noopener noreferrer\">usar uma tabela de dados em vez de um intervalo normal<\/a> \u00e9 a melhor solu\u00e7\u00e3o.<\/p><p> Tudo o que voc\u00ea precisa fazer \u00e9 converter seu intervalo normal em uma tabela <span class=\"su-highlight\" style=\"background: #f8de7e; color: #3a3a3a;\"><strong>(use a tecla de atalho Ctrl + T)<\/strong><\/span> e, em seguida, usar esta tabela para criar um gr\u00e1fico. Agora, toda vez que voc\u00ea adiciona dados \u00e0 sua tabela, o gr\u00e1fico tamb\u00e9m \u00e9 atualizado automaticamente. <\/p><div class=\"wp-block-image\"><figure class=\"aligncenter\"><img decoding=\"async\" src=\"https:\/\/exceladvisor.org\/wp-content\/uploads\/2023\/08\/comment-creer-une-plage-de-graphiques-dynamiques-dans-Excel-a-laide-des-donnees-de-mise-a-jour-de-la-table-de-donnees-1.gif\" sizes=\"\" srcset=\"\" alt=\"como criar intervalo de gr\u00e1fico din\u00e2mico no Excel usando dados de atualiza\u00e7\u00e3o de tabela de dados\"><\/figure><\/div><p> Na tabela acima, quando adicionei o valor do m\u00eas de junho, a tabela \u00e9 atualizada automaticamente. A \u00fanica coisa que leva voc\u00ea a usar o m\u00e9todo a seguir \u00e9 que, ao excluir dados de uma tabela, seu gr\u00e1fico n\u00e3o ser\u00e1 atualizado. <\/p><div class=\"wp-block-image\"><figure class=\"aligncenter\"><img decoding=\"async\" src=\"https:\/\/exceladvisor.org\/wp-content\/uploads\/2023\/08\/comment-creer-une-plage-de-graphiques-dynamiques-dans-un-tableau-de-donnees-Excel-supprimer-des-donnees-1.png\" sizes=\"\" srcset=\"\" alt=\"como criar intervalo de gr\u00e1fico din\u00e2mico na tabela de dados do Excel excluir dados\"><\/figure><\/div><p> A solu\u00e7\u00e3o para este problema \u00e9 quando voc\u00ea deseja excluir dados do gr\u00e1fico, basta excluir aquela c\u00e9lula usando a op\u00e7\u00e3o excluir.<\/p><h2 id=\"2\" class=\"wp-block-heading\"> Usando intervalo nomeado din\u00e2mico<\/h2><p> Usar um intervalo nomeado din\u00e2mico para um gr\u00e1fico \u00e9 um pouco complicado, mas \u00e9 uma configura\u00e7\u00e3o \u00fanica. Depois de fazer isso, \u00e9 muito f\u00e1cil de gerenciar. Ent\u00e3o dividi todo o processo em duas etapas.<\/p><ol><li> Criando um intervalo nomeado din\u00e2mico.<\/li><li> Alterando os dados de origem do gr\u00e1fico para um intervalo nomeado din\u00e2mico.<\/li><\/ol><h3 id=\"3\" class=\"wp-block-heading\"> Criando um intervalo nomeado din\u00e2mico para um gr\u00e1fico din\u00e2mico<\/h3><p> Para criar um intervalo nomeado din\u00e2mico, podemos usar a fun\u00e7\u00e3o OFFSET.<\/p><p> <strong>Introdu\u00e7\u00e3o r\u00e1pida ao deslocamento:<\/strong> pode retornar a refer\u00eancia de um intervalo que \u00e9 um <a href=\"http:\/\/www.contextures.com\/exceloffsetfunction.html#rangecount\" target=\"_blank\" rel=\"noopener noreferrer\">n\u00famero especificado de linhas e colunas<\/a> de uma c\u00e9lula ou intervalo de c\u00e9lulas. Temos os seguintes dados para criar um intervalo nomeado. <\/p><div class=\"wp-block-image\"><figure class=\"aligncenter\"><img decoding=\"async\" src=\"https:\/\/exceladvisor.org\/wp-content\/uploads\/2023\/08\/comment-creer-une-plage-de-graphique-dynamique-dans-Excel-avec-une-plage-nommee-dynamique-1.png\" sizes=\"\" srcset=\"\" alt=\"como criar intervalo de gr\u00e1fico din\u00e2mico no Excel com intervalo nomeado din\u00e2mico\"><\/figure><\/div><p> Na coluna A, temos meses e valores na coluna B. E precisamos criar intervalos nomeados din\u00e2micos para ambas as colunas para que, quando voc\u00ea atualizar os dados, seu gr\u00e1fico seja atualizado automaticamente.<\/p><p> <a href=\"https:\/\/exceladvisor.org\/wp-content\/uploads\/2023\/11\/plage-graphique-dynamique-donnees-brutes.xlsx\">Baixe este arquivo para acompanhar<\/a> .<\/p><p> Aqui est\u00e3o as etapas. <\/p><ol id=\"block-6a03b0d2-7c05-43a0-b73f-5c0957980728\" class=\"block-editor-rich-text__editable block-editor-block-list__block wp-block is-selected rich-text\" tabindex=\"0\" role=\"group\" contenteditable=\"true\" aria-multiline=\"true\" aria-label=\"Block: List\" data-block=\"6a03b0d2-7c05-43a0-b73f-5c0957980728\" data-type=\"core\/list\" data-title=\"List\"><li> V\u00e1 para a guia F\u00f3rmulas -&gt; Nomes Definidos -&gt; Gerenciador de Nomes. <br><img decoding=\"async\" title=\"como criar um intervalo de gr\u00e1fico din\u00e2mico no gerenciador de nome de clique do Excel\" src=\"https:\/\/exceladvisor.org\/wp-content\/uploads\/2023\/08\/comment-creer-une-plage-de-graphiques-dynamiques-dans-le-gestionnaire-de-noms-de-clics-Excel-1.png\" sizes=\"\" srcset=\"\" alt=\"how to create a dynamic chart range in excel click name manager\"><\/li><li> Clique em \u201cNovo\u201d para criar um intervalo nomeado. <br><img decoding=\"async\" title=\"como-criar-um-intervalo-de-gr\u00e1fico-din\u00e2mico-no-excel-clique-novo\" src=\"https:\/\/exceladvisor.org\/wp-content\/uploads\/2023\/08\/comment-creer-une-plage-de-graphique-dynamique-dans-excel-cliquez-sur-nouveau-1.png\" sizes=\"\" srcset=\"\" alt=\"how to create a dynamic chart range in excel click new\"><\/li><li> Agora, na janela do novo nome, insira a seguinte f\u00f3rmula (contarei como funciona mais tarde).<ul><li> =OFFSET(Folha2!$B$2,0,0,CONTAR(Folha2!$B:$B)-1,1)<\/li><\/ul><\/li><li> Nomeie seu intervalo como \u201cquantidade\u201d. <br><img decoding=\"async\" title=\"como criar um intervalo de gr\u00e1fico din\u00e2mico no Excel-enter-formula\" src=\"https:\/\/exceladvisor.org\/wp-content\/uploads\/2023\/08\/comment-creer-une-plage-de-graphique-dynamique-dans-excel-entrer-la-formule-1.png\" sizes=\"\" srcset=\"\" alt=\"how to create a dynamic chart range in excel enter formula\"><\/li><li> Clique OK.<\/li><li> Agora crie outro intervalo nomeado usando a seguinte f\u00f3rmula.<ul><li> =OFFSET(Folha2!$A$2,0,0,CONTAR(Folha2!$A:$A)-1,1)<\/li><\/ul><\/li><li> Chame-o de \u201cm\u00eas\u201d.<\/li><li> Clique OK.<\/li><\/ol><p> Neste ponto, temos dois intervalos nomeados, \u201cm\u00eas\u201d e \u201cvalor\u201d. Agora deixe-me contar como funciona. Nas f\u00f3rmulas acima, usei a fun\u00e7\u00e3o de contagem para contar o n\u00famero total de c\u00e9lulas com um valor. Ent\u00e3o usei esse valor de contagem como a altura do deslocamento para me referir a um intervalo. <\/p><div class=\"wp-block-image\"><figure class=\"aligncenter\"><img decoding=\"async\" src=\"https:\/\/exceladvisor.org\/wp-content\/uploads\/2023\/08\/comment-creer-une-plage-de-graphique-dynamique-dans-la-formule-Excel-utilisee-1.png\" sizes=\"\" srcset=\"\" alt=\"como criar um intervalo de gr\u00e1fico din\u00e2mico na f\u00f3rmula do Excel usada\"><\/figure><\/div><p> No intervalo de meses, usamos A2 como ponto de partida para deslocar e contar o n\u00famero total de c\u00e9lulas que possuem na coluna B com counta (-1 para excluir o cabe\u00e7alho) que se refere a A2: A7 .<\/p><h3 id=\"4\" class=\"wp-block-heading\"> Alterando os dados de origem do gr\u00e1fico para o intervalo nomeado din\u00e2mico<\/h3><p> Agora precisamos alterar os dados de origem para os intervalos nomeados que acabamos de criar. Ah, me desculpe, esqueci de dizer para voc\u00ea criar um gr\u00e1fico, <a href=\"http:\/\/www.wikihow.com\/Make-a-Line-Graph-in-Microsoft-Excel\" target=\"_blank\" rel=\"noopener noreferrer\">insira um gr\u00e1fico de linha<\/a> . Aqui est\u00e3o os pr\u00f3ximos passos.<\/p><ol><li> Clique com o bot\u00e3o direito no gr\u00e1fico e selecione \u201cSelecionar dados\u201d. <br><img decoding=\"async\" title=\"como criar um intervalo de gr\u00e1fico din\u00e2mico em dados de sele\u00e7\u00e3o do Excel\" src=\"https:\/\/exceladvisor.org\/wp-content\/uploads\/2023\/08\/comment-creer-une-plage-de-graphique-dynamique-dans-Excel-selectionnez-des-donnees-1.png\" sizes=\"\" srcset=\"\" alt=\"how to create a dynamic chart range in excel select data\"><\/li><li> Nas entradas de legenda, clique em Editar. <br><img decoding=\"async\" title=\"como criar um intervalo de gr\u00e1fico din\u00e2mico na tabela de dados do Excel, clicar em editar\" src=\"https:\/\/exceladvisor.org\/wp-content\/uploads\/2023\/08\/comment-creer-une-plage-de-graphique-dynamique-dans-le-tableau-de-donnees-Excel-cliquez-sur-modifier-1.png\" sizes=\"\" srcset=\"\" alt=\"how to create a dynamic chart range in excel data table click edit\"><\/li><li> Em Valores de s\u00e9rie, altere a refer\u00eancia do intervalo para o intervalo denominado &#8220;quantidade&#8221;. <br><img decoding=\"async\" title=\"como criar um intervalo de gr\u00e1fico din\u00e2mico no Excel-adicionar nome de intervalo\" src=\"https:\/\/exceladvisor.org\/wp-content\/uploads\/2023\/08\/comment-creer-une-plage-de-graphique-dynamique-dans-Excel-ajouter-le-nom-de-la-plage-1.png\" sizes=\"\" srcset=\"\" alt=\"how to create a dynamic chart range in excel add range name\"><\/li><li> Clique OK.<\/li><li> No eixo horizontal, clique em Editar. <br><img decoding=\"async\" title=\"como-criar-um-intervalo-de-gr\u00e1fico-din\u00e2mico-no-excel-clique-editar-intervalo-eixo\" src=\"https:\/\/exceladvisor.org\/wp-content\/uploads\/2023\/08\/comment-creer-une-plage-de-graphique-dynamique-dans-Excel-cliquez-sur-modifier-la-plage-daxe-1.png\" sizes=\"\" srcset=\"\" alt=\"how to create a dynamic chart range in excel click edit axis range\"><\/li><li> Insira o intervalo denominado &#8220;m\u00eas&#8221; para o r\u00f3tulo do eixo. <br><img decoding=\"async\" title=\"como criar um intervalo de gr\u00e1fico din\u00e2mico no Excel para intervalo de mudan\u00e7a para m\u00eas\" src=\"https:\/\/exceladvisor.org\/wp-content\/uploads\/2023\/08\/comment-creer-une-plage-de-graphiques-dynamiques-dans-la-plage-de-modification-dExcel-au-cours-du-mois-1.png\" sizes=\"\" srcset=\"\" alt=\"how to create a dynamic chart range in excel edit range in month\"><\/li><li> Clique OK.<\/li><\/ol><p> Tudo pronto. Parab\u00e9ns, seu gr\u00e1fico agora tem faixa din\u00e2mica. <\/p><div class=\"wp-block-image\"><figure class=\"aligncenter\"><img decoding=\"async\" src=\"https:\/\/exceladvisor.org\/wp-content\/uploads\/2023\/08\/comment-creer-une-plage-de-graphiques-dynamiques-dans-un-graphique-Excel-est-pret-1.gif\" sizes=\"\" srcset=\"\" alt=\"como criar um intervalo de gr\u00e1fico din\u00e2mico em um gr\u00e1fico O Excel est\u00e1 pronto\"><\/figure><\/div><div class=\"su-note\" style=\"border-color: #c7d4d9; border-radius: 10px; -moz-border-radius: 10px; -webkit-border-radius: 10px;\"><div class=\"su-note-inner su-u-clearfix su-u-trim\" style=\"background-color: #e1eef3; border-color: #ffffff; color: #333333; border-radius: 10px; -moz-border-radius: 10px; -webkit-border-radius: 10px;\"> Nota importante: Ao usar um intervalo nomeado na origem do gr\u00e1fico, certifique-se de adicionar o nome da planilha.<\/div><\/div><h2 class=\"wp-block-heading\"> Arquivo de exemplo<\/h2><div class=\"wp-block-image\"><figure class=\"aligncenter\"> <a href=\"https:\/\/exceladvisor.org\/wp-content\/uploads\/2023\/11\/plage-de-graphique-dynamique-2.xlsx\"><img decoding=\"async\" src=\"https:\/\/exceladvisor.org\/wp-content\/uploads\/2023\/08\/comment-creer-une-plage-de-graphique-dynamique-dans-un-exemple-de-fichier-Excel-1.png\" sizes=\"\" srcset=\"\" alt=\"como criar um intervalo de gr\u00e1fico din\u00e2mico no exemplo de arquivo Excel\"><\/a><\/figure><\/div><h2 class=\"wp-block-heading\"> \u00daltimas palavras<\/h2><p> Usar uma faixa din\u00e2mica de gr\u00e1ficos economiza muito tempo e muito esfor\u00e7o. Voc\u00ea n\u00e3o precisa alterar seu intervalo de dados repetidamente. Cada vez que voc\u00ea atualiza seus dados, seu gr\u00e1fico \u00e9 atualizado instantaneamente.<\/p><h2 class=\"wp-block-heading\"> Mais dicas e tutoriais sobre gr\u00e1ficos<\/h2><ul><li> <a style=\"outline: none;\" href=\"https:\/\/exceladvisor.org\/pt\/adicione-uma-linha-horizontal\/\">Como adicionar uma linha horizontal a um gr\u00e1fico no Excel<\/a><\/li><li> <a style=\"outline: none;\" href=\"https:\/\/exceladvisor.org\/pt\/adicione-uma-linha-vertical\/\">Como adicionar uma linha vertical a um gr\u00e1fico no Excel<\/a><\/li><li> <a style=\"outline: none;\" href=\"https:\/\/exceladvisor.org\/pt\/quadro-de-marcadores\/\">Como criar um gr\u00e1fico com marcadores no Excel<\/a><\/li><li> <a style=\"outline: none;\" href=\"https:\/\/exceladvisor.org\/pt\/titulo-do-grafico-dinamico\/\">Como criar um t\u00edtulo de gr\u00e1fico din\u00e2mico no Excel<\/a><\/li><li> <a style=\"outline: none;\" href=\"https:\/\/exceladvisor.org\/pt\/graficos-interativos\/\">Como criar gr\u00e1ficos interativos no Excel<\/a><\/li><\/ul>","protected":false},"excerpt":{"rendered":"","protected":false},"author":1,"featured_media":0,"parent":0,"menu_order":0,"comment_status":"open","ping_status":"closed","template":"","meta":{"ub_ctt_via":"","footnotes":""},"class_list":["post-188","page","type-page","status-publish","hentry"],"featured_image_src":null,"yoast_head":"<!-- This site is optimized with the Yoast SEO plugin v25.4 - https:\/\/yoast.com\/wordpress\/plugins\/seo\/ -->\n<title>Como criar um intervalo de gr\u00e1fico din\u00e2mico no Excel?<\/title>\n<meta name=\"description\" content=\"Neste artigo, voc\u00ea aprender\u00e1 dois m\u00e9todos diferentes para criar uma variedade de gr\u00e1ficos din\u00e2micos. Voc\u00ea pode escolher os m\u00e9todos\" \/>\n<meta name=\"robots\" content=\"index, follow, max-snippet:-1, max-image-preview:large, max-video-preview:-1\" \/>\n<link rel=\"canonical\" href=\"https:\/\/exceladvisor.org\/pt\/faixa-de-grafico-dinamico\/\" \/>\n<meta property=\"og:locale\" content=\"pt_PT\" \/>\n<meta property=\"og:type\" content=\"article\" \/>\n<meta property=\"og:title\" content=\"Como criar um intervalo de gr\u00e1fico din\u00e2mico no Excel?\" \/>\n<meta property=\"og:description\" content=\"Neste artigo, voc\u00ea aprender\u00e1 dois m\u00e9todos diferentes para criar uma variedade de gr\u00e1ficos din\u00e2micos. Voc\u00ea pode escolher os m\u00e9todos\" \/>\n<meta property=\"og:url\" content=\"https:\/\/exceladvisor.org\/pt\/faixa-de-grafico-dinamico\/\" \/>\n<meta property=\"og:site_name\" content=\"Excel Advisor\" \/>\n<meta property=\"article:modified_time\" content=\"2023-12-06T11:36:54+00:00\" \/>\n<meta property=\"og:image\" content=\"https:\/\/exceladvisor.org\/wp-content\/uploads\/2023\/08\/comment-creer-une-plage-de-graphique-dynamique-dans-le-tableau-des-montants-mensuels-Excel-1.png\" \/>\n<meta name=\"twitter:card\" content=\"summary_large_image\" \/>\n<meta name=\"twitter:label1\" content=\"Tempo estimado de leitura\" \/>\n\t<meta name=\"twitter:data1\" content=\"5 minutos\" \/>\n<script type=\"application\/ld+json\" class=\"yoast-schema-graph\">{\"@context\":\"https:\/\/schema.org\",\"@graph\":[{\"@type\":\"WebPage\",\"@id\":\"https:\/\/exceladvisor.org\/pt\/faixa-de-grafico-dinamico\/\",\"url\":\"https:\/\/exceladvisor.org\/pt\/faixa-de-grafico-dinamico\/\",\"name\":\"Como criar um intervalo de gr\u00e1fico din\u00e2mico no Excel?\",\"isPartOf\":{\"@id\":\"https:\/\/exceladvisor.org\/pt\/#website\"},\"primaryImageOfPage\":{\"@id\":\"https:\/\/exceladvisor.org\/pt\/faixa-de-grafico-dinamico\/#primaryimage\"},\"image\":{\"@id\":\"https:\/\/exceladvisor.org\/pt\/faixa-de-grafico-dinamico\/#primaryimage\"},\"thumbnailUrl\":\"https:\/\/exceladvisor.org\/wp-content\/uploads\/2023\/08\/comment-creer-une-plage-de-graphique-dynamique-dans-le-tableau-des-montants-mensuels-Excel-1.png\",\"datePublished\":\"2023-11-12T17:03:14+00:00\",\"dateModified\":\"2023-12-06T11:36:54+00:00\",\"description\":\"Neste artigo, voc\u00ea aprender\u00e1 dois m\u00e9todos diferentes para criar uma variedade de gr\u00e1ficos din\u00e2micos. Voc\u00ea pode escolher os m\u00e9todos\",\"breadcrumb\":{\"@id\":\"https:\/\/exceladvisor.org\/pt\/faixa-de-grafico-dinamico\/#breadcrumb\"},\"inLanguage\":\"pt-PT\",\"potentialAction\":[{\"@type\":\"ReadAction\",\"target\":[\"https:\/\/exceladvisor.org\/pt\/faixa-de-grafico-dinamico\/\"]}]},{\"@type\":\"ImageObject\",\"inLanguage\":\"pt-PT\",\"@id\":\"https:\/\/exceladvisor.org\/pt\/faixa-de-grafico-dinamico\/#primaryimage\",\"url\":\"https:\/\/exceladvisor.org\/wp-content\/uploads\/2023\/08\/comment-creer-une-plage-de-graphique-dynamique-dans-le-tableau-des-montants-mensuels-Excel-1.png\",\"contentUrl\":\"https:\/\/exceladvisor.org\/wp-content\/uploads\/2023\/08\/comment-creer-une-plage-de-graphique-dynamique-dans-le-tableau-des-montants-mensuels-Excel-1.png\"},{\"@type\":\"BreadcrumbList\",\"@id\":\"https:\/\/exceladvisor.org\/pt\/faixa-de-grafico-dinamico\/#breadcrumb\",\"itemListElement\":[{\"@type\":\"ListItem\",\"position\":1,\"name\":\"Lar\",\"item\":\"https:\/\/exceladvisor.org\/pt\/\"},{\"@type\":\"ListItem\",\"position\":2,\"name\":\"Como criar um intervalo de gr\u00e1fico din\u00e2mico?\"}]},{\"@type\":\"WebSite\",\"@id\":\"https:\/\/exceladvisor.org\/pt\/#website\",\"url\":\"https:\/\/exceladvisor.org\/pt\/\",\"name\":\"Excel Advisor\",\"description\":\"O seu guia definitivo para dominar os dados!\",\"publisher\":{\"@id\":\"https:\/\/exceladvisor.org\/pt\/#organization\"},\"potentialAction\":[{\"@type\":\"SearchAction\",\"target\":{\"@type\":\"EntryPoint\",\"urlTemplate\":\"https:\/\/exceladvisor.org\/pt\/?s={search_term_string}\"},\"query-input\":{\"@type\":\"PropertyValueSpecification\",\"valueRequired\":true,\"valueName\":\"search_term_string\"}}],\"inLanguage\":\"pt-PT\"},{\"@type\":\"Organization\",\"@id\":\"https:\/\/exceladvisor.org\/pt\/#organization\",\"name\":\"Excel Advisor\",\"url\":\"https:\/\/exceladvisor.org\/pt\/\",\"logo\":{\"@type\":\"ImageObject\",\"inLanguage\":\"pt-PT\",\"@id\":\"https:\/\/exceladvisor.org\/pt\/#\/schema\/logo\/image\/\",\"url\":\"https:\/\/exceladvisor.org\/pt\/wp-content\/uploads\/2023\/12\/exceladvisor.org_.png\",\"contentUrl\":\"https:\/\/exceladvisor.org\/pt\/wp-content\/uploads\/2023\/12\/exceladvisor.org_.png\",\"width\":105,\"height\":36,\"caption\":\"Excel Advisor\"},\"image\":{\"@id\":\"https:\/\/exceladvisor.org\/pt\/#\/schema\/logo\/image\/\"}}]}<\/script>\n<!-- \/ Yoast SEO plugin. -->","yoast_head_json":{"title":"Como criar um intervalo de gr\u00e1fico din\u00e2mico no Excel?","description":"Neste artigo, voc\u00ea aprender\u00e1 dois m\u00e9todos diferentes para criar uma variedade de gr\u00e1ficos din\u00e2micos. Voc\u00ea pode escolher os m\u00e9todos","robots":{"index":"index","follow":"follow","max-snippet":"max-snippet:-1","max-image-preview":"max-image-preview:large","max-video-preview":"max-video-preview:-1"},"canonical":"https:\/\/exceladvisor.org\/pt\/faixa-de-grafico-dinamico\/","og_locale":"pt_PT","og_type":"article","og_title":"Como criar um intervalo de gr\u00e1fico din\u00e2mico no Excel?","og_description":"Neste artigo, voc\u00ea aprender\u00e1 dois m\u00e9todos diferentes para criar uma variedade de gr\u00e1ficos din\u00e2micos. Voc\u00ea pode escolher os m\u00e9todos","og_url":"https:\/\/exceladvisor.org\/pt\/faixa-de-grafico-dinamico\/","og_site_name":"Excel Advisor","article_modified_time":"2023-12-06T11:36:54+00:00","og_image":[{"url":"https:\/\/exceladvisor.org\/wp-content\/uploads\/2023\/08\/comment-creer-une-plage-de-graphique-dynamique-dans-le-tableau-des-montants-mensuels-Excel-1.png","type":"","width":"","height":""}],"twitter_card":"summary_large_image","twitter_misc":{"Tempo estimado de leitura":"5 minutos"},"schema":{"@context":"https:\/\/schema.org","@graph":[{"@type":"WebPage","@id":"https:\/\/exceladvisor.org\/pt\/faixa-de-grafico-dinamico\/","url":"https:\/\/exceladvisor.org\/pt\/faixa-de-grafico-dinamico\/","name":"Como criar um intervalo de gr\u00e1fico din\u00e2mico no Excel?","isPartOf":{"@id":"https:\/\/exceladvisor.org\/pt\/#website"},"primaryImageOfPage":{"@id":"https:\/\/exceladvisor.org\/pt\/faixa-de-grafico-dinamico\/#primaryimage"},"image":{"@id":"https:\/\/exceladvisor.org\/pt\/faixa-de-grafico-dinamico\/#primaryimage"},"thumbnailUrl":"https:\/\/exceladvisor.org\/wp-content\/uploads\/2023\/08\/comment-creer-une-plage-de-graphique-dynamique-dans-le-tableau-des-montants-mensuels-Excel-1.png","datePublished":"2023-11-12T17:03:14+00:00","dateModified":"2023-12-06T11:36:54+00:00","description":"Neste artigo, voc\u00ea aprender\u00e1 dois m\u00e9todos diferentes para criar uma variedade de gr\u00e1ficos din\u00e2micos. Voc\u00ea pode escolher os m\u00e9todos","breadcrumb":{"@id":"https:\/\/exceladvisor.org\/pt\/faixa-de-grafico-dinamico\/#breadcrumb"},"inLanguage":"pt-PT","potentialAction":[{"@type":"ReadAction","target":["https:\/\/exceladvisor.org\/pt\/faixa-de-grafico-dinamico\/"]}]},{"@type":"ImageObject","inLanguage":"pt-PT","@id":"https:\/\/exceladvisor.org\/pt\/faixa-de-grafico-dinamico\/#primaryimage","url":"https:\/\/exceladvisor.org\/wp-content\/uploads\/2023\/08\/comment-creer-une-plage-de-graphique-dynamique-dans-le-tableau-des-montants-mensuels-Excel-1.png","contentUrl":"https:\/\/exceladvisor.org\/wp-content\/uploads\/2023\/08\/comment-creer-une-plage-de-graphique-dynamique-dans-le-tableau-des-montants-mensuels-Excel-1.png"},{"@type":"BreadcrumbList","@id":"https:\/\/exceladvisor.org\/pt\/faixa-de-grafico-dinamico\/#breadcrumb","itemListElement":[{"@type":"ListItem","position":1,"name":"Lar","item":"https:\/\/exceladvisor.org\/pt\/"},{"@type":"ListItem","position":2,"name":"Como criar um intervalo de gr\u00e1fico din\u00e2mico?"}]},{"@type":"WebSite","@id":"https:\/\/exceladvisor.org\/pt\/#website","url":"https:\/\/exceladvisor.org\/pt\/","name":"Excel Advisor","description":"O seu guia definitivo para dominar os dados!","publisher":{"@id":"https:\/\/exceladvisor.org\/pt\/#organization"},"potentialAction":[{"@type":"SearchAction","target":{"@type":"EntryPoint","urlTemplate":"https:\/\/exceladvisor.org\/pt\/?s={search_term_string}"},"query-input":{"@type":"PropertyValueSpecification","valueRequired":true,"valueName":"search_term_string"}}],"inLanguage":"pt-PT"},{"@type":"Organization","@id":"https:\/\/exceladvisor.org\/pt\/#organization","name":"Excel Advisor","url":"https:\/\/exceladvisor.org\/pt\/","logo":{"@type":"ImageObject","inLanguage":"pt-PT","@id":"https:\/\/exceladvisor.org\/pt\/#\/schema\/logo\/image\/","url":"https:\/\/exceladvisor.org\/pt\/wp-content\/uploads\/2023\/12\/exceladvisor.org_.png","contentUrl":"https:\/\/exceladvisor.org\/pt\/wp-content\/uploads\/2023\/12\/exceladvisor.org_.png","width":105,"height":36,"caption":"Excel Advisor"},"image":{"@id":"https:\/\/exceladvisor.org\/pt\/#\/schema\/logo\/image\/"}}]}},"yoast_meta":{"yoast_wpseo_title":"","yoast_wpseo_metadesc":"","yoast_wpseo_canonical":""},"_links":{"self":[{"href":"https:\/\/exceladvisor.org\/pt\/wp-json\/wp\/v2\/pages\/188","targetHints":{"allow":["GET"]}}],"collection":[{"href":"https:\/\/exceladvisor.org\/pt\/wp-json\/wp\/v2\/pages"}],"about":[{"href":"https:\/\/exceladvisor.org\/pt\/wp-json\/wp\/v2\/types\/page"}],"author":[{"embeddable":true,"href":"https:\/\/exceladvisor.org\/pt\/wp-json\/wp\/v2\/users\/1"}],"replies":[{"embeddable":true,"href":"https:\/\/exceladvisor.org\/pt\/wp-json\/wp\/v2\/comments?post=188"}],"version-history":[{"count":1,"href":"https:\/\/exceladvisor.org\/pt\/wp-json\/wp\/v2\/pages\/188\/revisions"}],"predecessor-version":[{"id":994,"href":"https:\/\/exceladvisor.org\/pt\/wp-json\/wp\/v2\/pages\/188\/revisions\/994"}],"wp:attachment":[{"href":"https:\/\/exceladvisor.org\/pt\/wp-json\/wp\/v2\/media?parent=188"}],"curies":[{"name":"wp","href":"https:\/\/api.w.org\/{rel}","templated":true}]}}