{"id":191,"date":"2023-11-12T16:00:40","date_gmt":"2023-11-12T16:00:40","guid":{"rendered":"https:\/\/exceladvisor.org\/pt\/quadro-de-marcadores\/"},"modified":"2023-12-06T11:36:46","modified_gmt":"2023-12-06T11:36:46","slug":"quadro-de-marcadores","status":"publish","type":"page","link":"https:\/\/exceladvisor.org\/pt\/quadro-de-marcadores\/","title":{"rendered":"Como criar um gr\u00e1fico com marcadores no excel?"},"content":{"rendered":"<div class=\"excel-before-content-2\" id=\"excel-10293092\"><script type=\"text\/javascript\">\r\n\tatOptions = {\r\n\t\t'key' : 'c1158f160081d6540a8409e6925dab94',\r\n\t\t'format' : 'iframe',\r\n\t\t'height' : 250,\r\n\t\t'width' : 300,\r\n\t\t'params' : {}\r\n\t};\r\n<\/script>\r\n<script type=\"text\/javascript\" src=\"\/\/www.highperformanceformat.com\/c1158f160081d6540a8409e6925dab94\/invoke.js\"><\/script><\/div><div class=\"excel-before-content\" id=\"excel-3996370339\"><script type=\"text\/javascript\">\r\n\tatOptions = {\r\n\t\t'key' : 'c1158f160081d6540a8409e6925dab94',\r\n\t\t'format' : 'iframe',\r\n\t\t'height' : 250,\r\n\t\t'width' : 300,\r\n\t\t'params' : {}\r\n\t};\r\n<\/script>\r\n<script type=\"text\/javascript\" src=\"\/\/www.highperformanceformat.com\/c1158f160081d6540a8409e6925dab94\/invoke.js\"><\/script><\/div> <p>Selecionar um bom tipo de gr\u00e1fico \u00e9 uma das tarefas mais dif\u00edceis. Enquanto lutava com esse tipo de problema, encontrei um gr\u00e1fico chamado <strong><span style=\"color: #554a47; background-color: #ffff00;\">Bullet Chart<\/span><\/strong> .<\/p><p> O gr\u00e1fico com marcadores \u00e9 um daqueles <a href=\"https:\/\/exceladvisor.org\/pt\/graficos-avancados\/\">gr\u00e1ficos avan\u00e7ados do Excel<\/a> que voc\u00ea deve aprender a tra\u00e7ar melhor. Este \u00e9 um gr\u00e1fico perfeito para usar quando voc\u00ea precisa apresentar uma meta versus realiza\u00e7\u00e3o de um \u00fanico ponto.<\/p><p> De acordo com a Wikip\u00e9dia:<\/p><p> <span style=\"font-family: Georgia,serif;\"><em>Um gr\u00e1fico com marcadores \u00e9 uma varia\u00e7\u00e3o de um gr\u00e1fico de barras desenvolvido por <a href=\"https:\/\/www.perceptualedge.com\/\" target=\"_blank\" rel=\"noreferrer noopener nofollow\">Stephen Few<\/a> . Aparentemente inspirado nos<\/em><\/span> tradicionais<a href=\"https:\/\/exceladvisor.org\/pt\/mesa-de-termometro\/\"><span style=\"font-family: Georgia,serif;\"><em>gr\u00e1ficos de term\u00f4metro<\/em><\/span><\/a> <span style=\"font-family: Georgia,serif;\"><em>e barras de progresso encontrados em muitos pain\u00e9is, o gr\u00e1fico com marcadores substitui os medidores e contadores do painel.<\/em><\/span> <\/p><div class=\"wp-block-image\"><figure class=\"aligncenter\"><img decoding=\"async\" src=\"https:\/\/exceladvisor.org\/wp-content\/uploads\/2023\/08\/tableau-a-puces-pret-a-lemploi-dans-excel-1.png\" sizes=\"\" srcset=\"\" alt=\"tabela com marcadores pronta para usar no Excel\"><\/figure><\/div><p> E no artigo de hoje vou compartilhar com voc\u00eas como criar um gr\u00e1fico com marcadores no Excel em etapas simples.<\/p><p> Ent\u00e3o vamos come\u00e7ar.<\/p><h2 id=\"tab-con-1\" class=\"wp-block-heading\"> Componentes de um gr\u00e1fico com marcadores<\/h2><p> Um gr\u00e1fico com marcadores tem principalmente tr\u00eas componentes.<\/p><ol><li> <strong>Marcador de alvo<\/strong> : Um marcador para representar o alvo. No exemplo acima, usei 90% como meta. Voc\u00ea pode alterar o valor conforme necess\u00e1rio.<\/li><li> <strong>Barra de sucesso<\/strong> : uma \u00fanica barra de sucesso para representar o valor real. Essa barra deve ser de cor s\u00f3lida e um pouco mais estreita que as barras coloridas na faixa de compara\u00e7\u00e3o.<\/li><li> <strong>Intervalo de compara\u00e7\u00e3o<\/strong> : um intervalo de compara\u00e7\u00e3o de um tema de cores para usar no plano de fundo da barra de sucesso. A ideia principal de usar essa faixa \u00e9 criar uma compara\u00e7\u00e3o de conquistas, como marcos. <\/li><\/ol><div class=\"wp-block-image\"><figure class=\"aligncenter\"><img decoding=\"async\" src=\"https:\/\/exceladvisor.org\/wp-content\/uploads\/2023\/08\/comment-creer-un-tableau-a-puces-dans-les-composants-excel-1.png\" sizes=\"\" srcset=\"\" alt=\"como criar uma tabela com marcadores em componentes do Excel\"><\/figure><\/div><h2 class=\"wp-block-heading\"> Etapas para criar um gr\u00e1fico com marcadores no Excel<\/h2><p> Na tabela abaixo, voc\u00ea tem dados de tr\u00eas partes que podem ser usados para criar um gr\u00e1fico com marcadores. Voc\u00ea pode <a href=\"https:\/\/exceladvisor.org\/wp-content\/uploads\/2023\/11\/tableau-a-puces-dans-une-feuille-brute-excel.xlsx\" rel=\"nofollow\">baixar este arquivo aqui<\/a> para acompanhar. <\/p><div class=\"wp-block-image\"><figure class=\"aligncenter\"><img decoding=\"async\" src=\"https:\/\/exceladvisor.org\/wp-content\/uploads\/2023\/08\/tableau-pour-creer-un-graphique-a-puces-dans-excel-1.png\" sizes=\"\" srcset=\"\" alt=\"tabela para criar um gr\u00e1fico com marcadores no Excel\"><\/figure><\/div><ol><li> Os primeiros quatro valores s\u00e3o para o intervalo de compara\u00e7\u00e3o.<\/li><li> O valor da conquista \u00e9 para a barra de conquistas.<\/li><li> O alvo \u00e9 para o marcador de alvo.<\/li><\/ol><p> Como mencionei acima, temos tr\u00eas componentes principais em uma tabela com marcadores. Ent\u00e3o, voc\u00ea precisa dividir todo o processo em v\u00e1rias partes. As etapas para criar um gr\u00e1fico com marcadores no Excel s\u00e3o um pouco demoradas. Mas, depois de compreender todo o processo, voc\u00ea poder\u00e1 cri\u00e1-lo em segundos.<\/p><h3 class=\"wp-block-heading\"> Insira um gr\u00e1fico de colunas<\/h3><p> Para criar um gr\u00e1fico com marcadores, voc\u00ea precisa inserir um gr\u00e1fico de colunas de cluster 2-D e aqui est\u00e3o as etapas para isso.<\/p><ol><li> Primeiro, selecione seus dados e insira um histograma de cluster 2D na guia Inserir. <br><img decoding=\"async\" title=\"v\u00e1 para inserir-tab-insert-2d-stack-column-para-criar-um-gr\u00e1fico-com-marcadores-no-excel\" src=\"https:\/\/exceladvisor.org\/wp-content\/uploads\/2023\/08\/allez-dans-longlet-inserer-inserer-une-colonne-de-pile-2d-pour-creer-un-tableau-a-puces-dans-Excel-1.png\" sizes=\"\" srcset=\"\" alt=\"go to insert tab insert 2d stack column to create a bullet chart in excel\"><\/li><li> Voc\u00ea obter\u00e1 todos os seis valores de dados em seu gr\u00e1fico, assim. <br><img decoding=\"async\" title=\"insira um gr\u00e1fico de coluna de cluster 2d para criar um gr\u00e1fico de marcadores no Excel\" src=\"https:\/\/exceladvisor.org\/wp-content\/uploads\/2023\/08\/inserer-un-graphique-a-colonnes-de-cluster-2d-pour-creer-un-graphique-a-puces-dans-Excel-1.png\" sizes=\"\" srcset=\"\" alt=\"insert a 2d cluster column chart to create a bullet chart in excel\"><\/li><li> Depois disso, voc\u00ea precisa trocar os dados do gr\u00e1fico. Selecione seu gr\u00e1fico e clique em \u201cAlterar linha\/coluna\u201d. <br><img decoding=\"async\" title=\"trocar dados do gr\u00e1fico para criar um gr\u00e1fico de marcadores no Excel\" src=\"https:\/\/exceladvisor.org\/wp-content\/uploads\/2023\/08\/echanger-les-donnees-du-graphique-pour-creer-un-graphique-a-puces-dans-Excel-1.png\" sizes=\"\" srcset=\"\" alt=\"swap chart data to create a bullet chart in excel\"><\/li><li> Certifique-se de ter valores m\u00e1ximos de eixo iguais a 100%.<\/li><li> Agora voc\u00ea tem uma tabela como abaixo. <br><img decoding=\"async\" title=\"alterar o r\u00f3tulo do eixo para criar um gr\u00e1fico com marcadores no Excel\" src=\"https:\/\/exceladvisor.org\/wp-content\/uploads\/2023\/08\/changer-letiquette-de-laxe-pour-creer-un-graphique-a-puces-dans-Excel-1.png\" sizes=\"\" srcset=\"\" alt=\"change axis label to create a bullet chart in excel\"><\/li><li> Agora vamos dar o pr\u00f3ximo passo e criar um marcador de destino.<\/li><\/ol><h3 class=\"wp-block-heading\"> Fa\u00e7a um marcador de alvo<\/h3><p> Agora voc\u00ea precisa criar um marcador de destino que se pare\u00e7a com uma pequena linha horizontal. Aqui est\u00e3o as etapas.<\/p><ol><li> Primeiro, voc\u00ea precisa selecionar sua barra de destino. (Mas o gr\u00e1fico est\u00e1 totalmente bagun\u00e7ado agora e \u00e9 dif\u00edcil selecionar a barra de destino).<\/li><\/ol><p style=\"text-align: left; padding-left: 40px;\"> <strong data-rich-text-format-boundary=\"true\">Aqui est\u00e1 o truque:<\/strong> selecione seu gr\u00e1fico e nas op\u00e7\u00f5es de formato, use este menu suspenso para selecionar o valor alvo. <br><img decoding=\"async\" style=\"display: block; margin-left: auto; margin-right: auto;\" title=\"selecione a barra de dados de destino para criar um gr\u00e1fico de marcadores no Excel\" src=\"https:\/\/exceladvisor.org\/wp-content\/uploads\/2023\/08\/selectionnez-la-barre-de-donnees-cible-pour-creer-un-graphique-a-puces-dans-Excel-1.png\" sizes=\"\" srcset=\"\" alt=\"select target data bar to create a bullet chart in excel\"><\/p><ol><li style=\"list-style-type: none;\"><ol><li style=\"list-style-type: none;\"><ul id=\"block-fc63191a-1304-496b-a649-860e26f3572c\" class=\"block-editor-rich-text__editable block-editor-block-list__block wp-block is-selected rich-text\" tabindex=\"0\" role=\"group\" contenteditable=\"true\" aria-multiline=\"true\" aria-label=\"Block: List\" data-block=\"fc63191a-1304-496b-a649-860e26f3572c\" data-type=\"core\/list\" data-title=\"List\"><li> Agora v\u00e1 para a guia design e clique em alterar tipo de gr\u00e1fico. <br><img decoding=\"async\" title=\"clique no bot\u00e3o alterar tipo de gr\u00e1fico para criar um gr\u00e1fico com marcadores no Excel\" src=\"https:\/\/exceladvisor.org\/wp-content\/uploads\/2023\/08\/cliquez-sur-le-bouton-de-changement-de-type-de-graphique-creer-un-graphique-a-puces-dans-Excel-1.png\" sizes=\"\" srcset=\"\" alt=\"click on change chart type button create a bullet chart in excel\"><\/li><li> Altere o tipo de gr\u00e1fico do valor alvo para gr\u00e1fico de linhas com marcador e verifique o eixo secund\u00e1rio correspondente. <br><img decoding=\"async\" title=\"alterar o tipo de gr\u00e1fico da op\u00e7\u00e3o da barra de dados de destino para criar um gr\u00e1fico com marcadores no Excel\" src=\"https:\/\/exceladvisor.org\/wp-content\/uploads\/2023\/08\/changer-le-type-de-graphique-de-loption-pour-la-barre-de-donnees-cible-pour-creer-un-graphique-a-puces-dans-Excel-1.png\" sizes=\"\" srcset=\"\" alt=\"change chart type from option for target data bar to create a bullet chart in excel\"><\/li><li> Neste ponto voc\u00ea tem um pequeno ponto em seu gr\u00e1fico para o alvo. <br><img decoding=\"async\" title=\"altere o tipo de gr\u00e1fico da barra de dados de destino para criar um gr\u00e1fico com marcadores no Excel\" src=\"https:\/\/exceladvisor.org\/wp-content\/uploads\/2023\/08\/modifier-le-type-de-graphique-de-la-barre-de-donnees-cible-pour-creer-un-graphique-a-puces-dans-Excel-1.png\" sizes=\"\" srcset=\"\" alt=\"change chart type of target data bar to create a bullet chart in excel\"><\/li><\/ul><\/li><\/ol><\/li><\/ol><p> Agora, a partir daqui, fa\u00e7a o seguinte.<\/p><ol><li style=\"list-style-type: none;\"><ol><li style=\"list-style-type: none;\"><ol><li> Selecione este ponto e mude o marcador para uma barra retangular.<\/li><li> Altere o tamanho do marcador para 20.<\/li><li> Use uma cor s\u00f3lida para o preenchimento (como preto).<\/li><li> Nenhuma linha para a fronteira.<\/li><li> Exclua o eixo secund\u00e1rio. <\/li><\/ol><\/li><\/ol><\/li><\/ol><div class=\"wp-block-image\"><figure class=\"aligncenter\"><img decoding=\"async\" src=\"https:\/\/exceladvisor.org\/wp-content\/uploads\/2023\/08\/changer-le-style-du-marqueur-pour-creer-un-tableau-a-puces-dans-Excel-1.png\" sizes=\"\" srcset=\"\" alt=\"alterar o estilo do marcador para criar uma tabela com marcadores no Excel\"><\/figure><\/div><p> Neste ponto voc\u00ea tem um gr\u00e1fico como o acima e ent\u00e3o precisa fazer algumas altera\u00e7\u00f5es para adicionar uma barra de sucesso.<\/p><h3 class=\"wp-block-heading\"> Crie uma barra de sucesso<\/h3><p> Voc\u00ea deve criar uma barra de conquistas com uma cor s\u00f3lida para representar o sucesso atual em rela\u00e7\u00e3o \u00e0 meta. Use as etapas abaixo.<\/p><ol><li style=\"list-style-type: none;\"><ol><li style=\"list-style-type: none;\"><ul><li> Selecione a barra de sucesso assim como selecionou a barra de destino usando a lista suspensa de op\u00e7\u00f5es de formato. <br><img decoding=\"async\" title=\"selecione a barra de conquistas para criar um gr\u00e1fico com marcadores no Excel\" src=\"https:\/\/exceladvisor.org\/wp-content\/uploads\/2023\/08\/selectionnez-la-barre-de-reussite-pour-creer-un-tableau-a-puces-dans-Excel-1.png\" sizes=\"\" srcset=\"\" alt=\"select achievement bar to create a bullet chart in excel\"><\/li><li> Agora v\u00e1 para as op\u00e7\u00f5es seriais e selecione o eixo secund\u00e1rio.<\/li><li> Altere a largura da lacuna para 500% por enquanto. <br><img decoding=\"async\" title=\"crie uma barra de sucesso no eixo secund\u00e1rio para criar um gr\u00e1fico com marcadores no Excel\" src=\"https:\/\/exceladvisor.org\/wp-content\/uploads\/2023\/08\/creer-une-barre-de-reussite-sur-laxe-secondaire-pour-creer-un-tableau-a-puces-dans-Excel-1.png\" sizes=\"\" srcset=\"\" alt=\"make achievement bar to secondary axis to create a bullet chart in excel\"><\/li><li> E use uma cor s\u00f3lida para a barra de conquistas como preenchimento (como preto ou azul escuro). <br><img decoding=\"async\" title=\"depois de criar a barra de sucesso para criar um gr\u00e1fico com marcadores no Excel\" src=\"https:\/\/exceladvisor.org\/wp-content\/uploads\/2023\/08\/apres-avoir-cree-une-barre-de-reussite-pour-creer-un-tableau-a-puces-dans-Excel-1.png\" sizes=\"\" srcset=\"\" alt=\"after creating achievement bar to create a bullet chart in excel\"><\/li><\/ul><\/li><\/ol><\/li><\/ol><p> Sua tabela com marcadores est\u00e1 quase pronta, tudo que voc\u00ea precisa fazer \u00e9 adicionar um tema de cores para a faixa de compara\u00e7\u00e3o.<\/p><h3 class=\"wp-block-heading\"> Passo 4. Fa\u00e7a um intervalo de compara\u00e7\u00e3o<\/h3><p> Para criar uma faixa de compara\u00e7\u00e3o, voc\u00ea deve selecionar uma cor e usar quatro tonalidades diferentes dela. Basta selecion\u00e1-los um por um e aplicar uma cor. Usei quatro tons diferentes de cinza aqui.<\/p><p> Voc\u00ea tamb\u00e9m pode adicionar formata\u00e7\u00e3o ao seu gr\u00e1fico, se necess\u00e1rio. Uma coisa que esqueci de dizer \u00e9 que, quando terminar, certifique-se de alterar a diferen\u00e7a com o intervalo de compara\u00e7\u00e3o para 500% e a barra de sucesso para 220%.<\/p><p> Parab\u00e9ns! sua mesa de marcadores est\u00e1 pronta. <\/p><div class=\"wp-block-image\"><figure class=\"aligncenter\"><img decoding=\"async\" src=\"https:\/\/exceladvisor.org\/wp-content\/uploads\/2023\/08\/tableau-a-puces-pret-a-lemploi-dans-excel-1.png\" sizes=\"\" srcset=\"\" alt=\"tabela com marcadores pronta para usar no Excel\"><\/figure><\/div><h2 class=\"wp-block-heading\"> Outras informa\u00e7\u00f5es<\/h2><ol><li> Certifique-se de que a largura do seu marcador seja maior que a barra de sucesso. Portanto, quando voc\u00ea tiver mais conquistas do que o marcador de destino, ele ser\u00e1 exibido da maneira correta.<\/li><li> Sempre use cores s\u00f3lidas para a barra de conquistas e o marcador de alvo.<\/li><li> Use diferentes tons de cor \u00fanica para compara\u00e7\u00e3o.<\/li><li> Voc\u00ea tamb\u00e9m pode usar a mesma t\u00e9cnica para criar um gr\u00e1fico com marcadores horizontais. Basta substituir o gr\u00e1fico de colunas por um gr\u00e1fico de barras. <\/li><li style=\"list-style-type: none;\"><ol><li style=\"list-style-type: none;\"><\/li><\/ol><\/li><\/ol><h2 class=\"wp-block-heading\"> Arquivo de exemplo<\/h2><p> <a style=\"outline: none;\" href=\"https:\/\/exceladvisor.org\/wp-content\/uploads\/2023\/11\/tableau-a-puces-in2-excel.xls\" rel=\"nofollow\">Baixe este arquivo de amostra aqui<\/a> para saber mais.<\/p><div class=\"gb-container gb-container-a61970aa gb-container-mt\"> <a class=\"gb-button gb-button-b4293c6c gb-button-text gb-button-mt-button\" href=\"https:\/\/exceladvisor.org\/pt\/graficos-do-excel\/\">Tipos de gr\u00e1ficos do Excel<\/a><h2 class=\"gb-headline gb-headline-5bf2e581 gb-headline-text gb-headline-mt-heading\"> Tutoriais relacionados <\/h2><div class=\"gb-grid-wrapper gb-grid-wrapper-9b70abf1 gb-grid-wrapper-mt-grid\"><div class=\"gb-grid-column gb-grid-column-97a95c29\"><div class=\"gb-container gb-container-97a95c29\"><ul><li> <a href=\"https:\/\/exceladvisor.org\/pt\/grafico-de-waffle\/\">PLACA GRAVADA<\/a><\/li><li> <a href=\"https:\/\/exceladvisor.org\/pt\/grafico-de-funil\/\">Gr\u00e1fico de funil<\/a><\/li><li> <a href=\"https:\/\/exceladvisor.org\/pt\/grafico-de-gantt\/\">gr\u00e1fico de Gantt<\/a><\/li><li> <a href=\"https:\/\/exceladvisor.org\/pt\/grafico-de-tornado\/\">Gr\u00e1fico de tornado<\/a><\/li><li> <a href=\"https:\/\/exceladvisor.org\/pt\/graficos-avancados\/\">Gr\u00e1ficos avan\u00e7ados do Excel<\/a><\/li><li> <a href=\"https:\/\/exceladvisor.org\/pt\/pictograma\/\">Pictograma<\/a> <\/li><\/ul><\/div><\/div><div class=\"gb-grid-column gb-grid-column-0636840f\"><div class=\"gb-container gb-container-0636840f\"><\/div><\/div><\/div><\/div>","protected":false},"excerpt":{"rendered":"","protected":false},"author":1,"featured_media":0,"parent":0,"menu_order":0,"comment_status":"open","ping_status":"closed","template":"","meta":{"ub_ctt_via":"","footnotes":""},"class_list":["post-191","page","type-page","status-publish","hentry"],"featured_image_src":null,"yoast_head":"<!-- This site is optimized with the Yoast SEO plugin v25.4 - https:\/\/yoast.com\/wordpress\/plugins\/seo\/ -->\n<title>Como criar um gr\u00e1fico com marcadores no Excel? (Tutorial 2023)<\/title>\n<meta name=\"description\" content=\"Escolher o tipo certo de gr\u00e1fico \u00e9 uma das tarefas mais dif\u00edceis. enquanto lutava com esse tipo de problema, encontrei um gr\u00e1fico\" \/>\n<meta name=\"robots\" content=\"index, follow, max-snippet:-1, max-image-preview:large, max-video-preview:-1\" \/>\n<link rel=\"canonical\" href=\"https:\/\/exceladvisor.org\/pt\/quadro-de-marcadores\/\" \/>\n<meta property=\"og:locale\" content=\"pt_PT\" \/>\n<meta property=\"og:type\" content=\"article\" \/>\n<meta property=\"og:title\" content=\"Como criar um gr\u00e1fico com marcadores no Excel? (Tutorial 2023)\" \/>\n<meta property=\"og:description\" content=\"Escolher o tipo certo de gr\u00e1fico \u00e9 uma das tarefas mais dif\u00edceis. enquanto lutava com esse tipo de problema, encontrei um gr\u00e1fico\" \/>\n<meta property=\"og:url\" content=\"https:\/\/exceladvisor.org\/pt\/quadro-de-marcadores\/\" \/>\n<meta property=\"og:site_name\" content=\"Excel Advisor\" \/>\n<meta property=\"article:modified_time\" content=\"2023-12-06T11:36:46+00:00\" \/>\n<meta property=\"og:image\" content=\"https:\/\/exceladvisor.org\/wp-content\/uploads\/2023\/08\/tableau-a-puces-pret-a-lemploi-dans-excel-1.png\" \/>\n<meta name=\"twitter:card\" content=\"summary_large_image\" \/>\n<meta name=\"twitter:label1\" content=\"Tempo estimado de leitura\" \/>\n\t<meta name=\"twitter:data1\" content=\"5 minutos\" \/>\n<script type=\"application\/ld+json\" class=\"yoast-schema-graph\">{\"@context\":\"https:\/\/schema.org\",\"@graph\":[{\"@type\":\"WebPage\",\"@id\":\"https:\/\/exceladvisor.org\/pt\/quadro-de-marcadores\/\",\"url\":\"https:\/\/exceladvisor.org\/pt\/quadro-de-marcadores\/\",\"name\":\"Como criar um gr\u00e1fico com marcadores no Excel? (Tutorial 2023)\",\"isPartOf\":{\"@id\":\"https:\/\/exceladvisor.org\/pt\/#website\"},\"primaryImageOfPage\":{\"@id\":\"https:\/\/exceladvisor.org\/pt\/quadro-de-marcadores\/#primaryimage\"},\"image\":{\"@id\":\"https:\/\/exceladvisor.org\/pt\/quadro-de-marcadores\/#primaryimage\"},\"thumbnailUrl\":\"https:\/\/exceladvisor.org\/wp-content\/uploads\/2023\/08\/tableau-a-puces-pret-a-lemploi-dans-excel-1.png\",\"datePublished\":\"2023-11-12T16:00:40+00:00\",\"dateModified\":\"2023-12-06T11:36:46+00:00\",\"description\":\"Escolher o tipo certo de gr\u00e1fico \u00e9 uma das tarefas mais dif\u00edceis. enquanto lutava com esse tipo de problema, encontrei um gr\u00e1fico\",\"breadcrumb\":{\"@id\":\"https:\/\/exceladvisor.org\/pt\/quadro-de-marcadores\/#breadcrumb\"},\"inLanguage\":\"pt-PT\",\"potentialAction\":[{\"@type\":\"ReadAction\",\"target\":[\"https:\/\/exceladvisor.org\/pt\/quadro-de-marcadores\/\"]}]},{\"@type\":\"ImageObject\",\"inLanguage\":\"pt-PT\",\"@id\":\"https:\/\/exceladvisor.org\/pt\/quadro-de-marcadores\/#primaryimage\",\"url\":\"https:\/\/exceladvisor.org\/wp-content\/uploads\/2023\/08\/tableau-a-puces-pret-a-lemploi-dans-excel-1.png\",\"contentUrl\":\"https:\/\/exceladvisor.org\/wp-content\/uploads\/2023\/08\/tableau-a-puces-pret-a-lemploi-dans-excel-1.png\"},{\"@type\":\"BreadcrumbList\",\"@id\":\"https:\/\/exceladvisor.org\/pt\/quadro-de-marcadores\/#breadcrumb\",\"itemListElement\":[{\"@type\":\"ListItem\",\"position\":1,\"name\":\"Lar\",\"item\":\"https:\/\/exceladvisor.org\/pt\/\"},{\"@type\":\"ListItem\",\"position\":2,\"name\":\"Como criar um gr\u00e1fico com marcadores no excel?\"}]},{\"@type\":\"WebSite\",\"@id\":\"https:\/\/exceladvisor.org\/pt\/#website\",\"url\":\"https:\/\/exceladvisor.org\/pt\/\",\"name\":\"Excel Advisor\",\"description\":\"O seu guia definitivo para dominar os dados!\",\"publisher\":{\"@id\":\"https:\/\/exceladvisor.org\/pt\/#organization\"},\"potentialAction\":[{\"@type\":\"SearchAction\",\"target\":{\"@type\":\"EntryPoint\",\"urlTemplate\":\"https:\/\/exceladvisor.org\/pt\/?s={search_term_string}\"},\"query-input\":{\"@type\":\"PropertyValueSpecification\",\"valueRequired\":true,\"valueName\":\"search_term_string\"}}],\"inLanguage\":\"pt-PT\"},{\"@type\":\"Organization\",\"@id\":\"https:\/\/exceladvisor.org\/pt\/#organization\",\"name\":\"Excel Advisor\",\"url\":\"https:\/\/exceladvisor.org\/pt\/\",\"logo\":{\"@type\":\"ImageObject\",\"inLanguage\":\"pt-PT\",\"@id\":\"https:\/\/exceladvisor.org\/pt\/#\/schema\/logo\/image\/\",\"url\":\"https:\/\/exceladvisor.org\/pt\/wp-content\/uploads\/2023\/12\/exceladvisor.org_.png\",\"contentUrl\":\"https:\/\/exceladvisor.org\/pt\/wp-content\/uploads\/2023\/12\/exceladvisor.org_.png\",\"width\":105,\"height\":36,\"caption\":\"Excel Advisor\"},\"image\":{\"@id\":\"https:\/\/exceladvisor.org\/pt\/#\/schema\/logo\/image\/\"}}]}<\/script>\n<!-- \/ Yoast SEO plugin. -->","yoast_head_json":{"title":"Como criar um gr\u00e1fico com marcadores no Excel? (Tutorial 2023)","description":"Escolher o tipo certo de gr\u00e1fico \u00e9 uma das tarefas mais dif\u00edceis. enquanto lutava com esse tipo de problema, encontrei um gr\u00e1fico","robots":{"index":"index","follow":"follow","max-snippet":"max-snippet:-1","max-image-preview":"max-image-preview:large","max-video-preview":"max-video-preview:-1"},"canonical":"https:\/\/exceladvisor.org\/pt\/quadro-de-marcadores\/","og_locale":"pt_PT","og_type":"article","og_title":"Como criar um gr\u00e1fico com marcadores no Excel? (Tutorial 2023)","og_description":"Escolher o tipo certo de gr\u00e1fico \u00e9 uma das tarefas mais dif\u00edceis. enquanto lutava com esse tipo de problema, encontrei um gr\u00e1fico","og_url":"https:\/\/exceladvisor.org\/pt\/quadro-de-marcadores\/","og_site_name":"Excel Advisor","article_modified_time":"2023-12-06T11:36:46+00:00","og_image":[{"url":"https:\/\/exceladvisor.org\/wp-content\/uploads\/2023\/08\/tableau-a-puces-pret-a-lemploi-dans-excel-1.png","type":"","width":"","height":""}],"twitter_card":"summary_large_image","twitter_misc":{"Tempo estimado de leitura":"5 minutos"},"schema":{"@context":"https:\/\/schema.org","@graph":[{"@type":"WebPage","@id":"https:\/\/exceladvisor.org\/pt\/quadro-de-marcadores\/","url":"https:\/\/exceladvisor.org\/pt\/quadro-de-marcadores\/","name":"Como criar um gr\u00e1fico com marcadores no Excel? (Tutorial 2023)","isPartOf":{"@id":"https:\/\/exceladvisor.org\/pt\/#website"},"primaryImageOfPage":{"@id":"https:\/\/exceladvisor.org\/pt\/quadro-de-marcadores\/#primaryimage"},"image":{"@id":"https:\/\/exceladvisor.org\/pt\/quadro-de-marcadores\/#primaryimage"},"thumbnailUrl":"https:\/\/exceladvisor.org\/wp-content\/uploads\/2023\/08\/tableau-a-puces-pret-a-lemploi-dans-excel-1.png","datePublished":"2023-11-12T16:00:40+00:00","dateModified":"2023-12-06T11:36:46+00:00","description":"Escolher o tipo certo de gr\u00e1fico \u00e9 uma das tarefas mais dif\u00edceis. enquanto lutava com esse tipo de problema, encontrei um gr\u00e1fico","breadcrumb":{"@id":"https:\/\/exceladvisor.org\/pt\/quadro-de-marcadores\/#breadcrumb"},"inLanguage":"pt-PT","potentialAction":[{"@type":"ReadAction","target":["https:\/\/exceladvisor.org\/pt\/quadro-de-marcadores\/"]}]},{"@type":"ImageObject","inLanguage":"pt-PT","@id":"https:\/\/exceladvisor.org\/pt\/quadro-de-marcadores\/#primaryimage","url":"https:\/\/exceladvisor.org\/wp-content\/uploads\/2023\/08\/tableau-a-puces-pret-a-lemploi-dans-excel-1.png","contentUrl":"https:\/\/exceladvisor.org\/wp-content\/uploads\/2023\/08\/tableau-a-puces-pret-a-lemploi-dans-excel-1.png"},{"@type":"BreadcrumbList","@id":"https:\/\/exceladvisor.org\/pt\/quadro-de-marcadores\/#breadcrumb","itemListElement":[{"@type":"ListItem","position":1,"name":"Lar","item":"https:\/\/exceladvisor.org\/pt\/"},{"@type":"ListItem","position":2,"name":"Como criar um gr\u00e1fico com marcadores no excel?"}]},{"@type":"WebSite","@id":"https:\/\/exceladvisor.org\/pt\/#website","url":"https:\/\/exceladvisor.org\/pt\/","name":"Excel Advisor","description":"O seu guia definitivo para dominar os dados!","publisher":{"@id":"https:\/\/exceladvisor.org\/pt\/#organization"},"potentialAction":[{"@type":"SearchAction","target":{"@type":"EntryPoint","urlTemplate":"https:\/\/exceladvisor.org\/pt\/?s={search_term_string}"},"query-input":{"@type":"PropertyValueSpecification","valueRequired":true,"valueName":"search_term_string"}}],"inLanguage":"pt-PT"},{"@type":"Organization","@id":"https:\/\/exceladvisor.org\/pt\/#organization","name":"Excel Advisor","url":"https:\/\/exceladvisor.org\/pt\/","logo":{"@type":"ImageObject","inLanguage":"pt-PT","@id":"https:\/\/exceladvisor.org\/pt\/#\/schema\/logo\/image\/","url":"https:\/\/exceladvisor.org\/pt\/wp-content\/uploads\/2023\/12\/exceladvisor.org_.png","contentUrl":"https:\/\/exceladvisor.org\/pt\/wp-content\/uploads\/2023\/12\/exceladvisor.org_.png","width":105,"height":36,"caption":"Excel Advisor"},"image":{"@id":"https:\/\/exceladvisor.org\/pt\/#\/schema\/logo\/image\/"}}]}},"yoast_meta":{"yoast_wpseo_title":"","yoast_wpseo_metadesc":"","yoast_wpseo_canonical":""},"_links":{"self":[{"href":"https:\/\/exceladvisor.org\/pt\/wp-json\/wp\/v2\/pages\/191","targetHints":{"allow":["GET"]}}],"collection":[{"href":"https:\/\/exceladvisor.org\/pt\/wp-json\/wp\/v2\/pages"}],"about":[{"href":"https:\/\/exceladvisor.org\/pt\/wp-json\/wp\/v2\/types\/page"}],"author":[{"embeddable":true,"href":"https:\/\/exceladvisor.org\/pt\/wp-json\/wp\/v2\/users\/1"}],"replies":[{"embeddable":true,"href":"https:\/\/exceladvisor.org\/pt\/wp-json\/wp\/v2\/comments?post=191"}],"version-history":[{"count":1,"href":"https:\/\/exceladvisor.org\/pt\/wp-json\/wp\/v2\/pages\/191\/revisions"}],"predecessor-version":[{"id":984,"href":"https:\/\/exceladvisor.org\/pt\/wp-json\/wp\/v2\/pages\/191\/revisions\/984"}],"wp:attachment":[{"href":"https:\/\/exceladvisor.org\/pt\/wp-json\/wp\/v2\/media?parent=191"}],"curies":[{"name":"wp","href":"https:\/\/api.w.org\/{rel}","templated":true}]}}