{"id":192,"date":"2023-11-12T15:52:42","date_gmt":"2023-11-12T15:52:42","guid":{"rendered":"https:\/\/exceladvisor.org\/pt\/titulo-do-grafico-dinamico\/"},"modified":"2023-12-06T11:36:58","modified_gmt":"2023-12-06T11:36:58","slug":"titulo-do-grafico-dinamico","status":"publish","type":"page","link":"https:\/\/exceladvisor.org\/pt\/titulo-do-grafico-dinamico\/","title":{"rendered":"Como criar um t\u00edtulo de gr\u00e1fico din\u00e2mico no excel?"},"content":{"rendered":"<div class=\"excel-before-content-2\" id=\"excel-3288548775\"><script type=\"text\/javascript\">\r\n\tatOptions = {\r\n\t\t'key' : 'c1158f160081d6540a8409e6925dab94',\r\n\t\t'format' : 'iframe',\r\n\t\t'height' : 250,\r\n\t\t'width' : 300,\r\n\t\t'params' : {}\r\n\t};\r\n<\/script>\r\n<script type=\"text\/javascript\" src=\"\/\/www.highperformanceformat.com\/c1158f160081d6540a8409e6925dab94\/invoke.js\"><\/script><\/div><div class=\"excel-before-content\" id=\"excel-2121558950\"><script type=\"text\/javascript\">\r\n\tatOptions = {\r\n\t\t'key' : 'c1158f160081d6540a8409e6925dab94',\r\n\t\t'format' : 'iframe',\r\n\t\t'height' : 250,\r\n\t\t'width' : 300,\r\n\t\t'params' : {}\r\n\t};\r\n<\/script>\r\n<script type=\"text\/javascript\" src=\"\/\/www.highperformanceformat.com\/c1158f160081d6540a8409e6925dab94\/invoke.js\"><\/script><\/div> <p>Todos n\u00f3s amamos <a style=\"outline: none;\" href=\"https:\/\/exceladvisor.org\/pt\/graficos-interativos\/\">gr\u00e1ficos din\u00e2micos e interativos<\/a> . Eles s\u00e3o \u00f3timos. Mas voc\u00ea sabe qual \u00e9 a parte mais importante de um gr\u00e1fico din\u00e2mico?<\/p><p> Este \u00e9 \u279c <strong>T\u00edtulo do gr\u00e1fico<\/strong><\/p><p> Ao criar um t\u00edtulo de gr\u00e1fico din\u00e2mico, voc\u00ea pode tornar seus gr\u00e1ficos do Excel mais eficazes.<\/p><p> Apenas pense assim. Voc\u00ea criou um gr\u00e1fico din\u00e2mico no qual os valores mudar\u00e3o conforme o ano atual mudar. Mas e quanto ao t\u00edtulo do gr\u00e1fico, voc\u00ea precisa alter\u00e1-lo sempre.<\/p><p> A m\u00e1 not\u00edcia \u00e9 que sempre h\u00e1 uma chance de perd\u00ea-la. Mas aqui est\u00e1 a boa not\u00edcia: voc\u00ea pode vincular o t\u00edtulo de um gr\u00e1fico a uma c\u00e9lula para torn\u00e1-lo din\u00e2mico. E no post de hoje, gostaria de compartilhar com voc\u00eas as etapas exatas para tornar o t\u00edtulo de um gr\u00e1fico din\u00e2mico conectando-o a uma c\u00e9lula.<\/p><p> Vamos come\u00e7ar.<\/p><h2 class=\"wp-block-heading\"> Etapas para criar um t\u00edtulo de gr\u00e1fico din\u00e2mico no Excel<\/h2><p> Converter um t\u00edtulo de gr\u00e1fico normal em um t\u00edtulo din\u00e2mico \u00e9 simples. Mas antes disso, voc\u00ea precisa de um que possa vincular ao t\u00edtulo.<\/p><p> Aqui est\u00e3o as etapas:<\/p><ol><li> Selecione o t\u00edtulo do gr\u00e1fico em seu gr\u00e1fico.<\/li><li> V\u00e1 para a barra de f\u00f3rmulas e digite =.<\/li><li> Selecione a c\u00e9lula que deseja vincular ao t\u00edtulo do gr\u00e1fico.<\/li><li> Pressione Enter. <\/li><\/ol><div class=\"wp-block-image\"><figure class=\"aligncenter\"><img decoding=\"async\" src=\"https:\/\/exceladvisor.org\/wp-content\/uploads\/2023\/08\/etapes-pour-lier-une-cellule-avec-le-titre-du-graphique-pour-creer-une-dynamique-1.gif\" sizes=\"\" srcset=\"\" alt=\"\"><\/figure><\/div><p> <em>Relacionado: <a style=\"outline: none;\" href=\"https:\/\/exceladvisor.org\/pt\/graficos-avancados\/\">As 10 principais tabelas e gr\u00e1ficos AVAN\u00c7ADOS do Excel (download gratuito de modelo)<\/a><\/em><\/p><h2 class=\"wp-block-heading\"> Combine links de c\u00e9lulas e texto para criar um t\u00edtulo de gr\u00e1fico din\u00e2mico<\/h2><p> Agora, deixe-me mostrar como combinar uma c\u00e9lula e um texto para criar um t\u00edtulo de gr\u00e1fico din\u00e2mico. Por exemplo, se voc\u00ea deseja vincular uma c\u00e9lula com um nome de ano que mudar\u00e1 com os dados do gr\u00e1fico e deseja adicionar o r\u00f3tulo &#8220;Tend\u00eancia de vendas mensal:&#8221; antes dele.<\/p><ul><li> Primeiro, basta inserir a f\u00f3rmula ( <code>=\u201dMonthly Sales Trend: \u201d &amp;H3<\/code> ) na <a href=\"https:\/\/exceladvisor.org\/pt\/barra-de-formulas-do-excel\/\">barra de f\u00f3rmulas<\/a> em uma nova c\u00e9lula.<\/li><li> Selecione o t\u00edtulo do gr\u00e1fico.<\/li><li> V\u00e1 para a barra de f\u00f3rmulas e pressione =.<\/li><li> Agora basta selecionar a nova c\u00e9lula.<\/li><li> Pressione Enter. <\/li><\/ul><div class=\"wp-block-image\"><figure class=\"aligncenter\"><img decoding=\"async\" src=\"https:\/\/exceladvisor.org\/wp-content\/uploads\/2023\/08\/etapes-pour-lier-une-cellule-et-un-texte-avec-titre-de-graphique-pour-creer-une-dynamique-1.gif\" sizes=\"\" srcset=\"\" alt=\"\"><\/figure><\/div><h2 class=\"wp-block-heading\"> Criando um t\u00edtulo din\u00e2mico em um gr\u00e1fico din\u00e2mico<\/h2><p> Voc\u00ea tamb\u00e9m pode usar o mesmo m\u00e9todo para criar um t\u00edtulo din\u00e2mico em uma tabela din\u00e2mica. Depois de <a style=\"outline: none;\" href=\"https:\/\/exceladvisor.org\/pt\/tabela-dinamica-2\/\" data-wpil=\"url\">criar uma tabela din\u00e2mica<\/a> , siga as mesmas etapas usadas em uma tabela normal. <\/p><div class=\"wp-block-image\"><figure class=\"aligncenter\"><img decoding=\"async\" src=\"https:\/\/exceladvisor.org\/wp-content\/uploads\/2023\/08\/titre-du-graphique-dynamique-avec-lien-vers-une-cellule-avec-des-formules-pour-le-graphique-croise-dynamique-1.png\" sizes=\"\" srcset=\"\" alt=\"t\u00edtulo do gr\u00e1fico din\u00e2mico com link para c\u00e9lula com f\u00f3rmulas para gr\u00e1fico din\u00e2mico\"><\/figure><\/div><h2 class=\"wp-block-heading\"> Crie um t\u00edtulo de gr\u00e1fico din\u00e2mico com formas<\/h2><p> Se quiser economizar espa\u00e7o em seu gr\u00e1fico, voc\u00ea tamb\u00e9m pode usar uma forma retangular separada como t\u00edtulo do gr\u00e1fico.<\/p><ul><li> Basta inserir uma forma em sua planilha.<\/li><li> Vincule-o \u00e0 c\u00e9lula como voc\u00ea fez no t\u00edtulo normal do gr\u00e1fico. <\/li><\/ul><div class=\"wp-block-image\"><figure class=\"aligncenter\"><img decoding=\"async\" src=\"https:\/\/exceladvisor.org\/wp-content\/uploads\/2023\/08\/titre-de-graphique-dynamique-avec-lien-vers-une-cellule-avec-des-formules-utilisant-une-forme-1.png\" sizes=\"\" srcset=\"\" alt=\"\"><\/figure><\/div><h2 class=\"wp-block-heading\"> Pontos importantes<\/h2><ol><li> Voc\u00ea n\u00e3o pode usar uma f\u00f3rmula no t\u00edtulo do gr\u00e1fico, mas pode vincul\u00e1-la a uma c\u00e9lula que contenha uma f\u00f3rmula.<\/li><li> Se quiser inserir uma quebra de linha no t\u00edtulo do gr\u00e1fico, voc\u00ea pode criar essa quebra de linha na c\u00e9lula \u00e0 qual est\u00e1 vinculando.<\/li><\/ol><h2 class=\"wp-block-heading\"> Arquivo de exemplo<\/h2><p> <a href=\"https:\/\/exceladvisor.org\/wp-content\/uploads\/2023\/11\/titre-du-graphique-dynamique-2.xlsx\" rel=\"nofollow\">Baixe um arquivo de amostra aqui<\/a> para saber mais.<\/p><h2 class=\"wp-block-heading\"> Conclus\u00e3o<\/h2><p> O t\u00edtulo de um gr\u00e1fico din\u00e2mico depende de uma c\u00e9lula que cont\u00e9m uma f\u00f3rmula que ser\u00e1 alterada quando voc\u00ea alterar o valor do seu gr\u00e1fico. Basicamente, o t\u00edtulo do seu gr\u00e1fico est\u00e1 vinculado a uma c\u00e9lula din\u00e2mica. Espero que esta dica de gr\u00e1ficos ajude voc\u00ea a criar gr\u00e1ficos avan\u00e7ados e agora me diga uma coisa.<\/p><p> Voc\u00ea j\u00e1 usou um t\u00edtulo din\u00e2mico em um gr\u00e1fico antes?<\/p><p> Compartilhe suas id\u00e9ias comigo na se\u00e7\u00e3o de coment\u00e1rios, eu adoraria ouvir de voc\u00ea. E n\u00e3o esque\u00e7a de compartilhar essa dica com seus amigos.<\/p><h2 class=\"wp-block-heading\"> Mais dicas e tutoriais sobre gr\u00e1ficos<\/h2><ul><li> <a style=\"outline: none;\" href=\"https:\/\/exceladvisor.org\/pt\/adicione-uma-linha-horizontal\/\">Como adicionar uma linha horizontal a um gr\u00e1fico no Excel<\/a><\/li><li> <a style=\"outline: none;\" href=\"https:\/\/exceladvisor.org\/pt\/adicione-uma-linha-vertical\/\">Como adicionar uma linha vertical a um gr\u00e1fico no Excel<\/a><\/li><li> <a style=\"outline: none;\" href=\"https:\/\/exceladvisor.org\/pt\/quadro-de-marcadores\/\">Como criar um gr\u00e1fico com marcadores no Excel<\/a><\/li><li> <a style=\"outline: none;\" href=\"https:\/\/exceladvisor.org\/pt\/faixa-de-grafico-dinamico\/\">Como criar um intervalo de gr\u00e1fico din\u00e2mico no Excel<\/a><\/li><li> <a style=\"outline: none;\" href=\"https:\/\/exceladvisor.org\/pt\/grafico-de-funil\/\">Como criar um gr\u00e1fico de funil de vendas no Excel<\/a><\/li><\/ul>","protected":false},"excerpt":{"rendered":"","protected":false},"author":1,"featured_media":0,"parent":0,"menu_order":0,"comment_status":"open","ping_status":"closed","template":"","meta":{"ub_ctt_via":"","footnotes":""},"class_list":["post-192","page","type-page","status-publish","hentry"],"featured_image_src":null,"yoast_head":"<!-- This site is optimized with the Yoast SEO plugin v25.4 - https:\/\/yoast.com\/wordpress\/plugins\/seo\/ -->\n<title>Como criar um t\u00edtulo de gr\u00e1fico din\u00e2mico no Excel?<\/title>\n<meta name=\"description\" content=\"Ao criar um t\u00edtulo de gr\u00e1fico din\u00e2mico, voc\u00ea pode tornar seus gr\u00e1ficos do Excel mais eficazes. Apenas pense assim.\" \/>\n<meta name=\"robots\" content=\"index, follow, max-snippet:-1, max-image-preview:large, max-video-preview:-1\" \/>\n<link rel=\"canonical\" href=\"https:\/\/exceladvisor.org\/pt\/titulo-do-grafico-dinamico\/\" \/>\n<meta property=\"og:locale\" content=\"pt_PT\" \/>\n<meta property=\"og:type\" content=\"article\" \/>\n<meta property=\"og:title\" content=\"Como criar um t\u00edtulo de gr\u00e1fico din\u00e2mico no Excel?\" \/>\n<meta property=\"og:description\" content=\"Ao criar um t\u00edtulo de gr\u00e1fico din\u00e2mico, voc\u00ea pode tornar seus gr\u00e1ficos do Excel mais eficazes. Apenas pense assim.\" \/>\n<meta property=\"og:url\" content=\"https:\/\/exceladvisor.org\/pt\/titulo-do-grafico-dinamico\/\" \/>\n<meta property=\"og:site_name\" content=\"Excel Advisor\" \/>\n<meta property=\"article:modified_time\" content=\"2023-12-06T11:36:58+00:00\" \/>\n<meta property=\"og:image\" content=\"https:\/\/exceladvisor.org\/wp-content\/uploads\/2023\/08\/etapes-pour-lier-une-cellule-avec-le-titre-du-graphique-pour-creer-une-dynamique-1.gif\" \/>\n<meta name=\"twitter:card\" content=\"summary_large_image\" \/>\n<meta name=\"twitter:label1\" content=\"Tempo estimado de leitura\" \/>\n\t<meta name=\"twitter:data1\" content=\"4 minutos\" \/>\n<script type=\"application\/ld+json\" class=\"yoast-schema-graph\">{\"@context\":\"https:\/\/schema.org\",\"@graph\":[{\"@type\":\"WebPage\",\"@id\":\"https:\/\/exceladvisor.org\/pt\/titulo-do-grafico-dinamico\/\",\"url\":\"https:\/\/exceladvisor.org\/pt\/titulo-do-grafico-dinamico\/\",\"name\":\"Como criar um t\u00edtulo de gr\u00e1fico din\u00e2mico no Excel?\",\"isPartOf\":{\"@id\":\"https:\/\/exceladvisor.org\/pt\/#website\"},\"primaryImageOfPage\":{\"@id\":\"https:\/\/exceladvisor.org\/pt\/titulo-do-grafico-dinamico\/#primaryimage\"},\"image\":{\"@id\":\"https:\/\/exceladvisor.org\/pt\/titulo-do-grafico-dinamico\/#primaryimage\"},\"thumbnailUrl\":\"https:\/\/exceladvisor.org\/wp-content\/uploads\/2023\/08\/etapes-pour-lier-une-cellule-avec-le-titre-du-graphique-pour-creer-une-dynamique-1.gif\",\"datePublished\":\"2023-11-12T15:52:42+00:00\",\"dateModified\":\"2023-12-06T11:36:58+00:00\",\"description\":\"Ao criar um t\u00edtulo de gr\u00e1fico din\u00e2mico, voc\u00ea pode tornar seus gr\u00e1ficos do Excel mais eficazes. Apenas pense assim.\",\"breadcrumb\":{\"@id\":\"https:\/\/exceladvisor.org\/pt\/titulo-do-grafico-dinamico\/#breadcrumb\"},\"inLanguage\":\"pt-PT\",\"potentialAction\":[{\"@type\":\"ReadAction\",\"target\":[\"https:\/\/exceladvisor.org\/pt\/titulo-do-grafico-dinamico\/\"]}]},{\"@type\":\"ImageObject\",\"inLanguage\":\"pt-PT\",\"@id\":\"https:\/\/exceladvisor.org\/pt\/titulo-do-grafico-dinamico\/#primaryimage\",\"url\":\"https:\/\/exceladvisor.org\/wp-content\/uploads\/2023\/08\/etapes-pour-lier-une-cellule-avec-le-titre-du-graphique-pour-creer-une-dynamique-1.gif\",\"contentUrl\":\"https:\/\/exceladvisor.org\/wp-content\/uploads\/2023\/08\/etapes-pour-lier-une-cellule-avec-le-titre-du-graphique-pour-creer-une-dynamique-1.gif\"},{\"@type\":\"BreadcrumbList\",\"@id\":\"https:\/\/exceladvisor.org\/pt\/titulo-do-grafico-dinamico\/#breadcrumb\",\"itemListElement\":[{\"@type\":\"ListItem\",\"position\":1,\"name\":\"Lar\",\"item\":\"https:\/\/exceladvisor.org\/pt\/\"},{\"@type\":\"ListItem\",\"position\":2,\"name\":\"Como criar um t\u00edtulo de gr\u00e1fico din\u00e2mico no excel?\"}]},{\"@type\":\"WebSite\",\"@id\":\"https:\/\/exceladvisor.org\/pt\/#website\",\"url\":\"https:\/\/exceladvisor.org\/pt\/\",\"name\":\"Excel Advisor\",\"description\":\"O seu guia definitivo para dominar os dados!\",\"publisher\":{\"@id\":\"https:\/\/exceladvisor.org\/pt\/#organization\"},\"potentialAction\":[{\"@type\":\"SearchAction\",\"target\":{\"@type\":\"EntryPoint\",\"urlTemplate\":\"https:\/\/exceladvisor.org\/pt\/?s={search_term_string}\"},\"query-input\":{\"@type\":\"PropertyValueSpecification\",\"valueRequired\":true,\"valueName\":\"search_term_string\"}}],\"inLanguage\":\"pt-PT\"},{\"@type\":\"Organization\",\"@id\":\"https:\/\/exceladvisor.org\/pt\/#organization\",\"name\":\"Excel Advisor\",\"url\":\"https:\/\/exceladvisor.org\/pt\/\",\"logo\":{\"@type\":\"ImageObject\",\"inLanguage\":\"pt-PT\",\"@id\":\"https:\/\/exceladvisor.org\/pt\/#\/schema\/logo\/image\/\",\"url\":\"https:\/\/exceladvisor.org\/pt\/wp-content\/uploads\/2023\/12\/exceladvisor.org_.png\",\"contentUrl\":\"https:\/\/exceladvisor.org\/pt\/wp-content\/uploads\/2023\/12\/exceladvisor.org_.png\",\"width\":105,\"height\":36,\"caption\":\"Excel Advisor\"},\"image\":{\"@id\":\"https:\/\/exceladvisor.org\/pt\/#\/schema\/logo\/image\/\"}}]}<\/script>\n<!-- \/ Yoast SEO plugin. -->","yoast_head_json":{"title":"Como criar um t\u00edtulo de gr\u00e1fico din\u00e2mico no Excel?","description":"Ao criar um t\u00edtulo de gr\u00e1fico din\u00e2mico, voc\u00ea pode tornar seus gr\u00e1ficos do Excel mais eficazes. Apenas pense assim.","robots":{"index":"index","follow":"follow","max-snippet":"max-snippet:-1","max-image-preview":"max-image-preview:large","max-video-preview":"max-video-preview:-1"},"canonical":"https:\/\/exceladvisor.org\/pt\/titulo-do-grafico-dinamico\/","og_locale":"pt_PT","og_type":"article","og_title":"Como criar um t\u00edtulo de gr\u00e1fico din\u00e2mico no Excel?","og_description":"Ao criar um t\u00edtulo de gr\u00e1fico din\u00e2mico, voc\u00ea pode tornar seus gr\u00e1ficos do Excel mais eficazes. Apenas pense assim.","og_url":"https:\/\/exceladvisor.org\/pt\/titulo-do-grafico-dinamico\/","og_site_name":"Excel Advisor","article_modified_time":"2023-12-06T11:36:58+00:00","og_image":[{"url":"https:\/\/exceladvisor.org\/wp-content\/uploads\/2023\/08\/etapes-pour-lier-une-cellule-avec-le-titre-du-graphique-pour-creer-une-dynamique-1.gif","type":"","width":"","height":""}],"twitter_card":"summary_large_image","twitter_misc":{"Tempo estimado de leitura":"4 minutos"},"schema":{"@context":"https:\/\/schema.org","@graph":[{"@type":"WebPage","@id":"https:\/\/exceladvisor.org\/pt\/titulo-do-grafico-dinamico\/","url":"https:\/\/exceladvisor.org\/pt\/titulo-do-grafico-dinamico\/","name":"Como criar um t\u00edtulo de gr\u00e1fico din\u00e2mico no Excel?","isPartOf":{"@id":"https:\/\/exceladvisor.org\/pt\/#website"},"primaryImageOfPage":{"@id":"https:\/\/exceladvisor.org\/pt\/titulo-do-grafico-dinamico\/#primaryimage"},"image":{"@id":"https:\/\/exceladvisor.org\/pt\/titulo-do-grafico-dinamico\/#primaryimage"},"thumbnailUrl":"https:\/\/exceladvisor.org\/wp-content\/uploads\/2023\/08\/etapes-pour-lier-une-cellule-avec-le-titre-du-graphique-pour-creer-une-dynamique-1.gif","datePublished":"2023-11-12T15:52:42+00:00","dateModified":"2023-12-06T11:36:58+00:00","description":"Ao criar um t\u00edtulo de gr\u00e1fico din\u00e2mico, voc\u00ea pode tornar seus gr\u00e1ficos do Excel mais eficazes. Apenas pense assim.","breadcrumb":{"@id":"https:\/\/exceladvisor.org\/pt\/titulo-do-grafico-dinamico\/#breadcrumb"},"inLanguage":"pt-PT","potentialAction":[{"@type":"ReadAction","target":["https:\/\/exceladvisor.org\/pt\/titulo-do-grafico-dinamico\/"]}]},{"@type":"ImageObject","inLanguage":"pt-PT","@id":"https:\/\/exceladvisor.org\/pt\/titulo-do-grafico-dinamico\/#primaryimage","url":"https:\/\/exceladvisor.org\/wp-content\/uploads\/2023\/08\/etapes-pour-lier-une-cellule-avec-le-titre-du-graphique-pour-creer-une-dynamique-1.gif","contentUrl":"https:\/\/exceladvisor.org\/wp-content\/uploads\/2023\/08\/etapes-pour-lier-une-cellule-avec-le-titre-du-graphique-pour-creer-une-dynamique-1.gif"},{"@type":"BreadcrumbList","@id":"https:\/\/exceladvisor.org\/pt\/titulo-do-grafico-dinamico\/#breadcrumb","itemListElement":[{"@type":"ListItem","position":1,"name":"Lar","item":"https:\/\/exceladvisor.org\/pt\/"},{"@type":"ListItem","position":2,"name":"Como criar um t\u00edtulo de gr\u00e1fico din\u00e2mico no excel?"}]},{"@type":"WebSite","@id":"https:\/\/exceladvisor.org\/pt\/#website","url":"https:\/\/exceladvisor.org\/pt\/","name":"Excel Advisor","description":"O seu guia definitivo para dominar os dados!","publisher":{"@id":"https:\/\/exceladvisor.org\/pt\/#organization"},"potentialAction":[{"@type":"SearchAction","target":{"@type":"EntryPoint","urlTemplate":"https:\/\/exceladvisor.org\/pt\/?s={search_term_string}"},"query-input":{"@type":"PropertyValueSpecification","valueRequired":true,"valueName":"search_term_string"}}],"inLanguage":"pt-PT"},{"@type":"Organization","@id":"https:\/\/exceladvisor.org\/pt\/#organization","name":"Excel Advisor","url":"https:\/\/exceladvisor.org\/pt\/","logo":{"@type":"ImageObject","inLanguage":"pt-PT","@id":"https:\/\/exceladvisor.org\/pt\/#\/schema\/logo\/image\/","url":"https:\/\/exceladvisor.org\/pt\/wp-content\/uploads\/2023\/12\/exceladvisor.org_.png","contentUrl":"https:\/\/exceladvisor.org\/pt\/wp-content\/uploads\/2023\/12\/exceladvisor.org_.png","width":105,"height":36,"caption":"Excel Advisor"},"image":{"@id":"https:\/\/exceladvisor.org\/pt\/#\/schema\/logo\/image\/"}}]}},"yoast_meta":{"yoast_wpseo_title":"","yoast_wpseo_metadesc":"","yoast_wpseo_canonical":""},"_links":{"self":[{"href":"https:\/\/exceladvisor.org\/pt\/wp-json\/wp\/v2\/pages\/192","targetHints":{"allow":["GET"]}}],"collection":[{"href":"https:\/\/exceladvisor.org\/pt\/wp-json\/wp\/v2\/pages"}],"about":[{"href":"https:\/\/exceladvisor.org\/pt\/wp-json\/wp\/v2\/types\/page"}],"author":[{"embeddable":true,"href":"https:\/\/exceladvisor.org\/pt\/wp-json\/wp\/v2\/users\/1"}],"replies":[{"embeddable":true,"href":"https:\/\/exceladvisor.org\/pt\/wp-json\/wp\/v2\/comments?post=192"}],"version-history":[{"count":1,"href":"https:\/\/exceladvisor.org\/pt\/wp-json\/wp\/v2\/pages\/192\/revisions"}],"predecessor-version":[{"id":1000,"href":"https:\/\/exceladvisor.org\/pt\/wp-json\/wp\/v2\/pages\/192\/revisions\/1000"}],"wp:attachment":[{"href":"https:\/\/exceladvisor.org\/pt\/wp-json\/wp\/v2\/media?parent=192"}],"curies":[{"name":"wp","href":"https:\/\/api.w.org\/{rel}","templated":true}]}}