{"id":193,"date":"2023-11-12T15:00:24","date_gmt":"2023-11-12T15:00:24","guid":{"rendered":"https:\/\/exceladvisor.org\/pt\/soma-se-for-maior-que-zero-2\/"},"modified":"2023-12-06T11:42:21","modified_gmt":"2023-12-06T11:42:21","slug":"soma-se-for-maior-que-zero-2","status":"publish","type":"page","link":"https:\/\/exceladvisor.org\/pt\/soma-se-for-maior-que-zero-2\/","title":{"rendered":"Como somar valores maiores que zero?"},"content":{"rendered":"<div class=\"excel-before-content-2\" id=\"excel-3814827856\"><script type=\"text\/javascript\">\r\n\tatOptions = {\r\n\t\t'key' : 'c1158f160081d6540a8409e6925dab94',\r\n\t\t'format' : 'iframe',\r\n\t\t'height' : 250,\r\n\t\t'width' : 300,\r\n\t\t'params' : {}\r\n\t};\r\n<\/script>\r\n<script type=\"text\/javascript\" src=\"\/\/www.highperformanceformat.com\/c1158f160081d6540a8409e6925dab94\/invoke.js\"><\/script><\/div><div class=\"excel-before-content\" id=\"excel-1792464858\"><script type=\"text\/javascript\">\r\n\tatOptions = {\r\n\t\t'key' : 'c1158f160081d6540a8409e6925dab94',\r\n\t\t'format' : 'iframe',\r\n\t\t'height' : 250,\r\n\t\t'width' : 300,\r\n\t\t'params' : {}\r\n\t};\r\n<\/script>\r\n<script type=\"text\/javascript\" src=\"\/\/www.highperformanceformat.com\/c1158f160081d6540a8409e6925dab94\/invoke.js\"><\/script><\/div> <p>Para adicionar valores maiores que zero, voc\u00ea pode usar a fun\u00e7\u00e3o SUMIF para especificar uma condi\u00e7\u00e3o. Em SUMIF, o argumento crit\u00e9rios permite escrever uma condi\u00e7\u00e3o na qual voc\u00ea pode usar o operador maior que e inserir zero (0). Voc\u00ea pode usar o mesmo intervalo para testar as condi\u00e7\u00f5es e calcular a soma. <\/p><div class=\"wp-block-image\"><figure class=\"aligncenter size-full is-resized\"><img loading=\"lazy\" decoding=\"async\" class=\"wp-image-79474\" src=\"https:\/\/exceladvisor.org\/wp-content\/uploads\/2023\/08\/1-somme-superieure-a-zero.png\" sizes=\"auto, \" srcset=\"\" alt=\"soma-valor-maior que zero\" width=\"599\" height=\"409\"><\/figure><\/div><p> Ou voc\u00ea tamb\u00e9m pode usar dois intervalos diferentes, um para testar a condi\u00e7\u00e3o e outro para obter a soma.<\/p><h2 class=\"wp-block-heading\"> Etapas para escrever uma f\u00f3rmula: SUMIF maior que zero<\/h2><p> Voc\u00ea pode usar as etapas abaixo:<\/p><ol type=\"1\"><li> Primeiro, em uma c\u00e9lula, insira a fun\u00e7\u00e3o SUMIF.<\/li><li> Depois disso, na faixa de crit\u00e9rios, consulte a coluna Dias Passados.<\/li><li> Ent\u00e3o, no argumento dos crit\u00e9rios, use \u201c&gt;0\u201d.<\/li><li> Agora em sum_range consulte a coluna Quantidade.<\/li><li> No final, pressione Enter para obter o resultado. <\/li><\/ol><div class=\"wp-block-image\"><figure class=\"aligncenter size-full is-resized\"><img loading=\"lazy\" decoding=\"async\" class=\"wp-image-79475\" src=\"https:\/\/exceladvisor.org\/wp-content\/uploads\/2023\/08\/2-somme-si-superieur-a-zero.png\" sizes=\"auto, \" srcset=\"\" alt=\"soma se maior que zero\" width=\"694\" height=\"412\"><\/figure><\/div><pre class=\"wp-block-code\"> <code class=\"language-excel-formula\" lang=\"excel-formula\">=SUMIF(B2:B11,\"&gt;0\",C2:C11)<\/code><\/pre><p> Como voc\u00ea pode ver, ele retorna apenas a soma dos valores da coluna Quantidade, onde voc\u00ea possui um valor maior que zero na coluna Dias Passados. Voc\u00ea pode ver o mesmo resultado na <a href=\"https:\/\/exceladvisor.org\/pt\/barra-de-status\/\">barra de status<\/a> . <\/p><div class=\"wp-block-image\"><figure class=\"aligncenter size-full is-resized\"><img loading=\"lazy\" decoding=\"async\" class=\"wp-image-79476\" src=\"https:\/\/exceladvisor.org\/wp-content\/uploads\/2023\/08\/3-renvoie-la-valeur-somme.png\" sizes=\"auto, \" srcset=\"\" alt=\"valor da soma de retorno\" width=\"581\" height=\"396\"><\/figure><\/div><h2 class=\"wp-block-heading\"> Usando uma refer\u00eancia de c\u00e9lula para especificar zero<\/h2><p> Ao escrever a f\u00f3rmula, voc\u00ea pode consultar uma c\u00e9lula para especificar zero nela. <\/p><div class=\"wp-block-image\"><figure class=\"aligncenter size-full is-resized\"><img loading=\"lazy\" decoding=\"async\" class=\"wp-image-79477\" src=\"https:\/\/exceladvisor.org\/wp-content\/uploads\/2023\/08\/Reference-de-4-cellules-pour-specifier-zero.png\" sizes=\"auto, \" srcset=\"\" alt=\"refer\u00eancia de c\u00e9lula para especificar zero\" width=\"673\" height=\"374\"><\/figure><\/div><pre class=\"wp-block-code\"> <code class=\"language-excel-formula\" lang=\"excel-formula\">=SUMIF(B2:B11,\"&gt;\"&amp;D1,C2:C11)<\/code><\/pre><p> Na f\u00f3rmula acima, nos crit\u00e9rios, usamos um E comercial e depois nos referimos \u00e0 c\u00e9lula D1 onde temos o zero. Isso resulta em uma f\u00f3rmula din\u00e2mica onde voc\u00ea pode alterar a condi\u00e7\u00e3o da c\u00e9lula em vez de alter\u00e1-la na f\u00f3rmula.<\/p><h2 class=\"wp-block-heading\"> E se eu quiser usar SUMIFS em vez de SUMIF?<\/h2><p> Sim, voc\u00ea pode usar isso. <\/p><div class=\"wp-block-image\"><figure class=\"aligncenter size-full is-resized\"><img loading=\"lazy\" decoding=\"async\" class=\"wp-image-79478\" src=\"https:\/\/exceladvisor.org\/wp-content\/uploads\/2023\/08\/5-sommes-superieures-a-zero.png\" sizes=\"auto, \" srcset=\"\" alt=\"somas maiores que zero\" width=\"674\" height=\"381\"><\/figure><\/div><p> Em SUMIFS voc\u00ea deve primeiro especificar o intervalo_soma. Depois disso, voc\u00ea precisa especificar o intervalo de crit\u00e9rios e, ao final, inserir os crit\u00e9rios para testar.<\/p><pre class=\"wp-block-code\"> <code class=\"language-excel-formula\" lang=\"excel-formula\">=SUMIFS(C2:C11,B2:B11,\"&gt;0\")<\/code><\/pre><div class=\"gb-container gb-container-52dfcee1 gb-container-sample-file\"><h2 class=\"gb-headline gb-headline-e289c143 gb-headline-text gb-headline-4f7959c2\"> Obtenha o arquivo Excel<\/h2> <a class=\"gb-button gb-button-e88d6bee gb-button-text gb-button-button1\" href=\"https:\/\/exceladvisor.org\/wp-content\/uploads\/2023\/08\/somme-si-superieure-a-zero.xlsx\" rel=\"nofollow\">Download<\/a><\/div><div class=\"gb-container gb-container-0df56012 gb-container-mt\"> <a class=\"gb-button gb-button-f9f432f4 gb-button-text gb-button-mt-button\" href=\"https:\/\/exceladvisor.org\/pt\/formulas\/\">Lista de f\u00f3rmulas do Excel<\/a><h2 class=\"gb-headline gb-headline-233444e8 gb-headline-text gb-headline-mt-heading\"> F\u00f3rmulas relacionadas <\/h2><div class=\"gb-grid-wrapper gb-grid-wrapper-a16fa65c gb-grid-wrapper-mt-grid\"><div class=\"gb-grid-column gb-grid-column-50d07e0d\"><div class=\"gb-container gb-container-50d07e0d\"><ul><li> <a href=\"https:\/\/exceladvisor.org\/pt\/soma-se-for-maior-que\/\">Soma maior que valores usando SUMIF<\/a><\/li><li> <a href=\"https:\/\/exceladvisor.org\/pt\/sumivos-nao-sao-iguais\/\">Soma de valores diferentes (SUMIFS) no Excel<\/a><\/li><li> <a href=\"https:\/\/exceladvisor.org\/pt\/sumif-sumifs-ou-logica\/\">SUMIF\/SUMIFS com l\u00f3gica OR no Excel<\/a><\/li><li> <a href=\"https:\/\/exceladvisor.org\/pt\/sumif-com-curingas\/\">SUMIF com curingas no Excel<\/a><\/li><li> <a href=\"https:\/\/exceladvisor.org\/pt\/soma-dos-valores-entre-duas-datas\/\">Intervalo de datas SUMIFS (soma dos valores entre duas matrizes de datas)<\/a> <\/li><\/ul><\/div><\/div><div class=\"gb-grid-column gb-grid-column-5b4a0cf9\"><div class=\"gb-container gb-container-5b4a0cf9\"><\/div><\/div><\/div><\/div>","protected":false},"excerpt":{"rendered":"","protected":false},"author":1,"featured_media":0,"parent":0,"menu_order":0,"comment_status":"open","ping_status":"closed","template":"","meta":{"ub_ctt_via":"","footnotes":""},"class_list":["post-193","page","type-page","status-publish","hentry"],"featured_image_src":null,"yoast_head":"<!-- This site is optimized with the Yoast SEO plugin v25.4 - https:\/\/yoast.com\/wordpress\/plugins\/seo\/ -->\n<title>Como somar valores maiores que zero? Consultor Excel<\/title>\n<meta name=\"description\" content=\"Este tutorial nos ensinar\u00e1 como escrever uma f\u00f3rmula Excel usando SUMIF para somar valores maiores que zero. Vamos verificar isso\u2026\" \/>\n<meta name=\"robots\" content=\"index, follow, max-snippet:-1, max-image-preview:large, max-video-preview:-1\" \/>\n<link rel=\"canonical\" href=\"https:\/\/exceladvisor.org\/pt\/soma-se-for-maior-que-zero-2\/\" \/>\n<meta property=\"og:locale\" content=\"pt_PT\" \/>\n<meta property=\"og:type\" content=\"article\" \/>\n<meta property=\"og:title\" content=\"Como somar valores maiores que zero? Consultor Excel\" \/>\n<meta property=\"og:description\" content=\"Este tutorial nos ensinar\u00e1 como escrever uma f\u00f3rmula Excel usando SUMIF para somar valores maiores que zero. Vamos verificar isso\u2026\" \/>\n<meta property=\"og:url\" content=\"https:\/\/exceladvisor.org\/pt\/soma-se-for-maior-que-zero-2\/\" \/>\n<meta property=\"og:site_name\" content=\"Excel Advisor\" \/>\n<meta property=\"article:modified_time\" content=\"2023-12-06T11:42:21+00:00\" \/>\n<meta property=\"og:image\" content=\"https:\/\/exceladvisor.org\/wp-content\/uploads\/2023\/08\/1-somme-superieure-a-zero.png\" \/>\n<meta name=\"twitter:card\" content=\"summary_large_image\" \/>\n<meta name=\"twitter:label1\" content=\"Tempo estimado de leitura\" \/>\n\t<meta name=\"twitter:data1\" content=\"2 minutos\" \/>\n<script type=\"application\/ld+json\" class=\"yoast-schema-graph\">{\"@context\":\"https:\/\/schema.org\",\"@graph\":[{\"@type\":\"WebPage\",\"@id\":\"https:\/\/exceladvisor.org\/pt\/soma-se-for-maior-que-zero-2\/\",\"url\":\"https:\/\/exceladvisor.org\/pt\/soma-se-for-maior-que-zero-2\/\",\"name\":\"Como somar valores maiores que zero? Consultor Excel\",\"isPartOf\":{\"@id\":\"https:\/\/exceladvisor.org\/pt\/#website\"},\"primaryImageOfPage\":{\"@id\":\"https:\/\/exceladvisor.org\/pt\/soma-se-for-maior-que-zero-2\/#primaryimage\"},\"image\":{\"@id\":\"https:\/\/exceladvisor.org\/pt\/soma-se-for-maior-que-zero-2\/#primaryimage\"},\"thumbnailUrl\":\"https:\/\/exceladvisor.org\/wp-content\/uploads\/2023\/08\/1-somme-superieure-a-zero.png\",\"datePublished\":\"2023-11-12T15:00:24+00:00\",\"dateModified\":\"2023-12-06T11:42:21+00:00\",\"description\":\"Este tutorial nos ensinar\u00e1 como escrever uma f\u00f3rmula Excel usando SUMIF para somar valores maiores que zero. Vamos verificar isso\u2026\",\"breadcrumb\":{\"@id\":\"https:\/\/exceladvisor.org\/pt\/soma-se-for-maior-que-zero-2\/#breadcrumb\"},\"inLanguage\":\"pt-PT\",\"potentialAction\":[{\"@type\":\"ReadAction\",\"target\":[\"https:\/\/exceladvisor.org\/pt\/soma-se-for-maior-que-zero-2\/\"]}]},{\"@type\":\"ImageObject\",\"inLanguage\":\"pt-PT\",\"@id\":\"https:\/\/exceladvisor.org\/pt\/soma-se-for-maior-que-zero-2\/#primaryimage\",\"url\":\"https:\/\/exceladvisor.org\/wp-content\/uploads\/2023\/08\/1-somme-superieure-a-zero.png\",\"contentUrl\":\"https:\/\/exceladvisor.org\/wp-content\/uploads\/2023\/08\/1-somme-superieure-a-zero.png\"},{\"@type\":\"BreadcrumbList\",\"@id\":\"https:\/\/exceladvisor.org\/pt\/soma-se-for-maior-que-zero-2\/#breadcrumb\",\"itemListElement\":[{\"@type\":\"ListItem\",\"position\":1,\"name\":\"Lar\",\"item\":\"https:\/\/exceladvisor.org\/pt\/\"},{\"@type\":\"ListItem\",\"position\":2,\"name\":\"Como somar valores maiores que zero?\"}]},{\"@type\":\"WebSite\",\"@id\":\"https:\/\/exceladvisor.org\/pt\/#website\",\"url\":\"https:\/\/exceladvisor.org\/pt\/\",\"name\":\"Excel Advisor\",\"description\":\"O seu guia definitivo para dominar os dados!\",\"publisher\":{\"@id\":\"https:\/\/exceladvisor.org\/pt\/#organization\"},\"potentialAction\":[{\"@type\":\"SearchAction\",\"target\":{\"@type\":\"EntryPoint\",\"urlTemplate\":\"https:\/\/exceladvisor.org\/pt\/?s={search_term_string}\"},\"query-input\":{\"@type\":\"PropertyValueSpecification\",\"valueRequired\":true,\"valueName\":\"search_term_string\"}}],\"inLanguage\":\"pt-PT\"},{\"@type\":\"Organization\",\"@id\":\"https:\/\/exceladvisor.org\/pt\/#organization\",\"name\":\"Excel Advisor\",\"url\":\"https:\/\/exceladvisor.org\/pt\/\",\"logo\":{\"@type\":\"ImageObject\",\"inLanguage\":\"pt-PT\",\"@id\":\"https:\/\/exceladvisor.org\/pt\/#\/schema\/logo\/image\/\",\"url\":\"https:\/\/exceladvisor.org\/pt\/wp-content\/uploads\/2023\/12\/exceladvisor.org_.png\",\"contentUrl\":\"https:\/\/exceladvisor.org\/pt\/wp-content\/uploads\/2023\/12\/exceladvisor.org_.png\",\"width\":105,\"height\":36,\"caption\":\"Excel Advisor\"},\"image\":{\"@id\":\"https:\/\/exceladvisor.org\/pt\/#\/schema\/logo\/image\/\"}}]}<\/script>\n<!-- \/ Yoast SEO plugin. -->","yoast_head_json":{"title":"Como somar valores maiores que zero? Consultor Excel","description":"Este tutorial nos ensinar\u00e1 como escrever uma f\u00f3rmula Excel usando SUMIF para somar valores maiores que zero. Vamos verificar isso\u2026","robots":{"index":"index","follow":"follow","max-snippet":"max-snippet:-1","max-image-preview":"max-image-preview:large","max-video-preview":"max-video-preview:-1"},"canonical":"https:\/\/exceladvisor.org\/pt\/soma-se-for-maior-que-zero-2\/","og_locale":"pt_PT","og_type":"article","og_title":"Como somar valores maiores que zero? Consultor Excel","og_description":"Este tutorial nos ensinar\u00e1 como escrever uma f\u00f3rmula Excel usando SUMIF para somar valores maiores que zero. Vamos verificar isso\u2026","og_url":"https:\/\/exceladvisor.org\/pt\/soma-se-for-maior-que-zero-2\/","og_site_name":"Excel Advisor","article_modified_time":"2023-12-06T11:42:21+00:00","og_image":[{"url":"https:\/\/exceladvisor.org\/wp-content\/uploads\/2023\/08\/1-somme-superieure-a-zero.png","type":"","width":"","height":""}],"twitter_card":"summary_large_image","twitter_misc":{"Tempo estimado de leitura":"2 minutos"},"schema":{"@context":"https:\/\/schema.org","@graph":[{"@type":"WebPage","@id":"https:\/\/exceladvisor.org\/pt\/soma-se-for-maior-que-zero-2\/","url":"https:\/\/exceladvisor.org\/pt\/soma-se-for-maior-que-zero-2\/","name":"Como somar valores maiores que zero? Consultor Excel","isPartOf":{"@id":"https:\/\/exceladvisor.org\/pt\/#website"},"primaryImageOfPage":{"@id":"https:\/\/exceladvisor.org\/pt\/soma-se-for-maior-que-zero-2\/#primaryimage"},"image":{"@id":"https:\/\/exceladvisor.org\/pt\/soma-se-for-maior-que-zero-2\/#primaryimage"},"thumbnailUrl":"https:\/\/exceladvisor.org\/wp-content\/uploads\/2023\/08\/1-somme-superieure-a-zero.png","datePublished":"2023-11-12T15:00:24+00:00","dateModified":"2023-12-06T11:42:21+00:00","description":"Este tutorial nos ensinar\u00e1 como escrever uma f\u00f3rmula Excel usando SUMIF para somar valores maiores que zero. Vamos verificar isso\u2026","breadcrumb":{"@id":"https:\/\/exceladvisor.org\/pt\/soma-se-for-maior-que-zero-2\/#breadcrumb"},"inLanguage":"pt-PT","potentialAction":[{"@type":"ReadAction","target":["https:\/\/exceladvisor.org\/pt\/soma-se-for-maior-que-zero-2\/"]}]},{"@type":"ImageObject","inLanguage":"pt-PT","@id":"https:\/\/exceladvisor.org\/pt\/soma-se-for-maior-que-zero-2\/#primaryimage","url":"https:\/\/exceladvisor.org\/wp-content\/uploads\/2023\/08\/1-somme-superieure-a-zero.png","contentUrl":"https:\/\/exceladvisor.org\/wp-content\/uploads\/2023\/08\/1-somme-superieure-a-zero.png"},{"@type":"BreadcrumbList","@id":"https:\/\/exceladvisor.org\/pt\/soma-se-for-maior-que-zero-2\/#breadcrumb","itemListElement":[{"@type":"ListItem","position":1,"name":"Lar","item":"https:\/\/exceladvisor.org\/pt\/"},{"@type":"ListItem","position":2,"name":"Como somar valores maiores que zero?"}]},{"@type":"WebSite","@id":"https:\/\/exceladvisor.org\/pt\/#website","url":"https:\/\/exceladvisor.org\/pt\/","name":"Excel Advisor","description":"O seu guia definitivo para dominar os dados!","publisher":{"@id":"https:\/\/exceladvisor.org\/pt\/#organization"},"potentialAction":[{"@type":"SearchAction","target":{"@type":"EntryPoint","urlTemplate":"https:\/\/exceladvisor.org\/pt\/?s={search_term_string}"},"query-input":{"@type":"PropertyValueSpecification","valueRequired":true,"valueName":"search_term_string"}}],"inLanguage":"pt-PT"},{"@type":"Organization","@id":"https:\/\/exceladvisor.org\/pt\/#organization","name":"Excel Advisor","url":"https:\/\/exceladvisor.org\/pt\/","logo":{"@type":"ImageObject","inLanguage":"pt-PT","@id":"https:\/\/exceladvisor.org\/pt\/#\/schema\/logo\/image\/","url":"https:\/\/exceladvisor.org\/pt\/wp-content\/uploads\/2023\/12\/exceladvisor.org_.png","contentUrl":"https:\/\/exceladvisor.org\/pt\/wp-content\/uploads\/2023\/12\/exceladvisor.org_.png","width":105,"height":36,"caption":"Excel Advisor"},"image":{"@id":"https:\/\/exceladvisor.org\/pt\/#\/schema\/logo\/image\/"}}]}},"yoast_meta":{"yoast_wpseo_title":"","yoast_wpseo_metadesc":"","yoast_wpseo_canonical":""},"_links":{"self":[{"href":"https:\/\/exceladvisor.org\/pt\/wp-json\/wp\/v2\/pages\/193","targetHints":{"allow":["GET"]}}],"collection":[{"href":"https:\/\/exceladvisor.org\/pt\/wp-json\/wp\/v2\/pages"}],"about":[{"href":"https:\/\/exceladvisor.org\/pt\/wp-json\/wp\/v2\/types\/page"}],"author":[{"embeddable":true,"href":"https:\/\/exceladvisor.org\/pt\/wp-json\/wp\/v2\/users\/1"}],"replies":[{"embeddable":true,"href":"https:\/\/exceladvisor.org\/pt\/wp-json\/wp\/v2\/comments?post=193"}],"version-history":[{"count":1,"href":"https:\/\/exceladvisor.org\/pt\/wp-json\/wp\/v2\/pages\/193\/revisions"}],"predecessor-version":[{"id":1203,"href":"https:\/\/exceladvisor.org\/pt\/wp-json\/wp\/v2\/pages\/193\/revisions\/1203"}],"wp:attachment":[{"href":"https:\/\/exceladvisor.org\/pt\/wp-json\/wp\/v2\/media?parent=193"}],"curies":[{"name":"wp","href":"https:\/\/api.w.org\/{rel}","templated":true}]}}