{"id":194,"date":"2023-11-12T14:42:32","date_gmt":"2023-11-12T14:42:32","guid":{"rendered":"https:\/\/exceladvisor.org\/pt\/menor-valor-2\/"},"modified":"2023-12-06T11:37:33","modified_gmt":"2023-12-06T11:37:33","slug":"menor-valor-2","status":"publish","type":"page","link":"https:\/\/exceladvisor.org\/pt\/menor-valor-2\/","title":{"rendered":"Como encontrar o menor valor em uma coluna?"},"content":{"rendered":"<div class=\"excel-before-content-2\" id=\"excel-3236093919\"><script type=\"text\/javascript\">\r\n\tatOptions = {\r\n\t\t'key' : 'c1158f160081d6540a8409e6925dab94',\r\n\t\t'format' : 'iframe',\r\n\t\t'height' : 250,\r\n\t\t'width' : 300,\r\n\t\t'params' : {}\r\n\t};\r\n<\/script>\r\n<script type=\"text\/javascript\" src=\"\/\/www.highperformanceformat.com\/c1158f160081d6540a8409e6925dab94\/invoke.js\"><\/script><\/div><div class=\"excel-before-content\" id=\"excel-2570631386\"><script type=\"text\/javascript\">\r\n\tatOptions = {\r\n\t\t'key' : 'c1158f160081d6540a8409e6925dab94',\r\n\t\t'format' : 'iframe',\r\n\t\t'height' : 250,\r\n\t\t'width' : 300,\r\n\t\t'params' : {}\r\n\t};\r\n<\/script>\r\n<script type=\"text\/javascript\" src=\"\/\/www.highperformanceformat.com\/c1158f160081d6540a8409e6925dab94\/invoke.js\"><\/script><\/div> <p>Para encontrar o menor n\u00famero no Excel, voc\u00ea pode usar a fun\u00e7\u00e3o SMALL do Excel. Esta fun\u00e7\u00e3o permite fazer refer\u00eancia a um intervalo onde voc\u00ea possui n\u00fameros e especificar o valor n (por exemplo, se quiser obter o menor n\u00famero, insira 1).<\/p><p> Este tutorial ir\u00e1 ensin\u00e1-lo a escrever uma f\u00f3rmula r\u00e1pida para obter o menor n\u00famero.<\/p><h2 class=\"wp-block-heading\"> F\u00f3rmula para encontrar o menor n\u00famero no Excel<\/h2><p> Voc\u00ea pode usar as seguintes etapas:<\/p><ol type=\"1\"><li> Primeiro insira a fun\u00e7\u00e3o PEQUENA em uma c\u00e9lula.<\/li><li> Depois disso, consulte o intervalo onde voc\u00ea tem os n\u00fameros.<\/li><li> Em seguida, insira os n valores para encontrar o en\u00e9simo n\u00famero.<\/li><li> No final, pressione Enter para obter o resultado. <\/li><\/ol><div class=\"wp-block-image\"><figure class=\"aligncenter size-full is-resized\"><img loading=\"lazy\" decoding=\"async\" class=\"wp-image-79466\" src=\"https:\/\/exceladvisor.org\/wp-content\/uploads\/2023\/08\/1-trouver-la-plus-petite-valeur.png\" sizes=\"auto, \" srcset=\"\" alt=\"encontre o menor valor\" width=\"371\" height=\"91\"><\/figure><\/div><pre class=\"wp-block-code\"> <code class=\"language-excel-formula\" lang=\"excel-formula\">=SMALL(A2:A12,1)<\/code><\/pre><div class=\"wp-block-image\"><figure class=\"aligncenter size-full is-resized\"><img loading=\"lazy\" decoding=\"async\" class=\"wp-image-79467\" src=\"https:\/\/exceladvisor.org\/wp-content\/uploads\/2023\/08\/2-formules-pour-trouver-le-plus-petit-nombre.png\" sizes=\"auto, \" srcset=\"\" alt=\"f\u00f3rmula para encontrar o menor n\u00famero\" width=\"363\" height=\"559\"><\/figure><\/div><p> Na sua lista, 104 \u00e9 o menor n\u00famero e \u00e9 exatamente isso que voc\u00ea tem no resultado. E se voc\u00ea quiser de alguma forma obter o <sup>terceiro<\/sup> menor n\u00famero, voc\u00ea pode usar o 3 no argumento k da fun\u00e7\u00e3o. <\/p><div class=\"gb-container gb-container-52dfcee1 gb-container-sample-file\"><h2 class=\"gb-headline gb-headline-e289c143 gb-headline-text gb-headline-4f7959c2\"> Obtenha o arquivo Excel<\/h2> <a class=\"gb-button gb-button-e88d6bee gb-button-text gb-button-button1\" href=\"https:\/\/exceladvisor.org\/wp-content\/uploads\/2023\/08\/plus-petite-valeur.xlsx\" rel=\"nofollow\">Download<\/a><\/div><div class=\"gb-container gb-container-0df56012 gb-container-mt\"> <a class=\"gb-button gb-button-f9f432f4 gb-button-text gb-button-mt-button\" href=\"https:\/\/exceladvisor.org\/pt\/formulas\/\">Lista de f\u00f3rmulas do Excel<\/a><h2 class=\"gb-headline gb-headline-233444e8 gb-headline-text gb-headline-mt-heading\"> F\u00f3rmulas relacionadas <\/h2><div class=\"gb-grid-wrapper gb-grid-wrapper-a16fa65c gb-grid-wrapper-mt-grid\"><div class=\"gb-grid-column gb-grid-column-50d07e0d\"><div class=\"gb-container gb-container-50d07e0d\"><ul><li> <a href=\"https:\/\/exceladvisor.org\/pt\/coeficiente-de-variacao\/\">Calcule o coeficiente de varia\u00e7\u00e3o (CV) no Excel<\/a><\/li><li> <a href=\"https:\/\/exceladvisor.org\/pt\/maximo-se\/\">MAX SE no Excel<\/a><\/li><li> <a href=\"https:\/\/exceladvisor.org\/pt\/relatorio\/\">Calcule rapidamente a propor\u00e7\u00e3o no Excel<\/a><\/li><li> <a href=\"https:\/\/exceladvisor.org\/pt\/valor-mais-baixo\/\">Encontre o valor mais baixo em uma lista de n\u00fameros (N)<\/a><\/li><li> <a href=\"https:\/\/exceladvisor.org\/pt\/numeros-mais-frequentes\/\">Obtenha o(s) n\u00famero(s) mais frequente(s) de uma matriz<\/a> <\/li><\/ul><\/div><\/div><div class=\"gb-grid-column gb-grid-column-5b4a0cf9\"><div class=\"gb-container gb-container-5b4a0cf9\"><\/div><\/div><\/div><\/div>","protected":false},"excerpt":{"rendered":"","protected":false},"author":1,"featured_media":0,"parent":0,"menu_order":0,"comment_status":"open","ping_status":"closed","template":"","meta":{"ub_ctt_via":"","footnotes":""},"class_list":["post-194","page","type-page","status-publish","hentry"],"featured_image_src":null,"yoast_head":"<!-- This site is optimized with the Yoast SEO plugin v25.4 - https:\/\/yoast.com\/wordpress\/plugins\/seo\/ -->\n<title>\u25b7 Como encontrar o menor valor em uma coluna?<\/title>\n<meta name=\"description\" content=\"Este tutorial ensinar\u00e1 como escrever f\u00f3rmulas do Excel usando fun\u00e7\u00f5es PEQUENAS para obter o menor valor em um intervalo.\" \/>\n<meta name=\"robots\" content=\"index, follow, max-snippet:-1, max-image-preview:large, max-video-preview:-1\" \/>\n<link rel=\"canonical\" href=\"https:\/\/exceladvisor.org\/pt\/menor-valor-2\/\" \/>\n<meta property=\"og:locale\" content=\"pt_PT\" \/>\n<meta property=\"og:type\" content=\"article\" \/>\n<meta property=\"og:title\" content=\"\u25b7 Como encontrar o menor valor em uma coluna?\" \/>\n<meta property=\"og:description\" content=\"Este tutorial ensinar\u00e1 como escrever f\u00f3rmulas do Excel usando fun\u00e7\u00f5es PEQUENAS para obter o menor valor em um intervalo.\" \/>\n<meta property=\"og:url\" content=\"https:\/\/exceladvisor.org\/pt\/menor-valor-2\/\" \/>\n<meta property=\"og:site_name\" content=\"Excel Advisor\" \/>\n<meta property=\"article:modified_time\" content=\"2023-12-06T11:37:33+00:00\" \/>\n<meta property=\"og:image\" content=\"https:\/\/exceladvisor.org\/wp-content\/uploads\/2023\/08\/1-trouver-la-plus-petite-valeur.png\" \/>\n<meta name=\"twitter:card\" content=\"summary_large_image\" \/>\n<meta name=\"twitter:label1\" content=\"Tempo estimado de leitura\" \/>\n\t<meta name=\"twitter:data1\" content=\"1 minuto\" \/>\n<script type=\"application\/ld+json\" class=\"yoast-schema-graph\">{\"@context\":\"https:\/\/schema.org\",\"@graph\":[{\"@type\":\"WebPage\",\"@id\":\"https:\/\/exceladvisor.org\/pt\/menor-valor-2\/\",\"url\":\"https:\/\/exceladvisor.org\/pt\/menor-valor-2\/\",\"name\":\"\u25b7 Como encontrar o menor valor em uma coluna?\",\"isPartOf\":{\"@id\":\"https:\/\/exceladvisor.org\/pt\/#website\"},\"primaryImageOfPage\":{\"@id\":\"https:\/\/exceladvisor.org\/pt\/menor-valor-2\/#primaryimage\"},\"image\":{\"@id\":\"https:\/\/exceladvisor.org\/pt\/menor-valor-2\/#primaryimage\"},\"thumbnailUrl\":\"https:\/\/exceladvisor.org\/wp-content\/uploads\/2023\/08\/1-trouver-la-plus-petite-valeur.png\",\"datePublished\":\"2023-11-12T14:42:32+00:00\",\"dateModified\":\"2023-12-06T11:37:33+00:00\",\"description\":\"Este tutorial ensinar\u00e1 como escrever f\u00f3rmulas do Excel usando fun\u00e7\u00f5es PEQUENAS para obter o menor valor em um intervalo.\",\"breadcrumb\":{\"@id\":\"https:\/\/exceladvisor.org\/pt\/menor-valor-2\/#breadcrumb\"},\"inLanguage\":\"pt-PT\",\"potentialAction\":[{\"@type\":\"ReadAction\",\"target\":[\"https:\/\/exceladvisor.org\/pt\/menor-valor-2\/\"]}]},{\"@type\":\"ImageObject\",\"inLanguage\":\"pt-PT\",\"@id\":\"https:\/\/exceladvisor.org\/pt\/menor-valor-2\/#primaryimage\",\"url\":\"https:\/\/exceladvisor.org\/wp-content\/uploads\/2023\/08\/1-trouver-la-plus-petite-valeur.png\",\"contentUrl\":\"https:\/\/exceladvisor.org\/wp-content\/uploads\/2023\/08\/1-trouver-la-plus-petite-valeur.png\"},{\"@type\":\"BreadcrumbList\",\"@id\":\"https:\/\/exceladvisor.org\/pt\/menor-valor-2\/#breadcrumb\",\"itemListElement\":[{\"@type\":\"ListItem\",\"position\":1,\"name\":\"Lar\",\"item\":\"https:\/\/exceladvisor.org\/pt\/\"},{\"@type\":\"ListItem\",\"position\":2,\"name\":\"Como encontrar o menor valor em uma coluna?\"}]},{\"@type\":\"WebSite\",\"@id\":\"https:\/\/exceladvisor.org\/pt\/#website\",\"url\":\"https:\/\/exceladvisor.org\/pt\/\",\"name\":\"Excel Advisor\",\"description\":\"O seu guia definitivo para dominar os dados!\",\"publisher\":{\"@id\":\"https:\/\/exceladvisor.org\/pt\/#organization\"},\"potentialAction\":[{\"@type\":\"SearchAction\",\"target\":{\"@type\":\"EntryPoint\",\"urlTemplate\":\"https:\/\/exceladvisor.org\/pt\/?s={search_term_string}\"},\"query-input\":{\"@type\":\"PropertyValueSpecification\",\"valueRequired\":true,\"valueName\":\"search_term_string\"}}],\"inLanguage\":\"pt-PT\"},{\"@type\":\"Organization\",\"@id\":\"https:\/\/exceladvisor.org\/pt\/#organization\",\"name\":\"Excel Advisor\",\"url\":\"https:\/\/exceladvisor.org\/pt\/\",\"logo\":{\"@type\":\"ImageObject\",\"inLanguage\":\"pt-PT\",\"@id\":\"https:\/\/exceladvisor.org\/pt\/#\/schema\/logo\/image\/\",\"url\":\"https:\/\/exceladvisor.org\/pt\/wp-content\/uploads\/2023\/12\/exceladvisor.org_.png\",\"contentUrl\":\"https:\/\/exceladvisor.org\/pt\/wp-content\/uploads\/2023\/12\/exceladvisor.org_.png\",\"width\":105,\"height\":36,\"caption\":\"Excel Advisor\"},\"image\":{\"@id\":\"https:\/\/exceladvisor.org\/pt\/#\/schema\/logo\/image\/\"}}]}<\/script>\n<!-- \/ Yoast SEO plugin. -->","yoast_head_json":{"title":"\u25b7 Como encontrar o menor valor em uma coluna?","description":"Este tutorial ensinar\u00e1 como escrever f\u00f3rmulas do Excel usando fun\u00e7\u00f5es PEQUENAS para obter o menor valor em um intervalo.","robots":{"index":"index","follow":"follow","max-snippet":"max-snippet:-1","max-image-preview":"max-image-preview:large","max-video-preview":"max-video-preview:-1"},"canonical":"https:\/\/exceladvisor.org\/pt\/menor-valor-2\/","og_locale":"pt_PT","og_type":"article","og_title":"\u25b7 Como encontrar o menor valor em uma coluna?","og_description":"Este tutorial ensinar\u00e1 como escrever f\u00f3rmulas do Excel usando fun\u00e7\u00f5es PEQUENAS para obter o menor valor em um intervalo.","og_url":"https:\/\/exceladvisor.org\/pt\/menor-valor-2\/","og_site_name":"Excel Advisor","article_modified_time":"2023-12-06T11:37:33+00:00","og_image":[{"url":"https:\/\/exceladvisor.org\/wp-content\/uploads\/2023\/08\/1-trouver-la-plus-petite-valeur.png","type":"","width":"","height":""}],"twitter_card":"summary_large_image","twitter_misc":{"Tempo estimado de leitura":"1 minuto"},"schema":{"@context":"https:\/\/schema.org","@graph":[{"@type":"WebPage","@id":"https:\/\/exceladvisor.org\/pt\/menor-valor-2\/","url":"https:\/\/exceladvisor.org\/pt\/menor-valor-2\/","name":"\u25b7 Como encontrar o menor valor em uma coluna?","isPartOf":{"@id":"https:\/\/exceladvisor.org\/pt\/#website"},"primaryImageOfPage":{"@id":"https:\/\/exceladvisor.org\/pt\/menor-valor-2\/#primaryimage"},"image":{"@id":"https:\/\/exceladvisor.org\/pt\/menor-valor-2\/#primaryimage"},"thumbnailUrl":"https:\/\/exceladvisor.org\/wp-content\/uploads\/2023\/08\/1-trouver-la-plus-petite-valeur.png","datePublished":"2023-11-12T14:42:32+00:00","dateModified":"2023-12-06T11:37:33+00:00","description":"Este tutorial ensinar\u00e1 como escrever f\u00f3rmulas do Excel usando fun\u00e7\u00f5es PEQUENAS para obter o menor valor em um intervalo.","breadcrumb":{"@id":"https:\/\/exceladvisor.org\/pt\/menor-valor-2\/#breadcrumb"},"inLanguage":"pt-PT","potentialAction":[{"@type":"ReadAction","target":["https:\/\/exceladvisor.org\/pt\/menor-valor-2\/"]}]},{"@type":"ImageObject","inLanguage":"pt-PT","@id":"https:\/\/exceladvisor.org\/pt\/menor-valor-2\/#primaryimage","url":"https:\/\/exceladvisor.org\/wp-content\/uploads\/2023\/08\/1-trouver-la-plus-petite-valeur.png","contentUrl":"https:\/\/exceladvisor.org\/wp-content\/uploads\/2023\/08\/1-trouver-la-plus-petite-valeur.png"},{"@type":"BreadcrumbList","@id":"https:\/\/exceladvisor.org\/pt\/menor-valor-2\/#breadcrumb","itemListElement":[{"@type":"ListItem","position":1,"name":"Lar","item":"https:\/\/exceladvisor.org\/pt\/"},{"@type":"ListItem","position":2,"name":"Como encontrar o menor valor em uma coluna?"}]},{"@type":"WebSite","@id":"https:\/\/exceladvisor.org\/pt\/#website","url":"https:\/\/exceladvisor.org\/pt\/","name":"Excel Advisor","description":"O seu guia definitivo para dominar os dados!","publisher":{"@id":"https:\/\/exceladvisor.org\/pt\/#organization"},"potentialAction":[{"@type":"SearchAction","target":{"@type":"EntryPoint","urlTemplate":"https:\/\/exceladvisor.org\/pt\/?s={search_term_string}"},"query-input":{"@type":"PropertyValueSpecification","valueRequired":true,"valueName":"search_term_string"}}],"inLanguage":"pt-PT"},{"@type":"Organization","@id":"https:\/\/exceladvisor.org\/pt\/#organization","name":"Excel Advisor","url":"https:\/\/exceladvisor.org\/pt\/","logo":{"@type":"ImageObject","inLanguage":"pt-PT","@id":"https:\/\/exceladvisor.org\/pt\/#\/schema\/logo\/image\/","url":"https:\/\/exceladvisor.org\/pt\/wp-content\/uploads\/2023\/12\/exceladvisor.org_.png","contentUrl":"https:\/\/exceladvisor.org\/pt\/wp-content\/uploads\/2023\/12\/exceladvisor.org_.png","width":105,"height":36,"caption":"Excel Advisor"},"image":{"@id":"https:\/\/exceladvisor.org\/pt\/#\/schema\/logo\/image\/"}}]}},"yoast_meta":{"yoast_wpseo_title":"","yoast_wpseo_metadesc":"","yoast_wpseo_canonical":""},"_links":{"self":[{"href":"https:\/\/exceladvisor.org\/pt\/wp-json\/wp\/v2\/pages\/194","targetHints":{"allow":["GET"]}}],"collection":[{"href":"https:\/\/exceladvisor.org\/pt\/wp-json\/wp\/v2\/pages"}],"about":[{"href":"https:\/\/exceladvisor.org\/pt\/wp-json\/wp\/v2\/types\/page"}],"author":[{"embeddable":true,"href":"https:\/\/exceladvisor.org\/pt\/wp-json\/wp\/v2\/users\/1"}],"replies":[{"embeddable":true,"href":"https:\/\/exceladvisor.org\/pt\/wp-json\/wp\/v2\/comments?post=194"}],"version-history":[{"count":1,"href":"https:\/\/exceladvisor.org\/pt\/wp-json\/wp\/v2\/pages\/194\/revisions"}],"predecessor-version":[{"id":1048,"href":"https:\/\/exceladvisor.org\/pt\/wp-json\/wp\/v2\/pages\/194\/revisions\/1048"}],"wp:attachment":[{"href":"https:\/\/exceladvisor.org\/pt\/wp-json\/wp\/v2\/media?parent=194"}],"curies":[{"name":"wp","href":"https:\/\/api.w.org\/{rel}","templated":true}]}}