{"id":195,"date":"2023-11-12T14:09:55","date_gmt":"2023-11-12T14:09:55","guid":{"rendered":"https:\/\/exceladvisor.org\/pt\/contar-celulas-com-texto\/"},"modified":"2023-12-06T11:35:33","modified_gmt":"2023-12-06T11:35:33","slug":"contar-celulas-com-texto","status":"publish","type":"page","link":"https:\/\/exceladvisor.org\/pt\/contar-celulas-com-texto\/","title":{"rendered":"Como contar c\u00e9lulas com texto no excel?"},"content":{"rendered":"<div class=\"excel-before-content-2\" id=\"excel-2237163957\"><script type=\"text\/javascript\">\r\n\tatOptions = {\r\n\t\t'key' : 'c1158f160081d6540a8409e6925dab94',\r\n\t\t'format' : 'iframe',\r\n\t\t'height' : 250,\r\n\t\t'width' : 300,\r\n\t\t'params' : {}\r\n\t};\r\n<\/script>\r\n<script type=\"text\/javascript\" src=\"\/\/www.highperformanceformat.com\/c1158f160081d6540a8409e6925dab94\/invoke.js\"><\/script><\/div><div class=\"excel-before-content\" id=\"excel-3822586845\"><script type=\"text\/javascript\">\r\n\tatOptions = {\r\n\t\t'key' : 'c1158f160081d6540a8409e6925dab94',\r\n\t\t'format' : 'iframe',\r\n\t\t'height' : 250,\r\n\t\t'width' : 300,\r\n\t\t'params' : {}\r\n\t};\r\n<\/script>\r\n<script type=\"text\/javascript\" src=\"\/\/www.highperformanceformat.com\/c1158f160081d6540a8409e6925dab94\/invoke.js\"><\/script><\/div> <p>Na semana passada, um de meus leitores me pediu uma f\u00f3rmula simples que ele pudesse usar para contar c\u00e9lulas com texto. Basicamente, ele estava tentando descobrir qual \u00e9 o melhor m\u00e9todo a ser usado.<\/p><p> Mas se voc\u00ea pensar sobre isso por um segundo. No Excel voc\u00ea tem f\u00f3rmulas diferentes para contar todas as c\u00e9lulas onde h\u00e1 valores de texto. Mas a quest\u00e3o \u00e9 qual voc\u00ea deve usar.<\/p><p> Acho que depende da situa\u00e7\u00e3o. Uma coisa que voc\u00ea precisa entender aqui \u00e9 que c\u00e9lulas com texto significam quaisquer c\u00e9lulas onde n\u00e3o haja n\u00fameros, c\u00e9lulas em branco ou erros.<\/p><p> Hoje neste artigo gostaria de compartilhar 6 maneiras diferentes de contar c\u00e9lulas com texto em diferentes situa\u00e7\u00f5es.<\/p><h2 id=\"tab-con-1\" class=\"wp-block-heading\"> 1. CONT.SE com curingas para contar c\u00e9lulas com valores de texto<\/h2><p> A melhor f\u00f3rmula para contar c\u00e9lulas com texto \u00e9 CONT.SE com um <a href=\"https:\/\/exceladvisor.org\/pt\/curingas-2\/\" data-wpil=\"url\">curinga<\/a> (* \u2013 Asterisco). Na tabela de dados abaixo, voc\u00ea tem uma lista de nomes e n\u00fameros de celulares em uma \u00fanica coluna. E desta lista voc\u00ea precisa contar o n\u00famero de c\u00e9lulas com nomes (texto). A f\u00f3rmula ser\u00e1: <\/p><pre class=\"wp-block-code\"> <code class=\"language-excel-formula\" lang=\"excel-formula\">=COUNTIF(A2:A20,\"*\")<\/code><\/pre><div class=\"wp-block-image\"><figure class=\"aligncenter size-full\"><img decoding=\"async\" class=\"wp-image-12935\" src=\"https:\/\/exceladvisor.org\/wp-content\/uploads\/2023\/08\/1-compter-les-cellules-avec-du-texte-en-utilisant-countif-et-astrisk-min-1.png\" sizes=\"\" srcset=\"\" alt=\"contar c\u00e9lulas com texto usando countif e astrisk-min\"><\/figure><\/div><p> Ao inseri-lo, ele retornar\u00e1 o n\u00famero de c\u00e9lulas apenas com texto.<\/p><h3 class=\"wp-block-heading\"> \u00c9 assim que esta f\u00f3rmula funciona<\/h3><p> Aqui usamos CONT.SE para contar c\u00e9lulas com crit\u00e9rios espec\u00edficos e para crit\u00e9rios usamos asterisco. Quando voc\u00ea usa um asterisco, ele conta c\u00e9lulas contendo qualquer n\u00famero de caracteres que n\u00e3o sejam valores l\u00f3gicos, n\u00fameros (se n\u00e3o forem inseridos como texto) e erros.<\/p><p class=\"qt-tip\"> <strong>Nota:<\/strong> Se houver c\u00e9lulas onde <a style=\"outline: none;\" href=\"https:\/\/exceladvisor.org\/pt\/remover-espacos-extras\/\" target=\"_blank\" rel=\"noopener noreferrer\">voc\u00ea tenha apenas espa\u00e7os em branco<\/a> , isso ser\u00e1 contado como texto. Ent\u00e3o, para isso voc\u00ea pode modificar sua f\u00f3rmula assim.<\/p><pre class=\"wp-block-code\"> <code class=\"language-excel-formula\" lang=\"excel-formula\">=COUNTIFS(A2:A20,\"*\",A2:A20,\"&lt;&gt; \")<\/code><\/pre><h2 id=\"tab-con-2\" class=\"wp-block-heading\"> 2. SUMPRODUCT e ISTEXT para contar o n\u00famero de c\u00e9lulas com texto<\/h2><p> Para contar o n\u00famero de c\u00e9lulas que cont\u00eam texto, voc\u00ea tamb\u00e9m pode criar uma f\u00f3rmula combinando SUMPRODUCT e ISTEXT. E a f\u00f3rmula ser\u00e1: <\/p><pre class=\"wp-block-code\"> <code class=\"language-excel-formula\" lang=\"excel-formula\">=SUMPRODUCT(--ISTEXT(A2:A20))<\/code><\/pre><p class=\"has-text-align-center\"><img loading=\"lazy\" decoding=\"async\" src=\"https:\/\/exceladvisor.org\/wp-content\/uploads\/2023\/08\/2-compter-les-cellules-avec-du-texte-en-utilisant-sumproduct-et-istext-min-1.png\" sizes=\"auto, \" srcset=\"\" alt=\"\" width=\"486\" height=\"336\" data-attachment-id=\"12936\"><\/p><p> Ao inseri-lo, ele retornar\u00e1 o n\u00famero de c\u00e9lulas que cont\u00eam texto.<\/p><h3 class=\"wp-block-heading\"> \u00c9 assim que esta f\u00f3rmula funciona<\/h3><p> Para entender esta f\u00f3rmula, \u00e9 necess\u00e1rio dividi-la em tr\u00eas partes diferentes.<\/p><p> <strong>Primeiro,<\/strong> voc\u00ea usou ISTEXT para verificar se uma c\u00e9lula cont\u00e9m texto ou n\u00e3o. Aqui ISTEXT <strong>retorna um array<\/strong> onde para todas as c\u00e9lulas em que voc\u00ea tem TRUE para c\u00e9lulas com texto e FALSE para todas as outras c\u00e9lulas. <\/p><div class=\"wp-block-image\"><figure class=\"aligncenter\"><img decoding=\"async\" src=\"https:\/\/exceladvisor.org\/wp-content\/uploads\/2023\/08\/3-compter-les-cellules-avec-du-texte-en-utilisant-sumproduct-et-istext-true-false-array-min-1.png\" sizes=\"\" srcset=\"\" alt=\"\"><\/figure><\/div><p> <strong>Segundo,<\/strong> voc\u00ea adiciona um sinal de menos duplo para converter a matriz TRUE\/FALSE em 1\/0. Agora para todas as c\u00e9lulas com texto voc\u00ea tem 1 e 0 para todas as outras. <\/p><div class=\"wp-block-image is-style-default\"><figure class=\"aligncenter\"><img decoding=\"async\" src=\"https:\/\/exceladvisor.org\/wp-content\/uploads\/2023\/08\/4-cellules-de-comptage-avec-du-texte-en-utilisant-sumproduct-et-istext-un-tableau-zero-min-1.png\" sizes=\"\" srcset=\"\" alt=\"\"><\/figure><\/div><p> <strong>Terceiro,<\/strong> voc\u00ea usou SUMPRODUCT para somar esse array. E esta soma \u00e9 o n\u00famero de c\u00e9lulas que cont\u00eam texto. <\/p><div class=\"wp-block-image\"><figure class=\"aligncenter\"><img decoding=\"async\" src=\"https:\/\/exceladvisor.org\/wp-content\/uploads\/2023\/08\/5-compter-les-cellules-avec-du-texte-en-utilisant-sumproduct-et-istext-un-zero-somme-min-1.png\" sizes=\"\" srcset=\"\" alt=\"\"><\/figure><\/div><p> Usar SUMPRODUCT aqui tem a vantagem de n\u00e3o precisar inserir suas f\u00f3rmulas em forma de tabela.<\/p><h2 class=\"wp-block-heading\"> 3. F\u00f3rmula para contagem de c\u00e9lulas com texto espec\u00edfico<\/h2><p> Agora vamos cavar um pouco mais fundo. Suponha que voc\u00ea precise contar c\u00e9lulas onde h\u00e1 um texto espec\u00edfico. Aqui est\u00e1 um exemplo. Na tabela de dados abaixo, voc\u00ea precisa contar a c\u00e9lula onde est\u00e1 \u201cJo\u00e3o\u201d. E para isso a f\u00f3rmula ser\u00e1: <\/p><pre class=\"wp-block-code\"> <code class=\"language-excel-formula\" lang=\"excel-formula\">=COUNTIF(A2:A20,\"John\")<\/code><\/pre><p class=\"has-text-align-center\"><img loading=\"lazy\" decoding=\"async\" src=\"https:\/\/exceladvisor.org\/wp-content\/uploads\/2023\/08\/6-cellules-de-comptage-avec-texte-specifique-avec-countif-min-1.png\" sizes=\"auto, \" srcset=\"\" alt=\"\" width=\"431\" height=\"313\" data-attachment-id=\"12940\"><\/p><p> Esta f\u00f3rmula retornar\u00e1 o n\u00famero de c\u00e9lulas onde o texto que voc\u00ea especificou est\u00e1 localizado.<\/p><h2 class=\"wp-block-heading\"> 4. C\u00e9lulas com texto parcial<\/h2><p> Isso \u00e0s vezes acontece quando voc\u00ea precisa contar c\u00e9lulas combinando texto parcial. E COUNTIF e curingas podem ajud\u00e1-lo com isso.<\/p><p> Veja a tabela abaixo onde temos o nome do produto e os n\u00fameros da fatura combinados. E a partir da\u00ed voc\u00ea precisa contar o n\u00famero de c\u00e9lulas com \u201cProduto-A\u201d. Utilize a f\u00f3rmula abaixo: <\/p><pre class=\"wp-block-code\"> <code class=\"language-excel-formula\" lang=\"excel-formula\">=COUNTIF(A2:A20,\"Product-A*\")<\/code><\/pre><p class=\"has-text-align-center\"><img loading=\"lazy\" decoding=\"async\" src=\"https:\/\/exceladvisor.org\/wp-content\/uploads\/2023\/08\/7-cellules-de-comptage-avec-texte-specifique-partiel-specifique-countif-asterisque-min-1.png\" sizes=\"auto, \" srcset=\"\" alt=\"\" width=\"462\" height=\"312\" data-attachment-id=\"12941\"><\/p><p> Esta f\u00f3rmula retornar\u00e1 o n\u00famero de c\u00e9lulas onde voc\u00ea tem \u201cProduto-A\u201d.<\/p><h2 class=\"wp-block-heading\"> 5. Texto com distin\u00e7\u00e3o entre mai\u00fasculas e min\u00fasculas<\/h2><p> Agora, aqui est\u00e1 uma coisa diferente. Voc\u00ea precisa contar c\u00e9lulas com texto espec\u00edfico e este deve ser um n\u00famero que diferencia mai\u00fasculas de min\u00fasculas.<\/p><p> Na tabela abaixo, voc\u00ea precisa contar as c\u00e9lulas com o nome \u201cJO\u00c3O\u201d, mas aqui voc\u00ea tem o mesmo nome em letras min\u00fasculas, mas o n\u00famero deve estar em mai\u00fasculas.<\/p><p> Para isso, voc\u00ea pode combinar SUMPRODUCT com EXACT. <\/p><pre class=\"wp-block-code\"> <code class=\"language-excel-formula\" lang=\"excel-formula\">=SUMPRODUCT(--EXACT(\"JOHN\",A1:A20))<\/code><\/pre><p class=\"has-text-align-center\"><img loading=\"lazy\" decoding=\"async\" src=\"https:\/\/exceladvisor.org\/wp-content\/uploads\/2023\/08\/8-cellules-de-comptage-avec-texte-min-exact-1.png\" sizes=\"auto, \" srcset=\"\" alt=\"\" width=\"526\" height=\"323\" data-attachment-id=\"12942\"><\/p><p> Ele retornar\u00e1 o n\u00famero de c\u00e9lulas onde voc\u00ea tem \u201cJOHN\u201d.<\/p><h3 class=\"wp-block-heading\"> Como funciona essa f\u00f3rmula?<\/h3><p> Para entender esta f\u00f3rmula, \u00e9 necess\u00e1rio dividi-la em tr\u00eas partes diferentes.<\/p><p> Primeiro, voc\u00ea usou EXACT para comparar todo o intervalo de c\u00e9lulas com o texto \u201cJOHN\u201d. Ele retorna um array onde voc\u00ea tem TRUE para c\u00e9lulas onde &#8220;JOHN&#8221;, ignorando &#8220;john&#8221;, &#8220;John&#8221; e todas as outras c\u00e9lulas. <\/p><div class=\"wp-block-image\"><figure class=\"aligncenter\"><img decoding=\"async\" src=\"https:\/\/exceladvisor.org\/wp-content\/uploads\/2023\/08\/9-cellules-de-comptage-avec-texte-exact-vrai-faux-tableau-min-1.png\" sizes=\"\" srcset=\"\" alt=\"\"><\/figure><\/div><p> Segundo, voc\u00ea adiciona um sinal de menos duplo para converter essa matriz VERDADEIRO\/FALSO em 1\/0. Agora para todas as c\u00e9lulas com \u201cJO\u00c3O\u201d voc\u00ea tem 1 e 0 para todas as outras. <\/p><div class=\"wp-block-image\"><figure class=\"aligncenter\"><img decoding=\"async\" src=\"https:\/\/exceladvisor.org\/wp-content\/uploads\/2023\/08\/10-cellules-de-comptage-avec-texte-exact-un-zero-tableau-min-1.png\" sizes=\"\" srcset=\"\" alt=\"contar c\u00e9lulas-com-texto-exato-um-zero-array-min\"><\/figure><\/div><p> Terceiro, voc\u00ea usou SUMPRODUCT para somar esse array. E essa soma \u00e9 o n\u00famero de c\u00e9lulas que cont\u00e9m \u201cJO\u00c3O\u201d. <\/p><div class=\"wp-block-image\"><figure class=\"aligncenter\"><img decoding=\"async\" src=\"https:\/\/exceladvisor.org\/wp-content\/uploads\/2023\/08\/11-cellules-de-comptage-avec-tableau-de-somme-exacte-de-texte-min-1.png\" sizes=\"\" srcset=\"\" alt=\"\"><\/figure><\/div><h2 class=\"wp-block-heading\"> 5. VBA para contar c\u00e9lulas com texto<\/h2><p> Usar c\u00f3digo de macro economiza muito tempo. Os c\u00f3digos abaixo ir\u00e3o ajud\u00e1-lo a contar o n\u00famero de c\u00e9lulas com texto na sele\u00e7\u00e3o e em toda a planilha.<\/p><h3 class=\"wp-block-heading\"> Para sele\u00e7\u00e3o:<\/h3><pre class=\"wp-block-code\"> <code class=\"language-visual-basic line-numbers\" lang=\"visual-basic\">Sub countTextSelection() Dim rng As Range Dim i As Integer For Each rng In Selection If Application.WorksheetFunction.IsText(rng) Then i = i + 1 End If Next rng MsgBox i End Sub<\/code><\/pre><h3 class=\"wp-block-heading\"> Planilha inteira:<\/h3><pre class=\"wp-block-code\"> <code class=\"language-visual-basic line-numbers\" lang=\"visual-basic\">Sub countTextWorksheet() Dim rng As Range Dim i As Integer For Each rng In ActiveSheet.UsedRange If Application.WorksheetFunction.IsText(rng) Then i = i + 1 End If Next rng MsgBox i End Sub<\/code><\/pre><p> <em>Relacionado: <a href=\"https:\/\/exceladvisor.org\/pt\/vba\/\">O que \u00e9 VBA no Excel<\/a><\/em><\/p><h2 class=\"wp-block-heading\"> Conclus\u00e3o<\/h2><p> Tenho certeza de que todos esses m\u00e9todos s\u00e3o suficientes para voc\u00ea contar c\u00e9lulas com texto em uma determinada situa\u00e7\u00e3o. Voc\u00ea pode usar qualquer um dos m\u00e9todos que achar perfeitos para voc\u00ea.<\/p><p> Para a maioria das situa\u00e7\u00f5es, o primeiro m\u00e9todo \u00e9 aplic\u00e1vel sem problemas. Mas, se quiser ir mais longe, voc\u00ea pode usar outros m\u00e9todos. Para mim, o VBA economiza muito tempo porque n\u00e3o preciso aplicar f\u00f3rmulas. Agora \u00e9 sua vez de me contar uma coisa.<\/p><p> <strong>Voc\u00ea tem outro m\u00e9todo que possamos usar para contar o n\u00famero de c\u00e9lulas com texto?<\/strong><\/p><p> Certifique-se de compartilhar suas id\u00e9ias comigo na se\u00e7\u00e3o de coment\u00e1rios, eu adoraria ouvir de voc\u00ea. E n\u00e3o esque\u00e7a de compartilhar esse post com seus amigos, tenho certeza que eles v\u00e3o gostar. <\/p><div class=\"gb-container gb-container-52dfcee1 gb-container-sample-file\"><h2 class=\"gb-headline gb-headline-e289c143 gb-headline-text gb-headline-4f7959c2\"> Obtenha o arquivo Excel<\/h2><p> <a class=\"gb-button gb-button-e88d6bee gb-button-text gb-button-button1\" href=\"https:\/\/exceladvisor.org\/wp-content\/uploads\/2023\/08\/compter-les-cellules-avec-du-texte-2.xlsx\" rel=\"nofollow\">Download<\/a><\/p><\/div><div class=\"gb-container gb-container-0df56012 gb-container-mt\"> <a class=\"gb-button gb-button-f9f432f4 gb-button-text gb-button-mt-button\" href=\"https:\/\/exceladvisor.org\/pt\/formulas\/\">Lista de f\u00f3rmulas do Excel<\/a><h2 class=\"gb-headline gb-headline-233444e8 gb-headline-text gb-headline-mt-heading\"> F\u00f3rmulas relacionadas <\/h2><div class=\"gb-grid-wrapper gb-grid-wrapper-a16fa65c gb-grid-wrapper-mt-grid\"><div class=\"gb-grid-column gb-grid-column-50d07e0d\"><div class=\"gb-container gb-container-50d07e0d\"><ul><li> <a href=\"https:\/\/exceladvisor.org\/pt\/contar-caracteres-especificos\/\">Conte caracteres espec\u00edficos no Excel<\/a><\/li><li> <a href=\"https:\/\/exceladvisor.org\/pt\/contar-o-numero-total-de-celulas\/\">Conte o n\u00famero total de c\u00e9lulas em um intervalo no Excel<\/a><\/li><li> <a href=\"https:\/\/exceladvisor.org\/pt\/contar-valores-unicos-1\/\">Conte valores \u00fanicos no Excel<\/a><\/li><li> <a href=\"https:\/\/exceladvisor.org\/pt\/conte-as-palavras\/\">Conte palavras no Excel<\/a><\/li><li> <a href=\"https:\/\/exceladvisor.org\/pt\/contar-linhas-filtradas\/\">Contar linhas filtradas no Excel<\/a><\/li><li> <a href=\"https:\/\/exceladvisor.org\/pt\/contar-linhas-2\/\">Contar linhas (todas, vazias, n\u00e3o vazias e com n\u00fameros)<\/a> <\/li><\/ul><\/div><\/div><div class=\"gb-grid-column gb-grid-column-5b4a0cf9\"><div class=\"gb-container gb-container-5b4a0cf9\"><\/div><\/div><\/div><\/div>","protected":false},"excerpt":{"rendered":"","protected":false},"author":1,"featured_media":0,"parent":0,"menu_order":0,"comment_status":"open","ping_status":"closed","template":"","meta":{"ub_ctt_via":"","footnotes":""},"class_list":["post-195","page","type-page","status-publish","hentry"],"featured_image_src":null,"yoast_head":"<!-- This site is optimized with the Yoast SEO plugin v25.4 - https:\/\/yoast.com\/wordpress\/plugins\/seo\/ -->\n<title>\u25b7 Como contar c\u00e9lulas com texto no Excel?<\/title>\n<meta name=\"description\" content=\"A contagem do n\u00famero de c\u00e9lulas com texto pode ser feita por diferentes m\u00e9todos em diferentes situa\u00e7\u00f5es. E listei 6...\" \/>\n<meta name=\"robots\" content=\"index, follow, max-snippet:-1, max-image-preview:large, max-video-preview:-1\" \/>\n<link rel=\"canonical\" href=\"https:\/\/exceladvisor.org\/pt\/contar-celulas-com-texto\/\" \/>\n<meta property=\"og:locale\" content=\"pt_PT\" \/>\n<meta property=\"og:type\" content=\"article\" \/>\n<meta property=\"og:title\" content=\"\u25b7 Como contar c\u00e9lulas com texto no Excel?\" \/>\n<meta property=\"og:description\" content=\"A contagem do n\u00famero de c\u00e9lulas com texto pode ser feita por diferentes m\u00e9todos em diferentes situa\u00e7\u00f5es. E listei 6...\" \/>\n<meta property=\"og:url\" content=\"https:\/\/exceladvisor.org\/pt\/contar-celulas-com-texto\/\" \/>\n<meta property=\"og:site_name\" content=\"Excel Advisor\" \/>\n<meta property=\"article:modified_time\" content=\"2023-12-06T11:35:33+00:00\" \/>\n<meta property=\"og:image\" content=\"https:\/\/exceladvisor.org\/wp-content\/uploads\/2023\/08\/1-compter-les-cellules-avec-du-texte-en-utilisant-countif-et-astrisk-min-1.png\" \/>\n<meta name=\"twitter:card\" content=\"summary_large_image\" \/>\n<meta name=\"twitter:label1\" content=\"Tempo estimado de leitura\" \/>\n\t<meta name=\"twitter:data1\" content=\"6 minutos\" \/>\n<script type=\"application\/ld+json\" class=\"yoast-schema-graph\">{\"@context\":\"https:\/\/schema.org\",\"@graph\":[{\"@type\":\"WebPage\",\"@id\":\"https:\/\/exceladvisor.org\/pt\/contar-celulas-com-texto\/\",\"url\":\"https:\/\/exceladvisor.org\/pt\/contar-celulas-com-texto\/\",\"name\":\"\u25b7 Como contar c\u00e9lulas com texto no Excel?\",\"isPartOf\":{\"@id\":\"https:\/\/exceladvisor.org\/pt\/#website\"},\"primaryImageOfPage\":{\"@id\":\"https:\/\/exceladvisor.org\/pt\/contar-celulas-com-texto\/#primaryimage\"},\"image\":{\"@id\":\"https:\/\/exceladvisor.org\/pt\/contar-celulas-com-texto\/#primaryimage\"},\"thumbnailUrl\":\"https:\/\/exceladvisor.org\/wp-content\/uploads\/2023\/08\/1-compter-les-cellules-avec-du-texte-en-utilisant-countif-et-astrisk-min-1.png\",\"datePublished\":\"2023-11-12T14:09:55+00:00\",\"dateModified\":\"2023-12-06T11:35:33+00:00\",\"description\":\"A contagem do n\u00famero de c\u00e9lulas com texto pode ser feita por diferentes m\u00e9todos em diferentes situa\u00e7\u00f5es. E listei 6...\",\"breadcrumb\":{\"@id\":\"https:\/\/exceladvisor.org\/pt\/contar-celulas-com-texto\/#breadcrumb\"},\"inLanguage\":\"pt-PT\",\"potentialAction\":[{\"@type\":\"ReadAction\",\"target\":[\"https:\/\/exceladvisor.org\/pt\/contar-celulas-com-texto\/\"]}]},{\"@type\":\"ImageObject\",\"inLanguage\":\"pt-PT\",\"@id\":\"https:\/\/exceladvisor.org\/pt\/contar-celulas-com-texto\/#primaryimage\",\"url\":\"https:\/\/exceladvisor.org\/wp-content\/uploads\/2023\/08\/1-compter-les-cellules-avec-du-texte-en-utilisant-countif-et-astrisk-min-1.png\",\"contentUrl\":\"https:\/\/exceladvisor.org\/wp-content\/uploads\/2023\/08\/1-compter-les-cellules-avec-du-texte-en-utilisant-countif-et-astrisk-min-1.png\"},{\"@type\":\"BreadcrumbList\",\"@id\":\"https:\/\/exceladvisor.org\/pt\/contar-celulas-com-texto\/#breadcrumb\",\"itemListElement\":[{\"@type\":\"ListItem\",\"position\":1,\"name\":\"Lar\",\"item\":\"https:\/\/exceladvisor.org\/pt\/\"},{\"@type\":\"ListItem\",\"position\":2,\"name\":\"Como contar c\u00e9lulas com texto no excel?\"}]},{\"@type\":\"WebSite\",\"@id\":\"https:\/\/exceladvisor.org\/pt\/#website\",\"url\":\"https:\/\/exceladvisor.org\/pt\/\",\"name\":\"Excel Advisor\",\"description\":\"O seu guia definitivo para dominar os dados!\",\"publisher\":{\"@id\":\"https:\/\/exceladvisor.org\/pt\/#organization\"},\"potentialAction\":[{\"@type\":\"SearchAction\",\"target\":{\"@type\":\"EntryPoint\",\"urlTemplate\":\"https:\/\/exceladvisor.org\/pt\/?s={search_term_string}\"},\"query-input\":{\"@type\":\"PropertyValueSpecification\",\"valueRequired\":true,\"valueName\":\"search_term_string\"}}],\"inLanguage\":\"pt-PT\"},{\"@type\":\"Organization\",\"@id\":\"https:\/\/exceladvisor.org\/pt\/#organization\",\"name\":\"Excel Advisor\",\"url\":\"https:\/\/exceladvisor.org\/pt\/\",\"logo\":{\"@type\":\"ImageObject\",\"inLanguage\":\"pt-PT\",\"@id\":\"https:\/\/exceladvisor.org\/pt\/#\/schema\/logo\/image\/\",\"url\":\"https:\/\/exceladvisor.org\/pt\/wp-content\/uploads\/2023\/12\/exceladvisor.org_.png\",\"contentUrl\":\"https:\/\/exceladvisor.org\/pt\/wp-content\/uploads\/2023\/12\/exceladvisor.org_.png\",\"width\":105,\"height\":36,\"caption\":\"Excel Advisor\"},\"image\":{\"@id\":\"https:\/\/exceladvisor.org\/pt\/#\/schema\/logo\/image\/\"}}]}<\/script>\n<!-- \/ Yoast SEO plugin. -->","yoast_head_json":{"title":"\u25b7 Como contar c\u00e9lulas com texto no Excel?","description":"A contagem do n\u00famero de c\u00e9lulas com texto pode ser feita por diferentes m\u00e9todos em diferentes situa\u00e7\u00f5es. E listei 6...","robots":{"index":"index","follow":"follow","max-snippet":"max-snippet:-1","max-image-preview":"max-image-preview:large","max-video-preview":"max-video-preview:-1"},"canonical":"https:\/\/exceladvisor.org\/pt\/contar-celulas-com-texto\/","og_locale":"pt_PT","og_type":"article","og_title":"\u25b7 Como contar c\u00e9lulas com texto no Excel?","og_description":"A contagem do n\u00famero de c\u00e9lulas com texto pode ser feita por diferentes m\u00e9todos em diferentes situa\u00e7\u00f5es. E listei 6...","og_url":"https:\/\/exceladvisor.org\/pt\/contar-celulas-com-texto\/","og_site_name":"Excel Advisor","article_modified_time":"2023-12-06T11:35:33+00:00","og_image":[{"url":"https:\/\/exceladvisor.org\/wp-content\/uploads\/2023\/08\/1-compter-les-cellules-avec-du-texte-en-utilisant-countif-et-astrisk-min-1.png","type":"","width":"","height":""}],"twitter_card":"summary_large_image","twitter_misc":{"Tempo estimado de leitura":"6 minutos"},"schema":{"@context":"https:\/\/schema.org","@graph":[{"@type":"WebPage","@id":"https:\/\/exceladvisor.org\/pt\/contar-celulas-com-texto\/","url":"https:\/\/exceladvisor.org\/pt\/contar-celulas-com-texto\/","name":"\u25b7 Como contar c\u00e9lulas com texto no Excel?","isPartOf":{"@id":"https:\/\/exceladvisor.org\/pt\/#website"},"primaryImageOfPage":{"@id":"https:\/\/exceladvisor.org\/pt\/contar-celulas-com-texto\/#primaryimage"},"image":{"@id":"https:\/\/exceladvisor.org\/pt\/contar-celulas-com-texto\/#primaryimage"},"thumbnailUrl":"https:\/\/exceladvisor.org\/wp-content\/uploads\/2023\/08\/1-compter-les-cellules-avec-du-texte-en-utilisant-countif-et-astrisk-min-1.png","datePublished":"2023-11-12T14:09:55+00:00","dateModified":"2023-12-06T11:35:33+00:00","description":"A contagem do n\u00famero de c\u00e9lulas com texto pode ser feita por diferentes m\u00e9todos em diferentes situa\u00e7\u00f5es. E listei 6...","breadcrumb":{"@id":"https:\/\/exceladvisor.org\/pt\/contar-celulas-com-texto\/#breadcrumb"},"inLanguage":"pt-PT","potentialAction":[{"@type":"ReadAction","target":["https:\/\/exceladvisor.org\/pt\/contar-celulas-com-texto\/"]}]},{"@type":"ImageObject","inLanguage":"pt-PT","@id":"https:\/\/exceladvisor.org\/pt\/contar-celulas-com-texto\/#primaryimage","url":"https:\/\/exceladvisor.org\/wp-content\/uploads\/2023\/08\/1-compter-les-cellules-avec-du-texte-en-utilisant-countif-et-astrisk-min-1.png","contentUrl":"https:\/\/exceladvisor.org\/wp-content\/uploads\/2023\/08\/1-compter-les-cellules-avec-du-texte-en-utilisant-countif-et-astrisk-min-1.png"},{"@type":"BreadcrumbList","@id":"https:\/\/exceladvisor.org\/pt\/contar-celulas-com-texto\/#breadcrumb","itemListElement":[{"@type":"ListItem","position":1,"name":"Lar","item":"https:\/\/exceladvisor.org\/pt\/"},{"@type":"ListItem","position":2,"name":"Como contar c\u00e9lulas com texto no excel?"}]},{"@type":"WebSite","@id":"https:\/\/exceladvisor.org\/pt\/#website","url":"https:\/\/exceladvisor.org\/pt\/","name":"Excel Advisor","description":"O seu guia definitivo para dominar os dados!","publisher":{"@id":"https:\/\/exceladvisor.org\/pt\/#organization"},"potentialAction":[{"@type":"SearchAction","target":{"@type":"EntryPoint","urlTemplate":"https:\/\/exceladvisor.org\/pt\/?s={search_term_string}"},"query-input":{"@type":"PropertyValueSpecification","valueRequired":true,"valueName":"search_term_string"}}],"inLanguage":"pt-PT"},{"@type":"Organization","@id":"https:\/\/exceladvisor.org\/pt\/#organization","name":"Excel Advisor","url":"https:\/\/exceladvisor.org\/pt\/","logo":{"@type":"ImageObject","inLanguage":"pt-PT","@id":"https:\/\/exceladvisor.org\/pt\/#\/schema\/logo\/image\/","url":"https:\/\/exceladvisor.org\/pt\/wp-content\/uploads\/2023\/12\/exceladvisor.org_.png","contentUrl":"https:\/\/exceladvisor.org\/pt\/wp-content\/uploads\/2023\/12\/exceladvisor.org_.png","width":105,"height":36,"caption":"Excel Advisor"},"image":{"@id":"https:\/\/exceladvisor.org\/pt\/#\/schema\/logo\/image\/"}}]}},"yoast_meta":{"yoast_wpseo_title":"","yoast_wpseo_metadesc":"","yoast_wpseo_canonical":""},"_links":{"self":[{"href":"https:\/\/exceladvisor.org\/pt\/wp-json\/wp\/v2\/pages\/195","targetHints":{"allow":["GET"]}}],"collection":[{"href":"https:\/\/exceladvisor.org\/pt\/wp-json\/wp\/v2\/pages"}],"about":[{"href":"https:\/\/exceladvisor.org\/pt\/wp-json\/wp\/v2\/types\/page"}],"author":[{"embeddable":true,"href":"https:\/\/exceladvisor.org\/pt\/wp-json\/wp\/v2\/users\/1"}],"replies":[{"embeddable":true,"href":"https:\/\/exceladvisor.org\/pt\/wp-json\/wp\/v2\/comments?post=195"}],"version-history":[{"count":1,"href":"https:\/\/exceladvisor.org\/pt\/wp-json\/wp\/v2\/pages\/195\/revisions"}],"predecessor-version":[{"id":917,"href":"https:\/\/exceladvisor.org\/pt\/wp-json\/wp\/v2\/pages\/195\/revisions\/917"}],"wp:attachment":[{"href":"https:\/\/exceladvisor.org\/pt\/wp-json\/wp\/v2\/media?parent=195"}],"curies":[{"name":"wp","href":"https:\/\/api.w.org\/{rel}","templated":true}]}}