{"id":196,"date":"2023-11-12T14:04:35","date_gmt":"2023-11-12T14:04:35","guid":{"rendered":"https:\/\/exceladvisor.org\/pt\/retorne-os-primeiros-nomes-virgula-entre\/"},"modified":"2023-12-06T11:37:43","modified_gmt":"2023-12-06T11:37:43","slug":"retorne-os-primeiros-nomes-virgula-entre","status":"publish","type":"page","link":"https:\/\/exceladvisor.org\/pt\/retorne-os-primeiros-nomes-virgula-entre\/","title":{"rendered":"Como extrair nome e sobrenome com v\u00edrgula?"},"content":{"rendered":"<div class=\"excel-before-content-2\" id=\"excel-1294053584\"><script type=\"text\/javascript\">\r\n\tatOptions = {\r\n\t\t'key' : 'c1158f160081d6540a8409e6925dab94',\r\n\t\t'format' : 'iframe',\r\n\t\t'height' : 250,\r\n\t\t'width' : 300,\r\n\t\t'params' : {}\r\n\t};\r\n<\/script>\r\n<script type=\"text\/javascript\" src=\"\/\/www.highperformanceformat.com\/c1158f160081d6540a8409e6925dab94\/invoke.js\"><\/script><\/div><div class=\"excel-before-content\" id=\"excel-2463256687\"><script type=\"text\/javascript\">\r\n\tatOptions = {\r\n\t\t'key' : 'c1158f160081d6540a8409e6925dab94',\r\n\t\t'format' : 'iframe',\r\n\t\t'height' : 250,\r\n\t\t'width' : 300,\r\n\t\t'params' : {}\r\n\t};\r\n<\/script>\r\n<script type=\"text\/javascript\" src=\"\/\/www.highperformanceformat.com\/c1158f160081d6540a8409e6925dab94\/invoke.js\"><\/script><\/div> <p>Para transformar nomes e sobrenomes em nomes e sobrenomes no Excel, voc\u00ea precisa usar uma combina\u00e7\u00e3o das fun\u00e7\u00f5es MID, LEN e SEARCH. Neste tutorial, aprenderemos como escrever uma f\u00f3rmula para isso. <\/p><div class=\"wp-block-image\"><figure class=\"aligncenter size-full is-resized\"><img loading=\"lazy\" decoding=\"async\" class=\"aligncenter wp-image-12335 size-full\" src=\"https:\/\/exceladvisor.org\/wp-content\/uploads\/2023\/11\/Retournez-le-premier-amp.png\" alt=\"Devolva o primeiro &amp;amp;\" width=\"487\" height=\"301\" srcset=\"https:\/\/exceladvisor.org\/wp-content\/uploads\/2023\/11\/Retournez-le-premier-amp.png 487w, https:\/\/exceladvisor.org\/wp-content\/uploads\/2023\/11\/Retournez-le-premier-amp-300x185.png 300w\" sizes=\"auto, (max-width: 487px) 100vw, 487px\"><\/figure><\/div><h2 class=\"wp-block-heading\"> F\u00f3rmula Excel para alterar nomes e sobrenomes<\/h2><p> Voc\u00ea pode usar as seguintes etapas para escrever esta f\u00f3rmula:<\/p><ol><li> Primeiro, voc\u00ea precisa usar a fun\u00e7\u00e3o SEARCH para encontrar o espa\u00e7o que existe entre o nome e o sobrenome.<br><br><\/li><li> Depois disso, adicione um ao n\u00famero retornado pela pesquisa.<br><br><\/li><li> Ent\u00e3o voc\u00ea precisa usar a fun\u00e7\u00e3o LEN para obter o n\u00famero total de caracteres (nome e sobrenome). E adicione 1 a ele tamb\u00e9m.<br><br><\/li><li> Agora entre na fun\u00e7\u00e3o MID, e no primeiro argumento digite a c\u00e9lula A1 (onde voc\u00ea tem o nome) duas vezes combinando-a com uma v\u00edrgula e um espa\u00e7o.<br><br><\/li><li> A partir da\u00ed, no segundo e terceiro argumentos do MID, insira a fun\u00e7\u00e3o SEARCH e a fun\u00e7\u00e3o LEN (que escrevemos nas etapas anteriores), respectivamente.<br><br><\/li><li> No final, pressione Enter para obter o resultado.<\/li><\/ol><pre class=\"wp-block-code\"> <code class=\"language-excel-formula\" lang=\"excel-formula\">=MID(A1&amp;\", \"&amp;A1,SEARCH(\" \",A1)+1,LEN(A1)+1)<\/code><\/pre><h2 class=\"wp-block-heading\"> Como funciona essa f\u00f3rmula?<\/h2><p> Para entender esta f\u00f3rmula, \u00e9 necess\u00e1rio dividi-la em tr\u00eas partes. A fun\u00e7\u00e3o principal \u00e9 a fun\u00e7\u00e3o MID e temos tr\u00eas argumentos na fun\u00e7\u00e3o mid para definir, e \u00e9 por isso que voc\u00ea precisa dividir esta f\u00f3rmula em tr\u00eas partes para entend\u00ea-la.<\/p><p> Na <strong>PARTE UM<\/strong> temos o argumento textual do MID. E neste argumento, combinamos o nome e o sobrenome duas vezes usando uma v\u00edrgula e um espa\u00e7o.<\/p><p> Na <strong>PARTE DOIS<\/strong> voc\u00ea tem a fun\u00e7\u00e3o PESQUISAR que se refere \u00e0 c\u00e9lula A1 onde voc\u00ea tem os nomes (primeiro e \u00faltimo) e busca o espa\u00e7o nela e depois adiciona 1 nela. Desta forma voc\u00ea obt\u00e9m a posi\u00e7\u00e3o inicial do sobrenome da c\u00e9lula.<\/p><p> Na <strong>PARTE TR\u00caS<\/strong> , voc\u00ea tem a fun\u00e7\u00e3o LEN que conta o n\u00famero total de caracteres dos nomes originais (primeiro e \u00faltimo) e adiciona 1 a eles.<\/p><div class=\"wp-block-image\"><figure class=\"aligncenter size-full\"><\/figure><\/div><p> No final, a fun\u00e7\u00e3o MID obt\u00e9m o sobrenome do primeiro valor e o nome do segundo valor para fornecer o resultado da troca do nome e sobrenome por sobrenome e nome. <\/p><div class=\"gb-container gb-container-52dfcee1 gb-container-sample-file\"><h2 class=\"gb-headline gb-headline-e289c143 gb-headline-text gb-headline-4f7959c2\"> Obtenha o arquivo Excel<\/h2> <a href=\"https:\/\/exceladvisor.org\/wp-content\/uploads\/2023\/11\/changer-les-prenoms.xlsx\">Download<\/a><\/div><div class=\"gb-container gb-container-0df56012 gb-container-mt\"> <a class=\"gb-button gb-button-f9f432f4 gb-button-text gb-button-mt-button\" href=\"https:\/\/exceladvisor.org\/pt\/formulas\/\">Lista de f\u00f3rmulas do Excel<\/a><h2 class=\"gb-headline gb-headline-233444e8 gb-headline-text gb-headline-mt-heading\"> F\u00f3rmulas relacionadas <\/h2><div class=\"gb-grid-wrapper gb-grid-wrapper-a16fa65c gb-grid-wrapper-mt-grid\"><div class=\"gb-grid-column gb-grid-column-50d07e0d\"><div class=\"gb-container gb-container-50d07e0d\"><ul><li> <a href=\"https:\/\/exceladvisor.org\/pt\/colocar-a-primeira-letra-em-maiuscula\/\">Coloque a primeira letra em mai\u00fascula no Excel<\/a><\/li><li> <a href=\"https:\/\/exceladvisor.org\/pt\/coluna-para-linha\/\">Alterar coluna para linha (vice-versa) no Excel<\/a><\/li><li> <a href=\"https:\/\/exceladvisor.org\/pt\/caso-de-frase\/\">Mudar para mai\u00fasculas e min\u00fasculas no Excel<\/a><\/li><li> <a href=\"https:\/\/exceladvisor.org\/pt\/alterar-maiusculas-e-minusculas-do-texto\/\">Alterar mai\u00fasculas e min\u00fasculas do texto (mai\u00fasculas, min\u00fasculas, adequadas)<\/a> <\/li><\/ul><\/div><\/div><div class=\"gb-grid-column gb-grid-column-5b4a0cf9\"><div class=\"gb-container gb-container-5b4a0cf9\"><\/div><\/div><\/div><\/div>","protected":false},"excerpt":{"rendered":"","protected":false},"author":1,"featured_media":0,"parent":0,"menu_order":0,"comment_status":"open","ping_status":"closed","template":"","meta":{"ub_ctt_via":"","footnotes":""},"class_list":["post-196","page","type-page","status-publish","hentry"],"featured_image_src":null,"yoast_head":"<!-- This site is optimized with the Yoast SEO plugin v25.4 - https:\/\/yoast.com\/wordpress\/plugins\/seo\/ -->\n<title>\u25b7 Como extrair nome e sobrenome com v\u00edrgula?<\/title>\n<meta name=\"description\" content=\"Este tutorial ensinar\u00e1 como escrever uma f\u00f3rmula do Excel para inverter o nome e o sobrenome e adicionar uma v\u00edrgula entre eles.\" \/>\n<meta name=\"robots\" content=\"index, follow, max-snippet:-1, max-image-preview:large, max-video-preview:-1\" \/>\n<link rel=\"canonical\" href=\"https:\/\/exceladvisor.org\/pt\/retorne-os-primeiros-nomes-virgula-entre\/\" \/>\n<meta property=\"og:locale\" content=\"pt_PT\" \/>\n<meta property=\"og:type\" content=\"article\" \/>\n<meta property=\"og:title\" content=\"\u25b7 Como extrair nome e sobrenome com v\u00edrgula?\" \/>\n<meta property=\"og:description\" content=\"Este tutorial ensinar\u00e1 como escrever uma f\u00f3rmula do Excel para inverter o nome e o sobrenome e adicionar uma v\u00edrgula entre eles.\" \/>\n<meta property=\"og:url\" content=\"https:\/\/exceladvisor.org\/pt\/retorne-os-primeiros-nomes-virgula-entre\/\" \/>\n<meta property=\"og:site_name\" content=\"Excel Advisor\" \/>\n<meta property=\"article:modified_time\" content=\"2023-12-06T11:37:43+00:00\" \/>\n<meta property=\"og:image\" content=\"https:\/\/exceladvisor.org\/wp-content\/uploads\/2023\/11\/Retournez-le-premier-amp.png\" \/>\n<meta name=\"twitter:card\" content=\"summary_large_image\" \/>\n<meta name=\"twitter:label1\" content=\"Tempo estimado de leitura\" \/>\n\t<meta name=\"twitter:data1\" content=\"2 minutos\" \/>\n<script type=\"application\/ld+json\" class=\"yoast-schema-graph\">{\"@context\":\"https:\/\/schema.org\",\"@graph\":[{\"@type\":\"WebPage\",\"@id\":\"https:\/\/exceladvisor.org\/pt\/retorne-os-primeiros-nomes-virgula-entre\/\",\"url\":\"https:\/\/exceladvisor.org\/pt\/retorne-os-primeiros-nomes-virgula-entre\/\",\"name\":\"\u25b7 Como extrair nome e sobrenome com v\u00edrgula?\",\"isPartOf\":{\"@id\":\"https:\/\/exceladvisor.org\/pt\/#website\"},\"primaryImageOfPage\":{\"@id\":\"https:\/\/exceladvisor.org\/pt\/retorne-os-primeiros-nomes-virgula-entre\/#primaryimage\"},\"image\":{\"@id\":\"https:\/\/exceladvisor.org\/pt\/retorne-os-primeiros-nomes-virgula-entre\/#primaryimage\"},\"thumbnailUrl\":\"https:\/\/exceladvisor.org\/wp-content\/uploads\/2023\/11\/Retournez-le-premier-amp.png\",\"datePublished\":\"2023-11-12T14:04:35+00:00\",\"dateModified\":\"2023-12-06T11:37:43+00:00\",\"description\":\"Este tutorial ensinar\u00e1 como escrever uma f\u00f3rmula do Excel para inverter o nome e o sobrenome e adicionar uma v\u00edrgula entre eles.\",\"breadcrumb\":{\"@id\":\"https:\/\/exceladvisor.org\/pt\/retorne-os-primeiros-nomes-virgula-entre\/#breadcrumb\"},\"inLanguage\":\"pt-PT\",\"potentialAction\":[{\"@type\":\"ReadAction\",\"target\":[\"https:\/\/exceladvisor.org\/pt\/retorne-os-primeiros-nomes-virgula-entre\/\"]}]},{\"@type\":\"ImageObject\",\"inLanguage\":\"pt-PT\",\"@id\":\"https:\/\/exceladvisor.org\/pt\/retorne-os-primeiros-nomes-virgula-entre\/#primaryimage\",\"url\":\"https:\/\/exceladvisor.org\/wp-content\/uploads\/2023\/11\/Retournez-le-premier-amp.png\",\"contentUrl\":\"https:\/\/exceladvisor.org\/wp-content\/uploads\/2023\/11\/Retournez-le-premier-amp.png\"},{\"@type\":\"BreadcrumbList\",\"@id\":\"https:\/\/exceladvisor.org\/pt\/retorne-os-primeiros-nomes-virgula-entre\/#breadcrumb\",\"itemListElement\":[{\"@type\":\"ListItem\",\"position\":1,\"name\":\"Lar\",\"item\":\"https:\/\/exceladvisor.org\/pt\/\"},{\"@type\":\"ListItem\",\"position\":2,\"name\":\"Como extrair nome e sobrenome com v\u00edrgula?\"}]},{\"@type\":\"WebSite\",\"@id\":\"https:\/\/exceladvisor.org\/pt\/#website\",\"url\":\"https:\/\/exceladvisor.org\/pt\/\",\"name\":\"Excel Advisor\",\"description\":\"O seu guia definitivo para dominar os dados!\",\"publisher\":{\"@id\":\"https:\/\/exceladvisor.org\/pt\/#organization\"},\"potentialAction\":[{\"@type\":\"SearchAction\",\"target\":{\"@type\":\"EntryPoint\",\"urlTemplate\":\"https:\/\/exceladvisor.org\/pt\/?s={search_term_string}\"},\"query-input\":{\"@type\":\"PropertyValueSpecification\",\"valueRequired\":true,\"valueName\":\"search_term_string\"}}],\"inLanguage\":\"pt-PT\"},{\"@type\":\"Organization\",\"@id\":\"https:\/\/exceladvisor.org\/pt\/#organization\",\"name\":\"Excel Advisor\",\"url\":\"https:\/\/exceladvisor.org\/pt\/\",\"logo\":{\"@type\":\"ImageObject\",\"inLanguage\":\"pt-PT\",\"@id\":\"https:\/\/exceladvisor.org\/pt\/#\/schema\/logo\/image\/\",\"url\":\"https:\/\/exceladvisor.org\/pt\/wp-content\/uploads\/2023\/12\/exceladvisor.org_.png\",\"contentUrl\":\"https:\/\/exceladvisor.org\/pt\/wp-content\/uploads\/2023\/12\/exceladvisor.org_.png\",\"width\":105,\"height\":36,\"caption\":\"Excel Advisor\"},\"image\":{\"@id\":\"https:\/\/exceladvisor.org\/pt\/#\/schema\/logo\/image\/\"}}]}<\/script>\n<!-- \/ Yoast SEO plugin. -->","yoast_head_json":{"title":"\u25b7 Como extrair nome e sobrenome com v\u00edrgula?","description":"Este tutorial ensinar\u00e1 como escrever uma f\u00f3rmula do Excel para inverter o nome e o sobrenome e adicionar uma v\u00edrgula entre eles.","robots":{"index":"index","follow":"follow","max-snippet":"max-snippet:-1","max-image-preview":"max-image-preview:large","max-video-preview":"max-video-preview:-1"},"canonical":"https:\/\/exceladvisor.org\/pt\/retorne-os-primeiros-nomes-virgula-entre\/","og_locale":"pt_PT","og_type":"article","og_title":"\u25b7 Como extrair nome e sobrenome com v\u00edrgula?","og_description":"Este tutorial ensinar\u00e1 como escrever uma f\u00f3rmula do Excel para inverter o nome e o sobrenome e adicionar uma v\u00edrgula entre eles.","og_url":"https:\/\/exceladvisor.org\/pt\/retorne-os-primeiros-nomes-virgula-entre\/","og_site_name":"Excel Advisor","article_modified_time":"2023-12-06T11:37:43+00:00","og_image":[{"url":"https:\/\/exceladvisor.org\/wp-content\/uploads\/2023\/11\/Retournez-le-premier-amp.png","type":"","width":"","height":""}],"twitter_card":"summary_large_image","twitter_misc":{"Tempo estimado de leitura":"2 minutos"},"schema":{"@context":"https:\/\/schema.org","@graph":[{"@type":"WebPage","@id":"https:\/\/exceladvisor.org\/pt\/retorne-os-primeiros-nomes-virgula-entre\/","url":"https:\/\/exceladvisor.org\/pt\/retorne-os-primeiros-nomes-virgula-entre\/","name":"\u25b7 Como extrair nome e sobrenome com v\u00edrgula?","isPartOf":{"@id":"https:\/\/exceladvisor.org\/pt\/#website"},"primaryImageOfPage":{"@id":"https:\/\/exceladvisor.org\/pt\/retorne-os-primeiros-nomes-virgula-entre\/#primaryimage"},"image":{"@id":"https:\/\/exceladvisor.org\/pt\/retorne-os-primeiros-nomes-virgula-entre\/#primaryimage"},"thumbnailUrl":"https:\/\/exceladvisor.org\/wp-content\/uploads\/2023\/11\/Retournez-le-premier-amp.png","datePublished":"2023-11-12T14:04:35+00:00","dateModified":"2023-12-06T11:37:43+00:00","description":"Este tutorial ensinar\u00e1 como escrever uma f\u00f3rmula do Excel para inverter o nome e o sobrenome e adicionar uma v\u00edrgula entre eles.","breadcrumb":{"@id":"https:\/\/exceladvisor.org\/pt\/retorne-os-primeiros-nomes-virgula-entre\/#breadcrumb"},"inLanguage":"pt-PT","potentialAction":[{"@type":"ReadAction","target":["https:\/\/exceladvisor.org\/pt\/retorne-os-primeiros-nomes-virgula-entre\/"]}]},{"@type":"ImageObject","inLanguage":"pt-PT","@id":"https:\/\/exceladvisor.org\/pt\/retorne-os-primeiros-nomes-virgula-entre\/#primaryimage","url":"https:\/\/exceladvisor.org\/wp-content\/uploads\/2023\/11\/Retournez-le-premier-amp.png","contentUrl":"https:\/\/exceladvisor.org\/wp-content\/uploads\/2023\/11\/Retournez-le-premier-amp.png"},{"@type":"BreadcrumbList","@id":"https:\/\/exceladvisor.org\/pt\/retorne-os-primeiros-nomes-virgula-entre\/#breadcrumb","itemListElement":[{"@type":"ListItem","position":1,"name":"Lar","item":"https:\/\/exceladvisor.org\/pt\/"},{"@type":"ListItem","position":2,"name":"Como extrair nome e sobrenome com v\u00edrgula?"}]},{"@type":"WebSite","@id":"https:\/\/exceladvisor.org\/pt\/#website","url":"https:\/\/exceladvisor.org\/pt\/","name":"Excel Advisor","description":"O seu guia definitivo para dominar os dados!","publisher":{"@id":"https:\/\/exceladvisor.org\/pt\/#organization"},"potentialAction":[{"@type":"SearchAction","target":{"@type":"EntryPoint","urlTemplate":"https:\/\/exceladvisor.org\/pt\/?s={search_term_string}"},"query-input":{"@type":"PropertyValueSpecification","valueRequired":true,"valueName":"search_term_string"}}],"inLanguage":"pt-PT"},{"@type":"Organization","@id":"https:\/\/exceladvisor.org\/pt\/#organization","name":"Excel Advisor","url":"https:\/\/exceladvisor.org\/pt\/","logo":{"@type":"ImageObject","inLanguage":"pt-PT","@id":"https:\/\/exceladvisor.org\/pt\/#\/schema\/logo\/image\/","url":"https:\/\/exceladvisor.org\/pt\/wp-content\/uploads\/2023\/12\/exceladvisor.org_.png","contentUrl":"https:\/\/exceladvisor.org\/pt\/wp-content\/uploads\/2023\/12\/exceladvisor.org_.png","width":105,"height":36,"caption":"Excel Advisor"},"image":{"@id":"https:\/\/exceladvisor.org\/pt\/#\/schema\/logo\/image\/"}}]}},"yoast_meta":{"yoast_wpseo_title":"","yoast_wpseo_metadesc":"","yoast_wpseo_canonical":""},"_links":{"self":[{"href":"https:\/\/exceladvisor.org\/pt\/wp-json\/wp\/v2\/pages\/196","targetHints":{"allow":["GET"]}}],"collection":[{"href":"https:\/\/exceladvisor.org\/pt\/wp-json\/wp\/v2\/pages"}],"about":[{"href":"https:\/\/exceladvisor.org\/pt\/wp-json\/wp\/v2\/types\/page"}],"author":[{"embeddable":true,"href":"https:\/\/exceladvisor.org\/pt\/wp-json\/wp\/v2\/users\/1"}],"replies":[{"embeddable":true,"href":"https:\/\/exceladvisor.org\/pt\/wp-json\/wp\/v2\/comments?post=196"}],"version-history":[{"count":1,"href":"https:\/\/exceladvisor.org\/pt\/wp-json\/wp\/v2\/pages\/196\/revisions"}],"predecessor-version":[{"id":1063,"href":"https:\/\/exceladvisor.org\/pt\/wp-json\/wp\/v2\/pages\/196\/revisions\/1063"}],"wp:attachment":[{"href":"https:\/\/exceladvisor.org\/pt\/wp-json\/wp\/v2\/media?parent=196"}],"curies":[{"name":"wp","href":"https:\/\/api.w.org\/{rel}","templated":true}]}}