{"id":197,"date":"2023-11-12T13:44:23","date_gmt":"2023-11-12T13:44:23","guid":{"rendered":"https:\/\/exceladvisor.org\/pt\/minutos-a-horas\/"},"modified":"2023-12-06T11:35:46","modified_gmt":"2023-12-06T11:35:46","slug":"minutos-a-horas","status":"publish","type":"page","link":"https:\/\/exceladvisor.org\/pt\/minutos-a-horas\/","title":{"rendered":"Como converter minutos em horas e minutos?"},"content":{"rendered":"<div class=\"excel-before-content-2\" id=\"excel-3150457505\"><script type=\"text\/javascript\">\r\n\tatOptions = {\r\n\t\t'key' : 'c1158f160081d6540a8409e6925dab94',\r\n\t\t'format' : 'iframe',\r\n\t\t'height' : 250,\r\n\t\t'width' : 300,\r\n\t\t'params' : {}\r\n\t};\r\n<\/script>\r\n<script type=\"text\/javascript\" src=\"\/\/www.highperformanceformat.com\/c1158f160081d6540a8409e6925dab94\/invoke.js\"><\/script><\/div><div class=\"excel-before-content\" id=\"excel-3013923849\"><script type=\"text\/javascript\">\r\n\tatOptions = {\r\n\t\t'key' : 'c1158f160081d6540a8409e6925dab94',\r\n\t\t'format' : 'iframe',\r\n\t\t'height' : 250,\r\n\t\t'width' : 300,\r\n\t\t'params' : {}\r\n\t};\r\n<\/script>\r\n<script type=\"text\/javascript\" src=\"\/\/www.highperformanceformat.com\/c1158f160081d6540a8409e6925dab94\/invoke.js\"><\/script><\/div> <p>Para converter minutos em horas e minutos (HH:MM) no Excel, voc\u00ea precisa usar uma f\u00f3rmula onde voc\u00ea precisa multiplicar o n\u00famero de minutos por (24*60). Quando voc\u00ea usa (24*60) que \u00e9 o n\u00famero total de minutos em um dia, ele retorna um n\u00famero com casas decimais. Neste n\u00famero, a parte inteira representa as horas e as casas decimais dos minutos.<\/p><p> Para converter este n\u00famero para o formato de horas e minutos, voc\u00ea precisa aplicar [h]:mm na formata\u00e7\u00e3o personalizada. <\/p><div class=\"wp-block-image\"><figure class=\"aligncenter size-full is-resized\"><img loading=\"lazy\" decoding=\"async\" class=\"wp-image-79870\" src=\"https:\/\/exceladvisor.org\/wp-content\/uploads\/2023\/08\/1-convertir-des-minutes-en-heures.png\" sizes=\"auto, \" srcset=\"\" alt=\"converter minutos em horas\" width=\"567\" height=\"286\"><\/figure><\/div><h2 class=\"wp-block-heading\"> F\u00f3rmula para converter minutos em horas e minutos<\/h2><p> Voc\u00ea pode usar as etapas abaixo:<\/p><ol type=\"1\"><li> Primeiro, na c\u00e9lula B1, consulte a c\u00e9lula A1 onde voc\u00ea tem o valor dos minutos.<\/li><li> Depois disso, digite o operador de divis\u00e3o e insira os par\u00eanteses iniciais.<\/li><li> Agora digite 24 e depois digite o operador de divis\u00e3o novamente.<\/li><li> Em seguida, insira 60 e feche os par\u00eanteses e pressione Enter para obter o resultado.<\/li><\/ol><p> Depois de clicar em Enter, voc\u00ea obter\u00e1 o n\u00famero de horas passadas na cela. <\/p><div class=\"wp-block-image\"><figure class=\"aligncenter size-full is-resized\"><img loading=\"lazy\" decoding=\"async\" class=\"wp-image-79871\" src=\"https:\/\/exceladvisor.org\/wp-content\/uploads\/2023\/08\/2-formules-pour-convertir-les-minutes-en-heures.png\" sizes=\"auto, \" srcset=\"\" alt=\"f\u00f3rmula para converter minutos em horas\" width=\"551\" height=\"279\"><\/figure><\/div><p> O pr\u00f3ximo passo \u00e9 alterar o formato da c\u00e9lula. Para isso, selecione a c\u00e9lula e abra a op\u00e7\u00e3o formatar c\u00e9lulas utilizando o atalho de teclado Ctrl + 1. <\/p><div class=\"wp-block-image\"><figure class=\"aligncenter size-full is-resized\"><img loading=\"lazy\" decoding=\"async\" class=\"wp-image-79872\" src=\"https:\/\/exceladvisor.org\/wp-content\/uploads\/2023\/08\/3-changer-le-format-de-cellule.png\" sizes=\"auto, \" srcset=\"\" alt=\"alterar formato de c\u00e9lula\" width=\"767\" height=\"350\"><\/figure><\/div><p> A partir daqui, clique na categoria Personalizado e insira o formato [H]:mm na barra de entrada de tipo. <\/p><div class=\"wp-block-image\"><figure class=\"aligncenter size-full is-resized\"><img loading=\"lazy\" decoding=\"async\" class=\"wp-image-79873\" src=\"https:\/\/exceladvisor.org\/wp-content\/uploads\/2023\/08\/4-changer-foermat-de-cellule-en-minutes.png\" sizes=\"auto, \" srcset=\"\" alt=\"alterar formato de c\u00e9lula para minutos\" width=\"713\" height=\"374\"><\/figure><\/div><p> Ao final, clique em OK para aplicar o formato.<\/p><pre class=\"wp-block-code\"> <code class=\"language-excel-formula\" lang=\"excel-formula\">=A1\/(24*60)<\/code><\/pre><h2 class=\"wp-block-heading\"> Como funciona esta F\u00f3rmula?<\/h2><p> Nesta f\u00f3rmula usamos 24*60 que retorna o n\u00famero total de minutos em um dia (24 horas X 60 minutos = 1440 minutos). <\/p><div class=\"wp-block-image\"><figure class=\"aligncenter size-full is-resized\"><img loading=\"lazy\" decoding=\"async\" class=\"wp-image-79874\" src=\"https:\/\/exceladvisor.org\/wp-content\/uploads\/2023\/08\/5-comment-fonctionne-la-formule.png\" sizes=\"auto, \" srcset=\"\" alt=\"como funciona a f\u00f3rmula\" width=\"565\" height=\"249\"><\/figure><\/div><p> Depois disso, ao dividir pela quantidade de minutos que voc\u00ea tem, ele retorna os dias equivalentes \u00e0 quantidade de minutos que voc\u00ea tem. <\/p><div class=\"wp-block-image\"><figure class=\"aligncenter size-full is-resized\"><img loading=\"lazy\" decoding=\"async\" class=\"wp-image-79875\" src=\"https:\/\/exceladvisor.org\/wp-content\/uploads\/2023\/08\/6-renvoie-les-jours-equivalents-aux-minutes.png\" sizes=\"auto, \" srcset=\"\" alt=\"retorna dias equivalentes a minutos\" width=\"564\" height=\"328\"><\/figure><\/div><p> Agora exiba esses dias em horas e minutos, voc\u00ea precisa usar o formato [h]:mm.<\/p><h2 class=\"wp-block-heading\"> Usando a fun\u00e7\u00e3o TEXTO<\/h2><p> Se voc\u00ea n\u00e3o quiser alterar a formata\u00e7\u00e3o da c\u00e9lula. Voc\u00ea pode usar a fun\u00e7\u00e3o TEXT para adicionar tempo ao valor na f\u00f3rmula. <\/p><div class=\"wp-block-image\"><figure class=\"aligncenter size-full is-resized\"><img loading=\"lazy\" decoding=\"async\" class=\"wp-image-79876\" src=\"https:\/\/exceladvisor.org\/wp-content\/uploads\/2023\/08\/7-fonction-de-texte-pour-ajouter-du-temps.png\" sizes=\"auto, \" srcset=\"\" alt=\"fun\u00e7\u00e3o de texto para adicionar tempo\" width=\"422\" height=\"297\"><\/figure><\/div><p> Esta f\u00f3rmula funciona exatamente como o m\u00e9todo anterior. A \u00fanica diferen\u00e7a \u00e9 que voc\u00ea usa TEXT para formatar o valor do resultado.<\/p><pre class=\"wp-block-code\"><code class=\"language-excel-formula\" lang=\"excel-formula\"> =TEXT(A1\/(24*60),\"[h]:mm\")<\/code><\/pre><h2 class=\"wp-block-heading\"> Converter minutos em horas e minutos (como um n\u00famero)<\/h2><p> Voc\u00ea tamb\u00e9m pode usar uma f\u00f3rmula onde pode dividir o n\u00famero de minutos por 60. <\/p><div class=\"wp-block-image\"><figure class=\"aligncenter size-full is-resized\"><img loading=\"lazy\" decoding=\"async\" class=\"wp-image-79877\" src=\"https:\/\/exceladvisor.org\/wp-content\/uploads\/2023\/08\/8-minutes-a-heures-sous-forme-de-nombres.png\" sizes=\"auto, \" srcset=\"\" alt=\"minutos-horas-em-n\u00fameros\" width=\"410\" height=\"264\"><\/figure><\/div><p> Esta f\u00f3rmula retornar\u00e1 o n\u00famero de horas e minutos, onde horas s\u00e3o n\u00fameros inteiros e minutos s\u00e3o decimais.<\/p><pre class=\"wp-block-code\"> <code class=\"language-excel-formula\" lang=\"excel-formula\">=A1\/60<\/code><\/pre><h2 class=\"wp-block-heading\"> Fun\u00e7\u00e3o de convers\u00e3o<\/h2><p> H\u00e1 uma nova fun\u00e7\u00e3o no Excel que voc\u00ea pode usar para converter minutos em horas: CONVERT. <\/p><div class=\"wp-block-image\"><figure class=\"aligncenter size-full is-resized\"><img loading=\"lazy\" decoding=\"async\" class=\"wp-image-79878\" src=\"https:\/\/exceladvisor.org\/wp-content\/uploads\/2023\/08\/9-fonction-de-conversion.png\" sizes=\"auto, \" srcset=\"\" alt=\"fun\u00e7\u00e3o de convers\u00e3o\" width=\"515\" height=\"301\"><\/figure><\/div><p> Em CONVERT voc\u00ea precisa se referir ao valor dos minutos, \u00e0 unidade original do valor (voc\u00ea precisa especificar os minutos &#8220;mn&#8221;) e, em seguida, \u00e0 unidade de convers\u00e3o (especifique &#8220;hr&#8221; para horas).<\/p><pre class=\"wp-block-code\"> <code class=\"language-excel-formula\" lang=\"excel-formula\">=CONVERT(A1,\"mn\",\"hr\")<\/code><\/pre><div class=\"gb-container gb-container-52dfcee1 gb-container-sample-file\"><h2 class=\"gb-headline gb-headline-e289c143 gb-headline-text gb-headline-4f7959c2\"> Obtenha o arquivo Excel<\/h2> <a class=\"gb-button gb-button-e88d6bee gb-button-text gb-button-button1\" href=\"https:\/\/exceladvisor.org\/wp-content\/uploads\/2023\/08\/minutes-a-heures.xlsx\" rel=\"nofollow\">Download<\/a> <\/div><div class=\"wp-block-group more-tutorials is-layout-flow\"><div class=\"wp-block-group__inner-container\"><h2 class=\"wp-block-heading\"> Mais f\u00f3rmulas<\/h2><ul><li> <a href=\"https:\/\/exceladvisor.org\/pt\/adicione-horas-no-tempo\/\">Adicione horas ao tempo no Excel<\/a><\/li><li> <a href=\"https:\/\/exceladvisor.org\/pt\/adicione-minutos-ao-tempo\/\">Adicione minutos ao tempo no Excel<\/a><\/li><li> <a href=\"https:\/\/exceladvisor.org\/pt\/calcular-diferenca-horaria\/\">Calcule a diferen\u00e7a de tempo entre duas horas no Excel<\/a><\/li><li> <a href=\"https:\/\/exceladvisor.org\/pt\/alterar-formato-de-hora\/\">Alterar o formato da hora no Excel<\/a><\/li><li> <a href=\"https:\/\/exceladvisor.org\/pt\/tempo-militar\/\">Hor\u00e1rio militar (obter e subtrair) no Excel<\/a><\/li><\/ul><p> \u21e0 Voltar \u00e0 <a href=\"https:\/\/exceladvisor.org\/pt\/formulas\/\">lista de mais de 100 f\u00f3rmulas do Excel (b\u00e1sico + avan\u00e7ado)<\/a><\/p><\/div><\/div>","protected":false},"excerpt":{"rendered":"","protected":false},"author":1,"featured_media":0,"parent":0,"menu_order":0,"comment_status":"open","ping_status":"closed","template":"","meta":{"ub_ctt_via":"","footnotes":""},"class_list":["post-197","page","type-page","status-publish","hentry"],"featured_image_src":null,"yoast_head":"<!-- This site is optimized with the Yoast SEO plugin v25.4 - https:\/\/yoast.com\/wordpress\/plugins\/seo\/ -->\n<title>Como converter minutos em horas e minutos (HH:MM)?<\/title>\n<meta name=\"description\" content=\"Este tutorial ir\u00e1 ensin\u00e1-lo a escrever uma f\u00f3rmula Excel para converter minutos em horas e minutos. Vamos verificar isso\u2026\" \/>\n<meta name=\"robots\" content=\"index, follow, max-snippet:-1, max-image-preview:large, max-video-preview:-1\" \/>\n<link rel=\"canonical\" href=\"https:\/\/exceladvisor.org\/pt\/minutos-a-horas\/\" \/>\n<meta property=\"og:locale\" content=\"pt_PT\" \/>\n<meta property=\"og:type\" content=\"article\" \/>\n<meta property=\"og:title\" content=\"Como converter minutos em horas e minutos (HH:MM)?\" \/>\n<meta property=\"og:description\" content=\"Este tutorial ir\u00e1 ensin\u00e1-lo a escrever uma f\u00f3rmula Excel para converter minutos em horas e minutos. Vamos verificar isso\u2026\" \/>\n<meta property=\"og:url\" content=\"https:\/\/exceladvisor.org\/pt\/minutos-a-horas\/\" \/>\n<meta property=\"og:site_name\" content=\"Excel Advisor\" \/>\n<meta property=\"article:modified_time\" content=\"2023-12-06T11:35:46+00:00\" \/>\n<meta property=\"og:image\" content=\"https:\/\/exceladvisor.org\/wp-content\/uploads\/2023\/08\/1-convertir-des-minutes-en-heures.png\" \/>\n<meta name=\"twitter:card\" content=\"summary_large_image\" \/>\n<meta name=\"twitter:label1\" content=\"Tempo estimado de leitura\" \/>\n\t<meta name=\"twitter:data1\" content=\"3 minutos\" \/>\n<script type=\"application\/ld+json\" class=\"yoast-schema-graph\">{\"@context\":\"https:\/\/schema.org\",\"@graph\":[{\"@type\":\"WebPage\",\"@id\":\"https:\/\/exceladvisor.org\/pt\/minutos-a-horas\/\",\"url\":\"https:\/\/exceladvisor.org\/pt\/minutos-a-horas\/\",\"name\":\"Como converter minutos em horas e minutos (HH:MM)?\",\"isPartOf\":{\"@id\":\"https:\/\/exceladvisor.org\/pt\/#website\"},\"primaryImageOfPage\":{\"@id\":\"https:\/\/exceladvisor.org\/pt\/minutos-a-horas\/#primaryimage\"},\"image\":{\"@id\":\"https:\/\/exceladvisor.org\/pt\/minutos-a-horas\/#primaryimage\"},\"thumbnailUrl\":\"https:\/\/exceladvisor.org\/wp-content\/uploads\/2023\/08\/1-convertir-des-minutes-en-heures.png\",\"datePublished\":\"2023-11-12T13:44:23+00:00\",\"dateModified\":\"2023-12-06T11:35:46+00:00\",\"description\":\"Este tutorial ir\u00e1 ensin\u00e1-lo a escrever uma f\u00f3rmula Excel para converter minutos em horas e minutos. Vamos verificar isso\u2026\",\"breadcrumb\":{\"@id\":\"https:\/\/exceladvisor.org\/pt\/minutos-a-horas\/#breadcrumb\"},\"inLanguage\":\"pt-PT\",\"potentialAction\":[{\"@type\":\"ReadAction\",\"target\":[\"https:\/\/exceladvisor.org\/pt\/minutos-a-horas\/\"]}]},{\"@type\":\"ImageObject\",\"inLanguage\":\"pt-PT\",\"@id\":\"https:\/\/exceladvisor.org\/pt\/minutos-a-horas\/#primaryimage\",\"url\":\"https:\/\/exceladvisor.org\/wp-content\/uploads\/2023\/08\/1-convertir-des-minutes-en-heures.png\",\"contentUrl\":\"https:\/\/exceladvisor.org\/wp-content\/uploads\/2023\/08\/1-convertir-des-minutes-en-heures.png\"},{\"@type\":\"BreadcrumbList\",\"@id\":\"https:\/\/exceladvisor.org\/pt\/minutos-a-horas\/#breadcrumb\",\"itemListElement\":[{\"@type\":\"ListItem\",\"position\":1,\"name\":\"Lar\",\"item\":\"https:\/\/exceladvisor.org\/pt\/\"},{\"@type\":\"ListItem\",\"position\":2,\"name\":\"Como converter minutos em horas e minutos?\"}]},{\"@type\":\"WebSite\",\"@id\":\"https:\/\/exceladvisor.org\/pt\/#website\",\"url\":\"https:\/\/exceladvisor.org\/pt\/\",\"name\":\"Excel Advisor\",\"description\":\"O seu guia definitivo para dominar os dados!\",\"publisher\":{\"@id\":\"https:\/\/exceladvisor.org\/pt\/#organization\"},\"potentialAction\":[{\"@type\":\"SearchAction\",\"target\":{\"@type\":\"EntryPoint\",\"urlTemplate\":\"https:\/\/exceladvisor.org\/pt\/?s={search_term_string}\"},\"query-input\":{\"@type\":\"PropertyValueSpecification\",\"valueRequired\":true,\"valueName\":\"search_term_string\"}}],\"inLanguage\":\"pt-PT\"},{\"@type\":\"Organization\",\"@id\":\"https:\/\/exceladvisor.org\/pt\/#organization\",\"name\":\"Excel Advisor\",\"url\":\"https:\/\/exceladvisor.org\/pt\/\",\"logo\":{\"@type\":\"ImageObject\",\"inLanguage\":\"pt-PT\",\"@id\":\"https:\/\/exceladvisor.org\/pt\/#\/schema\/logo\/image\/\",\"url\":\"https:\/\/exceladvisor.org\/pt\/wp-content\/uploads\/2023\/12\/exceladvisor.org_.png\",\"contentUrl\":\"https:\/\/exceladvisor.org\/pt\/wp-content\/uploads\/2023\/12\/exceladvisor.org_.png\",\"width\":105,\"height\":36,\"caption\":\"Excel Advisor\"},\"image\":{\"@id\":\"https:\/\/exceladvisor.org\/pt\/#\/schema\/logo\/image\/\"}}]}<\/script>\n<!-- \/ Yoast SEO plugin. -->","yoast_head_json":{"title":"Como converter minutos em horas e minutos (HH:MM)?","description":"Este tutorial ir\u00e1 ensin\u00e1-lo a escrever uma f\u00f3rmula Excel para converter minutos em horas e minutos. Vamos verificar isso\u2026","robots":{"index":"index","follow":"follow","max-snippet":"max-snippet:-1","max-image-preview":"max-image-preview:large","max-video-preview":"max-video-preview:-1"},"canonical":"https:\/\/exceladvisor.org\/pt\/minutos-a-horas\/","og_locale":"pt_PT","og_type":"article","og_title":"Como converter minutos em horas e minutos (HH:MM)?","og_description":"Este tutorial ir\u00e1 ensin\u00e1-lo a escrever uma f\u00f3rmula Excel para converter minutos em horas e minutos. Vamos verificar isso\u2026","og_url":"https:\/\/exceladvisor.org\/pt\/minutos-a-horas\/","og_site_name":"Excel Advisor","article_modified_time":"2023-12-06T11:35:46+00:00","og_image":[{"url":"https:\/\/exceladvisor.org\/wp-content\/uploads\/2023\/08\/1-convertir-des-minutes-en-heures.png","type":"","width":"","height":""}],"twitter_card":"summary_large_image","twitter_misc":{"Tempo estimado de leitura":"3 minutos"},"schema":{"@context":"https:\/\/schema.org","@graph":[{"@type":"WebPage","@id":"https:\/\/exceladvisor.org\/pt\/minutos-a-horas\/","url":"https:\/\/exceladvisor.org\/pt\/minutos-a-horas\/","name":"Como converter minutos em horas e minutos (HH:MM)?","isPartOf":{"@id":"https:\/\/exceladvisor.org\/pt\/#website"},"primaryImageOfPage":{"@id":"https:\/\/exceladvisor.org\/pt\/minutos-a-horas\/#primaryimage"},"image":{"@id":"https:\/\/exceladvisor.org\/pt\/minutos-a-horas\/#primaryimage"},"thumbnailUrl":"https:\/\/exceladvisor.org\/wp-content\/uploads\/2023\/08\/1-convertir-des-minutes-en-heures.png","datePublished":"2023-11-12T13:44:23+00:00","dateModified":"2023-12-06T11:35:46+00:00","description":"Este tutorial ir\u00e1 ensin\u00e1-lo a escrever uma f\u00f3rmula Excel para converter minutos em horas e minutos. Vamos verificar isso\u2026","breadcrumb":{"@id":"https:\/\/exceladvisor.org\/pt\/minutos-a-horas\/#breadcrumb"},"inLanguage":"pt-PT","potentialAction":[{"@type":"ReadAction","target":["https:\/\/exceladvisor.org\/pt\/minutos-a-horas\/"]}]},{"@type":"ImageObject","inLanguage":"pt-PT","@id":"https:\/\/exceladvisor.org\/pt\/minutos-a-horas\/#primaryimage","url":"https:\/\/exceladvisor.org\/wp-content\/uploads\/2023\/08\/1-convertir-des-minutes-en-heures.png","contentUrl":"https:\/\/exceladvisor.org\/wp-content\/uploads\/2023\/08\/1-convertir-des-minutes-en-heures.png"},{"@type":"BreadcrumbList","@id":"https:\/\/exceladvisor.org\/pt\/minutos-a-horas\/#breadcrumb","itemListElement":[{"@type":"ListItem","position":1,"name":"Lar","item":"https:\/\/exceladvisor.org\/pt\/"},{"@type":"ListItem","position":2,"name":"Como converter minutos em horas e minutos?"}]},{"@type":"WebSite","@id":"https:\/\/exceladvisor.org\/pt\/#website","url":"https:\/\/exceladvisor.org\/pt\/","name":"Excel Advisor","description":"O seu guia definitivo para dominar os dados!","publisher":{"@id":"https:\/\/exceladvisor.org\/pt\/#organization"},"potentialAction":[{"@type":"SearchAction","target":{"@type":"EntryPoint","urlTemplate":"https:\/\/exceladvisor.org\/pt\/?s={search_term_string}"},"query-input":{"@type":"PropertyValueSpecification","valueRequired":true,"valueName":"search_term_string"}}],"inLanguage":"pt-PT"},{"@type":"Organization","@id":"https:\/\/exceladvisor.org\/pt\/#organization","name":"Excel Advisor","url":"https:\/\/exceladvisor.org\/pt\/","logo":{"@type":"ImageObject","inLanguage":"pt-PT","@id":"https:\/\/exceladvisor.org\/pt\/#\/schema\/logo\/image\/","url":"https:\/\/exceladvisor.org\/pt\/wp-content\/uploads\/2023\/12\/exceladvisor.org_.png","contentUrl":"https:\/\/exceladvisor.org\/pt\/wp-content\/uploads\/2023\/12\/exceladvisor.org_.png","width":105,"height":36,"caption":"Excel Advisor"},"image":{"@id":"https:\/\/exceladvisor.org\/pt\/#\/schema\/logo\/image\/"}}]}},"yoast_meta":{"yoast_wpseo_title":"","yoast_wpseo_metadesc":"","yoast_wpseo_canonical":""},"_links":{"self":[{"href":"https:\/\/exceladvisor.org\/pt\/wp-json\/wp\/v2\/pages\/197","targetHints":{"allow":["GET"]}}],"collection":[{"href":"https:\/\/exceladvisor.org\/pt\/wp-json\/wp\/v2\/pages"}],"about":[{"href":"https:\/\/exceladvisor.org\/pt\/wp-json\/wp\/v2\/types\/page"}],"author":[{"embeddable":true,"href":"https:\/\/exceladvisor.org\/pt\/wp-json\/wp\/v2\/users\/1"}],"replies":[{"embeddable":true,"href":"https:\/\/exceladvisor.org\/pt\/wp-json\/wp\/v2\/comments?post=197"}],"version-history":[{"count":1,"href":"https:\/\/exceladvisor.org\/pt\/wp-json\/wp\/v2\/pages\/197\/revisions"}],"predecessor-version":[{"id":934,"href":"https:\/\/exceladvisor.org\/pt\/wp-json\/wp\/v2\/pages\/197\/revisions\/934"}],"wp:attachment":[{"href":"https:\/\/exceladvisor.org\/pt\/wp-json\/wp\/v2\/media?parent=197"}],"curies":[{"name":"wp","href":"https:\/\/api.w.org\/{rel}","templated":true}]}}