{"id":198,"date":"2023-11-12T13:33:22","date_gmt":"2023-11-12T13:33:22","guid":{"rendered":"https:\/\/exceladvisor.org\/pt\/meses-dias-uteis\/"},"modified":"2023-12-06T11:37:45","modified_gmt":"2023-12-06T11:37:45","slug":"meses-dias-uteis","status":"publish","type":"page","link":"https:\/\/exceladvisor.org\/pt\/meses-dias-uteis\/","title":{"rendered":"Como extrair os dias \u00fateis de um m\u00eas?"},"content":{"rendered":"<div class=\"excel-before-content-2\" id=\"excel-4160362292\"><script type=\"text\/javascript\">\r\n\tatOptions = {\r\n\t\t'key' : 'c1158f160081d6540a8409e6925dab94',\r\n\t\t'format' : 'iframe',\r\n\t\t'height' : 250,\r\n\t\t'width' : 300,\r\n\t\t'params' : {}\r\n\t};\r\n<\/script>\r\n<script type=\"text\/javascript\" src=\"\/\/www.highperformanceformat.com\/c1158f160081d6540a8409e6925dab94\/invoke.js\"><\/script><\/div><div class=\"excel-before-content\" id=\"excel-3771619960\"><script type=\"text\/javascript\">\r\n\tatOptions = {\r\n\t\t'key' : 'c1158f160081d6540a8409e6925dab94',\r\n\t\t'format' : 'iframe',\r\n\t\t'height' : 250,\r\n\t\t'width' : 300,\r\n\t\t'params' : {}\r\n\t};\r\n<\/script>\r\n<script type=\"text\/javascript\" src=\"\/\/www.highperformanceformat.com\/c1158f160081d6540a8409e6925dab94\/invoke.js\"><\/script><\/div> <p>Para obter o n\u00famero total de dias \u00fateis (dias \u00fateis) no Excel usando uma f\u00f3rmula, voc\u00ea precisa combinar duas fun\u00e7\u00f5es (EOMONTH e NETWORKDAYS). Nesta f\u00f3rmula, EOMONTH ajuda voc\u00ea a obter a <a href=\"https:\/\/exceladvisor.org\/pt\/fim-do-mes\/\">\u00faltima data do m\u00eas<\/a> e, usando essa \u00faltima data e a primeira data especificada, NETWORKDAYS retorna o n\u00famero total de dias \u00fateis em um m\u00eas. <\/p><div class=\"wp-block-image\"><figure class=\"aligncenter size-full is-resized\"><img loading=\"lazy\" decoding=\"async\" class=\"wp-image-79816\" src=\"https:\/\/exceladvisor.org\/wp-content\/uploads\/2023\/08\/1-jours-ouvres-par-mois.png\" sizes=\"auto, \" srcset=\"\" alt=\"dias \u00fateis do m\u00eas\" width=\"592\" height=\"471\"><\/figure><\/div><p> Neste tutorial, aprenderemos como escrever esta f\u00f3rmula. E tamb\u00e9m levaremos em considera\u00e7\u00e3o quaisquer feriados que voc\u00ea precise especificar ao calcular o n\u00famero total de dias.<\/p><h2 class=\"wp-block-heading\"> F\u00f3rmula Excel para obter o n\u00famero total de dias \u00fateis em um m\u00eas<\/h2><p> Voc\u00ea pode usar as etapas abaixo:<\/p><ol type=\"1\"><li> Primeiro, em uma c\u00e9lula, insira a fun\u00e7\u00e3o CONTAGEM DE DIAS TRABALHOS.<\/li><li> Depois disso, no primeiro argumento (data_inicial) fa\u00e7a refer\u00eancia \u00e0 c\u00e9lula onde est\u00e1 a data de in\u00edcio do m\u00eas.<\/li><li> Ent\u00e3o, no segundo argumento, (end_date) insira a fun\u00e7\u00e3o EOMONTH.<\/li><li> A partir da\u00ed, em EOMONTH, especifique a data de in\u00edcio do m\u00eas referenciado no argumento start_date de NETWORKDAYS.<\/li><li> Agora insira zeros (0) no argumento (m\u00eas) de EOMONTH e digite par\u00eanteses de fechamento para fechar a fun\u00e7\u00e3o.<\/li><li> Ao final, consulte a lista de feriados (deve ser uma lista de datas v\u00e1lidas) no argumento [feriados] de NETWORKDAYS, digite os par\u00eanteses de fechamento e pressione Enter para obter o resultado. <\/li><\/ol><div class=\"wp-block-image\"><figure class=\"aligncenter size-full is-resized\"><img loading=\"lazy\" decoding=\"async\" class=\"wp-image-79817\" src=\"https:\/\/exceladvisor.org\/wp-content\/uploads\/2023\/08\/Fonction-2-jours-de-reseau.png\" sizes=\"auto, \" srcset=\"\" alt=\"fun\u00e7\u00e3o de dias de rede\" width=\"580\" height=\"357\"><\/figure><\/div><pre class=\"wp-block-code\"> <code class=\"language-excel-formula line-numbers\" lang=\"excel-formula\">=NETWORKDAYS(A1,EOMONTH(A1,0),A4:A14) =NETWORKDAYS(start_date,EOMONTH(start_date,0),list_of_holidays)<\/code><\/pre><h2 class=\"wp-block-heading\"> Como funciona essa f\u00f3rmula?<\/h2><p> Como mencionei anteriormente, a fun\u00e7\u00e3o EOMONTH retorna a \u00faltima data do m\u00eas. Quando voc\u00ea especifica uma data na fun\u00e7\u00e3o, ela retorna a \u00faltima data daquele m\u00eas. <\/p><div class=\"wp-block-image\"><figure class=\"aligncenter size-full is-resized\"><img loading=\"lazy\" decoding=\"async\" class=\"wp-image-79818\" src=\"https:\/\/exceladvisor.org\/wp-content\/uploads\/2023\/08\/Fonction-3-mois.png\" sizes=\"auto, \" srcset=\"\" alt=\"fun\u00e7\u00e3o eom\u00eas\" width=\"546\" height=\"213\"><\/figure><\/div><p> COUNT.WORKDAYS usa essa data como data de t\u00e9rmino para obter o n\u00famero total de dias entre essas duas datas. <\/p><div class=\"wp-block-image\"><figure class=\"aligncenter size-full is-resized\"><img loading=\"lazy\" decoding=\"async\" class=\"wp-image-79819\" src=\"https:\/\/exceladvisor.org\/wp-content\/uploads\/2023\/08\/4-fonction-reseau-pour-obtenir-des-jours.png\" sizes=\"auto, \" srcset=\"\" alt=\"dias de fun\u00e7\u00e3o de rede para obter\" width=\"558\" height=\"279\"><\/figure><\/div><p> E no final, ao especificar uma lista de datas que s\u00e3o feriados. COUNT.WORKDAYS tamb\u00e9m leva isso em considera\u00e7\u00e3o ao calcular o n\u00famero total de dias.<\/p><p> No exemplo acima, utilizamos o primeiro dia de janeiro de 2023. Em janeiro, temos 31 dias no total. E quando voc\u00ea verifica manualmente, voc\u00ea tem 10 finais de semana e feriados no m\u00eas. Isso significa 21 dias \u00fateis para uma empresa. <\/p><div class=\"wp-block-image\"><figure class=\"aligncenter size-full is-resized\"><img loading=\"lazy\" decoding=\"async\" class=\"wp-image-79820\" src=\"https:\/\/exceladvisor.org\/wp-content\/uploads\/2023\/08\/5-exemples-pour-obtenir-des-jours-ouvres.png\" sizes=\"auto, \" srcset=\"\" alt=\"exemplo para conseguir dias \u00fateis\" width=\"616\" height=\"394\"><\/figure><\/div><p> E esse \u00e9 o n\u00famero exato de dias \u00fateis que temos no resultado. <\/p><div class=\"gb-container gb-container-52dfcee1 gb-container-sample-file\"><h2 class=\"gb-headline gb-headline-e289c143 gb-headline-text gb-headline-4f7959c2\"> Obtenha o arquivo Excel<\/h2><p> <a class=\"gb-button gb-button-e88d6bee gb-button-text gb-button-button1\" href=\"https:\/\/exceladvisor.org\/wp-content\/uploads\/2023\/08\/jours-ouvrables.xlsx\" rel=\"nofollow\">Download<\/a><\/p><\/div><div class=\"gb-container gb-container-0df56012 gb-container-mt\"> <a class=\"gb-button gb-button-f9f432f4 gb-button-text gb-button-mt-button\" href=\"https:\/\/exceladvisor.org\/pt\/formulas\/\">Lista de f\u00f3rmulas do Excel<\/a><h2 class=\"gb-headline gb-headline-233444e8 gb-headline-text gb-headline-mt-heading\"> F\u00f3rmulas relacionadas <\/h2><div class=\"gb-grid-wrapper gb-grid-wrapper-a16fa65c gb-grid-wrapper-mt-grid\"><div class=\"gb-grid-column gb-grid-column-50d07e0d\"><div class=\"gb-container gb-container-50d07e0d\"><ul><li> <a href=\"https:\/\/exceladvisor.org\/pt\/adicione-a-data-da-semana\/\">Semana de adi\u00e7\u00e3o e subtra\u00e7\u00e3o de uma data no Excel<\/a><\/li><li> <a href=\"https:\/\/exceladvisor.org\/pt\/pegue-o-nome-do-dia\/\">Obtenha o nome do dia de uma data no Excel<\/a><\/li><li> <a href=\"https:\/\/exceladvisor.org\/pt\/dias-do-mes\/\">Obtenha o n\u00famero total de dias dos meses no Excel<\/a><\/li><li> <a href=\"https:\/\/exceladvisor.org\/pt\/data-para-texto-2\/\">Converter data em texto<\/a> <\/li><\/ul><\/div><\/div><div class=\"gb-grid-column gb-grid-column-5b4a0cf9\"><div class=\"gb-container gb-container-5b4a0cf9\"><ul><li> <a href=\"https:\/\/exceladvisor.org\/pt\/dias-de-contagem-regressiva\/\">Dias de contagem regressiva<\/a><\/li><li> <a href=\"https:\/\/exceladvisor.org\/pt\/dias-entre-duas-datas\/\">Conte os dias entre duas datas<\/a><\/li><li> <a href=\"https:\/\/exceladvisor.org\/pt\/juliana-encontro-2\/\">Converter para data juliana<\/a><\/li><li> <a href=\"https:\/\/exceladvisor.org\/pt\/domingo-anterior-2\/\">Obtenha o domingo anterior<\/a><\/li><\/ul><\/div><\/div><\/div><\/div>","protected":false},"excerpt":{"rendered":"","protected":false},"author":1,"featured_media":0,"parent":0,"menu_order":0,"comment_status":"open","ping_status":"closed","template":"","meta":{"ub_ctt_via":"","footnotes":""},"class_list":["post-198","page","type-page","status-publish","hentry"],"featured_image_src":null,"yoast_head":"<!-- This site is optimized with the Yoast SEO plugin v25.4 - https:\/\/yoast.com\/wordpress\/plugins\/seo\/ -->\n<title>Como extrair os dias \u00fateis de um m\u00eas? - Consultor Excel<\/title>\n<meta name=\"description\" content=\"Este tutorial vai te ensinar como escrever uma f\u00f3rmula Excel para obter o n\u00famero de dias \u00fateis em um m\u00eas. Vamos verificar isso\u2026\" \/>\n<meta name=\"robots\" content=\"index, follow, max-snippet:-1, max-image-preview:large, max-video-preview:-1\" \/>\n<link rel=\"canonical\" href=\"https:\/\/exceladvisor.org\/pt\/meses-dias-uteis\/\" \/>\n<meta property=\"og:locale\" content=\"pt_PT\" \/>\n<meta property=\"og:type\" content=\"article\" \/>\n<meta property=\"og:title\" content=\"Como extrair os dias \u00fateis de um m\u00eas? - Consultor Excel\" \/>\n<meta property=\"og:description\" content=\"Este tutorial vai te ensinar como escrever uma f\u00f3rmula Excel para obter o n\u00famero de dias \u00fateis em um m\u00eas. Vamos verificar isso\u2026\" \/>\n<meta property=\"og:url\" content=\"https:\/\/exceladvisor.org\/pt\/meses-dias-uteis\/\" \/>\n<meta property=\"og:site_name\" content=\"Excel Advisor\" \/>\n<meta property=\"article:modified_time\" content=\"2023-12-06T11:37:45+00:00\" \/>\n<meta property=\"og:image\" content=\"https:\/\/exceladvisor.org\/wp-content\/uploads\/2023\/08\/1-jours-ouvres-par-mois.png\" \/>\n<meta name=\"twitter:card\" content=\"summary_large_image\" \/>\n<meta name=\"twitter:label1\" content=\"Tempo estimado de leitura\" \/>\n\t<meta name=\"twitter:data1\" content=\"2 minutos\" \/>\n<script type=\"application\/ld+json\" class=\"yoast-schema-graph\">{\"@context\":\"https:\/\/schema.org\",\"@graph\":[{\"@type\":\"WebPage\",\"@id\":\"https:\/\/exceladvisor.org\/pt\/meses-dias-uteis\/\",\"url\":\"https:\/\/exceladvisor.org\/pt\/meses-dias-uteis\/\",\"name\":\"Como extrair os dias \u00fateis de um m\u00eas? - Consultor Excel\",\"isPartOf\":{\"@id\":\"https:\/\/exceladvisor.org\/pt\/#website\"},\"primaryImageOfPage\":{\"@id\":\"https:\/\/exceladvisor.org\/pt\/meses-dias-uteis\/#primaryimage\"},\"image\":{\"@id\":\"https:\/\/exceladvisor.org\/pt\/meses-dias-uteis\/#primaryimage\"},\"thumbnailUrl\":\"https:\/\/exceladvisor.org\/wp-content\/uploads\/2023\/08\/1-jours-ouvres-par-mois.png\",\"datePublished\":\"2023-11-12T13:33:22+00:00\",\"dateModified\":\"2023-12-06T11:37:45+00:00\",\"description\":\"Este tutorial vai te ensinar como escrever uma f\u00f3rmula Excel para obter o n\u00famero de dias \u00fateis em um m\u00eas. Vamos verificar isso\u2026\",\"breadcrumb\":{\"@id\":\"https:\/\/exceladvisor.org\/pt\/meses-dias-uteis\/#breadcrumb\"},\"inLanguage\":\"pt-PT\",\"potentialAction\":[{\"@type\":\"ReadAction\",\"target\":[\"https:\/\/exceladvisor.org\/pt\/meses-dias-uteis\/\"]}]},{\"@type\":\"ImageObject\",\"inLanguage\":\"pt-PT\",\"@id\":\"https:\/\/exceladvisor.org\/pt\/meses-dias-uteis\/#primaryimage\",\"url\":\"https:\/\/exceladvisor.org\/wp-content\/uploads\/2023\/08\/1-jours-ouvres-par-mois.png\",\"contentUrl\":\"https:\/\/exceladvisor.org\/wp-content\/uploads\/2023\/08\/1-jours-ouvres-par-mois.png\"},{\"@type\":\"BreadcrumbList\",\"@id\":\"https:\/\/exceladvisor.org\/pt\/meses-dias-uteis\/#breadcrumb\",\"itemListElement\":[{\"@type\":\"ListItem\",\"position\":1,\"name\":\"Lar\",\"item\":\"https:\/\/exceladvisor.org\/pt\/\"},{\"@type\":\"ListItem\",\"position\":2,\"name\":\"Como extrair os dias \u00fateis de um m\u00eas?\"}]},{\"@type\":\"WebSite\",\"@id\":\"https:\/\/exceladvisor.org\/pt\/#website\",\"url\":\"https:\/\/exceladvisor.org\/pt\/\",\"name\":\"Excel Advisor\",\"description\":\"O seu guia definitivo para dominar os dados!\",\"publisher\":{\"@id\":\"https:\/\/exceladvisor.org\/pt\/#organization\"},\"potentialAction\":[{\"@type\":\"SearchAction\",\"target\":{\"@type\":\"EntryPoint\",\"urlTemplate\":\"https:\/\/exceladvisor.org\/pt\/?s={search_term_string}\"},\"query-input\":{\"@type\":\"PropertyValueSpecification\",\"valueRequired\":true,\"valueName\":\"search_term_string\"}}],\"inLanguage\":\"pt-PT\"},{\"@type\":\"Organization\",\"@id\":\"https:\/\/exceladvisor.org\/pt\/#organization\",\"name\":\"Excel Advisor\",\"url\":\"https:\/\/exceladvisor.org\/pt\/\",\"logo\":{\"@type\":\"ImageObject\",\"inLanguage\":\"pt-PT\",\"@id\":\"https:\/\/exceladvisor.org\/pt\/#\/schema\/logo\/image\/\",\"url\":\"https:\/\/exceladvisor.org\/pt\/wp-content\/uploads\/2023\/12\/exceladvisor.org_.png\",\"contentUrl\":\"https:\/\/exceladvisor.org\/pt\/wp-content\/uploads\/2023\/12\/exceladvisor.org_.png\",\"width\":105,\"height\":36,\"caption\":\"Excel Advisor\"},\"image\":{\"@id\":\"https:\/\/exceladvisor.org\/pt\/#\/schema\/logo\/image\/\"}}]}<\/script>\n<!-- \/ Yoast SEO plugin. -->","yoast_head_json":{"title":"Como extrair os dias \u00fateis de um m\u00eas? - Consultor Excel","description":"Este tutorial vai te ensinar como escrever uma f\u00f3rmula Excel para obter o n\u00famero de dias \u00fateis em um m\u00eas. Vamos verificar isso\u2026","robots":{"index":"index","follow":"follow","max-snippet":"max-snippet:-1","max-image-preview":"max-image-preview:large","max-video-preview":"max-video-preview:-1"},"canonical":"https:\/\/exceladvisor.org\/pt\/meses-dias-uteis\/","og_locale":"pt_PT","og_type":"article","og_title":"Como extrair os dias \u00fateis de um m\u00eas? - Consultor Excel","og_description":"Este tutorial vai te ensinar como escrever uma f\u00f3rmula Excel para obter o n\u00famero de dias \u00fateis em um m\u00eas. Vamos verificar isso\u2026","og_url":"https:\/\/exceladvisor.org\/pt\/meses-dias-uteis\/","og_site_name":"Excel Advisor","article_modified_time":"2023-12-06T11:37:45+00:00","og_image":[{"url":"https:\/\/exceladvisor.org\/wp-content\/uploads\/2023\/08\/1-jours-ouvres-par-mois.png","type":"","width":"","height":""}],"twitter_card":"summary_large_image","twitter_misc":{"Tempo estimado de leitura":"2 minutos"},"schema":{"@context":"https:\/\/schema.org","@graph":[{"@type":"WebPage","@id":"https:\/\/exceladvisor.org\/pt\/meses-dias-uteis\/","url":"https:\/\/exceladvisor.org\/pt\/meses-dias-uteis\/","name":"Como extrair os dias \u00fateis de um m\u00eas? - Consultor Excel","isPartOf":{"@id":"https:\/\/exceladvisor.org\/pt\/#website"},"primaryImageOfPage":{"@id":"https:\/\/exceladvisor.org\/pt\/meses-dias-uteis\/#primaryimage"},"image":{"@id":"https:\/\/exceladvisor.org\/pt\/meses-dias-uteis\/#primaryimage"},"thumbnailUrl":"https:\/\/exceladvisor.org\/wp-content\/uploads\/2023\/08\/1-jours-ouvres-par-mois.png","datePublished":"2023-11-12T13:33:22+00:00","dateModified":"2023-12-06T11:37:45+00:00","description":"Este tutorial vai te ensinar como escrever uma f\u00f3rmula Excel para obter o n\u00famero de dias \u00fateis em um m\u00eas. Vamos verificar isso\u2026","breadcrumb":{"@id":"https:\/\/exceladvisor.org\/pt\/meses-dias-uteis\/#breadcrumb"},"inLanguage":"pt-PT","potentialAction":[{"@type":"ReadAction","target":["https:\/\/exceladvisor.org\/pt\/meses-dias-uteis\/"]}]},{"@type":"ImageObject","inLanguage":"pt-PT","@id":"https:\/\/exceladvisor.org\/pt\/meses-dias-uteis\/#primaryimage","url":"https:\/\/exceladvisor.org\/wp-content\/uploads\/2023\/08\/1-jours-ouvres-par-mois.png","contentUrl":"https:\/\/exceladvisor.org\/wp-content\/uploads\/2023\/08\/1-jours-ouvres-par-mois.png"},{"@type":"BreadcrumbList","@id":"https:\/\/exceladvisor.org\/pt\/meses-dias-uteis\/#breadcrumb","itemListElement":[{"@type":"ListItem","position":1,"name":"Lar","item":"https:\/\/exceladvisor.org\/pt\/"},{"@type":"ListItem","position":2,"name":"Como extrair os dias \u00fateis de um m\u00eas?"}]},{"@type":"WebSite","@id":"https:\/\/exceladvisor.org\/pt\/#website","url":"https:\/\/exceladvisor.org\/pt\/","name":"Excel Advisor","description":"O seu guia definitivo para dominar os dados!","publisher":{"@id":"https:\/\/exceladvisor.org\/pt\/#organization"},"potentialAction":[{"@type":"SearchAction","target":{"@type":"EntryPoint","urlTemplate":"https:\/\/exceladvisor.org\/pt\/?s={search_term_string}"},"query-input":{"@type":"PropertyValueSpecification","valueRequired":true,"valueName":"search_term_string"}}],"inLanguage":"pt-PT"},{"@type":"Organization","@id":"https:\/\/exceladvisor.org\/pt\/#organization","name":"Excel Advisor","url":"https:\/\/exceladvisor.org\/pt\/","logo":{"@type":"ImageObject","inLanguage":"pt-PT","@id":"https:\/\/exceladvisor.org\/pt\/#\/schema\/logo\/image\/","url":"https:\/\/exceladvisor.org\/pt\/wp-content\/uploads\/2023\/12\/exceladvisor.org_.png","contentUrl":"https:\/\/exceladvisor.org\/pt\/wp-content\/uploads\/2023\/12\/exceladvisor.org_.png","width":105,"height":36,"caption":"Excel Advisor"},"image":{"@id":"https:\/\/exceladvisor.org\/pt\/#\/schema\/logo\/image\/"}}]}},"yoast_meta":{"yoast_wpseo_title":"","yoast_wpseo_metadesc":"","yoast_wpseo_canonical":""},"_links":{"self":[{"href":"https:\/\/exceladvisor.org\/pt\/wp-json\/wp\/v2\/pages\/198","targetHints":{"allow":["GET"]}}],"collection":[{"href":"https:\/\/exceladvisor.org\/pt\/wp-json\/wp\/v2\/pages"}],"about":[{"href":"https:\/\/exceladvisor.org\/pt\/wp-json\/wp\/v2\/types\/page"}],"author":[{"embeddable":true,"href":"https:\/\/exceladvisor.org\/pt\/wp-json\/wp\/v2\/users\/1"}],"replies":[{"embeddable":true,"href":"https:\/\/exceladvisor.org\/pt\/wp-json\/wp\/v2\/comments?post=198"}],"version-history":[{"count":1,"href":"https:\/\/exceladvisor.org\/pt\/wp-json\/wp\/v2\/pages\/198\/revisions"}],"predecessor-version":[{"id":1065,"href":"https:\/\/exceladvisor.org\/pt\/wp-json\/wp\/v2\/pages\/198\/revisions\/1065"}],"wp:attachment":[{"href":"https:\/\/exceladvisor.org\/pt\/wp-json\/wp\/v2\/media?parent=198"}],"curies":[{"name":"wp","href":"https:\/\/api.w.org\/{rel}","templated":true}]}}