{"id":20,"date":"2023-11-21T00:24:01","date_gmt":"2023-11-21T00:24:01","guid":{"rendered":"https:\/\/exceladvisor.org\/pt\/planilha\/"},"modified":"2023-12-06T11:51:17","modified_gmt":"2023-12-06T11:51:17","slug":"planilha","status":"publish","type":"page","link":"https:\/\/exceladvisor.org\/pt\/planilha\/","title":{"rendered":"O que \u00e9 uma planilha excel?"},"content":{"rendered":"<div class=\"excel-before-content-2\" id=\"excel-2192872655\"><script type=\"text\/javascript\">\r\n\tatOptions = {\r\n\t\t'key' : 'c1158f160081d6540a8409e6925dab94',\r\n\t\t'format' : 'iframe',\r\n\t\t'height' : 250,\r\n\t\t'width' : 300,\r\n\t\t'params' : {}\r\n\t};\r\n<\/script>\r\n<script type=\"text\/javascript\" src=\"\/\/www.highperformanceformat.com\/c1158f160081d6540a8409e6925dab94\/invoke.js\"><\/script><\/div><div class=\"excel-before-content\" id=\"excel-2200773716\"><script type=\"text\/javascript\">\r\n\tatOptions = {\r\n\t\t'key' : 'c1158f160081d6540a8409e6925dab94',\r\n\t\t'format' : 'iframe',\r\n\t\t'height' : 250,\r\n\t\t'width' : 300,\r\n\t\t'params' : {}\r\n\t};\r\n<\/script>\r\n<script type=\"text\/javascript\" src=\"\/\/www.highperformanceformat.com\/c1158f160081d6540a8409e6925dab94\/invoke.js\"><\/script><\/div> <p>No Excel, uma planilha \u00e9 uma cole\u00e7\u00e3o de milh\u00f5es de c\u00e9lulas nas quais voc\u00ea pode armazenar dados. Pense em uma \u00fanica planilha como uma p\u00e1gina de um caderno com centenas de p\u00e1ginas. Da mesma forma, voc\u00ea pode ter v\u00e1rias planilhas em uma pasta de trabalho (arquivo Excel). <\/p><div class=\"wp-block-image\"><figure class=\"aligncenter size-full is-resized\"><img loading=\"lazy\" decoding=\"async\" class=\"wp-image-92273\" src=\"https:\/\/exceladvisor.org\/wp-content\/uploads\/2023\/08\/1-feuille-excel-et-feuille-de-calcul.png\" sizes=\"auto, \" srcset=\"\" alt=\"Planilha e planilha Excel\" width=\"547\" height=\"370\"><\/figure><\/div><h2 id=\"h-max-number-of-worksheets\" class=\"wp-block-heading\"> N\u00famero m\u00e1ximo de planilhas<\/h2><p> Voc\u00ea pode inserir v\u00e1rias planilhas em uma pasta de trabalho, a menos que tenha pouca mem\u00f3ria. Testei adicionando mais de 4.000 planilhas em uma \u00fanica pasta de trabalho. <\/p><div class=\"wp-block-image\"><figure class=\"aligncenter size-full is-resized\"><img loading=\"lazy\" decoding=\"async\" class=\"wp-image-92275\" src=\"https:\/\/exceladvisor.org\/wp-content\/uploads\/2023\/08\/2-nombre-maximum-de-feuilles-de-travail.png\" sizes=\"auto, \" srcset=\"\" alt=\"n\u00famero m\u00e1ximo de planilhas\" width=\"338\" height=\"101\"><\/figure><\/div><p> Voc\u00ea s\u00f3 precisa saber que s\u00f3 pode adicionar 255 planilhas por vez. Portanto, ao adicionar v\u00e1rias planilhas ou usar c\u00f3digo VBA, voc\u00ea s\u00f3 pode adicionar 255 planilhas por vez.<\/p><h2 id=\"h-is-there-any-difference-between-a-sheet-and-a-worksheet\" class=\"wp-block-heading\"> Existe alguma diferen\u00e7a entre uma planilha e uma planilha?<\/h2><p> Sim, h\u00e1 uma pequena diferen\u00e7a. Uma planilha \u00e9 um tipo de planilha. No Excel, ao clicar com o bot\u00e3o direito na guia da planilha e clicar em Inserir, voc\u00ea ver\u00e1 uma caixa de di\u00e1logo permitindo selecionar a planilha que deseja adicionar. <\/p><div class=\"wp-block-image\"><figure class=\"aligncenter size-full is-resized\"><img loading=\"lazy\" decoding=\"async\" class=\"wp-image-92276\" src=\"https:\/\/exceladvisor.org\/wp-content\/uploads\/2023\/08\/3-feuille-vs-feuille-de-calcul.png\" sizes=\"auto, \" srcset=\"\" alt=\"planilha x planilha\" width=\"502\" height=\"384\"><\/figure><\/div><p> Voc\u00ea pode inserir quatro folhas diferentes.<\/p><ol type=\"1\"><li> Planilha<\/li><li> Gr\u00e1fico<\/li><li> MS Excel 4.0 Macro<\/li><li> Caixa de di\u00e1logo MS Excel 5.0<\/li><\/ol><h2> Fatos chocantes sobre planilhas do Excel<\/h2><p> <strong>O que h\u00e1 de t\u00e3o especial nas planilhas?<\/strong><\/p><p> Uma planilha \u00e9 um livro-raz\u00e3o digital que armazena dados em c\u00e9lulas exibidas em linhas e colunas, o que \u00e9 chamado de formato tabular. Basicamente, uma planilha \u00e9 um documento bidimensional projetado para armazenar e calcular dados. \u00c9 uma ferramenta poderosa para tarefas como processamento de n\u00fameros, armazenamento de listas e controle de or\u00e7amento.<\/p><p> <strong>Quantas fun\u00e7\u00f5es existem para a planilha?<\/strong><\/p><p> Existem mais de 450 fun\u00e7\u00f5es integradas dispon\u00edveis. Por exemplo, voc\u00ea sabe o que \u00e9 o algarismo ar\u00e1bico MMMCMXCIX? Voc\u00ea \u00e9 realmente incr\u00edvel se fizer isso! Por\u00e9m, n\u00e3o perca a moralidade se n\u00e3o conseguir dar uma resposta clara: o Excel oferece uma solu\u00e7\u00e3o simples e elegante.<\/p><p> Esta fun\u00e7\u00e3o \u00e9 chamada ARABIC e, como voc\u00ea deve ter adivinhado, converte algarismos romanos em algarismos ar\u00e1bicos.<\/p><p> <strong>Voc\u00ea n\u00e3o pode nomear sua planilha como &#8220;Hist\u00f3rico&#8221;<\/strong><\/p><p> Em cada pasta de trabalho, o Excel cria uma planilha auxiliar chamada \u201cHist\u00f3rico\u201d para rastrear altera\u00e7\u00f5es entre pastas de trabalho compartilhadas.<\/p><p> No entanto, quer voc\u00ea compartilhe sua pasta de trabalho ou n\u00e3o, n\u00e3o \u00e9 poss\u00edvel criar uma planilha chamada \u201cHist\u00f3rico\u201d porque \u00e9 um nome reservado. Se voc\u00ea tentar fazer isso, o seguinte alerta de erro aparecer\u00e1. <\/p><p><img loading=\"lazy\" decoding=\"async\" class=\"alignnone size-full wp-image-13272\" src=\"https:\/\/exceladvisor.org\/wp-content\/uploads\/2023\/11\/history.png\" alt=\"hist\u00f3ria\" width=\"217\" height=\"115\"><\/p><p> <strong>Quantos hiperlinks uma planilha pode conter?<\/strong><\/p><p> Por que voc\u00ea precisaria de tantos hiperlinks? Quaisquer que sejam os objetivos maliciosos que voc\u00ea perseguir, lembre-se de que o n\u00famero deles \u00e9 limitado a 65.530. A \u00fanica coisa que voc\u00ea pode fazer \u00e9 aceit\u00e1-lo.<\/p><p> <strong>Quantos elementos n\u00e3o cont\u00edguos voc\u00ea pode selecionar em uma planilha?<\/strong><\/p><p> Desafie o Excel selecionando 2.147.483.648 c\u00e9lulas n\u00e3o cont\u00edguas ao mesmo tempo \u2013 e veja o que acontece. Se voc\u00ea selecionar uma c\u00e9lula por segundo, levar\u00e1 cerca de 68 anos de trabalho tedioso. N\u00e3o importa se voc\u00ea atinge seu objetivo ambicioso ou desiste no meio do caminho, agora voc\u00ea est\u00e1 ciente de suas infinitas possibilidades.<\/p><p> <strong>Quantas linhas e colunas existem em uma planilha?<\/strong><\/p><p> Cada planilha \u00e9 composta por 1.048.576 linhas por 16.384 colunas, o que se traduz em 17.179.869.184 c\u00e9lulas.<\/p><p> <strong>Planilha Excel pode ser usada para belas artes<\/strong><\/p><p> Embora as fun\u00e7\u00f5es financeiras tendam a se concentrar menos no lado criativo e mais no lado simples dos neg\u00f3cios e dos n\u00fameros, o Excel pode literalmente fazer arte. Um japon\u00eas, <a href=\"https:\/\/www.boredpanda.com\/80-year-old-excel-paintings-tatsuo-horiuchi\/\">Tatsuo Horiuchi<\/a> , passou anos criando paisagens incrivelmente belas usando uma \u00fanica ferramenta, o Excel. <\/p><p><img loading=\"lazy\" decoding=\"async\" class=\"alignnone size-full wp-image-13273\" src=\"https:\/\/exceladvisor.org\/wp-content\/uploads\/2023\/11\/excel-art.jpg\" alt=\"arte excel\" width=\"700\" height=\"364\" srcset=\"https:\/\/exceladvisor.org\/wp-content\/uploads\/2023\/11\/excel-art.jpg 700w, https:\/\/exceladvisor.org\/wp-content\/uploads\/2023\/11\/excel-art-300x156.jpg 300w\" sizes=\"auto, (max-width: 700px) 100vw, 700px\"><\/p><p> <strong>Excel suporta 16 milh\u00f5es de cores<\/strong><\/p><p> A partir do Excel 2007, sua criatividade n\u00e3o est\u00e1 mais limitada \u00e0s 56 cores padr\u00e3o como acontecia antes. Agora voc\u00ea est\u00e1 livre para utilizar totalmente o espectro de cores de 24 bits e se expressar usando 16 milh\u00f5es de cores! \u00c9 claro que voc\u00ea n\u00e3o ser\u00e1 a primeira pessoa a usar o Excel em vez de um software de arte gr\u00e1fica, mas poder\u00e1 simplesmente experiment\u00e1-lo e provavelmente criar sua pr\u00f3pria obra-prima digital.<\/p><p> Abaixo est\u00e3o alguns tutoriais que ajudar\u00e3o voc\u00ea a aprender mais: <\/p><div class=\"gb-grid-wrapper gb-grid-wrapper-7600a9f5\"><div class=\"gb-grid-column gb-grid-column-108ef88c\"><div class=\"gb-container gb-container-108ef88c\"><ul><li> <a href=\"https:\/\/exceladvisor.org\/pt\/adicionar\/\">Adicione uma folha<\/a><\/li><li> <a href=\"https:\/\/exceladvisor.org\/pt\/mostrar\/\">Ver uma planilha do Excel<\/a><\/li><li> <a href=\"https:\/\/exceladvisor.org\/pt\/trancar\/\">Bloquear uma planilha<\/a><\/li><li> <a href=\"https:\/\/exceladvisor.org\/pt\/abrir\/\">Desbloquear uma planilha<\/a><\/li><li> <a href=\"https:\/\/exceladvisor.org\/pt\/copia-1\/\">Copiar ou mover uma planilha<\/a> <\/li><\/ul><\/div><\/div><div class=\"gb-grid-column gb-grid-column-3909e948\"><div class=\"gb-container gb-container-3909e948\"><\/div><\/div><\/div>","protected":false},"excerpt":{"rendered":"","protected":false},"author":1,"featured_media":0,"parent":0,"menu_order":0,"comment_status":"open","ping_status":"closed","template":"","meta":{"ub_ctt_via":"","footnotes":""},"class_list":["post-20","page","type-page","status-publish","hentry"],"featured_image_src":null,"yoast_head":"<!-- This site is optimized with the Yoast SEO plugin v25.4 - https:\/\/yoast.com\/wordpress\/plugins\/seo\/ -->\n<title>Mais de 10 fatos ocultos sobre planilhas do Excel 2023<\/title>\n<meta name=\"description\" content=\"No Excel, uma planilha \u00e9 uma cole\u00e7\u00e3o de milh\u00f5es de c\u00e9lulas nas quais voc\u00ea pode armazenar dados. Considerar\" \/>\n<meta name=\"robots\" content=\"index, follow, max-snippet:-1, max-image-preview:large, max-video-preview:-1\" \/>\n<link rel=\"canonical\" href=\"https:\/\/exceladvisor.org\/pt\/planilha\/\" \/>\n<meta property=\"og:locale\" content=\"pt_PT\" \/>\n<meta property=\"og:type\" content=\"article\" \/>\n<meta property=\"og:title\" content=\"Mais de 10 fatos ocultos sobre planilhas do Excel 2023\" \/>\n<meta property=\"og:description\" content=\"No Excel, uma planilha \u00e9 uma cole\u00e7\u00e3o de milh\u00f5es de c\u00e9lulas nas quais voc\u00ea pode armazenar dados. Considerar\" \/>\n<meta property=\"og:url\" content=\"https:\/\/exceladvisor.org\/pt\/planilha\/\" \/>\n<meta property=\"og:site_name\" content=\"Excel Advisor\" \/>\n<meta property=\"article:modified_time\" content=\"2023-12-06T11:51:17+00:00\" \/>\n<meta property=\"og:image\" content=\"https:\/\/exceladvisor.org\/wp-content\/uploads\/2023\/08\/1-feuille-excel-et-feuille-de-calcul.png\" \/>\n<meta name=\"twitter:card\" content=\"summary_large_image\" \/>\n<meta name=\"twitter:label1\" content=\"Tempo estimado de leitura\" \/>\n\t<meta name=\"twitter:data1\" content=\"3 minutos\" \/>\n<script type=\"application\/ld+json\" class=\"yoast-schema-graph\">{\"@context\":\"https:\/\/schema.org\",\"@graph\":[{\"@type\":\"WebPage\",\"@id\":\"https:\/\/exceladvisor.org\/pt\/planilha\/\",\"url\":\"https:\/\/exceladvisor.org\/pt\/planilha\/\",\"name\":\"Mais de 10 fatos ocultos sobre planilhas do Excel 2023\",\"isPartOf\":{\"@id\":\"https:\/\/exceladvisor.org\/pt\/#website\"},\"primaryImageOfPage\":{\"@id\":\"https:\/\/exceladvisor.org\/pt\/planilha\/#primaryimage\"},\"image\":{\"@id\":\"https:\/\/exceladvisor.org\/pt\/planilha\/#primaryimage\"},\"thumbnailUrl\":\"https:\/\/exceladvisor.org\/wp-content\/uploads\/2023\/08\/1-feuille-excel-et-feuille-de-calcul.png\",\"datePublished\":\"2023-11-21T00:24:01+00:00\",\"dateModified\":\"2023-12-06T11:51:17+00:00\",\"description\":\"No Excel, uma planilha \u00e9 uma cole\u00e7\u00e3o de milh\u00f5es de c\u00e9lulas nas quais voc\u00ea pode armazenar dados. Considerar\",\"breadcrumb\":{\"@id\":\"https:\/\/exceladvisor.org\/pt\/planilha\/#breadcrumb\"},\"inLanguage\":\"pt-PT\",\"potentialAction\":[{\"@type\":\"ReadAction\",\"target\":[\"https:\/\/exceladvisor.org\/pt\/planilha\/\"]}]},{\"@type\":\"ImageObject\",\"inLanguage\":\"pt-PT\",\"@id\":\"https:\/\/exceladvisor.org\/pt\/planilha\/#primaryimage\",\"url\":\"https:\/\/exceladvisor.org\/wp-content\/uploads\/2023\/08\/1-feuille-excel-et-feuille-de-calcul.png\",\"contentUrl\":\"https:\/\/exceladvisor.org\/wp-content\/uploads\/2023\/08\/1-feuille-excel-et-feuille-de-calcul.png\"},{\"@type\":\"BreadcrumbList\",\"@id\":\"https:\/\/exceladvisor.org\/pt\/planilha\/#breadcrumb\",\"itemListElement\":[{\"@type\":\"ListItem\",\"position\":1,\"name\":\"Lar\",\"item\":\"https:\/\/exceladvisor.org\/pt\/\"},{\"@type\":\"ListItem\",\"position\":2,\"name\":\"O que \u00e9 uma planilha excel?\"}]},{\"@type\":\"WebSite\",\"@id\":\"https:\/\/exceladvisor.org\/pt\/#website\",\"url\":\"https:\/\/exceladvisor.org\/pt\/\",\"name\":\"Excel Advisor\",\"description\":\"O seu guia definitivo para dominar os dados!\",\"publisher\":{\"@id\":\"https:\/\/exceladvisor.org\/pt\/#organization\"},\"potentialAction\":[{\"@type\":\"SearchAction\",\"target\":{\"@type\":\"EntryPoint\",\"urlTemplate\":\"https:\/\/exceladvisor.org\/pt\/?s={search_term_string}\"},\"query-input\":{\"@type\":\"PropertyValueSpecification\",\"valueRequired\":true,\"valueName\":\"search_term_string\"}}],\"inLanguage\":\"pt-PT\"},{\"@type\":\"Organization\",\"@id\":\"https:\/\/exceladvisor.org\/pt\/#organization\",\"name\":\"Excel Advisor\",\"url\":\"https:\/\/exceladvisor.org\/pt\/\",\"logo\":{\"@type\":\"ImageObject\",\"inLanguage\":\"pt-PT\",\"@id\":\"https:\/\/exceladvisor.org\/pt\/#\/schema\/logo\/image\/\",\"url\":\"https:\/\/exceladvisor.org\/pt\/wp-content\/uploads\/2023\/12\/exceladvisor.org_.png\",\"contentUrl\":\"https:\/\/exceladvisor.org\/pt\/wp-content\/uploads\/2023\/12\/exceladvisor.org_.png\",\"width\":105,\"height\":36,\"caption\":\"Excel Advisor\"},\"image\":{\"@id\":\"https:\/\/exceladvisor.org\/pt\/#\/schema\/logo\/image\/\"}}]}<\/script>\n<!-- \/ Yoast SEO plugin. -->","yoast_head_json":{"title":"Mais de 10 fatos ocultos sobre planilhas do Excel 2023","description":"No Excel, uma planilha \u00e9 uma cole\u00e7\u00e3o de milh\u00f5es de c\u00e9lulas nas quais voc\u00ea pode armazenar dados. Considerar","robots":{"index":"index","follow":"follow","max-snippet":"max-snippet:-1","max-image-preview":"max-image-preview:large","max-video-preview":"max-video-preview:-1"},"canonical":"https:\/\/exceladvisor.org\/pt\/planilha\/","og_locale":"pt_PT","og_type":"article","og_title":"Mais de 10 fatos ocultos sobre planilhas do Excel 2023","og_description":"No Excel, uma planilha \u00e9 uma cole\u00e7\u00e3o de milh\u00f5es de c\u00e9lulas nas quais voc\u00ea pode armazenar dados. Considerar","og_url":"https:\/\/exceladvisor.org\/pt\/planilha\/","og_site_name":"Excel Advisor","article_modified_time":"2023-12-06T11:51:17+00:00","og_image":[{"url":"https:\/\/exceladvisor.org\/wp-content\/uploads\/2023\/08\/1-feuille-excel-et-feuille-de-calcul.png","type":"","width":"","height":""}],"twitter_card":"summary_large_image","twitter_misc":{"Tempo estimado de leitura":"3 minutos"},"schema":{"@context":"https:\/\/schema.org","@graph":[{"@type":"WebPage","@id":"https:\/\/exceladvisor.org\/pt\/planilha\/","url":"https:\/\/exceladvisor.org\/pt\/planilha\/","name":"Mais de 10 fatos ocultos sobre planilhas do Excel 2023","isPartOf":{"@id":"https:\/\/exceladvisor.org\/pt\/#website"},"primaryImageOfPage":{"@id":"https:\/\/exceladvisor.org\/pt\/planilha\/#primaryimage"},"image":{"@id":"https:\/\/exceladvisor.org\/pt\/planilha\/#primaryimage"},"thumbnailUrl":"https:\/\/exceladvisor.org\/wp-content\/uploads\/2023\/08\/1-feuille-excel-et-feuille-de-calcul.png","datePublished":"2023-11-21T00:24:01+00:00","dateModified":"2023-12-06T11:51:17+00:00","description":"No Excel, uma planilha \u00e9 uma cole\u00e7\u00e3o de milh\u00f5es de c\u00e9lulas nas quais voc\u00ea pode armazenar dados. Considerar","breadcrumb":{"@id":"https:\/\/exceladvisor.org\/pt\/planilha\/#breadcrumb"},"inLanguage":"pt-PT","potentialAction":[{"@type":"ReadAction","target":["https:\/\/exceladvisor.org\/pt\/planilha\/"]}]},{"@type":"ImageObject","inLanguage":"pt-PT","@id":"https:\/\/exceladvisor.org\/pt\/planilha\/#primaryimage","url":"https:\/\/exceladvisor.org\/wp-content\/uploads\/2023\/08\/1-feuille-excel-et-feuille-de-calcul.png","contentUrl":"https:\/\/exceladvisor.org\/wp-content\/uploads\/2023\/08\/1-feuille-excel-et-feuille-de-calcul.png"},{"@type":"BreadcrumbList","@id":"https:\/\/exceladvisor.org\/pt\/planilha\/#breadcrumb","itemListElement":[{"@type":"ListItem","position":1,"name":"Lar","item":"https:\/\/exceladvisor.org\/pt\/"},{"@type":"ListItem","position":2,"name":"O que \u00e9 uma planilha excel?"}]},{"@type":"WebSite","@id":"https:\/\/exceladvisor.org\/pt\/#website","url":"https:\/\/exceladvisor.org\/pt\/","name":"Excel Advisor","description":"O seu guia definitivo para dominar os dados!","publisher":{"@id":"https:\/\/exceladvisor.org\/pt\/#organization"},"potentialAction":[{"@type":"SearchAction","target":{"@type":"EntryPoint","urlTemplate":"https:\/\/exceladvisor.org\/pt\/?s={search_term_string}"},"query-input":{"@type":"PropertyValueSpecification","valueRequired":true,"valueName":"search_term_string"}}],"inLanguage":"pt-PT"},{"@type":"Organization","@id":"https:\/\/exceladvisor.org\/pt\/#organization","name":"Excel Advisor","url":"https:\/\/exceladvisor.org\/pt\/","logo":{"@type":"ImageObject","inLanguage":"pt-PT","@id":"https:\/\/exceladvisor.org\/pt\/#\/schema\/logo\/image\/","url":"https:\/\/exceladvisor.org\/pt\/wp-content\/uploads\/2023\/12\/exceladvisor.org_.png","contentUrl":"https:\/\/exceladvisor.org\/pt\/wp-content\/uploads\/2023\/12\/exceladvisor.org_.png","width":105,"height":36,"caption":"Excel Advisor"},"image":{"@id":"https:\/\/exceladvisor.org\/pt\/#\/schema\/logo\/image\/"}}]}},"yoast_meta":{"yoast_wpseo_title":"","yoast_wpseo_metadesc":"","yoast_wpseo_canonical":""},"_links":{"self":[{"href":"https:\/\/exceladvisor.org\/pt\/wp-json\/wp\/v2\/pages\/20","targetHints":{"allow":["GET"]}}],"collection":[{"href":"https:\/\/exceladvisor.org\/pt\/wp-json\/wp\/v2\/pages"}],"about":[{"href":"https:\/\/exceladvisor.org\/pt\/wp-json\/wp\/v2\/types\/page"}],"author":[{"embeddable":true,"href":"https:\/\/exceladvisor.org\/pt\/wp-json\/wp\/v2\/users\/1"}],"replies":[{"embeddable":true,"href":"https:\/\/exceladvisor.org\/pt\/wp-json\/wp\/v2\/comments?post=20"}],"version-history":[{"count":1,"href":"https:\/\/exceladvisor.org\/pt\/wp-json\/wp\/v2\/pages\/20\/revisions"}],"predecessor-version":[{"id":1463,"href":"https:\/\/exceladvisor.org\/pt\/wp-json\/wp\/v2\/pages\/20\/revisions\/1463"}],"wp:attachment":[{"href":"https:\/\/exceladvisor.org\/pt\/wp-json\/wp\/v2\/media?parent=20"}],"curies":[{"name":"wp","href":"https:\/\/api.w.org\/{rel}","templated":true}]}}