{"id":201,"date":"2023-11-11T18:01:38","date_gmt":"2023-11-11T18:01:38","guid":{"rendered":"https:\/\/exceladvisor.org\/pt\/adicione-uma-linha-vertical\/"},"modified":"2023-12-06T11:34:12","modified_gmt":"2023-12-06T11:34:12","slug":"adicione-uma-linha-vertical","status":"publish","type":"page","link":"https:\/\/exceladvisor.org\/pt\/adicione-uma-linha-vertical\/","title":{"rendered":"Como adicionar uma linha vertical a um gr\u00e1fico?"},"content":{"rendered":"<div class=\"excel-before-content-2\" id=\"excel-104746703\"><script type=\"text\/javascript\">\r\n\tatOptions = {\r\n\t\t'key' : 'c1158f160081d6540a8409e6925dab94',\r\n\t\t'format' : 'iframe',\r\n\t\t'height' : 250,\r\n\t\t'width' : 300,\r\n\t\t'params' : {}\r\n\t};\r\n<\/script>\r\n<script type=\"text\/javascript\" src=\"\/\/www.highperformanceformat.com\/c1158f160081d6540a8409e6925dab94\/invoke.js\"><\/script><\/div><div class=\"excel-before-content\" id=\"excel-1917698346\"><script type=\"text\/javascript\">\r\n\tatOptions = {\r\n\t\t'key' : 'c1158f160081d6540a8409e6925dab94',\r\n\t\t'format' : 'iframe',\r\n\t\t'height' : 250,\r\n\t\t'width' : 300,\r\n\t\t'params' : {}\r\n\t};\r\n<\/script>\r\n<script type=\"text\/javascript\" src=\"\/\/www.highperformanceformat.com\/c1158f160081d6540a8409e6925dab94\/invoke.js\"><\/script><\/div> <p>\u00c0s vezes, ao apresentar dados com um gr\u00e1fico Excel, precisamos destacar um ponto espec\u00edfico para atrair a aten\u00e7\u00e3o do usu\u00e1rio. E a melhor maneira de fazer isso \u00e9 adicionar uma linha vertical a um gr\u00e1fico.<\/p><p> Sim, voc\u00ea ouviu direito. Voc\u00ea pode destacar um ponto espec\u00edfico em um gr\u00e1fico com uma linha vertical. Basta olhar o gr\u00e1fico abaixo com dados de 12 meses. <\/p><div class=\"wp-block-image\"><figure class=\"aligncenter\"><img decoding=\"async\" src=\"https:\/\/exceladvisor.org\/wp-content\/uploads\/2023\/08\/comment-ajouter-une-ligne-verticale-dans-un-graphique-dans-excel.png\" sizes=\"\" srcset=\"\" alt=\"como adicionar uma linha vertical a um gr\u00e1fico no Excel\"><\/figure><\/div><p> Agora voc\u00ea conhece a vantagem de inserir uma linha vertical em um gr\u00e1fico. Mas o fato \u00e9: qual \u00e9 o melhor m\u00e9todo? Bom, dentre todos os m\u00e9todos, achei esse m\u00e9todo (que mencionei aqui) simples e f\u00e1cil.<\/p><p> Sem mais delongas, aqui est\u00e3o as etapas e <a style=\"outline: none;\" href=\"https:\/\/exceladvisor.org\/wp-content\/uploads\/2023\/11\/ajouter-une-ligne-verticale-dans-le-tableau-de-donnees-du-graphique-Excel.xlsx\" rel=\"nofollow\">baixe este arquivo de amostra aqui<\/a> para acompanhar.<\/p><h2 class=\"wp-block-heading\"> Etapas para inserir uma linha vertical [est\u00e1tica] em um gr\u00e1fico<\/h2><p> Aqui voc\u00ea tem uma tabela de dados com a quantidade de vendas mensais e precisa criar um gr\u00e1fico de linhas e inserir uma linha vertical nele. Por favor, siga estas etapas.<\/p><ol><li> Insira uma nova coluna ao lado da coluna de quantidade e nomeie-a \u201cVer Line\u201d.<\/li><li> Agora insira um valor \u201c100\u201d para Jan na coluna \u201cVer Line\u201d. <br><img decoding=\"async\" title=\"insira uma coluna para adicionar uma linha vertical em um gr\u00e1fico do Excel\" src=\"https:\/\/exceladvisor.org\/wp-content\/uploads\/2023\/08\/inserer-une-colonne-pour-ajouter-une-ligne-verticale-dans-le-graphique-Excel-1.png\" sizes=\"\" srcset=\"\" alt=\"insert column to add a vertical line in excel chart\"><\/li><li> Selecione a tabela inteira e insira um <a href=\"http:\/\/www.excel-easy.com\/examples\/line-chart.html\" target=\"_blank\" rel=\"noopener noreferrer\">gr\u00e1fico de linhas com marcadores<\/a> . <br><img decoding=\"async\" title=\"insira um gr\u00e1fico de linhas com marcadores para adicionar uma linha vertical em um gr\u00e1fico do Excel\" src=\"https:\/\/exceladvisor.org\/wp-content\/uploads\/2023\/08\/inserer-un-graphique-lineaire-avec-des-marqueurs-pour-ajouter-une-ligne-verticale-dans-le-graphique-Excel-1.png\" sizes=\"\" srcset=\"\" alt=\"insert line chart with markers to add a vertical line in excel chart\"><\/li><li> Voc\u00ea obter\u00e1 uma mesa como esta. <br><img decoding=\"async\" title=\"Gr\u00e1fico de linhas padr\u00e3o para adicionar linha vertical no gr\u00e1fico do Excel\" src=\"https:\/\/exceladvisor.org\/wp-content\/uploads\/2023\/08\/graphique-lineaire-par-defaut-pour-ajouter-une-ligne-verticale-dans-le-graphique-Excel-1.png\" sizes=\"\" srcset=\"\" alt=\"default line chart to add a vertical line in excel chart\"><\/li><li> Agora selecione o gr\u00e1fico e abra as op\u00e7\u00f5es \u201cAlterar tipo de gr\u00e1fico\u201d na guia Design.<\/li><li> Depois disso, altere o tipo de gr\u00e1fico para <a href=\"https:\/\/exceladvisor.org\/pt\/eixo-secundario\/\" data-wpil=\"url\">Eixo Secund\u00e1rio<\/a> e o tipo de gr\u00e1fico para \u201cGr\u00e1fico de Colunas\u201d <br><img decoding=\"async\" title=\"mude para o eixo secund\u00e1rio para adicionar gr\u00e1fico Excel de linha vertical\" src=\"https:\/\/exceladvisor.org\/wp-content\/uploads\/2023\/08\/passer-a-laxe-secondaire-pour-ajouter-un-graphique-Excel-a-ligne-verticale-1.png\" sizes=\"\" srcset=\"\" alt=\"change to secondary axis to add a vertical line excel chart\"><\/li><li> Agora, o pr\u00f3ximo passo \u00e9 ajustar os valores dos eixos da barra de colunas.<\/li><li> Clique duas vezes no eixo secund\u00e1rio para abrir as op\u00e7\u00f5es de formata\u00e7\u00e3o.<\/li><li> Altere o valor m\u00e1ximo para 100, pois inserimos o mesmo valor na coluna Ver Line. <br><img decoding=\"async\" title=\"alterar o valor do eixo para adicionar um gr\u00e1fico de linha vertical no Excel\" src=\"https:\/\/exceladvisor.org\/wp-content\/uploads\/2023\/08\/modifier-la-valeur-de-laxe-pour-ajouter-un-graphique-Excel-a-ligne-verticale-1.png\" sizes=\"\" srcset=\"\" alt=\"change axis value to add a vertical line excel chart\"><\/li><li> Nas mesmas op\u00e7\u00f5es de eixo, des\u00e7a at\u00e9 a posi\u00e7\u00e3o do r\u00f3tulo e selecione nenhum (isso ocultar\u00e1 o eixo secund\u00e1rio, n\u00e3o precisamos dele). <br><img decoding=\"async\" title=\"ocultar-eixo-secund\u00e1rio-para-adicionar-linha-vertical-gr\u00e1fico-excel-e1477564590467\" src=\"https:\/\/exceladvisor.org\/wp-content\/uploads\/2023\/08\/masquer-laxe-secondaire-pour-ajouter-une-ligne-verticale-graphique-excel-e1477564590467.png\" sizes=\"\" srcset=\"\" alt=\"hide secondary axis to add a vertical line excel chart\"><\/li><li> Por \u00faltimo, mas n\u00e3o menos importante, precisamos deixar nossa barra de colunas um pouco mais fina para que pare\u00e7a uma linha.<\/li><li> Clique na barra de dados, v\u00e1 at\u00e9 a op\u00e7\u00e3o serial e aumente a \u201clargura do gap\u201d para 500%. <br><img decoding=\"async\" title=\"alterar largura do intervalo para adicionar gr\u00e1fico de linha vertical do Excel\" src=\"https:\/\/exceladvisor.org\/wp-content\/uploads\/2023\/08\/modifier-la-largeur-de-lespace-pour-ajouter-un-graphique-Excel-a-ligne-verticale-1.png\" sizes=\"\" srcset=\"\" alt=\"change gap width to add a vertical line excel chart\"><\/li><\/ol><p> <strong>Parab\u00e9ns!<\/strong> Voc\u00ea adicionou com sucesso uma linha vertical ao seu gr\u00e1fico. Voc\u00ea pode <a href=\"https:\/\/exceladvisor.org\/wp-content\/uploads\/2023\/11\/ligne-verticale-statique-dans-un-graphique.xlsx\" rel=\"nofollow\">baixar este arquivo de amostra aqui<\/a> para saber mais sobre ele. <\/p><div class=\"wp-block-image\"><figure class=\"aligncenter\"><img decoding=\"async\" src=\"https:\/\/exceladvisor.org\/wp-content\/uploads\/2023\/08\/comment-ajouter-une-ligne-verticale-dans-un-graphique-dans-excel.png\" sizes=\"\" srcset=\"\" alt=\"como adicionar uma linha vertical a um gr\u00e1fico no Excel\"><\/figure><\/div><p class=\"qt-tip\"> <strong>Dica r\u00e1pida:<\/strong> basta inserir 100 na c\u00e9lula onde deseja adicionar uma linha vertical. Se quiser adicionar uma linha vertical em fevereiro em vez de maio, basta inserir o valor em fevereiro.<\/p><h2 class=\"wp-block-heading\"> Etapas para adicionar uma linha vertical [din\u00e2mica] em um gr\u00e1fico<\/h2><p> Agora \u00e9 hora de atualizar seu gr\u00e1fico e criar um nome vertical din\u00e2mico. Siga estas etapas simples para isso.<\/p><ol><li> Primeiro, voc\u00ea precisa inserir uma barra de rolagem. V\u00e1 para a guia do desenvolvedor \u279c Inserir \u279c Barra de rolagem. <br><img decoding=\"async\" title=\"adicionar barra de rolagem para adicionar um gr\u00e1fico de linha vertical do Excel\" src=\"https:\/\/exceladvisor.org\/wp-content\/uploads\/2023\/08\/ajouter-une-barre-de-defilement-pour-ajouter-un-graphique-Excel-a-ligne-verticale-1.png\" sizes=\"\" srcset=\"\" alt=\"add scrollbar to add a vertical line excel chart\"><\/li><li> Clique com o bot\u00e3o direito na barra de rolagem e selecione controle de formato.<\/li><li> Vincule sua barra de rolagem \u00e0 c\u00e9lula C10 e insira 12 para o valor m\u00e1ximo. <br><img decoding=\"async\" title=\"formatar-controle-barra de rolagem para adicionar um gr\u00e1fico de linha vertical do Excel\" src=\"https:\/\/exceladvisor.org\/wp-content\/uploads\/2023\/08\/barre-de-defilement-de-controle-du-format-pour-ajouter-un-graphique-excel-a-ligne-verticale-1.png\" sizes=\"\" srcset=\"\" alt=\"format control scrollbar to add a vertical line excel chart\"><\/li><li> No final, clique em OK.<\/li><li> Depois disso, v\u00e1 para sua tabela de dados e insira esta f\u00f3rmula [=IF(MATCH($A2,$A$2:$A$13,0)=$D$1,100,\u201d\u201d)] na c\u00e9lula C2 ( <a href=\"https:\/\/exceladvisor.org\/pt\/barra-de-formulas-do-excel\/\">Barra de F\u00f3rmula<\/a> ) e arraste para cima para a \u00faltima c\u00e9lula da tabela. <img decoding=\"async\" title=\"insira a f\u00f3rmula para adicionar um gr\u00e1fico Excel de linhas verticais\" src=\"https:\/\/exceladvisor.org\/wp-content\/uploads\/2023\/08\/entrez-la-formule-pour-ajouter-un-graphique-Excel-a-ligne-verticale-1.png\" sizes=\"\" srcset=\"\" alt=\"enter formula to add a vertical line excel chart\"><\/li><li> Agora voc\u00ea pode usar a barra de rolagem para navegar na linha vertical do gr\u00e1fico. Voc\u00ea pode <a href=\"https:\/\/exceladvisor.org\/wp-content\/uploads\/2023\/11\/ajouter-une-ligne-verticale-dans-le-graphique-Excel-dynamique.xlsx\" rel=\"nofollow\">baixar este arquivo de amostra<\/a> aqui para saber mais sobre ele. <br><img decoding=\"async\" title=\"use a barra de rolagem para navegar e adicionar uma linha vertical no gr\u00e1fico do Excel.gif\" src=\"https:\/\/exceladvisor.org\/wp-content\/uploads\/2023\/08\/utilisez-la-barre-de-defilement-pour-naviguer-pour-ajouter-un-graphique-Excel-a-ligne-verticale-1.gif\" sizes=\"\" srcset=\"\" alt=\"use scrollbar to navigate to add a vertical line excel chart\"><\/li><\/ol><h2 class=\"wp-block-heading\"> Conclus\u00e3o<\/h2><p> Como eu disse, adicionar uma linha vertical em um gr\u00e1fico \u00e9 \u00fatil quando voc\u00ea deseja destacar um ponto de dados espec\u00edfico em seu gr\u00e1fico. Existem tamb\u00e9m outras maneiras de adicionar uma linha vertical, mas achei esse m\u00e9todo r\u00e1pido e f\u00e1cil. Espero que esta dica gr\u00e1fica ajude voc\u00ea a melhorar o Excel.<\/p><p> <strong>Voc\u00ea j\u00e1 tentou fazer isso antes com seu gr\u00e1fico?<\/strong><\/p><p> Por favor, compartilhe suas opini\u00f5es na se\u00e7\u00e3o de coment\u00e1rios, adoraria ouvir de voc\u00ea e n\u00e3o se esque\u00e7a de compartilhar essa dica com seus amigos.<\/p><h2 class=\"wp-block-heading\"> Mais dicas e tutoriais sobre gr\u00e1ficos<\/h2><ul><li> <a style=\"outline: none;\" href=\"https:\/\/exceladvisor.org\/pt\/adicione-uma-linha-horizontal\/\">Como adicionar uma linha horizontal a um gr\u00e1fico no Excel<\/a><\/li><li> <a style=\"outline: none;\" href=\"https:\/\/exceladvisor.org\/pt\/quadro-de-marcadores\/\">Como criar um gr\u00e1fico com marcadores no Excel<\/a><\/li><li> <a style=\"outline: none;\" href=\"https:\/\/exceladvisor.org\/pt\/faixa-de-grafico-dinamico\/\">Como criar um intervalo de gr\u00e1fico din\u00e2mico no Excel<\/a><\/li><li> <a style=\"outline: none;\" href=\"https:\/\/exceladvisor.org\/pt\/titulo-do-grafico-dinamico\/\">Como criar um t\u00edtulo de gr\u00e1fico din\u00e2mico no Excel<\/a><\/li><li> <a style=\"outline: none;\" href=\"https:\/\/exceladvisor.org\/pt\/graficos-interativos\/\">Como criar gr\u00e1ficos interativos no Excel<\/a><\/li><\/ul>","protected":false},"excerpt":{"rendered":"","protected":false},"author":1,"featured_media":0,"parent":0,"menu_order":0,"comment_status":"open","ping_status":"closed","template":"","meta":{"ub_ctt_via":"","footnotes":""},"class_list":["post-201","page","type-page","status-publish","hentry"],"featured_image_src":null,"yoast_head":"<!-- This site is optimized with the Yoast SEO plugin v25.4 - https:\/\/yoast.com\/wordpress\/plugins\/seo\/ -->\n<title>\u25b7 Como adicionar uma linha vertical em um gr\u00e1fico do Excel?<\/title>\n<meta name=\"description\" content=\"\u00c0s vezes, ao apresentar dados com um gr\u00e1fico Excel, precisamos destacar um ponto espec\u00edfico para atrair\" \/>\n<meta name=\"robots\" content=\"index, follow, max-snippet:-1, max-image-preview:large, max-video-preview:-1\" \/>\n<link rel=\"canonical\" href=\"https:\/\/exceladvisor.org\/pt\/adicione-uma-linha-vertical\/\" \/>\n<meta property=\"og:locale\" content=\"pt_PT\" \/>\n<meta property=\"og:type\" content=\"article\" \/>\n<meta property=\"og:title\" content=\"\u25b7 Como adicionar uma linha vertical em um gr\u00e1fico do Excel?\" \/>\n<meta property=\"og:description\" content=\"\u00c0s vezes, ao apresentar dados com um gr\u00e1fico Excel, precisamos destacar um ponto espec\u00edfico para atrair\" \/>\n<meta property=\"og:url\" content=\"https:\/\/exceladvisor.org\/pt\/adicione-uma-linha-vertical\/\" \/>\n<meta property=\"og:site_name\" content=\"Excel Advisor\" \/>\n<meta property=\"article:modified_time\" content=\"2023-12-06T11:34:12+00:00\" \/>\n<meta property=\"og:image\" content=\"https:\/\/exceladvisor.org\/wp-content\/uploads\/2023\/08\/comment-ajouter-une-ligne-verticale-dans-un-graphique-dans-excel.png\" \/>\n<meta name=\"twitter:card\" content=\"summary_large_image\" \/>\n<meta name=\"twitter:label1\" content=\"Tempo estimado de leitura\" \/>\n\t<meta name=\"twitter:data1\" content=\"4 minutos\" \/>\n<script type=\"application\/ld+json\" class=\"yoast-schema-graph\">{\"@context\":\"https:\/\/schema.org\",\"@graph\":[{\"@type\":\"WebPage\",\"@id\":\"https:\/\/exceladvisor.org\/pt\/adicione-uma-linha-vertical\/\",\"url\":\"https:\/\/exceladvisor.org\/pt\/adicione-uma-linha-vertical\/\",\"name\":\"\u25b7 Como adicionar uma linha vertical em um gr\u00e1fico do Excel?\",\"isPartOf\":{\"@id\":\"https:\/\/exceladvisor.org\/pt\/#website\"},\"primaryImageOfPage\":{\"@id\":\"https:\/\/exceladvisor.org\/pt\/adicione-uma-linha-vertical\/#primaryimage\"},\"image\":{\"@id\":\"https:\/\/exceladvisor.org\/pt\/adicione-uma-linha-vertical\/#primaryimage\"},\"thumbnailUrl\":\"https:\/\/exceladvisor.org\/wp-content\/uploads\/2023\/08\/comment-ajouter-une-ligne-verticale-dans-un-graphique-dans-excel.png\",\"datePublished\":\"2023-11-11T18:01:38+00:00\",\"dateModified\":\"2023-12-06T11:34:12+00:00\",\"description\":\"\u00c0s vezes, ao apresentar dados com um gr\u00e1fico Excel, precisamos destacar um ponto espec\u00edfico para atrair\",\"breadcrumb\":{\"@id\":\"https:\/\/exceladvisor.org\/pt\/adicione-uma-linha-vertical\/#breadcrumb\"},\"inLanguage\":\"pt-PT\",\"potentialAction\":[{\"@type\":\"ReadAction\",\"target\":[\"https:\/\/exceladvisor.org\/pt\/adicione-uma-linha-vertical\/\"]}]},{\"@type\":\"ImageObject\",\"inLanguage\":\"pt-PT\",\"@id\":\"https:\/\/exceladvisor.org\/pt\/adicione-uma-linha-vertical\/#primaryimage\",\"url\":\"https:\/\/exceladvisor.org\/wp-content\/uploads\/2023\/08\/comment-ajouter-une-ligne-verticale-dans-un-graphique-dans-excel.png\",\"contentUrl\":\"https:\/\/exceladvisor.org\/wp-content\/uploads\/2023\/08\/comment-ajouter-une-ligne-verticale-dans-un-graphique-dans-excel.png\"},{\"@type\":\"BreadcrumbList\",\"@id\":\"https:\/\/exceladvisor.org\/pt\/adicione-uma-linha-vertical\/#breadcrumb\",\"itemListElement\":[{\"@type\":\"ListItem\",\"position\":1,\"name\":\"Lar\",\"item\":\"https:\/\/exceladvisor.org\/pt\/\"},{\"@type\":\"ListItem\",\"position\":2,\"name\":\"Como adicionar uma linha vertical a um gr\u00e1fico?\"}]},{\"@type\":\"WebSite\",\"@id\":\"https:\/\/exceladvisor.org\/pt\/#website\",\"url\":\"https:\/\/exceladvisor.org\/pt\/\",\"name\":\"Excel Advisor\",\"description\":\"O seu guia definitivo para dominar os dados!\",\"publisher\":{\"@id\":\"https:\/\/exceladvisor.org\/pt\/#organization\"},\"potentialAction\":[{\"@type\":\"SearchAction\",\"target\":{\"@type\":\"EntryPoint\",\"urlTemplate\":\"https:\/\/exceladvisor.org\/pt\/?s={search_term_string}\"},\"query-input\":{\"@type\":\"PropertyValueSpecification\",\"valueRequired\":true,\"valueName\":\"search_term_string\"}}],\"inLanguage\":\"pt-PT\"},{\"@type\":\"Organization\",\"@id\":\"https:\/\/exceladvisor.org\/pt\/#organization\",\"name\":\"Excel Advisor\",\"url\":\"https:\/\/exceladvisor.org\/pt\/\",\"logo\":{\"@type\":\"ImageObject\",\"inLanguage\":\"pt-PT\",\"@id\":\"https:\/\/exceladvisor.org\/pt\/#\/schema\/logo\/image\/\",\"url\":\"https:\/\/exceladvisor.org\/pt\/wp-content\/uploads\/2023\/12\/exceladvisor.org_.png\",\"contentUrl\":\"https:\/\/exceladvisor.org\/pt\/wp-content\/uploads\/2023\/12\/exceladvisor.org_.png\",\"width\":105,\"height\":36,\"caption\":\"Excel Advisor\"},\"image\":{\"@id\":\"https:\/\/exceladvisor.org\/pt\/#\/schema\/logo\/image\/\"}}]}<\/script>\n<!-- \/ Yoast SEO plugin. -->","yoast_head_json":{"title":"\u25b7 Como adicionar uma linha vertical em um gr\u00e1fico do Excel?","description":"\u00c0s vezes, ao apresentar dados com um gr\u00e1fico Excel, precisamos destacar um ponto espec\u00edfico para atrair","robots":{"index":"index","follow":"follow","max-snippet":"max-snippet:-1","max-image-preview":"max-image-preview:large","max-video-preview":"max-video-preview:-1"},"canonical":"https:\/\/exceladvisor.org\/pt\/adicione-uma-linha-vertical\/","og_locale":"pt_PT","og_type":"article","og_title":"\u25b7 Como adicionar uma linha vertical em um gr\u00e1fico do Excel?","og_description":"\u00c0s vezes, ao apresentar dados com um gr\u00e1fico Excel, precisamos destacar um ponto espec\u00edfico para atrair","og_url":"https:\/\/exceladvisor.org\/pt\/adicione-uma-linha-vertical\/","og_site_name":"Excel Advisor","article_modified_time":"2023-12-06T11:34:12+00:00","og_image":[{"url":"https:\/\/exceladvisor.org\/wp-content\/uploads\/2023\/08\/comment-ajouter-une-ligne-verticale-dans-un-graphique-dans-excel.png","type":"","width":"","height":""}],"twitter_card":"summary_large_image","twitter_misc":{"Tempo estimado de leitura":"4 minutos"},"schema":{"@context":"https:\/\/schema.org","@graph":[{"@type":"WebPage","@id":"https:\/\/exceladvisor.org\/pt\/adicione-uma-linha-vertical\/","url":"https:\/\/exceladvisor.org\/pt\/adicione-uma-linha-vertical\/","name":"\u25b7 Como adicionar uma linha vertical em um gr\u00e1fico do Excel?","isPartOf":{"@id":"https:\/\/exceladvisor.org\/pt\/#website"},"primaryImageOfPage":{"@id":"https:\/\/exceladvisor.org\/pt\/adicione-uma-linha-vertical\/#primaryimage"},"image":{"@id":"https:\/\/exceladvisor.org\/pt\/adicione-uma-linha-vertical\/#primaryimage"},"thumbnailUrl":"https:\/\/exceladvisor.org\/wp-content\/uploads\/2023\/08\/comment-ajouter-une-ligne-verticale-dans-un-graphique-dans-excel.png","datePublished":"2023-11-11T18:01:38+00:00","dateModified":"2023-12-06T11:34:12+00:00","description":"\u00c0s vezes, ao apresentar dados com um gr\u00e1fico Excel, precisamos destacar um ponto espec\u00edfico para atrair","breadcrumb":{"@id":"https:\/\/exceladvisor.org\/pt\/adicione-uma-linha-vertical\/#breadcrumb"},"inLanguage":"pt-PT","potentialAction":[{"@type":"ReadAction","target":["https:\/\/exceladvisor.org\/pt\/adicione-uma-linha-vertical\/"]}]},{"@type":"ImageObject","inLanguage":"pt-PT","@id":"https:\/\/exceladvisor.org\/pt\/adicione-uma-linha-vertical\/#primaryimage","url":"https:\/\/exceladvisor.org\/wp-content\/uploads\/2023\/08\/comment-ajouter-une-ligne-verticale-dans-un-graphique-dans-excel.png","contentUrl":"https:\/\/exceladvisor.org\/wp-content\/uploads\/2023\/08\/comment-ajouter-une-ligne-verticale-dans-un-graphique-dans-excel.png"},{"@type":"BreadcrumbList","@id":"https:\/\/exceladvisor.org\/pt\/adicione-uma-linha-vertical\/#breadcrumb","itemListElement":[{"@type":"ListItem","position":1,"name":"Lar","item":"https:\/\/exceladvisor.org\/pt\/"},{"@type":"ListItem","position":2,"name":"Como adicionar uma linha vertical a um gr\u00e1fico?"}]},{"@type":"WebSite","@id":"https:\/\/exceladvisor.org\/pt\/#website","url":"https:\/\/exceladvisor.org\/pt\/","name":"Excel Advisor","description":"O seu guia definitivo para dominar os dados!","publisher":{"@id":"https:\/\/exceladvisor.org\/pt\/#organization"},"potentialAction":[{"@type":"SearchAction","target":{"@type":"EntryPoint","urlTemplate":"https:\/\/exceladvisor.org\/pt\/?s={search_term_string}"},"query-input":{"@type":"PropertyValueSpecification","valueRequired":true,"valueName":"search_term_string"}}],"inLanguage":"pt-PT"},{"@type":"Organization","@id":"https:\/\/exceladvisor.org\/pt\/#organization","name":"Excel Advisor","url":"https:\/\/exceladvisor.org\/pt\/","logo":{"@type":"ImageObject","inLanguage":"pt-PT","@id":"https:\/\/exceladvisor.org\/pt\/#\/schema\/logo\/image\/","url":"https:\/\/exceladvisor.org\/pt\/wp-content\/uploads\/2023\/12\/exceladvisor.org_.png","contentUrl":"https:\/\/exceladvisor.org\/pt\/wp-content\/uploads\/2023\/12\/exceladvisor.org_.png","width":105,"height":36,"caption":"Excel Advisor"},"image":{"@id":"https:\/\/exceladvisor.org\/pt\/#\/schema\/logo\/image\/"}}]}},"yoast_meta":{"yoast_wpseo_title":"","yoast_wpseo_metadesc":"","yoast_wpseo_canonical":""},"_links":{"self":[{"href":"https:\/\/exceladvisor.org\/pt\/wp-json\/wp\/v2\/pages\/201","targetHints":{"allow":["GET"]}}],"collection":[{"href":"https:\/\/exceladvisor.org\/pt\/wp-json\/wp\/v2\/pages"}],"about":[{"href":"https:\/\/exceladvisor.org\/pt\/wp-json\/wp\/v2\/types\/page"}],"author":[{"embeddable":true,"href":"https:\/\/exceladvisor.org\/pt\/wp-json\/wp\/v2\/users\/1"}],"replies":[{"embeddable":true,"href":"https:\/\/exceladvisor.org\/pt\/wp-json\/wp\/v2\/comments?post=201"}],"version-history":[{"count":1,"href":"https:\/\/exceladvisor.org\/pt\/wp-json\/wp\/v2\/pages\/201\/revisions"}],"predecessor-version":[{"id":807,"href":"https:\/\/exceladvisor.org\/pt\/wp-json\/wp\/v2\/pages\/201\/revisions\/807"}],"wp:attachment":[{"href":"https:\/\/exceladvisor.org\/pt\/wp-json\/wp\/v2\/media?parent=201"}],"curies":[{"name":"wp","href":"https:\/\/api.w.org\/{rel}","templated":true}]}}