{"id":203,"date":"2023-11-11T17:39:06","date_gmt":"2023-11-11T17:39:06","guid":{"rendered":"https:\/\/exceladvisor.org\/pt\/graficos-interativos\/"},"modified":"2023-12-06T11:36:41","modified_gmt":"2023-12-06T11:36:41","slug":"graficos-interativos","status":"publish","type":"page","link":"https:\/\/exceladvisor.org\/pt\/graficos-interativos\/","title":{"rendered":"Como criar gr\u00e1ficos interativos no excel?"},"content":{"rendered":"<div class=\"excel-before-content-2\" id=\"excel-3619250730\"><script type=\"text\/javascript\">\r\n\tatOptions = {\r\n\t\t'key' : 'c1158f160081d6540a8409e6925dab94',\r\n\t\t'format' : 'iframe',\r\n\t\t'height' : 250,\r\n\t\t'width' : 300,\r\n\t\t'params' : {}\r\n\t};\r\n<\/script>\r\n<script type=\"text\/javascript\" src=\"\/\/www.highperformanceformat.com\/c1158f160081d6540a8409e6925dab94\/invoke.js\"><\/script><\/div><div class=\"excel-before-content\" id=\"excel-3806006946\"><script type=\"text\/javascript\">\r\n\tatOptions = {\r\n\t\t'key' : 'c1158f160081d6540a8409e6925dab94',\r\n\t\t'format' : 'iframe',\r\n\t\t'height' : 250,\r\n\t\t'width' : 300,\r\n\t\t'params' : {}\r\n\t};\r\n<\/script>\r\n<script type=\"text\/javascript\" src=\"\/\/www.highperformanceformat.com\/c1158f160081d6540a8409e6925dab94\/invoke.js\"><\/script><\/div> <p>Um gr\u00e1fico \u00e9 uma ferramenta perfeita para apresentar dados de forma compreens\u00edvel. Mas \u00e0s vezes \u00e9 uma droga porque o sobrecarregamos com dados. Sim, voc\u00ea ouviu direito.<\/p><p> Acho que quando se trata de gr\u00e1ficos eles precisam ser n\u00edtidos e claros e a melhor solu\u00e7\u00e3o para esse problema \u00e9 usar gr\u00e1ficos interativos. Ao usar gr\u00e1ficos interativos no Excel, <strong>voc\u00ea pode apresentar mais dados em um \u00fanico gr\u00e1fico<\/strong> e nem precisa se preocupar com toda aquela confus\u00e3o.<\/p><p> \u00c9 uma maneira inteligente. Veja a tabela abaixo onde tento mostrar o objetivo em rela\u00e7\u00e3o a realiza\u00e7\u00e3o, lucro e participa\u00e7\u00e3o de mercado. <\/p><div class=\"wp-block-image\"><figure class=\"aligncenter\"><img decoding=\"async\" src=\"https:\/\/exceladvisor.org\/wp-content\/uploads\/2023\/08\/comment-creer-un-graphique-interactif-dans-Excel-vs-graphique-normal-1.png\" sizes=\"\" srcset=\"\" alt=\"como criar um gr\u00e1fico interativo no Excel versus gr\u00e1fico normal\"><\/figure><\/div><p> Voc\u00ea acha que esta \u00e9 uma maneira decente de apresent\u00e1-lo? Claro que n\u00e3o. E agora veja isto, onde tenho um gr\u00e1fico interativo que posso controlar com bot\u00f5es de op\u00e7\u00e3o. <\/p><div class=\"wp-block-image\"><figure class=\"aligncenter\"><img decoding=\"async\" src=\"https:\/\/exceladvisor.org\/wp-content\/uploads\/2023\/08\/comment-creer-un-graphique-interactif-dans-un-graphique-excel-1.gif\" sizes=\"\" srcset=\"\" alt=\"como criar um gr\u00e1fico interativo em um gr\u00e1fico do Excel\"><\/figure><\/div><p style=\"font-size: 24px;\"> <em>O que voc\u00ea acha? Voc\u00ea est\u00e1 pronto para criar seu primeiro gr\u00e1fico interativo no Excel?<\/em><\/p><h2 class=\"wp-block-heading\"> Etapas para criar um gr\u00e1fico interativo no Excel<\/h2><p> No artigo de hoje, mostrarei as etapas exatas que voc\u00ea precisa seguir para criar um gr\u00e1fico interativo simples no Excel. <a href=\"https:\/\/exceladvisor.org\/wp-content\/uploads\/2023\/11\/graphique-excel-interactif-donnees-brutes.xlsx\" rel=\"nofollow\">Baixe este arquivo aqui<\/a> para acompanhar.<\/p><h3 class=\"wp-block-heading\"> 1. Prepare os dados<\/h3><ol><li> Primeiro, copie esta tabela e cole-a abaixo da tabela original. <br><img loading=\"lazy\" decoding=\"async\" title=\"nt\/uploads\/2016\/12\/how-to-create-an-interactive-chart-in-excel-paste-table-data\" src=\"https:\/\/exceladvisor.org\/wp-content\/uploads\/2023\/08\/comment-creer-un-graphique-interactif-dans-Excel-coller-les-donnees-du-tableau-1.png\" sizes=\"auto, \" srcset=\"\" alt=\"nt\/uploads\/2016\/12\/how-to-create-an-interactive-chart-in-excel-paste-table-data\" width=\"488\" height=\"254\"><\/li><li> Agora exclua os dados da segunda tabela. <br><img decoding=\"async\" title=\"nt\/uploads\/2016\/12\/how-to-create-an-interactive-chart-in-excel-delete-data\" src=\"https:\/\/exceladvisor.org\/wp-content\/uploads\/2023\/08\/comment-creer-un-graphique-interactif-dans-excel-supprimer-des-donnees-1.png\" sizes=\"\" srcset=\"\" alt=\"how to create an interactive chart in excel delete data\"><\/li><li> Na c\u00e9lula Meta e realiza\u00e7\u00e3o de janeiro, insira as seguintes f\u00f3rmulas e copie-as na linha inteira ( <a href=\"https:\/\/exceladvisor.org\/pt\/barra-de-formulas-do-excel\/\">barra de f\u00f3rmulas<\/a> ).<br> <code>=IF($A$1=1,B3,NA())<\/code><br> <img decoding=\"async\" title=\"nt\/uploads\/2016\/12\/how-to-create-an-interactive-chart-in-excel-add-formula-in-tagret-achievement\" src=\"https:\/\/exceladvisor.org\/wp-content\/uploads\/2023\/08\/comment-creer-un-graphique-interactif-dans-excel-ajouter-une-formule-dans-la-realisation-de-tagret-1.png\" sizes=\"\" srcset=\"\" alt=\"how to create an interactive chart in excel add formula in tagret achievement\"><\/li><li> Depois disso, no m\u00eas de janeiro lucre e copie para toda a linha. <br><img decoding=\"async\" title=\"nt\/uploads\/2016\/12\/how-to-create-an-interactive-chart-in-excel-add-formula-profit\" src=\"https:\/\/exceladvisor.org\/wp-content\/uploads\/2023\/08\/comment-creer-un-graphique-interactif-dans-excel-ajouter-un-profit-de-formule-1.png\" sizes=\"\" srcset=\"\" alt=\"how to create an interactive chart in excel add formula profit\"><\/li><li> Em \u00faltima an\u00e1lise, a quota de mercado de Janeiro copia-a de forma generalizada. <br><img decoding=\"async\" title=\"nt\/uploads\/2016\/12\/how-to-create-an-interactive-chart-in-excel-add-formula-in-market-share\" src=\"https:\/\/exceladvisor.org\/wp-content\/uploads\/2023\/08\/comment-creer-un-graphique-interactif-dans-excel-ajouter-une-formule-de-part-de-marche-1.png\" sizes=\"\" srcset=\"\" alt=\"how to create an interactive chart in excel add formula in market share\"><\/li><\/ol><p style=\"font-size: 24px;\"> <em>Sua tabela de dados interativa est\u00e1 pronta.<\/em> <\/p><div class=\"wp-block-image\"><figure class=\"aligncenter\"><img decoding=\"async\" src=\"https:\/\/exceladvisor.org\/wp-content\/uploads\/2023\/08\/comment-creer-un-graphique-interactif-dans-des-donnees-Excel-avec-des-formules-1.gif\" sizes=\"\" srcset=\"\" alt=\"como criar um gr\u00e1fico interativo em dados do Excel com f\u00f3rmulas\"><\/figure><\/div><p> Todas as c\u00e9lulas desta tabela est\u00e3o vinculadas a A1. E quando voc\u00ea insere \u201c1\u201d na Tabela A1, apenas os dados de meta e realiza\u00e7\u00e3o s\u00e3o exibidos. Para \u201c2\u201d, mostrar\u00e1 lucro e participa\u00e7\u00e3o de mercado para \u201c3\u201d.<\/p><h3 class=\"wp-block-heading\"> 2. Insira bot\u00f5es de op\u00e7\u00e3o<\/h3><ol><li> V\u00e1 para <a href=\"https:\/\/exceladvisor.org\/pt\/adicione-uma-guia-de-desenvolvedor\/\">a guia Desenvolvedor<\/a> \u279c Controle \u279c Inserir \u279c Bot\u00e3o de op\u00e7\u00e3o. <br><img decoding=\"async\" title=\"como-criar-um-gr\u00e1fico-interativo-no-excel-insert-radio-buttons\" src=\"https:\/\/exceladvisor.org\/wp-content\/uploads\/2023\/08\/comment-creer-un-graphique-interactif-dans-excel-inserer-des-boutons-doption-1.png\" sizes=\"\" srcset=\"\" alt=\"how to create an interactive chart in excel insert option buttons\"><\/li><li> Insira tr\u00eas bot\u00f5es de op\u00e7\u00e3o e nomeie-os da seguinte forma.<ul><li> Bot\u00e3o-1 = TGT vs. ACH<\/li><li> Bot\u00e3o-2 = Lucro<\/li><li> Bot\u00e3o-3 = Participa\u00e7\u00e3o de mercado <\/li><\/ul><br><img decoding=\"async\" src=\"https:\/\/exceladvisor.org\/wp-content\/uploads\/2023\/08\/comment-creer-un-graphique-interactif-dans-les-boutons-doption-de-nom-Excel-1.png\" sizes=\"\" srcset=\"\" alt=\"como criar um gr\u00e1fico interativo em bot\u00f5es de op\u00e7\u00e3o de nome do Excel\"><\/li><li> Depois disso, clique com o bot\u00e3o direito em um dos bot\u00f5es e selecione \u201cFormat Control\u201d. <br><img decoding=\"async\" title=\"como criar um gr\u00e1fico interativo no controle de formato de sele\u00e7\u00e3o do Excel\" src=\"https:\/\/exceladvisor.org\/wp-content\/uploads\/2023\/08\/comment-creer-un-graphique-interactif-dans-le-controle-de-format-de-selection-Excel-1.png\" sizes=\"\" srcset=\"\" alt=\"how to create an interactive chart in excel select format control\"><\/li><li> Nas op\u00e7\u00f5es de controle de formato, vincule-o \u00e0 c\u00e9lula A1 e clique em OK. <br><img decoding=\"async\" src=\"https:\/\/exceladvisor.org\/wp-content\/uploads\/2023\/08\/comment-creer-un-graphique-interactif-dans-une-cellule-de-lien-Excel-1.png\" sizes=\"\" srcset=\"\" alt=\"como criar um gr\u00e1fico interativo em uma c\u00e9lula de link do Excel\"><\/li><li> Agora voc\u00ea pode controlar seus dados com estes bot\u00f5es de op\u00e7\u00e3o. <br><img decoding=\"async\" title=\"como criar um gr\u00e1fico interativo em dados do Excel com bot\u00f5es de op\u00e7\u00e3o.gif\" src=\"https:\/\/exceladvisor.org\/wp-content\/uploads\/2023\/08\/comment-creer-un-graphique-interactif-dans-des-donnees-Excel-avec-des-boutons-doption-1.gif\" sizes=\"\" srcset=\"\" alt=\"how to create an interactive chart in excel data with option buttons\"><\/li><\/ol><h3 class=\"wp-block-heading\"> 3. Insira o gr\u00e1fico do eixo secund\u00e1rio<\/h3><ol><li> Primeiro, selecione sua tabela e insira um histograma.<\/li><li> Depois disso, selecione suas barras de dados e clique em \u201calterar tipo de gr\u00e1fico\u201d. V\u00e1 para a guia Design \u279c Design \u279c Alterar tipo de gr\u00e1fico. <br><img decoding=\"async\" title=\"como-criar-um-gr\u00e1fico-interativo-no-excel-clique-alterar-dados-tipo-1\" src=\"https:\/\/exceladvisor.org\/wp-content\/uploads\/2023\/08\/comment-creer-un-graphique-interactif-dans-excel-cliquez-sur-changer-le-type-de-donnees-1.png\" sizes=\"\" srcset=\"\" alt=\"how to create an interactive chart in excel click change data type\"><\/li><li> Agora, para lucro e participa\u00e7\u00e3o de mercado, altere o tipo de gr\u00e1fico para alinhado com marcadores e <a href=\"https:\/\/exceladvisor.org\/pt\/eixo-secundario\/\" data-wpil=\"url\">verifique o eixo secund\u00e1rio<\/a> para ambos. <br><img decoding=\"async\" title=\"como criar um gr\u00e1fico interativo no Excel para alterar o tipo de gr\u00e1fico do eixo secund\u00e1rio\" src=\"https:\/\/exceladvisor.org\/wp-content\/uploads\/2023\/08\/comment-creer-un-graphique-interactif-dans-Excel-modifier-laxe-secondaire-du-type-de-graphique.png\" sizes=\"\" srcset=\"\" alt=\"how to create interactive chart in excel change charts type secondary axis\"><\/li><\/ol><p> <strong>Parab\u00e9ns!<\/strong> seu gr\u00e1fico interativo est\u00e1 pronto para arrasar. Voc\u00ea tamb\u00e9m pode fazer altera\u00e7\u00f5es de formata\u00e7\u00e3o em seu gr\u00e1fico, se desejar. <\/p><div class=\"wp-block-image\"><figure class=\"aligncenter\"><img decoding=\"async\" src=\"https:\/\/exceladvisor.org\/wp-content\/uploads\/2023\/08\/comment-creer-un-graphique-interactif-dans-excel-pret-a-lemploi-1.gif\" sizes=\"\" srcset=\"\" alt=\"como criar gr\u00e1ficos interativos no Excel prontos para usar\"><\/figure><\/div><h2 id=\"tab-con-5\" class=\"wp-block-heading\"> Arquivo de exemplo<\/h2><p> <a style=\"outline: none;\" href=\"https:\/\/exceladvisor.org\/wp-content\/uploads\/2023\/11\/tableau-excel-interactif.xlsx\" rel=\"nofollow\">Baixe este arquivo de amostra aqui<\/a> para saber mais.<\/p><h2 class=\"wp-block-heading\"> Conclus\u00e3o<\/h2><p> No final, s\u00f3 quero dizer que com um gr\u00e1fico interativo voc\u00ea pode ajudar seu usu\u00e1rio a se concentrar em uma coisa de cada vez.<\/p><p> E voc\u00ea tamb\u00e9m pode economizar muito espa\u00e7o nos pain\u00e9is. \u00c0s vezes voc\u00ea sente que \u00e9 um processo longo, mas \u00e9 uma configura\u00e7\u00e3o \u00fanica que pode economizar muito tempo. Espero que esta dica ajude voc\u00ea a melhorar o mapeamento, mas agora me diga uma coisa.<\/p><p> Que tipo de gr\u00e1ficos interativos voc\u00ea usa? Compartilhe comigo na se\u00e7\u00e3o de coment\u00e1rios, adoraria ouvir de voc\u00ea, e n\u00e3o se esque\u00e7a de compartilhar essa dica com seus amigos, tenho certeza que eles v\u00e3o gostar.<\/p><h2 class=\"wp-block-heading\"> Mais tutoriais gr\u00e1ficos<\/h2><ul><li> <a style=\"outline: none;\" href=\"https:\/\/exceladvisor.org\/pt\/adicione-uma-linha-horizontal\/\">Como adicionar uma linha horizontal a um gr\u00e1fico no Excel<\/a><\/li><li> <a style=\"outline: none;\" href=\"https:\/\/exceladvisor.org\/pt\/adicione-uma-linha-vertical\/\">Como adicionar uma linha vertical a um gr\u00e1fico no Excel<\/a><\/li><li> <a style=\"outline: none;\" href=\"https:\/\/exceladvisor.org\/pt\/quadro-de-marcadores\/\">Como criar um gr\u00e1fico com marcadores no Excel<\/a><\/li><li> <a style=\"outline: none;\" href=\"https:\/\/exceladvisor.org\/pt\/faixa-de-grafico-dinamico\/\">Como criar um intervalo de gr\u00e1fico din\u00e2mico no Excel<\/a><\/li><li> <a style=\"outline: none;\" href=\"https:\/\/exceladvisor.org\/pt\/titulo-do-grafico-dinamico\/\">Como criar um t\u00edtulo de gr\u00e1fico din\u00e2mico no Excel<\/a><\/li><\/ul>","protected":false},"excerpt":{"rendered":"","protected":false},"author":1,"featured_media":0,"parent":0,"menu_order":0,"comment_status":"open","ping_status":"closed","template":"","meta":{"ub_ctt_via":"","footnotes":""},"class_list":["post-203","page","type-page","status-publish","hentry"],"featured_image_src":null,"yoast_head":"<!-- This site is optimized with the Yoast SEO plugin v25.4 - https:\/\/yoast.com\/wordpress\/plugins\/seo\/ -->\n<title>Como criar gr\u00e1ficos interativos no Excel? [3 etapas]<\/title>\n<meta name=\"description\" content=\"Ao usar gr\u00e1ficos interativos no Excel, voc\u00ea pode apresentar mais dados em um \u00fanico gr\u00e1fico. E aqui tenho um guia passo a passo para criar seu primeiro gr\u00e1fico interativo.\" \/>\n<meta name=\"robots\" content=\"index, follow, max-snippet:-1, max-image-preview:large, max-video-preview:-1\" \/>\n<link rel=\"canonical\" href=\"https:\/\/exceladvisor.org\/pt\/graficos-interativos\/\" \/>\n<meta property=\"og:locale\" content=\"pt_PT\" \/>\n<meta property=\"og:type\" content=\"article\" \/>\n<meta property=\"og:title\" content=\"Como criar gr\u00e1ficos interativos no Excel? [3 etapas]\" \/>\n<meta property=\"og:description\" content=\"Ao usar gr\u00e1ficos interativos no Excel, voc\u00ea pode apresentar mais dados em um \u00fanico gr\u00e1fico. E aqui tenho um guia passo a passo para criar seu primeiro gr\u00e1fico interativo.\" \/>\n<meta property=\"og:url\" content=\"https:\/\/exceladvisor.org\/pt\/graficos-interativos\/\" \/>\n<meta property=\"og:site_name\" content=\"Excel Advisor\" \/>\n<meta property=\"article:modified_time\" content=\"2023-12-06T11:36:41+00:00\" \/>\n<meta property=\"og:image\" content=\"https:\/\/exceladvisor.org\/wp-content\/uploads\/2023\/08\/comment-creer-un-graphique-interactif-dans-Excel-vs-graphique-normal-1.png\" \/>\n<meta name=\"twitter:card\" content=\"summary_large_image\" \/>\n<meta name=\"twitter:label1\" content=\"Tempo estimado de leitura\" \/>\n\t<meta name=\"twitter:data1\" content=\"3 minutos\" \/>\n<script type=\"application\/ld+json\" class=\"yoast-schema-graph\">{\"@context\":\"https:\/\/schema.org\",\"@graph\":[{\"@type\":\"WebPage\",\"@id\":\"https:\/\/exceladvisor.org\/pt\/graficos-interativos\/\",\"url\":\"https:\/\/exceladvisor.org\/pt\/graficos-interativos\/\",\"name\":\"Como criar gr\u00e1ficos interativos no Excel? [3 etapas]\",\"isPartOf\":{\"@id\":\"https:\/\/exceladvisor.org\/pt\/#website\"},\"primaryImageOfPage\":{\"@id\":\"https:\/\/exceladvisor.org\/pt\/graficos-interativos\/#primaryimage\"},\"image\":{\"@id\":\"https:\/\/exceladvisor.org\/pt\/graficos-interativos\/#primaryimage\"},\"thumbnailUrl\":\"https:\/\/exceladvisor.org\/wp-content\/uploads\/2023\/08\/comment-creer-un-graphique-interactif-dans-Excel-vs-graphique-normal-1.png\",\"datePublished\":\"2023-11-11T17:39:06+00:00\",\"dateModified\":\"2023-12-06T11:36:41+00:00\",\"description\":\"Ao usar gr\u00e1ficos interativos no Excel, voc\u00ea pode apresentar mais dados em um \u00fanico gr\u00e1fico. E aqui tenho um guia passo a passo para criar seu primeiro gr\u00e1fico interativo.\",\"breadcrumb\":{\"@id\":\"https:\/\/exceladvisor.org\/pt\/graficos-interativos\/#breadcrumb\"},\"inLanguage\":\"pt-PT\",\"potentialAction\":[{\"@type\":\"ReadAction\",\"target\":[\"https:\/\/exceladvisor.org\/pt\/graficos-interativos\/\"]}]},{\"@type\":\"ImageObject\",\"inLanguage\":\"pt-PT\",\"@id\":\"https:\/\/exceladvisor.org\/pt\/graficos-interativos\/#primaryimage\",\"url\":\"https:\/\/exceladvisor.org\/wp-content\/uploads\/2023\/08\/comment-creer-un-graphique-interactif-dans-Excel-vs-graphique-normal-1.png\",\"contentUrl\":\"https:\/\/exceladvisor.org\/wp-content\/uploads\/2023\/08\/comment-creer-un-graphique-interactif-dans-Excel-vs-graphique-normal-1.png\"},{\"@type\":\"BreadcrumbList\",\"@id\":\"https:\/\/exceladvisor.org\/pt\/graficos-interativos\/#breadcrumb\",\"itemListElement\":[{\"@type\":\"ListItem\",\"position\":1,\"name\":\"Lar\",\"item\":\"https:\/\/exceladvisor.org\/pt\/\"},{\"@type\":\"ListItem\",\"position\":2,\"name\":\"Como criar gr\u00e1ficos interativos no excel?\"}]},{\"@type\":\"WebSite\",\"@id\":\"https:\/\/exceladvisor.org\/pt\/#website\",\"url\":\"https:\/\/exceladvisor.org\/pt\/\",\"name\":\"Excel Advisor\",\"description\":\"O seu guia definitivo para dominar os dados!\",\"publisher\":{\"@id\":\"https:\/\/exceladvisor.org\/pt\/#organization\"},\"potentialAction\":[{\"@type\":\"SearchAction\",\"target\":{\"@type\":\"EntryPoint\",\"urlTemplate\":\"https:\/\/exceladvisor.org\/pt\/?s={search_term_string}\"},\"query-input\":{\"@type\":\"PropertyValueSpecification\",\"valueRequired\":true,\"valueName\":\"search_term_string\"}}],\"inLanguage\":\"pt-PT\"},{\"@type\":\"Organization\",\"@id\":\"https:\/\/exceladvisor.org\/pt\/#organization\",\"name\":\"Excel Advisor\",\"url\":\"https:\/\/exceladvisor.org\/pt\/\",\"logo\":{\"@type\":\"ImageObject\",\"inLanguage\":\"pt-PT\",\"@id\":\"https:\/\/exceladvisor.org\/pt\/#\/schema\/logo\/image\/\",\"url\":\"https:\/\/exceladvisor.org\/pt\/wp-content\/uploads\/2023\/12\/exceladvisor.org_.png\",\"contentUrl\":\"https:\/\/exceladvisor.org\/pt\/wp-content\/uploads\/2023\/12\/exceladvisor.org_.png\",\"width\":105,\"height\":36,\"caption\":\"Excel Advisor\"},\"image\":{\"@id\":\"https:\/\/exceladvisor.org\/pt\/#\/schema\/logo\/image\/\"}}]}<\/script>\n<!-- \/ Yoast SEO plugin. -->","yoast_head_json":{"title":"Como criar gr\u00e1ficos interativos no Excel? [3 etapas]","description":"Ao usar gr\u00e1ficos interativos no Excel, voc\u00ea pode apresentar mais dados em um \u00fanico gr\u00e1fico. E aqui tenho um guia passo a passo para criar seu primeiro gr\u00e1fico interativo.","robots":{"index":"index","follow":"follow","max-snippet":"max-snippet:-1","max-image-preview":"max-image-preview:large","max-video-preview":"max-video-preview:-1"},"canonical":"https:\/\/exceladvisor.org\/pt\/graficos-interativos\/","og_locale":"pt_PT","og_type":"article","og_title":"Como criar gr\u00e1ficos interativos no Excel? [3 etapas]","og_description":"Ao usar gr\u00e1ficos interativos no Excel, voc\u00ea pode apresentar mais dados em um \u00fanico gr\u00e1fico. E aqui tenho um guia passo a passo para criar seu primeiro gr\u00e1fico interativo.","og_url":"https:\/\/exceladvisor.org\/pt\/graficos-interativos\/","og_site_name":"Excel Advisor","article_modified_time":"2023-12-06T11:36:41+00:00","og_image":[{"url":"https:\/\/exceladvisor.org\/wp-content\/uploads\/2023\/08\/comment-creer-un-graphique-interactif-dans-Excel-vs-graphique-normal-1.png","type":"","width":"","height":""}],"twitter_card":"summary_large_image","twitter_misc":{"Tempo estimado de leitura":"3 minutos"},"schema":{"@context":"https:\/\/schema.org","@graph":[{"@type":"WebPage","@id":"https:\/\/exceladvisor.org\/pt\/graficos-interativos\/","url":"https:\/\/exceladvisor.org\/pt\/graficos-interativos\/","name":"Como criar gr\u00e1ficos interativos no Excel? [3 etapas]","isPartOf":{"@id":"https:\/\/exceladvisor.org\/pt\/#website"},"primaryImageOfPage":{"@id":"https:\/\/exceladvisor.org\/pt\/graficos-interativos\/#primaryimage"},"image":{"@id":"https:\/\/exceladvisor.org\/pt\/graficos-interativos\/#primaryimage"},"thumbnailUrl":"https:\/\/exceladvisor.org\/wp-content\/uploads\/2023\/08\/comment-creer-un-graphique-interactif-dans-Excel-vs-graphique-normal-1.png","datePublished":"2023-11-11T17:39:06+00:00","dateModified":"2023-12-06T11:36:41+00:00","description":"Ao usar gr\u00e1ficos interativos no Excel, voc\u00ea pode apresentar mais dados em um \u00fanico gr\u00e1fico. E aqui tenho um guia passo a passo para criar seu primeiro gr\u00e1fico interativo.","breadcrumb":{"@id":"https:\/\/exceladvisor.org\/pt\/graficos-interativos\/#breadcrumb"},"inLanguage":"pt-PT","potentialAction":[{"@type":"ReadAction","target":["https:\/\/exceladvisor.org\/pt\/graficos-interativos\/"]}]},{"@type":"ImageObject","inLanguage":"pt-PT","@id":"https:\/\/exceladvisor.org\/pt\/graficos-interativos\/#primaryimage","url":"https:\/\/exceladvisor.org\/wp-content\/uploads\/2023\/08\/comment-creer-un-graphique-interactif-dans-Excel-vs-graphique-normal-1.png","contentUrl":"https:\/\/exceladvisor.org\/wp-content\/uploads\/2023\/08\/comment-creer-un-graphique-interactif-dans-Excel-vs-graphique-normal-1.png"},{"@type":"BreadcrumbList","@id":"https:\/\/exceladvisor.org\/pt\/graficos-interativos\/#breadcrumb","itemListElement":[{"@type":"ListItem","position":1,"name":"Lar","item":"https:\/\/exceladvisor.org\/pt\/"},{"@type":"ListItem","position":2,"name":"Como criar gr\u00e1ficos interativos no excel?"}]},{"@type":"WebSite","@id":"https:\/\/exceladvisor.org\/pt\/#website","url":"https:\/\/exceladvisor.org\/pt\/","name":"Excel Advisor","description":"O seu guia definitivo para dominar os dados!","publisher":{"@id":"https:\/\/exceladvisor.org\/pt\/#organization"},"potentialAction":[{"@type":"SearchAction","target":{"@type":"EntryPoint","urlTemplate":"https:\/\/exceladvisor.org\/pt\/?s={search_term_string}"},"query-input":{"@type":"PropertyValueSpecification","valueRequired":true,"valueName":"search_term_string"}}],"inLanguage":"pt-PT"},{"@type":"Organization","@id":"https:\/\/exceladvisor.org\/pt\/#organization","name":"Excel Advisor","url":"https:\/\/exceladvisor.org\/pt\/","logo":{"@type":"ImageObject","inLanguage":"pt-PT","@id":"https:\/\/exceladvisor.org\/pt\/#\/schema\/logo\/image\/","url":"https:\/\/exceladvisor.org\/pt\/wp-content\/uploads\/2023\/12\/exceladvisor.org_.png","contentUrl":"https:\/\/exceladvisor.org\/pt\/wp-content\/uploads\/2023\/12\/exceladvisor.org_.png","width":105,"height":36,"caption":"Excel Advisor"},"image":{"@id":"https:\/\/exceladvisor.org\/pt\/#\/schema\/logo\/image\/"}}]}},"yoast_meta":{"yoast_wpseo_title":"","yoast_wpseo_metadesc":"","yoast_wpseo_canonical":""},"_links":{"self":[{"href":"https:\/\/exceladvisor.org\/pt\/wp-json\/wp\/v2\/pages\/203","targetHints":{"allow":["GET"]}}],"collection":[{"href":"https:\/\/exceladvisor.org\/pt\/wp-json\/wp\/v2\/pages"}],"about":[{"href":"https:\/\/exceladvisor.org\/pt\/wp-json\/wp\/v2\/types\/page"}],"author":[{"embeddable":true,"href":"https:\/\/exceladvisor.org\/pt\/wp-json\/wp\/v2\/users\/1"}],"replies":[{"embeddable":true,"href":"https:\/\/exceladvisor.org\/pt\/wp-json\/wp\/v2\/comments?post=203"}],"version-history":[{"count":1,"href":"https:\/\/exceladvisor.org\/pt\/wp-json\/wp\/v2\/pages\/203\/revisions"}],"predecessor-version":[{"id":977,"href":"https:\/\/exceladvisor.org\/pt\/wp-json\/wp\/v2\/pages\/203\/revisions\/977"}],"wp:attachment":[{"href":"https:\/\/exceladvisor.org\/pt\/wp-json\/wp\/v2\/media?parent=203"}],"curies":[{"name":"wp","href":"https:\/\/api.w.org\/{rel}","templated":true}]}}