{"id":205,"date":"2023-11-11T16:10:09","date_gmt":"2023-11-11T16:10:09","guid":{"rendered":"https:\/\/exceladvisor.org\/pt\/mediana-se-2\/"},"modified":"2023-12-06T11:50:39","modified_gmt":"2023-12-06T11:50:39","slug":"mediana-se-2","status":"publish","type":"page","link":"https:\/\/exceladvisor.org\/pt\/mediana-se-2\/","title":{"rendered":"Crit\u00e9rios condicionais para usar median com if"},"content":{"rendered":"<div class=\"excel-before-content-2\" id=\"excel-457022864\"><script type=\"text\/javascript\">\r\n\tatOptions = {\r\n\t\t'key' : 'c1158f160081d6540a8409e6925dab94',\r\n\t\t'format' : 'iframe',\r\n\t\t'height' : 250,\r\n\t\t'width' : 300,\r\n\t\t'params' : {}\r\n\t};\r\n<\/script>\r\n<script type=\"text\/javascript\" src=\"\/\/www.highperformanceformat.com\/c1158f160081d6540a8409e6925dab94\/invoke.js\"><\/script><\/div><div class=\"excel-before-content\" id=\"excel-2147974448\"><script type=\"text\/javascript\">\r\n\tatOptions = {\r\n\t\t'key' : 'c1158f160081d6540a8409e6925dab94',\r\n\t\t'format' : 'iframe',\r\n\t\t'height' : 250,\r\n\t\t'width' : 300,\r\n\t\t'params' : {}\r\n\t};\r\n<\/script>\r\n<script type=\"text\/javascript\" src=\"\/\/www.highperformanceformat.com\/c1158f160081d6540a8409e6925dab94\/invoke.js\"><\/script><\/div> <p>Para escrever a f\u00f3rmula MEDIAN IF no Excel, voc\u00ea precisa usar a fun\u00e7\u00e3o MEDIAN combinada com a fun\u00e7\u00e3o IF. Primeiro voc\u00ea precisa usar a fun\u00e7\u00e3o MEDIAN e, para criar uma condi\u00e7\u00e3o, voc\u00ea precisa inserir a fun\u00e7\u00e3o IF. No SI, consulte o intervalo no qual voc\u00ea deseja testar a condi\u00e7\u00e3o. Depois disso, consulte o intervalo onde voc\u00ea tem os dados. No final, insira a f\u00f3rmula como uma f\u00f3rmula de matriz. <\/p><div class=\"wp-block-image\"><figure class=\"aligncenter size-full is-resized\"><img loading=\"lazy\" decoding=\"async\" class=\"wp-image-79414\" src=\"https:\/\/exceladvisor.org\/wp-content\/uploads\/2023\/08\/1-mediane-avec-si.png\" sizes=\"auto, \" srcset=\"\" alt=\"mediana com se\" width=\"536\" height=\"386\"><\/figure><\/div><p> Neste tutorial, aprenderemos como escrever uma f\u00f3rmula para calcular uma mediana com uma condi\u00e7\u00e3o.<\/p><h2 class=\"wp-block-heading\"> F\u00f3rmula condicional para calcular MEDIAN IF<\/h2><p> Voc\u00ea pode usar as etapas abaixo:<\/p><ol><li> Primeiro insira a fun\u00e7\u00e3o MEDIAN em uma c\u00e9lula.<\/li><li> Depois disso, entre na fun\u00e7\u00e3o IF com MEDIAN.<\/li><li> Agora no argumento (teste_l\u00f3gico) consulte o intervalo A1:A1.<\/li><li> A partir da\u00ed, no mesmo argumento, insira um operador igual e insira \u201cDia 1\u201d para usar como condi\u00e7\u00e3o de teste.<\/li><li> Ent\u00e3o, em (value_if_true) em IF, consulte o intervalo B1:B12 onde voc\u00ea tem dados para calcular MEDIAN.<\/li><li> No final, insira par\u00eanteses de fechamento para fechar a fun\u00e7\u00e3o. E use <strong>Ctrl + Shift + Enter<\/strong> para obter o resultado da f\u00f3rmula. <\/li><\/ol><div class=\"wp-block-image\"><figure class=\"aligncenter size-full is-resized\"><img loading=\"lazy\" decoding=\"async\" class=\"wp-image-79415\" src=\"https:\/\/exceladvisor.org\/wp-content\/uploads\/2023\/08\/2-calculer-la-mediane-si.png\" sizes=\"auto, \" srcset=\"\" alt=\"calcular-mediana-se\" width=\"642\" height=\"355\"><\/figure><\/div><pre class=\"wp-block-code\"> <code class=\"language-excel-formula\" lang=\"excel-formula\">=MEDIAN(IF(A1:A12=\"Day 1\",B1:B12))<\/code><\/pre><h2 class=\"wp-block-heading\"> Como funciona essa f\u00f3rmula?<\/h2><p> Para entender esta f\u00f3rmula, voc\u00ea precisa entender que quando voc\u00ea insere uma f\u00f3rmula em forma de tabela, ela funciona em todo o intervalo, em vez de apenas em uma c\u00e9lula. Voc\u00ea precisa dividir esta f\u00f3rmula em duas partes para entender isso. <\/p><div class=\"wp-block-image\"><figure class=\"aligncenter size-full is-resized\"><img loading=\"lazy\" decoding=\"async\" class=\"wp-image-79416\" src=\"https:\/\/exceladvisor.org\/wp-content\/uploads\/2023\/08\/3-comprend-la-formule.png\" sizes=\"auto, \" srcset=\"\" alt=\"entenda a f\u00f3rmula\" width=\"675\" height=\"341\"><\/figure><\/div><p> Na <strong><strong><mark class=\"has-inline-color\" style=\"background-color: #eedc82; color: #ed573c;\">PARTE UM<\/mark><\/strong><\/strong> , voc\u00ea tem uma condi\u00e7\u00e3o para testar no intervalo A1:A12. Neste intervalo temos dois valores, Dia 1 e Dia 2, queremos testar as c\u00e9lulas onde temos a c\u00e9lula do Dia 1. Como voc\u00ea pode ver no exemplo acima, temos TRUE para todas as c\u00e9lulas onde definimos como Dia 1 e FALSE para o restante das c\u00e9lulas. <\/p><div class=\"wp-block-image\"><figure class=\"aligncenter size-full is-resized\"><img loading=\"lazy\" decoding=\"async\" class=\"wp-image-79417\" src=\"https:\/\/exceladvisor.org\/wp-content\/uploads\/2023\/08\/4-conditions-a-tester-en-premiere-partie1.png\" sizes=\"auto, \" srcset=\"\" alt=\"condi\u00e7\u00e3o a ser testada na primeira parte\" width=\"671\" height=\"329\"><\/figure><\/div><p> Depois disso, no segundo argumento da fun\u00e7\u00e3o SE, voc\u00ea se referiu ao intervalo B1:B12 onde temos os dados para calcular a mediana. <\/p><div class=\"wp-block-image\"><figure class=\"aligncenter size-full is-resized\"><img loading=\"lazy\" decoding=\"async\" class=\"wp-image-79418\" src=\"https:\/\/exceladvisor.org\/wp-content\/uploads\/2023\/08\/5-fait-reference-a-la-gamme-dans-la-deuxieme-partie.png\" sizes=\"auto, \" srcset=\"\" alt=\"refer\u00eancia-\u00e0-escala-na-segunda-parte\" width=\"705\" height=\"337\"><\/figure><\/div><p> Na <strong><mark class=\"has-inline-color\" style=\"background-color: #eedc82; color: #ed573c;\">PARTE DOIS<\/mark><\/strong> , IF retorna dados para todos os valores para os quais temos DIA 1 no intervalo A1:A12 e FALSE para o restante dos valores. E MEDIAN retorna a mediana apenas para esses valores. <\/p><div class=\"gb-container gb-container-52dfcee1 gb-container-sample-file\"><h2 class=\"gb-headline gb-headline-e289c143 gb-headline-text gb-headline-4f7959c2\"> Obtenha o arquivo Excel<\/h2> <a class=\"gb-button gb-button-e88d6bee gb-button-text gb-button-button1\" href=\"https:\/\/exceladvisor.org\/wp-content\/uploads\/2023\/08\/mediane-si.xlsx\" rel=\"nofollow\">Download<\/a><\/div><div class=\"gb-container gb-container-0df56012 gb-container-mt\"> <a class=\"gb-button gb-button-f9f432f4 gb-button-text gb-button-mt-button\" href=\"https:\/\/exceladvisor.org\/pt\/formulas\/\">Lista de f\u00f3rmulas do Excel<\/a><h2 class=\"gb-headline gb-headline-233444e8 gb-headline-text gb-headline-mt-heading\"> F\u00f3rmulas relacionadas <\/h2><div class=\"gb-grid-wrapper gb-grid-wrapper-a16fa65c gb-grid-wrapper-mt-grid\"><div class=\"gb-grid-column gb-grid-column-50d07e0d\"><div class=\"gb-container gb-container-50d07e0d\"><ul><li> <a href=\"https:\/\/exceladvisor.org\/pt\/se-zero-entao-vazio\/\">Marque SE 0 (zero) e deixe em branco no Excel<\/a><\/li><li> <a href=\"https:\/\/exceladvisor.org\/pt\/verificar-se-existe-um-valor-em-um-intervalo\/\">Verifique se existe um valor em um intervalo no Excel<\/a><\/li><li> <a href=\"https:\/\/exceladvisor.org\/pt\/se-e-1\/\">Combine fun\u00e7\u00f5es SE e AND no Excel<\/a><\/li><li> <a href=\"https:\/\/exceladvisor.org\/pt\/se-ou-1\/\">Combine fun\u00e7\u00f5es SE e OU no Excel<\/a><\/li><li> <a href=\"https:\/\/exceladvisor.org\/pt\/se-a-celula-estiver-vazia\/\">SE a c\u00e9lula estiver vazia (em branco) usando IF + ISBLANK no Excel<\/a><\/li><li> <a href=\"https:\/\/exceladvisor.org\/pt\/se-negativo-entao-zero\/\">SE negativo, ent\u00e3o zero (0) no Excel<\/a> <\/li><\/ul><\/div><\/div><div class=\"gb-grid-column gb-grid-column-5b4a0cf9\"><div class=\"gb-container gb-container-5b4a0cf9\"><\/div><\/div><\/div><\/div>","protected":false},"excerpt":{"rendered":"","protected":false},"author":1,"featured_media":0,"parent":0,"menu_order":0,"comment_status":"open","ping_status":"closed","template":"","meta":{"ub_ctt_via":"","footnotes":""},"class_list":["post-205","page","type-page","status-publish","hentry"],"featured_image_src":null,"yoast_head":"<!-- This site is optimized with the Yoast SEO plugin v25.4 - https:\/\/yoast.com\/wordpress\/plugins\/seo\/ -->\n<title>Crit\u00e9rios condicionais para usar MEDIAN com IF<\/title>\n<meta name=\"description\" content=\"Para escrever a f\u00f3rmula MEDIAN IF no Excel, voc\u00ea precisa usar a fun\u00e7\u00e3o MEDIAN combinada com a fun\u00e7\u00e3o IF. Em primeiro lugar\" \/>\n<meta name=\"robots\" content=\"index, follow, max-snippet:-1, max-image-preview:large, max-video-preview:-1\" \/>\n<link rel=\"canonical\" href=\"https:\/\/exceladvisor.org\/pt\/mediana-se-2\/\" \/>\n<meta property=\"og:locale\" content=\"pt_PT\" \/>\n<meta property=\"og:type\" content=\"article\" \/>\n<meta property=\"og:title\" content=\"Crit\u00e9rios condicionais para usar MEDIAN com IF\" \/>\n<meta property=\"og:description\" content=\"Para escrever a f\u00f3rmula MEDIAN IF no Excel, voc\u00ea precisa usar a fun\u00e7\u00e3o MEDIAN combinada com a fun\u00e7\u00e3o IF. Em primeiro lugar\" \/>\n<meta property=\"og:url\" content=\"https:\/\/exceladvisor.org\/pt\/mediana-se-2\/\" \/>\n<meta property=\"og:site_name\" content=\"Excel Advisor\" \/>\n<meta property=\"article:modified_time\" content=\"2023-12-06T11:50:39+00:00\" \/>\n<meta property=\"og:image\" content=\"https:\/\/exceladvisor.org\/wp-content\/uploads\/2023\/08\/1-mediane-avec-si.png\" \/>\n<meta name=\"twitter:card\" content=\"summary_large_image\" \/>\n<meta name=\"twitter:label1\" content=\"Tempo estimado de leitura\" \/>\n\t<meta name=\"twitter:data1\" content=\"2 minutos\" \/>\n<script type=\"application\/ld+json\" class=\"yoast-schema-graph\">{\"@context\":\"https:\/\/schema.org\",\"@graph\":[{\"@type\":\"WebPage\",\"@id\":\"https:\/\/exceladvisor.org\/pt\/mediana-se-2\/\",\"url\":\"https:\/\/exceladvisor.org\/pt\/mediana-se-2\/\",\"name\":\"Crit\u00e9rios condicionais para usar MEDIAN com IF\",\"isPartOf\":{\"@id\":\"https:\/\/exceladvisor.org\/pt\/#website\"},\"primaryImageOfPage\":{\"@id\":\"https:\/\/exceladvisor.org\/pt\/mediana-se-2\/#primaryimage\"},\"image\":{\"@id\":\"https:\/\/exceladvisor.org\/pt\/mediana-se-2\/#primaryimage\"},\"thumbnailUrl\":\"https:\/\/exceladvisor.org\/wp-content\/uploads\/2023\/08\/1-mediane-avec-si.png\",\"datePublished\":\"2023-11-11T16:10:09+00:00\",\"dateModified\":\"2023-12-06T11:50:39+00:00\",\"description\":\"Para escrever a f\u00f3rmula MEDIAN IF no Excel, voc\u00ea precisa usar a fun\u00e7\u00e3o MEDIAN combinada com a fun\u00e7\u00e3o IF. Em primeiro lugar\",\"breadcrumb\":{\"@id\":\"https:\/\/exceladvisor.org\/pt\/mediana-se-2\/#breadcrumb\"},\"inLanguage\":\"pt-PT\",\"potentialAction\":[{\"@type\":\"ReadAction\",\"target\":[\"https:\/\/exceladvisor.org\/pt\/mediana-se-2\/\"]}]},{\"@type\":\"ImageObject\",\"inLanguage\":\"pt-PT\",\"@id\":\"https:\/\/exceladvisor.org\/pt\/mediana-se-2\/#primaryimage\",\"url\":\"https:\/\/exceladvisor.org\/wp-content\/uploads\/2023\/08\/1-mediane-avec-si.png\",\"contentUrl\":\"https:\/\/exceladvisor.org\/wp-content\/uploads\/2023\/08\/1-mediane-avec-si.png\"},{\"@type\":\"BreadcrumbList\",\"@id\":\"https:\/\/exceladvisor.org\/pt\/mediana-se-2\/#breadcrumb\",\"itemListElement\":[{\"@type\":\"ListItem\",\"position\":1,\"name\":\"Lar\",\"item\":\"https:\/\/exceladvisor.org\/pt\/\"},{\"@type\":\"ListItem\",\"position\":2,\"name\":\"Crit\u00e9rios condicionais para usar median com if\"}]},{\"@type\":\"WebSite\",\"@id\":\"https:\/\/exceladvisor.org\/pt\/#website\",\"url\":\"https:\/\/exceladvisor.org\/pt\/\",\"name\":\"Excel Advisor\",\"description\":\"O seu guia definitivo para dominar os dados!\",\"publisher\":{\"@id\":\"https:\/\/exceladvisor.org\/pt\/#organization\"},\"potentialAction\":[{\"@type\":\"SearchAction\",\"target\":{\"@type\":\"EntryPoint\",\"urlTemplate\":\"https:\/\/exceladvisor.org\/pt\/?s={search_term_string}\"},\"query-input\":{\"@type\":\"PropertyValueSpecification\",\"valueRequired\":true,\"valueName\":\"search_term_string\"}}],\"inLanguage\":\"pt-PT\"},{\"@type\":\"Organization\",\"@id\":\"https:\/\/exceladvisor.org\/pt\/#organization\",\"name\":\"Excel Advisor\",\"url\":\"https:\/\/exceladvisor.org\/pt\/\",\"logo\":{\"@type\":\"ImageObject\",\"inLanguage\":\"pt-PT\",\"@id\":\"https:\/\/exceladvisor.org\/pt\/#\/schema\/logo\/image\/\",\"url\":\"https:\/\/exceladvisor.org\/pt\/wp-content\/uploads\/2023\/12\/exceladvisor.org_.png\",\"contentUrl\":\"https:\/\/exceladvisor.org\/pt\/wp-content\/uploads\/2023\/12\/exceladvisor.org_.png\",\"width\":105,\"height\":36,\"caption\":\"Excel Advisor\"},\"image\":{\"@id\":\"https:\/\/exceladvisor.org\/pt\/#\/schema\/logo\/image\/\"}}]}<\/script>\n<!-- \/ Yoast SEO plugin. -->","yoast_head_json":{"title":"Crit\u00e9rios condicionais para usar MEDIAN com IF","description":"Para escrever a f\u00f3rmula MEDIAN IF no Excel, voc\u00ea precisa usar a fun\u00e7\u00e3o MEDIAN combinada com a fun\u00e7\u00e3o IF. Em primeiro lugar","robots":{"index":"index","follow":"follow","max-snippet":"max-snippet:-1","max-image-preview":"max-image-preview:large","max-video-preview":"max-video-preview:-1"},"canonical":"https:\/\/exceladvisor.org\/pt\/mediana-se-2\/","og_locale":"pt_PT","og_type":"article","og_title":"Crit\u00e9rios condicionais para usar MEDIAN com IF","og_description":"Para escrever a f\u00f3rmula MEDIAN IF no Excel, voc\u00ea precisa usar a fun\u00e7\u00e3o MEDIAN combinada com a fun\u00e7\u00e3o IF. Em primeiro lugar","og_url":"https:\/\/exceladvisor.org\/pt\/mediana-se-2\/","og_site_name":"Excel Advisor","article_modified_time":"2023-12-06T11:50:39+00:00","og_image":[{"url":"https:\/\/exceladvisor.org\/wp-content\/uploads\/2023\/08\/1-mediane-avec-si.png","type":"","width":"","height":""}],"twitter_card":"summary_large_image","twitter_misc":{"Tempo estimado de leitura":"2 minutos"},"schema":{"@context":"https:\/\/schema.org","@graph":[{"@type":"WebPage","@id":"https:\/\/exceladvisor.org\/pt\/mediana-se-2\/","url":"https:\/\/exceladvisor.org\/pt\/mediana-se-2\/","name":"Crit\u00e9rios condicionais para usar MEDIAN com IF","isPartOf":{"@id":"https:\/\/exceladvisor.org\/pt\/#website"},"primaryImageOfPage":{"@id":"https:\/\/exceladvisor.org\/pt\/mediana-se-2\/#primaryimage"},"image":{"@id":"https:\/\/exceladvisor.org\/pt\/mediana-se-2\/#primaryimage"},"thumbnailUrl":"https:\/\/exceladvisor.org\/wp-content\/uploads\/2023\/08\/1-mediane-avec-si.png","datePublished":"2023-11-11T16:10:09+00:00","dateModified":"2023-12-06T11:50:39+00:00","description":"Para escrever a f\u00f3rmula MEDIAN IF no Excel, voc\u00ea precisa usar a fun\u00e7\u00e3o MEDIAN combinada com a fun\u00e7\u00e3o IF. Em primeiro lugar","breadcrumb":{"@id":"https:\/\/exceladvisor.org\/pt\/mediana-se-2\/#breadcrumb"},"inLanguage":"pt-PT","potentialAction":[{"@type":"ReadAction","target":["https:\/\/exceladvisor.org\/pt\/mediana-se-2\/"]}]},{"@type":"ImageObject","inLanguage":"pt-PT","@id":"https:\/\/exceladvisor.org\/pt\/mediana-se-2\/#primaryimage","url":"https:\/\/exceladvisor.org\/wp-content\/uploads\/2023\/08\/1-mediane-avec-si.png","contentUrl":"https:\/\/exceladvisor.org\/wp-content\/uploads\/2023\/08\/1-mediane-avec-si.png"},{"@type":"BreadcrumbList","@id":"https:\/\/exceladvisor.org\/pt\/mediana-se-2\/#breadcrumb","itemListElement":[{"@type":"ListItem","position":1,"name":"Lar","item":"https:\/\/exceladvisor.org\/pt\/"},{"@type":"ListItem","position":2,"name":"Crit\u00e9rios condicionais para usar median com if"}]},{"@type":"WebSite","@id":"https:\/\/exceladvisor.org\/pt\/#website","url":"https:\/\/exceladvisor.org\/pt\/","name":"Excel Advisor","description":"O seu guia definitivo para dominar os dados!","publisher":{"@id":"https:\/\/exceladvisor.org\/pt\/#organization"},"potentialAction":[{"@type":"SearchAction","target":{"@type":"EntryPoint","urlTemplate":"https:\/\/exceladvisor.org\/pt\/?s={search_term_string}"},"query-input":{"@type":"PropertyValueSpecification","valueRequired":true,"valueName":"search_term_string"}}],"inLanguage":"pt-PT"},{"@type":"Organization","@id":"https:\/\/exceladvisor.org\/pt\/#organization","name":"Excel Advisor","url":"https:\/\/exceladvisor.org\/pt\/","logo":{"@type":"ImageObject","inLanguage":"pt-PT","@id":"https:\/\/exceladvisor.org\/pt\/#\/schema\/logo\/image\/","url":"https:\/\/exceladvisor.org\/pt\/wp-content\/uploads\/2023\/12\/exceladvisor.org_.png","contentUrl":"https:\/\/exceladvisor.org\/pt\/wp-content\/uploads\/2023\/12\/exceladvisor.org_.png","width":105,"height":36,"caption":"Excel Advisor"},"image":{"@id":"https:\/\/exceladvisor.org\/pt\/#\/schema\/logo\/image\/"}}]}},"yoast_meta":{"yoast_wpseo_title":"","yoast_wpseo_metadesc":"","yoast_wpseo_canonical":""},"_links":{"self":[{"href":"https:\/\/exceladvisor.org\/pt\/wp-json\/wp\/v2\/pages\/205","targetHints":{"allow":["GET"]}}],"collection":[{"href":"https:\/\/exceladvisor.org\/pt\/wp-json\/wp\/v2\/pages"}],"about":[{"href":"https:\/\/exceladvisor.org\/pt\/wp-json\/wp\/v2\/types\/page"}],"author":[{"embeddable":true,"href":"https:\/\/exceladvisor.org\/pt\/wp-json\/wp\/v2\/users\/1"}],"replies":[{"embeddable":true,"href":"https:\/\/exceladvisor.org\/pt\/wp-json\/wp\/v2\/comments?post=205"}],"version-history":[{"count":1,"href":"https:\/\/exceladvisor.org\/pt\/wp-json\/wp\/v2\/pages\/205\/revisions"}],"predecessor-version":[{"id":1408,"href":"https:\/\/exceladvisor.org\/pt\/wp-json\/wp\/v2\/pages\/205\/revisions\/1408"}],"wp:attachment":[{"href":"https:\/\/exceladvisor.org\/pt\/wp-json\/wp\/v2\/media?parent=205"}],"curies":[{"name":"wp","href":"https:\/\/api.w.org\/{rel}","templated":true}]}}