{"id":206,"date":"2023-11-11T15:51:08","date_gmt":"2023-11-11T15:51:08","guid":{"rendered":"https:\/\/exceladvisor.org\/pt\/tempo-em-decimais-1\/"},"modified":"2023-12-06T11:35:48","modified_gmt":"2023-12-06T11:35:48","slug":"tempo-em-decimais-1","status":"publish","type":"page","link":"https:\/\/exceladvisor.org\/pt\/tempo-em-decimais-1\/","title":{"rendered":"Como converter o tempo em decimal?"},"content":{"rendered":"<div class=\"excel-before-content-2\" id=\"excel-2199256004\"><script type=\"text\/javascript\">\r\n\tatOptions = {\r\n\t\t'key' : 'c1158f160081d6540a8409e6925dab94',\r\n\t\t'format' : 'iframe',\r\n\t\t'height' : 250,\r\n\t\t'width' : 300,\r\n\t\t'params' : {}\r\n\t};\r\n<\/script>\r\n<script type=\"text\/javascript\" src=\"\/\/www.highperformanceformat.com\/c1158f160081d6540a8409e6925dab94\/invoke.js\"><\/script><\/div><div class=\"excel-before-content\" id=\"excel-2900795197\"><script type=\"text\/javascript\">\r\n\tatOptions = {\r\n\t\t'key' : 'c1158f160081d6540a8409e6925dab94',\r\n\t\t'format' : 'iframe',\r\n\t\t'height' : 250,\r\n\t\t'width' : 300,\r\n\t\t'params' : {}\r\n\t};\r\n<\/script>\r\n<script type=\"text\/javascript\" src=\"\/\/www.highperformanceformat.com\/c1158f160081d6540a8409e6925dab94\/invoke.js\"><\/script><\/div> <p>No Excel, quando voc\u00ea insere um valor de tempo, ele informa horas, minutos e segundos, mas, na realidade, uma hora \u00e9 um valor decimal formatado como hora. <\/p><div class=\"wp-block-image\"><figure class=\"aligncenter size-full is-resized\"><img loading=\"lazy\" decoding=\"async\" class=\"wp-image-79511\" src=\"https:\/\/exceladvisor.org\/wp-content\/uploads\/2023\/08\/1-convertir-le-temps-en-decimales-1.png\" sizes=\"auto, \" srcset=\"\" alt=\"converter tempo para decimais\" width=\"530\" height=\"305\"><\/figure><\/div><p> Neste tutorial, aprenderemos como usar uma f\u00f3rmula r\u00e1pida e curta para converter o tempo em um n\u00famero onde as horas devem ser n\u00fameros inteiros e os minutos devem ser decimais.<\/p><h2 class=\"wp-block-heading\"> F\u00f3rmula para converter tempo em decimal<\/h2><ol type=\"1\"><li> Insira o operador igual (=) em uma c\u00e9lula.<\/li><li> Consulte a c\u00e9lula onde voc\u00ea tem tempo.<\/li><li> Digite o asterisco (*) para multiplica\u00e7\u00e3o.<\/li><li> Digite 24 e pressione Enter para obter o resultado. <\/li><\/ol><div class=\"wp-block-image\"><figure class=\"aligncenter size-full is-resized\"><img loading=\"lazy\" decoding=\"async\" class=\"wp-image-79512\" src=\"https:\/\/exceladvisor.org\/wp-content\/uploads\/2023\/08\/2-formules-pour-convertir-le-temps-en-decimales.png\" sizes=\"auto, \" srcset=\"\" alt=\"f\u00f3rmula para converter tempo em decimais\" width=\"410\" height=\"237\"><\/figure><\/div><p> E depois de usar esta f\u00f3rmula, certifique-se de aplicar a formata\u00e7\u00e3o \u201cGeral\u201d \u00e0 c\u00e9lula para exibi-la como um n\u00famero. <\/p><div class=\"wp-block-image\"><figure class=\"aligncenter size-full is-resized\"><img loading=\"lazy\" decoding=\"async\" class=\"wp-image-79513\" src=\"https:\/\/exceladvisor.org\/wp-content\/uploads\/2023\/08\/3-appliquer-la-mise-en-forme-generale.png\" sizes=\"auto, \" srcset=\"\" alt=\"aplicar formata\u00e7\u00e3o geral\" width=\"704\" height=\"277\"><\/figure><\/div><h2 class=\"wp-block-heading\"> Como funciona essa f\u00f3rmula?<\/h2><p> O Excel armazena o tempo como um valor decimal. 1h00, que \u00e9 uma hora em um dia, \u00e9 igual a 0,042, e 23h00 \u00e9 igual a 0,958. <\/p><div class=\"wp-block-image\"><figure class=\"aligncenter size-full is-resized\"><img loading=\"lazy\" decoding=\"async\" class=\"wp-image-79514\" src=\"https:\/\/exceladvisor.org\/wp-content\/uploads\/2023\/08\/4-comment-fonctionne-la-formule.png\" sizes=\"auto, \" srcset=\"\" alt=\"como funciona a f\u00f3rmula\" width=\"495\" height=\"183\"><\/figure><\/div><p> <strong>Uma hora em um dia de 24 horas e tem o valor de 1\/24. Para converter uma hora em um n\u00famero de horas, voc\u00ea pode multiplic\u00e1-lo por 24.<\/strong> <\/p><div class=\"wp-block-image\"><figure class=\"aligncenter size-full is-resized\"><img loading=\"lazy\" decoding=\"async\" class=\"wp-image-79515\" src=\"https:\/\/exceladvisor.org\/wp-content\/uploads\/2023\/08\/5-multiplier-par-24-pour-convertir-en-nombre-dheures.png\" sizes=\"auto, \" srcset=\"\" alt=\"multiplicar por 24 para converter em n\u00famero de hora\" width=\"426\" height=\"237\"><\/figure><\/div><div class=\"gb-container gb-container-52dfcee1 gb-container-sample-file\"><h2 class=\"gb-headline gb-headline-e289c143 gb-headline-text gb-headline-4f7959c2\"> Obtenha o arquivo Excel<\/h2><p> <a class=\"gb-button gb-button-e88d6bee gb-button-text gb-button-button1\" href=\"https:\/\/exceladvisor.org\/wp-content\/uploads\/2023\/08\/temps-en-decimales-1.xlsx\" rel=\"nofollow\">Download<\/a> <\/p><\/div><div class=\"wp-block-group more-tutorials is-layout-flow\"><div class=\"wp-block-group__inner-container\"><h2 class=\"wp-block-heading\"> Mais f\u00f3rmulas<\/h2><ul><li> <a href=\"https:\/\/exceladvisor.org\/pt\/adicione-horas-no-tempo\/\">Adicione horas ao tempo no Excel<\/a><\/li><li> <a href=\"https:\/\/exceladvisor.org\/pt\/adicione-minutos-ao-tempo\/\">Adicione minutos ao tempo no Excel<\/a><\/li><li> <a href=\"https:\/\/exceladvisor.org\/pt\/calcular-diferenca-horaria\/\">Calcule a diferen\u00e7a de tempo entre duas horas no Excel<\/a><\/li><li> <a href=\"https:\/\/exceladvisor.org\/pt\/alterar-formato-de-hora\/\">Alterar o formato da hora no Excel<\/a><\/li><li> <a href=\"https:\/\/exceladvisor.org\/pt\/tempo-militar\/\">Hor\u00e1rio militar (obter e subtrair) no Excel<\/a><\/li><li> <a href=\"https:\/\/exceladvisor.org\/pt\/data-e-hora-separadas-2\/\">Data e hora separadas no Excel<\/a><\/li><\/ul><p> \u21e0 Voltar \u00e0 <a href=\"https:\/\/exceladvisor.org\/pt\/formulas\/\">lista de mais de 100 f\u00f3rmulas do Excel (b\u00e1sico + avan\u00e7ado)<\/a><\/p><\/div><\/div>","protected":false},"excerpt":{"rendered":"","protected":false},"author":1,"featured_media":0,"parent":0,"menu_order":0,"comment_status":"open","ping_status":"closed","template":"","meta":{"ub_ctt_via":"","footnotes":""},"class_list":["post-206","page","type-page","status-publish","hentry"],"featured_image_src":null,"yoast_head":"<!-- This site is optimized with the Yoast SEO plugin v25.4 - https:\/\/yoast.com\/wordpress\/plugins\/seo\/ -->\n<title>Como converter o tempo em decimal? - Consultor Excel<\/title>\n<meta name=\"description\" content=\"Este tutorial nos ensinar\u00e1 como escrever f\u00f3rmulas Excel para converter o valor do tempo em um n\u00famero decimal de horas. Vamos verificar isso\u2026\" \/>\n<meta name=\"robots\" content=\"index, follow, max-snippet:-1, max-image-preview:large, max-video-preview:-1\" \/>\n<link rel=\"canonical\" href=\"https:\/\/exceladvisor.org\/pt\/tempo-em-decimais-1\/\" \/>\n<meta property=\"og:locale\" content=\"pt_PT\" \/>\n<meta property=\"og:type\" content=\"article\" \/>\n<meta property=\"og:title\" content=\"Como converter o tempo em decimal? - Consultor Excel\" \/>\n<meta property=\"og:description\" content=\"Este tutorial nos ensinar\u00e1 como escrever f\u00f3rmulas Excel para converter o valor do tempo em um n\u00famero decimal de horas. Vamos verificar isso\u2026\" \/>\n<meta property=\"og:url\" content=\"https:\/\/exceladvisor.org\/pt\/tempo-em-decimais-1\/\" \/>\n<meta property=\"og:site_name\" content=\"Excel Advisor\" \/>\n<meta property=\"article:modified_time\" content=\"2023-12-06T11:35:48+00:00\" \/>\n<meta property=\"og:image\" content=\"https:\/\/exceladvisor.org\/wp-content\/uploads\/2023\/08\/1-convertir-le-temps-en-decimales-1.png\" \/>\n<meta name=\"twitter:card\" content=\"summary_large_image\" \/>\n<meta name=\"twitter:label1\" content=\"Tempo estimado de leitura\" \/>\n\t<meta name=\"twitter:data1\" content=\"1 minuto\" \/>\n<script type=\"application\/ld+json\" class=\"yoast-schema-graph\">{\"@context\":\"https:\/\/schema.org\",\"@graph\":[{\"@type\":\"WebPage\",\"@id\":\"https:\/\/exceladvisor.org\/pt\/tempo-em-decimais-1\/\",\"url\":\"https:\/\/exceladvisor.org\/pt\/tempo-em-decimais-1\/\",\"name\":\"Como converter o tempo em decimal? - Consultor Excel\",\"isPartOf\":{\"@id\":\"https:\/\/exceladvisor.org\/pt\/#website\"},\"primaryImageOfPage\":{\"@id\":\"https:\/\/exceladvisor.org\/pt\/tempo-em-decimais-1\/#primaryimage\"},\"image\":{\"@id\":\"https:\/\/exceladvisor.org\/pt\/tempo-em-decimais-1\/#primaryimage\"},\"thumbnailUrl\":\"https:\/\/exceladvisor.org\/wp-content\/uploads\/2023\/08\/1-convertir-le-temps-en-decimales-1.png\",\"datePublished\":\"2023-11-11T15:51:08+00:00\",\"dateModified\":\"2023-12-06T11:35:48+00:00\",\"description\":\"Este tutorial nos ensinar\u00e1 como escrever f\u00f3rmulas Excel para converter o valor do tempo em um n\u00famero decimal de horas. Vamos verificar isso\u2026\",\"breadcrumb\":{\"@id\":\"https:\/\/exceladvisor.org\/pt\/tempo-em-decimais-1\/#breadcrumb\"},\"inLanguage\":\"pt-PT\",\"potentialAction\":[{\"@type\":\"ReadAction\",\"target\":[\"https:\/\/exceladvisor.org\/pt\/tempo-em-decimais-1\/\"]}]},{\"@type\":\"ImageObject\",\"inLanguage\":\"pt-PT\",\"@id\":\"https:\/\/exceladvisor.org\/pt\/tempo-em-decimais-1\/#primaryimage\",\"url\":\"https:\/\/exceladvisor.org\/wp-content\/uploads\/2023\/08\/1-convertir-le-temps-en-decimales-1.png\",\"contentUrl\":\"https:\/\/exceladvisor.org\/wp-content\/uploads\/2023\/08\/1-convertir-le-temps-en-decimales-1.png\"},{\"@type\":\"BreadcrumbList\",\"@id\":\"https:\/\/exceladvisor.org\/pt\/tempo-em-decimais-1\/#breadcrumb\",\"itemListElement\":[{\"@type\":\"ListItem\",\"position\":1,\"name\":\"Lar\",\"item\":\"https:\/\/exceladvisor.org\/pt\/\"},{\"@type\":\"ListItem\",\"position\":2,\"name\":\"Como converter o tempo em decimal?\"}]},{\"@type\":\"WebSite\",\"@id\":\"https:\/\/exceladvisor.org\/pt\/#website\",\"url\":\"https:\/\/exceladvisor.org\/pt\/\",\"name\":\"Excel Advisor\",\"description\":\"O seu guia definitivo para dominar os dados!\",\"publisher\":{\"@id\":\"https:\/\/exceladvisor.org\/pt\/#organization\"},\"potentialAction\":[{\"@type\":\"SearchAction\",\"target\":{\"@type\":\"EntryPoint\",\"urlTemplate\":\"https:\/\/exceladvisor.org\/pt\/?s={search_term_string}\"},\"query-input\":{\"@type\":\"PropertyValueSpecification\",\"valueRequired\":true,\"valueName\":\"search_term_string\"}}],\"inLanguage\":\"pt-PT\"},{\"@type\":\"Organization\",\"@id\":\"https:\/\/exceladvisor.org\/pt\/#organization\",\"name\":\"Excel Advisor\",\"url\":\"https:\/\/exceladvisor.org\/pt\/\",\"logo\":{\"@type\":\"ImageObject\",\"inLanguage\":\"pt-PT\",\"@id\":\"https:\/\/exceladvisor.org\/pt\/#\/schema\/logo\/image\/\",\"url\":\"https:\/\/exceladvisor.org\/pt\/wp-content\/uploads\/2023\/12\/exceladvisor.org_.png\",\"contentUrl\":\"https:\/\/exceladvisor.org\/pt\/wp-content\/uploads\/2023\/12\/exceladvisor.org_.png\",\"width\":105,\"height\":36,\"caption\":\"Excel Advisor\"},\"image\":{\"@id\":\"https:\/\/exceladvisor.org\/pt\/#\/schema\/logo\/image\/\"}}]}<\/script>\n<!-- \/ Yoast SEO plugin. -->","yoast_head_json":{"title":"Como converter o tempo em decimal? - Consultor Excel","description":"Este tutorial nos ensinar\u00e1 como escrever f\u00f3rmulas Excel para converter o valor do tempo em um n\u00famero decimal de horas. Vamos verificar isso\u2026","robots":{"index":"index","follow":"follow","max-snippet":"max-snippet:-1","max-image-preview":"max-image-preview:large","max-video-preview":"max-video-preview:-1"},"canonical":"https:\/\/exceladvisor.org\/pt\/tempo-em-decimais-1\/","og_locale":"pt_PT","og_type":"article","og_title":"Como converter o tempo em decimal? - Consultor Excel","og_description":"Este tutorial nos ensinar\u00e1 como escrever f\u00f3rmulas Excel para converter o valor do tempo em um n\u00famero decimal de horas. Vamos verificar isso\u2026","og_url":"https:\/\/exceladvisor.org\/pt\/tempo-em-decimais-1\/","og_site_name":"Excel Advisor","article_modified_time":"2023-12-06T11:35:48+00:00","og_image":[{"url":"https:\/\/exceladvisor.org\/wp-content\/uploads\/2023\/08\/1-convertir-le-temps-en-decimales-1.png","type":"","width":"","height":""}],"twitter_card":"summary_large_image","twitter_misc":{"Tempo estimado de leitura":"1 minuto"},"schema":{"@context":"https:\/\/schema.org","@graph":[{"@type":"WebPage","@id":"https:\/\/exceladvisor.org\/pt\/tempo-em-decimais-1\/","url":"https:\/\/exceladvisor.org\/pt\/tempo-em-decimais-1\/","name":"Como converter o tempo em decimal? - Consultor Excel","isPartOf":{"@id":"https:\/\/exceladvisor.org\/pt\/#website"},"primaryImageOfPage":{"@id":"https:\/\/exceladvisor.org\/pt\/tempo-em-decimais-1\/#primaryimage"},"image":{"@id":"https:\/\/exceladvisor.org\/pt\/tempo-em-decimais-1\/#primaryimage"},"thumbnailUrl":"https:\/\/exceladvisor.org\/wp-content\/uploads\/2023\/08\/1-convertir-le-temps-en-decimales-1.png","datePublished":"2023-11-11T15:51:08+00:00","dateModified":"2023-12-06T11:35:48+00:00","description":"Este tutorial nos ensinar\u00e1 como escrever f\u00f3rmulas Excel para converter o valor do tempo em um n\u00famero decimal de horas. Vamos verificar isso\u2026","breadcrumb":{"@id":"https:\/\/exceladvisor.org\/pt\/tempo-em-decimais-1\/#breadcrumb"},"inLanguage":"pt-PT","potentialAction":[{"@type":"ReadAction","target":["https:\/\/exceladvisor.org\/pt\/tempo-em-decimais-1\/"]}]},{"@type":"ImageObject","inLanguage":"pt-PT","@id":"https:\/\/exceladvisor.org\/pt\/tempo-em-decimais-1\/#primaryimage","url":"https:\/\/exceladvisor.org\/wp-content\/uploads\/2023\/08\/1-convertir-le-temps-en-decimales-1.png","contentUrl":"https:\/\/exceladvisor.org\/wp-content\/uploads\/2023\/08\/1-convertir-le-temps-en-decimales-1.png"},{"@type":"BreadcrumbList","@id":"https:\/\/exceladvisor.org\/pt\/tempo-em-decimais-1\/#breadcrumb","itemListElement":[{"@type":"ListItem","position":1,"name":"Lar","item":"https:\/\/exceladvisor.org\/pt\/"},{"@type":"ListItem","position":2,"name":"Como converter o tempo em decimal?"}]},{"@type":"WebSite","@id":"https:\/\/exceladvisor.org\/pt\/#website","url":"https:\/\/exceladvisor.org\/pt\/","name":"Excel Advisor","description":"O seu guia definitivo para dominar os dados!","publisher":{"@id":"https:\/\/exceladvisor.org\/pt\/#organization"},"potentialAction":[{"@type":"SearchAction","target":{"@type":"EntryPoint","urlTemplate":"https:\/\/exceladvisor.org\/pt\/?s={search_term_string}"},"query-input":{"@type":"PropertyValueSpecification","valueRequired":true,"valueName":"search_term_string"}}],"inLanguage":"pt-PT"},{"@type":"Organization","@id":"https:\/\/exceladvisor.org\/pt\/#organization","name":"Excel Advisor","url":"https:\/\/exceladvisor.org\/pt\/","logo":{"@type":"ImageObject","inLanguage":"pt-PT","@id":"https:\/\/exceladvisor.org\/pt\/#\/schema\/logo\/image\/","url":"https:\/\/exceladvisor.org\/pt\/wp-content\/uploads\/2023\/12\/exceladvisor.org_.png","contentUrl":"https:\/\/exceladvisor.org\/pt\/wp-content\/uploads\/2023\/12\/exceladvisor.org_.png","width":105,"height":36,"caption":"Excel Advisor"},"image":{"@id":"https:\/\/exceladvisor.org\/pt\/#\/schema\/logo\/image\/"}}]}},"yoast_meta":{"yoast_wpseo_title":"","yoast_wpseo_metadesc":"","yoast_wpseo_canonical":""},"_links":{"self":[{"href":"https:\/\/exceladvisor.org\/pt\/wp-json\/wp\/v2\/pages\/206","targetHints":{"allow":["GET"]}}],"collection":[{"href":"https:\/\/exceladvisor.org\/pt\/wp-json\/wp\/v2\/pages"}],"about":[{"href":"https:\/\/exceladvisor.org\/pt\/wp-json\/wp\/v2\/types\/page"}],"author":[{"embeddable":true,"href":"https:\/\/exceladvisor.org\/pt\/wp-json\/wp\/v2\/users\/1"}],"replies":[{"embeddable":true,"href":"https:\/\/exceladvisor.org\/pt\/wp-json\/wp\/v2\/comments?post=206"}],"version-history":[{"count":1,"href":"https:\/\/exceladvisor.org\/pt\/wp-json\/wp\/v2\/pages\/206\/revisions"}],"predecessor-version":[{"id":937,"href":"https:\/\/exceladvisor.org\/pt\/wp-json\/wp\/v2\/pages\/206\/revisions\/937"}],"wp:attachment":[{"href":"https:\/\/exceladvisor.org\/pt\/wp-json\/wp\/v2\/media?parent=206"}],"curies":[{"name":"wp","href":"https:\/\/api.w.org\/{rel}","templated":true}]}}