{"id":207,"date":"2023-11-11T15:36:54","date_gmt":"2023-11-11T15:36:54","guid":{"rendered":"https:\/\/exceladvisor.org\/pt\/soma-automatica-1\/"},"modified":"2023-12-06T11:50:18","modified_gmt":"2023-12-06T11:50:18","slug":"soma-automatica-1","status":"publish","type":"page","link":"https:\/\/exceladvisor.org\/pt\/soma-automatica-1\/","title":{"rendered":"Como usar soma autom\u00e1tica no excel?"},"content":{"rendered":"<div class=\"excel-before-content-2\" id=\"excel-2350052976\"><script type=\"text\/javascript\">\r\n\tatOptions = {\r\n\t\t'key' : 'c1158f160081d6540a8409e6925dab94',\r\n\t\t'format' : 'iframe',\r\n\t\t'height' : 250,\r\n\t\t'width' : 300,\r\n\t\t'params' : {}\r\n\t};\r\n<\/script>\r\n<script type=\"text\/javascript\" src=\"\/\/www.highperformanceformat.com\/c1158f160081d6540a8409e6925dab94\/invoke.js\"><\/script><\/div><div class=\"excel-before-content\" id=\"excel-1292800413\"><script type=\"text\/javascript\">\r\n\tatOptions = {\r\n\t\t'key' : 'c1158f160081d6540a8409e6925dab94',\r\n\t\t'format' : 'iframe',\r\n\t\t'height' : 250,\r\n\t\t'width' : 300,\r\n\t\t'params' : {}\r\n\t};\r\n<\/script>\r\n<script type=\"text\/javascript\" src=\"\/\/www.highperformanceformat.com\/c1158f160081d6540a8409e6925dab94\/invoke.js\"><\/script><\/div> <p>Para usar a soma autom\u00e1tica no Excel, voc\u00ea deve selecionar a c\u00e9lula abaixo ou \u00e0 direita dos valores que deseja adicionar. Depois de fazer isso, voc\u00ea pode usar o atalho do teclado ou a op\u00e7\u00e3o na guia In\u00edcio da faixa de op\u00e7\u00f5es. AutoSoma \u00e9 uma op\u00e7\u00e3o para calcular rapidamente a soma dos valores que voc\u00ea possui em um intervalo.<\/p><h2 class=\"wp-block-heading\"> Soma autom\u00e1tica para uma coluna<\/h2><p> Voc\u00ea pode usar as seguintes etapas:<\/p><ol><li> Primeiro, selecione a c\u00e9lula diretamente abaixo da \u00faltima c\u00e9lula com um valor. <br><img loading=\"lazy\" decoding=\"async\" title=\"1 \u00faltima c\u00e9lula abaixo dos valores\" src=\"https:\/\/exceladvisor.org\/wp-content\/uploads\/2023\/08\/1-derniere-cellule-sous-les-valeurs.png\" sizes=\"auto, \" srcset=\"\" alt=\"last-cell-below-values\" width=\"402\" height=\"297\"><\/li><li> Depois disso, v\u00e1 para a guia In\u00edcio e clique no menu suspenso AutoSoma. <br><img loading=\"lazy\" decoding=\"async\" title=\"Lista suspensa de soma autom\u00e1tica 2\" src=\"https:\/\/exceladvisor.org\/wp-content\/uploads\/2023\/08\/2-liste-deroulante-de-somme-automatique.png\" sizes=\"auto, \" srcset=\"\" alt=\"autosum-drop-down\" width=\"476\" height=\"231\"><\/li><li> Agora selecione \u201cSoma\u201d na lista suspensa. <br><img loading=\"lazy\" decoding=\"async\" title=\"Menu suspenso de 3 somas\" src=\"https:\/\/exceladvisor.org\/wp-content\/uploads\/2023\/08\/3-somme-du-menu-deroulant.png\" sizes=\"auto, \" srcset=\"\" alt=\"sum-from-drop-down\" width=\"214\" height=\"252\"><\/li><li> Depois de selecion\u00e1-lo, ele inserir\u00e1 a fun\u00e7\u00e3o soma na c\u00e9lula selecionada referente ao intervalo acima da c\u00e9lula. <br><img loading=\"lazy\" decoding=\"async\" title=\"Soma de 4 fun\u00e7\u00f5es com intervalo\" src=\"https:\/\/exceladvisor.org\/wp-content\/uploads\/2023\/08\/4-fonction-somme-avec-plage.png\" sizes=\"auto, \" srcset=\"\" alt=\"sum-function-with-range\" width=\"293\" height=\"352\"><\/li><li> No final, pressione Enter para obter o resultado.<\/li><\/ol><p> Isso fornece a mesma fun\u00e7\u00e3o SUM que voc\u00ea insere manualmente em uma c\u00e9lula. <\/p><div class=\"wp-block-image\"><figure class=\"aligncenter size-full is-resized\"><img loading=\"lazy\" decoding=\"async\" class=\"wp-image-79233\" src=\"https:\/\/exceladvisor.org\/wp-content\/uploads\/2023\/08\/5-fonction-somme1.png\" sizes=\"auto, \" srcset=\"\" alt=\"fun\u00e7\u00e3o soma\" width=\"439\" height=\"384\"><\/figure><\/div><h2 class=\"wp-block-heading\"> Soma autom\u00e1tica para uma coluna<\/h2><p> Se quiser obter o total de uma linha, voc\u00ea precisa selecionar a c\u00e9lula \u00e0 direita dos valores (ao lado do \u00faltimo valor). <\/p><div class=\"wp-block-image\"><figure class=\"aligncenter size-full is-resized\"><img loading=\"lazy\" decoding=\"async\" class=\"wp-image-79234\" src=\"https:\/\/exceladvisor.org\/wp-content\/uploads\/2023\/08\/6-au-total-de-rangee.png\" sizes=\"auto, \" srcset=\"\" alt=\"linha total\" width=\"584\" height=\"131\"><\/figure><\/div><p> Agora use as mesmas etapas que usamos para a coluna. <\/p><div class=\"wp-block-image\"><figure class=\"aligncenter size-full is-resized\"><img loading=\"lazy\" decoding=\"async\" class=\"wp-image-79235\" src=\"https:\/\/exceladvisor.org\/wp-content\/uploads\/2023\/08\/7-somme-pour-les-lignes.png\" sizes=\"auto, \" srcset=\"\" alt=\"soma para linhas\" width=\"684\" height=\"161\"><\/figure><\/div><p> No final, pressione Enter para obter a soma. <\/p><div class=\"wp-block-image\"><figure class=\"aligncenter size-full is-resized\"><img loading=\"lazy\" decoding=\"async\" class=\"wp-image-79236\" src=\"https:\/\/exceladvisor.org\/wp-content\/uploads\/2023\/08\/8-appuyez-sur-entree-pour-obtenir-la-somme.png\" sizes=\"auto, \" srcset=\"\" alt=\"pressione enter para obter a soma\" width=\"685\" height=\"155\"><\/figure><\/div><h2 class=\"wp-block-heading\"> Usando o atalho de teclado para AutoSoma<\/h2><p> Voc\u00ea tamb\u00e9m pode usar um atalho de teclado para soma autom\u00e1tica. Tudo que voc\u00ea precisa fazer \u00e9 selecionar a c\u00e9lula e pressionar o atalho de teclado Alt+=. Voc\u00ea pode aprender mais sobre isso nesta p\u00e1gina. <\/p><div class=\"wp-block-image\"><figure class=\"aligncenter size-full is-resized\"><img loading=\"lazy\" decoding=\"async\" class=\"wp-image-79237\" src=\"https:\/\/exceladvisor.org\/wp-content\/uploads\/2023\/08\/9-raccourci-pour-la-somme.png\" sizes=\"auto, \" srcset=\"\" alt=\"atalho para soma\" width=\"306\" height=\"142\"><\/figure><\/div><h2 class=\"wp-block-heading\"> Use soma autom\u00e1tica para uma tabela inteira<\/h2><p> Voc\u00ea tamb\u00e9m pode usar a soma autom\u00e1tica para adicionar um total de linha e coluna a uma tabela no Excel. Selecione as c\u00e9lulas abaixo das colunas e, a seguir, as c\u00e9lulas \u00e0 direita das linhas. <\/p><div class=\"wp-block-image\"><figure class=\"aligncenter size-full is-resized\"><img loading=\"lazy\" decoding=\"async\" class=\"wp-image-79238\" src=\"https:\/\/exceladvisor.org\/wp-content\/uploads\/2023\/08\/10-somme-automatique-pour-toute-la-table.png\" sizes=\"auto, \" srcset=\"\" alt=\"soma autom\u00e1tica para toda a tabela\" width=\"787\" height=\"344\"><\/figure><\/div><p> E ent\u00e3o use o atalho de teclado Alt+= ou use a op\u00e7\u00e3o de soma autom\u00e1tica na guia inicial. Ele obter\u00e1 o total de todas as colunas e linhas. <\/p><div class=\"gb-container gb-container-52dfcee1 gb-container-sample-file\"><h2 class=\"gb-headline gb-headline-e289c143 gb-headline-text gb-headline-4f7959c2\"> Obtenha o arquivo Excel<\/h2><p> <a class=\"gb-button gb-button-e88d6bee gb-button-text gb-button-button1\" href=\"https:\/\/exceladvisor.org\/wp-content\/uploads\/2023\/08\/somme-automatique.xlsx\" rel=\"nofollow\">Download<\/a><\/p><\/div><div class=\"gb-container gb-container-0df56012 gb-container-mt\"> <a class=\"gb-button gb-button-f9f432f4 gb-button-text gb-button-mt-button\" href=\"https:\/\/exceladvisor.org\/pt\/formulas\/\">Lista de f\u00f3rmulas do Excel<\/a><h2 class=\"gb-headline gb-headline-233444e8 gb-headline-text gb-headline-mt-heading\"> F\u00f3rmulas relacionadas <\/h2><div class=\"gb-grid-wrapper gb-grid-wrapper-a16fa65c gb-grid-wrapper-mt-grid\"><div class=\"gb-grid-column gb-grid-column-50d07e0d\"><div class=\"gb-container gb-container-50d07e0d\"><ul><li> <a href=\"https:\/\/exceladvisor.org\/pt\/adicione-a-coluna-inteira\/\">Adicione uma coluna ou linha inteira no Excel<\/a><\/li><li> <a href=\"https:\/\/exceladvisor.org\/pt\/adicione-apenas-celulas-visiveis\/\">Soma apenas c\u00e9lulas vis\u00edveis no Excel<\/a><\/li><li> <a href=\"https:\/\/exceladvisor.org\/pt\/adicionar-celulas-aleatorias\/\">Soma de c\u00e9lulas aleat\u00f3rias no Excel<\/a><\/li><li> <a href=\"https:\/\/exceladvisor.org\/pt\/linha-total\/\">Adicione uma linha total no Excel<\/a><\/li><li> <a href=\"https:\/\/exceladvisor.org\/pt\/soma-indireta-2\/\">INDIRETO com SOMA<\/a><\/li><li> <a href=\"https:\/\/exceladvisor.org\/pt\/total-acumula-1\/\">Total cumulativo<\/a><\/li><li> <a href=\"https:\/\/exceladvisor.org\/pt\/soma-dos-quadrados-2\/\">Soma dos quadrados<\/a> <\/li><\/ul><\/div><\/div><div class=\"gb-grid-column gb-grid-column-5b4a0cf9\"><div class=\"gb-container gb-container-5b4a0cf9\"><\/div><\/div><\/div><\/div>","protected":false},"excerpt":{"rendered":"","protected":false},"author":1,"featured_media":0,"parent":0,"menu_order":0,"comment_status":"open","ping_status":"closed","template":"","meta":{"ub_ctt_via":"","footnotes":""},"class_list":["post-207","page","type-page","status-publish","hentry"],"featured_image_src":null,"yoast_head":"<!-- This site is optimized with the Yoast SEO plugin v25.4 - https:\/\/yoast.com\/wordpress\/plugins\/seo\/ -->\n<title>\u25b7 Como usar soma autom\u00e1tica no Excel?<\/title>\n<meta name=\"description\" content=\"Este tutorial vai te ensinar como usar a fun\u00e7\u00e3o de soma autom\u00e1tica do Excel para obter rapidamente a soma dos valores que voc\u00ea\" \/>\n<meta name=\"robots\" content=\"index, follow, max-snippet:-1, max-image-preview:large, max-video-preview:-1\" \/>\n<link rel=\"canonical\" href=\"https:\/\/exceladvisor.org\/pt\/soma-automatica-1\/\" \/>\n<meta property=\"og:locale\" content=\"pt_PT\" \/>\n<meta property=\"og:type\" content=\"article\" \/>\n<meta property=\"og:title\" content=\"\u25b7 Como usar soma autom\u00e1tica no Excel?\" \/>\n<meta property=\"og:description\" content=\"Este tutorial vai te ensinar como usar a fun\u00e7\u00e3o de soma autom\u00e1tica do Excel para obter rapidamente a soma dos valores que voc\u00ea\" \/>\n<meta property=\"og:url\" content=\"https:\/\/exceladvisor.org\/pt\/soma-automatica-1\/\" \/>\n<meta property=\"og:site_name\" content=\"Excel Advisor\" \/>\n<meta property=\"article:modified_time\" content=\"2023-12-06T11:50:18+00:00\" \/>\n<meta property=\"og:image\" content=\"https:\/\/exceladvisor.org\/wp-content\/uploads\/2023\/08\/1-derniere-cellule-sous-les-valeurs.png\" \/>\n<meta name=\"twitter:card\" content=\"summary_large_image\" \/>\n<meta name=\"twitter:label1\" content=\"Tempo estimado de leitura\" \/>\n\t<meta name=\"twitter:data1\" content=\"2 minutos\" \/>\n<script type=\"application\/ld+json\" class=\"yoast-schema-graph\">{\"@context\":\"https:\/\/schema.org\",\"@graph\":[{\"@type\":\"WebPage\",\"@id\":\"https:\/\/exceladvisor.org\/pt\/soma-automatica-1\/\",\"url\":\"https:\/\/exceladvisor.org\/pt\/soma-automatica-1\/\",\"name\":\"\u25b7 Como usar soma autom\u00e1tica no Excel?\",\"isPartOf\":{\"@id\":\"https:\/\/exceladvisor.org\/pt\/#website\"},\"primaryImageOfPage\":{\"@id\":\"https:\/\/exceladvisor.org\/pt\/soma-automatica-1\/#primaryimage\"},\"image\":{\"@id\":\"https:\/\/exceladvisor.org\/pt\/soma-automatica-1\/#primaryimage\"},\"thumbnailUrl\":\"https:\/\/exceladvisor.org\/wp-content\/uploads\/2023\/08\/1-derniere-cellule-sous-les-valeurs.png\",\"datePublished\":\"2023-11-11T15:36:54+00:00\",\"dateModified\":\"2023-12-06T11:50:18+00:00\",\"description\":\"Este tutorial vai te ensinar como usar a fun\u00e7\u00e3o de soma autom\u00e1tica do Excel para obter rapidamente a soma dos valores que voc\u00ea\",\"breadcrumb\":{\"@id\":\"https:\/\/exceladvisor.org\/pt\/soma-automatica-1\/#breadcrumb\"},\"inLanguage\":\"pt-PT\",\"potentialAction\":[{\"@type\":\"ReadAction\",\"target\":[\"https:\/\/exceladvisor.org\/pt\/soma-automatica-1\/\"]}]},{\"@type\":\"ImageObject\",\"inLanguage\":\"pt-PT\",\"@id\":\"https:\/\/exceladvisor.org\/pt\/soma-automatica-1\/#primaryimage\",\"url\":\"https:\/\/exceladvisor.org\/wp-content\/uploads\/2023\/08\/1-derniere-cellule-sous-les-valeurs.png\",\"contentUrl\":\"https:\/\/exceladvisor.org\/wp-content\/uploads\/2023\/08\/1-derniere-cellule-sous-les-valeurs.png\"},{\"@type\":\"BreadcrumbList\",\"@id\":\"https:\/\/exceladvisor.org\/pt\/soma-automatica-1\/#breadcrumb\",\"itemListElement\":[{\"@type\":\"ListItem\",\"position\":1,\"name\":\"Lar\",\"item\":\"https:\/\/exceladvisor.org\/pt\/\"},{\"@type\":\"ListItem\",\"position\":2,\"name\":\"Como usar soma autom\u00e1tica no excel?\"}]},{\"@type\":\"WebSite\",\"@id\":\"https:\/\/exceladvisor.org\/pt\/#website\",\"url\":\"https:\/\/exceladvisor.org\/pt\/\",\"name\":\"Excel Advisor\",\"description\":\"O seu guia definitivo para dominar os dados!\",\"publisher\":{\"@id\":\"https:\/\/exceladvisor.org\/pt\/#organization\"},\"potentialAction\":[{\"@type\":\"SearchAction\",\"target\":{\"@type\":\"EntryPoint\",\"urlTemplate\":\"https:\/\/exceladvisor.org\/pt\/?s={search_term_string}\"},\"query-input\":{\"@type\":\"PropertyValueSpecification\",\"valueRequired\":true,\"valueName\":\"search_term_string\"}}],\"inLanguage\":\"pt-PT\"},{\"@type\":\"Organization\",\"@id\":\"https:\/\/exceladvisor.org\/pt\/#organization\",\"name\":\"Excel Advisor\",\"url\":\"https:\/\/exceladvisor.org\/pt\/\",\"logo\":{\"@type\":\"ImageObject\",\"inLanguage\":\"pt-PT\",\"@id\":\"https:\/\/exceladvisor.org\/pt\/#\/schema\/logo\/image\/\",\"url\":\"https:\/\/exceladvisor.org\/pt\/wp-content\/uploads\/2023\/12\/exceladvisor.org_.png\",\"contentUrl\":\"https:\/\/exceladvisor.org\/pt\/wp-content\/uploads\/2023\/12\/exceladvisor.org_.png\",\"width\":105,\"height\":36,\"caption\":\"Excel Advisor\"},\"image\":{\"@id\":\"https:\/\/exceladvisor.org\/pt\/#\/schema\/logo\/image\/\"}}]}<\/script>\n<!-- \/ Yoast SEO plugin. -->","yoast_head_json":{"title":"\u25b7 Como usar soma autom\u00e1tica no Excel?","description":"Este tutorial vai te ensinar como usar a fun\u00e7\u00e3o de soma autom\u00e1tica do Excel para obter rapidamente a soma dos valores que voc\u00ea","robots":{"index":"index","follow":"follow","max-snippet":"max-snippet:-1","max-image-preview":"max-image-preview:large","max-video-preview":"max-video-preview:-1"},"canonical":"https:\/\/exceladvisor.org\/pt\/soma-automatica-1\/","og_locale":"pt_PT","og_type":"article","og_title":"\u25b7 Como usar soma autom\u00e1tica no Excel?","og_description":"Este tutorial vai te ensinar como usar a fun\u00e7\u00e3o de soma autom\u00e1tica do Excel para obter rapidamente a soma dos valores que voc\u00ea","og_url":"https:\/\/exceladvisor.org\/pt\/soma-automatica-1\/","og_site_name":"Excel Advisor","article_modified_time":"2023-12-06T11:50:18+00:00","og_image":[{"url":"https:\/\/exceladvisor.org\/wp-content\/uploads\/2023\/08\/1-derniere-cellule-sous-les-valeurs.png","type":"","width":"","height":""}],"twitter_card":"summary_large_image","twitter_misc":{"Tempo estimado de leitura":"2 minutos"},"schema":{"@context":"https:\/\/schema.org","@graph":[{"@type":"WebPage","@id":"https:\/\/exceladvisor.org\/pt\/soma-automatica-1\/","url":"https:\/\/exceladvisor.org\/pt\/soma-automatica-1\/","name":"\u25b7 Como usar soma autom\u00e1tica no Excel?","isPartOf":{"@id":"https:\/\/exceladvisor.org\/pt\/#website"},"primaryImageOfPage":{"@id":"https:\/\/exceladvisor.org\/pt\/soma-automatica-1\/#primaryimage"},"image":{"@id":"https:\/\/exceladvisor.org\/pt\/soma-automatica-1\/#primaryimage"},"thumbnailUrl":"https:\/\/exceladvisor.org\/wp-content\/uploads\/2023\/08\/1-derniere-cellule-sous-les-valeurs.png","datePublished":"2023-11-11T15:36:54+00:00","dateModified":"2023-12-06T11:50:18+00:00","description":"Este tutorial vai te ensinar como usar a fun\u00e7\u00e3o de soma autom\u00e1tica do Excel para obter rapidamente a soma dos valores que voc\u00ea","breadcrumb":{"@id":"https:\/\/exceladvisor.org\/pt\/soma-automatica-1\/#breadcrumb"},"inLanguage":"pt-PT","potentialAction":[{"@type":"ReadAction","target":["https:\/\/exceladvisor.org\/pt\/soma-automatica-1\/"]}]},{"@type":"ImageObject","inLanguage":"pt-PT","@id":"https:\/\/exceladvisor.org\/pt\/soma-automatica-1\/#primaryimage","url":"https:\/\/exceladvisor.org\/wp-content\/uploads\/2023\/08\/1-derniere-cellule-sous-les-valeurs.png","contentUrl":"https:\/\/exceladvisor.org\/wp-content\/uploads\/2023\/08\/1-derniere-cellule-sous-les-valeurs.png"},{"@type":"BreadcrumbList","@id":"https:\/\/exceladvisor.org\/pt\/soma-automatica-1\/#breadcrumb","itemListElement":[{"@type":"ListItem","position":1,"name":"Lar","item":"https:\/\/exceladvisor.org\/pt\/"},{"@type":"ListItem","position":2,"name":"Como usar soma autom\u00e1tica no excel?"}]},{"@type":"WebSite","@id":"https:\/\/exceladvisor.org\/pt\/#website","url":"https:\/\/exceladvisor.org\/pt\/","name":"Excel Advisor","description":"O seu guia definitivo para dominar os dados!","publisher":{"@id":"https:\/\/exceladvisor.org\/pt\/#organization"},"potentialAction":[{"@type":"SearchAction","target":{"@type":"EntryPoint","urlTemplate":"https:\/\/exceladvisor.org\/pt\/?s={search_term_string}"},"query-input":{"@type":"PropertyValueSpecification","valueRequired":true,"valueName":"search_term_string"}}],"inLanguage":"pt-PT"},{"@type":"Organization","@id":"https:\/\/exceladvisor.org\/pt\/#organization","name":"Excel Advisor","url":"https:\/\/exceladvisor.org\/pt\/","logo":{"@type":"ImageObject","inLanguage":"pt-PT","@id":"https:\/\/exceladvisor.org\/pt\/#\/schema\/logo\/image\/","url":"https:\/\/exceladvisor.org\/pt\/wp-content\/uploads\/2023\/12\/exceladvisor.org_.png","contentUrl":"https:\/\/exceladvisor.org\/pt\/wp-content\/uploads\/2023\/12\/exceladvisor.org_.png","width":105,"height":36,"caption":"Excel Advisor"},"image":{"@id":"https:\/\/exceladvisor.org\/pt\/#\/schema\/logo\/image\/"}}]}},"yoast_meta":{"yoast_wpseo_title":"","yoast_wpseo_metadesc":"","yoast_wpseo_canonical":""},"_links":{"self":[{"href":"https:\/\/exceladvisor.org\/pt\/wp-json\/wp\/v2\/pages\/207","targetHints":{"allow":["GET"]}}],"collection":[{"href":"https:\/\/exceladvisor.org\/pt\/wp-json\/wp\/v2\/pages"}],"about":[{"href":"https:\/\/exceladvisor.org\/pt\/wp-json\/wp\/v2\/types\/page"}],"author":[{"embeddable":true,"href":"https:\/\/exceladvisor.org\/pt\/wp-json\/wp\/v2\/users\/1"}],"replies":[{"embeddable":true,"href":"https:\/\/exceladvisor.org\/pt\/wp-json\/wp\/v2\/comments?post=207"}],"version-history":[{"count":1,"href":"https:\/\/exceladvisor.org\/pt\/wp-json\/wp\/v2\/pages\/207\/revisions"}],"predecessor-version":[{"id":1379,"href":"https:\/\/exceladvisor.org\/pt\/wp-json\/wp\/v2\/pages\/207\/revisions\/1379"}],"wp:attachment":[{"href":"https:\/\/exceladvisor.org\/pt\/wp-json\/wp\/v2\/media?parent=207"}],"curies":[{"name":"wp","href":"https:\/\/api.w.org\/{rel}","templated":true}]}}