{"id":208,"date":"2023-11-11T15:33:29","date_gmt":"2023-11-11T15:33:29","guid":{"rendered":"https:\/\/exceladvisor.org\/pt\/soma-cumulativa-2\/"},"modified":"2023-12-06T11:35:06","modified_gmt":"2023-12-06T11:35:06","slug":"soma-cumulativa-2","status":"publish","type":"page","link":"https:\/\/exceladvisor.org\/pt\/soma-cumulativa-2\/","title":{"rendered":"Como calcular a soma acumulada dos valores?"},"content":{"rendered":"<div class=\"excel-before-content-2\" id=\"excel-617296871\"><script type=\"text\/javascript\">\r\n\tatOptions = {\r\n\t\t'key' : 'c1158f160081d6540a8409e6925dab94',\r\n\t\t'format' : 'iframe',\r\n\t\t'height' : 250,\r\n\t\t'width' : 300,\r\n\t\t'params' : {}\r\n\t};\r\n<\/script>\r\n<script type=\"text\/javascript\" src=\"\/\/www.highperformanceformat.com\/c1158f160081d6540a8409e6925dab94\/invoke.js\"><\/script><\/div><div class=\"excel-before-content\" id=\"excel-3285820867\"><script type=\"text\/javascript\">\r\n\tatOptions = {\r\n\t\t'key' : 'c1158f160081d6540a8409e6925dab94',\r\n\t\t'format' : 'iframe',\r\n\t\t'height' : 250,\r\n\t\t'width' : 300,\r\n\t\t'params' : {}\r\n\t};\r\n<\/script>\r\n<script type=\"text\/javascript\" src=\"\/\/www.highperformanceformat.com\/c1158f160081d6540a8409e6925dab94\/invoke.js\"><\/script><\/div> <p>Para calcular a soma acumulada no Excel, voc\u00ea precisa usar a f\u00f3rmula SUM. Voc\u00ea precisa consultar os valores anteriores e o valor atual na f\u00f3rmula e, em seguida, arrastar esta f\u00f3rmula para todas as c\u00e9lulas at\u00e9 as quais deseja calcular o total acumulado (soma acumulada).<\/p><p> Neste tutorial, aprenderemos como escrever esta f\u00f3rmula e algumas outras f\u00f3rmulas para lidar com diferentes situa\u00e7\u00f5es.<\/p><h2 class=\"wp-block-heading\"> F\u00f3rmula para calcular uma soma cumulativa<\/h2><p> Voc\u00ea pode usar as seguintes etapas:<\/p><ol type=\"1\"><li> Primeiro insira a fun\u00e7\u00e3o de soma na c\u00e9lula C2.<\/li><li> Em seguida, consulte o intervalo B2:B3. Este intervalo inclui a quantidade do dia 1 e do dia 2.<\/li><li> Agora use o cifr\u00e3o antes do n\u00famero da linha da refer\u00eancia da c\u00e9lula.<\/li><li> Em seguida, insira a fun\u00e7\u00e3o para obter o total acumulado de dois dias (1 e 2).<\/li><li> No final, arraste a f\u00f3rmula para a \u00faltima c\u00e9lula da coluna para obter o total acumulado de todos os dias. <\/li><\/ol><div class=\"wp-block-image\"><figure class=\"aligncenter size-full is-resized\"><img loading=\"lazy\" decoding=\"async\" class=\"wp-image-79324\" src=\"https:\/\/exceladvisor.org\/wp-content\/uploads\/2023\/08\/1-formule-de-somme-cumulee.png\" sizes=\"auto, \" srcset=\"\" alt=\"f\u00f3rmula para soma cumulativa\" width=\"520\" height=\"519\"><\/figure><\/div><p> Voc\u00ea pode ver que ao usar o cifr\u00e3o, ele congela a primeira c\u00e9lula e em cada c\u00e9lula calcula a soma acumulada de todos os dias anteriores. <\/p><div class=\"wp-block-image\"><figure class=\"aligncenter size-full is-resized\"><img loading=\"lazy\" decoding=\"async\" class=\"wp-image-79325\" src=\"https:\/\/exceladvisor.org\/wp-content\/uploads\/2023\/08\/2-signe-pour-geler-la-valeur-precedente.png\" sizes=\"auto, \" srcset=\"\" alt=\"$-sinal-para-congelar-valor-anterior\" width=\"470\" height=\"406\"><\/figure><\/div><h2 class=\"wp-block-heading\"> Soma acumulada por data<\/h2><p> Se voc\u00ea tiver dados com datas como temos na coluna A. <\/p><div class=\"wp-block-image\"><figure class=\"aligncenter size-full is-resized\"><img loading=\"lazy\" decoding=\"async\" class=\"wp-image-79326\" src=\"https:\/\/exceladvisor.org\/wp-content\/uploads\/2023\/08\/3-somme-cumulee-par-date.png\" sizes=\"auto, \" srcset=\"\" alt=\"soma cumulativa por data\" width=\"464\" height=\"501\"><\/figure><\/div><p> Para obter o total acumulado por data, primeiro voc\u00ea deve classificar os dados do antigo para o novo. <\/p><div class=\"wp-block-image\"><figure class=\"aligncenter size-full is-resized\"><img loading=\"lazy\" decoding=\"async\" class=\"wp-image-79327\" src=\"https:\/\/exceladvisor.org\/wp-content\/uploads\/2023\/08\/4-trier-la-date-de-lancien-au-nouveau.png\" sizes=\"auto, \" srcset=\"\" alt=\"classificar a data do antigo para o novo\" width=\"449\" height=\"487\"><\/figure><\/div><p> Depois disso, escreva a f\u00f3rmula, da mesma forma que fizemos no exemplo anterior. <\/p><div class=\"wp-block-image\"><figure class=\"aligncenter size-full is-resized\"><img loading=\"lazy\" decoding=\"async\" class=\"wp-image-79328\" src=\"https:\/\/exceladvisor.org\/wp-content\/uploads\/2023\/08\/5-somme-pour-obtenir-le-total-cumule-par-date.png\" sizes=\"auto, \" srcset=\"\" alt=\"soma-para-obter-data-total em execu\u00e7\u00e3o\" width=\"462\" height=\"549\"><\/figure><\/div><p> E ao final arraste esta f\u00f3rmula para a \u00faltima c\u00e9lula com a data. <\/p><div class=\"wp-block-image\"><figure class=\"aligncenter size-full is-resized\"><img loading=\"lazy\" decoding=\"async\" class=\"wp-image-79329\" src=\"https:\/\/exceladvisor.org\/wp-content\/uploads\/2023\/08\/6-faites-glisser-la-formule-jusqua-la-cellule-de-fin.png\" sizes=\"auto, \" srcset=\"\" alt=\"arraste a f\u00f3rmula para o final da c\u00e9lula\" width=\"466\" height=\"522\"><\/figure><\/div><h2 class=\"wp-block-heading\"> Valor acumulado por m\u00eas<\/h2><p> No exemplo a seguir, temos datas na coluna A e queremos calcular o total acumulado com base em meses em vez de datas. Para isso, a primeira coisa que voc\u00ea precisa fazer \u00e9 adicionar uma coluna separada com os nomes dos meses. <\/p><div class=\"wp-block-image\"><figure class=\"aligncenter size-full is-resized\"><img loading=\"lazy\" decoding=\"async\" class=\"wp-image-79330\" src=\"https:\/\/exceladvisor.org\/wp-content\/uploads\/2023\/08\/7-somme-cumulee-par-mois.png\" sizes=\"auto, \" srcset=\"\" alt=\"soma cumulativa por m\u00eas\" width=\"584\" height=\"441\"><\/figure><\/div><p> Agora, na pr\u00f3xima coluna, insira a seguinte f\u00f3rmula referente \u00e0 coluna de data e quantidade da tabela original. <\/p><pre class=\"wp-block-code\"> <code class=\"language-excel-formula\" lang=\"excel-formula\">=SUMPRODUCT(--(TEXT($A$2:$A$11,\"MMM\")=D2),$B$2:$B$11)<\/code><\/pre><div class=\"wp-block-image\"><figure class=\"aligncenter size-full is-resized\"><img loading=\"lazy\" decoding=\"async\" class=\"wp-image-79331\" src=\"https:\/\/exceladvisor.org\/wp-content\/uploads\/2023\/08\/8-sumproduct-faisant-reference-a-la-date-et-a-la-quantite.png\" sizes=\"auto, \" srcset=\"\" alt=\"soma-refer\u00eancia-do-produto-data-e-quantidade\" width=\"656\" height=\"479\"><\/figure><\/div><p> Esta f\u00f3rmula lhe dar\u00e1 um total mensal para cada m\u00eas. E para os meses para os quais voc\u00ea n\u00e3o tem uma data, ter\u00e1 0. O pr\u00f3ximo passo a partir daqui \u00e9 adicionar uma coluna para o total acumulado (soma acumulada).<\/p><p> Da mesma forma, insira a fun\u00e7\u00e3o de soma, consulte as c\u00e9lulas E2 e E3 e congele a linha da c\u00e9lula E2 usando o cifr\u00e3o antes do n\u00famero da linha. <\/p><div class=\"wp-block-image\"><figure class=\"aligncenter size-full is-resized\"><img loading=\"lazy\" decoding=\"async\" class=\"wp-image-79332\" src=\"https:\/\/exceladvisor.org\/wp-content\/uploads\/2023\/08\/9-entrez-la-formule-de-somme.png\" sizes=\"auto, \" srcset=\"\" alt=\"insira a f\u00f3rmula da soma\" width=\"643\" height=\"429\"><\/figure><\/div><p> Depois disso, arraste a f\u00f3rmula para a \u00faltima c\u00e9lula do m\u00eas. <\/p><div class=\"gb-container gb-container-52dfcee1 gb-container-sample-file\"><h2 class=\"gb-headline gb-headline-e289c143 gb-headline-text gb-headline-4f7959c2\"> Obtenha o arquivo Excel<\/h2> <a class=\"gb-button gb-button-e88d6bee gb-button-text gb-button-button1\" href=\"https:\/\/exceladvisor.org\/wp-content\/uploads\/2023\/11\/somme-cumulee.xlsx\" rel=\"nofollow\">Download<\/a><\/div><div class=\"gb-container gb-container-0df56012 gb-container-mt\"> <a class=\"gb-button gb-button-f9f432f4 gb-button-text gb-button-mt-button\" href=\"https:\/\/exceladvisor.org\/pt\/formulas\/\">Lista de f\u00f3rmulas do Excel<\/a><h2 class=\"gb-headline gb-headline-233444e8 gb-headline-text gb-headline-mt-heading\"> F\u00f3rmulas relacionadas <\/h2><div class=\"gb-grid-wrapper gb-grid-wrapper-a16fa65c gb-grid-wrapper-mt-grid\"><div class=\"gb-grid-column gb-grid-column-50d07e0d\"><div class=\"gb-container gb-container-50d07e0d\"><ul><li> Calcular raiz c\u00fabica no Excel<\/li><li> <a href=\"https:\/\/exceladvisor.org\/pt\/diferenca-percentual\/\">Calcule a varia\u00e7\u00e3o percentual (diferen\u00e7a) no Excel<\/a><\/li><li> <a href=\"https:\/\/exceladvisor.org\/pt\/raiz-quadrada\/\">Calcular raiz quadrada no Excel + inserir s\u00edmbolo<\/a><\/li><li> <a href=\"https:\/\/exceladvisor.org\/pt\/nao-e-igual\/\">N\u00e3o \u00e9 igual ao operador no Excel<\/a> <\/li><\/ul><\/div><\/div><div class=\"gb-grid-column gb-grid-column-5b4a0cf9\"><div class=\"gb-container gb-container-5b4a0cf9\"><\/div><\/div><\/div><\/div>","protected":false},"excerpt":{"rendered":"","protected":false},"author":1,"featured_media":0,"parent":0,"menu_order":0,"comment_status":"open","ping_status":"closed","template":"","meta":{"ub_ctt_via":"","footnotes":""},"class_list":["post-208","page","type-page","status-publish","hentry"],"featured_image_src":null,"yoast_head":"<!-- This site is optimized with the Yoast SEO plugin v25.4 - https:\/\/yoast.com\/wordpress\/plugins\/seo\/ -->\n<title>Como calcular a soma acumulada dos valores? - Consultor Excel<\/title>\n<meta name=\"description\" content=\"Este tutorial nos ensinar\u00e1 como escrever f\u00f3rmulas Excel para calcular a soma cumulativa de um intervalo. Vamos verificar isso\u2026\" \/>\n<meta name=\"robots\" content=\"index, follow, max-snippet:-1, max-image-preview:large, max-video-preview:-1\" \/>\n<link rel=\"canonical\" href=\"https:\/\/exceladvisor.org\/pt\/soma-cumulativa-2\/\" \/>\n<meta property=\"og:locale\" content=\"pt_PT\" \/>\n<meta property=\"og:type\" content=\"article\" \/>\n<meta property=\"og:title\" content=\"Como calcular a soma acumulada dos valores? - Consultor Excel\" \/>\n<meta property=\"og:description\" content=\"Este tutorial nos ensinar\u00e1 como escrever f\u00f3rmulas Excel para calcular a soma cumulativa de um intervalo. Vamos verificar isso\u2026\" \/>\n<meta property=\"og:url\" content=\"https:\/\/exceladvisor.org\/pt\/soma-cumulativa-2\/\" \/>\n<meta property=\"og:site_name\" content=\"Excel Advisor\" \/>\n<meta property=\"article:modified_time\" content=\"2023-12-06T11:35:06+00:00\" \/>\n<meta property=\"og:image\" content=\"https:\/\/exceladvisor.org\/wp-content\/uploads\/2023\/08\/1-formule-de-somme-cumulee.png\" \/>\n<meta name=\"twitter:card\" content=\"summary_large_image\" \/>\n<meta name=\"twitter:label1\" content=\"Tempo estimado de leitura\" \/>\n\t<meta name=\"twitter:data1\" content=\"2 minutos\" \/>\n<script type=\"application\/ld+json\" class=\"yoast-schema-graph\">{\"@context\":\"https:\/\/schema.org\",\"@graph\":[{\"@type\":\"WebPage\",\"@id\":\"https:\/\/exceladvisor.org\/pt\/soma-cumulativa-2\/\",\"url\":\"https:\/\/exceladvisor.org\/pt\/soma-cumulativa-2\/\",\"name\":\"Como calcular a soma acumulada dos valores? - Consultor Excel\",\"isPartOf\":{\"@id\":\"https:\/\/exceladvisor.org\/pt\/#website\"},\"primaryImageOfPage\":{\"@id\":\"https:\/\/exceladvisor.org\/pt\/soma-cumulativa-2\/#primaryimage\"},\"image\":{\"@id\":\"https:\/\/exceladvisor.org\/pt\/soma-cumulativa-2\/#primaryimage\"},\"thumbnailUrl\":\"https:\/\/exceladvisor.org\/wp-content\/uploads\/2023\/08\/1-formule-de-somme-cumulee.png\",\"datePublished\":\"2023-11-11T15:33:29+00:00\",\"dateModified\":\"2023-12-06T11:35:06+00:00\",\"description\":\"Este tutorial nos ensinar\u00e1 como escrever f\u00f3rmulas Excel para calcular a soma cumulativa de um intervalo. Vamos verificar isso\u2026\",\"breadcrumb\":{\"@id\":\"https:\/\/exceladvisor.org\/pt\/soma-cumulativa-2\/#breadcrumb\"},\"inLanguage\":\"pt-PT\",\"potentialAction\":[{\"@type\":\"ReadAction\",\"target\":[\"https:\/\/exceladvisor.org\/pt\/soma-cumulativa-2\/\"]}]},{\"@type\":\"ImageObject\",\"inLanguage\":\"pt-PT\",\"@id\":\"https:\/\/exceladvisor.org\/pt\/soma-cumulativa-2\/#primaryimage\",\"url\":\"https:\/\/exceladvisor.org\/wp-content\/uploads\/2023\/08\/1-formule-de-somme-cumulee.png\",\"contentUrl\":\"https:\/\/exceladvisor.org\/wp-content\/uploads\/2023\/08\/1-formule-de-somme-cumulee.png\"},{\"@type\":\"BreadcrumbList\",\"@id\":\"https:\/\/exceladvisor.org\/pt\/soma-cumulativa-2\/#breadcrumb\",\"itemListElement\":[{\"@type\":\"ListItem\",\"position\":1,\"name\":\"Lar\",\"item\":\"https:\/\/exceladvisor.org\/pt\/\"},{\"@type\":\"ListItem\",\"position\":2,\"name\":\"Como calcular a soma acumulada dos valores?\"}]},{\"@type\":\"WebSite\",\"@id\":\"https:\/\/exceladvisor.org\/pt\/#website\",\"url\":\"https:\/\/exceladvisor.org\/pt\/\",\"name\":\"Excel Advisor\",\"description\":\"O seu guia definitivo para dominar os dados!\",\"publisher\":{\"@id\":\"https:\/\/exceladvisor.org\/pt\/#organization\"},\"potentialAction\":[{\"@type\":\"SearchAction\",\"target\":{\"@type\":\"EntryPoint\",\"urlTemplate\":\"https:\/\/exceladvisor.org\/pt\/?s={search_term_string}\"},\"query-input\":{\"@type\":\"PropertyValueSpecification\",\"valueRequired\":true,\"valueName\":\"search_term_string\"}}],\"inLanguage\":\"pt-PT\"},{\"@type\":\"Organization\",\"@id\":\"https:\/\/exceladvisor.org\/pt\/#organization\",\"name\":\"Excel Advisor\",\"url\":\"https:\/\/exceladvisor.org\/pt\/\",\"logo\":{\"@type\":\"ImageObject\",\"inLanguage\":\"pt-PT\",\"@id\":\"https:\/\/exceladvisor.org\/pt\/#\/schema\/logo\/image\/\",\"url\":\"https:\/\/exceladvisor.org\/pt\/wp-content\/uploads\/2023\/12\/exceladvisor.org_.png\",\"contentUrl\":\"https:\/\/exceladvisor.org\/pt\/wp-content\/uploads\/2023\/12\/exceladvisor.org_.png\",\"width\":105,\"height\":36,\"caption\":\"Excel Advisor\"},\"image\":{\"@id\":\"https:\/\/exceladvisor.org\/pt\/#\/schema\/logo\/image\/\"}}]}<\/script>\n<!-- \/ Yoast SEO plugin. -->","yoast_head_json":{"title":"Como calcular a soma acumulada dos valores? - Consultor Excel","description":"Este tutorial nos ensinar\u00e1 como escrever f\u00f3rmulas Excel para calcular a soma cumulativa de um intervalo. Vamos verificar isso\u2026","robots":{"index":"index","follow":"follow","max-snippet":"max-snippet:-1","max-image-preview":"max-image-preview:large","max-video-preview":"max-video-preview:-1"},"canonical":"https:\/\/exceladvisor.org\/pt\/soma-cumulativa-2\/","og_locale":"pt_PT","og_type":"article","og_title":"Como calcular a soma acumulada dos valores? - Consultor Excel","og_description":"Este tutorial nos ensinar\u00e1 como escrever f\u00f3rmulas Excel para calcular a soma cumulativa de um intervalo. Vamos verificar isso\u2026","og_url":"https:\/\/exceladvisor.org\/pt\/soma-cumulativa-2\/","og_site_name":"Excel Advisor","article_modified_time":"2023-12-06T11:35:06+00:00","og_image":[{"url":"https:\/\/exceladvisor.org\/wp-content\/uploads\/2023\/08\/1-formule-de-somme-cumulee.png","type":"","width":"","height":""}],"twitter_card":"summary_large_image","twitter_misc":{"Tempo estimado de leitura":"2 minutos"},"schema":{"@context":"https:\/\/schema.org","@graph":[{"@type":"WebPage","@id":"https:\/\/exceladvisor.org\/pt\/soma-cumulativa-2\/","url":"https:\/\/exceladvisor.org\/pt\/soma-cumulativa-2\/","name":"Como calcular a soma acumulada dos valores? - Consultor Excel","isPartOf":{"@id":"https:\/\/exceladvisor.org\/pt\/#website"},"primaryImageOfPage":{"@id":"https:\/\/exceladvisor.org\/pt\/soma-cumulativa-2\/#primaryimage"},"image":{"@id":"https:\/\/exceladvisor.org\/pt\/soma-cumulativa-2\/#primaryimage"},"thumbnailUrl":"https:\/\/exceladvisor.org\/wp-content\/uploads\/2023\/08\/1-formule-de-somme-cumulee.png","datePublished":"2023-11-11T15:33:29+00:00","dateModified":"2023-12-06T11:35:06+00:00","description":"Este tutorial nos ensinar\u00e1 como escrever f\u00f3rmulas Excel para calcular a soma cumulativa de um intervalo. Vamos verificar isso\u2026","breadcrumb":{"@id":"https:\/\/exceladvisor.org\/pt\/soma-cumulativa-2\/#breadcrumb"},"inLanguage":"pt-PT","potentialAction":[{"@type":"ReadAction","target":["https:\/\/exceladvisor.org\/pt\/soma-cumulativa-2\/"]}]},{"@type":"ImageObject","inLanguage":"pt-PT","@id":"https:\/\/exceladvisor.org\/pt\/soma-cumulativa-2\/#primaryimage","url":"https:\/\/exceladvisor.org\/wp-content\/uploads\/2023\/08\/1-formule-de-somme-cumulee.png","contentUrl":"https:\/\/exceladvisor.org\/wp-content\/uploads\/2023\/08\/1-formule-de-somme-cumulee.png"},{"@type":"BreadcrumbList","@id":"https:\/\/exceladvisor.org\/pt\/soma-cumulativa-2\/#breadcrumb","itemListElement":[{"@type":"ListItem","position":1,"name":"Lar","item":"https:\/\/exceladvisor.org\/pt\/"},{"@type":"ListItem","position":2,"name":"Como calcular a soma acumulada dos valores?"}]},{"@type":"WebSite","@id":"https:\/\/exceladvisor.org\/pt\/#website","url":"https:\/\/exceladvisor.org\/pt\/","name":"Excel Advisor","description":"O seu guia definitivo para dominar os dados!","publisher":{"@id":"https:\/\/exceladvisor.org\/pt\/#organization"},"potentialAction":[{"@type":"SearchAction","target":{"@type":"EntryPoint","urlTemplate":"https:\/\/exceladvisor.org\/pt\/?s={search_term_string}"},"query-input":{"@type":"PropertyValueSpecification","valueRequired":true,"valueName":"search_term_string"}}],"inLanguage":"pt-PT"},{"@type":"Organization","@id":"https:\/\/exceladvisor.org\/pt\/#organization","name":"Excel Advisor","url":"https:\/\/exceladvisor.org\/pt\/","logo":{"@type":"ImageObject","inLanguage":"pt-PT","@id":"https:\/\/exceladvisor.org\/pt\/#\/schema\/logo\/image\/","url":"https:\/\/exceladvisor.org\/pt\/wp-content\/uploads\/2023\/12\/exceladvisor.org_.png","contentUrl":"https:\/\/exceladvisor.org\/pt\/wp-content\/uploads\/2023\/12\/exceladvisor.org_.png","width":105,"height":36,"caption":"Excel Advisor"},"image":{"@id":"https:\/\/exceladvisor.org\/pt\/#\/schema\/logo\/image\/"}}]}},"yoast_meta":{"yoast_wpseo_title":"","yoast_wpseo_metadesc":"","yoast_wpseo_canonical":""},"_links":{"self":[{"href":"https:\/\/exceladvisor.org\/pt\/wp-json\/wp\/v2\/pages\/208","targetHints":{"allow":["GET"]}}],"collection":[{"href":"https:\/\/exceladvisor.org\/pt\/wp-json\/wp\/v2\/pages"}],"about":[{"href":"https:\/\/exceladvisor.org\/pt\/wp-json\/wp\/v2\/types\/page"}],"author":[{"embeddable":true,"href":"https:\/\/exceladvisor.org\/pt\/wp-json\/wp\/v2\/users\/1"}],"replies":[{"embeddable":true,"href":"https:\/\/exceladvisor.org\/pt\/wp-json\/wp\/v2\/comments?post=208"}],"version-history":[{"count":1,"href":"https:\/\/exceladvisor.org\/pt\/wp-json\/wp\/v2\/pages\/208\/revisions"}],"predecessor-version":[{"id":878,"href":"https:\/\/exceladvisor.org\/pt\/wp-json\/wp\/v2\/pages\/208\/revisions\/878"}],"wp:attachment":[{"href":"https:\/\/exceladvisor.org\/pt\/wp-json\/wp\/v2\/media?parent=208"}],"curies":[{"name":"wp","href":"https:\/\/api.w.org\/{rel}","templated":true}]}}