{"id":209,"date":"2023-11-11T15:13:22","date_gmt":"2023-11-11T15:13:22","guid":{"rendered":"https:\/\/exceladvisor.org\/pt\/soma-se-for-menor-que\/"},"modified":"2023-12-06T11:42:22","modified_gmt":"2023-12-06T11:42:22","slug":"soma-se-for-menor-que","status":"publish","type":"page","link":"https:\/\/exceladvisor.org\/pt\/soma-se-for-menor-que\/","title":{"rendered":"Como somar valores menores que a?"},"content":{"rendered":"<div class=\"excel-before-content-2\" id=\"excel-1237028869\"><script type=\"text\/javascript\">\r\n\tatOptions = {\r\n\t\t'key' : 'c1158f160081d6540a8409e6925dab94',\r\n\t\t'format' : 'iframe',\r\n\t\t'height' : 250,\r\n\t\t'width' : 300,\r\n\t\t'params' : {}\r\n\t};\r\n<\/script>\r\n<script type=\"text\/javascript\" src=\"\/\/www.highperformanceformat.com\/c1158f160081d6540a8409e6925dab94\/invoke.js\"><\/script><\/div><div class=\"excel-before-content\" id=\"excel-1750548086\"><script type=\"text\/javascript\">\r\n\tatOptions = {\r\n\t\t'key' : 'c1158f160081d6540a8409e6925dab94',\r\n\t\t'format' : 'iframe',\r\n\t\t'height' : 250,\r\n\t\t'width' : 300,\r\n\t\t'params' : {}\r\n\t};\r\n<\/script>\r\n<script type=\"text\/javascript\" src=\"\/\/www.highperformanceformat.com\/c1158f160081d6540a8409e6925dab94\/invoke.js\"><\/script><\/div> <p>Para adicionar valores menores que um determinado valor, voc\u00ea precisa usar a fun\u00e7\u00e3o SUMIF do Excel. Voc\u00ea deve especificar o intervalo de c\u00e9lulas para verificar os crit\u00e9rios, um valor a ser usado como crit\u00e9rio e, em seguida, o intervalo do qual deseja somar os valores. Mas voc\u00ea tamb\u00e9m pode usar o mesmo intervalo para somar os valores e verificar os crit\u00e9rios. <\/p><div class=\"wp-block-image\"><figure class=\"aligncenter size-full is-resized\"><img loading=\"lazy\" decoding=\"async\" class=\"wp-image-79486\" src=\"https:\/\/exceladvisor.org\/wp-content\/uploads\/2023\/08\/1-somme-des-valeurs-inferieures-a.png\" sizes=\"auto, \" srcset=\"\" alt=\"soma-valores-menos-que\" width=\"673\" height=\"292\"><\/figure><\/div><p> Neste tutorial, aprenderemos como escrever uma f\u00f3rmula para somar valores menores que um determinado valor.<\/p><h2 class=\"wp-block-heading\"> F\u00f3rmula: SUMIF menor que<\/h2><p> Voc\u00ea pode usar as seguintes etapas:<\/p><ol type=\"1\"><li> Primeiro, em uma c\u00e9lula, insira a fun\u00e7\u00e3o SUMIF.<\/li><li> Depois disso, no primeiro argumento, consulte o intervalo em que deseja verificar os crit\u00e9rios. Em nosso exemplo, voc\u00ea precisa consultar a faixa de tamanho do lote.<\/li><li> Agora voc\u00ea precisa especificar os crit\u00e9rios aqui. Portanto, usaremos um 40 com um operador menor que para somar todos os valores menores que.<\/li><li> A seguir, nos referiremos ao intervalo onde temos valores a somar. Em nosso exemplo, voc\u00ea precisa consultar a faixa de quantidade.<\/li><li> No final, pressione Enter para obter o resultado. <\/li><\/ol><div class=\"wp-block-image\"><figure class=\"aligncenter size-full is-resized\"><img loading=\"lazy\" decoding=\"async\" class=\"wp-image-79487\" src=\"https:\/\/exceladvisor.org\/wp-content\/uploads\/2023\/08\/2-somme-si-moins-de.png\" sizes=\"auto, \" srcset=\"\" alt=\"sumif-menor que\" width=\"616\" height=\"293\"><\/figure><\/div><pre class=\"wp-block-code\"> <code class=\"language-excel-formula\" lang=\"excel-formula\">=SUMIF(A2:A10,\"&lt;40\",C2:C10)<\/code><\/pre><p> Como voc\u00ea pode ver, temos 685 no resultado. Isso significa que a soma de todos os valores na coluna de quantidade onde o valor na coluna de tamanho do lote \u00e9 menor que 40 \u00e9 685. <\/p><div class=\"wp-block-image\"><figure class=\"aligncenter size-full is-resized\"><img loading=\"lazy\" decoding=\"async\" class=\"wp-image-79488\" src=\"https:\/\/exceladvisor.org\/wp-content\/uploads\/2023\/08\/3-resultat-somme.png\" sizes=\"auto, \" srcset=\"\" alt=\"resultado sumif\" width=\"621\" height=\"242\"><\/figure><\/div><p> Quando voc\u00ea usa um sinal de menor que com o valor, ele n\u00e3o inclui esse valor enquanto a soma \u00e9 menor que os valores. Isto significa que com &lt;40, o valor 40 n\u00e3o est\u00e1 inclu\u00eddo. Para isso voc\u00ea tamb\u00e9m deve utilizar o sinal de igual, conforme segue. <\/p><div class=\"wp-block-image\"><figure class=\"aligncenter size-full is-resized\"><img loading=\"lazy\" decoding=\"async\" class=\"wp-image-79489\" src=\"https:\/\/exceladvisor.org\/wp-content\/uploads\/2023\/08\/4-resultat-sumif-avec-signe-inferieur.png\" sizes=\"auto, \" srcset=\"\" alt=\"soma-resultado-com-sinal-inferior\" width=\"631\" height=\"333\"><\/figure><\/div><pre class=\"wp-block-code\"> <code class=\"language-excel-formula\" lang=\"excel-formula\">=SUMIF(A2:A10,\"&lt;=40\",C2:C10)<\/code><\/pre><h2 class=\"wp-block-heading\"> Usando valor menor que uma c\u00e9lula<\/h2><p> Digamos que em vez de especificar o valor na fun\u00e7\u00e3o, voc\u00ea deseja usar para uma c\u00e9lula. Neste caso, voc\u00ea deve escrever sua f\u00f3rmula como no exemplo a seguir: <\/p><div class=\"wp-block-image\"><figure class=\"aligncenter size-full is-resized\"><img loading=\"lazy\" decoding=\"async\" class=\"wp-image-79490\" src=\"https:\/\/exceladvisor.org\/wp-content\/uploads\/2023\/08\/5-en-utilisant-moins-que-la-valeur-dune-cellule.png\" sizes=\"auto, \" srcset=\"\" alt=\"usar menos que um valor de c\u00e9lula\" width=\"696\" height=\"302\"><\/figure><\/div><p> Aqui voc\u00ea precisa usar o sinal de menor que usando aspas duplas e, em seguida, usando um e comercial combin\u00e1-lo com a c\u00e9lula na qual voc\u00ea tem o valor menor que.<\/p><pre class=\"wp-block-code\"> <code class=\"language-excel-formula\" lang=\"excel-formula\">=SUMIF(A2:A10,\"&lt;\"&amp;E5,C2:C10)<\/code><\/pre><h2 class=\"wp-block-heading\"> SUMIF Menor do que quando voc\u00ea tem o mesmo intervalo para verificar os crit\u00e9rios<\/h2><p> Agora vamos pensar em outra situa\u00e7\u00e3o onde voc\u00ea tem o mesmo intervalo para somar os valores e verificar se h\u00e1 menos que crit\u00e9rios. <\/p><div class=\"wp-block-image\"><figure class=\"aligncenter size-full is-resized\"><img loading=\"lazy\" decoding=\"async\" class=\"wp-image-79491\" src=\"https:\/\/exceladvisor.org\/wp-content\/uploads\/2023\/08\/6-somme-si-inferieur-a-avec-la-meme-plage-et-les-memes-criteres.png\" sizes=\"auto, \" srcset=\"\" alt=\"soma-se-menos-que-com-mesmo-intervalo-e-crit\u00e9rios\" width=\"628\" height=\"349\"><\/figure><\/div><p> No exemplo acima, referenciamos a coluna de quantidade no intervalo de crit\u00e9rios e nos crit\u00e9rios especificados &lt;150, mas n\u00e3o especificamos nenhum intervalo no argumento intervalo_soma. No SUMIF, intervalo_soma \u00e9 opcional. E quando voc\u00ea ignorar, a fun\u00e7\u00e3o usar\u00e1 o intervalo de crit\u00e9rios para somar os valores.<\/p><pre class=\"wp-block-code\"> <code class=\"language-excel-formula\" lang=\"excel-formula\">=SUMIF(C2:C10,\"&lt;150\")<\/code><\/pre><p> Na f\u00f3rmula acima, SUMIF soma valores menores que 150 da coluna de quantidade. <\/p><div class=\"gb-container gb-container-52dfcee1 gb-container-sample-file\"><h2 class=\"gb-headline gb-headline-e289c143 gb-headline-text gb-headline-4f7959c2\"> Obtenha o arquivo Excel<\/h2> <a class=\"gb-button gb-button-e88d6bee gb-button-text gb-button-button1\" href=\"https:\/\/exceladvisor.org\/wp-content\/uploads\/2023\/08\/sumif-inferieur-a-fichier.xlsx\" rel=\"nofollow\">Download<\/a><\/div><div class=\"gb-container gb-container-0df56012 gb-container-mt\"> <a class=\"gb-button gb-button-f9f432f4 gb-button-text gb-button-mt-button\" href=\"https:\/\/exceladvisor.org\/pt\/formulas\/\">Lista de f\u00f3rmulas do Excel<\/a><h2 class=\"gb-headline gb-headline-233444e8 gb-headline-text gb-headline-mt-heading\"> F\u00f3rmulas relacionadas <\/h2><div class=\"gb-grid-wrapper gb-grid-wrapper-a16fa65c gb-grid-wrapper-mt-grid\"><div class=\"gb-grid-column gb-grid-column-50d07e0d\"><div class=\"gb-container gb-container-50d07e0d\"><ul><li> <a href=\"https:\/\/exceladvisor.org\/pt\/soma-se-for-maior-que\/\">Soma maior que valores usando SUMIF<\/a><\/li><li> <a href=\"https:\/\/exceladvisor.org\/pt\/sumivos-nao-sao-iguais\/\">Soma de valores diferentes (SUMIFS) no Excel<\/a><\/li><li> <a href=\"https:\/\/exceladvisor.org\/pt\/sumif-sumifs-ou-logica\/\">SUMIF\/SUMIFS com l\u00f3gica OR no Excel<\/a><\/li><li> <a href=\"https:\/\/exceladvisor.org\/pt\/sumif-com-curingas\/\">SUMIF com curingas no Excel<\/a><\/li><li> <a href=\"https:\/\/exceladvisor.org\/pt\/soma-dos-valores-entre-duas-datas\/\">Intervalo de datas SUMIFS (soma dos valores entre duas matrizes de datas)<\/a><\/li><\/ul><\/div><\/div><\/div><\/div>","protected":false},"excerpt":{"rendered":"","protected":false},"author":1,"featured_media":0,"parent":0,"menu_order":0,"comment_status":"open","ping_status":"closed","template":"","meta":{"ub_ctt_via":"","footnotes":""},"class_list":["post-209","page","type-page","status-publish","hentry"],"featured_image_src":null,"yoast_head":"<!-- This site is optimized with the Yoast SEO plugin v25.4 - https:\/\/yoast.com\/wordpress\/plugins\/seo\/ -->\n<title>Como somar valores menores que A? (Tutorial 2023)<\/title>\n<meta name=\"description\" content=\"Este tutorial ir\u00e1 ensin\u00e1-lo a escrever f\u00f3rmulas do Excel para usar SUMIF para adicionar valores menores que um determinado valor.\" \/>\n<meta name=\"robots\" content=\"index, follow, max-snippet:-1, max-image-preview:large, max-video-preview:-1\" \/>\n<link rel=\"canonical\" href=\"https:\/\/exceladvisor.org\/pt\/soma-se-for-menor-que\/\" \/>\n<meta property=\"og:locale\" content=\"pt_PT\" \/>\n<meta property=\"og:type\" content=\"article\" \/>\n<meta property=\"og:title\" content=\"Como somar valores menores que A? (Tutorial 2023)\" \/>\n<meta property=\"og:description\" content=\"Este tutorial ir\u00e1 ensin\u00e1-lo a escrever f\u00f3rmulas do Excel para usar SUMIF para adicionar valores menores que um determinado valor.\" \/>\n<meta property=\"og:url\" content=\"https:\/\/exceladvisor.org\/pt\/soma-se-for-menor-que\/\" \/>\n<meta property=\"og:site_name\" content=\"Excel Advisor\" \/>\n<meta property=\"article:modified_time\" content=\"2023-12-06T11:42:22+00:00\" \/>\n<meta property=\"og:image\" content=\"https:\/\/exceladvisor.org\/wp-content\/uploads\/2023\/08\/1-somme-des-valeurs-inferieures-a.png\" \/>\n<meta name=\"twitter:card\" content=\"summary_large_image\" \/>\n<meta name=\"twitter:label1\" content=\"Tempo estimado de leitura\" \/>\n\t<meta name=\"twitter:data1\" content=\"3 minutos\" \/>\n<script type=\"application\/ld+json\" class=\"yoast-schema-graph\">{\"@context\":\"https:\/\/schema.org\",\"@graph\":[{\"@type\":\"WebPage\",\"@id\":\"https:\/\/exceladvisor.org\/pt\/soma-se-for-menor-que\/\",\"url\":\"https:\/\/exceladvisor.org\/pt\/soma-se-for-menor-que\/\",\"name\":\"Como somar valores menores que A? (Tutorial 2023)\",\"isPartOf\":{\"@id\":\"https:\/\/exceladvisor.org\/pt\/#website\"},\"primaryImageOfPage\":{\"@id\":\"https:\/\/exceladvisor.org\/pt\/soma-se-for-menor-que\/#primaryimage\"},\"image\":{\"@id\":\"https:\/\/exceladvisor.org\/pt\/soma-se-for-menor-que\/#primaryimage\"},\"thumbnailUrl\":\"https:\/\/exceladvisor.org\/wp-content\/uploads\/2023\/08\/1-somme-des-valeurs-inferieures-a.png\",\"datePublished\":\"2023-11-11T15:13:22+00:00\",\"dateModified\":\"2023-12-06T11:42:22+00:00\",\"description\":\"Este tutorial ir\u00e1 ensin\u00e1-lo a escrever f\u00f3rmulas do Excel para usar SUMIF para adicionar valores menores que um determinado valor.\",\"breadcrumb\":{\"@id\":\"https:\/\/exceladvisor.org\/pt\/soma-se-for-menor-que\/#breadcrumb\"},\"inLanguage\":\"pt-PT\",\"potentialAction\":[{\"@type\":\"ReadAction\",\"target\":[\"https:\/\/exceladvisor.org\/pt\/soma-se-for-menor-que\/\"]}]},{\"@type\":\"ImageObject\",\"inLanguage\":\"pt-PT\",\"@id\":\"https:\/\/exceladvisor.org\/pt\/soma-se-for-menor-que\/#primaryimage\",\"url\":\"https:\/\/exceladvisor.org\/wp-content\/uploads\/2023\/08\/1-somme-des-valeurs-inferieures-a.png\",\"contentUrl\":\"https:\/\/exceladvisor.org\/wp-content\/uploads\/2023\/08\/1-somme-des-valeurs-inferieures-a.png\"},{\"@type\":\"BreadcrumbList\",\"@id\":\"https:\/\/exceladvisor.org\/pt\/soma-se-for-menor-que\/#breadcrumb\",\"itemListElement\":[{\"@type\":\"ListItem\",\"position\":1,\"name\":\"Lar\",\"item\":\"https:\/\/exceladvisor.org\/pt\/\"},{\"@type\":\"ListItem\",\"position\":2,\"name\":\"Como somar valores menores que a?\"}]},{\"@type\":\"WebSite\",\"@id\":\"https:\/\/exceladvisor.org\/pt\/#website\",\"url\":\"https:\/\/exceladvisor.org\/pt\/\",\"name\":\"Excel Advisor\",\"description\":\"O seu guia definitivo para dominar os dados!\",\"publisher\":{\"@id\":\"https:\/\/exceladvisor.org\/pt\/#organization\"},\"potentialAction\":[{\"@type\":\"SearchAction\",\"target\":{\"@type\":\"EntryPoint\",\"urlTemplate\":\"https:\/\/exceladvisor.org\/pt\/?s={search_term_string}\"},\"query-input\":{\"@type\":\"PropertyValueSpecification\",\"valueRequired\":true,\"valueName\":\"search_term_string\"}}],\"inLanguage\":\"pt-PT\"},{\"@type\":\"Organization\",\"@id\":\"https:\/\/exceladvisor.org\/pt\/#organization\",\"name\":\"Excel Advisor\",\"url\":\"https:\/\/exceladvisor.org\/pt\/\",\"logo\":{\"@type\":\"ImageObject\",\"inLanguage\":\"pt-PT\",\"@id\":\"https:\/\/exceladvisor.org\/pt\/#\/schema\/logo\/image\/\",\"url\":\"https:\/\/exceladvisor.org\/pt\/wp-content\/uploads\/2023\/12\/exceladvisor.org_.png\",\"contentUrl\":\"https:\/\/exceladvisor.org\/pt\/wp-content\/uploads\/2023\/12\/exceladvisor.org_.png\",\"width\":105,\"height\":36,\"caption\":\"Excel Advisor\"},\"image\":{\"@id\":\"https:\/\/exceladvisor.org\/pt\/#\/schema\/logo\/image\/\"}}]}<\/script>\n<!-- \/ Yoast SEO plugin. -->","yoast_head_json":{"title":"Como somar valores menores que A? (Tutorial 2023)","description":"Este tutorial ir\u00e1 ensin\u00e1-lo a escrever f\u00f3rmulas do Excel para usar SUMIF para adicionar valores menores que um determinado valor.","robots":{"index":"index","follow":"follow","max-snippet":"max-snippet:-1","max-image-preview":"max-image-preview:large","max-video-preview":"max-video-preview:-1"},"canonical":"https:\/\/exceladvisor.org\/pt\/soma-se-for-menor-que\/","og_locale":"pt_PT","og_type":"article","og_title":"Como somar valores menores que A? (Tutorial 2023)","og_description":"Este tutorial ir\u00e1 ensin\u00e1-lo a escrever f\u00f3rmulas do Excel para usar SUMIF para adicionar valores menores que um determinado valor.","og_url":"https:\/\/exceladvisor.org\/pt\/soma-se-for-menor-que\/","og_site_name":"Excel Advisor","article_modified_time":"2023-12-06T11:42:22+00:00","og_image":[{"url":"https:\/\/exceladvisor.org\/wp-content\/uploads\/2023\/08\/1-somme-des-valeurs-inferieures-a.png","type":"","width":"","height":""}],"twitter_card":"summary_large_image","twitter_misc":{"Tempo estimado de leitura":"3 minutos"},"schema":{"@context":"https:\/\/schema.org","@graph":[{"@type":"WebPage","@id":"https:\/\/exceladvisor.org\/pt\/soma-se-for-menor-que\/","url":"https:\/\/exceladvisor.org\/pt\/soma-se-for-menor-que\/","name":"Como somar valores menores que A? (Tutorial 2023)","isPartOf":{"@id":"https:\/\/exceladvisor.org\/pt\/#website"},"primaryImageOfPage":{"@id":"https:\/\/exceladvisor.org\/pt\/soma-se-for-menor-que\/#primaryimage"},"image":{"@id":"https:\/\/exceladvisor.org\/pt\/soma-se-for-menor-que\/#primaryimage"},"thumbnailUrl":"https:\/\/exceladvisor.org\/wp-content\/uploads\/2023\/08\/1-somme-des-valeurs-inferieures-a.png","datePublished":"2023-11-11T15:13:22+00:00","dateModified":"2023-12-06T11:42:22+00:00","description":"Este tutorial ir\u00e1 ensin\u00e1-lo a escrever f\u00f3rmulas do Excel para usar SUMIF para adicionar valores menores que um determinado valor.","breadcrumb":{"@id":"https:\/\/exceladvisor.org\/pt\/soma-se-for-menor-que\/#breadcrumb"},"inLanguage":"pt-PT","potentialAction":[{"@type":"ReadAction","target":["https:\/\/exceladvisor.org\/pt\/soma-se-for-menor-que\/"]}]},{"@type":"ImageObject","inLanguage":"pt-PT","@id":"https:\/\/exceladvisor.org\/pt\/soma-se-for-menor-que\/#primaryimage","url":"https:\/\/exceladvisor.org\/wp-content\/uploads\/2023\/08\/1-somme-des-valeurs-inferieures-a.png","contentUrl":"https:\/\/exceladvisor.org\/wp-content\/uploads\/2023\/08\/1-somme-des-valeurs-inferieures-a.png"},{"@type":"BreadcrumbList","@id":"https:\/\/exceladvisor.org\/pt\/soma-se-for-menor-que\/#breadcrumb","itemListElement":[{"@type":"ListItem","position":1,"name":"Lar","item":"https:\/\/exceladvisor.org\/pt\/"},{"@type":"ListItem","position":2,"name":"Como somar valores menores que a?"}]},{"@type":"WebSite","@id":"https:\/\/exceladvisor.org\/pt\/#website","url":"https:\/\/exceladvisor.org\/pt\/","name":"Excel Advisor","description":"O seu guia definitivo para dominar os dados!","publisher":{"@id":"https:\/\/exceladvisor.org\/pt\/#organization"},"potentialAction":[{"@type":"SearchAction","target":{"@type":"EntryPoint","urlTemplate":"https:\/\/exceladvisor.org\/pt\/?s={search_term_string}"},"query-input":{"@type":"PropertyValueSpecification","valueRequired":true,"valueName":"search_term_string"}}],"inLanguage":"pt-PT"},{"@type":"Organization","@id":"https:\/\/exceladvisor.org\/pt\/#organization","name":"Excel Advisor","url":"https:\/\/exceladvisor.org\/pt\/","logo":{"@type":"ImageObject","inLanguage":"pt-PT","@id":"https:\/\/exceladvisor.org\/pt\/#\/schema\/logo\/image\/","url":"https:\/\/exceladvisor.org\/pt\/wp-content\/uploads\/2023\/12\/exceladvisor.org_.png","contentUrl":"https:\/\/exceladvisor.org\/pt\/wp-content\/uploads\/2023\/12\/exceladvisor.org_.png","width":105,"height":36,"caption":"Excel Advisor"},"image":{"@id":"https:\/\/exceladvisor.org\/pt\/#\/schema\/logo\/image\/"}}]}},"yoast_meta":{"yoast_wpseo_title":"","yoast_wpseo_metadesc":"","yoast_wpseo_canonical":""},"_links":{"self":[{"href":"https:\/\/exceladvisor.org\/pt\/wp-json\/wp\/v2\/pages\/209","targetHints":{"allow":["GET"]}}],"collection":[{"href":"https:\/\/exceladvisor.org\/pt\/wp-json\/wp\/v2\/pages"}],"about":[{"href":"https:\/\/exceladvisor.org\/pt\/wp-json\/wp\/v2\/types\/page"}],"author":[{"embeddable":true,"href":"https:\/\/exceladvisor.org\/pt\/wp-json\/wp\/v2\/users\/1"}],"replies":[{"embeddable":true,"href":"https:\/\/exceladvisor.org\/pt\/wp-json\/wp\/v2\/comments?post=209"}],"version-history":[{"count":1,"href":"https:\/\/exceladvisor.org\/pt\/wp-json\/wp\/v2\/pages\/209\/revisions"}],"predecessor-version":[{"id":1204,"href":"https:\/\/exceladvisor.org\/pt\/wp-json\/wp\/v2\/pages\/209\/revisions\/1204"}],"wp:attachment":[{"href":"https:\/\/exceladvisor.org\/pt\/wp-json\/wp\/v2\/media?parent=209"}],"curies":[{"name":"wp","href":"https:\/\/api.w.org\/{rel}","templated":true}]}}