{"id":21,"date":"2023-11-20T20:49:18","date_gmt":"2023-11-20T20:49:18","guid":{"rendered":"https:\/\/exceladvisor.org\/pt\/adicione-uma-marca-dagua\/"},"modified":"2023-12-06T11:34:13","modified_gmt":"2023-12-06T11:34:13","slug":"adicione-uma-marca-dagua","status":"publish","type":"page","link":"https:\/\/exceladvisor.org\/pt\/adicione-uma-marca-dagua\/","title":{"rendered":"Como adicionar uma marca d\u2019\u00e1gua no excel?"},"content":{"rendered":"<div class=\"excel-before-content-2\" id=\"excel-2036396663\"><script type=\"text\/javascript\">\r\n\tatOptions = {\r\n\t\t'key' : 'c1158f160081d6540a8409e6925dab94',\r\n\t\t'format' : 'iframe',\r\n\t\t'height' : 250,\r\n\t\t'width' : 300,\r\n\t\t'params' : {}\r\n\t};\r\n<\/script>\r\n<script type=\"text\/javascript\" src=\"\/\/www.highperformanceformat.com\/c1158f160081d6540a8409e6925dab94\/invoke.js\"><\/script><\/div><div class=\"excel-before-content\" id=\"excel-3550101048\"><script type=\"text\/javascript\">\r\n\tatOptions = {\r\n\t\t'key' : 'c1158f160081d6540a8409e6925dab94',\r\n\t\t'format' : 'iframe',\r\n\t\t'height' : 250,\r\n\t\t'width' : 300,\r\n\t\t'params' : {}\r\n\t};\r\n<\/script>\r\n<script type=\"text\/javascript\" src=\"\/\/www.highperformanceformat.com\/c1158f160081d6540a8409e6925dab94\/invoke.js\"><\/script><\/div> <p>Uma marca d&#8217;\u00e1gua \u00e9 uma imagem ou texto transparente no fundo do documento.<\/p><p> Pode ser usado para proteger o documento contra uso n\u00e3o autorizado, adicionando a imagem ou texto no fundo indicando que tem o direito de usar ou distribuir antecipadamente ou rotular o documento como \u201cConfidencial\u201d, \u201cRascunho\u201d, \u201cAmostra\u201d, \u201cVers\u00f5es.\u201d etc.<\/p><p> Os usu\u00e1rios tamb\u00e9m podem usar a marca d&#8217;\u00e1gua para marcar a empresa, adicionando a imagem do logotipo. O Excel n\u00e3o possui um recurso de marca d&#8217;\u00e1gua integrado, mas os usu\u00e1rios podem adicionar, formatar e substituir marcas d&#8217;\u00e1gua como imagem e texto em uma planilha de v\u00e1rias maneiras.<\/p><p> Abaixo capturamos algumas etapas r\u00e1pidas e f\u00e1ceis para adicionar, formatar, substituir e remover marca d&#8217;\u00e1gua no Excel.<\/p><h2 class=\"wp-block-heading\"> Adicionar marca d&#8217;\u00e1gua como imagem no Excel usando cabe\u00e7alho e rodap\u00e9<\/h2><p> Para inserir a marca d\u2019\u00e1gua como imagem ou figura, o usu\u00e1rio pode adicion\u00e1-la usando a op\u00e7\u00e3o \u201cCabe\u00e7alho e Rodap\u00e9\u201d.<\/p><ol><li> Primeiro, v\u00e1 at\u00e9 a aba \u201cInserir\u201d, clique no \u00edcone \u201cTexto\u201d na faixa de op\u00e7\u00f5es e selecione a op\u00e7\u00e3o \u201cCabe\u00e7alho e Rodap\u00e9\u201d. <br><img loading=\"lazy\" decoding=\"async\" title=\"1 guia de inser\u00e7\u00e3o\" src=\"https:\/\/exceladvisor.org\/wp-content\/uploads\/2023\/08\/1-inserer-longlet-2.png\" sizes=\"auto, \" srcset=\"\" alt=\"insert-tab\" width=\"933\" height=\"227\"><\/li><li> Depois disso, clique no \u00edcone \u201cImagem\u201d no grupo \u201cElementos de cabe\u00e7alho e rodap\u00e9\u201d na faixa de op\u00e7\u00f5es. <br><img loading=\"lazy\" decoding=\"async\" title=\"2 elementos de cabe\u00e7alho e rodap\u00e9\" src=\"https:\/\/exceladvisor.org\/wp-content\/uploads\/2023\/08\/2-element-den-tete-de-pied-de-page.png\" sizes=\"auto, \" srcset=\"\" alt=\"header-&amp;-footer-element\" width=\"749\" height=\"322\"><\/li><li> Agora, selecione a imagem ou imagem que deseja colocar marca d&#8217;\u00e1gua na caixa de di\u00e1logo \u201cInserir imagens\u201d e clique no bot\u00e3o \u201cInserir\u201d. <br><img loading=\"lazy\" decoding=\"async\" title=\"3-inserir fotos\" src=\"https:\/\/exceladvisor.org\/wp-content\/uploads\/2023\/08\/3-photos-dinsertion.png\" sizes=\"auto, \" srcset=\"\" alt=\"insert-pictures\" width=\"611\" height=\"415\"><\/li><li> Neste ponto, sua imagem foi adicionada como marca d\u2019\u00e1gua, mas n\u00e3o ser\u00e1 refletida imediatamente na planilha e ser\u00e1 refletida como &amp;[Imagem] na \u00e1rea central do cabe\u00e7alho. <br><img loading=\"lazy\" decoding=\"async\" title=\"C\u00f3digo de 4 marcas d'\u00e1gua\" src=\"https:\/\/exceladvisor.org\/wp-content\/uploads\/2023\/08\/4-code-filigrane.png\" sizes=\"auto, \" srcset=\"\" alt=\"watermark-code\" width=\"756\" height=\"310\"><\/li><li> Para mover a marca d&#8217;\u00e1gua para o centro da p\u00e1gina, coloque o cursor logo antes do c\u00f3digo &amp;[Imagem] e pressione Enter v\u00e1rias vezes para mover a marca d&#8217;\u00e1gua. <br><img loading=\"lazy\" decoding=\"async\" title=\"Marca d'\u00e1gua de 5 movimentos\" src=\"https:\/\/exceladvisor.org\/wp-content\/uploads\/2023\/08\/Filigrane-a-5-mouvements.png\" sizes=\"auto, \" srcset=\"\" alt=\"move-watermark\" width=\"540\" height=\"422\"><\/li><li> No final, clique em qualquer lugar da c\u00e9lula fora do cabe\u00e7alho e sua imagem adicionada como marca d\u2019\u00e1gua dever\u00e1 ficar vis\u00edvel. <br><img loading=\"lazy\" decoding=\"async\" title=\"6 marcas d'\u00e1gua como imagem\" src=\"https:\/\/exceladvisor.org\/wp-content\/uploads\/2023\/08\/6-filigrane-comme-image.png\" sizes=\"auto, \" srcset=\"\" alt=\"watermark-as-image\" width=\"481\" height=\"331\"><br><br><\/li><\/ol><h2 class=\"wp-block-heading\"> Formatar imagem de marca d&#8217;\u00e1gua no Excel<\/h2><ol><li> Primeiro, abra a visualiza\u00e7\u00e3o Cabe\u00e7alho e Rodap\u00e9 para formatar a imagem da marca d&#8217;\u00e1gua. <br><img loading=\"lazy\" decoding=\"async\" title=\"7 se\u00e7\u00f5es de cabe\u00e7alho e rodap\u00e9\" src=\"https:\/\/exceladvisor.org\/wp-content\/uploads\/2023\/08\/7-section-den-tete-de-pied-de-page.png\" sizes=\"auto, \" srcset=\"\" alt=\"header-footer-section\" width=\"740\" height=\"315\"><\/li><li> Para formatar o tamanho e a cor da imagem da marca d\u2019\u00e1gua, clique no \u00edcone \u201cFormatar imagem\u201d no grupo \u201cElementos de cabe\u00e7alho e rodap\u00e9\u201d na faixa de op\u00e7\u00f5es.<\/li><li> Depois de clicar em \u201cFormatar imagem\u201d, uma janela \u201cFormatar imagem\u201d ser\u00e1 aberta e na guia \u201cTamanho\u201d, voc\u00ea pode ajustar o tamanho da imagem da marca d\u2019\u00e1gua. <br><img loading=\"lazy\" decoding=\"async\" title=\"Tamanho de imagem de 8 formatos\" src=\"https:\/\/exceladvisor.org\/wp-content\/uploads\/2023\/08\/Taille-dimage-au-format-8.png\" sizes=\"auto, \" srcset=\"\" alt=\"format-picture-size\" width=\"392\" height=\"484\"><\/li><li> Na mesma janela \u201cFormatar imagem\u201d, voc\u00ea pode selecionar a aba \u201cImagem\u201d e ajustar o brilho, contraste e cor da imagem da marca d&#8217;\u00e1gua. <br><img loading=\"lazy\" decoding=\"async\" title=\"Formato de imagem de 9 cores\" src=\"https:\/\/exceladvisor.org\/wp-content\/uploads\/2023\/08\/Couleur-dimage-au-format-9.png\" sizes=\"auto, \" srcset=\"\" alt=\"9-format-picture-color\" width=\"386\" height=\"475\"><\/li><\/ol><h2 class=\"wp-block-heading\"> Girar imagem de marca d&#8217;\u00e1gua no Excel<\/h2><p> O Excel n\u00e3o possui uma op\u00e7\u00e3o de rota\u00e7\u00e3o para girar a imagem da marca d&#8217;\u00e1gua.<\/p><p> Se os usu\u00e1rios quiserem girar a imagem da marca d\u2019\u00e1gua, eles precisam primeiro salvar a imagem como uma imagem girada e, para isso, temos etapas sobre como girar e salvar a imagem. imagem antes de adicion\u00e1-la ao \u201cCabe\u00e7alho e Rodap\u00e9\u201d como marca d&#8217;\u00e1gua.<\/p><ol><li> Primeiro, v\u00e1 at\u00e9 a aba \u201cInserir\u201d, depois clique no \u00edcone \u201cIlustra\u00e7\u00f5es\u201d, depois clique em \u201cImagens\u201d e selecione a op\u00e7\u00e3o na qual deseja adicionar a imagem. <br><img loading=\"lazy\" decoding=\"async\" title=\"\u00edcone 10-ilustra\u00e7\u00f5es\" src=\"https:\/\/exceladvisor.org\/wp-content\/uploads\/2023\/08\/icone-10-illustrations.png\" sizes=\"auto, \" srcset=\"\" alt=\"illustrations-icon\" width=\"481\" height=\"300\"><\/li><li> Depois disso, selecione a imagem e clique em \u201cInserir\u201d.<\/li><li> Agora segure a seta de rota\u00e7\u00e3o e gire a imagem conforme desejado. <br><img loading=\"lazy\" decoding=\"async\" title=\"Imagem com 11 rota\u00e7\u00f5es\" src=\"https:\/\/exceladvisor.org\/wp-content\/uploads\/2023\/08\/11-faire-pivoter-limage.png\" sizes=\"auto, \" srcset=\"\" alt=\"rotate-image\" width=\"558\" height=\"326\"><\/li><li> Depois de girar a imagem, clique com o bot\u00e3o direito, selecione &#8220;Salvar como imagem&#8221; no menu de contexto e salve-a.<\/li><li> Ap\u00f3s salvar a imagem, clique na borda da imagem e exclua-a. <br><img loading=\"lazy\" decoding=\"async\" title=\"12-salvar como imagem\" src=\"https:\/\/exceladvisor.org\/wp-content\/uploads\/2023\/08\/12-enregistrer-en-tant-quimage.png\" sizes=\"auto, \" srcset=\"\" alt=\"save-as-picture\" width=\"573\" height=\"444\"><\/li><li> Agora abra o \u201cCabe\u00e7alho e Rodap\u00e9\u201d e adicione a imagem salva acima como marca d&#8217;\u00e1gua e voc\u00ea obter\u00e1 a imagem da marca d&#8217;\u00e1gua girada. <br><img loading=\"lazy\" decoding=\"async\" title=\"13 imagem de marca d\u2019\u00e1gua rotativa\" src=\"https:\/\/exceladvisor.org\/wp-content\/uploads\/2023\/08\/13-image-filigrane-pivotee.png\" sizes=\"auto, \" srcset=\"\" alt=\"rotated-watermark-image\" width=\"540\" height=\"371\"><\/li><\/ol><h2 class=\"wp-block-heading\"> Adicione texto como uma imagem de marca d&#8217;\u00e1gua usando Word Art<\/h2><p> \u00c0s vezes, os usu\u00e1rios desejam exibir textos como &#8220;Confidencial&#8221;, &#8220;Rascunho&#8221;, &#8220;Amostra&#8221;, &#8220;Nome de dom\u00ednio da empresa&#8221; etc. como uma imagem de marca d&#8217;\u00e1gua.<\/p><p> Para isso, o usu\u00e1rio pode inserir o texto atrav\u00e9s da op\u00e7\u00e3o \u201cWordArt\u201d e pode utilizar este texto como imagem de marca d\u2019\u00e1gua.<\/p><ol><li> Primeiro, v\u00e1 para a guia \u201cInserir\u201d e clique no \u00edcone \u201cTexto\u201d na faixa de op\u00e7\u00f5es.<\/li><li> Depois disso, selecione a op\u00e7\u00e3o \u201cWordArt\u201d e selecione o estilo \u201cWordArt\u201d que deseja usar para escrever texto com marca d\u2019\u00e1gua. <br><img loading=\"lazy\" decoding=\"async\" title=\"14 palavras\" src=\"https:\/\/exceladvisor.org\/wp-content\/uploads\/2023\/08\/14-mots.png\" sizes=\"auto, \" srcset=\"\" alt=\"wordart\" width=\"632\" height=\"343\"><\/li><li> Depois de selecionar o estilo &#8220;WordArt&#8221;, voc\u00ea receber\u00e1 um campo de texto para adicionar o texto e que ter\u00e1 um texto de amostra como &#8220;Seu texto aqui&#8221; no estilo que voc\u00ea escolheu.<\/li><li> Agora, clique no campo de texto, exclua o texto de exemplo \u201cSeu texto aqui\u201d e insira o texto que deseja como marca d\u2019\u00e1gua. <br><img loading=\"lazy\" decoding=\"async\" title=\"Caixa de texto de 15 palavras\" src=\"https:\/\/exceladvisor.org\/wp-content\/uploads\/2023\/08\/zone-de-texte-de-15-mots.png\" sizes=\"auto, \" srcset=\"\" alt=\"wordart-text-box\" width=\"696\" height=\"368\"><\/li><li> Depois disso, segure a borda da caixa de texto e mova-a para onde quiser.<\/li><li> Agora segure a seta de rota\u00e7\u00e3o e gire o campo de texto conforme desejado.<\/li><li> Se quiser formatar a caixa de texto, incluindo fonte e estilo de fundo, voc\u00ea pode fazer isso na guia \u201cFormatar forma\u201d.<\/li><li> Quando terminar esta caixa de texto, clique com o bot\u00e3o direito em qualquer c\u00edrculo da borda da caixa de texto e selecione &#8220;Salvar como imagem&#8221;.<\/li><li> Neste ponto, seu texto est\u00e1 salvo como uma imagem e voc\u00ea pode usar esta imagem de texto como sua imagem de marca d&#8217;\u00e1gua.<\/li><\/ol><h2 class=\"wp-block-heading\"> Adicionar marca d&#8217;\u00e1gua como texto edit\u00e1vel no Excel usando cabe\u00e7alho e rodap\u00e9<\/h2><ol><li> Primeiro, abra a visualiza\u00e7\u00e3o \u201cCabe\u00e7alho e Rodap\u00e9\u201d e insira o texto que deseja usar como marca d&#8217;\u00e1gua. (Por exemplo, inserimos \u201cExcelchamaps.com\u201d como texto).<\/li><li> Depois disso, coloque o cursor logo antes do texto (Excelchmaps.com) e pressione Enter v\u00e1rias vezes para mover a marca d\u2019\u00e1gua para o centro da p\u00e1gina.<\/li><li> Agora para formatar o texto, selecione todo o texto e v\u00e1 at\u00e9 a aba \u201cHome\u201d.<\/li><li> No grupo \u201cFonte\u201d da faixa de op\u00e7\u00f5es, voc\u00ea pode selecionar o tipo, tamanho e cor da fonte desejada para o texto da marca d&#8217;\u00e1gua.<\/li><li> Neste ponto, sua marca d&#8217;\u00e1gua foi adicionada e, para v\u00ea-la, clique em qualquer lugar da c\u00e9lula fora do cabe\u00e7alho e o texto adicionado como marca d&#8217;\u00e1gua dever\u00e1 ficar vis\u00edvel.<\/li><\/ol><h2 class=\"wp-block-heading\"> Remova ou substitua a marca d&#8217;\u00e1gua existente<\/h2><ol><li> Primeiro, v\u00e1 at\u00e9 a aba \u201cInserir\u201d, clique no \u00edcone \u201cTexto\u201d e selecione a se\u00e7\u00e3o \u201cCabe\u00e7alho e Rodap\u00e9\u201d. <br><img loading=\"lazy\" decoding=\"async\" title=\"C\u00f3pia de \u00edcone de 22 textos\" src=\"https:\/\/exceladvisor.org\/wp-content\/uploads\/2023\/08\/22-copie-dicone-de-texte.png\" sizes=\"auto, \" srcset=\"\" alt=\"text-icon-Copy\" width=\"858\" height=\"209\"><\/li><li> Depois disso, selecione o c\u00f3digo &amp;[Imagem] e toque em Excluir para remover a marca d&#8217;\u00e1gua. <br><img loading=\"lazy\" decoding=\"async\" title=\"C\u00f3digo de imagem de 23 cabe\u00e7alhos\" src=\"https:\/\/exceladvisor.org\/wp-content\/uploads\/2023\/08\/23-code-dimage-den-tete.png\" sizes=\"auto, \" srcset=\"\" alt=\"header-picture-code\" width=\"517\" height=\"374\"><\/li><li> Depois de remover o c\u00f3digo da marca d&#8217;\u00e1gua, clique em qualquer lugar da c\u00e9lula fora do cabe\u00e7alho e sua marca d&#8217;\u00e1gua ser\u00e1 removida.<\/li><li> Agora, para substituir ou adicionar a nova imagem de marca d\u2019\u00e1gua, siga novamente os passos \u201cAdicionar uma imagem de marca d\u2019\u00e1gua no Excel usando \u201cCabe\u00e7alho e Rodap\u00e9\u201d.<\/li><\/ol><div class=\"gb-container gb-container-4db6181c gb-container-mt\"> <a class=\"gb-button gb-button-c5897111 gb-button-text gb-button-mt-button\" href=\"https:\/\/exceladvisor.org\/pt\/nocoes-basicas-de-excel\/\">No\u00e7\u00f5es b\u00e1sicas do Microsoft Excel (componentes, pe\u00e7as e notas de conhecimento)<\/a><h2 class=\"gb-headline gb-headline-665e5f6b gb-headline-text gb-headline-mt-heading\"> Tutoriais relacionados <\/h2><div class=\"gb-grid-wrapper gb-grid-wrapper-a20baf7c gb-grid-wrapper-mt-grid\"><div class=\"gb-grid-column gb-grid-column-65ddf67e\"><div class=\"gb-container gb-container-65ddf67e\"><ul><li> <a href=\"https:\/\/exceladvisor.org\/pt\/adicionar-remover-hiperlinks\/\">Adicione e remova hiperlinks no Excel<\/a><\/li><li> <a href=\"https:\/\/exceladvisor.org\/pt\/remover-colunas-de-linha-ocultas\/\">Exclua linhas ocultas no Excel<\/a><\/li><li> <a href=\"https:\/\/exceladvisor.org\/pt\/desmarcar-celulas\/\">Desmarcar c\u00e9lulas no Excel<\/a><\/li><li> <a href=\"https:\/\/exceladvisor.org\/pt\/adicionar-uma-coluna\/\">Adicionar uma coluna no Excel<\/a> <\/li><\/ul><\/div><\/div><div class=\"gb-grid-column gb-grid-column-50067b57\"><div class=\"gb-container gb-container-50067b57\"><ul><li> <a href=\"https:\/\/exceladvisor.org\/pt\/excluir-linhas\/\">Exclua uma linha ou v\u00e1rias linhas no Excel<\/a><\/li><li> <a href=\"https:\/\/exceladvisor.org\/pt\/copiar-coluna\/\">Copie e cole uma coluna no Excel<\/a><\/li><li> <a href=\"https:\/\/exceladvisor.org\/pt\/mover-linha-coluna\/\">Mova uma linha e coluna no Excel<\/a><\/li><li> <a href=\"https:\/\/exceladvisor.org\/pt\/largura-da-coluna\/\">Como alterar a largura das colunas no Excel<\/a><\/li><\/ul><\/div><\/div><\/div><\/div>","protected":false},"excerpt":{"rendered":"","protected":false},"author":1,"featured_media":0,"parent":0,"menu_order":0,"comment_status":"open","ping_status":"closed","template":"","meta":{"ub_ctt_via":"","footnotes":""},"class_list":["post-21","page","type-page","status-publish","hentry"],"featured_image_src":null,"yoast_head":"<!-- This site is optimized with the Yoast SEO plugin v25.4 - https:\/\/yoast.com\/wordpress\/plugins\/seo\/ -->\n<title>\u25b7 Como inserir\/marca d&#039;\u00e1gua no Excel? (Tutorial 2023)<\/title>\n<meta name=\"description\" content=\"Neste tutorial, aprenderemos como adicionar uma marca d&#039;\u00e1gua a uma planilha do Excel. (Usando todas as op\u00e7\u00f5es dispon\u00edveis).\" \/>\n<meta name=\"robots\" content=\"index, follow, max-snippet:-1, max-image-preview:large, max-video-preview:-1\" \/>\n<link rel=\"canonical\" href=\"https:\/\/exceladvisor.org\/pt\/adicione-uma-marca-dagua\/\" \/>\n<meta property=\"og:locale\" content=\"pt_PT\" \/>\n<meta property=\"og:type\" content=\"article\" \/>\n<meta property=\"og:title\" content=\"\u25b7 Como inserir\/marca d&#039;\u00e1gua no Excel? (Tutorial 2023)\" \/>\n<meta property=\"og:description\" content=\"Neste tutorial, aprenderemos como adicionar uma marca d&#039;\u00e1gua a uma planilha do Excel. (Usando todas as op\u00e7\u00f5es dispon\u00edveis).\" \/>\n<meta property=\"og:url\" content=\"https:\/\/exceladvisor.org\/pt\/adicione-uma-marca-dagua\/\" \/>\n<meta property=\"og:site_name\" content=\"Excel Advisor\" \/>\n<meta property=\"article:modified_time\" content=\"2023-12-06T11:34:13+00:00\" \/>\n<meta property=\"og:image\" content=\"https:\/\/exceladvisor.org\/wp-content\/uploads\/2023\/08\/1-inserer-longlet-2.png\" \/>\n<meta name=\"twitter:card\" content=\"summary_large_image\" \/>\n<meta name=\"twitter:label1\" content=\"Tempo estimado de leitura\" \/>\n\t<meta name=\"twitter:data1\" content=\"6 minutos\" \/>\n<script type=\"application\/ld+json\" class=\"yoast-schema-graph\">{\"@context\":\"https:\/\/schema.org\",\"@graph\":[{\"@type\":\"WebPage\",\"@id\":\"https:\/\/exceladvisor.org\/pt\/adicione-uma-marca-dagua\/\",\"url\":\"https:\/\/exceladvisor.org\/pt\/adicione-uma-marca-dagua\/\",\"name\":\"\u25b7 Como inserir\/marca d&#39;\u00e1gua no Excel? (Tutorial 2023)\",\"isPartOf\":{\"@id\":\"https:\/\/exceladvisor.org\/pt\/#website\"},\"primaryImageOfPage\":{\"@id\":\"https:\/\/exceladvisor.org\/pt\/adicione-uma-marca-dagua\/#primaryimage\"},\"image\":{\"@id\":\"https:\/\/exceladvisor.org\/pt\/adicione-uma-marca-dagua\/#primaryimage\"},\"thumbnailUrl\":\"https:\/\/exceladvisor.org\/wp-content\/uploads\/2023\/08\/1-inserer-longlet-2.png\",\"datePublished\":\"2023-11-20T20:49:18+00:00\",\"dateModified\":\"2023-12-06T11:34:13+00:00\",\"description\":\"Neste tutorial, aprenderemos como adicionar uma marca d&#39;\u00e1gua a uma planilha do Excel. (Usando todas as op\u00e7\u00f5es dispon\u00edveis).\",\"breadcrumb\":{\"@id\":\"https:\/\/exceladvisor.org\/pt\/adicione-uma-marca-dagua\/#breadcrumb\"},\"inLanguage\":\"pt-PT\",\"potentialAction\":[{\"@type\":\"ReadAction\",\"target\":[\"https:\/\/exceladvisor.org\/pt\/adicione-uma-marca-dagua\/\"]}]},{\"@type\":\"ImageObject\",\"inLanguage\":\"pt-PT\",\"@id\":\"https:\/\/exceladvisor.org\/pt\/adicione-uma-marca-dagua\/#primaryimage\",\"url\":\"https:\/\/exceladvisor.org\/wp-content\/uploads\/2023\/08\/1-inserer-longlet-2.png\",\"contentUrl\":\"https:\/\/exceladvisor.org\/wp-content\/uploads\/2023\/08\/1-inserer-longlet-2.png\"},{\"@type\":\"BreadcrumbList\",\"@id\":\"https:\/\/exceladvisor.org\/pt\/adicione-uma-marca-dagua\/#breadcrumb\",\"itemListElement\":[{\"@type\":\"ListItem\",\"position\":1,\"name\":\"Lar\",\"item\":\"https:\/\/exceladvisor.org\/pt\/\"},{\"@type\":\"ListItem\",\"position\":2,\"name\":\"Como adicionar uma marca d\u2019\u00e1gua no excel?\"}]},{\"@type\":\"WebSite\",\"@id\":\"https:\/\/exceladvisor.org\/pt\/#website\",\"url\":\"https:\/\/exceladvisor.org\/pt\/\",\"name\":\"Excel Advisor\",\"description\":\"O seu guia definitivo para dominar os dados!\",\"publisher\":{\"@id\":\"https:\/\/exceladvisor.org\/pt\/#organization\"},\"potentialAction\":[{\"@type\":\"SearchAction\",\"target\":{\"@type\":\"EntryPoint\",\"urlTemplate\":\"https:\/\/exceladvisor.org\/pt\/?s={search_term_string}\"},\"query-input\":{\"@type\":\"PropertyValueSpecification\",\"valueRequired\":true,\"valueName\":\"search_term_string\"}}],\"inLanguage\":\"pt-PT\"},{\"@type\":\"Organization\",\"@id\":\"https:\/\/exceladvisor.org\/pt\/#organization\",\"name\":\"Excel Advisor\",\"url\":\"https:\/\/exceladvisor.org\/pt\/\",\"logo\":{\"@type\":\"ImageObject\",\"inLanguage\":\"pt-PT\",\"@id\":\"https:\/\/exceladvisor.org\/pt\/#\/schema\/logo\/image\/\",\"url\":\"https:\/\/exceladvisor.org\/pt\/wp-content\/uploads\/2023\/12\/exceladvisor.org_.png\",\"contentUrl\":\"https:\/\/exceladvisor.org\/pt\/wp-content\/uploads\/2023\/12\/exceladvisor.org_.png\",\"width\":105,\"height\":36,\"caption\":\"Excel Advisor\"},\"image\":{\"@id\":\"https:\/\/exceladvisor.org\/pt\/#\/schema\/logo\/image\/\"}}]}<\/script>\n<!-- \/ Yoast SEO plugin. -->","yoast_head_json":{"title":"\u25b7 Como inserir\/marca d&#39;\u00e1gua no Excel? (Tutorial 2023)","description":"Neste tutorial, aprenderemos como adicionar uma marca d&#39;\u00e1gua a uma planilha do Excel. (Usando todas as op\u00e7\u00f5es dispon\u00edveis).","robots":{"index":"index","follow":"follow","max-snippet":"max-snippet:-1","max-image-preview":"max-image-preview:large","max-video-preview":"max-video-preview:-1"},"canonical":"https:\/\/exceladvisor.org\/pt\/adicione-uma-marca-dagua\/","og_locale":"pt_PT","og_type":"article","og_title":"\u25b7 Como inserir\/marca d&#39;\u00e1gua no Excel? (Tutorial 2023)","og_description":"Neste tutorial, aprenderemos como adicionar uma marca d&#39;\u00e1gua a uma planilha do Excel. (Usando todas as op\u00e7\u00f5es dispon\u00edveis).","og_url":"https:\/\/exceladvisor.org\/pt\/adicione-uma-marca-dagua\/","og_site_name":"Excel Advisor","article_modified_time":"2023-12-06T11:34:13+00:00","og_image":[{"url":"https:\/\/exceladvisor.org\/wp-content\/uploads\/2023\/08\/1-inserer-longlet-2.png","type":"","width":"","height":""}],"twitter_card":"summary_large_image","twitter_misc":{"Tempo estimado de leitura":"6 minutos"},"schema":{"@context":"https:\/\/schema.org","@graph":[{"@type":"WebPage","@id":"https:\/\/exceladvisor.org\/pt\/adicione-uma-marca-dagua\/","url":"https:\/\/exceladvisor.org\/pt\/adicione-uma-marca-dagua\/","name":"\u25b7 Como inserir\/marca d&#39;\u00e1gua no Excel? (Tutorial 2023)","isPartOf":{"@id":"https:\/\/exceladvisor.org\/pt\/#website"},"primaryImageOfPage":{"@id":"https:\/\/exceladvisor.org\/pt\/adicione-uma-marca-dagua\/#primaryimage"},"image":{"@id":"https:\/\/exceladvisor.org\/pt\/adicione-uma-marca-dagua\/#primaryimage"},"thumbnailUrl":"https:\/\/exceladvisor.org\/wp-content\/uploads\/2023\/08\/1-inserer-longlet-2.png","datePublished":"2023-11-20T20:49:18+00:00","dateModified":"2023-12-06T11:34:13+00:00","description":"Neste tutorial, aprenderemos como adicionar uma marca d&#39;\u00e1gua a uma planilha do Excel. (Usando todas as op\u00e7\u00f5es dispon\u00edveis).","breadcrumb":{"@id":"https:\/\/exceladvisor.org\/pt\/adicione-uma-marca-dagua\/#breadcrumb"},"inLanguage":"pt-PT","potentialAction":[{"@type":"ReadAction","target":["https:\/\/exceladvisor.org\/pt\/adicione-uma-marca-dagua\/"]}]},{"@type":"ImageObject","inLanguage":"pt-PT","@id":"https:\/\/exceladvisor.org\/pt\/adicione-uma-marca-dagua\/#primaryimage","url":"https:\/\/exceladvisor.org\/wp-content\/uploads\/2023\/08\/1-inserer-longlet-2.png","contentUrl":"https:\/\/exceladvisor.org\/wp-content\/uploads\/2023\/08\/1-inserer-longlet-2.png"},{"@type":"BreadcrumbList","@id":"https:\/\/exceladvisor.org\/pt\/adicione-uma-marca-dagua\/#breadcrumb","itemListElement":[{"@type":"ListItem","position":1,"name":"Lar","item":"https:\/\/exceladvisor.org\/pt\/"},{"@type":"ListItem","position":2,"name":"Como adicionar uma marca d\u2019\u00e1gua no excel?"}]},{"@type":"WebSite","@id":"https:\/\/exceladvisor.org\/pt\/#website","url":"https:\/\/exceladvisor.org\/pt\/","name":"Excel Advisor","description":"O seu guia definitivo para dominar os dados!","publisher":{"@id":"https:\/\/exceladvisor.org\/pt\/#organization"},"potentialAction":[{"@type":"SearchAction","target":{"@type":"EntryPoint","urlTemplate":"https:\/\/exceladvisor.org\/pt\/?s={search_term_string}"},"query-input":{"@type":"PropertyValueSpecification","valueRequired":true,"valueName":"search_term_string"}}],"inLanguage":"pt-PT"},{"@type":"Organization","@id":"https:\/\/exceladvisor.org\/pt\/#organization","name":"Excel Advisor","url":"https:\/\/exceladvisor.org\/pt\/","logo":{"@type":"ImageObject","inLanguage":"pt-PT","@id":"https:\/\/exceladvisor.org\/pt\/#\/schema\/logo\/image\/","url":"https:\/\/exceladvisor.org\/pt\/wp-content\/uploads\/2023\/12\/exceladvisor.org_.png","contentUrl":"https:\/\/exceladvisor.org\/pt\/wp-content\/uploads\/2023\/12\/exceladvisor.org_.png","width":105,"height":36,"caption":"Excel Advisor"},"image":{"@id":"https:\/\/exceladvisor.org\/pt\/#\/schema\/logo\/image\/"}}]}},"yoast_meta":{"yoast_wpseo_title":"","yoast_wpseo_metadesc":"","yoast_wpseo_canonical":""},"_links":{"self":[{"href":"https:\/\/exceladvisor.org\/pt\/wp-json\/wp\/v2\/pages\/21","targetHints":{"allow":["GET"]}}],"collection":[{"href":"https:\/\/exceladvisor.org\/pt\/wp-json\/wp\/v2\/pages"}],"about":[{"href":"https:\/\/exceladvisor.org\/pt\/wp-json\/wp\/v2\/types\/page"}],"author":[{"embeddable":true,"href":"https:\/\/exceladvisor.org\/pt\/wp-json\/wp\/v2\/users\/1"}],"replies":[{"embeddable":true,"href":"https:\/\/exceladvisor.org\/pt\/wp-json\/wp\/v2\/comments?post=21"}],"version-history":[{"count":1,"href":"https:\/\/exceladvisor.org\/pt\/wp-json\/wp\/v2\/pages\/21\/revisions"}],"predecessor-version":[{"id":808,"href":"https:\/\/exceladvisor.org\/pt\/wp-json\/wp\/v2\/pages\/21\/revisions\/808"}],"wp:attachment":[{"href":"https:\/\/exceladvisor.org\/pt\/wp-json\/wp\/v2\/media?parent=21"}],"curies":[{"name":"wp","href":"https:\/\/api.w.org\/{rel}","templated":true}]}}