{"id":210,"date":"2023-11-11T14:31:11","date_gmt":"2023-11-11T14:31:11","guid":{"rendered":"https:\/\/exceladvisor.org\/pt\/numero-aleatorio\/"},"modified":"2023-12-06T11:37:56","modified_gmt":"2023-12-06T11:37:56","slug":"numero-aleatorio","status":"publish","type":"page","link":"https:\/\/exceladvisor.org\/pt\/numero-aleatorio\/","title":{"rendered":"Como gerar n\u00fameros aleat\u00f3rios em vba?"},"content":{"rendered":"<div class=\"excel-before-content-2\" id=\"excel-1862427019\"><script type=\"text\/javascript\">\r\n\tatOptions = {\r\n\t\t'key' : 'c1158f160081d6540a8409e6925dab94',\r\n\t\t'format' : 'iframe',\r\n\t\t'height' : 250,\r\n\t\t'width' : 300,\r\n\t\t'params' : {}\r\n\t};\r\n<\/script>\r\n<script type=\"text\/javascript\" src=\"\/\/www.highperformanceformat.com\/c1158f160081d6540a8409e6925dab94\/invoke.js\"><\/script><\/div><div class=\"excel-before-content\" id=\"excel-1710424422\"><script type=\"text\/javascript\">\r\n\tatOptions = {\r\n\t\t'key' : 'c1158f160081d6540a8409e6925dab94',\r\n\t\t'format' : 'iframe',\r\n\t\t'height' : 250,\r\n\t\t'width' : 300,\r\n\t\t'params' : {}\r\n\t};\r\n<\/script>\r\n<script type=\"text\/javascript\" src=\"\/\/www.highperformanceformat.com\/c1158f160081d6540a8409e6925dab94\/invoke.js\"><\/script><\/div> <p>No VBA, voc\u00ea pode usar diferentes maneiras de gerar um n\u00famero aleat\u00f3rio no Excel e, neste artigo, veremos todas elas uma por uma.<\/p><h2 class=\"wp-block-heading\"> Fun\u00e7\u00e3o RND<\/h2><p> Para gerar um n\u00famero aleat\u00f3rio, no VBA, existe uma fun\u00e7\u00e3o chamada <a href=\"https:\/\/exceladvisor.org\/pt\/segundo\/\">RND<\/a> . Esta fun\u00e7\u00e3o significa aleat\u00f3rio e quando voc\u00ea usa esta fun\u00e7\u00e3o no c\u00f3digo ela retorna um n\u00famero aleat\u00f3rio entre 0 e 1. No RND voc\u00ea n\u00e3o precisa especificar nenhum argumento.<\/p><pre class=\"wp-block-code\"> <code class=\"language-visual-basic\" lang=\"visual-basic\">Range(\"A1\") = Rnd()<\/code><\/pre><p> O c\u00f3digo acima o utiliza para obter um n\u00famero aleat\u00f3rio em A1 e retornou 0,705547521. <\/p><div class=\"wp-block-image\"><figure class=\"aligncenter size-large is-resized\"><img loading=\"lazy\" decoding=\"async\" class=\"wp-image-52247\" src=\"https:\/\/exceladvisor.org\/wp-content\/uploads\/2023\/08\/1-generer-un-nombre-aleatoire-dans-vba.png\" sizes=\"auto, \" srcset=\"\" alt=\"gerar n\u00famero aleat\u00f3rio em vba\" width=\"511\" height=\"260\"><\/figure><\/div><p> Mas quando voc\u00ea o usa para um intervalo inteiro, ele retorna o mesmo n\u00famero aleat\u00f3rio em todo o intervalo e isso faz com que seja nulo para ser usado para gerar n\u00fameros aleat\u00f3rios mais de uma vez. <\/p><div class=\"wp-block-image\"><figure class=\"aligncenter size-large is-resized\"><img loading=\"lazy\" decoding=\"async\" class=\"wp-image-52248\" src=\"https:\/\/exceladvisor.org\/wp-content\/uploads\/2023\/08\/2-renvoie-le-meme-nombre-aleatoire.png\" sizes=\"auto, \" srcset=\"\" alt=\"retornar o mesmo n\u00famero aleat\u00f3rio\" width=\"572\" height=\"368\"><\/figure><\/div><p> Agora, aqui n\u00e3o faz sentido usar, n\u00e3o \u00e9 mesmo? Mas existe uma solu\u00e7\u00e3o que voc\u00ea pode usar, <a href=\"https:\/\/exceladvisor.org\/pt\/para-o-circuito\/\">FOR NEXT LOOP<\/a> . <\/p><div class=\"wp-block-image\"><figure class=\"aligncenter size-large is-resized\"><img loading=\"lazy\" decoding=\"async\" class=\"wp-image-52249\" src=\"https:\/\/exceladvisor.org\/wp-content\/uploads\/2023\/08\/3-utilisation-pour-la-boucle-suivante.png\" sizes=\"auto, \" srcset=\"\" alt=\"usar para o pr\u00f3ximo loop\" width=\"583\" height=\"407\"><\/figure><\/div><p> No c\u00f3digo acima voc\u00ea tem um loop que percorre 10 c\u00e9lulas (uma por uma) come\u00e7ando na c\u00e9lula selecionada e adiciona um n\u00famero aleat\u00f3rio.<\/p><p> Aqui est\u00e1 o c\u00f3digo completo:<\/p><pre class=\"wp-block-code\"> <code class=\"language-visual-basic\" lang=\"visual-basic\">Sub vba_random_number() Dim i As Long i = 10 For i = 1 To i ActiveCell.Value = Rnd() ActiveCell.Offset(1, 0).Select Next i End Sub<\/code><\/pre><h2 class=\"wp-block-heading\"> N\u00famero aleat\u00f3rio entre dois n\u00fameros<\/h2><p> Se voc\u00ea deseja gerar um n\u00famero aleat\u00f3rio entre dois n\u00fameros definidos, neste caso voc\u00ea precisa escrever o c\u00f3digo usando duas <a href=\"https:\/\/exceladvisor.org\/pt\/funcoes\/\">fun\u00e7\u00f5es VBA<\/a> ( <a href=\"https:\/\/exceladvisor.org\/pt\/segundo\/\">RND<\/a> + <a href=\"https:\/\/exceladvisor.org\/pt\/interno\/\">INT<\/a> ). O c\u00f3digo para esta f\u00f3rmula seria como abaixo. <\/p><div class=\"wp-block-image\"><figure class=\"aligncenter size-large is-resized\"><img loading=\"lazy\" decoding=\"async\" class=\"wp-image-52250\" src=\"https:\/\/exceladvisor.org\/wp-content\/uploads\/2023\/08\/4-nombre-aleatoire-entre-deux-nombres.png\" sizes=\"auto, \" srcset=\"\" alt=\"n\u00famero aleat\u00f3rio entre dois n\u00fameros\" width=\"548\" height=\"293\"><\/figure><\/div><pre class=\"wp-block-code\"> <code class=\"language-visual-basic\" lang=\"visual-basic\">Sub vba_random_number() Dim myRnd As Integer myRnd = Int(2 + Rnd * (45 - 10 + 1)) Range(\"A1\") = myRnd End Sub<\/code><\/pre><p> Quando voc\u00ea <a href=\"https:\/\/exceladvisor.org\/pt\/executar-uma-macro-2\/\">executa esta macro<\/a> , RND usa o n\u00famero m\u00e1ximo e o n\u00famero m\u00ednimo que voc\u00ea definiu para gerar o n\u00famero aleat\u00f3rio e INT remove a casa decimal. <\/p><div class=\"wp-block-image\"><figure class=\"aligncenter size-large is-resized\"><img loading=\"lazy\" decoding=\"async\" class=\"wp-image-52251\" src=\"https:\/\/exceladvisor.org\/wp-content\/uploads\/2023\/08\/5-rnd-utiliser-le-nombre-max-et-min.png\" sizes=\"auto, \" srcset=\"\" alt=\"rnd-use-o-n\u00famero m\u00e1ximo e m\u00ednimo\" width=\"421\" height=\"205\"><\/figure><\/div><h2 class=\"wp-block-heading\"> Usando fun\u00e7\u00f5es de planilha em c\u00f3digo VBA para gerar um n\u00famero aleat\u00f3rio<\/h2><p> No VBA, voc\u00ea pode acessar <a href=\"https:\/\/exceladvisor.org\/pt\/funcao-de-planilha\/\">fun\u00e7\u00f5es de planilha<\/a> e us\u00e1-las para obter um resultado especificando os argumentos. Duas <a href=\"https:\/\/exceladvisor.org\/pt\/funcoes-do-excel\/\">fun\u00e7\u00f5es de planilha<\/a> podem ajud\u00e1-lo a obter um n\u00famero aleat\u00f3rio no resultado.<\/p><ul><li> RandEntre<\/li><li> RandTableau<\/li><\/ul><p> Antes de usar essas fun\u00e7\u00f5es, certifique-se de compreender os argumentos que voc\u00ea precisa definir. Agora no c\u00f3digo abaixo voc\u00ea tem RANDBETWEEN que gera um n\u00famero aleat\u00f3rio entre dois n\u00fameros. <\/p><div class=\"wp-block-image\"><figure class=\"aligncenter size-large is-resized\"><img loading=\"lazy\" decoding=\"async\" class=\"wp-image-52252\" src=\"https:\/\/exceladvisor.org\/wp-content\/uploads\/2023\/08\/6-utiliser-randbetween-genere-un-nombre-aleatoire-entre-deux-nombres.png\" sizes=\"auto, \" srcset=\"\" alt=\"use-randentre-gera-um-n\u00famero-aleat\u00f3rio-entre-dois-n\u00fameros\" width=\"601\" height=\"213\"><\/figure><\/div><pre class=\"wp-block-code\"> <code class=\"language-visual-basic\" lang=\"visual-basic\">Range(\"A1\") = WorksheetFunction.RandBetween(1000, 2000)<\/code><\/pre><p> Aqui, o n\u00famero m\u00e1ximo \u00e9 2.000 e o n\u00famero m\u00ednimo \u00e9 1.000. Da mesma forma, voc\u00ea pode usar RANDARRAY, que \u00e9 uma fun\u00e7\u00e3o de array din\u00e2mica.<\/p><p> Aqui est\u00e1 o c\u00f3digo. <\/p><pre class=\"wp-block-code\"> <code class=\"language-visual-basic\" lang=\"visual-basic\">Range(\"A1:B10\") = WorksheetFunction.RandArray(10, 2, 1000, 2000, True)<\/code><\/pre><div class=\"wp-block-image\"><figure class=\"aligncenter size-large is-resized\"><img loading=\"lazy\" decoding=\"async\" class=\"wp-image-52253\" src=\"https:\/\/exceladvisor.org\/wp-content\/uploads\/2023\/08\/7-utilisez-randarray-qui-est-une-fonction-de-tableau-dynamique.png\" sizes=\"auto, \" srcset=\"\" alt=\"use-randarray-que-\u00e9-uma-fun\u00e7\u00e3o-de-array-din\u00e2mica\" width=\"743\" height=\"275\"><\/figure><\/div><p> Se voc\u00ea observar a sintaxe de RANDARRAY, descobrir\u00e1 que pode inserir n\u00fameros aleat\u00f3rios em um intervalo de inteiros, o que n\u00e3o \u00e9 poss\u00edvel com todos os m\u00e9todos que discutimos acima. <\/p><div class=\"wp-block-image\"><figure class=\"aligncenter size-large is-resized\"><img loading=\"lazy\" decoding=\"async\" class=\"wp-image-52254\" src=\"https:\/\/exceladvisor.org\/wp-content\/uploads\/2023\/08\/8-syntaxe-de-randarray.png\" sizes=\"auto, \" srcset=\"\" alt=\"sintaxe randarray\" width=\"396\" height=\"120\"><\/figure><\/div><div class=\"gb-container gb-container-4db6181c gb-container-mt\"> <a class=\"gb-button gb-button-c5897111 gb-button-text gb-button-mt-button\" href=\"https:\/\/exceladvisor.org\/pt\/vba\/\">O que \u00e9 VBA<\/a><h2 class=\"gb-headline gb-headline-665e5f6b gb-headline-text gb-headline-mt-heading\"> Tutoriais relacionados <\/h2><div class=\"gb-grid-wrapper gb-grid-wrapper-a20baf7c gb-grid-wrapper-mt-grid\"><div class=\"gb-grid-column gb-grid-column-65ddf67e\"><div class=\"gb-container gb-container-65ddf67e\"><ul><li> <a href=\"https:\/\/exceladvisor.org\/pt\/media-2\/\">Valores m\u00e9dios no Excel com VBA<\/a><\/li><li> <a href=\"https:\/\/exceladvisor.org\/pt\/data-de-hoje-hora-atual\/\">Obtenha a data e a hora atual usando VBA<\/a><\/li><li> <a href=\"https:\/\/exceladvisor.org\/pt\/soma-1\/\">Soma valores no Excel usando VBA<\/a> <\/li><\/ul><\/div><\/div><div class=\"gb-grid-column gb-grid-column-50067b57\"><div class=\"gb-container gb-container-50067b57\"><ul><li> <a href=\"https:\/\/exceladvisor.org\/pt\/calcular\/\">C\u00e1lculo VBA<\/a><\/li><li> <a href=\"https:\/\/exceladvisor.org\/pt\/cadeia-1\/\">Concatenar VBA<\/a><\/li><li> <a href=\"https:\/\/exceladvisor.org\/pt\/funcao-de-planilha\/\">Fun\u00e7\u00e3o de planilha VBA<\/a><\/li><\/ul><\/div><\/div><\/div><\/div>","protected":false},"excerpt":{"rendered":"","protected":false},"author":1,"featured_media":0,"parent":0,"menu_order":0,"comment_status":"open","ping_status":"closed","template":"","meta":{"ub_ctt_via":"","footnotes":""},"class_list":["post-210","page","type-page","status-publish","hentry"],"featured_image_src":null,"yoast_head":"<!-- This site is optimized with the Yoast SEO plugin v25.4 - https:\/\/yoast.com\/wordpress\/plugins\/seo\/ -->\n<title>\u25b7 Como gerar n\u00fameros aleat\u00f3rios em VBA?<\/title>\n<meta name=\"description\" content=\"Este tutorial mostra diferentes maneiras de gerar n\u00fameros aleat\u00f3rios no Excel usando c\u00f3digo VBA de diversas maneiras em\" \/>\n<meta name=\"robots\" content=\"index, follow, max-snippet:-1, max-image-preview:large, max-video-preview:-1\" \/>\n<link rel=\"canonical\" href=\"https:\/\/exceladvisor.org\/pt\/numero-aleatorio\/\" \/>\n<meta property=\"og:locale\" content=\"pt_PT\" \/>\n<meta property=\"og:type\" content=\"article\" \/>\n<meta property=\"og:title\" content=\"\u25b7 Como gerar n\u00fameros aleat\u00f3rios em VBA?\" \/>\n<meta property=\"og:description\" content=\"Este tutorial mostra diferentes maneiras de gerar n\u00fameros aleat\u00f3rios no Excel usando c\u00f3digo VBA de diversas maneiras em\" \/>\n<meta property=\"og:url\" content=\"https:\/\/exceladvisor.org\/pt\/numero-aleatorio\/\" \/>\n<meta property=\"og:site_name\" content=\"Excel Advisor\" \/>\n<meta property=\"article:modified_time\" content=\"2023-12-06T11:37:56+00:00\" \/>\n<meta property=\"og:image\" content=\"https:\/\/exceladvisor.org\/wp-content\/uploads\/2023\/08\/1-generer-un-nombre-aleatoire-dans-vba.png\" \/>\n<meta name=\"twitter:card\" content=\"summary_large_image\" \/>\n<meta name=\"twitter:label1\" content=\"Tempo estimado de leitura\" \/>\n\t<meta name=\"twitter:data1\" content=\"3 minutos\" \/>\n<script type=\"application\/ld+json\" class=\"yoast-schema-graph\">{\"@context\":\"https:\/\/schema.org\",\"@graph\":[{\"@type\":\"WebPage\",\"@id\":\"https:\/\/exceladvisor.org\/pt\/numero-aleatorio\/\",\"url\":\"https:\/\/exceladvisor.org\/pt\/numero-aleatorio\/\",\"name\":\"\u25b7 Como gerar n\u00fameros aleat\u00f3rios em VBA?\",\"isPartOf\":{\"@id\":\"https:\/\/exceladvisor.org\/pt\/#website\"},\"primaryImageOfPage\":{\"@id\":\"https:\/\/exceladvisor.org\/pt\/numero-aleatorio\/#primaryimage\"},\"image\":{\"@id\":\"https:\/\/exceladvisor.org\/pt\/numero-aleatorio\/#primaryimage\"},\"thumbnailUrl\":\"https:\/\/exceladvisor.org\/wp-content\/uploads\/2023\/08\/1-generer-un-nombre-aleatoire-dans-vba.png\",\"datePublished\":\"2023-11-11T14:31:11+00:00\",\"dateModified\":\"2023-12-06T11:37:56+00:00\",\"description\":\"Este tutorial mostra diferentes maneiras de gerar n\u00fameros aleat\u00f3rios no Excel usando c\u00f3digo VBA de diversas maneiras em\",\"breadcrumb\":{\"@id\":\"https:\/\/exceladvisor.org\/pt\/numero-aleatorio\/#breadcrumb\"},\"inLanguage\":\"pt-PT\",\"potentialAction\":[{\"@type\":\"ReadAction\",\"target\":[\"https:\/\/exceladvisor.org\/pt\/numero-aleatorio\/\"]}]},{\"@type\":\"ImageObject\",\"inLanguage\":\"pt-PT\",\"@id\":\"https:\/\/exceladvisor.org\/pt\/numero-aleatorio\/#primaryimage\",\"url\":\"https:\/\/exceladvisor.org\/wp-content\/uploads\/2023\/08\/1-generer-un-nombre-aleatoire-dans-vba.png\",\"contentUrl\":\"https:\/\/exceladvisor.org\/wp-content\/uploads\/2023\/08\/1-generer-un-nombre-aleatoire-dans-vba.png\"},{\"@type\":\"BreadcrumbList\",\"@id\":\"https:\/\/exceladvisor.org\/pt\/numero-aleatorio\/#breadcrumb\",\"itemListElement\":[{\"@type\":\"ListItem\",\"position\":1,\"name\":\"Lar\",\"item\":\"https:\/\/exceladvisor.org\/pt\/\"},{\"@type\":\"ListItem\",\"position\":2,\"name\":\"Como gerar n\u00fameros aleat\u00f3rios em vba?\"}]},{\"@type\":\"WebSite\",\"@id\":\"https:\/\/exceladvisor.org\/pt\/#website\",\"url\":\"https:\/\/exceladvisor.org\/pt\/\",\"name\":\"Excel Advisor\",\"description\":\"O seu guia definitivo para dominar os dados!\",\"publisher\":{\"@id\":\"https:\/\/exceladvisor.org\/pt\/#organization\"},\"potentialAction\":[{\"@type\":\"SearchAction\",\"target\":{\"@type\":\"EntryPoint\",\"urlTemplate\":\"https:\/\/exceladvisor.org\/pt\/?s={search_term_string}\"},\"query-input\":{\"@type\":\"PropertyValueSpecification\",\"valueRequired\":true,\"valueName\":\"search_term_string\"}}],\"inLanguage\":\"pt-PT\"},{\"@type\":\"Organization\",\"@id\":\"https:\/\/exceladvisor.org\/pt\/#organization\",\"name\":\"Excel Advisor\",\"url\":\"https:\/\/exceladvisor.org\/pt\/\",\"logo\":{\"@type\":\"ImageObject\",\"inLanguage\":\"pt-PT\",\"@id\":\"https:\/\/exceladvisor.org\/pt\/#\/schema\/logo\/image\/\",\"url\":\"https:\/\/exceladvisor.org\/pt\/wp-content\/uploads\/2023\/12\/exceladvisor.org_.png\",\"contentUrl\":\"https:\/\/exceladvisor.org\/pt\/wp-content\/uploads\/2023\/12\/exceladvisor.org_.png\",\"width\":105,\"height\":36,\"caption\":\"Excel Advisor\"},\"image\":{\"@id\":\"https:\/\/exceladvisor.org\/pt\/#\/schema\/logo\/image\/\"}}]}<\/script>\n<!-- \/ Yoast SEO plugin. -->","yoast_head_json":{"title":"\u25b7 Como gerar n\u00fameros aleat\u00f3rios em VBA?","description":"Este tutorial mostra diferentes maneiras de gerar n\u00fameros aleat\u00f3rios no Excel usando c\u00f3digo VBA de diversas maneiras em","robots":{"index":"index","follow":"follow","max-snippet":"max-snippet:-1","max-image-preview":"max-image-preview:large","max-video-preview":"max-video-preview:-1"},"canonical":"https:\/\/exceladvisor.org\/pt\/numero-aleatorio\/","og_locale":"pt_PT","og_type":"article","og_title":"\u25b7 Como gerar n\u00fameros aleat\u00f3rios em VBA?","og_description":"Este tutorial mostra diferentes maneiras de gerar n\u00fameros aleat\u00f3rios no Excel usando c\u00f3digo VBA de diversas maneiras em","og_url":"https:\/\/exceladvisor.org\/pt\/numero-aleatorio\/","og_site_name":"Excel Advisor","article_modified_time":"2023-12-06T11:37:56+00:00","og_image":[{"url":"https:\/\/exceladvisor.org\/wp-content\/uploads\/2023\/08\/1-generer-un-nombre-aleatoire-dans-vba.png","type":"","width":"","height":""}],"twitter_card":"summary_large_image","twitter_misc":{"Tempo estimado de leitura":"3 minutos"},"schema":{"@context":"https:\/\/schema.org","@graph":[{"@type":"WebPage","@id":"https:\/\/exceladvisor.org\/pt\/numero-aleatorio\/","url":"https:\/\/exceladvisor.org\/pt\/numero-aleatorio\/","name":"\u25b7 Como gerar n\u00fameros aleat\u00f3rios em VBA?","isPartOf":{"@id":"https:\/\/exceladvisor.org\/pt\/#website"},"primaryImageOfPage":{"@id":"https:\/\/exceladvisor.org\/pt\/numero-aleatorio\/#primaryimage"},"image":{"@id":"https:\/\/exceladvisor.org\/pt\/numero-aleatorio\/#primaryimage"},"thumbnailUrl":"https:\/\/exceladvisor.org\/wp-content\/uploads\/2023\/08\/1-generer-un-nombre-aleatoire-dans-vba.png","datePublished":"2023-11-11T14:31:11+00:00","dateModified":"2023-12-06T11:37:56+00:00","description":"Este tutorial mostra diferentes maneiras de gerar n\u00fameros aleat\u00f3rios no Excel usando c\u00f3digo VBA de diversas maneiras em","breadcrumb":{"@id":"https:\/\/exceladvisor.org\/pt\/numero-aleatorio\/#breadcrumb"},"inLanguage":"pt-PT","potentialAction":[{"@type":"ReadAction","target":["https:\/\/exceladvisor.org\/pt\/numero-aleatorio\/"]}]},{"@type":"ImageObject","inLanguage":"pt-PT","@id":"https:\/\/exceladvisor.org\/pt\/numero-aleatorio\/#primaryimage","url":"https:\/\/exceladvisor.org\/wp-content\/uploads\/2023\/08\/1-generer-un-nombre-aleatoire-dans-vba.png","contentUrl":"https:\/\/exceladvisor.org\/wp-content\/uploads\/2023\/08\/1-generer-un-nombre-aleatoire-dans-vba.png"},{"@type":"BreadcrumbList","@id":"https:\/\/exceladvisor.org\/pt\/numero-aleatorio\/#breadcrumb","itemListElement":[{"@type":"ListItem","position":1,"name":"Lar","item":"https:\/\/exceladvisor.org\/pt\/"},{"@type":"ListItem","position":2,"name":"Como gerar n\u00fameros aleat\u00f3rios em vba?"}]},{"@type":"WebSite","@id":"https:\/\/exceladvisor.org\/pt\/#website","url":"https:\/\/exceladvisor.org\/pt\/","name":"Excel Advisor","description":"O seu guia definitivo para dominar os dados!","publisher":{"@id":"https:\/\/exceladvisor.org\/pt\/#organization"},"potentialAction":[{"@type":"SearchAction","target":{"@type":"EntryPoint","urlTemplate":"https:\/\/exceladvisor.org\/pt\/?s={search_term_string}"},"query-input":{"@type":"PropertyValueSpecification","valueRequired":true,"valueName":"search_term_string"}}],"inLanguage":"pt-PT"},{"@type":"Organization","@id":"https:\/\/exceladvisor.org\/pt\/#organization","name":"Excel Advisor","url":"https:\/\/exceladvisor.org\/pt\/","logo":{"@type":"ImageObject","inLanguage":"pt-PT","@id":"https:\/\/exceladvisor.org\/pt\/#\/schema\/logo\/image\/","url":"https:\/\/exceladvisor.org\/pt\/wp-content\/uploads\/2023\/12\/exceladvisor.org_.png","contentUrl":"https:\/\/exceladvisor.org\/pt\/wp-content\/uploads\/2023\/12\/exceladvisor.org_.png","width":105,"height":36,"caption":"Excel Advisor"},"image":{"@id":"https:\/\/exceladvisor.org\/pt\/#\/schema\/logo\/image\/"}}]}},"yoast_meta":{"yoast_wpseo_title":"","yoast_wpseo_metadesc":"","yoast_wpseo_canonical":""},"_links":{"self":[{"href":"https:\/\/exceladvisor.org\/pt\/wp-json\/wp\/v2\/pages\/210","targetHints":{"allow":["GET"]}}],"collection":[{"href":"https:\/\/exceladvisor.org\/pt\/wp-json\/wp\/v2\/pages"}],"about":[{"href":"https:\/\/exceladvisor.org\/pt\/wp-json\/wp\/v2\/types\/page"}],"author":[{"embeddable":true,"href":"https:\/\/exceladvisor.org\/pt\/wp-json\/wp\/v2\/users\/1"}],"replies":[{"embeddable":true,"href":"https:\/\/exceladvisor.org\/pt\/wp-json\/wp\/v2\/comments?post=210"}],"version-history":[{"count":1,"href":"https:\/\/exceladvisor.org\/pt\/wp-json\/wp\/v2\/pages\/210\/revisions"}],"predecessor-version":[{"id":1081,"href":"https:\/\/exceladvisor.org\/pt\/wp-json\/wp\/v2\/pages\/210\/revisions\/1081"}],"wp:attachment":[{"href":"https:\/\/exceladvisor.org\/pt\/wp-json\/wp\/v2\/media?parent=210"}],"curies":[{"name":"wp","href":"https:\/\/api.w.org\/{rel}","templated":true}]}}