{"id":211,"date":"2023-11-11T13:06:23","date_gmt":"2023-11-11T13:06:23","guid":{"rendered":"https:\/\/exceladvisor.org\/pt\/valor-mais-baixo\/"},"modified":"2023-12-06T11:37:34","modified_gmt":"2023-12-06T11:37:34","slug":"valor-mais-baixo","status":"publish","type":"page","link":"https:\/\/exceladvisor.org\/pt\/valor-mais-baixo\/","title":{"rendered":"Como encontrar o valor mais baixo em uma lista de n?"},"content":{"rendered":"<div class=\"excel-before-content-2\" id=\"excel-443318870\"><script type=\"text\/javascript\">\r\n\tatOptions = {\r\n\t\t'key' : 'c1158f160081d6540a8409e6925dab94',\r\n\t\t'format' : 'iframe',\r\n\t\t'height' : 250,\r\n\t\t'width' : 300,\r\n\t\t'params' : {}\r\n\t};\r\n<\/script>\r\n<script type=\"text\/javascript\" src=\"\/\/www.highperformanceformat.com\/c1158f160081d6540a8409e6925dab94\/invoke.js\"><\/script><\/div><div class=\"excel-before-content\" id=\"excel-3946723412\"><script type=\"text\/javascript\">\r\n\tatOptions = {\r\n\t\t'key' : 'c1158f160081d6540a8409e6925dab94',\r\n\t\t'format' : 'iframe',\r\n\t\t'height' : 250,\r\n\t\t'width' : 300,\r\n\t\t'params' : {}\r\n\t};\r\n<\/script>\r\n<script type=\"text\/javascript\" src=\"\/\/www.highperformanceformat.com\/c1158f160081d6540a8409e6925dab94\/invoke.js\"><\/script><\/div> <p>No Excel, para encontrar os valores mais baixos em uma lista de n\u00fameros, voc\u00ea precisa usar a fun\u00e7\u00e3o PEQUENO. Com esta fun\u00e7\u00e3o voc\u00ea pode obter n\u00e3o apenas o menor, mas tamb\u00e9m o 2\u00ba, 3\u00ba, 4\u00ba ou at\u00e9 mesmo o K-\u00e9simo menor valor da lista. <\/p><div class=\"wp-block-image\"><figure class=\"aligncenter size-full is-resized\"><img loading=\"lazy\" decoding=\"async\" class=\"wp-image-79856\" src=\"https:\/\/exceladvisor.org\/wp-content\/uploads\/2023\/08\/1-valeur-la-plus-basse-de-la-liste.png\" sizes=\"auto, \" srcset=\"\" alt=\"valor mais baixo da lista\" width=\"397\" height=\"511\"><\/figure><\/div><p> Neste tutorial, aprenderemos como escrever uma f\u00f3rmula usando esta fun\u00e7\u00e3o.<\/p><h2 class=\"wp-block-heading\"> F\u00f3rmula Excel para obter o n\u00famero mais baixo<\/h2><p> Voc\u00ea pode usar as etapas abaixo:<\/p><ol type=\"1\"><li> Primeiro, em uma c\u00e9lula, insira a fun\u00e7\u00e3o PEQUENA.<\/li><li> Depois disso, no primeiro argumento (array), fa\u00e7a refer\u00eancia ao intervalo onde est\u00e1 a lista de n\u00fameros.<\/li><li> Ent\u00e3o, no segundo argumento (k), insira 1 porque voc\u00ea precisa obter o <sup>primeiro<\/sup> n\u00famero mais baixo da lista.<\/li><li> No final, pressione Enter para obter o resultado. <\/li><\/ol><div class=\"wp-block-image\"><figure class=\"aligncenter size-full is-resized\"><img loading=\"lazy\" decoding=\"async\" class=\"wp-image-79857\" src=\"https:\/\/exceladvisor.org\/wp-content\/uploads\/2023\/08\/2-petites-fonctions-pour-obtenir-une-valeur-inferieure.png\" sizes=\"auto, \" srcset=\"\" alt=\"fun\u00e7\u00e3o pequena para obter valor mais baixo\" width=\"456\" height=\"427\"><\/figure><\/div><p> Depois de pressionar Enter, ele retorna 11 no resultado, que \u00e9 o n\u00famero mais baixo do intervalo. <\/p><div class=\"wp-block-image\"><figure class=\"aligncenter size-full is-resized\"><img loading=\"lazy\" decoding=\"async\" class=\"wp-image-79858\" src=\"https:\/\/exceladvisor.org\/wp-content\/uploads\/2023\/08\/3-petit-resultat-de-fonction.png\" sizes=\"auto, \" srcset=\"\" alt=\"resultado de fun\u00e7\u00e3o pequena\" width=\"470\" height=\"411\"><\/figure><\/div><h2 class=\"wp-block-heading\"> Encontre o en\u00e9simo valor mais baixo em uma lista de n\u00fameros<\/h2><p> E se voc\u00ea quiser obter o en\u00e9simo menor valor da mesma lista, basta alterar o valor do segundo argumento (k) da fun\u00e7\u00e3o. Digamos que voc\u00ea queira obter o terceiro menor valor, a f\u00f3rmula seria: <\/p><div class=\"wp-block-image\"><figure class=\"aligncenter size-full is-resized\"><img loading=\"lazy\" decoding=\"async\" class=\"wp-image-79859\" src=\"https:\/\/exceladvisor.org\/wp-content\/uploads\/2023\/08\/4-nieme-valeur-la-plus-basse.png\" sizes=\"auto, \" srcset=\"\" alt=\"en\u00e9simo valor mais baixo\" width=\"479\" height=\"516\"><\/figure><\/div><pre class=\"wp-block-code\"> <code class=\"language-excel-formula\" lang=\"excel-formula\">=SMALL(A1:A8,3)<\/code><\/pre><p> Ele retorna 23, que \u00e9 o terceiro n\u00famero mais baixo da lista.<\/p><h2 class=\"wp-block-heading\"> Encontre os 3 valores mais baixos<\/h2><p> Agora digamos que voc\u00ea precise obter os tr\u00eas valores mais baixos em uma \u00fanica c\u00e9lula. Para fazer isso, voc\u00ea deve combinar a fun\u00e7\u00e3o TEXTJOIN com SMALL. Assim como o exemplo abaixo: <\/p><div class=\"wp-block-image\"><figure class=\"aligncenter size-full is-resized\"><img loading=\"lazy\" decoding=\"async\" class=\"wp-image-79860\" src=\"https:\/\/exceladvisor.org\/wp-content\/uploads\/2023\/08\/5-les-trois-valeurs-les-plus-basses.png\" sizes=\"auto, \" srcset=\"\" alt=\"os tr\u00eas valores mais baixos\" width=\"493\" height=\"424\"><\/figure><\/div><pre class=\"wp-block-code\"><code class=\"language-excel-formula\" lang=\"excel-formula\"> =TEXTJOIN(\",\",TRUE,SMALL(A1:A8,{1,2,3}))<\/code><\/pre><p> Na fun\u00e7\u00e3o SMALL, usamos {1,2,3} no argumento k de SMALL para obter os 3 valores mais baixos da lista. <\/p><div class=\"wp-block-image\"><figure class=\"aligncenter size-full is-resized\"><img loading=\"lazy\" decoding=\"async\" class=\"wp-image-79861\" src=\"https:\/\/exceladvisor.org\/wp-content\/uploads\/2023\/08\/6-petite-fonction-pour-obtenir-les-trois-valeurs-les-plus-basses.png\" sizes=\"auto, \" srcset=\"\" alt=\"fun\u00e7\u00e3o pequena para obter tr\u00eas valores m\u00ednimos\" width=\"487\" height=\"251\"><\/figure><\/div><p> Retorna 11, 12 e 23 porque s\u00e3o os 3 n\u00fameros mais baixos da lista. Agora voc\u00ea deve ter esses tr\u00eas n\u00fameros em uma \u00fanica c\u00e9lula. \u00c9 por isso que voc\u00ea deve usar TEXTJOIN. <\/p><div class=\"wp-block-image\"><figure class=\"aligncenter size-full is-resized\"><img loading=\"lazy\" decoding=\"async\" class=\"wp-image-79862\" src=\"https:\/\/exceladvisor.org\/wp-content\/uploads\/2023\/08\/7-trois-valeurs-les-plus-basses-comme-resultat.png\" sizes=\"auto, \" srcset=\"\" alt=\"tr\u00eas valores mais baixos como resultado\" width=\"440\" height=\"173\"><\/figure><\/div><p> E se voc\u00ea quiser obter todos os tr\u00eas valores em tr\u00eas c\u00e9lulas diferentes, voc\u00ea pode pular o uso de TEXTJOIN. <\/p><div class=\"wp-block-image\"><figure class=\"aligncenter size-full is-resized\"><img loading=\"lazy\" decoding=\"async\" class=\"wp-image-79863\" src=\"https:\/\/exceladvisor.org\/wp-content\/uploads\/2023\/08\/8-trois-valeurs-les-plus-basses-dans-differentes-cellules.png\" sizes=\"auto, \" srcset=\"\" alt=\"tr\u00eas valores mais baixos em c\u00e9lulas diferentes\" width=\"624\" height=\"259\"><\/figure><\/div><div class=\"gb-container gb-container-52dfcee1 gb-container-sample-file\"><h2 class=\"gb-headline gb-headline-e289c143 gb-headline-text gb-headline-4f7959c2\"> Obtenha o arquivo Excel<\/h2><p> <a class=\"gb-button gb-button-e88d6bee gb-button-text gb-button-button1\" href=\"https:\/\/exceladvisor.org\/wp-content\/uploads\/2023\/08\/nombre-le-plus-bas.xlsx\" rel=\"nofollow\">Download<\/a> <\/p><\/div><div class=\"wp-block-group more-tutorials is-layout-flow\"><div class=\"wp-block-group__inner-container\"><h2 class=\"wp-block-heading\"> Mais f\u00f3rmulas<\/h2><ul><li> <a href=\"https:\/\/exceladvisor.org\/pt\/valores-maximos-medios\/\">M\u00e9dia dos 5 valores mais altos do Excel<\/a><\/li><li> <a href=\"https:\/\/exceladvisor.org\/pt\/coeficiente-de-variacao\/\">Calcule o coeficiente de varia\u00e7\u00e3o (CV) no Excel<\/a><\/li><li> <a href=\"https:\/\/exceladvisor.org\/pt\/maximo-se\/\">MAX SE no Excel<\/a><\/li><li> <a href=\"https:\/\/exceladvisor.org\/pt\/relatorio\/\">Calcule rapidamente a propor\u00e7\u00e3o no Excel<\/a><\/li><li> <a href=\"https:\/\/exceladvisor.org\/pt\/menor-valor-2\/\">Encontre o menor valor em um intervalo de c\u00e9lulas (menor n\u00famero)<\/a><\/li><\/ul><\/div><\/div>","protected":false},"excerpt":{"rendered":"","protected":false},"author":1,"featured_media":0,"parent":0,"menu_order":0,"comment_status":"open","ping_status":"closed","template":"","meta":{"ub_ctt_via":"","footnotes":""},"class_list":["post-211","page","type-page","status-publish","hentry"],"featured_image_src":null,"yoast_head":"<!-- This site is optimized with the Yoast SEO plugin v25.4 - https:\/\/yoast.com\/wordpress\/plugins\/seo\/ -->\n<title>Como encontrar o valor mais baixo em uma lista de N?<\/title>\n<meta name=\"description\" content=\"Este tutorial ir\u00e1 ensin\u00e1-lo a escrever uma f\u00f3rmula Excel para obter o valor mais baixo de uma cama de n\u00fameros. Vamos verificar isso\u2026\" \/>\n<meta name=\"robots\" content=\"index, follow, max-snippet:-1, max-image-preview:large, max-video-preview:-1\" \/>\n<link rel=\"canonical\" href=\"https:\/\/exceladvisor.org\/pt\/valor-mais-baixo\/\" \/>\n<meta property=\"og:locale\" content=\"pt_PT\" \/>\n<meta property=\"og:type\" content=\"article\" \/>\n<meta property=\"og:title\" content=\"Como encontrar o valor mais baixo em uma lista de N?\" \/>\n<meta property=\"og:description\" content=\"Este tutorial ir\u00e1 ensin\u00e1-lo a escrever uma f\u00f3rmula Excel para obter o valor mais baixo de uma cama de n\u00fameros. Vamos verificar isso\u2026\" \/>\n<meta property=\"og:url\" content=\"https:\/\/exceladvisor.org\/pt\/valor-mais-baixo\/\" \/>\n<meta property=\"og:site_name\" content=\"Excel Advisor\" \/>\n<meta property=\"article:modified_time\" content=\"2023-12-06T11:37:34+00:00\" \/>\n<meta property=\"og:image\" content=\"https:\/\/exceladvisor.org\/wp-content\/uploads\/2023\/08\/1-valeur-la-plus-basse-de-la-liste.png\" \/>\n<meta name=\"twitter:card\" content=\"summary_large_image\" \/>\n<meta name=\"twitter:label1\" content=\"Tempo estimado de leitura\" \/>\n\t<meta name=\"twitter:data1\" content=\"2 minutos\" \/>\n<script type=\"application\/ld+json\" class=\"yoast-schema-graph\">{\"@context\":\"https:\/\/schema.org\",\"@graph\":[{\"@type\":\"WebPage\",\"@id\":\"https:\/\/exceladvisor.org\/pt\/valor-mais-baixo\/\",\"url\":\"https:\/\/exceladvisor.org\/pt\/valor-mais-baixo\/\",\"name\":\"Como encontrar o valor mais baixo em uma lista de N?\",\"isPartOf\":{\"@id\":\"https:\/\/exceladvisor.org\/pt\/#website\"},\"primaryImageOfPage\":{\"@id\":\"https:\/\/exceladvisor.org\/pt\/valor-mais-baixo\/#primaryimage\"},\"image\":{\"@id\":\"https:\/\/exceladvisor.org\/pt\/valor-mais-baixo\/#primaryimage\"},\"thumbnailUrl\":\"https:\/\/exceladvisor.org\/wp-content\/uploads\/2023\/08\/1-valeur-la-plus-basse-de-la-liste.png\",\"datePublished\":\"2023-11-11T13:06:23+00:00\",\"dateModified\":\"2023-12-06T11:37:34+00:00\",\"description\":\"Este tutorial ir\u00e1 ensin\u00e1-lo a escrever uma f\u00f3rmula Excel para obter o valor mais baixo de uma cama de n\u00fameros. Vamos verificar isso\u2026\",\"breadcrumb\":{\"@id\":\"https:\/\/exceladvisor.org\/pt\/valor-mais-baixo\/#breadcrumb\"},\"inLanguage\":\"pt-PT\",\"potentialAction\":[{\"@type\":\"ReadAction\",\"target\":[\"https:\/\/exceladvisor.org\/pt\/valor-mais-baixo\/\"]}]},{\"@type\":\"ImageObject\",\"inLanguage\":\"pt-PT\",\"@id\":\"https:\/\/exceladvisor.org\/pt\/valor-mais-baixo\/#primaryimage\",\"url\":\"https:\/\/exceladvisor.org\/wp-content\/uploads\/2023\/08\/1-valeur-la-plus-basse-de-la-liste.png\",\"contentUrl\":\"https:\/\/exceladvisor.org\/wp-content\/uploads\/2023\/08\/1-valeur-la-plus-basse-de-la-liste.png\"},{\"@type\":\"BreadcrumbList\",\"@id\":\"https:\/\/exceladvisor.org\/pt\/valor-mais-baixo\/#breadcrumb\",\"itemListElement\":[{\"@type\":\"ListItem\",\"position\":1,\"name\":\"Lar\",\"item\":\"https:\/\/exceladvisor.org\/pt\/\"},{\"@type\":\"ListItem\",\"position\":2,\"name\":\"Como encontrar o valor mais baixo em uma lista de n?\"}]},{\"@type\":\"WebSite\",\"@id\":\"https:\/\/exceladvisor.org\/pt\/#website\",\"url\":\"https:\/\/exceladvisor.org\/pt\/\",\"name\":\"Excel Advisor\",\"description\":\"O seu guia definitivo para dominar os dados!\",\"publisher\":{\"@id\":\"https:\/\/exceladvisor.org\/pt\/#organization\"},\"potentialAction\":[{\"@type\":\"SearchAction\",\"target\":{\"@type\":\"EntryPoint\",\"urlTemplate\":\"https:\/\/exceladvisor.org\/pt\/?s={search_term_string}\"},\"query-input\":{\"@type\":\"PropertyValueSpecification\",\"valueRequired\":true,\"valueName\":\"search_term_string\"}}],\"inLanguage\":\"pt-PT\"},{\"@type\":\"Organization\",\"@id\":\"https:\/\/exceladvisor.org\/pt\/#organization\",\"name\":\"Excel Advisor\",\"url\":\"https:\/\/exceladvisor.org\/pt\/\",\"logo\":{\"@type\":\"ImageObject\",\"inLanguage\":\"pt-PT\",\"@id\":\"https:\/\/exceladvisor.org\/pt\/#\/schema\/logo\/image\/\",\"url\":\"https:\/\/exceladvisor.org\/pt\/wp-content\/uploads\/2023\/12\/exceladvisor.org_.png\",\"contentUrl\":\"https:\/\/exceladvisor.org\/pt\/wp-content\/uploads\/2023\/12\/exceladvisor.org_.png\",\"width\":105,\"height\":36,\"caption\":\"Excel Advisor\"},\"image\":{\"@id\":\"https:\/\/exceladvisor.org\/pt\/#\/schema\/logo\/image\/\"}}]}<\/script>\n<!-- \/ Yoast SEO plugin. -->","yoast_head_json":{"title":"Como encontrar o valor mais baixo em uma lista de N?","description":"Este tutorial ir\u00e1 ensin\u00e1-lo a escrever uma f\u00f3rmula Excel para obter o valor mais baixo de uma cama de n\u00fameros. Vamos verificar isso\u2026","robots":{"index":"index","follow":"follow","max-snippet":"max-snippet:-1","max-image-preview":"max-image-preview:large","max-video-preview":"max-video-preview:-1"},"canonical":"https:\/\/exceladvisor.org\/pt\/valor-mais-baixo\/","og_locale":"pt_PT","og_type":"article","og_title":"Como encontrar o valor mais baixo em uma lista de N?","og_description":"Este tutorial ir\u00e1 ensin\u00e1-lo a escrever uma f\u00f3rmula Excel para obter o valor mais baixo de uma cama de n\u00fameros. Vamos verificar isso\u2026","og_url":"https:\/\/exceladvisor.org\/pt\/valor-mais-baixo\/","og_site_name":"Excel Advisor","article_modified_time":"2023-12-06T11:37:34+00:00","og_image":[{"url":"https:\/\/exceladvisor.org\/wp-content\/uploads\/2023\/08\/1-valeur-la-plus-basse-de-la-liste.png","type":"","width":"","height":""}],"twitter_card":"summary_large_image","twitter_misc":{"Tempo estimado de leitura":"2 minutos"},"schema":{"@context":"https:\/\/schema.org","@graph":[{"@type":"WebPage","@id":"https:\/\/exceladvisor.org\/pt\/valor-mais-baixo\/","url":"https:\/\/exceladvisor.org\/pt\/valor-mais-baixo\/","name":"Como encontrar o valor mais baixo em uma lista de N?","isPartOf":{"@id":"https:\/\/exceladvisor.org\/pt\/#website"},"primaryImageOfPage":{"@id":"https:\/\/exceladvisor.org\/pt\/valor-mais-baixo\/#primaryimage"},"image":{"@id":"https:\/\/exceladvisor.org\/pt\/valor-mais-baixo\/#primaryimage"},"thumbnailUrl":"https:\/\/exceladvisor.org\/wp-content\/uploads\/2023\/08\/1-valeur-la-plus-basse-de-la-liste.png","datePublished":"2023-11-11T13:06:23+00:00","dateModified":"2023-12-06T11:37:34+00:00","description":"Este tutorial ir\u00e1 ensin\u00e1-lo a escrever uma f\u00f3rmula Excel para obter o valor mais baixo de uma cama de n\u00fameros. Vamos verificar isso\u2026","breadcrumb":{"@id":"https:\/\/exceladvisor.org\/pt\/valor-mais-baixo\/#breadcrumb"},"inLanguage":"pt-PT","potentialAction":[{"@type":"ReadAction","target":["https:\/\/exceladvisor.org\/pt\/valor-mais-baixo\/"]}]},{"@type":"ImageObject","inLanguage":"pt-PT","@id":"https:\/\/exceladvisor.org\/pt\/valor-mais-baixo\/#primaryimage","url":"https:\/\/exceladvisor.org\/wp-content\/uploads\/2023\/08\/1-valeur-la-plus-basse-de-la-liste.png","contentUrl":"https:\/\/exceladvisor.org\/wp-content\/uploads\/2023\/08\/1-valeur-la-plus-basse-de-la-liste.png"},{"@type":"BreadcrumbList","@id":"https:\/\/exceladvisor.org\/pt\/valor-mais-baixo\/#breadcrumb","itemListElement":[{"@type":"ListItem","position":1,"name":"Lar","item":"https:\/\/exceladvisor.org\/pt\/"},{"@type":"ListItem","position":2,"name":"Como encontrar o valor mais baixo em uma lista de n?"}]},{"@type":"WebSite","@id":"https:\/\/exceladvisor.org\/pt\/#website","url":"https:\/\/exceladvisor.org\/pt\/","name":"Excel Advisor","description":"O seu guia definitivo para dominar os dados!","publisher":{"@id":"https:\/\/exceladvisor.org\/pt\/#organization"},"potentialAction":[{"@type":"SearchAction","target":{"@type":"EntryPoint","urlTemplate":"https:\/\/exceladvisor.org\/pt\/?s={search_term_string}"},"query-input":{"@type":"PropertyValueSpecification","valueRequired":true,"valueName":"search_term_string"}}],"inLanguage":"pt-PT"},{"@type":"Organization","@id":"https:\/\/exceladvisor.org\/pt\/#organization","name":"Excel Advisor","url":"https:\/\/exceladvisor.org\/pt\/","logo":{"@type":"ImageObject","inLanguage":"pt-PT","@id":"https:\/\/exceladvisor.org\/pt\/#\/schema\/logo\/image\/","url":"https:\/\/exceladvisor.org\/pt\/wp-content\/uploads\/2023\/12\/exceladvisor.org_.png","contentUrl":"https:\/\/exceladvisor.org\/pt\/wp-content\/uploads\/2023\/12\/exceladvisor.org_.png","width":105,"height":36,"caption":"Excel Advisor"},"image":{"@id":"https:\/\/exceladvisor.org\/pt\/#\/schema\/logo\/image\/"}}]}},"yoast_meta":{"yoast_wpseo_title":"","yoast_wpseo_metadesc":"","yoast_wpseo_canonical":""},"_links":{"self":[{"href":"https:\/\/exceladvisor.org\/pt\/wp-json\/wp\/v2\/pages\/211","targetHints":{"allow":["GET"]}}],"collection":[{"href":"https:\/\/exceladvisor.org\/pt\/wp-json\/wp\/v2\/pages"}],"about":[{"href":"https:\/\/exceladvisor.org\/pt\/wp-json\/wp\/v2\/types\/page"}],"author":[{"embeddable":true,"href":"https:\/\/exceladvisor.org\/pt\/wp-json\/wp\/v2\/users\/1"}],"replies":[{"embeddable":true,"href":"https:\/\/exceladvisor.org\/pt\/wp-json\/wp\/v2\/comments?post=211"}],"version-history":[{"count":1,"href":"https:\/\/exceladvisor.org\/pt\/wp-json\/wp\/v2\/pages\/211\/revisions"}],"predecessor-version":[{"id":1049,"href":"https:\/\/exceladvisor.org\/pt\/wp-json\/wp\/v2\/pages\/211\/revisions\/1049"}],"wp:attachment":[{"href":"https:\/\/exceladvisor.org\/pt\/wp-json\/wp\/v2\/media?parent=211"}],"curies":[{"name":"wp","href":"https:\/\/api.w.org\/{rel}","templated":true}]}}