{"id":212,"date":"2023-11-11T12:56:33","date_gmt":"2023-11-11T12:56:33","guid":{"rendered":"https:\/\/exceladvisor.org\/pt\/valor-da-celula-1\/"},"modified":"2023-12-06T11:51:21","modified_gmt":"2023-12-06T11:51:21","slug":"valor-da-celula-1","status":"publish","type":"page","link":"https:\/\/exceladvisor.org\/pt\/valor-da-celula-1\/","title":{"rendered":"Obtenha o valor de uma c\u00e9lula no excel"},"content":{"rendered":"<div class=\"excel-before-content-2\" id=\"excel-1081442683\"><script type=\"text\/javascript\">\r\n\tatOptions = {\r\n\t\t'key' : 'c1158f160081d6540a8409e6925dab94',\r\n\t\t'format' : 'iframe',\r\n\t\t'height' : 250,\r\n\t\t'width' : 300,\r\n\t\t'params' : {}\r\n\t};\r\n<\/script>\r\n<script type=\"text\/javascript\" src=\"\/\/www.highperformanceformat.com\/c1158f160081d6540a8409e6925dab94\/invoke.js\"><\/script><\/div><div class=\"excel-before-content\" id=\"excel-3454333482\"><script type=\"text\/javascript\">\r\n\tatOptions = {\r\n\t\t'key' : 'c1158f160081d6540a8409e6925dab94',\r\n\t\t'format' : 'iframe',\r\n\t\t'height' : 250,\r\n\t\t'width' : 300,\r\n\t\t'params' : {}\r\n\t};\r\n<\/script>\r\n<script type=\"text\/javascript\" src=\"\/\/www.highperformanceformat.com\/c1158f160081d6540a8409e6925dab94\/invoke.js\"><\/script><\/div> <p>Para obter os valores de uma c\u00e9lula no Excel, voc\u00ea pode usar dois m\u00e9todos diferentes. Nesses m\u00e9todos, voc\u00ea precisa escrever uma f\u00f3rmula r\u00e1pida para obter o valor. Neste tutorial, aprenderemos como escrever estas f\u00f3rmulas: <\/p><div class=\"wp-block-image\"><figure class=\"aligncenter size-full is-resized\"><img loading=\"lazy\" decoding=\"async\" class=\"wp-image-79843\" src=\"https:\/\/exceladvisor.org\/wp-content\/uploads\/2023\/08\/1-obtenir-la-valeur-dune-cellule.png\" sizes=\"auto, \" srcset=\"\" alt=\"obter o valor de uma c\u00e9lula\" width=\"626\" height=\"391\"><\/figure><\/div><h2 id=\"h-use-index-to-get-the-value-from-a-cell-by-referring-to-a-range\" class=\"wp-block-heading\"> Use INDEX para obter o valor de uma c\u00e9lula referindo-se a um intervalo<\/h2><p> Se voc\u00ea tiver um intervalo de c\u00e9lulas e quiser obter o valor da c\u00e9lula de uma c\u00e9lula espec\u00edfica nesse intervalo. Com a fun\u00e7\u00e3o INDEX voc\u00ea pode especificar um intervalo e usar o n\u00famero do \u00edndice e a fun\u00e7\u00e3o retornar\u00e1 o valor.<\/p><p> No exemplo a seguir, temos os quatro valores no intervalo A1:A4. E voc\u00ea precisa obter os valores da segunda c\u00e9lula do intervalo. Para fazer isso, voc\u00ea pode usar a fun\u00e7\u00e3o INDEX da seguinte forma: <\/p><pre class=\"wp-block-code\"> <code class=\"language-excel-formula\" lang=\"excel-formula\">=INDEX(A1:A4,2)<\/code><\/pre><div class=\"wp-block-image\"><figure class=\"aligncenter size-full is-resized\"><img loading=\"lazy\" decoding=\"async\" class=\"wp-image-79844\" src=\"https:\/\/exceladvisor.org\/wp-content\/uploads\/2023\/08\/2-fonction-dindex-pour-obtenir-la-valeur.png\" sizes=\"auto, \" srcset=\"\" alt=\"fun\u00e7\u00e3o de \u00edndice para obter valor\" width=\"552\" height=\"296\"><\/figure><\/div><p> Depois de pressionar Enter, ele retorna o valor \u201cDOIS\u201d da segunda c\u00e9lula do intervalo que \u00e9 A2.<\/p><h2 id=\"h-use-a-combination-of-indirect-and-address\" class=\"wp-block-heading\"> Use uma combina\u00e7\u00e3o de INDIRETO e ENDERE\u00c7O<\/h2><p> Voc\u00ea tamb\u00e9m pode usar a combina\u00e7\u00e3o das fun\u00e7\u00f5es INDIRETO e ENDERE\u00c7O:<\/p><ul><li> INDIRETO: Permite obter o valor da c\u00e9lula especificando o endere\u00e7o da c\u00e9lula. Voc\u00ea pode usar os estilos de refer\u00eancia A1 e R1C1.<\/li><li> ENDERE\u00c7O: permite criar um endere\u00e7o de c\u00e9lula usando o n\u00famero de linha e coluna. <\/li><\/ul><div class=\"wp-block-image\"><figure class=\"aligncenter size-full is-resized\"><img loading=\"lazy\" decoding=\"async\" class=\"wp-image-79845\" src=\"https:\/\/exceladvisor.org\/wp-content\/uploads\/2023\/08\/3-combinaison-dindirect-et-dadresse.png\" sizes=\"auto, \" srcset=\"\" alt=\"combina\u00e7\u00e3o-indireto-e-endere\u00e7o\" width=\"597\" height=\"309\"><\/figure><\/div><p> Agora vamos combinar essas duas fun\u00e7\u00f5es:<\/p><ol type=\"1\"><li> Primeiro insira a fun\u00e7\u00e3o indireta na c\u00e9lula.<\/li><li> Em seguida, insira a fun\u00e7\u00e3o de endere\u00e7o.<\/li><li> Agora, na fun\u00e7\u00e3o de endere\u00e7o, insira o n\u00famero da linha e o n\u00famero da coluna.<\/li><li> Ao final, feche a f\u00f3rmula e pressione Enter para obter o resultado.<\/li><\/ol><p> E ao pressionar enter, ele retornar\u00e1 o valor da c\u00e9lula que est\u00e1 na 2\u00aa linha e 1\u00aa coluna (A1). <\/p><div class=\"wp-block-image\"><figure class=\"aligncenter size-full is-resized\"><img loading=\"lazy\" decoding=\"async\" class=\"wp-image-79846\" src=\"https:\/\/exceladvisor.org\/wp-content\/uploads\/2023\/08\/4-resultat-de-la-fonction-dadresse-indirecte.png\" sizes=\"auto, \" srcset=\"\" alt=\"resultado da fun\u00e7\u00e3o de endere\u00e7o indireto\" width=\"669\" height=\"307\"><\/figure><\/div><p> Para entender esta f\u00f3rmula, \u00e9 necess\u00e1rio dividi-la em duas partes:<\/p><p> <strong>Parte Um:<\/strong> Como vimos anteriormente, ADDRESS cria um endere\u00e7o de c\u00e9lula com base no n\u00famero de linha e coluna que voc\u00ea especificou. <\/p><div class=\"wp-block-image\"><figure class=\"aligncenter size-full is-resized\"><img loading=\"lazy\" decoding=\"async\" class=\"wp-image-79847\" src=\"https:\/\/exceladvisor.org\/wp-content\/uploads\/2023\/08\/5-premiere-partie-dindirect-et-dadresse.png\" sizes=\"auto, \" srcset=\"\" alt=\"primeira parte de indireto e endere\u00e7o\" width=\"508\" height=\"248\"><\/figure><\/div><p> <strong>Segunda parte:<\/strong> Usando o endere\u00e7o da c\u00e9lula retornado pela fun\u00e7\u00e3o ENDERE\u00c7O, a fun\u00e7\u00e3o INDIRETO retorna o valor da c\u00e9lula. <\/p><div class=\"wp-block-image\"><figure class=\"aligncenter size-full is-resized\"><img loading=\"lazy\" decoding=\"async\" class=\"wp-image-79848\" src=\"https:\/\/exceladvisor.org\/wp-content\/uploads\/2023\/08\/6-deuxieme-partie-dindirect-et-dadresse.png\" sizes=\"auto, \" srcset=\"\" alt=\"segunda parte de indireto e endere\u00e7o\" width=\"416\" height=\"256\"><\/figure><\/div><p class=\"qt-tip\"> <strong>Nota:<\/strong> INDIRETO \u00e9 uma fun\u00e7\u00e3o vol\u00e1til, que atualiza seu valor toda vez que voc\u00ea atualiza algo em sua planilha. \u00c9 bom ter sempre o valor da c\u00e9lula atualizado, mas tamb\u00e9m deixa o Excel um pouco mais lento. <\/p><div class=\"gb-container gb-container-52dfcee1 gb-container-sample-file\"><h2 class=\"gb-headline gb-headline-e289c143 gb-headline-text gb-headline-4f7959c2\"> Obtenha o arquivo Excel<\/h2><p> <a class=\"gb-button gb-button-e88d6bee gb-button-text gb-button-button1\" href=\"https:\/\/exceladvisor.org\/wp-content\/uploads\/2023\/08\/obtenir-la-valeur-de-la-cellule.xlsx\" rel=\"nofollow\">Download<\/a><\/p><\/div><div class=\"gb-container gb-container-0df56012 gb-container-mt\"> <a class=\"gb-button gb-button-f9f432f4 gb-button-text gb-button-mt-button\" href=\"https:\/\/exceladvisor.org\/pt\/formulas\/\">Lista de f\u00f3rmulas do Excel<\/a><h2 class=\"gb-headline gb-headline-233444e8 gb-headline-text gb-headline-mt-heading\"> F\u00f3rmulas relacionadas <\/h2><div class=\"gb-grid-wrapper gb-grid-wrapper-a16fa65c gb-grid-wrapper-mt-grid\"><div class=\"gb-grid-column gb-grid-column-5b4a0cf9\"><div class=\"gb-container gb-container-5b4a0cf9\"><ul><li> <a href=\"https:\/\/exceladvisor.org\/pt\/gerar-grupos-aleatorios\/\">Gerar grupos aleat\u00f3rios<\/a><\/li><li> <a href=\"https:\/\/exceladvisor.org\/pt\/comparar-canais-2\/\">Compare duas strings (texto)<\/a><\/li><li> <a href=\"https:\/\/exceladvisor.org\/pt\/obter-dominio\/\">Obtenha o dom\u00ednio do ID de e-mail<\/a><\/li><li> <a href=\"https:\/\/exceladvisor.org\/pt\/extrair-apenas-numeros\/\">Extraia apenas n\u00fameros do texto (string)<\/a><\/li><li> <a href=\"https:\/\/exceladvisor.org\/pt\/texto-depois-antes\/\">Extraia texto antes e depois de um caractere no Excel<\/a><\/li><\/ul><\/div><\/div><\/div><\/div>","protected":false},"excerpt":{"rendered":"","protected":false},"author":1,"featured_media":0,"parent":0,"menu_order":0,"comment_status":"open","ping_status":"closed","template":"","meta":{"ub_ctt_via":"","footnotes":""},"class_list":["post-212","page","type-page","status-publish","hentry"],"featured_image_src":null,"yoast_head":"<!-- This site is optimized with the Yoast SEO plugin v25.4 - https:\/\/yoast.com\/wordpress\/plugins\/seo\/ -->\n<title>Obtenha o valor de uma c\u00e9lula no Excel<\/title>\n<meta name=\"description\" content=\"Este tutorial ensinar\u00e1 como escrever uma f\u00f3rmula Excel para obter o valor de uma c\u00e9lula espec\u00edfica. Vamos verificar isso\u2026\" \/>\n<meta name=\"robots\" content=\"index, follow, max-snippet:-1, max-image-preview:large, max-video-preview:-1\" \/>\n<link rel=\"canonical\" href=\"https:\/\/exceladvisor.org\/pt\/valor-da-celula-1\/\" \/>\n<meta property=\"og:locale\" content=\"pt_PT\" \/>\n<meta property=\"og:type\" content=\"article\" \/>\n<meta property=\"og:title\" content=\"Obtenha o valor de uma c\u00e9lula no Excel\" \/>\n<meta property=\"og:description\" content=\"Este tutorial ensinar\u00e1 como escrever uma f\u00f3rmula Excel para obter o valor de uma c\u00e9lula espec\u00edfica. Vamos verificar isso\u2026\" \/>\n<meta property=\"og:url\" content=\"https:\/\/exceladvisor.org\/pt\/valor-da-celula-1\/\" \/>\n<meta property=\"og:site_name\" content=\"Excel Advisor\" \/>\n<meta property=\"article:modified_time\" content=\"2023-12-06T11:51:21+00:00\" \/>\n<meta property=\"og:image\" content=\"https:\/\/exceladvisor.org\/wp-content\/uploads\/2023\/08\/1-obtenir-la-valeur-dune-cellule.png\" \/>\n<meta name=\"twitter:card\" content=\"summary_large_image\" \/>\n<meta name=\"twitter:label1\" content=\"Tempo estimado de leitura\" \/>\n\t<meta name=\"twitter:data1\" content=\"2 minutos\" \/>\n<script type=\"application\/ld+json\" class=\"yoast-schema-graph\">{\"@context\":\"https:\/\/schema.org\",\"@graph\":[{\"@type\":\"WebPage\",\"@id\":\"https:\/\/exceladvisor.org\/pt\/valor-da-celula-1\/\",\"url\":\"https:\/\/exceladvisor.org\/pt\/valor-da-celula-1\/\",\"name\":\"Obtenha o valor de uma c\u00e9lula no Excel\",\"isPartOf\":{\"@id\":\"https:\/\/exceladvisor.org\/pt\/#website\"},\"primaryImageOfPage\":{\"@id\":\"https:\/\/exceladvisor.org\/pt\/valor-da-celula-1\/#primaryimage\"},\"image\":{\"@id\":\"https:\/\/exceladvisor.org\/pt\/valor-da-celula-1\/#primaryimage\"},\"thumbnailUrl\":\"https:\/\/exceladvisor.org\/wp-content\/uploads\/2023\/08\/1-obtenir-la-valeur-dune-cellule.png\",\"datePublished\":\"2023-11-11T12:56:33+00:00\",\"dateModified\":\"2023-12-06T11:51:21+00:00\",\"description\":\"Este tutorial ensinar\u00e1 como escrever uma f\u00f3rmula Excel para obter o valor de uma c\u00e9lula espec\u00edfica. Vamos verificar isso\u2026\",\"breadcrumb\":{\"@id\":\"https:\/\/exceladvisor.org\/pt\/valor-da-celula-1\/#breadcrumb\"},\"inLanguage\":\"pt-PT\",\"potentialAction\":[{\"@type\":\"ReadAction\",\"target\":[\"https:\/\/exceladvisor.org\/pt\/valor-da-celula-1\/\"]}]},{\"@type\":\"ImageObject\",\"inLanguage\":\"pt-PT\",\"@id\":\"https:\/\/exceladvisor.org\/pt\/valor-da-celula-1\/#primaryimage\",\"url\":\"https:\/\/exceladvisor.org\/wp-content\/uploads\/2023\/08\/1-obtenir-la-valeur-dune-cellule.png\",\"contentUrl\":\"https:\/\/exceladvisor.org\/wp-content\/uploads\/2023\/08\/1-obtenir-la-valeur-dune-cellule.png\"},{\"@type\":\"BreadcrumbList\",\"@id\":\"https:\/\/exceladvisor.org\/pt\/valor-da-celula-1\/#breadcrumb\",\"itemListElement\":[{\"@type\":\"ListItem\",\"position\":1,\"name\":\"Lar\",\"item\":\"https:\/\/exceladvisor.org\/pt\/\"},{\"@type\":\"ListItem\",\"position\":2,\"name\":\"Obtenha o valor de uma c\u00e9lula no excel\"}]},{\"@type\":\"WebSite\",\"@id\":\"https:\/\/exceladvisor.org\/pt\/#website\",\"url\":\"https:\/\/exceladvisor.org\/pt\/\",\"name\":\"Excel Advisor\",\"description\":\"O seu guia definitivo para dominar os dados!\",\"publisher\":{\"@id\":\"https:\/\/exceladvisor.org\/pt\/#organization\"},\"potentialAction\":[{\"@type\":\"SearchAction\",\"target\":{\"@type\":\"EntryPoint\",\"urlTemplate\":\"https:\/\/exceladvisor.org\/pt\/?s={search_term_string}\"},\"query-input\":{\"@type\":\"PropertyValueSpecification\",\"valueRequired\":true,\"valueName\":\"search_term_string\"}}],\"inLanguage\":\"pt-PT\"},{\"@type\":\"Organization\",\"@id\":\"https:\/\/exceladvisor.org\/pt\/#organization\",\"name\":\"Excel Advisor\",\"url\":\"https:\/\/exceladvisor.org\/pt\/\",\"logo\":{\"@type\":\"ImageObject\",\"inLanguage\":\"pt-PT\",\"@id\":\"https:\/\/exceladvisor.org\/pt\/#\/schema\/logo\/image\/\",\"url\":\"https:\/\/exceladvisor.org\/pt\/wp-content\/uploads\/2023\/12\/exceladvisor.org_.png\",\"contentUrl\":\"https:\/\/exceladvisor.org\/pt\/wp-content\/uploads\/2023\/12\/exceladvisor.org_.png\",\"width\":105,\"height\":36,\"caption\":\"Excel Advisor\"},\"image\":{\"@id\":\"https:\/\/exceladvisor.org\/pt\/#\/schema\/logo\/image\/\"}}]}<\/script>\n<!-- \/ Yoast SEO plugin. -->","yoast_head_json":{"title":"Obtenha o valor de uma c\u00e9lula no Excel","description":"Este tutorial ensinar\u00e1 como escrever uma f\u00f3rmula Excel para obter o valor de uma c\u00e9lula espec\u00edfica. Vamos verificar isso\u2026","robots":{"index":"index","follow":"follow","max-snippet":"max-snippet:-1","max-image-preview":"max-image-preview:large","max-video-preview":"max-video-preview:-1"},"canonical":"https:\/\/exceladvisor.org\/pt\/valor-da-celula-1\/","og_locale":"pt_PT","og_type":"article","og_title":"Obtenha o valor de uma c\u00e9lula no Excel","og_description":"Este tutorial ensinar\u00e1 como escrever uma f\u00f3rmula Excel para obter o valor de uma c\u00e9lula espec\u00edfica. Vamos verificar isso\u2026","og_url":"https:\/\/exceladvisor.org\/pt\/valor-da-celula-1\/","og_site_name":"Excel Advisor","article_modified_time":"2023-12-06T11:51:21+00:00","og_image":[{"url":"https:\/\/exceladvisor.org\/wp-content\/uploads\/2023\/08\/1-obtenir-la-valeur-dune-cellule.png","type":"","width":"","height":""}],"twitter_card":"summary_large_image","twitter_misc":{"Tempo estimado de leitura":"2 minutos"},"schema":{"@context":"https:\/\/schema.org","@graph":[{"@type":"WebPage","@id":"https:\/\/exceladvisor.org\/pt\/valor-da-celula-1\/","url":"https:\/\/exceladvisor.org\/pt\/valor-da-celula-1\/","name":"Obtenha o valor de uma c\u00e9lula no Excel","isPartOf":{"@id":"https:\/\/exceladvisor.org\/pt\/#website"},"primaryImageOfPage":{"@id":"https:\/\/exceladvisor.org\/pt\/valor-da-celula-1\/#primaryimage"},"image":{"@id":"https:\/\/exceladvisor.org\/pt\/valor-da-celula-1\/#primaryimage"},"thumbnailUrl":"https:\/\/exceladvisor.org\/wp-content\/uploads\/2023\/08\/1-obtenir-la-valeur-dune-cellule.png","datePublished":"2023-11-11T12:56:33+00:00","dateModified":"2023-12-06T11:51:21+00:00","description":"Este tutorial ensinar\u00e1 como escrever uma f\u00f3rmula Excel para obter o valor de uma c\u00e9lula espec\u00edfica. Vamos verificar isso\u2026","breadcrumb":{"@id":"https:\/\/exceladvisor.org\/pt\/valor-da-celula-1\/#breadcrumb"},"inLanguage":"pt-PT","potentialAction":[{"@type":"ReadAction","target":["https:\/\/exceladvisor.org\/pt\/valor-da-celula-1\/"]}]},{"@type":"ImageObject","inLanguage":"pt-PT","@id":"https:\/\/exceladvisor.org\/pt\/valor-da-celula-1\/#primaryimage","url":"https:\/\/exceladvisor.org\/wp-content\/uploads\/2023\/08\/1-obtenir-la-valeur-dune-cellule.png","contentUrl":"https:\/\/exceladvisor.org\/wp-content\/uploads\/2023\/08\/1-obtenir-la-valeur-dune-cellule.png"},{"@type":"BreadcrumbList","@id":"https:\/\/exceladvisor.org\/pt\/valor-da-celula-1\/#breadcrumb","itemListElement":[{"@type":"ListItem","position":1,"name":"Lar","item":"https:\/\/exceladvisor.org\/pt\/"},{"@type":"ListItem","position":2,"name":"Obtenha o valor de uma c\u00e9lula no excel"}]},{"@type":"WebSite","@id":"https:\/\/exceladvisor.org\/pt\/#website","url":"https:\/\/exceladvisor.org\/pt\/","name":"Excel Advisor","description":"O seu guia definitivo para dominar os dados!","publisher":{"@id":"https:\/\/exceladvisor.org\/pt\/#organization"},"potentialAction":[{"@type":"SearchAction","target":{"@type":"EntryPoint","urlTemplate":"https:\/\/exceladvisor.org\/pt\/?s={search_term_string}"},"query-input":{"@type":"PropertyValueSpecification","valueRequired":true,"valueName":"search_term_string"}}],"inLanguage":"pt-PT"},{"@type":"Organization","@id":"https:\/\/exceladvisor.org\/pt\/#organization","name":"Excel Advisor","url":"https:\/\/exceladvisor.org\/pt\/","logo":{"@type":"ImageObject","inLanguage":"pt-PT","@id":"https:\/\/exceladvisor.org\/pt\/#\/schema\/logo\/image\/","url":"https:\/\/exceladvisor.org\/pt\/wp-content\/uploads\/2023\/12\/exceladvisor.org_.png","contentUrl":"https:\/\/exceladvisor.org\/pt\/wp-content\/uploads\/2023\/12\/exceladvisor.org_.png","width":105,"height":36,"caption":"Excel Advisor"},"image":{"@id":"https:\/\/exceladvisor.org\/pt\/#\/schema\/logo\/image\/"}}]}},"yoast_meta":{"yoast_wpseo_title":"","yoast_wpseo_metadesc":"","yoast_wpseo_canonical":""},"_links":{"self":[{"href":"https:\/\/exceladvisor.org\/pt\/wp-json\/wp\/v2\/pages\/212","targetHints":{"allow":["GET"]}}],"collection":[{"href":"https:\/\/exceladvisor.org\/pt\/wp-json\/wp\/v2\/pages"}],"about":[{"href":"https:\/\/exceladvisor.org\/pt\/wp-json\/wp\/v2\/types\/page"}],"author":[{"embeddable":true,"href":"https:\/\/exceladvisor.org\/pt\/wp-json\/wp\/v2\/users\/1"}],"replies":[{"embeddable":true,"href":"https:\/\/exceladvisor.org\/pt\/wp-json\/wp\/v2\/comments?post=212"}],"version-history":[{"count":1,"href":"https:\/\/exceladvisor.org\/pt\/wp-json\/wp\/v2\/pages\/212\/revisions"}],"predecessor-version":[{"id":1469,"href":"https:\/\/exceladvisor.org\/pt\/wp-json\/wp\/v2\/pages\/212\/revisions\/1469"}],"wp:attachment":[{"href":"https:\/\/exceladvisor.org\/pt\/wp-json\/wp\/v2\/media?parent=212"}],"curies":[{"name":"wp","href":"https:\/\/api.w.org\/{rel}","templated":true}]}}