{"id":213,"date":"2023-11-11T12:42:47","date_gmt":"2023-11-11T12:42:47","guid":{"rendered":"https:\/\/exceladvisor.org\/pt\/caminho-do-arquivo-2\/"},"modified":"2023-12-06T11:51:20","modified_gmt":"2023-12-06T11:51:20","slug":"caminho-do-arquivo-2","status":"publish","type":"page","link":"https:\/\/exceladvisor.org\/pt\/caminho-do-arquivo-2\/","title":{"rendered":"Obtenha o caminho do arquivo no excel"},"content":{"rendered":"<div class=\"excel-before-content-2\" id=\"excel-1254679055\"><script type=\"text\/javascript\">\r\n\tatOptions = {\r\n\t\t'key' : 'c1158f160081d6540a8409e6925dab94',\r\n\t\t'format' : 'iframe',\r\n\t\t'height' : 250,\r\n\t\t'width' : 300,\r\n\t\t'params' : {}\r\n\t};\r\n<\/script>\r\n<script type=\"text\/javascript\" src=\"\/\/www.highperformanceformat.com\/c1158f160081d6540a8409e6925dab94\/invoke.js\"><\/script><\/div><div class=\"excel-before-content\" id=\"excel-3728574571\"><script type=\"text\/javascript\">\r\n\tatOptions = {\r\n\t\t'key' : 'c1158f160081d6540a8409e6925dab94',\r\n\t\t'format' : 'iframe',\r\n\t\t'height' : 250,\r\n\t\t'width' : 300,\r\n\t\t'params' : {}\r\n\t};\r\n<\/script>\r\n<script type=\"text\/javascript\" src=\"\/\/www.highperformanceformat.com\/c1158f160081d6540a8409e6925dab94\/invoke.js\"><\/script><\/div> <p>Para obter o caminho de um arquivo Excel, voc\u00ea precisa usar a fun\u00e7\u00e3o CELL junto com outras tr\u00eas fun\u00e7\u00f5es (LEN, SEARCH e SUBSTITUTE). CELL ajuda voc\u00ea a obter o caminho completo do arquivo, incluindo o nome do arquivo e o nome da planilha. E voc\u00ea precisa usar o restante das fun\u00e7\u00f5es para extrair apenas o caminho do arquivo. <\/p><div class=\"wp-block-image\"><figure class=\"aligncenter size-full is-resized\"><img loading=\"lazy\" decoding=\"async\" class=\"wp-image-80216\" src=\"https:\/\/exceladvisor.org\/wp-content\/uploads\/2023\/08\/1-obtenir-le-chemin-du-fichier.png\" sizes=\"auto, \" srcset=\"\" alt=\"obter caminho do arquivo\" width=\"709\" height=\"259\"><\/figure><\/div><p> Neste tutorial, veremos como obter o caminho do arquivo de tr\u00eas maneiras diferentes.<\/p><p class=\"qt-tip\"> <strong>Importante:<\/strong> salve seu arquivo Excel antes de usar qualquer uma dessas f\u00f3rmulas. N\u00e3o \u00e9 poss\u00edvel obter o caminho do arquivo, a menos que voc\u00ea o salve em algum lugar.<\/p><h2 id=\"h-get-path-with-the-file-and-sheet-name\" class=\"wp-block-heading\"> Obtenha o caminho com o nome do arquivo e da planilha<\/h2><p> Voc\u00ea pode usar as etapas abaixo:<\/p><ol type=\"1\"><li> Primeiro, salve sua pasta de trabalho e d\u00ea um nome a ela.<\/li><li> Depois disso, insira a fun\u00e7\u00e3o CELL na c\u00e9lula.<\/li><li> A partir da\u00ed, selecione o info_type \u201cnome do arquivo\u201d e deixe a refer\u00eancia em branco.<\/li><li> Ao final, feche a fun\u00e7\u00e3o e pressione Enter para obter o resultado.<\/li><\/ol><pre class=\"wp-block-code\"> <code class=\"language-excel-formula\" lang=\"excel-formula\">=CELL(\"filename\")<\/code><\/pre><p> No momento em que voc\u00ea pressiona Enter, ele retorna o caminho do arquivo com o nome da pasta de trabalho e o nome da planilha no resultado. <\/p><div class=\"wp-block-image\"><figure class=\"aligncenter size-full is-resized\"><img loading=\"lazy\" decoding=\"async\" class=\"wp-image-80217\" src=\"https:\/\/exceladvisor.org\/wp-content\/uploads\/2023\/08\/2-obtenir-le-chemin-avec-le-nom-du-fichier-et-de-la-feuille.png\" sizes=\"auto, \" srcset=\"\" alt=\"obter caminho com nome de arquivo e planilha\" width=\"543\" height=\"232\"><\/figure><\/div><h2 id=\"h-get-path-only-with-workbook-name\" class=\"wp-block-heading\"> Obtenha o caminho apenas com o nome da pasta de trabalho<\/h2><p> Nessa situa\u00e7\u00e3o, voc\u00ea precisa remover o nome da planilha do caminho. E para isso voc\u00ea precisa usar LEFT, SEARCH e SUBSTITUTE. <\/p><div class=\"wp-block-image\"><figure class=\"aligncenter size-full is-resized\"><img loading=\"lazy\" decoding=\"async\" class=\"wp-image-80218\" src=\"https:\/\/exceladvisor.org\/wp-content\/uploads\/2023\/08\/3-obtenir-le-chemin-uniquement-avec-le-nom-du-classeur.png\" sizes=\"auto, \" srcset=\"\" alt=\"obter caminho somente com nome da pasta de trabalho\" width=\"771\" height=\"210\"><\/figure><\/div><pre class=\"wp-block-code\"> <code class=\"language-excel-formula\" lang=\"excel-formula\">=SUBSTITUTE(LEFT(CELL(\"filename\"),SEARCH(\"]\",CELL(\"filename\"))-1),\"[\",\"\")<\/code><\/pre><p> Agora, para entender essa f\u00f3rmula, \u00e9 preciso dividi-la:<\/p><ol><li> Na primeira parte, insira a fun\u00e7\u00e3o CELL em uma c\u00e9lula e use o nome do arquivo no argumento info_type. <br><img loading=\"lazy\" decoding=\"async\" title=\"Fun\u00e7\u00e3o de entrada de 4 c\u00e9lulas\" src=\"https:\/\/exceladvisor.org\/wp-content\/uploads\/2023\/08\/4-entrez-la-fonction-de-cellule.png\" sizes=\"auto, \" srcset=\"\" alt=\"enter-cell-function\" width=\"615\" height=\"212\"><\/li><li> Agora use a fun\u00e7\u00e3o SEARCH para obter a posi\u00e7\u00e3o do colchete de fechamento \u201c]\u201d do caminho completo. <br><img loading=\"lazy\" decoding=\"async\" title=\"5 fun\u00e7\u00f5es de pesquisa para obter posi\u00e7\u00e3o\" src=\"https:\/\/exceladvisor.org\/wp-content\/uploads\/2023\/08\/5-fonction-de-recherche-pour-obtenir-la-position.png\" sizes=\"auto, \" srcset=\"\" alt=\"search-function-to-get-the-position\" width=\"656\" height=\"220\"><\/li><li> Depois disso, usando a posi\u00e7\u00e3o retornada por SEARCH, voc\u00ea precisa usar LEFT para obter o resto da parte do caminho excluindo a parte ap\u00f3s o colchete final. <br><img loading=\"lazy\" decoding=\"async\" title=\"6-use-a-esquerda-para-pegar-o-resto\" src=\"https:\/\/exceladvisor.org\/wp-content\/uploads\/2023\/08\/6-utilisez-la-gauche-pour-obtenir-la-partie-de-repos.png\" sizes=\"auto, \" srcset=\"\" alt=\"use-left-to-get-rest-part\" width=\"664\" height=\"226\"><\/li><li> A seguir, precisamos usar REPLACEMENT para substituir a m\u00eddia inicial. <br><img loading=\"lazy\" decoding=\"async\" title=\"7-substituir-para-substituir-o-suporte-de-pe\u00e7a\" src=\"https:\/\/exceladvisor.org\/wp-content\/uploads\/2023\/08\/7-substitut-pour-remplacer-le-support-de-depart.png\" sizes=\"auto, \" srcset=\"\" alt=\"substitute-to-replace-starting-bracket\" width=\"724\" height=\"240\"><\/li><li> No final, em vez de se referir \u00e0 c\u00e9lula A1, substitua-a pela fun\u00e7\u00e3o CELL atual. <br><img loading=\"lazy\" decoding=\"async\" title=\"8-substituir refer\u00eancia por fun\u00e7\u00e3o de c\u00e9lula\" src=\"https:\/\/exceladvisor.org\/wp-content\/uploads\/2023\/08\/8-remplacer-la-reference-par-la-fonction-de-cellule.png\" sizes=\"auto, \" srcset=\"\" alt=\"replace-reference-with-cell-function\" width=\"716\" height=\"203\"><\/li><\/ol><h2 id=\"h-get-file-path-only\" class=\"wp-block-heading\"> Obtenha apenas o caminho do arquivo<\/h2><p> Agora digamos que voc\u00ea s\u00f3 precisa do caminho para o nome da pasta. Para isso, deve-se utilizar a C\u00c9LULA com as fun\u00e7\u00f5es SUBSTITUTE, LEN, RIGHT e SEARCH. <\/p><pre class=\"wp-block-code\"> <code class=\"language-excel-formula\" lang=\"excel-formula\">=SUBSTITUTE(CELL(\"filename\"), RIGHT(CELL(\"filename\"),LEN(CELL(\"filename\"))-SEARCH(\"[\",CELL(\"filename\"))+1),\"\")<\/code><\/pre><div class=\"wp-block-image\"><figure class=\"aligncenter size-full is-resized\"><img loading=\"lazy\" decoding=\"async\" class=\"wp-image-80224\" src=\"https:\/\/exceladvisor.org\/wp-content\/uploads\/2023\/08\/9-obtenir-le-chemin-du-fichier-uniquement.png\" sizes=\"auto, \" srcset=\"\" alt=\"obter apenas caminho do arquivo\" width=\"722\" height=\"254\"><\/figure><\/div><p> Para entender esta f\u00f3rmula, voc\u00ea precisa dividi-la:<\/p><ol><li> Primeiro, insira a fun\u00e7\u00e3o CELL em uma c\u00e9lula e use o nome de arquivo info_type. <br><img loading=\"lazy\" decoding=\"async\" title=\"Fun\u00e7\u00e3o de 10 primeiras entradas na c\u00e9lula\" src=\"https:\/\/exceladvisor.org\/wp-content\/uploads\/2023\/08\/10-premiere-fonction-de-cellule-dentree.png\" sizes=\"auto, \" srcset=\"\" alt=\"first-enter-cell-function\" width=\"576\" height=\"215\"><\/li><li> Agora use a fun\u00e7\u00e3o SEARCH para obter a posi\u00e7\u00e3o do colchete inicial e adicione 1 a ele. <br><img loading=\"lazy\" decoding=\"async\" title=\"11-use-pesquisa-para-obter-posi\u00e7\u00e3o\" src=\"https:\/\/exceladvisor.org\/wp-content\/uploads\/2023\/08\/11-utiliser-la-recherche-pour-obtenir-la-position.png\" sizes=\"auto, \" srcset=\"\" alt=\"use-search-to-get-the-position\" width=\"570\" height=\"229\"><\/li><li> Depois disso, use a fun\u00e7\u00e3o LEN para obter o n\u00famero total de caracteres no caminho. E subtraia do n\u00famero da posi\u00e7\u00e3o retornado por SEARCH. <br><img loading=\"lazy\" decoding=\"async\" title=\"12 len para obter o n\u00famero total de caracteres\" src=\"https:\/\/exceladvisor.org\/wp-content\/uploads\/2023\/08\/12-len-pour-obtenir-le-nombre-total-de-caracteres.png\" sizes=\"auto, \" srcset=\"\" alt=\"len-to-get-total-characters-number\" width=\"605\" height=\"242\"><\/li><li> Em seguida, use a fun\u00e7\u00e3o RIGHT para obter o nome do arquivo e o nome da planilha do caminho completo. \u00c0 DIREITA, consulte o caminho completo e use o n\u00famero retornado subtraindo LEN e SEARCH por [char_num]. <br><img loading=\"lazy\" decoding=\"async\" title=\"13-fun\u00e7\u00e3o-direita para obter o nome do arquivo\" src=\"https:\/\/exceladvisor.org\/wp-content\/uploads\/2023\/08\/13-bonne-fonction-pour-obtenir-le-nom-du-fichier.png\" sizes=\"auto, \" srcset=\"\" alt=\"right-function-to-get-the-file-name\" width=\"615\" height=\"249\"><\/li><li> A partir da\u00ed, use REPLACEMENT para substituir o nome do arquivo e da planilha por um valor vazio do caminho original. <br><img loading=\"lazy\" decoding=\"async\" title=\"14-substituto-para-substituir-fila-e-nome-da-planilha\" src=\"https:\/\/exceladvisor.org\/wp-content\/uploads\/2023\/08\/14-substitut-pour-remplacer-fila-et-le-nom-de-la-feuille-de-calcul.png\" sizes=\"auto, \" srcset=\"\" alt=\"substitute-to-replace-file-and-worksheet-name\" width=\"564\" height=\"243\"><\/li><li> No final, substitua a refer\u00eancia de c\u00e9lula A1 da f\u00f3rmula pela fun\u00e7\u00e3o CELL que voc\u00ea tem na c\u00e9lula A1 para obt\u00ea-la em uma f\u00f3rmula. <br><img loading=\"lazy\" decoding=\"async\" title=\"15-substituir refer\u00eancia de c\u00e9lula por fun\u00e7\u00e3o de c\u00e9lula1\" src=\"https:\/\/exceladvisor.org\/wp-content\/uploads\/2023\/08\/15-remplacer-la-reference-de-cellule-par-la-fonction-de-cellule1.png\" sizes=\"auto, \" srcset=\"\" alt=\"replace-cell-reference-with-cell-function\" width=\"621\" height=\"155\"><\/li><\/ol><div class=\"gb-container gb-container-52dfcee1 gb-container-sample-file\"><h2 class=\"gb-headline gb-headline-e289c143 gb-headline-text gb-headline-4f7959c2\"> Obtenha o arquivo Excel<\/h2> <a class=\"gb-button gb-button-e88d6bee gb-button-text gb-button-button1\" href=\"https:\/\/exceladvisor.org\/wp-content\/uploads\/2023\/08\/chemin-du-fichier.xlsx\" rel=\"nofollow\">Download<\/a><\/div><div class=\"gb-container gb-container-0df56012 gb-container-mt\"> <a class=\"gb-button gb-button-f9f432f4 gb-button-text gb-button-mt-button\" href=\"https:\/\/exceladvisor.org\/pt\/formulas\/\">Lista de f\u00f3rmulas do Excel<\/a><h2 class=\"gb-headline gb-headline-233444e8 gb-headline-text gb-headline-mt-heading\"> F\u00f3rmulas relacionadas <\/h2><div class=\"gb-grid-wrapper gb-grid-wrapper-a16fa65c gb-grid-wrapper-mt-grid\"><div class=\"gb-grid-column gb-grid-column-50d07e0d\"><div class=\"gb-container gb-container-50d07e0d\"><ul><li> <a href=\"https:\/\/exceladvisor.org\/pt\/filtro-horizontal\/\">Crie um filtro horizontal no Excel<\/a><\/li><li> <a href=\"https:\/\/exceladvisor.org\/pt\/classificacao-por-estrelas\/\">Crie um modelo de classifica\u00e7\u00e3o por estrelas no Excel<\/a><\/li><li> <a href=\"https:\/\/exceladvisor.org\/pt\/obter-o-nome-do-arquivo\/\">Obtenha o nome do arquivo no Excel<\/a><\/li><li> <a href=\"https:\/\/exceladvisor.org\/pt\/obter-o-nome-da-planilha\/\">Obtenha o nome da planilha no Excel<\/a><\/li><li> <a href=\"https:\/\/exceladvisor.org\/pt\/gerar-letras-aleatorias\/\">Gere letras aleat\u00f3rias rapidamente no Excel<\/a><\/li><\/ul><\/div><\/div><\/div><\/div>","protected":false},"excerpt":{"rendered":"","protected":false},"author":1,"featured_media":0,"parent":0,"menu_order":0,"comment_status":"open","ping_status":"closed","template":"","meta":{"ub_ctt_via":"","footnotes":""},"class_list":["post-213","page","type-page","status-publish","hentry"],"featured_image_src":null,"yoast_head":"<!-- This site is optimized with the Yoast SEO plugin v25.4 - https:\/\/yoast.com\/wordpress\/plugins\/seo\/ -->\n<title>Obtenha o caminho do arquivo no Excel<\/title>\n<meta name=\"description\" content=\"Este tutorial vai te ensinar como escrever uma f\u00f3rmula Excel para obter o caminho onde o arquivo foi salvo. Vamos verificar isso\u2026\" \/>\n<meta name=\"robots\" content=\"index, follow, max-snippet:-1, max-image-preview:large, max-video-preview:-1\" \/>\n<link rel=\"canonical\" href=\"https:\/\/exceladvisor.org\/pt\/caminho-do-arquivo-2\/\" \/>\n<meta property=\"og:locale\" content=\"pt_PT\" \/>\n<meta property=\"og:type\" content=\"article\" \/>\n<meta property=\"og:title\" content=\"Obtenha o caminho do arquivo no Excel\" \/>\n<meta property=\"og:description\" content=\"Este tutorial vai te ensinar como escrever uma f\u00f3rmula Excel para obter o caminho onde o arquivo foi salvo. Vamos verificar isso\u2026\" \/>\n<meta property=\"og:url\" content=\"https:\/\/exceladvisor.org\/pt\/caminho-do-arquivo-2\/\" \/>\n<meta property=\"og:site_name\" content=\"Excel Advisor\" \/>\n<meta property=\"article:modified_time\" content=\"2023-12-06T11:51:20+00:00\" \/>\n<meta property=\"og:image\" content=\"https:\/\/exceladvisor.org\/wp-content\/uploads\/2023\/08\/1-obtenir-le-chemin-du-fichier.png\" \/>\n<meta name=\"twitter:card\" content=\"summary_large_image\" \/>\n<meta name=\"twitter:label1\" content=\"Tempo estimado de leitura\" \/>\n\t<meta name=\"twitter:data1\" content=\"3 minutos\" \/>\n<script type=\"application\/ld+json\" class=\"yoast-schema-graph\">{\"@context\":\"https:\/\/schema.org\",\"@graph\":[{\"@type\":\"WebPage\",\"@id\":\"https:\/\/exceladvisor.org\/pt\/caminho-do-arquivo-2\/\",\"url\":\"https:\/\/exceladvisor.org\/pt\/caminho-do-arquivo-2\/\",\"name\":\"Obtenha o caminho do arquivo no Excel\",\"isPartOf\":{\"@id\":\"https:\/\/exceladvisor.org\/pt\/#website\"},\"primaryImageOfPage\":{\"@id\":\"https:\/\/exceladvisor.org\/pt\/caminho-do-arquivo-2\/#primaryimage\"},\"image\":{\"@id\":\"https:\/\/exceladvisor.org\/pt\/caminho-do-arquivo-2\/#primaryimage\"},\"thumbnailUrl\":\"https:\/\/exceladvisor.org\/wp-content\/uploads\/2023\/08\/1-obtenir-le-chemin-du-fichier.png\",\"datePublished\":\"2023-11-11T12:42:47+00:00\",\"dateModified\":\"2023-12-06T11:51:20+00:00\",\"description\":\"Este tutorial vai te ensinar como escrever uma f\u00f3rmula Excel para obter o caminho onde o arquivo foi salvo. Vamos verificar isso\u2026\",\"breadcrumb\":{\"@id\":\"https:\/\/exceladvisor.org\/pt\/caminho-do-arquivo-2\/#breadcrumb\"},\"inLanguage\":\"pt-PT\",\"potentialAction\":[{\"@type\":\"ReadAction\",\"target\":[\"https:\/\/exceladvisor.org\/pt\/caminho-do-arquivo-2\/\"]}]},{\"@type\":\"ImageObject\",\"inLanguage\":\"pt-PT\",\"@id\":\"https:\/\/exceladvisor.org\/pt\/caminho-do-arquivo-2\/#primaryimage\",\"url\":\"https:\/\/exceladvisor.org\/wp-content\/uploads\/2023\/08\/1-obtenir-le-chemin-du-fichier.png\",\"contentUrl\":\"https:\/\/exceladvisor.org\/wp-content\/uploads\/2023\/08\/1-obtenir-le-chemin-du-fichier.png\"},{\"@type\":\"BreadcrumbList\",\"@id\":\"https:\/\/exceladvisor.org\/pt\/caminho-do-arquivo-2\/#breadcrumb\",\"itemListElement\":[{\"@type\":\"ListItem\",\"position\":1,\"name\":\"Lar\",\"item\":\"https:\/\/exceladvisor.org\/pt\/\"},{\"@type\":\"ListItem\",\"position\":2,\"name\":\"Obtenha o caminho do arquivo no excel\"}]},{\"@type\":\"WebSite\",\"@id\":\"https:\/\/exceladvisor.org\/pt\/#website\",\"url\":\"https:\/\/exceladvisor.org\/pt\/\",\"name\":\"Excel Advisor\",\"description\":\"O seu guia definitivo para dominar os dados!\",\"publisher\":{\"@id\":\"https:\/\/exceladvisor.org\/pt\/#organization\"},\"potentialAction\":[{\"@type\":\"SearchAction\",\"target\":{\"@type\":\"EntryPoint\",\"urlTemplate\":\"https:\/\/exceladvisor.org\/pt\/?s={search_term_string}\"},\"query-input\":{\"@type\":\"PropertyValueSpecification\",\"valueRequired\":true,\"valueName\":\"search_term_string\"}}],\"inLanguage\":\"pt-PT\"},{\"@type\":\"Organization\",\"@id\":\"https:\/\/exceladvisor.org\/pt\/#organization\",\"name\":\"Excel Advisor\",\"url\":\"https:\/\/exceladvisor.org\/pt\/\",\"logo\":{\"@type\":\"ImageObject\",\"inLanguage\":\"pt-PT\",\"@id\":\"https:\/\/exceladvisor.org\/pt\/#\/schema\/logo\/image\/\",\"url\":\"https:\/\/exceladvisor.org\/pt\/wp-content\/uploads\/2023\/12\/exceladvisor.org_.png\",\"contentUrl\":\"https:\/\/exceladvisor.org\/pt\/wp-content\/uploads\/2023\/12\/exceladvisor.org_.png\",\"width\":105,\"height\":36,\"caption\":\"Excel Advisor\"},\"image\":{\"@id\":\"https:\/\/exceladvisor.org\/pt\/#\/schema\/logo\/image\/\"}}]}<\/script>\n<!-- \/ Yoast SEO plugin. -->","yoast_head_json":{"title":"Obtenha o caminho do arquivo no Excel","description":"Este tutorial vai te ensinar como escrever uma f\u00f3rmula Excel para obter o caminho onde o arquivo foi salvo. Vamos verificar isso\u2026","robots":{"index":"index","follow":"follow","max-snippet":"max-snippet:-1","max-image-preview":"max-image-preview:large","max-video-preview":"max-video-preview:-1"},"canonical":"https:\/\/exceladvisor.org\/pt\/caminho-do-arquivo-2\/","og_locale":"pt_PT","og_type":"article","og_title":"Obtenha o caminho do arquivo no Excel","og_description":"Este tutorial vai te ensinar como escrever uma f\u00f3rmula Excel para obter o caminho onde o arquivo foi salvo. Vamos verificar isso\u2026","og_url":"https:\/\/exceladvisor.org\/pt\/caminho-do-arquivo-2\/","og_site_name":"Excel Advisor","article_modified_time":"2023-12-06T11:51:20+00:00","og_image":[{"url":"https:\/\/exceladvisor.org\/wp-content\/uploads\/2023\/08\/1-obtenir-le-chemin-du-fichier.png","type":"","width":"","height":""}],"twitter_card":"summary_large_image","twitter_misc":{"Tempo estimado de leitura":"3 minutos"},"schema":{"@context":"https:\/\/schema.org","@graph":[{"@type":"WebPage","@id":"https:\/\/exceladvisor.org\/pt\/caminho-do-arquivo-2\/","url":"https:\/\/exceladvisor.org\/pt\/caminho-do-arquivo-2\/","name":"Obtenha o caminho do arquivo no Excel","isPartOf":{"@id":"https:\/\/exceladvisor.org\/pt\/#website"},"primaryImageOfPage":{"@id":"https:\/\/exceladvisor.org\/pt\/caminho-do-arquivo-2\/#primaryimage"},"image":{"@id":"https:\/\/exceladvisor.org\/pt\/caminho-do-arquivo-2\/#primaryimage"},"thumbnailUrl":"https:\/\/exceladvisor.org\/wp-content\/uploads\/2023\/08\/1-obtenir-le-chemin-du-fichier.png","datePublished":"2023-11-11T12:42:47+00:00","dateModified":"2023-12-06T11:51:20+00:00","description":"Este tutorial vai te ensinar como escrever uma f\u00f3rmula Excel para obter o caminho onde o arquivo foi salvo. Vamos verificar isso\u2026","breadcrumb":{"@id":"https:\/\/exceladvisor.org\/pt\/caminho-do-arquivo-2\/#breadcrumb"},"inLanguage":"pt-PT","potentialAction":[{"@type":"ReadAction","target":["https:\/\/exceladvisor.org\/pt\/caminho-do-arquivo-2\/"]}]},{"@type":"ImageObject","inLanguage":"pt-PT","@id":"https:\/\/exceladvisor.org\/pt\/caminho-do-arquivo-2\/#primaryimage","url":"https:\/\/exceladvisor.org\/wp-content\/uploads\/2023\/08\/1-obtenir-le-chemin-du-fichier.png","contentUrl":"https:\/\/exceladvisor.org\/wp-content\/uploads\/2023\/08\/1-obtenir-le-chemin-du-fichier.png"},{"@type":"BreadcrumbList","@id":"https:\/\/exceladvisor.org\/pt\/caminho-do-arquivo-2\/#breadcrumb","itemListElement":[{"@type":"ListItem","position":1,"name":"Lar","item":"https:\/\/exceladvisor.org\/pt\/"},{"@type":"ListItem","position":2,"name":"Obtenha o caminho do arquivo no excel"}]},{"@type":"WebSite","@id":"https:\/\/exceladvisor.org\/pt\/#website","url":"https:\/\/exceladvisor.org\/pt\/","name":"Excel Advisor","description":"O seu guia definitivo para dominar os dados!","publisher":{"@id":"https:\/\/exceladvisor.org\/pt\/#organization"},"potentialAction":[{"@type":"SearchAction","target":{"@type":"EntryPoint","urlTemplate":"https:\/\/exceladvisor.org\/pt\/?s={search_term_string}"},"query-input":{"@type":"PropertyValueSpecification","valueRequired":true,"valueName":"search_term_string"}}],"inLanguage":"pt-PT"},{"@type":"Organization","@id":"https:\/\/exceladvisor.org\/pt\/#organization","name":"Excel Advisor","url":"https:\/\/exceladvisor.org\/pt\/","logo":{"@type":"ImageObject","inLanguage":"pt-PT","@id":"https:\/\/exceladvisor.org\/pt\/#\/schema\/logo\/image\/","url":"https:\/\/exceladvisor.org\/pt\/wp-content\/uploads\/2023\/12\/exceladvisor.org_.png","contentUrl":"https:\/\/exceladvisor.org\/pt\/wp-content\/uploads\/2023\/12\/exceladvisor.org_.png","width":105,"height":36,"caption":"Excel Advisor"},"image":{"@id":"https:\/\/exceladvisor.org\/pt\/#\/schema\/logo\/image\/"}}]}},"yoast_meta":{"yoast_wpseo_title":"","yoast_wpseo_metadesc":"","yoast_wpseo_canonical":""},"_links":{"self":[{"href":"https:\/\/exceladvisor.org\/pt\/wp-json\/wp\/v2\/pages\/213","targetHints":{"allow":["GET"]}}],"collection":[{"href":"https:\/\/exceladvisor.org\/pt\/wp-json\/wp\/v2\/pages"}],"about":[{"href":"https:\/\/exceladvisor.org\/pt\/wp-json\/wp\/v2\/types\/page"}],"author":[{"embeddable":true,"href":"https:\/\/exceladvisor.org\/pt\/wp-json\/wp\/v2\/users\/1"}],"replies":[{"embeddable":true,"href":"https:\/\/exceladvisor.org\/pt\/wp-json\/wp\/v2\/comments?post=213"}],"version-history":[{"count":1,"href":"https:\/\/exceladvisor.org\/pt\/wp-json\/wp\/v2\/pages\/213\/revisions"}],"predecessor-version":[{"id":1468,"href":"https:\/\/exceladvisor.org\/pt\/wp-json\/wp\/v2\/pages\/213\/revisions\/1468"}],"wp:attachment":[{"href":"https:\/\/exceladvisor.org\/pt\/wp-json\/wp\/v2\/media?parent=213"}],"curies":[{"name":"wp","href":"https:\/\/api.w.org\/{rel}","templated":true}]}}