{"id":214,"date":"2023-11-11T12:21:14","date_gmt":"2023-11-11T12:21:14","guid":{"rendered":"https:\/\/exceladvisor.org\/pt\/comece-com-2\/"},"modified":"2023-12-06T11:41:47","modified_gmt":"2023-12-06T11:41:47","slug":"comece-com-2","status":"publish","type":"page","link":"https:\/\/exceladvisor.org\/pt\/comece-com-2\/","title":{"rendered":"Como posso verificar se uma c\u00e9lula come\u00e7a com texto?"},"content":{"rendered":"<div class=\"excel-before-content-2\" id=\"excel-2733680557\"><script type=\"text\/javascript\">\r\n\tatOptions = {\r\n\t\t'key' : 'c1158f160081d6540a8409e6925dab94',\r\n\t\t'format' : 'iframe',\r\n\t\t'height' : 250,\r\n\t\t'width' : 300,\r\n\t\t'params' : {}\r\n\t};\r\n<\/script>\r\n<script type=\"text\/javascript\" src=\"\/\/www.highperformanceformat.com\/c1158f160081d6540a8409e6925dab94\/invoke.js\"><\/script><\/div><div class=\"excel-before-content\" id=\"excel-3053983008\"><script type=\"text\/javascript\">\r\n\tatOptions = {\r\n\t\t'key' : 'c1158f160081d6540a8409e6925dab94',\r\n\t\t'format' : 'iframe',\r\n\t\t'height' : 250,\r\n\t\t'width' : 300,\r\n\t\t'params' : {}\r\n\t};\r\n<\/script>\r\n<script type=\"text\/javascript\" src=\"\/\/www.highperformanceformat.com\/c1158f160081d6540a8409e6925dab94\/invoke.js\"><\/script><\/div> <p>No Excel, ao trabalhar com dados, pode haver momentos em que voc\u00ea precise verificar se o valor de uma c\u00e9lula come\u00e7a com um determinado texto ou se a parte inicial desse valor \u00e9 um n\u00famero ou n\u00e3o. Neste tutorial, aprenderemos como escrever uma f\u00f3rmula para enviar ambas as condi\u00e7\u00f5es.<\/p><h2 class=\"wp-block-heading\"> SE um valor de c\u00e9lula come\u00e7ar com um texto espec\u00edfico<\/h2><p> No exemplo a seguir, voc\u00ea precisa verificar se os tr\u00eas primeiros caracteres da c\u00e9lula s\u00e3o iguais a LXI. Para isso voc\u00ea precisa usar IF e LEFT. <\/p><div class=\"wp-block-image\"><figure class=\"aligncenter size-full is-resized\"><img loading=\"lazy\" decoding=\"async\" class=\"wp-image-80202\" src=\"https:\/\/exceladvisor.org\/wp-content\/uploads\/2023\/08\/1-si-la-valeur-de-la-cellule-commence-par-un-texte-particulier.png\" sizes=\"auto, \" srcset=\"\" alt=\"if-cell-value-come\u00e7a-com-texto-particular\" width=\"437\" height=\"346\"><\/figure><\/div><p> Voc\u00ea pode usar as etapas abaixo para escrever esta f\u00f3rmula:<\/p><ol><li> Primeiro, insira a fun\u00e7\u00e3o SE em uma c\u00e9lula.<\/li><li> Depois disso insira a fun\u00e7\u00e3o ESQUERDA no primeiro argumento do IF e consulte a c\u00e9lula A2 onde voc\u00ea tem o valor, no segundo argumento use 3 para o num_digit.<\/li><li> Em seguida, use o sinal de igual e insira o valor (usando aspas duplas) que deseja testar.<\/li><li> Agora, no segundo argumento, digite \u201cSim\u201d.<\/li><li> E no terceiro argumento, digite \u201cN\u00e3o\u201d.<\/li><li> No final, insira par\u00eanteses de fechamento e pressione Enter para obter o resultado. <\/li><\/ol><div class=\"wp-block-image\"><figure class=\"aligncenter size-full is-resized\"><img loading=\"lazy\" decoding=\"async\" class=\"wp-image-80204\" src=\"https:\/\/exceladvisor.org\/wp-content\/uploads\/2023\/08\/2-entrer-si-et-fonction-gauche.png\" sizes=\"auto, \" srcset=\"\" alt=\"fun\u00e7\u00e3o enter-se-e-esquerda\" width=\"641\" height=\"260\"><\/figure><\/div><p> Como voc\u00ea pode ver abaixo, para todos os valores onde temos o valor \u201cLXI\u201d no in\u00edcio do valor, ele retorna Sim, caso contr\u00e1rio N\u00e3o. <\/p><div class=\"wp-block-image\"><figure class=\"aligncenter size-full is-resized\"><img loading=\"lazy\" decoding=\"async\" class=\"wp-image-80206\" src=\"https:\/\/exceladvisor.org\/wp-content\/uploads\/2023\/08\/3-le-resultat-sera-oui-ou-non.png\" sizes=\"auto, \" srcset=\"\" alt=\"o resultado ser\u00e1 sim ou n\u00e3o\" width=\"601\" height=\"436\"><\/figure><\/div><pre class=\"wp-block-code\"> <code class=\"language-excel-formula\" lang=\"excel-formula\">=IF(LEFT(A2,3)=\"LXI\",\"Yes\",\"No\")<\/code><\/pre><h2 class=\"wp-block-heading\"> Contar c\u00e9lulas IF come\u00e7a com<\/h2><p> Use a f\u00f3rmula abaixo se quiser contar o n\u00famero de c\u00e9lulas come\u00e7ando com um valor espec\u00edfico. <\/p><div class=\"wp-block-image\"><figure class=\"aligncenter size-full is-resized\"><img loading=\"lazy\" decoding=\"async\" class=\"wp-image-80207\" src=\"https:\/\/exceladvisor.org\/wp-content\/uploads\/2023\/08\/4-utiliser-sumproduct-pour-compter-le-resultat.png\" sizes=\"auto, \" srcset=\"\" alt=\"use a soma produzida para contar o resultado\" width=\"558\" height=\"477\"><\/figure><\/div><pre class=\"wp-block-code\"> <code class=\"language-excel-formula\" lang=\"excel-formula\">=SUMPRODUCT(--(LEFT(A2:A10,3)=\"LXI\"))<\/code><\/pre><p> Para saber mais sobre isso, voc\u00ea pode ler sobre como usar SUMPRODUCT com uma condi\u00e7\u00e3o.<\/p><h2 class=\"wp-block-heading\"> Se um valor de c\u00e9lula come\u00e7ar com um n\u00famero<\/h2><p> Da mesma forma, voc\u00ea pode escrever uma f\u00f3rmula para verificar se uma c\u00e9lula come\u00e7a com um n\u00famero. <\/p><div class=\"wp-block-image\"><figure class=\"aligncenter size-full is-resized\"><img loading=\"lazy\" decoding=\"async\" class=\"wp-image-80208\" src=\"https:\/\/exceladvisor.org\/wp-content\/uploads\/2023\/08\/5-formule-pour-savoir-si-la-valeur-de-la-cellule-commence-par-un-nombre.png\" sizes=\"auto, \" srcset=\"\" alt=\"f\u00f3rmula para encontrar se o valor da c\u00e9lula come\u00e7a com um n\u00famero\" width=\"556\" height=\"432\"><\/figure><\/div><pre class=\"wp-block-code\"> <code class=\"language-excel-formula\" lang=\"excel-formula\">=IF(ISNUMBER(VALUE(LEFT(A2,2))), \"Yes\",\"No\")<\/code><\/pre><p> Nesta f\u00f3rmula, usamos a fun\u00e7\u00e3o VALOR em torno da ESQUERDA. Quando voc\u00ea obt\u00e9m um valor usando LEFT, ele retorna esse valor como texto, mesmo que esse valor seja um n\u00famero.<\/p><p> \u00c9 por isso que para converter um n\u00famero em n\u00famero precisamos usar VALUE. Depois disso, usamos ISNUMBER para testar o valor retornado por LEFT. Se este valor for um n\u00famero, a condi\u00e7\u00e3o ser\u00e1 VERDADEIRA e SE retornar\u00e1 SIM, caso contr\u00e1rio, N\u00e3o. <\/p><div class=\"gb-container gb-container-52dfcee1 gb-container-sample-file\"><h2 class=\"gb-headline gb-headline-e289c143 gb-headline-text gb-headline-4f7959c2\"> Obtenha o arquivo Excel<\/h2><p> <a class=\"gb-button gb-button-e88d6bee gb-button-text gb-button-button1\" href=\"https:\/\/exceladvisor.org\/wp-content\/uploads\/2023\/08\/commence-avec.xlsx\" rel=\"nofollow\">Download<\/a><\/p><\/div><div class=\"gb-container gb-container-0df56012 gb-container-mt\"> <a class=\"gb-button gb-button-f9f432f4 gb-button-text gb-button-mt-button\" href=\"https:\/\/exceladvisor.org\/pt\/formulas\/\">Lista de f\u00f3rmulas do Excel<\/a><h2 class=\"gb-headline gb-headline-233444e8 gb-headline-text gb-headline-mt-heading\"> F\u00f3rmulas relacionadas <\/h2><div class=\"gb-grid-wrapper gb-grid-wrapper-a16fa65c gb-grid-wrapper-mt-grid\"><div class=\"gb-grid-column gb-grid-column-5b4a0cf9\"><div class=\"gb-container gb-container-5b4a0cf9\"><ul><li> <a href=\"https:\/\/exceladvisor.org\/pt\/se-a-celula-contem-uma-parte\/\">Verifique se uma c\u00e9lula cont\u00e9m texto parcial<\/a><\/li><li> <a href=\"https:\/\/exceladvisor.org\/pt\/se-numero-do-valor-da-celula\/\">Verifique se o valor de uma c\u00e9lula \u00e9 um n\u00famero<\/a><\/li><li> <a href=\"https:\/\/exceladvisor.org\/pt\/mediana-se-2\/\">Mediana com IF (crit\u00e9rios condicionais)<\/a><\/li><li> <a href=\"https:\/\/exceladvisor.org\/pt\/concatenar-se-2\/\">CONCATENAR SE (Combinar com Condi\u00e7\u00e3o)<\/a><\/li><li> <a href=\"https:\/\/exceladvisor.org\/pt\/subtotal-se-2\/\">SUBTOTAL com IF (SUBTOTAL condicional)<\/a><\/li><\/ul><\/div><\/div><\/div><\/div>","protected":false},"excerpt":{"rendered":"","protected":false},"author":1,"featured_media":0,"parent":0,"menu_order":0,"comment_status":"open","ping_status":"closed","template":"","meta":{"ub_ctt_via":"","footnotes":""},"class_list":["post-214","page","type-page","status-publish","hentry"],"featured_image_src":null,"yoast_head":"<!-- This site is optimized with the Yoast SEO plugin v25.4 - https:\/\/yoast.com\/wordpress\/plugins\/seo\/ -->\n<title>Como verificar se uma c\u00e9lula come\u00e7a com texto\/n\u00famero?<\/title>\n<meta name=\"description\" content=\"Este tutorial vai te ensinar como escrever uma f\u00f3rmula Excel para verificar se uma c\u00e9lula come\u00e7a com um texto ou n\u00famero espec\u00edfico.\" \/>\n<meta name=\"robots\" content=\"index, follow, max-snippet:-1, max-image-preview:large, max-video-preview:-1\" \/>\n<link rel=\"canonical\" href=\"https:\/\/exceladvisor.org\/pt\/comece-com-2\/\" \/>\n<meta property=\"og:locale\" content=\"pt_PT\" \/>\n<meta property=\"og:type\" content=\"article\" \/>\n<meta property=\"og:title\" content=\"Como verificar se uma c\u00e9lula come\u00e7a com texto\/n\u00famero?\" \/>\n<meta property=\"og:description\" content=\"Este tutorial vai te ensinar como escrever uma f\u00f3rmula Excel para verificar se uma c\u00e9lula come\u00e7a com um texto ou n\u00famero espec\u00edfico.\" \/>\n<meta property=\"og:url\" content=\"https:\/\/exceladvisor.org\/pt\/comece-com-2\/\" \/>\n<meta property=\"og:site_name\" content=\"Excel Advisor\" \/>\n<meta property=\"article:modified_time\" content=\"2023-12-06T11:41:47+00:00\" \/>\n<meta property=\"og:image\" content=\"https:\/\/exceladvisor.org\/wp-content\/uploads\/2023\/08\/1-si-la-valeur-de-la-cellule-commence-par-un-texte-particulier.png\" \/>\n<meta name=\"twitter:card\" content=\"summary_large_image\" \/>\n<meta name=\"twitter:label1\" content=\"Tempo estimado de leitura\" \/>\n\t<meta name=\"twitter:data1\" content=\"2 minutos\" \/>\n<script type=\"application\/ld+json\" class=\"yoast-schema-graph\">{\"@context\":\"https:\/\/schema.org\",\"@graph\":[{\"@type\":\"WebPage\",\"@id\":\"https:\/\/exceladvisor.org\/pt\/comece-com-2\/\",\"url\":\"https:\/\/exceladvisor.org\/pt\/comece-com-2\/\",\"name\":\"Como verificar se uma c\u00e9lula come\u00e7a com texto\/n\u00famero?\",\"isPartOf\":{\"@id\":\"https:\/\/exceladvisor.org\/pt\/#website\"},\"primaryImageOfPage\":{\"@id\":\"https:\/\/exceladvisor.org\/pt\/comece-com-2\/#primaryimage\"},\"image\":{\"@id\":\"https:\/\/exceladvisor.org\/pt\/comece-com-2\/#primaryimage\"},\"thumbnailUrl\":\"https:\/\/exceladvisor.org\/wp-content\/uploads\/2023\/08\/1-si-la-valeur-de-la-cellule-commence-par-un-texte-particulier.png\",\"datePublished\":\"2023-11-11T12:21:14+00:00\",\"dateModified\":\"2023-12-06T11:41:47+00:00\",\"description\":\"Este tutorial vai te ensinar como escrever uma f\u00f3rmula Excel para verificar se uma c\u00e9lula come\u00e7a com um texto ou n\u00famero espec\u00edfico.\",\"breadcrumb\":{\"@id\":\"https:\/\/exceladvisor.org\/pt\/comece-com-2\/#breadcrumb\"},\"inLanguage\":\"pt-PT\",\"potentialAction\":[{\"@type\":\"ReadAction\",\"target\":[\"https:\/\/exceladvisor.org\/pt\/comece-com-2\/\"]}]},{\"@type\":\"ImageObject\",\"inLanguage\":\"pt-PT\",\"@id\":\"https:\/\/exceladvisor.org\/pt\/comece-com-2\/#primaryimage\",\"url\":\"https:\/\/exceladvisor.org\/wp-content\/uploads\/2023\/08\/1-si-la-valeur-de-la-cellule-commence-par-un-texte-particulier.png\",\"contentUrl\":\"https:\/\/exceladvisor.org\/wp-content\/uploads\/2023\/08\/1-si-la-valeur-de-la-cellule-commence-par-un-texte-particulier.png\"},{\"@type\":\"BreadcrumbList\",\"@id\":\"https:\/\/exceladvisor.org\/pt\/comece-com-2\/#breadcrumb\",\"itemListElement\":[{\"@type\":\"ListItem\",\"position\":1,\"name\":\"Lar\",\"item\":\"https:\/\/exceladvisor.org\/pt\/\"},{\"@type\":\"ListItem\",\"position\":2,\"name\":\"Como posso verificar se uma c\u00e9lula come\u00e7a com texto?\"}]},{\"@type\":\"WebSite\",\"@id\":\"https:\/\/exceladvisor.org\/pt\/#website\",\"url\":\"https:\/\/exceladvisor.org\/pt\/\",\"name\":\"Excel Advisor\",\"description\":\"O seu guia definitivo para dominar os dados!\",\"publisher\":{\"@id\":\"https:\/\/exceladvisor.org\/pt\/#organization\"},\"potentialAction\":[{\"@type\":\"SearchAction\",\"target\":{\"@type\":\"EntryPoint\",\"urlTemplate\":\"https:\/\/exceladvisor.org\/pt\/?s={search_term_string}\"},\"query-input\":{\"@type\":\"PropertyValueSpecification\",\"valueRequired\":true,\"valueName\":\"search_term_string\"}}],\"inLanguage\":\"pt-PT\"},{\"@type\":\"Organization\",\"@id\":\"https:\/\/exceladvisor.org\/pt\/#organization\",\"name\":\"Excel Advisor\",\"url\":\"https:\/\/exceladvisor.org\/pt\/\",\"logo\":{\"@type\":\"ImageObject\",\"inLanguage\":\"pt-PT\",\"@id\":\"https:\/\/exceladvisor.org\/pt\/#\/schema\/logo\/image\/\",\"url\":\"https:\/\/exceladvisor.org\/pt\/wp-content\/uploads\/2023\/12\/exceladvisor.org_.png\",\"contentUrl\":\"https:\/\/exceladvisor.org\/pt\/wp-content\/uploads\/2023\/12\/exceladvisor.org_.png\",\"width\":105,\"height\":36,\"caption\":\"Excel Advisor\"},\"image\":{\"@id\":\"https:\/\/exceladvisor.org\/pt\/#\/schema\/logo\/image\/\"}}]}<\/script>\n<!-- \/ Yoast SEO plugin. -->","yoast_head_json":{"title":"Como verificar se uma c\u00e9lula come\u00e7a com texto\/n\u00famero?","description":"Este tutorial vai te ensinar como escrever uma f\u00f3rmula Excel para verificar se uma c\u00e9lula come\u00e7a com um texto ou n\u00famero espec\u00edfico.","robots":{"index":"index","follow":"follow","max-snippet":"max-snippet:-1","max-image-preview":"max-image-preview:large","max-video-preview":"max-video-preview:-1"},"canonical":"https:\/\/exceladvisor.org\/pt\/comece-com-2\/","og_locale":"pt_PT","og_type":"article","og_title":"Como verificar se uma c\u00e9lula come\u00e7a com texto\/n\u00famero?","og_description":"Este tutorial vai te ensinar como escrever uma f\u00f3rmula Excel para verificar se uma c\u00e9lula come\u00e7a com um texto ou n\u00famero espec\u00edfico.","og_url":"https:\/\/exceladvisor.org\/pt\/comece-com-2\/","og_site_name":"Excel Advisor","article_modified_time":"2023-12-06T11:41:47+00:00","og_image":[{"url":"https:\/\/exceladvisor.org\/wp-content\/uploads\/2023\/08\/1-si-la-valeur-de-la-cellule-commence-par-un-texte-particulier.png","type":"","width":"","height":""}],"twitter_card":"summary_large_image","twitter_misc":{"Tempo estimado de leitura":"2 minutos"},"schema":{"@context":"https:\/\/schema.org","@graph":[{"@type":"WebPage","@id":"https:\/\/exceladvisor.org\/pt\/comece-com-2\/","url":"https:\/\/exceladvisor.org\/pt\/comece-com-2\/","name":"Como verificar se uma c\u00e9lula come\u00e7a com texto\/n\u00famero?","isPartOf":{"@id":"https:\/\/exceladvisor.org\/pt\/#website"},"primaryImageOfPage":{"@id":"https:\/\/exceladvisor.org\/pt\/comece-com-2\/#primaryimage"},"image":{"@id":"https:\/\/exceladvisor.org\/pt\/comece-com-2\/#primaryimage"},"thumbnailUrl":"https:\/\/exceladvisor.org\/wp-content\/uploads\/2023\/08\/1-si-la-valeur-de-la-cellule-commence-par-un-texte-particulier.png","datePublished":"2023-11-11T12:21:14+00:00","dateModified":"2023-12-06T11:41:47+00:00","description":"Este tutorial vai te ensinar como escrever uma f\u00f3rmula Excel para verificar se uma c\u00e9lula come\u00e7a com um texto ou n\u00famero espec\u00edfico.","breadcrumb":{"@id":"https:\/\/exceladvisor.org\/pt\/comece-com-2\/#breadcrumb"},"inLanguage":"pt-PT","potentialAction":[{"@type":"ReadAction","target":["https:\/\/exceladvisor.org\/pt\/comece-com-2\/"]}]},{"@type":"ImageObject","inLanguage":"pt-PT","@id":"https:\/\/exceladvisor.org\/pt\/comece-com-2\/#primaryimage","url":"https:\/\/exceladvisor.org\/wp-content\/uploads\/2023\/08\/1-si-la-valeur-de-la-cellule-commence-par-un-texte-particulier.png","contentUrl":"https:\/\/exceladvisor.org\/wp-content\/uploads\/2023\/08\/1-si-la-valeur-de-la-cellule-commence-par-un-texte-particulier.png"},{"@type":"BreadcrumbList","@id":"https:\/\/exceladvisor.org\/pt\/comece-com-2\/#breadcrumb","itemListElement":[{"@type":"ListItem","position":1,"name":"Lar","item":"https:\/\/exceladvisor.org\/pt\/"},{"@type":"ListItem","position":2,"name":"Como posso verificar se uma c\u00e9lula come\u00e7a com texto?"}]},{"@type":"WebSite","@id":"https:\/\/exceladvisor.org\/pt\/#website","url":"https:\/\/exceladvisor.org\/pt\/","name":"Excel Advisor","description":"O seu guia definitivo para dominar os dados!","publisher":{"@id":"https:\/\/exceladvisor.org\/pt\/#organization"},"potentialAction":[{"@type":"SearchAction","target":{"@type":"EntryPoint","urlTemplate":"https:\/\/exceladvisor.org\/pt\/?s={search_term_string}"},"query-input":{"@type":"PropertyValueSpecification","valueRequired":true,"valueName":"search_term_string"}}],"inLanguage":"pt-PT"},{"@type":"Organization","@id":"https:\/\/exceladvisor.org\/pt\/#organization","name":"Excel Advisor","url":"https:\/\/exceladvisor.org\/pt\/","logo":{"@type":"ImageObject","inLanguage":"pt-PT","@id":"https:\/\/exceladvisor.org\/pt\/#\/schema\/logo\/image\/","url":"https:\/\/exceladvisor.org\/pt\/wp-content\/uploads\/2023\/12\/exceladvisor.org_.png","contentUrl":"https:\/\/exceladvisor.org\/pt\/wp-content\/uploads\/2023\/12\/exceladvisor.org_.png","width":105,"height":36,"caption":"Excel Advisor"},"image":{"@id":"https:\/\/exceladvisor.org\/pt\/#\/schema\/logo\/image\/"}}]}},"yoast_meta":{"yoast_wpseo_title":"","yoast_wpseo_metadesc":"","yoast_wpseo_canonical":""},"_links":{"self":[{"href":"https:\/\/exceladvisor.org\/pt\/wp-json\/wp\/v2\/pages\/214","targetHints":{"allow":["GET"]}}],"collection":[{"href":"https:\/\/exceladvisor.org\/pt\/wp-json\/wp\/v2\/pages"}],"about":[{"href":"https:\/\/exceladvisor.org\/pt\/wp-json\/wp\/v2\/types\/page"}],"author":[{"embeddable":true,"href":"https:\/\/exceladvisor.org\/pt\/wp-json\/wp\/v2\/users\/1"}],"replies":[{"embeddable":true,"href":"https:\/\/exceladvisor.org\/pt\/wp-json\/wp\/v2\/comments?post=214"}],"version-history":[{"count":1,"href":"https:\/\/exceladvisor.org\/pt\/wp-json\/wp\/v2\/pages\/214\/revisions"}],"predecessor-version":[{"id":1157,"href":"https:\/\/exceladvisor.org\/pt\/wp-json\/wp\/v2\/pages\/214\/revisions\/1157"}],"wp:attachment":[{"href":"https:\/\/exceladvisor.org\/pt\/wp-json\/wp\/v2\/media?parent=214"}],"curies":[{"name":"wp","href":"https:\/\/api.w.org\/{rel}","templated":true}]}}