{"id":215,"date":"2023-11-11T12:06:18","date_gmt":"2023-11-11T12:06:18","guid":{"rendered":"https:\/\/exceladvisor.org\/pt\/soma-indireta-2\/"},"modified":"2023-12-06T11:44:13","modified_gmt":"2023-12-06T11:44:13","slug":"soma-indireta-2","status":"publish","type":"page","link":"https:\/\/exceladvisor.org\/pt\/soma-indireta-2\/","title":{"rendered":"Como usar indireto com soma no excel?"},"content":{"rendered":"<div class=\"excel-before-content-2\" id=\"excel-964906778\"><script type=\"text\/javascript\">\r\n\tatOptions = {\r\n\t\t'key' : 'c1158f160081d6540a8409e6925dab94',\r\n\t\t'format' : 'iframe',\r\n\t\t'height' : 250,\r\n\t\t'width' : 300,\r\n\t\t'params' : {}\r\n\t};\r\n<\/script>\r\n<script type=\"text\/javascript\" src=\"\/\/www.highperformanceformat.com\/c1158f160081d6540a8409e6925dab94\/invoke.js\"><\/script><\/div><div class=\"excel-before-content\" id=\"excel-3421170739\"><script type=\"text\/javascript\">\r\n\tatOptions = {\r\n\t\t'key' : 'c1158f160081d6540a8409e6925dab94',\r\n\t\t'format' : 'iframe',\r\n\t\t'height' : 250,\r\n\t\t'width' : 300,\r\n\t\t'params' : {}\r\n\t};\r\n<\/script>\r\n<script type=\"text\/javascript\" src=\"\/\/www.highperformanceformat.com\/c1158f160081d6540a8409e6925dab94\/invoke.js\"><\/script><\/div> <p>Ao combinar INDIRETO com a fun\u00e7\u00e3o SOMA, voc\u00ea pode criar uma f\u00f3rmula de soma din\u00e2mica. E esta f\u00f3rmula permite fazer refer\u00eancia a uma c\u00e9lula onde voc\u00ea tem o intervalo (em formato de texto) para o qual deseja a soma. Isso significa que voc\u00ea n\u00e3o precisa alterar a refer\u00eancia da f\u00f3rmula repetidamente. <\/p><div class=\"wp-block-image\"><figure class=\"aligncenter size-full is-resized\"><img loading=\"lazy\" decoding=\"async\" class=\"wp-image-80191\" src=\"https:\/\/exceladvisor.org\/wp-content\/uploads\/2023\/08\/1-utilisation-indirecte-avec-somme.png\" sizes=\"auto, \" srcset=\"\" alt=\"usar indireto com soma\" width=\"458\" height=\"421\"><\/figure><\/div><p class=\"grey-note\"> INDIRETO permite criar uma refer\u00eancia de c\u00e9lula ou intervalo inserindo texto nela.<\/p><h2 class=\"wp-block-heading\"> Combine INDIRETO com SOMA<\/h2><p> Voc\u00ea pode usar as etapas abaixo:<\/p><ul><li> Primeiro, em uma c\u00e9lula, insira o intervalo ao qual deseja se referir.<\/li><li> Depois disso, em uma c\u00e9lula diferente, insira a fun\u00e7\u00e3o SUM.<\/li><li> A seguir, entre na fun\u00e7\u00e3o INDIRETO, e no primeiro argumento de INDIRETO, fa\u00e7a refer\u00eancia \u00e0 c\u00e9lula com o endere\u00e7o do intervalo.<\/li><li> Agora feche ambas as fun\u00e7\u00f5es e pressione Enter para obter o resultado. <\/li><\/ul><div class=\"wp-block-image\"><figure class=\"aligncenter size-full is-resized\"><img loading=\"lazy\" decoding=\"async\" class=\"wp-image-80192\" src=\"https:\/\/exceladvisor.org\/wp-content\/uploads\/2023\/08\/2-combiner-indirect-et-somme.png\" sizes=\"auto, \" srcset=\"\" alt=\"combinar-indireto-e-soma\" width=\"522\" height=\"394\"><\/figure><\/div><p> No momento em que voc\u00ea pressiona Enter, ele retorna a soma dos valores do intervalo A2:A7. <\/p><div class=\"wp-block-image\"><figure class=\"aligncenter size-full is-resized\"><img loading=\"lazy\" decoding=\"async\" class=\"wp-image-80193\" src=\"https:\/\/exceladvisor.org\/wp-content\/uploads\/2023\/08\/3-somme-de-valeurs.png\" sizes=\"auto, \" srcset=\"\" alt=\"soma de valores\" width=\"405\" height=\"305\"><\/figure><\/div><h2 class=\"wp-block-heading\"> Use INDIRETO para se referir a outra planilha em SUM<\/h2><p> Digamos que voc\u00ea tenha um intervalo que est\u00e1 em uma planilha diferente, neste caso voc\u00ea tamb\u00e9m pode usar INDIRETO e SOMA. <\/p><div class=\"wp-block-image\"><figure class=\"aligncenter size-full is-resized\"><img loading=\"lazy\" decoding=\"async\" class=\"wp-image-80194\" src=\"https:\/\/exceladvisor.org\/wp-content\/uploads\/2023\/08\/4-indirect-pour-renvoyer-une-autre-feuille-a-la-somme.png\" sizes=\"auto, \" srcset=\"\" alt=\"indireto-para-referir-outra-planilha-para-adicionar\" width=\"672\" height=\"280\"><\/figure><\/div><p> No exemplo acima, inserimos a f\u00f3rmula em \u201cPlanilha2\u201d e referenciamos o intervalo na planilha \u201cDados\u201d. E na f\u00f3rmula existem duas c\u00e9lulas diferentes com valores aos quais se referir. Na primeira c\u00e9lula voc\u00ea tem o nome da planilha e na segunda c\u00e9lula o pr\u00f3prio intervalo.<\/p><pre class=\"wp-block-code\"> <code class=\"language-excel-formula\" lang=\"excel-formula\">=SUM(INDIRECT(A1&amp;\"!\"&amp;B1))<\/code><\/pre><h2 class=\"wp-block-heading\"> Use INDIRETO para SUM com v\u00e1rias planilhas<\/h2><p> Se voc\u00ea tiver v\u00e1rias planilhas e quiser somar os valores de um intervalo de todas essas planilhas, ser\u00e1 necess\u00e1rio usar uma f\u00f3rmula como abaixo: <\/p><div class=\"wp-block-image\"><figure class=\"aligncenter size-full is-resized\"><img loading=\"lazy\" decoding=\"async\" class=\"wp-image-80195\" src=\"https:\/\/exceladvisor.org\/wp-content\/uploads\/2023\/08\/5-indirects-pour-additionner-plusieurs-feuilles.png\" sizes=\"auto, \" srcset=\"\" alt=\"folhas m\u00faltiplas indiretas para soma\" width=\"713\" height=\"220\"><\/figure><\/div><pre class=\"wp-block-code\"> <code class=\"language-excel-formula\" lang=\"excel-formula\">=SUMPRODUCT(SUMIF(INDIRECT(\"'\"&amp;A2:A4&amp;\"'!\"&amp;B2),\"&gt;0\"))<\/code><\/pre><p> Nesta f\u00f3rmula, usamos SUMPRODUCT e SUMIF em vez de SUM. No INDIRETO h\u00e1 refer\u00eancia ao nome das planilhas e ao intervalo. Isso cria um <a href=\"https:\/\/exceladvisor.org\/pt\/referencia-3d\/\">intervalo 3D<\/a> para o intervalo A2:A7 em todas as tr\u00eas planilhas (Dados1, Dados2 e Dados3). <\/p><div class=\"wp-block-image\"><figure class=\"aligncenter size-full is-resized\"><img loading=\"lazy\" decoding=\"async\" class=\"wp-image-80196\" src=\"https:\/\/exceladvisor.org\/wp-content\/uploads\/2023\/08\/6-sumproduit-cumule-sumif.png\" sizes=\"auto, \" srcset=\"\" alt=\"soma-produto-combinado-sumsi\" width=\"638\" height=\"304\"><\/figure><\/div><p> Depois disso, SUMIF utiliza esse intervalo e retorna as somas individuais dos tr\u00eas intervalos. <\/p><div class=\"wp-block-image\"><figure class=\"aligncenter size-full is-resized\"><img loading=\"lazy\" decoding=\"async\" class=\"wp-image-80197\" src=\"https:\/\/exceladvisor.org\/wp-content\/uploads\/2023\/08\/7-sumif-utilise-la-gamme.png\" sizes=\"auto, \" srcset=\"\" alt=\"sumif-usa-o-intervalo\" width=\"676\" height=\"270\"><\/figure><\/div><p> Em \u00faltima an\u00e1lise, SUMPRODUCT usa esses valores e retorna um \u00fanico valor de soma na c\u00e9lula. <\/p><div class=\"wp-block-image\"><figure class=\"aligncenter size-full is-resized\"><img loading=\"lazy\" decoding=\"async\" class=\"wp-image-80198\" src=\"https:\/\/exceladvisor.org\/wp-content\/uploads\/2023\/08\/8-sumproduct-renvoie-une-seule-somme.png\" sizes=\"auto, \" srcset=\"\" alt=\"sumproduct-retorna-uma-\u00fanica soma\" width=\"591\" height=\"242\"><\/figure><\/div><p> Voc\u00ea pode aprender mais sobre como usar <a href=\"https:\/\/exceladvisor.org\/pt\/condicao-em-soma-produto\/\">SUMPRODUCT IF<\/a> aqui e obter melhor clareza sobre seu uso aqui. <\/p><div class=\"gb-container gb-container-52dfcee1 gb-container-sample-file\"><h2 class=\"gb-headline gb-headline-e289c143 gb-headline-text gb-headline-4f7959c2\"> Obtenha o arquivo Excel<\/h2> <a class=\"gb-button gb-button-e88d6bee gb-button-text gb-button-button1\" href=\"https:\/\/exceladvisor.org\/wp-content\/uploads\/2023\/08\/somme-indirecte.xlsx\" rel=\"nofollow\">Download<\/a><\/div><div class=\"gb-container gb-container-0df56012 gb-container-mt\"> <a class=\"gb-button gb-button-f9f432f4 gb-button-text gb-button-mt-button\" href=\"https:\/\/exceladvisor.org\/pt\/formulas\/\">Lista de f\u00f3rmulas do Excel<\/a><h2 class=\"gb-headline gb-headline-233444e8 gb-headline-text gb-headline-mt-heading\"> F\u00f3rmulas relacionadas <\/h2><div class=\"gb-grid-wrapper gb-grid-wrapper-a16fa65c gb-grid-wrapper-mt-grid\"><div class=\"gb-grid-column gb-grid-column-50d07e0d\"><div class=\"gb-container gb-container-50d07e0d\"><ul><li> <a href=\"https:\/\/exceladvisor.org\/pt\/adicione-a-coluna-inteira\/\">Adicione uma coluna ou linha inteira no Excel<\/a><\/li><li> <a href=\"https:\/\/exceladvisor.org\/pt\/adicione-apenas-celulas-visiveis\/\">Soma apenas c\u00e9lulas vis\u00edveis no Excel<\/a><\/li><li> <a href=\"https:\/\/exceladvisor.org\/pt\/adicionar-celulas-aleatorias\/\">Soma de c\u00e9lulas aleat\u00f3rias no Excel<\/a><\/li><li> <a href=\"https:\/\/exceladvisor.org\/pt\/linha-total\/\">Adicione uma linha total no Excel<\/a><\/li><li> <a href=\"https:\/\/exceladvisor.org\/pt\/soma-automatica-1\/\">Use rapidamente o AutoSoma no Excel<\/a> <\/li><\/ul><\/div><\/div><div class=\"gb-grid-column gb-grid-column-5b4a0cf9\"><div class=\"gb-container gb-container-5b4a0cf9\"><\/div><\/div><\/div><\/div>","protected":false},"excerpt":{"rendered":"","protected":false},"author":1,"featured_media":0,"parent":0,"menu_order":0,"comment_status":"open","ping_status":"closed","template":"","meta":{"ub_ctt_via":"","footnotes":""},"class_list":["post-215","page","type-page","status-publish","hentry"],"featured_image_src":null,"yoast_head":"<!-- This site is optimized with the Yoast SEO plugin v25.4 - https:\/\/yoast.com\/wordpress\/plugins\/seo\/ -->\n<title>\u25b7 Como usar INDIRETO com SOMA no Excel?<\/title>\n<meta name=\"description\" content=\"Este tutorial vai te ensinar como escrever uma f\u00f3rmula Excel para combinar a fun\u00e7\u00e3o INDIRETO com a SOMA. Vamos verificar isso\u2026\" \/>\n<meta name=\"robots\" content=\"index, follow, max-snippet:-1, max-image-preview:large, max-video-preview:-1\" \/>\n<link rel=\"canonical\" href=\"https:\/\/exceladvisor.org\/pt\/soma-indireta-2\/\" \/>\n<meta property=\"og:locale\" content=\"pt_PT\" \/>\n<meta property=\"og:type\" content=\"article\" \/>\n<meta property=\"og:title\" content=\"\u25b7 Como usar INDIRETO com SOMA no Excel?\" \/>\n<meta property=\"og:description\" content=\"Este tutorial vai te ensinar como escrever uma f\u00f3rmula Excel para combinar a fun\u00e7\u00e3o INDIRETO com a SOMA. Vamos verificar isso\u2026\" \/>\n<meta property=\"og:url\" content=\"https:\/\/exceladvisor.org\/pt\/soma-indireta-2\/\" \/>\n<meta property=\"og:site_name\" content=\"Excel Advisor\" \/>\n<meta property=\"article:modified_time\" content=\"2023-12-06T11:44:13+00:00\" \/>\n<meta property=\"og:image\" content=\"https:\/\/exceladvisor.org\/wp-content\/uploads\/2023\/08\/1-utilisation-indirecte-avec-somme.png\" \/>\n<meta name=\"twitter:card\" content=\"summary_large_image\" \/>\n<meta name=\"twitter:label1\" content=\"Tempo estimado de leitura\" \/>\n\t<meta name=\"twitter:data1\" content=\"2 minutos\" \/>\n<script type=\"application\/ld+json\" class=\"yoast-schema-graph\">{\"@context\":\"https:\/\/schema.org\",\"@graph\":[{\"@type\":\"WebPage\",\"@id\":\"https:\/\/exceladvisor.org\/pt\/soma-indireta-2\/\",\"url\":\"https:\/\/exceladvisor.org\/pt\/soma-indireta-2\/\",\"name\":\"\u25b7 Como usar INDIRETO com SOMA no Excel?\",\"isPartOf\":{\"@id\":\"https:\/\/exceladvisor.org\/pt\/#website\"},\"primaryImageOfPage\":{\"@id\":\"https:\/\/exceladvisor.org\/pt\/soma-indireta-2\/#primaryimage\"},\"image\":{\"@id\":\"https:\/\/exceladvisor.org\/pt\/soma-indireta-2\/#primaryimage\"},\"thumbnailUrl\":\"https:\/\/exceladvisor.org\/wp-content\/uploads\/2023\/08\/1-utilisation-indirecte-avec-somme.png\",\"datePublished\":\"2023-11-11T12:06:18+00:00\",\"dateModified\":\"2023-12-06T11:44:13+00:00\",\"description\":\"Este tutorial vai te ensinar como escrever uma f\u00f3rmula Excel para combinar a fun\u00e7\u00e3o INDIRETO com a SOMA. Vamos verificar isso\u2026\",\"breadcrumb\":{\"@id\":\"https:\/\/exceladvisor.org\/pt\/soma-indireta-2\/#breadcrumb\"},\"inLanguage\":\"pt-PT\",\"potentialAction\":[{\"@type\":\"ReadAction\",\"target\":[\"https:\/\/exceladvisor.org\/pt\/soma-indireta-2\/\"]}]},{\"@type\":\"ImageObject\",\"inLanguage\":\"pt-PT\",\"@id\":\"https:\/\/exceladvisor.org\/pt\/soma-indireta-2\/#primaryimage\",\"url\":\"https:\/\/exceladvisor.org\/wp-content\/uploads\/2023\/08\/1-utilisation-indirecte-avec-somme.png\",\"contentUrl\":\"https:\/\/exceladvisor.org\/wp-content\/uploads\/2023\/08\/1-utilisation-indirecte-avec-somme.png\"},{\"@type\":\"BreadcrumbList\",\"@id\":\"https:\/\/exceladvisor.org\/pt\/soma-indireta-2\/#breadcrumb\",\"itemListElement\":[{\"@type\":\"ListItem\",\"position\":1,\"name\":\"Lar\",\"item\":\"https:\/\/exceladvisor.org\/pt\/\"},{\"@type\":\"ListItem\",\"position\":2,\"name\":\"Como usar indireto com soma no excel?\"}]},{\"@type\":\"WebSite\",\"@id\":\"https:\/\/exceladvisor.org\/pt\/#website\",\"url\":\"https:\/\/exceladvisor.org\/pt\/\",\"name\":\"Excel Advisor\",\"description\":\"O seu guia definitivo para dominar os dados!\",\"publisher\":{\"@id\":\"https:\/\/exceladvisor.org\/pt\/#organization\"},\"potentialAction\":[{\"@type\":\"SearchAction\",\"target\":{\"@type\":\"EntryPoint\",\"urlTemplate\":\"https:\/\/exceladvisor.org\/pt\/?s={search_term_string}\"},\"query-input\":{\"@type\":\"PropertyValueSpecification\",\"valueRequired\":true,\"valueName\":\"search_term_string\"}}],\"inLanguage\":\"pt-PT\"},{\"@type\":\"Organization\",\"@id\":\"https:\/\/exceladvisor.org\/pt\/#organization\",\"name\":\"Excel Advisor\",\"url\":\"https:\/\/exceladvisor.org\/pt\/\",\"logo\":{\"@type\":\"ImageObject\",\"inLanguage\":\"pt-PT\",\"@id\":\"https:\/\/exceladvisor.org\/pt\/#\/schema\/logo\/image\/\",\"url\":\"https:\/\/exceladvisor.org\/pt\/wp-content\/uploads\/2023\/12\/exceladvisor.org_.png\",\"contentUrl\":\"https:\/\/exceladvisor.org\/pt\/wp-content\/uploads\/2023\/12\/exceladvisor.org_.png\",\"width\":105,\"height\":36,\"caption\":\"Excel Advisor\"},\"image\":{\"@id\":\"https:\/\/exceladvisor.org\/pt\/#\/schema\/logo\/image\/\"}}]}<\/script>\n<!-- \/ Yoast SEO plugin. -->","yoast_head_json":{"title":"\u25b7 Como usar INDIRETO com SOMA no Excel?","description":"Este tutorial vai te ensinar como escrever uma f\u00f3rmula Excel para combinar a fun\u00e7\u00e3o INDIRETO com a SOMA. Vamos verificar isso\u2026","robots":{"index":"index","follow":"follow","max-snippet":"max-snippet:-1","max-image-preview":"max-image-preview:large","max-video-preview":"max-video-preview:-1"},"canonical":"https:\/\/exceladvisor.org\/pt\/soma-indireta-2\/","og_locale":"pt_PT","og_type":"article","og_title":"\u25b7 Como usar INDIRETO com SOMA no Excel?","og_description":"Este tutorial vai te ensinar como escrever uma f\u00f3rmula Excel para combinar a fun\u00e7\u00e3o INDIRETO com a SOMA. Vamos verificar isso\u2026","og_url":"https:\/\/exceladvisor.org\/pt\/soma-indireta-2\/","og_site_name":"Excel Advisor","article_modified_time":"2023-12-06T11:44:13+00:00","og_image":[{"url":"https:\/\/exceladvisor.org\/wp-content\/uploads\/2023\/08\/1-utilisation-indirecte-avec-somme.png","type":"","width":"","height":""}],"twitter_card":"summary_large_image","twitter_misc":{"Tempo estimado de leitura":"2 minutos"},"schema":{"@context":"https:\/\/schema.org","@graph":[{"@type":"WebPage","@id":"https:\/\/exceladvisor.org\/pt\/soma-indireta-2\/","url":"https:\/\/exceladvisor.org\/pt\/soma-indireta-2\/","name":"\u25b7 Como usar INDIRETO com SOMA no Excel?","isPartOf":{"@id":"https:\/\/exceladvisor.org\/pt\/#website"},"primaryImageOfPage":{"@id":"https:\/\/exceladvisor.org\/pt\/soma-indireta-2\/#primaryimage"},"image":{"@id":"https:\/\/exceladvisor.org\/pt\/soma-indireta-2\/#primaryimage"},"thumbnailUrl":"https:\/\/exceladvisor.org\/wp-content\/uploads\/2023\/08\/1-utilisation-indirecte-avec-somme.png","datePublished":"2023-11-11T12:06:18+00:00","dateModified":"2023-12-06T11:44:13+00:00","description":"Este tutorial vai te ensinar como escrever uma f\u00f3rmula Excel para combinar a fun\u00e7\u00e3o INDIRETO com a SOMA. Vamos verificar isso\u2026","breadcrumb":{"@id":"https:\/\/exceladvisor.org\/pt\/soma-indireta-2\/#breadcrumb"},"inLanguage":"pt-PT","potentialAction":[{"@type":"ReadAction","target":["https:\/\/exceladvisor.org\/pt\/soma-indireta-2\/"]}]},{"@type":"ImageObject","inLanguage":"pt-PT","@id":"https:\/\/exceladvisor.org\/pt\/soma-indireta-2\/#primaryimage","url":"https:\/\/exceladvisor.org\/wp-content\/uploads\/2023\/08\/1-utilisation-indirecte-avec-somme.png","contentUrl":"https:\/\/exceladvisor.org\/wp-content\/uploads\/2023\/08\/1-utilisation-indirecte-avec-somme.png"},{"@type":"BreadcrumbList","@id":"https:\/\/exceladvisor.org\/pt\/soma-indireta-2\/#breadcrumb","itemListElement":[{"@type":"ListItem","position":1,"name":"Lar","item":"https:\/\/exceladvisor.org\/pt\/"},{"@type":"ListItem","position":2,"name":"Como usar indireto com soma no excel?"}]},{"@type":"WebSite","@id":"https:\/\/exceladvisor.org\/pt\/#website","url":"https:\/\/exceladvisor.org\/pt\/","name":"Excel Advisor","description":"O seu guia definitivo para dominar os dados!","publisher":{"@id":"https:\/\/exceladvisor.org\/pt\/#organization"},"potentialAction":[{"@type":"SearchAction","target":{"@type":"EntryPoint","urlTemplate":"https:\/\/exceladvisor.org\/pt\/?s={search_term_string}"},"query-input":{"@type":"PropertyValueSpecification","valueRequired":true,"valueName":"search_term_string"}}],"inLanguage":"pt-PT"},{"@type":"Organization","@id":"https:\/\/exceladvisor.org\/pt\/#organization","name":"Excel Advisor","url":"https:\/\/exceladvisor.org\/pt\/","logo":{"@type":"ImageObject","inLanguage":"pt-PT","@id":"https:\/\/exceladvisor.org\/pt\/#\/schema\/logo\/image\/","url":"https:\/\/exceladvisor.org\/pt\/wp-content\/uploads\/2023\/12\/exceladvisor.org_.png","contentUrl":"https:\/\/exceladvisor.org\/pt\/wp-content\/uploads\/2023\/12\/exceladvisor.org_.png","width":105,"height":36,"caption":"Excel Advisor"},"image":{"@id":"https:\/\/exceladvisor.org\/pt\/#\/schema\/logo\/image\/"}}]}},"yoast_meta":{"yoast_wpseo_title":"","yoast_wpseo_metadesc":"","yoast_wpseo_canonical":""},"_links":{"self":[{"href":"https:\/\/exceladvisor.org\/pt\/wp-json\/wp\/v2\/pages\/215","targetHints":{"allow":["GET"]}}],"collection":[{"href":"https:\/\/exceladvisor.org\/pt\/wp-json\/wp\/v2\/pages"}],"about":[{"href":"https:\/\/exceladvisor.org\/pt\/wp-json\/wp\/v2\/types\/page"}],"author":[{"embeddable":true,"href":"https:\/\/exceladvisor.org\/pt\/wp-json\/wp\/v2\/users\/1"}],"replies":[{"embeddable":true,"href":"https:\/\/exceladvisor.org\/pt\/wp-json\/wp\/v2\/comments?post=215"}],"version-history":[{"count":1,"href":"https:\/\/exceladvisor.org\/pt\/wp-json\/wp\/v2\/pages\/215\/revisions"}],"predecessor-version":[{"id":1355,"href":"https:\/\/exceladvisor.org\/pt\/wp-json\/wp\/v2\/pages\/215\/revisions\/1355"}],"wp:attachment":[{"href":"https:\/\/exceladvisor.org\/pt\/wp-json\/wp\/v2\/media?parent=215"}],"curies":[{"name":"wp","href":"https:\/\/api.w.org\/{rel}","templated":true}]}}