{"id":216,"date":"2023-11-11T11:57:31","date_gmt":"2023-11-11T11:57:31","guid":{"rendered":"https:\/\/exceladvisor.org\/pt\/se-numero-do-valor-da-celula\/"},"modified":"2023-12-06T11:50:28","modified_gmt":"2023-12-06T11:50:28","slug":"se-numero-do-valor-da-celula","status":"publish","type":"page","link":"https:\/\/exceladvisor.org\/pt\/se-numero-do-valor-da-celula\/","title":{"rendered":"Como verificar se o valor de uma c\u00e9lula \u00e9 um n\u00famero?"},"content":{"rendered":"<div class=\"excel-before-content-2\" id=\"excel-3131768731\"><script type=\"text\/javascript\">\r\n\tatOptions = {\r\n\t\t'key' : 'c1158f160081d6540a8409e6925dab94',\r\n\t\t'format' : 'iframe',\r\n\t\t'height' : 250,\r\n\t\t'width' : 300,\r\n\t\t'params' : {}\r\n\t};\r\n<\/script>\r\n<script type=\"text\/javascript\" src=\"\/\/www.highperformanceformat.com\/c1158f160081d6540a8409e6925dab94\/invoke.js\"><\/script><\/div><div class=\"excel-before-content\" id=\"excel-1018897232\"><script type=\"text\/javascript\">\r\n\tatOptions = {\r\n\t\t'key' : 'c1158f160081d6540a8409e6925dab94',\r\n\t\t'format' : 'iframe',\r\n\t\t'height' : 250,\r\n\t\t'width' : 300,\r\n\t\t'params' : {}\r\n\t};\r\n<\/script>\r\n<script type=\"text\/javascript\" src=\"\/\/www.highperformanceformat.com\/c1158f160081d6540a8409e6925dab94\/invoke.js\"><\/script><\/div> <p>Para verificar se o valor de uma c\u00e9lula \u00e9 um n\u00famero ou n\u00e3o, voc\u00ea pode usar IF + ISNUMBER em uma combina\u00e7\u00e3o. Nesta combina\u00e7\u00e3o ISNUMBER testa se um valor \u00e9 um n\u00famero ou n\u00e3o e retorna o resultado como TRUE e FALSE. Depois disso, IF usa TRUE ou FALSE para retornar um valor significativo no resultado.<\/p><h2 class=\"wp-block-heading\"> F\u00f3rmula para testar SE um valor de c\u00e9lula \u00e9 um n\u00famero<\/h2><p> Para escrever esta f\u00f3rmula, voc\u00ea pode usar as etapas abaixo.<\/p><ol type=\"1\"><li> Primeiro insira a fun\u00e7\u00e3o SE de uma c\u00e9lula.<\/li><li> Depois disso, no primeiro argumento do IF (texto_l\u00f3gico), insira a fun\u00e7\u00e3o ISNUMBER.<\/li><li> A seguir, na fun\u00e7\u00e3o ESTNUM, consulte a c\u00e9lula onde deseja testar o n\u00famero.<\/li><li> Agora, no argumento [value_if_true], insira Sim, e no argumento [value_if_false], insira N\u00e3o. Voc\u00ea tamb\u00e9m pode usar outros valores significativos, se necess\u00e1rio.<\/li><li> No final, insira os par\u00eanteses de fechamento e pressione Enter para obter o resultado. <\/li><\/ol><div class=\"wp-block-image\"><figure class=\"aligncenter size-full is-resized\"><img loading=\"lazy\" decoding=\"async\" class=\"alignnone  wp-image-13399\" src=\"https:\/\/exceladvisor.org\/wp-content\/uploads\/2023\/11\/1-formule-pour-tester-la-valeur-de-la-cellule-est-un-nombre.png\" alt=\"1-f\u00f3rmula-para-testar-o-valor-da-c\u00e9lula-\u00e9-um-n\u00famero\" width=\"404\" height=\"267\" srcset=\"https:\/\/exceladvisor.org\/wp-content\/uploads\/2023\/11\/1-formule-pour-tester-la-valeur-de-la-cellule-est-un-nombre.png 724w, https:\/\/exceladvisor.org\/wp-content\/uploads\/2023\/11\/1-formule-pour-tester-la-valeur-de-la-cellule-est-un-nombre-300x198.png 300w\" sizes=\"auto, (max-width: 404px) 100vw, 404px\"><\/figure><\/div><p> No momento em que voc\u00ea pressiona Enter, ele retorna SIM ou N\u00c3O dependendo do valor que voc\u00ea possui na c\u00e9lula referenciada.<\/p><h2 class=\"wp-block-heading\"> Como funciona essa f\u00f3rmula?<\/h2><p> Como falei, nesta f\u00f3rmula temos duas fun\u00e7\u00f5es, IF + ISNUM. Na c\u00e9lula A2 voc\u00ea tem um n\u00famero, por isso voc\u00ea tem TRUE no resultado por ISNUMBER. <\/p><div class=\"wp-block-image\"><figure class=\"aligncenter size-full is-resized\"><img loading=\"lazy\" decoding=\"async\" class=\"alignnone  wp-image-13398\" src=\"https:\/\/exceladvisor.org\/wp-content\/uploads\/2023\/11\/comment-cette-formule-fonctionnes.png\" alt=\"como-esta-f\u00f3rmula-funciona\" width=\"592\" height=\"375\" srcset=\"https:\/\/exceladvisor.org\/wp-content\/uploads\/2023\/11\/comment-cette-formule-fonctionnes.png 919w, https:\/\/exceladvisor.org\/wp-content\/uploads\/2023\/11\/comment-cette-formule-fonctionnes-300x190.png 300w, https:\/\/exceladvisor.org\/wp-content\/uploads\/2023\/11\/comment-cette-formule-fonctionnes-768x487.png 768w\" sizes=\"auto, (max-width: 592px) 100vw, 592px\"><\/figure><\/div><p> Agora temos VERDADEIRO, por isso SE retorna SIM no resultado para o valor que voc\u00ea tem na c\u00e9lula A2.<\/p><pre class=\"wp-block-preformatted\"> =IF(ISNUMBER(A1),\"Yes\",\"No\")<\/pre><h2 class=\"wp-block-heading\"> Mesma f\u00f3rmula no Mac<\/h2><p> Se voc\u00ea estiver usando Excel para Mac, a f\u00f3rmula ser\u00e1 a mesma e poder\u00e1 ser escrita usando as mesmas fun\u00e7\u00f5es. <\/p><div class=\"wp-block-image\"><figure class=\"aligncenter size-full is-resized\"><img loading=\"lazy\" decoding=\"async\" class=\"alignnone  wp-image-13397\" src=\"https:\/\/exceladvisor.org\/wp-content\/uploads\/2023\/11\/meme-formule-dans-macs.png\" alt=\"mesma f\u00f3rmula em macs\" width=\"588\" height=\"287\" srcset=\"https:\/\/exceladvisor.org\/wp-content\/uploads\/2023\/11\/meme-formule-dans-macs.png 1822w, https:\/\/exceladvisor.org\/wp-content\/uploads\/2023\/11\/meme-formule-dans-macs-300x147.png 300w, https:\/\/exceladvisor.org\/wp-content\/uploads\/2023\/11\/meme-formule-dans-macs-1024x500.png 1024w, https:\/\/exceladvisor.org\/wp-content\/uploads\/2023\/11\/meme-formule-dans-macs-768x375.png 768w, https:\/\/exceladvisor.org\/wp-content\/uploads\/2023\/11\/meme-formule-dans-macs-1536x750.png 1536w\" sizes=\"auto, (max-width: 588px) 100vw, 588px\"><\/figure><\/div><p class=\"grey-note\"> O Excel armazena uma data como um n\u00famero. E quando voc\u00ea tiver uma data em uma c\u00e9lula, este ISNUMBER tratar\u00e1 essa data como um n\u00famero e retornar\u00e1 TRUE no resultado. Estou tentando encontrar uma solu\u00e7\u00e3o para esse problema, ainda n\u00e3o consigo saber a diferen\u00e7a entre um n\u00famero e uma data usando esta f\u00f3rmula. <\/p><div class=\"gb-container gb-container-52dfcee1 gb-container-sample-file\"><h2 class=\"gb-headline gb-headline-e289c143 gb-headline-text gb-headline-4f7959c2\"> Obtenha o arquivo Excel<\/h2><p> <a class=\"gb-button gb-button-e88d6bee gb-button-text gb-button-button1\" href=\"https:\/\/exceladvisor.org\/wp-content\/uploads\/2023\/11\/si-nombre.xlsx\" rel=\"nofollow\">Download<\/a><\/p><\/div><div class=\"gb-container gb-container-0df56012 gb-container-mt\"> <a class=\"gb-button gb-button-f9f432f4 gb-button-text gb-button-mt-button\" href=\"https:\/\/exceladvisor.org\/pt\/formulas\/\">Lista de f\u00f3rmulas do Excel<\/a><h2 class=\"gb-headline gb-headline-233444e8 gb-headline-text gb-headline-mt-heading\"> F\u00f3rmulas relacionadas <\/h2><div class=\"gb-grid-wrapper gb-grid-wrapper-a16fa65c gb-grid-wrapper-mt-grid\"><div class=\"gb-grid-column gb-grid-column-5b4a0cf9\"><div class=\"gb-container gb-container-5b4a0cf9\"><ul><li> <a href=\"https:\/\/exceladvisor.org\/pt\/se-a-celula-contem-uma-parte\/\">Verifique se uma c\u00e9lula cont\u00e9m texto parcial<\/a><\/li><li> <a href=\"https:\/\/exceladvisor.org\/pt\/comece-com-2\/\">Se um valor de c\u00e9lula come\u00e7ar com texto ou um n\u00famero<\/a><\/li><li> <a href=\"https:\/\/exceladvisor.org\/pt\/mediana-se-2\/\">Mediana com IF (crit\u00e9rios condicionais)<\/a><\/li><li> <a href=\"https:\/\/exceladvisor.org\/pt\/concatenar-se-2\/\">CONCATENAR SE (Combinar com Condi\u00e7\u00e3o)<\/a><\/li><li> <a href=\"https:\/\/exceladvisor.org\/pt\/subtotal-se-2\/\">SUBTOTAL com IF (SUBTOTAL condicional)<\/a><\/li><\/ul><\/div><\/div><\/div><\/div>","protected":false},"excerpt":{"rendered":"","protected":false},"author":1,"featured_media":0,"parent":0,"menu_order":0,"comment_status":"open","ping_status":"closed","template":"","meta":{"ub_ctt_via":"","footnotes":""},"class_list":["post-216","page","type-page","status-publish","hentry"],"featured_image_src":null,"yoast_head":"<!-- This site is optimized with the Yoast SEO plugin v25.4 - https:\/\/yoast.com\/wordpress\/plugins\/seo\/ -->\n<title>Verifique se o valor de uma c\u00e9lula \u00e9 um n\u00famero no Excel<\/title>\n<meta name=\"description\" content=\"Este tutorial ensinar\u00e1 como escrever uma f\u00f3rmula Excel para verificar se o valor de uma c\u00e9lula \u00e9 um n\u00famero. Vamos verificar isso\u2026\" \/>\n<meta name=\"robots\" content=\"index, follow, max-snippet:-1, max-image-preview:large, max-video-preview:-1\" \/>\n<link rel=\"canonical\" href=\"https:\/\/exceladvisor.org\/pt\/se-numero-do-valor-da-celula\/\" \/>\n<meta property=\"og:locale\" content=\"pt_PT\" \/>\n<meta property=\"og:type\" content=\"article\" \/>\n<meta property=\"og:title\" content=\"Verifique se o valor de uma c\u00e9lula \u00e9 um n\u00famero no Excel\" \/>\n<meta property=\"og:description\" content=\"Este tutorial ensinar\u00e1 como escrever uma f\u00f3rmula Excel para verificar se o valor de uma c\u00e9lula \u00e9 um n\u00famero. Vamos verificar isso\u2026\" \/>\n<meta property=\"og:url\" content=\"https:\/\/exceladvisor.org\/pt\/se-numero-do-valor-da-celula\/\" \/>\n<meta property=\"og:site_name\" content=\"Excel Advisor\" \/>\n<meta property=\"article:modified_time\" content=\"2023-12-06T11:50:28+00:00\" \/>\n<meta property=\"og:image\" content=\"https:\/\/exceladvisor.org\/wp-content\/uploads\/2023\/11\/1-formule-pour-tester-la-valeur-de-la-cellule-est-un-nombre.png\" \/>\n<meta name=\"twitter:card\" content=\"summary_large_image\" \/>\n<meta name=\"twitter:label1\" content=\"Tempo estimado de leitura\" \/>\n\t<meta name=\"twitter:data1\" content=\"2 minutos\" \/>\n<script type=\"application\/ld+json\" class=\"yoast-schema-graph\">{\"@context\":\"https:\/\/schema.org\",\"@graph\":[{\"@type\":\"WebPage\",\"@id\":\"https:\/\/exceladvisor.org\/pt\/se-numero-do-valor-da-celula\/\",\"url\":\"https:\/\/exceladvisor.org\/pt\/se-numero-do-valor-da-celula\/\",\"name\":\"Verifique se o valor de uma c\u00e9lula \u00e9 um n\u00famero no Excel\",\"isPartOf\":{\"@id\":\"https:\/\/exceladvisor.org\/pt\/#website\"},\"primaryImageOfPage\":{\"@id\":\"https:\/\/exceladvisor.org\/pt\/se-numero-do-valor-da-celula\/#primaryimage\"},\"image\":{\"@id\":\"https:\/\/exceladvisor.org\/pt\/se-numero-do-valor-da-celula\/#primaryimage\"},\"thumbnailUrl\":\"https:\/\/exceladvisor.org\/wp-content\/uploads\/2023\/11\/1-formule-pour-tester-la-valeur-de-la-cellule-est-un-nombre.png\",\"datePublished\":\"2023-11-11T11:57:31+00:00\",\"dateModified\":\"2023-12-06T11:50:28+00:00\",\"description\":\"Este tutorial ensinar\u00e1 como escrever uma f\u00f3rmula Excel para verificar se o valor de uma c\u00e9lula \u00e9 um n\u00famero. Vamos verificar isso\u2026\",\"breadcrumb\":{\"@id\":\"https:\/\/exceladvisor.org\/pt\/se-numero-do-valor-da-celula\/#breadcrumb\"},\"inLanguage\":\"pt-PT\",\"potentialAction\":[{\"@type\":\"ReadAction\",\"target\":[\"https:\/\/exceladvisor.org\/pt\/se-numero-do-valor-da-celula\/\"]}]},{\"@type\":\"ImageObject\",\"inLanguage\":\"pt-PT\",\"@id\":\"https:\/\/exceladvisor.org\/pt\/se-numero-do-valor-da-celula\/#primaryimage\",\"url\":\"https:\/\/exceladvisor.org\/wp-content\/uploads\/2023\/11\/1-formule-pour-tester-la-valeur-de-la-cellule-est-un-nombre.png\",\"contentUrl\":\"https:\/\/exceladvisor.org\/wp-content\/uploads\/2023\/11\/1-formule-pour-tester-la-valeur-de-la-cellule-est-un-nombre.png\"},{\"@type\":\"BreadcrumbList\",\"@id\":\"https:\/\/exceladvisor.org\/pt\/se-numero-do-valor-da-celula\/#breadcrumb\",\"itemListElement\":[{\"@type\":\"ListItem\",\"position\":1,\"name\":\"Lar\",\"item\":\"https:\/\/exceladvisor.org\/pt\/\"},{\"@type\":\"ListItem\",\"position\":2,\"name\":\"Como verificar se o valor de uma c\u00e9lula \u00e9 um n\u00famero?\"}]},{\"@type\":\"WebSite\",\"@id\":\"https:\/\/exceladvisor.org\/pt\/#website\",\"url\":\"https:\/\/exceladvisor.org\/pt\/\",\"name\":\"Excel Advisor\",\"description\":\"O seu guia definitivo para dominar os dados!\",\"publisher\":{\"@id\":\"https:\/\/exceladvisor.org\/pt\/#organization\"},\"potentialAction\":[{\"@type\":\"SearchAction\",\"target\":{\"@type\":\"EntryPoint\",\"urlTemplate\":\"https:\/\/exceladvisor.org\/pt\/?s={search_term_string}\"},\"query-input\":{\"@type\":\"PropertyValueSpecification\",\"valueRequired\":true,\"valueName\":\"search_term_string\"}}],\"inLanguage\":\"pt-PT\"},{\"@type\":\"Organization\",\"@id\":\"https:\/\/exceladvisor.org\/pt\/#organization\",\"name\":\"Excel Advisor\",\"url\":\"https:\/\/exceladvisor.org\/pt\/\",\"logo\":{\"@type\":\"ImageObject\",\"inLanguage\":\"pt-PT\",\"@id\":\"https:\/\/exceladvisor.org\/pt\/#\/schema\/logo\/image\/\",\"url\":\"https:\/\/exceladvisor.org\/pt\/wp-content\/uploads\/2023\/12\/exceladvisor.org_.png\",\"contentUrl\":\"https:\/\/exceladvisor.org\/pt\/wp-content\/uploads\/2023\/12\/exceladvisor.org_.png\",\"width\":105,\"height\":36,\"caption\":\"Excel Advisor\"},\"image\":{\"@id\":\"https:\/\/exceladvisor.org\/pt\/#\/schema\/logo\/image\/\"}}]}<\/script>\n<!-- \/ Yoast SEO plugin. -->","yoast_head_json":{"title":"Verifique se o valor de uma c\u00e9lula \u00e9 um n\u00famero no Excel","description":"Este tutorial ensinar\u00e1 como escrever uma f\u00f3rmula Excel para verificar se o valor de uma c\u00e9lula \u00e9 um n\u00famero. Vamos verificar isso\u2026","robots":{"index":"index","follow":"follow","max-snippet":"max-snippet:-1","max-image-preview":"max-image-preview:large","max-video-preview":"max-video-preview:-1"},"canonical":"https:\/\/exceladvisor.org\/pt\/se-numero-do-valor-da-celula\/","og_locale":"pt_PT","og_type":"article","og_title":"Verifique se o valor de uma c\u00e9lula \u00e9 um n\u00famero no Excel","og_description":"Este tutorial ensinar\u00e1 como escrever uma f\u00f3rmula Excel para verificar se o valor de uma c\u00e9lula \u00e9 um n\u00famero. Vamos verificar isso\u2026","og_url":"https:\/\/exceladvisor.org\/pt\/se-numero-do-valor-da-celula\/","og_site_name":"Excel Advisor","article_modified_time":"2023-12-06T11:50:28+00:00","og_image":[{"url":"https:\/\/exceladvisor.org\/wp-content\/uploads\/2023\/11\/1-formule-pour-tester-la-valeur-de-la-cellule-est-un-nombre.png","type":"","width":"","height":""}],"twitter_card":"summary_large_image","twitter_misc":{"Tempo estimado de leitura":"2 minutos"},"schema":{"@context":"https:\/\/schema.org","@graph":[{"@type":"WebPage","@id":"https:\/\/exceladvisor.org\/pt\/se-numero-do-valor-da-celula\/","url":"https:\/\/exceladvisor.org\/pt\/se-numero-do-valor-da-celula\/","name":"Verifique se o valor de uma c\u00e9lula \u00e9 um n\u00famero no Excel","isPartOf":{"@id":"https:\/\/exceladvisor.org\/pt\/#website"},"primaryImageOfPage":{"@id":"https:\/\/exceladvisor.org\/pt\/se-numero-do-valor-da-celula\/#primaryimage"},"image":{"@id":"https:\/\/exceladvisor.org\/pt\/se-numero-do-valor-da-celula\/#primaryimage"},"thumbnailUrl":"https:\/\/exceladvisor.org\/wp-content\/uploads\/2023\/11\/1-formule-pour-tester-la-valeur-de-la-cellule-est-un-nombre.png","datePublished":"2023-11-11T11:57:31+00:00","dateModified":"2023-12-06T11:50:28+00:00","description":"Este tutorial ensinar\u00e1 como escrever uma f\u00f3rmula Excel para verificar se o valor de uma c\u00e9lula \u00e9 um n\u00famero. Vamos verificar isso\u2026","breadcrumb":{"@id":"https:\/\/exceladvisor.org\/pt\/se-numero-do-valor-da-celula\/#breadcrumb"},"inLanguage":"pt-PT","potentialAction":[{"@type":"ReadAction","target":["https:\/\/exceladvisor.org\/pt\/se-numero-do-valor-da-celula\/"]}]},{"@type":"ImageObject","inLanguage":"pt-PT","@id":"https:\/\/exceladvisor.org\/pt\/se-numero-do-valor-da-celula\/#primaryimage","url":"https:\/\/exceladvisor.org\/wp-content\/uploads\/2023\/11\/1-formule-pour-tester-la-valeur-de-la-cellule-est-un-nombre.png","contentUrl":"https:\/\/exceladvisor.org\/wp-content\/uploads\/2023\/11\/1-formule-pour-tester-la-valeur-de-la-cellule-est-un-nombre.png"},{"@type":"BreadcrumbList","@id":"https:\/\/exceladvisor.org\/pt\/se-numero-do-valor-da-celula\/#breadcrumb","itemListElement":[{"@type":"ListItem","position":1,"name":"Lar","item":"https:\/\/exceladvisor.org\/pt\/"},{"@type":"ListItem","position":2,"name":"Como verificar se o valor de uma c\u00e9lula \u00e9 um n\u00famero?"}]},{"@type":"WebSite","@id":"https:\/\/exceladvisor.org\/pt\/#website","url":"https:\/\/exceladvisor.org\/pt\/","name":"Excel Advisor","description":"O seu guia definitivo para dominar os dados!","publisher":{"@id":"https:\/\/exceladvisor.org\/pt\/#organization"},"potentialAction":[{"@type":"SearchAction","target":{"@type":"EntryPoint","urlTemplate":"https:\/\/exceladvisor.org\/pt\/?s={search_term_string}"},"query-input":{"@type":"PropertyValueSpecification","valueRequired":true,"valueName":"search_term_string"}}],"inLanguage":"pt-PT"},{"@type":"Organization","@id":"https:\/\/exceladvisor.org\/pt\/#organization","name":"Excel Advisor","url":"https:\/\/exceladvisor.org\/pt\/","logo":{"@type":"ImageObject","inLanguage":"pt-PT","@id":"https:\/\/exceladvisor.org\/pt\/#\/schema\/logo\/image\/","url":"https:\/\/exceladvisor.org\/pt\/wp-content\/uploads\/2023\/12\/exceladvisor.org_.png","contentUrl":"https:\/\/exceladvisor.org\/pt\/wp-content\/uploads\/2023\/12\/exceladvisor.org_.png","width":105,"height":36,"caption":"Excel Advisor"},"image":{"@id":"https:\/\/exceladvisor.org\/pt\/#\/schema\/logo\/image\/"}}]}},"yoast_meta":{"yoast_wpseo_title":"","yoast_wpseo_metadesc":"","yoast_wpseo_canonical":""},"_links":{"self":[{"href":"https:\/\/exceladvisor.org\/pt\/wp-json\/wp\/v2\/pages\/216","targetHints":{"allow":["GET"]}}],"collection":[{"href":"https:\/\/exceladvisor.org\/pt\/wp-json\/wp\/v2\/pages"}],"about":[{"href":"https:\/\/exceladvisor.org\/pt\/wp-json\/wp\/v2\/types\/page"}],"author":[{"embeddable":true,"href":"https:\/\/exceladvisor.org\/pt\/wp-json\/wp\/v2\/users\/1"}],"replies":[{"embeddable":true,"href":"https:\/\/exceladvisor.org\/pt\/wp-json\/wp\/v2\/comments?post=216"}],"version-history":[{"count":1,"href":"https:\/\/exceladvisor.org\/pt\/wp-json\/wp\/v2\/pages\/216\/revisions"}],"predecessor-version":[{"id":1394,"href":"https:\/\/exceladvisor.org\/pt\/wp-json\/wp\/v2\/pages\/216\/revisions\/1394"}],"wp:attachment":[{"href":"https:\/\/exceladvisor.org\/pt\/wp-json\/wp\/v2\/media?parent=216"}],"curies":[{"name":"wp","href":"https:\/\/api.w.org\/{rel}","templated":true}]}}