{"id":217,"date":"2023-11-11T11:35:43","date_gmt":"2023-11-11T11:35:43","guid":{"rendered":"https:\/\/exceladvisor.org\/pt\/hiperlink-dinamico-2\/"},"modified":"2023-12-06T11:36:51","modified_gmt":"2023-12-06T11:36:51","slug":"hiperlink-dinamico-2","status":"publish","type":"page","link":"https:\/\/exceladvisor.org\/pt\/hiperlink-dinamico-2\/","title":{"rendered":"Como criar um hiperlink din\u00e2mico no excel?"},"content":{"rendered":"<div class=\"excel-before-content-2\" id=\"excel-599295821\"><script type=\"text\/javascript\">\r\n\tatOptions = {\r\n\t\t'key' : 'c1158f160081d6540a8409e6925dab94',\r\n\t\t'format' : 'iframe',\r\n\t\t'height' : 250,\r\n\t\t'width' : 300,\r\n\t\t'params' : {}\r\n\t};\r\n<\/script>\r\n<script type=\"text\/javascript\" src=\"\/\/www.highperformanceformat.com\/c1158f160081d6540a8409e6925dab94\/invoke.js\"><\/script><\/div><div class=\"excel-before-content\" id=\"excel-3891924159\"><script type=\"text\/javascript\">\r\n\tatOptions = {\r\n\t\t'key' : 'c1158f160081d6540a8409e6925dab94',\r\n\t\t'format' : 'iframe',\r\n\t\t'height' : 250,\r\n\t\t'width' : 300,\r\n\t\t'params' : {}\r\n\t};\r\n<\/script>\r\n<script type=\"text\/javascript\" src=\"\/\/www.highperformanceformat.com\/c1158f160081d6540a8409e6925dab94\/invoke.js\"><\/script><\/div> <p>Para criar um hiperlink din\u00e2mico onde voc\u00ea pode modificar o link especificado, voc\u00ea precisa usar a fun\u00e7\u00e3o HYPERLINK do Excel. Esta fun\u00e7\u00e3o permite especificar um link para um endere\u00e7o da web ou c\u00e9lula na pasta de trabalho.<\/p><p> Neste tutorial, aprenderemos como escrever uma f\u00f3rmula para isso.<\/p><h2 class=\"wp-block-heading\"> Escreva uma f\u00f3rmula para criar um hiperlink din\u00e2mico (endere\u00e7o da web)<\/h2><p> Voc\u00ea pode usar as etapas abaixo para isso.<\/p><ol type=\"1\"><li> Primeiro insira a fun\u00e7\u00e3o HYPERLINK em uma c\u00e9lula.<\/li><li> Depois disso, no primeiro argumento, fa\u00e7a refer\u00eancia \u00e0 c\u00e9lula onde voc\u00ea vai atualizar o endere\u00e7o do hiperlink, digamos a c\u00e9lula B1.<\/li><li> Em seguida, no segundo argumento, insira um nome amig\u00e1vel para o link como no link.<\/li><li> No final, insira os par\u00eanteses de fechamento e pressione Enter. <\/li><\/ol><div class=\"wp-block-image\"><figure class=\"aligncenter size-full is-resized\"><img loading=\"lazy\" decoding=\"async\" class=\"alignnone  wp-image-13351\" src=\"https:\/\/exceladvisor.org\/wp-content\/uploads\/2023\/11\/formule-pour-creer-hyperlien-dynamiques.png\" alt=\"f\u00f3rmula para criar hiperlink din\u00e2mico\" width=\"576\" height=\"253\" srcset=\"https:\/\/exceladvisor.org\/wp-content\/uploads\/2023\/11\/formule-pour-creer-hyperlien-dynamiques.png 1138w, https:\/\/exceladvisor.org\/wp-content\/uploads\/2023\/11\/formule-pour-creer-hyperlien-dynamiques-300x132.png 300w, https:\/\/exceladvisor.org\/wp-content\/uploads\/2023\/11\/formule-pour-creer-hyperlien-dynamiques-1024x449.png 1024w, https:\/\/exceladvisor.org\/wp-content\/uploads\/2023\/11\/formule-pour-creer-hyperlien-dynamiques-768x337.png 768w\" sizes=\"auto, (max-width: 576px) 100vw, 576px\"><\/figure><\/div><pre class=\"wp-block-code\"> <code class=\"language-excel-formula\" lang=\"excel-formula\">=HYPERLINK(B1,\"Hello\")<\/code><\/pre><p> Na c\u00e9lula B1 temos uma lista suspensa para alterar o endere\u00e7o da web. E no momento em que voc\u00ea alterar o endere\u00e7o do link na c\u00e9lula B1, o link na f\u00f3rmula tamb\u00e9m ser\u00e1 alterado.<\/p><h2 class=\"wp-block-heading\"> Crie um hiperlink din\u00e2mico para um endere\u00e7o de c\u00e9lula<\/h2><p> Da mesma forma, voc\u00ea pode criar um hiperlink din\u00e2mico para uma c\u00e9lula da pasta de trabalho. <\/p><div class=\"wp-block-image\"><figure class=\"aligncenter size-full is-resized\"><img loading=\"lazy\" decoding=\"async\" class=\"wp-image-80174\" src=\"https:\/\/exceladvisor.org\/wp-content\/uploads\/2023\/08\/4-hyperlien-dynamique-pour-une-adresse-cellulaire.png\" sizes=\"auto, \" srcset=\"\" alt=\"hiperlink din\u00e2mico para um endere\u00e7o de c\u00e9lula\" width=\"620\" height=\"212\"><\/figure><\/div><pre class=\"wp-block-code\"> <code class=\"language-excel-formula\" lang=\"excel-formula\">=HYPERLINK(\"#\"&amp;B1,\"Hello\")<\/code><\/pre><p> Na f\u00f3rmula acima, usamos o &#8216;#&#8217; com uma combina\u00e7\u00e3o da refer\u00eancia de c\u00e9lula da c\u00e9lula B1. Agora, assim que voc\u00ea alterar o endere\u00e7o da c\u00e9lula B1, o link na f\u00f3rmula ser\u00e1 alterado. <\/p><div class=\"gb-container gb-container-52dfcee1 gb-container-sample-file\"><h2 class=\"gb-headline gb-headline-e289c143 gb-headline-text gb-headline-4f7959c2\"> Obtenha o arquivo Excel<\/h2> <a class=\"gb-button gb-button-e88d6bee gb-button-text gb-button-button1\" href=\"https:\/\/exceladvisor.org\/wp-content\/uploads\/2023\/11\/lien-hypertexte-dynamique.xlsx\" rel=\"nofollow\">Download<\/a><\/div><div class=\"gb-container gb-container-0df56012 gb-container-mt\"> <a class=\"gb-button gb-button-f9f432f4 gb-button-text gb-button-mt-button\" href=\"https:\/\/exceladvisor.org\/pt\/formulas\/\">Lista de f\u00f3rmulas do Excel<\/a><h2 class=\"gb-headline gb-headline-233444e8 gb-headline-text gb-headline-mt-heading\"> F\u00f3rmulas relacionadas <\/h2><div class=\"gb-grid-wrapper gb-grid-wrapper-a16fa65c gb-grid-wrapper-mt-grid\"><div class=\"gb-grid-column gb-grid-column-50d07e0d\"><div class=\"gb-container gb-container-50d07e0d\"><ul><li> <a href=\"https:\/\/exceladvisor.org\/pt\/nova-linha-na-celula\/\">Adicione uma nova linha a uma c\u00e9lula no Excel (quebra de linha)<\/a><\/li><li> <a href=\"https:\/\/exceladvisor.org\/pt\/zeros-a-esquerda\/\">Adicione zeros \u00e0 esquerda no Excel<\/a><\/li><li> <a href=\"https:\/\/exceladvisor.org\/pt\/concatenar-celulas-com-virgula\/\">Concatenar (combinar) c\u00e9lulas com v\u00edrgula no Excel<\/a><\/li><li> <a href=\"https:\/\/exceladvisor.org\/pt\/concatenar-um-intervalo-de-celulas\/\">Concatenar (combinar) um intervalo de c\u00e9lulas no Excel<\/a><\/li><li> <a href=\"https:\/\/exceladvisor.org\/pt\/concatenar-uma-quebra-de-linha\/\">Concatenar com quebra de linha no Excel<\/a> <\/li><\/ul><\/div><\/div><div class=\"gb-grid-column gb-grid-column-5b4a0cf9\"><div class=\"gb-container gb-container-5b4a0cf9\"><\/div><\/div><\/div><\/div>","protected":false},"excerpt":{"rendered":"","protected":false},"author":1,"featured_media":0,"parent":0,"menu_order":0,"comment_status":"open","ping_status":"closed","template":"","meta":{"ub_ctt_via":"","footnotes":""},"class_list":["post-217","page","type-page","status-publish","hentry"],"featured_image_src":null,"yoast_head":"<!-- This site is optimized with the Yoast SEO plugin v25.4 - https:\/\/yoast.com\/wordpress\/plugins\/seo\/ -->\n<title>\u25b7 Como criar um hiperlink din\u00e2mico no Excel?<\/title>\n<meta name=\"description\" content=\"Este tutorial ensinar\u00e1 como escrever uma f\u00f3rmula do Excel para criar um hiperlink din\u00e2mico em uma c\u00e9lula. Vamos verificar isso\u2026\" \/>\n<meta name=\"robots\" content=\"index, follow, max-snippet:-1, max-image-preview:large, max-video-preview:-1\" \/>\n<link rel=\"canonical\" href=\"https:\/\/exceladvisor.org\/pt\/hiperlink-dinamico-2\/\" \/>\n<meta property=\"og:locale\" content=\"pt_PT\" \/>\n<meta property=\"og:type\" content=\"article\" \/>\n<meta property=\"og:title\" content=\"\u25b7 Como criar um hiperlink din\u00e2mico no Excel?\" \/>\n<meta property=\"og:description\" content=\"Este tutorial ensinar\u00e1 como escrever uma f\u00f3rmula do Excel para criar um hiperlink din\u00e2mico em uma c\u00e9lula. Vamos verificar isso\u2026\" \/>\n<meta property=\"og:url\" content=\"https:\/\/exceladvisor.org\/pt\/hiperlink-dinamico-2\/\" \/>\n<meta property=\"og:site_name\" content=\"Excel Advisor\" \/>\n<meta property=\"article:modified_time\" content=\"2023-12-06T11:36:51+00:00\" \/>\n<meta property=\"og:image\" content=\"https:\/\/exceladvisor.org\/wp-content\/uploads\/2023\/11\/formule-pour-creer-hyperlien-dynamiques.png\" \/>\n<meta name=\"twitter:card\" content=\"summary_large_image\" \/>\n<meta name=\"twitter:label1\" content=\"Tempo estimado de leitura\" \/>\n\t<meta name=\"twitter:data1\" content=\"2 minutos\" \/>\n<script type=\"application\/ld+json\" class=\"yoast-schema-graph\">{\"@context\":\"https:\/\/schema.org\",\"@graph\":[{\"@type\":\"WebPage\",\"@id\":\"https:\/\/exceladvisor.org\/pt\/hiperlink-dinamico-2\/\",\"url\":\"https:\/\/exceladvisor.org\/pt\/hiperlink-dinamico-2\/\",\"name\":\"\u25b7 Como criar um hiperlink din\u00e2mico no Excel?\",\"isPartOf\":{\"@id\":\"https:\/\/exceladvisor.org\/pt\/#website\"},\"primaryImageOfPage\":{\"@id\":\"https:\/\/exceladvisor.org\/pt\/hiperlink-dinamico-2\/#primaryimage\"},\"image\":{\"@id\":\"https:\/\/exceladvisor.org\/pt\/hiperlink-dinamico-2\/#primaryimage\"},\"thumbnailUrl\":\"https:\/\/exceladvisor.org\/wp-content\/uploads\/2023\/11\/formule-pour-creer-hyperlien-dynamiques.png\",\"datePublished\":\"2023-11-11T11:35:43+00:00\",\"dateModified\":\"2023-12-06T11:36:51+00:00\",\"description\":\"Este tutorial ensinar\u00e1 como escrever uma f\u00f3rmula do Excel para criar um hiperlink din\u00e2mico em uma c\u00e9lula. Vamos verificar isso\u2026\",\"breadcrumb\":{\"@id\":\"https:\/\/exceladvisor.org\/pt\/hiperlink-dinamico-2\/#breadcrumb\"},\"inLanguage\":\"pt-PT\",\"potentialAction\":[{\"@type\":\"ReadAction\",\"target\":[\"https:\/\/exceladvisor.org\/pt\/hiperlink-dinamico-2\/\"]}]},{\"@type\":\"ImageObject\",\"inLanguage\":\"pt-PT\",\"@id\":\"https:\/\/exceladvisor.org\/pt\/hiperlink-dinamico-2\/#primaryimage\",\"url\":\"https:\/\/exceladvisor.org\/wp-content\/uploads\/2023\/11\/formule-pour-creer-hyperlien-dynamiques.png\",\"contentUrl\":\"https:\/\/exceladvisor.org\/wp-content\/uploads\/2023\/11\/formule-pour-creer-hyperlien-dynamiques.png\"},{\"@type\":\"BreadcrumbList\",\"@id\":\"https:\/\/exceladvisor.org\/pt\/hiperlink-dinamico-2\/#breadcrumb\",\"itemListElement\":[{\"@type\":\"ListItem\",\"position\":1,\"name\":\"Lar\",\"item\":\"https:\/\/exceladvisor.org\/pt\/\"},{\"@type\":\"ListItem\",\"position\":2,\"name\":\"Como criar um hiperlink din\u00e2mico no excel?\"}]},{\"@type\":\"WebSite\",\"@id\":\"https:\/\/exceladvisor.org\/pt\/#website\",\"url\":\"https:\/\/exceladvisor.org\/pt\/\",\"name\":\"Excel Advisor\",\"description\":\"O seu guia definitivo para dominar os dados!\",\"publisher\":{\"@id\":\"https:\/\/exceladvisor.org\/pt\/#organization\"},\"potentialAction\":[{\"@type\":\"SearchAction\",\"target\":{\"@type\":\"EntryPoint\",\"urlTemplate\":\"https:\/\/exceladvisor.org\/pt\/?s={search_term_string}\"},\"query-input\":{\"@type\":\"PropertyValueSpecification\",\"valueRequired\":true,\"valueName\":\"search_term_string\"}}],\"inLanguage\":\"pt-PT\"},{\"@type\":\"Organization\",\"@id\":\"https:\/\/exceladvisor.org\/pt\/#organization\",\"name\":\"Excel Advisor\",\"url\":\"https:\/\/exceladvisor.org\/pt\/\",\"logo\":{\"@type\":\"ImageObject\",\"inLanguage\":\"pt-PT\",\"@id\":\"https:\/\/exceladvisor.org\/pt\/#\/schema\/logo\/image\/\",\"url\":\"https:\/\/exceladvisor.org\/pt\/wp-content\/uploads\/2023\/12\/exceladvisor.org_.png\",\"contentUrl\":\"https:\/\/exceladvisor.org\/pt\/wp-content\/uploads\/2023\/12\/exceladvisor.org_.png\",\"width\":105,\"height\":36,\"caption\":\"Excel Advisor\"},\"image\":{\"@id\":\"https:\/\/exceladvisor.org\/pt\/#\/schema\/logo\/image\/\"}}]}<\/script>\n<!-- \/ Yoast SEO plugin. -->","yoast_head_json":{"title":"\u25b7 Como criar um hiperlink din\u00e2mico no Excel?","description":"Este tutorial ensinar\u00e1 como escrever uma f\u00f3rmula do Excel para criar um hiperlink din\u00e2mico em uma c\u00e9lula. Vamos verificar isso\u2026","robots":{"index":"index","follow":"follow","max-snippet":"max-snippet:-1","max-image-preview":"max-image-preview:large","max-video-preview":"max-video-preview:-1"},"canonical":"https:\/\/exceladvisor.org\/pt\/hiperlink-dinamico-2\/","og_locale":"pt_PT","og_type":"article","og_title":"\u25b7 Como criar um hiperlink din\u00e2mico no Excel?","og_description":"Este tutorial ensinar\u00e1 como escrever uma f\u00f3rmula do Excel para criar um hiperlink din\u00e2mico em uma c\u00e9lula. Vamos verificar isso\u2026","og_url":"https:\/\/exceladvisor.org\/pt\/hiperlink-dinamico-2\/","og_site_name":"Excel Advisor","article_modified_time":"2023-12-06T11:36:51+00:00","og_image":[{"url":"https:\/\/exceladvisor.org\/wp-content\/uploads\/2023\/11\/formule-pour-creer-hyperlien-dynamiques.png","type":"","width":"","height":""}],"twitter_card":"summary_large_image","twitter_misc":{"Tempo estimado de leitura":"2 minutos"},"schema":{"@context":"https:\/\/schema.org","@graph":[{"@type":"WebPage","@id":"https:\/\/exceladvisor.org\/pt\/hiperlink-dinamico-2\/","url":"https:\/\/exceladvisor.org\/pt\/hiperlink-dinamico-2\/","name":"\u25b7 Como criar um hiperlink din\u00e2mico no Excel?","isPartOf":{"@id":"https:\/\/exceladvisor.org\/pt\/#website"},"primaryImageOfPage":{"@id":"https:\/\/exceladvisor.org\/pt\/hiperlink-dinamico-2\/#primaryimage"},"image":{"@id":"https:\/\/exceladvisor.org\/pt\/hiperlink-dinamico-2\/#primaryimage"},"thumbnailUrl":"https:\/\/exceladvisor.org\/wp-content\/uploads\/2023\/11\/formule-pour-creer-hyperlien-dynamiques.png","datePublished":"2023-11-11T11:35:43+00:00","dateModified":"2023-12-06T11:36:51+00:00","description":"Este tutorial ensinar\u00e1 como escrever uma f\u00f3rmula do Excel para criar um hiperlink din\u00e2mico em uma c\u00e9lula. Vamos verificar isso\u2026","breadcrumb":{"@id":"https:\/\/exceladvisor.org\/pt\/hiperlink-dinamico-2\/#breadcrumb"},"inLanguage":"pt-PT","potentialAction":[{"@type":"ReadAction","target":["https:\/\/exceladvisor.org\/pt\/hiperlink-dinamico-2\/"]}]},{"@type":"ImageObject","inLanguage":"pt-PT","@id":"https:\/\/exceladvisor.org\/pt\/hiperlink-dinamico-2\/#primaryimage","url":"https:\/\/exceladvisor.org\/wp-content\/uploads\/2023\/11\/formule-pour-creer-hyperlien-dynamiques.png","contentUrl":"https:\/\/exceladvisor.org\/wp-content\/uploads\/2023\/11\/formule-pour-creer-hyperlien-dynamiques.png"},{"@type":"BreadcrumbList","@id":"https:\/\/exceladvisor.org\/pt\/hiperlink-dinamico-2\/#breadcrumb","itemListElement":[{"@type":"ListItem","position":1,"name":"Lar","item":"https:\/\/exceladvisor.org\/pt\/"},{"@type":"ListItem","position":2,"name":"Como criar um hiperlink din\u00e2mico no excel?"}]},{"@type":"WebSite","@id":"https:\/\/exceladvisor.org\/pt\/#website","url":"https:\/\/exceladvisor.org\/pt\/","name":"Excel Advisor","description":"O seu guia definitivo para dominar os dados!","publisher":{"@id":"https:\/\/exceladvisor.org\/pt\/#organization"},"potentialAction":[{"@type":"SearchAction","target":{"@type":"EntryPoint","urlTemplate":"https:\/\/exceladvisor.org\/pt\/?s={search_term_string}"},"query-input":{"@type":"PropertyValueSpecification","valueRequired":true,"valueName":"search_term_string"}}],"inLanguage":"pt-PT"},{"@type":"Organization","@id":"https:\/\/exceladvisor.org\/pt\/#organization","name":"Excel Advisor","url":"https:\/\/exceladvisor.org\/pt\/","logo":{"@type":"ImageObject","inLanguage":"pt-PT","@id":"https:\/\/exceladvisor.org\/pt\/#\/schema\/logo\/image\/","url":"https:\/\/exceladvisor.org\/pt\/wp-content\/uploads\/2023\/12\/exceladvisor.org_.png","contentUrl":"https:\/\/exceladvisor.org\/pt\/wp-content\/uploads\/2023\/12\/exceladvisor.org_.png","width":105,"height":36,"caption":"Excel Advisor"},"image":{"@id":"https:\/\/exceladvisor.org\/pt\/#\/schema\/logo\/image\/"}}]}},"yoast_meta":{"yoast_wpseo_title":"","yoast_wpseo_metadesc":"","yoast_wpseo_canonical":""},"_links":{"self":[{"href":"https:\/\/exceladvisor.org\/pt\/wp-json\/wp\/v2\/pages\/217","targetHints":{"allow":["GET"]}}],"collection":[{"href":"https:\/\/exceladvisor.org\/pt\/wp-json\/wp\/v2\/pages"}],"about":[{"href":"https:\/\/exceladvisor.org\/pt\/wp-json\/wp\/v2\/types\/page"}],"author":[{"embeddable":true,"href":"https:\/\/exceladvisor.org\/pt\/wp-json\/wp\/v2\/users\/1"}],"replies":[{"embeddable":true,"href":"https:\/\/exceladvisor.org\/pt\/wp-json\/wp\/v2\/comments?post=217"}],"version-history":[{"count":1,"href":"https:\/\/exceladvisor.org\/pt\/wp-json\/wp\/v2\/pages\/217\/revisions"}],"predecessor-version":[{"id":991,"href":"https:\/\/exceladvisor.org\/pt\/wp-json\/wp\/v2\/pages\/217\/revisions\/991"}],"wp:attachment":[{"href":"https:\/\/exceladvisor.org\/pt\/wp-json\/wp\/v2\/media?parent=217"}],"curies":[{"name":"wp","href":"https:\/\/api.w.org\/{rel}","templated":true}]}}