{"id":219,"date":"2023-11-11T11:17:32","date_gmt":"2023-11-11T11:17:32","guid":{"rendered":"https:\/\/exceladvisor.org\/pt\/encontrar-substituir\/"},"modified":"2023-12-06T11:38:21","modified_gmt":"2023-12-06T11:38:21","slug":"encontrar-substituir","status":"publish","type":"page","link":"https:\/\/exceladvisor.org\/pt\/encontrar-substituir\/","title":{"rendered":"Como localizar e substituir no excel?"},"content":{"rendered":"<div class=\"excel-before-content-2\" id=\"excel-617964461\"><script type=\"text\/javascript\">\r\n\tatOptions = {\r\n\t\t'key' : 'c1158f160081d6540a8409e6925dab94',\r\n\t\t'format' : 'iframe',\r\n\t\t'height' : 250,\r\n\t\t'width' : 300,\r\n\t\t'params' : {}\r\n\t};\r\n<\/script>\r\n<script type=\"text\/javascript\" src=\"\/\/www.highperformanceformat.com\/c1158f160081d6540a8409e6925dab94\/invoke.js\"><\/script><\/div><div class=\"excel-before-content\" id=\"excel-1846005921\"><script type=\"text\/javascript\">\r\n\tatOptions = {\r\n\t\t'key' : 'c1158f160081d6540a8409e6925dab94',\r\n\t\t'format' : 'iframe',\r\n\t\t'height' : 250,\r\n\t\t'width' : 300,\r\n\t\t'params' : {}\r\n\t};\r\n<\/script>\r\n<script type=\"text\/javascript\" src=\"\/\/www.highperformanceformat.com\/c1158f160081d6540a8409e6925dab94\/invoke.js\"><\/script><\/div> <p>\u00c0s vezes, quando trabalhamos em muitos projetos, \u00e9 dif\u00edcil encontrar dados espec\u00edficos em uma planilha. Digitalizar todo o documento que cont\u00e9m centenas de linhas e colunas \u00e9 algo imposs\u00edvel de fazer.<\/p><p> Aqui, com este recurso superpoderoso e pr\u00e1tico de localiza\u00e7\u00e3o e substitui\u00e7\u00e3o, podemos encontrar qualquer n\u00famero, string ou caractere especial se voc\u00ea souber como us\u00e1-lo. Al\u00e9m disso, a fun\u00e7\u00e3o de substitui\u00e7\u00e3o permite alterar qualquer palavra ou valor por outros.<\/p><p> Neste tutorial, aprenderemos ou entenderemos como funciona a fun\u00e7\u00e3o Localizar e Substituir.<\/p><h2 class=\"wp-block-heading\"> Atalho para abrir Localizar e Substituir<\/h2><p> Para abrir rapidamente a op\u00e7\u00e3o Localizar e Substituir, voc\u00ea pode usar os seguintes atalhos de teclado.<\/p><ul><li> <strong>Pesquisar:<\/strong> Ctrl+F<\/li><li> <strong>Substituir:<\/strong> Ctrl+H<\/li><\/ul><h2 class=\"wp-block-heading\"> Use a op\u00e7\u00e3o Localizar no Excel<\/h2><p> Vamos dar um exemplo simples para entender como funciona a op\u00e7\u00e3o de pesquisa.<\/p><ol><li> Primeiro v\u00e1 para a guia <strong>In\u00edcio<\/strong> e depois para o grupo <strong>Edi\u00e7\u00e3o<\/strong> . Clique no menu suspenso Localizar e selecionar e selecione a op\u00e7\u00e3o \u201c <strong>Pesquisar<\/strong> \u201d. <br><img loading=\"lazy\" decoding=\"async\" title=\"1 op\u00e7\u00e3o de casa e localiza\u00e7\u00e3o\" src=\"https:\/\/exceladvisor.org\/wp-content\/uploads\/2023\/08\/1-option-daccueil-et-de-recherche.png\" sizes=\"auto, \" srcset=\"\" alt=\"click-home-and-select-find-option\" width=\"813\" height=\"248\"><\/li><li> Depois de clicar nele, a caixa de di\u00e1logo \u201c <strong>Localizar e Substituir<\/strong> \u201d ser\u00e1 aberta na janela.<\/li><li> Agora voc\u00ea pode digitar na caixa de entrada \u201c <strong>Localizar<\/strong> \u201d o valor que deseja encontrar em sua planilha.<\/li><li> Em seguida, pressione o bot\u00e3o \u201cEnter\u201d e voc\u00ea notar\u00e1 que a c\u00e9lula com o mesmo valor ficar\u00e1 destacada. <br><img loading=\"lazy\" decoding=\"async\" title=\"2-encontre qual op\u00e7\u00e3o e insira\" src=\"https:\/\/exceladvisor.org\/wp-content\/uploads\/2023\/08\/2-trouvez-quelle-option-et-entrez.png\" sizes=\"auto, \" srcset=\"\" alt=\"fill-find-what-option-and-enter\" width=\"676\" height=\"271\"><\/li><\/ol><p> Ao clicar no bot\u00e3o \u201c <strong>Localizar tudo<\/strong> \u201d, ser\u00e1 exibida uma lista de c\u00e9lulas onde aquele valor ou palavra foi encontrado. Ao utilizar o bot\u00e3o \u201cLocalizar Pr\u00f3ximo\u201d, o Excel seleciona a outra c\u00e9lula onde ocorre o valor pesquisado na planilha, e assim por diante. <\/p><div class=\"wp-block-image\"><figure class=\"aligncenter size-full is-resized\"><img loading=\"lazy\" decoding=\"async\" class=\"wp-image-70737\" src=\"https:\/\/exceladvisor.org\/wp-content\/uploads\/2023\/08\/3-trouver-toutes-les-fonctions.png\" sizes=\"auto, \" srcset=\"\" alt=\"clique em encontrar todas as fun\u00e7\u00f5es para todos os valores\" width=\"714\" height=\"320\"><\/figure><\/div><h2 class=\"wp-block-heading\"> Use a op\u00e7\u00e3o Substituir no Excel<\/h2><p> Agora vamos ver como podemos substituir o valor ou dado espec\u00edfico por outro da planilha. Aqui est\u00e3o as seguintes etapas a serem seguidas:<\/p><ol><li> Primeiro de tudo, voc\u00ea pode abrir a caixa de di\u00e1logo \u201cSubstituir\u201d usando as <strong>teclas de atalho, ou seja,<\/strong> <strong>Ctrl + H.<\/strong> <br><img loading=\"lazy\" decoding=\"async\" title=\"4 caixas de di\u00e1logo para localizar e substituir\" src=\"https:\/\/exceladvisor.org\/wp-content\/uploads\/2023\/08\/4-boite-de-dialogue-Rechercher-et-remplacer.png\" sizes=\"auto, \" srcset=\"\" alt=\"find-and-replace-dialog-box\" width=\"669\" height=\"229\"><\/li><li> Haver\u00e1 duas caixas de di\u00e1logo que s\u00e3o \u201c <strong>Localizar o que<\/strong> \u201d e \u201c <strong>Substituir por<\/strong> \u201d. Nele voc\u00ea pode preencher o valor ou texto que deseja pesquisar e substitu\u00ed-lo.<\/li><li> Agora <strong>clique no<\/strong> <strong>bot\u00e3o<\/strong> \u201c <strong>Substituir<\/strong> \u201d e voc\u00ea ver\u00e1 cada valor que \u00e9 substitu\u00eddo um por um. (Isso funciona como a op\u00e7\u00e3o \u201c <strong>Localizar pr\u00f3ximo<\/strong> \u201d.) <br><img loading=\"lazy\" decoding=\"async\" title=\"5-use-substituir-op\u00e7\u00e3o-1\" src=\"https:\/\/exceladvisor.org\/wp-content\/uploads\/2023\/08\/5-utilisez-loption-de-remplacement-1.png\" sizes=\"auto, \" srcset=\"\" alt=\"\" width=\"742\" height=\"252\"><\/li><li> Al\u00e9m disso, o bot\u00e3o \u201c <strong>Substituir tudo<\/strong> \u201d economizar\u00e1 seu tempo e <strong>substituir\u00e1 todos os dados<\/strong> <strong>com apenas um clique<\/strong> . <br><img loading=\"lazy\" decoding=\"async\" title=\"Op\u00e7\u00e3o 6-substituir tudo\" src=\"https:\/\/exceladvisor.org\/wp-content\/uploads\/2023\/08\/6-remplacer-toutes-les-options.png\" sizes=\"auto, \" srcset=\"\" alt=\"use-replace-all-option\" width=\"669\" height=\"228\"><\/li><\/ol><h2 class=\"wp-block-heading\"> Encontre e substitua por mais op\u00e7\u00f5es<\/h2><p> Existem op\u00e7\u00f5es avan\u00e7adas na caixa de di\u00e1logo Localizar e Substituir que o ajudar\u00e3o a personalizar os dados de acordo com suas necessidades na planilha. Vamos discutir isso em detalhes:<\/p><ol><li> Primeiro, use as <strong>teclas de atalho Ctrl+F<\/strong> para abrir a caixa de di\u00e1logo de pesquisa. Em seguida, clique no bot\u00e3o \u201c <strong>Op\u00e7\u00f5es<\/strong> \u201d na caixa de di\u00e1logo.<\/li><li> Depois de clicar nele, voc\u00ea encontrar\u00e1 diferentes configura\u00e7\u00f5es com v\u00e1rias condi\u00e7\u00f5es espec\u00edficas.<\/li><li> O primeiro \u00e9 \u201c <strong>Dentro<\/strong> \u201d. Ao clicar no menu suspenso, voc\u00ea tem a op\u00e7\u00e3o de pesquisar o valor na planilha ou em toda a pasta de trabalho. <br><img loading=\"lazy\" decoding=\"async\" title=\"Mais 7 op\u00e7\u00f5es na planilha\" src=\"https:\/\/exceladvisor.org\/wp-content\/uploads\/2023\/08\/7-options-supplementaires-dans-la-feuille.png\" sizes=\"auto, \" srcset=\"\" alt=\"more-options-within-sheet-find-and-replace\" width=\"703\" height=\"322\"><\/li><li> Em seguida, a \u201c <strong>caixa de pesquisa<\/strong> \u201d permitir\u00e1 que voc\u00ea encontre os dados separadamente em linhas e colunas.<\/li><li> Por\u00e9m, no caso da <strong>op\u00e7\u00e3o \u201cLocalizar em\u201d,<\/strong> voc\u00ea pode encontrar diretamente uma c\u00e9lula contendo uma f\u00f3rmula, valores e coment\u00e1rios espec\u00edficos. <br><img loading=\"lazy\" decoding=\"async\" title=\"8 op\u00e7\u00f5es de pesquisa e pesquisa\" src=\"https:\/\/exceladvisor.org\/wp-content\/uploads\/2023\/08\/8-rechercher-et-regarder-dans-les-options.png\" sizes=\"auto, \" srcset=\"\" alt=\"search-and-look-in-options-find-and-replace\" width=\"692\" height=\"283\"><\/li><\/ol><p> <strong>Match case:<\/strong> voc\u00ea pode marcar esta op\u00e7\u00e3o quando quiser pesquisar um valor com mai\u00fasculas e min\u00fasculas exatas. Por exemplo: Quando voc\u00ea tem um valor em letras mai\u00fasculas e deseja pesquisar valores apenas em letras mai\u00fasculas. <\/p><div class=\"wp-block-image\"><figure class=\"aligncenter size-full is-resized\"><img loading=\"lazy\" decoding=\"async\" class=\"wp-image-70962\" src=\"https:\/\/exceladvisor.org\/wp-content\/uploads\/2023\/08\/11-ajouts-de-boitiers-dallumettes.png\" sizes=\"auto, \" srcset=\"\" alt=\"adi\u00e7\u00f5es de casos de correspond\u00eancia\" width=\"764\" height=\"390\"><\/figure><\/div><p> <strong>Corresponder ao conte\u00fado inteiro da c\u00e9lula:<\/strong> Ao clicar nesta op\u00e7\u00e3o, ela o ajudar\u00e1 a destacar exatamente a mesma correspond\u00eancia que voc\u00ea adicionou em sua pesquisa. Al\u00e9m disso, neste caso, n\u00e3o \u00e9 poss\u00edvel encontrar o mesmo valor com nenhum s\u00edmbolo ou caractere. <\/p><div class=\"wp-block-image\"><figure class=\"aligncenter size-full is-resized\"><img loading=\"lazy\" decoding=\"async\" class=\"wp-image-70966\" src=\"https:\/\/exceladvisor.org\/wp-content\/uploads\/2023\/08\/12-correspondent-a-des-ajouts-de-contenu-de-cellule-entiers.png\" sizes=\"auto, \" srcset=\"\" alt=\"\" width=\"798\" height=\"412\"><\/figure><\/div><div class=\"gb-container gb-container-4db6181c gb-container-mt\"> <a class=\"gb-button gb-button-c5897111 gb-button-text gb-button-mt-button\" href=\"https:\/\/exceladvisor.org\/pt\/nocoes-basicas-de-excel\/\">No\u00e7\u00f5es b\u00e1sicas do Microsoft Excel (componentes, pe\u00e7as e notas de conhecimento)<\/a><h2 class=\"gb-headline gb-headline-665e5f6b gb-headline-text gb-headline-mt-heading\"> Tutoriais relacionados <\/h2><div class=\"gb-grid-wrapper gb-grid-wrapper-a20baf7c gb-grid-wrapper-mt-grid\"><div class=\"gb-grid-column gb-grid-column-65ddf67e\"><div class=\"gb-container gb-container-65ddf67e\"><ul><li> <a href=\"https:\/\/exceladvisor.org\/pt\/desenhe-uma-linha\/\">Desenhe uma linha no Excel<\/a><\/li><li> <a href=\"https:\/\/exceladvisor.org\/pt\/adicionar-um-botao\/\">Adicionar um bot\u00e3o no Excel<\/a><\/li><li> <a href=\"https:\/\/exceladvisor.org\/pt\/fundir-celulas-dissociadas\/\">Mesclar \u2013 desagrupar c\u00e9lulas no Excel<\/a><\/li><li> <a href=\"https:\/\/exceladvisor.org\/pt\/verificador-ortografico\/\">Verifica\u00e7\u00e3o ortogr\u00e1fica no Excel<\/a><\/li><li> <a href=\"https:\/\/exceladvisor.org\/pt\/cancelamento\/\">Aumentar e diminuir o recuo no Excel<\/a> <\/li><\/ul><\/div><\/div><div class=\"gb-grid-column gb-grid-column-50067b57\"><div class=\"gb-container gb-container-50067b57\"><\/div><\/div><\/div><\/div>","protected":false},"excerpt":{"rendered":"","protected":false},"author":1,"featured_media":0,"parent":0,"menu_order":0,"comment_status":"open","ping_status":"closed","template":"","meta":{"ub_ctt_via":"","footnotes":""},"class_list":["post-219","page","type-page","status-publish","hentry"],"featured_image_src":null,"yoast_head":"<!-- This site is optimized with the Yoast SEO plugin v25.4 - https:\/\/yoast.com\/wordpress\/plugins\/seo\/ -->\n<title>Localizar e substituir no Excel (b\u00e1sico ao avan\u00e7ado 2023)<\/title>\n<meta name=\"description\" content=\"Neste tutorial aprenderemos como usar a op\u00e7\u00e3o Localizar e Substituir no Excel com todas as op\u00e7\u00f5es que temos.\" \/>\n<meta name=\"robots\" content=\"index, follow, max-snippet:-1, max-image-preview:large, max-video-preview:-1\" \/>\n<link rel=\"canonical\" href=\"https:\/\/exceladvisor.org\/pt\/encontrar-substituir\/\" \/>\n<meta property=\"og:locale\" content=\"pt_PT\" \/>\n<meta property=\"og:type\" content=\"article\" \/>\n<meta property=\"og:title\" content=\"Localizar e substituir no Excel (b\u00e1sico ao avan\u00e7ado 2023)\" \/>\n<meta property=\"og:description\" content=\"Neste tutorial aprenderemos como usar a op\u00e7\u00e3o Localizar e Substituir no Excel com todas as op\u00e7\u00f5es que temos.\" \/>\n<meta property=\"og:url\" content=\"https:\/\/exceladvisor.org\/pt\/encontrar-substituir\/\" \/>\n<meta property=\"og:site_name\" content=\"Excel Advisor\" \/>\n<meta property=\"article:modified_time\" content=\"2023-12-06T11:38:21+00:00\" \/>\n<meta property=\"og:image\" content=\"https:\/\/exceladvisor.org\/wp-content\/uploads\/2023\/08\/1-option-daccueil-et-de-recherche.png\" \/>\n<meta name=\"twitter:card\" content=\"summary_large_image\" \/>\n<meta name=\"twitter:label1\" content=\"Tempo estimado de leitura\" \/>\n\t<meta name=\"twitter:data1\" content=\"3 minutos\" \/>\n<script type=\"application\/ld+json\" class=\"yoast-schema-graph\">{\"@context\":\"https:\/\/schema.org\",\"@graph\":[{\"@type\":\"WebPage\",\"@id\":\"https:\/\/exceladvisor.org\/pt\/encontrar-substituir\/\",\"url\":\"https:\/\/exceladvisor.org\/pt\/encontrar-substituir\/\",\"name\":\"Localizar e substituir no Excel (b\u00e1sico ao avan\u00e7ado 2023)\",\"isPartOf\":{\"@id\":\"https:\/\/exceladvisor.org\/pt\/#website\"},\"primaryImageOfPage\":{\"@id\":\"https:\/\/exceladvisor.org\/pt\/encontrar-substituir\/#primaryimage\"},\"image\":{\"@id\":\"https:\/\/exceladvisor.org\/pt\/encontrar-substituir\/#primaryimage\"},\"thumbnailUrl\":\"https:\/\/exceladvisor.org\/wp-content\/uploads\/2023\/08\/1-option-daccueil-et-de-recherche.png\",\"datePublished\":\"2023-11-11T11:17:32+00:00\",\"dateModified\":\"2023-12-06T11:38:21+00:00\",\"description\":\"Neste tutorial aprenderemos como usar a op\u00e7\u00e3o Localizar e Substituir no Excel com todas as op\u00e7\u00f5es que temos.\",\"breadcrumb\":{\"@id\":\"https:\/\/exceladvisor.org\/pt\/encontrar-substituir\/#breadcrumb\"},\"inLanguage\":\"pt-PT\",\"potentialAction\":[{\"@type\":\"ReadAction\",\"target\":[\"https:\/\/exceladvisor.org\/pt\/encontrar-substituir\/\"]}]},{\"@type\":\"ImageObject\",\"inLanguage\":\"pt-PT\",\"@id\":\"https:\/\/exceladvisor.org\/pt\/encontrar-substituir\/#primaryimage\",\"url\":\"https:\/\/exceladvisor.org\/wp-content\/uploads\/2023\/08\/1-option-daccueil-et-de-recherche.png\",\"contentUrl\":\"https:\/\/exceladvisor.org\/wp-content\/uploads\/2023\/08\/1-option-daccueil-et-de-recherche.png\"},{\"@type\":\"BreadcrumbList\",\"@id\":\"https:\/\/exceladvisor.org\/pt\/encontrar-substituir\/#breadcrumb\",\"itemListElement\":[{\"@type\":\"ListItem\",\"position\":1,\"name\":\"Lar\",\"item\":\"https:\/\/exceladvisor.org\/pt\/\"},{\"@type\":\"ListItem\",\"position\":2,\"name\":\"Como localizar e substituir no excel?\"}]},{\"@type\":\"WebSite\",\"@id\":\"https:\/\/exceladvisor.org\/pt\/#website\",\"url\":\"https:\/\/exceladvisor.org\/pt\/\",\"name\":\"Excel Advisor\",\"description\":\"O seu guia definitivo para dominar os dados!\",\"publisher\":{\"@id\":\"https:\/\/exceladvisor.org\/pt\/#organization\"},\"potentialAction\":[{\"@type\":\"SearchAction\",\"target\":{\"@type\":\"EntryPoint\",\"urlTemplate\":\"https:\/\/exceladvisor.org\/pt\/?s={search_term_string}\"},\"query-input\":{\"@type\":\"PropertyValueSpecification\",\"valueRequired\":true,\"valueName\":\"search_term_string\"}}],\"inLanguage\":\"pt-PT\"},{\"@type\":\"Organization\",\"@id\":\"https:\/\/exceladvisor.org\/pt\/#organization\",\"name\":\"Excel Advisor\",\"url\":\"https:\/\/exceladvisor.org\/pt\/\",\"logo\":{\"@type\":\"ImageObject\",\"inLanguage\":\"pt-PT\",\"@id\":\"https:\/\/exceladvisor.org\/pt\/#\/schema\/logo\/image\/\",\"url\":\"https:\/\/exceladvisor.org\/pt\/wp-content\/uploads\/2023\/12\/exceladvisor.org_.png\",\"contentUrl\":\"https:\/\/exceladvisor.org\/pt\/wp-content\/uploads\/2023\/12\/exceladvisor.org_.png\",\"width\":105,\"height\":36,\"caption\":\"Excel Advisor\"},\"image\":{\"@id\":\"https:\/\/exceladvisor.org\/pt\/#\/schema\/logo\/image\/\"}}]}<\/script>\n<!-- \/ Yoast SEO plugin. -->","yoast_head_json":{"title":"Localizar e substituir no Excel (b\u00e1sico ao avan\u00e7ado 2023)","description":"Neste tutorial aprenderemos como usar a op\u00e7\u00e3o Localizar e Substituir no Excel com todas as op\u00e7\u00f5es que temos.","robots":{"index":"index","follow":"follow","max-snippet":"max-snippet:-1","max-image-preview":"max-image-preview:large","max-video-preview":"max-video-preview:-1"},"canonical":"https:\/\/exceladvisor.org\/pt\/encontrar-substituir\/","og_locale":"pt_PT","og_type":"article","og_title":"Localizar e substituir no Excel (b\u00e1sico ao avan\u00e7ado 2023)","og_description":"Neste tutorial aprenderemos como usar a op\u00e7\u00e3o Localizar e Substituir no Excel com todas as op\u00e7\u00f5es que temos.","og_url":"https:\/\/exceladvisor.org\/pt\/encontrar-substituir\/","og_site_name":"Excel Advisor","article_modified_time":"2023-12-06T11:38:21+00:00","og_image":[{"url":"https:\/\/exceladvisor.org\/wp-content\/uploads\/2023\/08\/1-option-daccueil-et-de-recherche.png","type":"","width":"","height":""}],"twitter_card":"summary_large_image","twitter_misc":{"Tempo estimado de leitura":"3 minutos"},"schema":{"@context":"https:\/\/schema.org","@graph":[{"@type":"WebPage","@id":"https:\/\/exceladvisor.org\/pt\/encontrar-substituir\/","url":"https:\/\/exceladvisor.org\/pt\/encontrar-substituir\/","name":"Localizar e substituir no Excel (b\u00e1sico ao avan\u00e7ado 2023)","isPartOf":{"@id":"https:\/\/exceladvisor.org\/pt\/#website"},"primaryImageOfPage":{"@id":"https:\/\/exceladvisor.org\/pt\/encontrar-substituir\/#primaryimage"},"image":{"@id":"https:\/\/exceladvisor.org\/pt\/encontrar-substituir\/#primaryimage"},"thumbnailUrl":"https:\/\/exceladvisor.org\/wp-content\/uploads\/2023\/08\/1-option-daccueil-et-de-recherche.png","datePublished":"2023-11-11T11:17:32+00:00","dateModified":"2023-12-06T11:38:21+00:00","description":"Neste tutorial aprenderemos como usar a op\u00e7\u00e3o Localizar e Substituir no Excel com todas as op\u00e7\u00f5es que temos.","breadcrumb":{"@id":"https:\/\/exceladvisor.org\/pt\/encontrar-substituir\/#breadcrumb"},"inLanguage":"pt-PT","potentialAction":[{"@type":"ReadAction","target":["https:\/\/exceladvisor.org\/pt\/encontrar-substituir\/"]}]},{"@type":"ImageObject","inLanguage":"pt-PT","@id":"https:\/\/exceladvisor.org\/pt\/encontrar-substituir\/#primaryimage","url":"https:\/\/exceladvisor.org\/wp-content\/uploads\/2023\/08\/1-option-daccueil-et-de-recherche.png","contentUrl":"https:\/\/exceladvisor.org\/wp-content\/uploads\/2023\/08\/1-option-daccueil-et-de-recherche.png"},{"@type":"BreadcrumbList","@id":"https:\/\/exceladvisor.org\/pt\/encontrar-substituir\/#breadcrumb","itemListElement":[{"@type":"ListItem","position":1,"name":"Lar","item":"https:\/\/exceladvisor.org\/pt\/"},{"@type":"ListItem","position":2,"name":"Como localizar e substituir no excel?"}]},{"@type":"WebSite","@id":"https:\/\/exceladvisor.org\/pt\/#website","url":"https:\/\/exceladvisor.org\/pt\/","name":"Excel Advisor","description":"O seu guia definitivo para dominar os dados!","publisher":{"@id":"https:\/\/exceladvisor.org\/pt\/#organization"},"potentialAction":[{"@type":"SearchAction","target":{"@type":"EntryPoint","urlTemplate":"https:\/\/exceladvisor.org\/pt\/?s={search_term_string}"},"query-input":{"@type":"PropertyValueSpecification","valueRequired":true,"valueName":"search_term_string"}}],"inLanguage":"pt-PT"},{"@type":"Organization","@id":"https:\/\/exceladvisor.org\/pt\/#organization","name":"Excel Advisor","url":"https:\/\/exceladvisor.org\/pt\/","logo":{"@type":"ImageObject","inLanguage":"pt-PT","@id":"https:\/\/exceladvisor.org\/pt\/#\/schema\/logo\/image\/","url":"https:\/\/exceladvisor.org\/pt\/wp-content\/uploads\/2023\/12\/exceladvisor.org_.png","contentUrl":"https:\/\/exceladvisor.org\/pt\/wp-content\/uploads\/2023\/12\/exceladvisor.org_.png","width":105,"height":36,"caption":"Excel Advisor"},"image":{"@id":"https:\/\/exceladvisor.org\/pt\/#\/schema\/logo\/image\/"}}]}},"yoast_meta":{"yoast_wpseo_title":"","yoast_wpseo_metadesc":"","yoast_wpseo_canonical":""},"_links":{"self":[{"href":"https:\/\/exceladvisor.org\/pt\/wp-json\/wp\/v2\/pages\/219","targetHints":{"allow":["GET"]}}],"collection":[{"href":"https:\/\/exceladvisor.org\/pt\/wp-json\/wp\/v2\/pages"}],"about":[{"href":"https:\/\/exceladvisor.org\/pt\/wp-json\/wp\/v2\/types\/page"}],"author":[{"embeddable":true,"href":"https:\/\/exceladvisor.org\/pt\/wp-json\/wp\/v2\/users\/1"}],"replies":[{"embeddable":true,"href":"https:\/\/exceladvisor.org\/pt\/wp-json\/wp\/v2\/comments?post=219"}],"version-history":[{"count":1,"href":"https:\/\/exceladvisor.org\/pt\/wp-json\/wp\/v2\/pages\/219\/revisions"}],"predecessor-version":[{"id":1117,"href":"https:\/\/exceladvisor.org\/pt\/wp-json\/wp\/v2\/pages\/219\/revisions\/1117"}],"wp:attachment":[{"href":"https:\/\/exceladvisor.org\/pt\/wp-json\/wp\/v2\/media?parent=219"}],"curies":[{"name":"wp","href":"https:\/\/api.w.org\/{rel}","templated":true}]}}