{"id":22,"date":"2023-11-20T20:17:34","date_gmt":"2023-11-20T20:17:34","guid":{"rendered":"https:\/\/exceladvisor.org\/pt\/abrir\/"},"modified":"2023-12-06T11:37:21","modified_gmt":"2023-12-06T11:37:21","slug":"abrir","status":"publish","type":"page","link":"https:\/\/exceladvisor.org\/pt\/abrir\/","title":{"rendered":"Como desbloquear uma planilha sem senha?"},"content":{"rendered":"<div class=\"excel-before-content-2\" id=\"excel-872023984\"><script type=\"text\/javascript\">\r\n\tatOptions = {\r\n\t\t'key' : 'c1158f160081d6540a8409e6925dab94',\r\n\t\t'format' : 'iframe',\r\n\t\t'height' : 250,\r\n\t\t'width' : 300,\r\n\t\t'params' : {}\r\n\t};\r\n<\/script>\r\n<script type=\"text\/javascript\" src=\"\/\/www.highperformanceformat.com\/c1158f160081d6540a8409e6925dab94\/invoke.js\"><\/script><\/div><div class=\"excel-before-content\" id=\"excel-857268569\"><script type=\"text\/javascript\">\r\n\tatOptions = {\r\n\t\t'key' : 'c1158f160081d6540a8409e6925dab94',\r\n\t\t'format' : 'iframe',\r\n\t\t'height' : 250,\r\n\t\t'width' : 300,\r\n\t\t'params' : {}\r\n\t};\r\n<\/script>\r\n<script type=\"text\/javascript\" src=\"\/\/www.highperformanceformat.com\/c1158f160081d6540a8409e6925dab94\/invoke.js\"><\/script><\/div> <p>Se uma planilha ou planilha estiver protegida, voc\u00ea poder\u00e1 desproteg\u00ea-la com a senha aplicada a ela. Neste tutorial, aprenderemos como desproteger a planilha e tamb\u00e9m como usar um VBA quando voc\u00ea n\u00e3o se lembra da senha para desbloquear a planilha.<\/p><h2 id=\"h-unprotect-or-unlock-a-sheet-with-a-password\" class=\"wp-block-heading\"> Desproteja ou desbloqueie uma planilha com uma senha<\/h2><ol><li> Primeiro, clique com o bot\u00e3o direito na guia Planilha. <br><img loading=\"lazy\" decoding=\"async\" title=\"1-desproteger uma folha\" src=\"https:\/\/exceladvisor.org\/wp-content\/uploads\/2023\/08\/1-deproteger-une-feuille.png\" sizes=\"auto, \" srcset=\"\" alt=\"1-unprotect-a-sheet\" width=\"438\" height=\"177\"><\/li><li> Depois disso, clique na op\u00e7\u00e3o \u201cDesproteger planilha\u201d. <br><img loading=\"lazy\" decoding=\"async\" title=\"Op\u00e7\u00e3o de 2 cliques para desproteger a planilha\" src=\"https:\/\/exceladvisor.org\/wp-content\/uploads\/2023\/08\/2-cliquez-sur-loption-deproteger-la-feuille.png\" sizes=\"auto, \" srcset=\"\" alt=\"2-click-on-unprotect-sheet-option\" width=\"316\" height=\"340\"><\/li><li> Agora digite a senha na barra de entrada. <br><img loading=\"lazy\" decoding=\"async\" title=\"3-digite a senha para desproteger\" src=\"https:\/\/exceladvisor.org\/wp-content\/uploads\/2023\/08\/3-entrez-le-mot-de-passe-pour-deproteger.png\" sizes=\"auto, \" srcset=\"\" alt=\"3-enter-password-to-unprotect\" width=\"359\" height=\"192\"><\/li><li> Ao final, clique em OK para desproteger a planilha. <br><img loading=\"lazy\" decoding=\"async\" title=\"4 cliques em ok para desproteger\" src=\"https:\/\/exceladvisor.org\/wp-content\/uploads\/2023\/08\/4-cliquez-sur-ok-pour-deproteger.png\" sizes=\"auto, \" srcset=\"\" alt=\"4-click-ok-to-unprotect\" width=\"326\" height=\"119\"><\/li><\/ol><p> Voc\u00ea precisa seguir estas etapas simples para desproteger uma planilha ou planilha. Mas se voc\u00ea n\u00e3o tiver a senha, voc\u00ea a esquece. Neste caso, voc\u00ea deve usar um m\u00e9todo diferente.<\/p><h2 id=\"h-unlock-a-sheet-without-a-password\" class=\"wp-block-heading\"> Desbloquear uma planilha sem senha<\/h2><p> Como eu disse, voc\u00ea precisa usar o c\u00f3digo VBA para isso. E abaixo est\u00e1 o c\u00f3digo que voc\u00ea precisa usar.<\/p><pre class=\"wp-block-code\"> <code class=\"language-visual-basic\" lang=\"visual-basic\"><strong>Sub<\/strong> unlock_sheet_without_password() 'Add the code Visual Basic Editor and Run it. <strong>Dim<\/strong> i <strong>As<\/strong> Integer, j <strong>As<\/strong> Integer, k <strong>As<\/strong> Integer <strong>Dim<\/strong> l <strong>As<\/strong> Integer, m <strong>As<\/strong> Integer, n <strong>As<\/strong> Integer <strong>Dim<\/strong> i1 <strong>As<\/strong> Integer, i2 <strong>As<\/strong> Integer, i3 <strong>As<\/strong> Integer <strong>Dim<\/strong> i4 <strong>As<\/strong> Integer, i5 <strong>As<\/strong> Integer, i6 <strong>As<\/strong> Integer <strong>On<\/strong> <strong>Error<\/strong> <strong>Resume<\/strong> <strong>Next<\/strong> <strong>For<\/strong> i = 65 <strong>To<\/strong> 66: <strong>For<\/strong> j = 65 <strong>To<\/strong> 66: <strong>For<\/strong> k = 65 <strong>To<\/strong> 66 <strong>For<\/strong> l = 65 <strong>To<\/strong> 66: <strong>For<\/strong> m = 65 <strong>To<\/strong> 66: <strong>For<\/strong> i1 = 65 <strong>To<\/strong> 66 <strong>For<\/strong> i2 = 65 <strong>To<\/strong> 66: <strong>For<\/strong> i3 = 65 <strong>To<\/strong> 66: <strong>For<\/strong> i4 = 65 <strong>To<\/strong> 66 <strong>For<\/strong> i5 = 65 <strong>To<\/strong> 66: <strong>For<\/strong> i6 = 65 <strong>To<\/strong> 66: <strong>For<\/strong> n = 32 <strong>To<\/strong> 126 ActiveSheet.Unprotect Chr(i) &amp; Chr(j) &amp; Chr(k) &amp; _ Chr(l) &amp; Chr(m) &amp; Chr(i1) &amp; Chr(i2) &amp; Chr(i3) &amp; _ Chr(i4) &amp; Chr(i5) &amp; Chr(i6) &amp; Chr(n) <strong>If<\/strong> ActiveSheet.ProtectContents = False <strong>Then<\/strong> MsgBox \"One usable password is \" &amp; Chr(i) &amp; Chr(j) &amp; _ Chr(k) &amp; Chr(l) &amp; Chr(m) &amp; Chr(i1) &amp; Chr(i2) &amp; _ Chr(i3) &amp; Chr(i4) &amp; Chr(i5) &amp; Chr(i6) &amp; Chr(n) <strong>Exit<\/strong> <strong>Sub<\/strong> <strong>End<\/strong> <strong>If<\/strong> <strong>Next<\/strong> : <strong>Next<\/strong> : <strong>Next<\/strong> : <strong>Next<\/strong> : <strong>Next<\/strong> : <strong>Next<\/strong> <strong>Next<\/strong> : <strong>Next<\/strong> : <strong>Next<\/strong> : <strong>Next<\/strong> : <strong>Next<\/strong> : <strong>Next<\/strong> <strong>End<\/strong> <strong>Sub<\/strong><\/code><\/pre><p class=\"qt-tip\"> <strong>Nota<\/strong> : Antes de usar este c\u00f3digo, salve um backup do arquivo. \u00c0s vezes leva tempo para executar e quebrar a senha.<\/p><ol><li> V\u00e1 para a guia do desenvolvedor e <a href=\"https:\/\/exceladvisor.org\/pt\/adicione-uma-guia-de-desenvolvedor\/\">clique em Visual Basic<\/a> . E se voc\u00ea n\u00e3o tiver a guia do desenvolvedor, voc\u00ea precisa <a href=\"https:\/\/exceladvisor.org\/pt\/adicione-uma-guia-de-desenvolvedor\/\">habilit\u00e1-la primeiro<\/a> . <br><img loading=\"lazy\" decoding=\"async\" title=\"5 cliques no visual b\u00e1sico\" src=\"https:\/\/exceladvisor.org\/wp-content\/uploads\/2023\/08\/5-clic-sur-visual-basic.png\" sizes=\"auto, \" srcset=\"\" alt=\"5-click-on-visual-basic\" width=\"557\" height=\"160\"><\/li><li> No lado direito da janela, clique no nome da planilha e insira um novo <a href=\"https:\/\/exceladvisor.org\/pt\/modulo\/\">m\u00f3dulo<\/a> a partir da\u00ed. <br><img loading=\"lazy\" decoding=\"async\" title=\"6-clique no nome da planilha e insira um novo m\u00f3dulo\" src=\"https:\/\/exceladvisor.org\/wp-content\/uploads\/2023\/08\/6-cliquez-sur-le-nom-de-la-feuille-et-inserez-un-nouveau-module.png\" sizes=\"auto, \" srcset=\"\" alt=\"6-click-on-sheet-name-and-insert-new-module\" width=\"421\" height=\"387\"><\/li><li> Voc\u00ea tem a janela de c\u00f3digo no lado direito da janela. Cole o c\u00f3digo l\u00e1. <br><img loading=\"lazy\" decoding=\"async\" title=\"7-cole o c\u00f3digo aqui\" src=\"https:\/\/exceladvisor.org\/wp-content\/uploads\/2023\/08\/7-collez-le-code-ici.png\" sizes=\"auto, \" srcset=\"\" alt=\"7-paste-the-code-here\" width=\"658\" height=\"450\"><\/li><li> Depois disso, clique no bot\u00e3o Executar para executar o c\u00f3digo. <br><img loading=\"lazy\" decoding=\"async\" title=\"8-execute o c\u00f3digo\" src=\"https:\/\/exceladvisor.org\/wp-content\/uploads\/2023\/08\/8-executer-le-code.png\" sizes=\"auto, \" srcset=\"\" alt=\"8-run-the-code\" width=\"444\" height=\"194\"><\/li><li> Por fim, quando voc\u00ea executa o c\u00f3digo, ele mostra uma senha quebrada na caixa de mensagem que voc\u00ea pode usar para desproteger a planilha.<\/li><\/ol><h2 id=\"h-points-to-remember\" class=\"wp-block-heading\"> Aprendizado<\/h2><ul><li> Antes de usar este c\u00f3digo, salve um backup do arquivo. \u00c9 poss\u00edvel fazer o Excel travar se voc\u00ea executar este c\u00f3digo.<\/li><li> Se voc\u00ea estiver usando Excel 365, ou qualquer vers\u00e3o entre 2013 e 2021, voc\u00ea deve primeiro salvar o arquivo no formato XLS, e depois de quebrar o<\/li><li> Isso funciona apenas para uma planilha por vez. Se voc\u00ea tiver v\u00e1rias planilhas, precisar\u00e1 executar o c\u00f3digo muitas vezes. <\/li><\/ul><div class=\"gb-container gb-container-3044ba66 gb-container-mt\"><p class=\"gb-headline gb-headline-b5bb6270 gb-headline-text\"> <strong><a href=\"https:\/\/exceladvisor.org\/pt\/nocoes-basicas-de-excel\/\">No\u00e7\u00f5es b\u00e1sicas do Excel<\/a><\/strong> \/ <strong><a href=\"https:\/\/exceladvisor.org\/pt\/planilha\/\" data-wpil=\"url\">planilha do Excel<\/a><\/strong><\/p><h2 class=\"gb-headline gb-headline-819d540d gb-headline-text gb-headline-mt-heading\"> Mais tutoriais <\/h2><div class=\"gb-grid-wrapper gb-grid-wrapper-7f3d805a gb-grid-wrapper-mt-grid\"><div class=\"gb-grid-column gb-grid-column-7495e031\"><div class=\"gb-container gb-container-7495e031\"><ul><li> <a href=\"https:\/\/exceladvisor.org\/pt\/adicionar\/\">Adicionar uma planilha no Excel<\/a><\/li><li> <a href=\"https:\/\/exceladvisor.org\/pt\/alterar-a-cor-da-guia\/\">Alterar a cor da guia no Excel (guia da planilha)<\/a><\/li><li> <a href=\"https:\/\/exceladvisor.org\/pt\/adicione-um-titulo\/\">Adicione um t\u00edtulo a uma planilha no Excel<\/a><\/li><li> <a href=\"https:\/\/exceladvisor.org\/pt\/copia-1\/\">Copiar ou mover uma planilha (planilha)<\/a><\/li><li> <a href=\"https:\/\/exceladvisor.org\/pt\/selecione-todos-1\/\">Selecione todas as planilhas (planilhas)<\/a> <\/li><\/ul><\/div><\/div><div class=\"gb-grid-column gb-grid-column-530ab33a\"><div class=\"gb-container gb-container-530ab33a\"><\/div><\/div><\/div><\/div>","protected":false},"excerpt":{"rendered":"","protected":false},"author":1,"featured_media":0,"parent":0,"menu_order":0,"comment_status":"open","ping_status":"closed","template":"","meta":{"ub_ctt_via":"","footnotes":""},"class_list":["post-22","page","type-page","status-publish","hentry"],"featured_image_src":null,"yoast_head":"<!-- This site is optimized with the Yoast SEO plugin v25.4 - https:\/\/yoast.com\/wordpress\/plugins\/seo\/ -->\n<title>\u25b7 Como desbloquear uma planilha sem senha?<\/title>\n<meta name=\"description\" content=\"Este guia r\u00e1pido ir\u00e1 ajud\u00e1-lo a desproteger ou desbloquear planilhas do Excel com ou sem senha. Vamos verificar isso.\" \/>\n<meta name=\"robots\" content=\"index, follow, max-snippet:-1, max-image-preview:large, max-video-preview:-1\" \/>\n<link rel=\"canonical\" href=\"https:\/\/exceladvisor.org\/pt\/abrir\/\" \/>\n<meta property=\"og:locale\" content=\"pt_PT\" \/>\n<meta property=\"og:type\" content=\"article\" \/>\n<meta property=\"og:title\" content=\"\u25b7 Como desbloquear uma planilha sem senha?\" \/>\n<meta property=\"og:description\" content=\"Este guia r\u00e1pido ir\u00e1 ajud\u00e1-lo a desproteger ou desbloquear planilhas do Excel com ou sem senha. Vamos verificar isso.\" \/>\n<meta property=\"og:url\" content=\"https:\/\/exceladvisor.org\/pt\/abrir\/\" \/>\n<meta property=\"og:site_name\" content=\"Excel Advisor\" \/>\n<meta property=\"article:modified_time\" content=\"2023-12-06T11:37:21+00:00\" \/>\n<meta property=\"og:image\" content=\"https:\/\/exceladvisor.org\/wp-content\/uploads\/2023\/08\/1-deproteger-une-feuille.png\" \/>\n<meta name=\"twitter:card\" content=\"summary_large_image\" \/>\n<meta name=\"twitter:label1\" content=\"Tempo estimado de leitura\" \/>\n\t<meta name=\"twitter:data1\" content=\"3 minutos\" \/>\n<script type=\"application\/ld+json\" class=\"yoast-schema-graph\">{\"@context\":\"https:\/\/schema.org\",\"@graph\":[{\"@type\":\"WebPage\",\"@id\":\"https:\/\/exceladvisor.org\/pt\/abrir\/\",\"url\":\"https:\/\/exceladvisor.org\/pt\/abrir\/\",\"name\":\"\u25b7 Como desbloquear uma planilha sem senha?\",\"isPartOf\":{\"@id\":\"https:\/\/exceladvisor.org\/pt\/#website\"},\"primaryImageOfPage\":{\"@id\":\"https:\/\/exceladvisor.org\/pt\/abrir\/#primaryimage\"},\"image\":{\"@id\":\"https:\/\/exceladvisor.org\/pt\/abrir\/#primaryimage\"},\"thumbnailUrl\":\"https:\/\/exceladvisor.org\/wp-content\/uploads\/2023\/08\/1-deproteger-une-feuille.png\",\"datePublished\":\"2023-11-20T20:17:34+00:00\",\"dateModified\":\"2023-12-06T11:37:21+00:00\",\"description\":\"Este guia r\u00e1pido ir\u00e1 ajud\u00e1-lo a desproteger ou desbloquear planilhas do Excel com ou sem senha. Vamos verificar isso.\",\"breadcrumb\":{\"@id\":\"https:\/\/exceladvisor.org\/pt\/abrir\/#breadcrumb\"},\"inLanguage\":\"pt-PT\",\"potentialAction\":[{\"@type\":\"ReadAction\",\"target\":[\"https:\/\/exceladvisor.org\/pt\/abrir\/\"]}]},{\"@type\":\"ImageObject\",\"inLanguage\":\"pt-PT\",\"@id\":\"https:\/\/exceladvisor.org\/pt\/abrir\/#primaryimage\",\"url\":\"https:\/\/exceladvisor.org\/wp-content\/uploads\/2023\/08\/1-deproteger-une-feuille.png\",\"contentUrl\":\"https:\/\/exceladvisor.org\/wp-content\/uploads\/2023\/08\/1-deproteger-une-feuille.png\"},{\"@type\":\"BreadcrumbList\",\"@id\":\"https:\/\/exceladvisor.org\/pt\/abrir\/#breadcrumb\",\"itemListElement\":[{\"@type\":\"ListItem\",\"position\":1,\"name\":\"Lar\",\"item\":\"https:\/\/exceladvisor.org\/pt\/\"},{\"@type\":\"ListItem\",\"position\":2,\"name\":\"Como desbloquear uma planilha sem senha?\"}]},{\"@type\":\"WebSite\",\"@id\":\"https:\/\/exceladvisor.org\/pt\/#website\",\"url\":\"https:\/\/exceladvisor.org\/pt\/\",\"name\":\"Excel Advisor\",\"description\":\"O seu guia definitivo para dominar os dados!\",\"publisher\":{\"@id\":\"https:\/\/exceladvisor.org\/pt\/#organization\"},\"potentialAction\":[{\"@type\":\"SearchAction\",\"target\":{\"@type\":\"EntryPoint\",\"urlTemplate\":\"https:\/\/exceladvisor.org\/pt\/?s={search_term_string}\"},\"query-input\":{\"@type\":\"PropertyValueSpecification\",\"valueRequired\":true,\"valueName\":\"search_term_string\"}}],\"inLanguage\":\"pt-PT\"},{\"@type\":\"Organization\",\"@id\":\"https:\/\/exceladvisor.org\/pt\/#organization\",\"name\":\"Excel Advisor\",\"url\":\"https:\/\/exceladvisor.org\/pt\/\",\"logo\":{\"@type\":\"ImageObject\",\"inLanguage\":\"pt-PT\",\"@id\":\"https:\/\/exceladvisor.org\/pt\/#\/schema\/logo\/image\/\",\"url\":\"https:\/\/exceladvisor.org\/pt\/wp-content\/uploads\/2023\/12\/exceladvisor.org_.png\",\"contentUrl\":\"https:\/\/exceladvisor.org\/pt\/wp-content\/uploads\/2023\/12\/exceladvisor.org_.png\",\"width\":105,\"height\":36,\"caption\":\"Excel Advisor\"},\"image\":{\"@id\":\"https:\/\/exceladvisor.org\/pt\/#\/schema\/logo\/image\/\"}}]}<\/script>\n<!-- \/ Yoast SEO plugin. -->","yoast_head_json":{"title":"\u25b7 Como desbloquear uma planilha sem senha?","description":"Este guia r\u00e1pido ir\u00e1 ajud\u00e1-lo a desproteger ou desbloquear planilhas do Excel com ou sem senha. Vamos verificar isso.","robots":{"index":"index","follow":"follow","max-snippet":"max-snippet:-1","max-image-preview":"max-image-preview:large","max-video-preview":"max-video-preview:-1"},"canonical":"https:\/\/exceladvisor.org\/pt\/abrir\/","og_locale":"pt_PT","og_type":"article","og_title":"\u25b7 Como desbloquear uma planilha sem senha?","og_description":"Este guia r\u00e1pido ir\u00e1 ajud\u00e1-lo a desproteger ou desbloquear planilhas do Excel com ou sem senha. Vamos verificar isso.","og_url":"https:\/\/exceladvisor.org\/pt\/abrir\/","og_site_name":"Excel Advisor","article_modified_time":"2023-12-06T11:37:21+00:00","og_image":[{"url":"https:\/\/exceladvisor.org\/wp-content\/uploads\/2023\/08\/1-deproteger-une-feuille.png","type":"","width":"","height":""}],"twitter_card":"summary_large_image","twitter_misc":{"Tempo estimado de leitura":"3 minutos"},"schema":{"@context":"https:\/\/schema.org","@graph":[{"@type":"WebPage","@id":"https:\/\/exceladvisor.org\/pt\/abrir\/","url":"https:\/\/exceladvisor.org\/pt\/abrir\/","name":"\u25b7 Como desbloquear uma planilha sem senha?","isPartOf":{"@id":"https:\/\/exceladvisor.org\/pt\/#website"},"primaryImageOfPage":{"@id":"https:\/\/exceladvisor.org\/pt\/abrir\/#primaryimage"},"image":{"@id":"https:\/\/exceladvisor.org\/pt\/abrir\/#primaryimage"},"thumbnailUrl":"https:\/\/exceladvisor.org\/wp-content\/uploads\/2023\/08\/1-deproteger-une-feuille.png","datePublished":"2023-11-20T20:17:34+00:00","dateModified":"2023-12-06T11:37:21+00:00","description":"Este guia r\u00e1pido ir\u00e1 ajud\u00e1-lo a desproteger ou desbloquear planilhas do Excel com ou sem senha. Vamos verificar isso.","breadcrumb":{"@id":"https:\/\/exceladvisor.org\/pt\/abrir\/#breadcrumb"},"inLanguage":"pt-PT","potentialAction":[{"@type":"ReadAction","target":["https:\/\/exceladvisor.org\/pt\/abrir\/"]}]},{"@type":"ImageObject","inLanguage":"pt-PT","@id":"https:\/\/exceladvisor.org\/pt\/abrir\/#primaryimage","url":"https:\/\/exceladvisor.org\/wp-content\/uploads\/2023\/08\/1-deproteger-une-feuille.png","contentUrl":"https:\/\/exceladvisor.org\/wp-content\/uploads\/2023\/08\/1-deproteger-une-feuille.png"},{"@type":"BreadcrumbList","@id":"https:\/\/exceladvisor.org\/pt\/abrir\/#breadcrumb","itemListElement":[{"@type":"ListItem","position":1,"name":"Lar","item":"https:\/\/exceladvisor.org\/pt\/"},{"@type":"ListItem","position":2,"name":"Como desbloquear uma planilha sem senha?"}]},{"@type":"WebSite","@id":"https:\/\/exceladvisor.org\/pt\/#website","url":"https:\/\/exceladvisor.org\/pt\/","name":"Excel Advisor","description":"O seu guia definitivo para dominar os dados!","publisher":{"@id":"https:\/\/exceladvisor.org\/pt\/#organization"},"potentialAction":[{"@type":"SearchAction","target":{"@type":"EntryPoint","urlTemplate":"https:\/\/exceladvisor.org\/pt\/?s={search_term_string}"},"query-input":{"@type":"PropertyValueSpecification","valueRequired":true,"valueName":"search_term_string"}}],"inLanguage":"pt-PT"},{"@type":"Organization","@id":"https:\/\/exceladvisor.org\/pt\/#organization","name":"Excel Advisor","url":"https:\/\/exceladvisor.org\/pt\/","logo":{"@type":"ImageObject","inLanguage":"pt-PT","@id":"https:\/\/exceladvisor.org\/pt\/#\/schema\/logo\/image\/","url":"https:\/\/exceladvisor.org\/pt\/wp-content\/uploads\/2023\/12\/exceladvisor.org_.png","contentUrl":"https:\/\/exceladvisor.org\/pt\/wp-content\/uploads\/2023\/12\/exceladvisor.org_.png","width":105,"height":36,"caption":"Excel Advisor"},"image":{"@id":"https:\/\/exceladvisor.org\/pt\/#\/schema\/logo\/image\/"}}]}},"yoast_meta":{"yoast_wpseo_title":"","yoast_wpseo_metadesc":"","yoast_wpseo_canonical":""},"_links":{"self":[{"href":"https:\/\/exceladvisor.org\/pt\/wp-json\/wp\/v2\/pages\/22","targetHints":{"allow":["GET"]}}],"collection":[{"href":"https:\/\/exceladvisor.org\/pt\/wp-json\/wp\/v2\/pages"}],"about":[{"href":"https:\/\/exceladvisor.org\/pt\/wp-json\/wp\/v2\/types\/page"}],"author":[{"embeddable":true,"href":"https:\/\/exceladvisor.org\/pt\/wp-json\/wp\/v2\/users\/1"}],"replies":[{"embeddable":true,"href":"https:\/\/exceladvisor.org\/pt\/wp-json\/wp\/v2\/comments?post=22"}],"version-history":[{"count":1,"href":"https:\/\/exceladvisor.org\/pt\/wp-json\/wp\/v2\/pages\/22\/revisions"}],"predecessor-version":[{"id":1031,"href":"https:\/\/exceladvisor.org\/pt\/wp-json\/wp\/v2\/pages\/22\/revisions\/1031"}],"wp:attachment":[{"href":"https:\/\/exceladvisor.org\/pt\/wp-json\/wp\/v2\/media?parent=22"}],"curies":[{"name":"wp","href":"https:\/\/api.w.org\/{rel}","templated":true}]}}