{"id":222,"date":"2023-11-10T19:33:35","date_gmt":"2023-11-10T19:33:35","guid":{"rendered":"https:\/\/exceladvisor.org\/pt\/grafico-de-gantt\/"},"modified":"2023-12-06T11:51:08","modified_gmt":"2023-12-06T11:51:08","slug":"grafico-de-gantt","status":"publish","type":"page","link":"https:\/\/exceladvisor.org\/pt\/grafico-de-gantt\/","title":{"rendered":"Modelo de gr\u00e1fico de gantt do excel"},"content":{"rendered":"<div class=\"excel-before-content-2\" id=\"excel-855068988\"><script type=\"text\/javascript\">\r\n\tatOptions = {\r\n\t\t'key' : 'c1158f160081d6540a8409e6925dab94',\r\n\t\t'format' : 'iframe',\r\n\t\t'height' : 250,\r\n\t\t'width' : 300,\r\n\t\t'params' : {}\r\n\t};\r\n<\/script>\r\n<script type=\"text\/javascript\" src=\"\/\/www.highperformanceformat.com\/c1158f160081d6540a8409e6925dab94\/invoke.js\"><\/script><\/div><div class=\"excel-before-content\" id=\"excel-502925638\"><script type=\"text\/javascript\">\r\n\tatOptions = {\r\n\t\t'key' : 'c1158f160081d6540a8409e6925dab94',\r\n\t\t'format' : 'iframe',\r\n\t\t'height' : 250,\r\n\t\t'width' : 300,\r\n\t\t'params' : {}\r\n\t};\r\n<\/script>\r\n<script type=\"text\/javascript\" src=\"\/\/www.highperformanceformat.com\/c1158f160081d6540a8409e6925dab94\/invoke.js\"><\/script><\/div> <p>Os gerentes de projeto sabem a import\u00e2ncia do rastreamento e da medi\u00e7\u00e3o.<\/p><p> Eles preferem sempre analisar constantemente o andamento do projeto e isso \u00e9 uma das principais coisas que os ajuda a concluir seus projetos no prazo.<\/p><p> E para um gerente de projeto, a melhor ferramenta para acompanhar um projeto \u00e9 um gr\u00e1fico de Gantt.<\/p><p> <em>Sim, um gr\u00e1fico de Gantt.<\/em><\/p><p> <em>Um gr\u00e1fico de Gantt \u00e9 um dos gr\u00e1ficos mais populares que ajuda gerentes de projetos em todo o mundo em seus projetos. Voc\u00ea pode acompanhar o andamento passo a passo nesta tabela: data de in\u00edcio e t\u00e9rmino de cada etapa, quantos dias foram realizados, dias de atraso, etc.<\/em><\/p><p> Como abaixo: <\/p><div class=\"wp-block-image\"><figure class=\"aligncenter\"><img decoding=\"async\" src=\"https:\/\/exceladvisor.org\/wp-content\/uploads\/2023\/08\/modele-de-diagramme-de-gantt-excel-1.png\" sizes=\"\" srcset=\"\" alt=\"modelo de gr\u00e1fico de gantt do excel\"><\/figure><\/div><p> E hoje eu gostaria de compartilhar um modelo de gr\u00e1fico de Gantt do Excel simples e eficaz que voc\u00ea pode usar para acompanhar seu projeto. Ent\u00e3o vamos explorar esse modelo e voc\u00ea pode baix\u00e1-lo no final deste artigo.<\/p><h2 id=\"0-features\" class=\"wp-block-heading\"> Caracter\u00edsticas<\/h2><p> Este modelo possui recursos exclusivos que podem ajud\u00e1-lo a acompanhar seus projetos com mais efici\u00eancia.<\/p><h3 id=\"1-1-track-any-project-up-to-31-days\" class=\"wp-block-heading\"> 1. Acompanhe qualquer projeto por at\u00e9 31 dias<\/h3><p> Voc\u00ea pode acompanhar um projeto por at\u00e9 30 dias (prorrog\u00e1veis). <\/p><div class=\"wp-block-image\"><figure class=\"aligncenter\"><img decoding=\"async\" src=\"https:\/\/exceladvisor.org\/wp-content\/uploads\/2023\/08\/suivre-jusqua-31-jours-dans-le-modele-de-diagramme-de-Gantt-Excel-1.png\" sizes=\"\" srcset=\"\" alt=\"\"><\/figure><\/div><p> E, quando quiser expandir hoje em dia, basta inserir uma nova coluna no final e copiar e colar as f\u00f3rmulas e formata\u00e7\u00e3o da \u00faltima coluna para esta nova coluna. Voc\u00ea tamb\u00e9m pode usar um <a href=\"https:\/\/exceladvisor.org\/pt\/formato-de-pintor\/\">pintor de formatos para copiar a formata\u00e7\u00e3o<\/a> .<\/p><h3 id=\"2-2-track-up-to-10-stages-of-a-project\" class=\"wp-block-heading\"> 2. Acompanhe at\u00e9 10 etapas de um projeto<\/h3><p> Voc\u00ea pode seguir at\u00e9 10 etapas (que s\u00e3o expans\u00edveis). <\/p><div class=\"wp-block-image\"><figure class=\"aligncenter\"><img decoding=\"async\" src=\"https:\/\/exceladvisor.org\/wp-content\/uploads\/2023\/08\/suivre-jusqua-10-etapes-dans-le-modele-de-diagramme-de-Gantt-Excel-1.png\" sizes=\"\" srcset=\"\" alt=\"\"><\/figure><\/div><p> Quando quiser adicionar novas etapas, basta inserir uma nova linha no final e copiar e colar as f\u00f3rmulas e formata\u00e7\u00e3o da \u00faltima coluna para esta nova coluna.<\/p><h3 id=\"3-3-project-insights\" class=\"wp-block-heading\"> 3. Vis\u00e3o geral do projeto<\/h3><p> Depois de inserir suas entradas corretamente, voc\u00ea poder\u00e1 obter informa\u00e7\u00f5es dessas entradas. Al\u00e9m disso, as informa\u00e7\u00f5es ser\u00e3o atualizadas instantaneamente com atualiza\u00e7\u00f5es nos dados do modelo. <\/p><div class=\"wp-block-image\"><figure class=\"aligncenter\"><img decoding=\"async\" src=\"https:\/\/exceladvisor.org\/wp-content\/uploads\/2023\/08\/idees-dans-le-modele-de-diagramme-de-gantt-excel-1.png\" sizes=\"\" srcset=\"\" alt=\"ideias no modelo de gr\u00e1fico de Gantt do Excel 1\"><\/figure><\/div><p> Se alguma etapa estiver no processo mostrar\u00e1 o nome da etapa e se nenhuma etapa estiver no processo mostrar\u00e1 o nome da \u00faltima etapa conclu\u00edda.<\/p><p> Ele mostrar\u00e1 o n\u00famero de etapas conclu\u00eddas na data prevista, ap\u00f3s a data prevista e antes da data prevista. Se uma etapa for conclu\u00edda antes da data prevista, os dias registrados ser\u00e3o destacados em verde. <\/p><div class=\"wp-block-image\"><figure class=\"aligncenter\"><img decoding=\"async\" src=\"https:\/\/exceladvisor.org\/wp-content\/uploads\/2023\/08\/jours-verts-dans-le-modele-de-diagramme-de-gantt-excel-1.png\" sizes=\"\" srcset=\"\" alt=\"\"><\/figure><\/div><p> Se uma etapa for conclu\u00edda ap\u00f3s a data prevista, os dias excedentes ser\u00e3o destacados em vermelho. <\/p><div class=\"wp-block-image\"><figure class=\"aligncenter\"><img decoding=\"async\" src=\"https:\/\/exceladvisor.org\/wp-content\/uploads\/2023\/08\/jours-rouges-dans-le-modele-de-diagramme-de-gantt-excel-1.png\" sizes=\"\" srcset=\"\" alt=\"\"><\/figure><\/div><h2 id=\"4-how-to-use-it\" class=\"wp-block-heading\"> Como us\u00e1-lo<\/h2><p> Aqui temos alguns pontos importantes que voc\u00ea precisa considerar ao usar este modelo. Neste modelo de gr\u00e1fico de Gantt, tive o cuidado de inserir o m\u00ednimo de detalhes. Para acompanhar seu projeto (passo a passo), temos as seguintes entradas neste template.<\/p><h3 id=\"5-1-stage-name-manual-entry\" class=\"wp-block-heading\"> 1. Nome da cena (entrada manual)<\/h3><p> Voc\u00ea pode inserir um nome espec\u00edfico para cada etapa do seu projeto. E o n\u00famero m\u00e1ximo de etapas que voc\u00ea pode usar para um projeto neste modelo \u00e9 10. <\/p><div class=\"wp-block-image\"><figure class=\"aligncenter\"><img decoding=\"async\" src=\"https:\/\/exceladvisor.org\/wp-content\/uploads\/2023\/08\/etapes-du-projet-dans-le-modele-de-diagramme-de-gantt-excel-1.png\" sizes=\"\" srcset=\"\" alt=\"est\u00e1gios de projeto no modelo de gr\u00e1fico de Gantt do Excel\"><\/figure><\/div><h3 id=\"6-2-start-date-manual-entry\" class=\"wp-block-heading\"> 2. Data de in\u00edcio (entrada manual):<\/h3><p> Para cada etapa do projeto, voc\u00ea deve inserir uma data de in\u00edcio. A data de in\u00edcio da primeira etapa do projeto ser\u00e1 considerada a data de in\u00edcio do projeto. Voc\u00ea tamb\u00e9m pode especificar a data de in\u00edcio de uma etapa anterior \u00e0 data de t\u00e9rmino da etapa anterior. <\/p><div class=\"wp-block-image\"><figure class=\"aligncenter\"><img decoding=\"async\" src=\"https:\/\/exceladvisor.org\/wp-content\/uploads\/2023\/08\/date-de-debut-de-letape-dans-le-modele-de-diagramme-de-gantt-excel-1.png\" sizes=\"\" srcset=\"\" alt=\"data de in\u00edcio da etapa no modelo de gr\u00e1fico de Gantt do Excel\"><\/figure><\/div><h3 id=\"7-3-target-days-manual-entry\" class=\"wp-block-heading\"> 3. Dias alvo [entrada manual]<\/h3><p> Depois de especificar a data de in\u00edcio da etapa, voc\u00ea precisar\u00e1 especificar os dias previstos para concluir esta etapa. Isso ajudar\u00e1 a calcular a data prevista de fechamento para um marco espec\u00edfico. <\/p><div class=\"wp-block-image\"><figure class=\"aligncenter\"><img decoding=\"async\" src=\"https:\/\/exceladvisor.org\/wp-content\/uploads\/2023\/08\/jours-cibles-detape-dans-le-modele-de-diagramme-de-gantt-excel-1.png\" sizes=\"\" srcset=\"\" alt=\"Dias alvo de marco no modelo de gr\u00e1fico de Gantt do Excel\"><\/figure><\/div><h3 id=\"8-4-target-end-date-auto-calculation\" class=\"wp-block-heading\"> 4. Data final prevista [c\u00e1lculo autom\u00e1tico]<\/h3><p> A partir dos dias previstos para a conclus\u00e3o de uma etapa, a \u201cData final prevista\u201d ser\u00e1 calculada automaticamente. Isso lhe dar\u00e1 um prazo para concluir sua etapa. <\/p><div class=\"wp-block-image\"><figure class=\"aligncenter\"><img decoding=\"async\" src=\"https:\/\/exceladvisor.org\/wp-content\/uploads\/2023\/08\/date-de-fin-cible-dans-le-modele-de-diagramme-de-gantt-excel-1.png\" sizes=\"\" srcset=\"\" alt=\"data de t\u00e9rmino prevista no modelo de gr\u00e1fico de Gantt do Excel\"><\/figure><\/div><h3 id=\"9-5-actual-end-date-manual-entry\" class=\"wp-block-heading\"> 5. Data de t\u00e9rmino atual [entrada manual]<\/h3><p> Depois que uma etapa for conclu\u00edda, voc\u00ea poder\u00e1 inserir a data de encerramento dessa etapa. <\/p><div class=\"wp-block-image\"><figure class=\"aligncenter\"><img decoding=\"async\" src=\"https:\/\/exceladvisor.org\/wp-content\/uploads\/2023\/08\/date-de-fin-reelle-dans-le-modele-de-diagramme-de-gantt-excel-1.png\" sizes=\"\" srcset=\"\" alt=\"data de t\u00e9rmino real no modelo de gr\u00e1fico de Gantt do Excel\"><\/figure><\/div><p> Quer a data de fechamento real seja anterior ou posterior \u00e0 data prevista, este modelo incluir\u00e1 esses dias nas informa\u00e7\u00f5es para exibir o n\u00famero de etapas conclu\u00eddas at\u00e9 a data prevista.<\/p><h3 id=\"10-6-actual-days-taken-auto-calculation\" class=\"wp-block-heading\"> 6. Dias reais levados [c\u00e1lculo autom\u00e1tico]<\/h3><p> A partir da data de t\u00e9rmino real, ele calcular\u00e1 os dias reais necess\u00e1rios para concluir uma etapa. <\/p><div class=\"wp-block-image\"><figure class=\"aligncenter\"><img decoding=\"async\" src=\"https:\/\/exceladvisor.org\/wp-content\/uploads\/2023\/08\/jours-reels-pris-dans-le-modele-de-diagramme-de-gantt-excel-1.png\" sizes=\"\" srcset=\"\" alt=\"dias reais tirados no modelo de gr\u00e1fico de Gantt do Excel\"><\/figure><\/div><h3 id=\"11-7-project-details\" class=\"wp-block-heading\"> 7. Detalhes do Projeto<\/h3><p> Voc\u00ea pode inserir ou modificar os seguintes detalhes para o seu projeto.<\/p><ul><li> Nome do projeto.<\/li><li> Nome do gerente do projeto e descri\u00e7\u00e3o do projeto.<\/li><\/ul><p> Para editar os detalhes, clique no bot\u00e3o \u201cEditar detalhes\u201d no canto superior direito do modelo. <\/p><div class=\"wp-block-image\"><figure class=\"aligncenter\"><img decoding=\"async\" src=\"https:\/\/exceladvisor.org\/wp-content\/uploads\/2023\/08\/modifier-les-details-dans-le-modele-de-diagramme-de-gantt-excel-1.png\" sizes=\"\" srcset=\"\" alt=\"editar detalhes no modelo de gr\u00e1fico de Gantt do Excel\"><\/figure><\/div><p> Depois de clicar neste bot\u00e3o, voc\u00ea ser\u00e1 direcionado para a se\u00e7\u00e3o de detalhes, onde poder\u00e1 editar ou inserir novos detalhes para o seu projeto. <\/p><div class=\"wp-block-image\"><figure class=\"aligncenter\"><img decoding=\"async\" src=\"https:\/\/exceladvisor.org\/wp-content\/uploads\/2023\/08\/volet-de-details-dans-le-modele-de-diagramme-de-Gantt-Excel-1.png\" sizes=\"\" srcset=\"\" alt=\"painel de detalhes no modelo de gr\u00e1fico de Gantt do Excel\"><\/figure><\/div><p> E, quando terminar os detalhes do projeto, clique no bot\u00e3o Voltar para retornar ao modelo de gr\u00e1fico de Gantt. <\/p><div class=\"wp-block-image\"><figure class=\"aligncenter\"><img decoding=\"async\" src=\"https:\/\/exceladvisor.org\/wp-content\/uploads\/2023\/08\/bouton-de-retour-volet-dinformations-dans-le-modele-de-diagramme-de-gantt-excel-1.png\" sizes=\"\" srcset=\"\" alt=\"bot\u00e3o Voltar no painel de detalhes do modelo de gr\u00e1fico de Gantt do Excel\"><\/figure><\/div><p> Assim que voc\u00ea alterar os detalhes na \u201cSe\u00e7\u00e3o Detalhes\u201d, eles mudar\u00e3o no seu modelo principal. A beleza deste modelo \u00e9 \u201cSem edi\u00e7\u00e3o complexa\u201d.<\/p><h2 id=\"12-download-your-template\" class=\"wp-block-heading\"> Baixe seu modelo<\/h2><p> <a href=\"https:\/\/exceladvisor.org\/wp-content\/uploads\/2023\/11\/modele-de-diagramme-de-gantt-excel-2.xlsx\" target=\"_blank\" rel=\"noreferrer noopener nofollow\"><strong>link para baixar<\/strong><\/a><\/p><h2 id=\"13-conclusion\" class=\"wp-block-heading\"> Conclus\u00e3o<\/h2><p> Este modelo de gr\u00e1fico de Gantt \u00e9 uma ferramenta \u00fatil se voc\u00ea deseja acompanhar seu projeto. Isso n\u00e3o apenas ajudar\u00e1 voc\u00ea a rastrear, mas tamb\u00e9m fornecer\u00e1 informa\u00e7\u00f5es \u00fateis.<\/p><p> E o melhor \u00e9 que voc\u00ea pode estender seus dias e etapas se quiser. Espero que este modelo ajude voc\u00ea a melhorar suas finan\u00e7as. N\u00e3o se esque\u00e7a de compartilhar este modelo com seus amigos.<\/p><div class=\"gb-container gb-container-a61970aa gb-container-mt\"> <a class=\"gb-button gb-button-b4293c6c gb-button-text gb-button-mt-button\" href=\"https:\/\/exceladvisor.org\/pt\/graficos-do-excel\/\">Tipos de gr\u00e1ficos do Excel<\/a><h2 class=\"gb-headline gb-headline-5bf2e581 gb-headline-text gb-headline-mt-heading\"> Tutoriais relacionados <\/h2><div class=\"gb-grid-wrapper gb-grid-wrapper-9b70abf1 gb-grid-wrapper-mt-grid\"><div class=\"gb-grid-column gb-grid-column-97a95c29\"><div class=\"gb-container gb-container-97a95c29\"><ul><li> <a href=\"https:\/\/exceladvisor.org\/pt\/grafico-de-waffle\/\">PLACA GRAVADA<\/a><\/li><li> <a href=\"https:\/\/exceladvisor.org\/pt\/grafico-de-funil\/\">Gr\u00e1fico de funil<\/a><\/li><li> <a href=\"https:\/\/exceladvisor.org\/pt\/quadro-de-marcadores\/\">Gr\u00e1fico com marcadores<\/a><\/li><li> <a href=\"https:\/\/exceladvisor.org\/pt\/mapa-de-calor\/\">Mapa de calor<\/a> <\/li><\/ul><\/div><\/div><div class=\"gb-grid-column gb-grid-column-0636840f\"><div class=\"gb-container gb-container-0636840f\"><ul><li> <a href=\"https:\/\/exceladvisor.org\/pt\/grafico-de-tornado\/\">Gr\u00e1fico de tornado<\/a><\/li><li> <a href=\"https:\/\/exceladvisor.org\/pt\/graficos-avancados\/\">Gr\u00e1ficos avan\u00e7ados do Excel<\/a><\/li><li> <a href=\"https:\/\/exceladvisor.org\/pt\/pictograma\/\">Pictograma<\/a><\/li><li> <a href=\"https:\/\/exceladvisor.org\/pt\/mesa-de-termometro\/\">Gr\u00e1fico do term\u00f4metro<\/a><\/li><\/ul><\/div><\/div><\/div><\/div>","protected":false},"excerpt":{"rendered":"","protected":false},"author":1,"featured_media":0,"parent":0,"menu_order":0,"comment_status":"open","ping_status":"closed","template":"","meta":{"ub_ctt_via":"","footnotes":""},"class_list":["post-222","page","type-page","status-publish","hentry"],"featured_image_src":null,"yoast_head":"<!-- This site is optimized with the Yoast SEO plugin v25.4 - https:\/\/yoast.com\/wordpress\/plugins\/seo\/ -->\n<title>\u25b7 Modelo de gr\u00e1fico de Gantt do Excel [gr\u00e1tis 2023]<\/title>\n<meta name=\"description\" content=\"Gostaria de compartilhar com voc\u00eas um modelo de gr\u00e1fico de Gantt do Excel simples e eficaz que voc\u00ea pode usar para acompanhar seu projeto.\" \/>\n<meta name=\"robots\" content=\"index, follow, max-snippet:-1, max-image-preview:large, max-video-preview:-1\" \/>\n<link rel=\"canonical\" href=\"https:\/\/exceladvisor.org\/pt\/grafico-de-gantt\/\" \/>\n<meta property=\"og:locale\" content=\"pt_PT\" \/>\n<meta property=\"og:type\" content=\"article\" \/>\n<meta property=\"og:title\" content=\"\u25b7 Modelo de gr\u00e1fico de Gantt do Excel [gr\u00e1tis 2023]\" \/>\n<meta property=\"og:description\" content=\"Gostaria de compartilhar com voc\u00eas um modelo de gr\u00e1fico de Gantt do Excel simples e eficaz que voc\u00ea pode usar para acompanhar seu projeto.\" \/>\n<meta property=\"og:url\" content=\"https:\/\/exceladvisor.org\/pt\/grafico-de-gantt\/\" \/>\n<meta property=\"og:site_name\" content=\"Excel Advisor\" \/>\n<meta property=\"article:modified_time\" content=\"2023-12-06T11:51:08+00:00\" \/>\n<meta property=\"og:image\" content=\"https:\/\/exceladvisor.org\/wp-content\/uploads\/2023\/08\/modele-de-diagramme-de-gantt-excel-1.png\" \/>\n<meta name=\"twitter:card\" content=\"summary_large_image\" \/>\n<meta name=\"twitter:label1\" content=\"Tempo estimado de leitura\" \/>\n\t<meta name=\"twitter:data1\" content=\"5 minutos\" \/>\n<script type=\"application\/ld+json\" class=\"yoast-schema-graph\">{\"@context\":\"https:\/\/schema.org\",\"@graph\":[{\"@type\":\"WebPage\",\"@id\":\"https:\/\/exceladvisor.org\/pt\/grafico-de-gantt\/\",\"url\":\"https:\/\/exceladvisor.org\/pt\/grafico-de-gantt\/\",\"name\":\"\u25b7 Modelo de gr\u00e1fico de Gantt do Excel [gr\u00e1tis 2023]\",\"isPartOf\":{\"@id\":\"https:\/\/exceladvisor.org\/pt\/#website\"},\"primaryImageOfPage\":{\"@id\":\"https:\/\/exceladvisor.org\/pt\/grafico-de-gantt\/#primaryimage\"},\"image\":{\"@id\":\"https:\/\/exceladvisor.org\/pt\/grafico-de-gantt\/#primaryimage\"},\"thumbnailUrl\":\"https:\/\/exceladvisor.org\/wp-content\/uploads\/2023\/08\/modele-de-diagramme-de-gantt-excel-1.png\",\"datePublished\":\"2023-11-10T19:33:35+00:00\",\"dateModified\":\"2023-12-06T11:51:08+00:00\",\"description\":\"Gostaria de compartilhar com voc\u00eas um modelo de gr\u00e1fico de Gantt do Excel simples e eficaz que voc\u00ea pode usar para acompanhar seu projeto.\",\"breadcrumb\":{\"@id\":\"https:\/\/exceladvisor.org\/pt\/grafico-de-gantt\/#breadcrumb\"},\"inLanguage\":\"pt-PT\",\"potentialAction\":[{\"@type\":\"ReadAction\",\"target\":[\"https:\/\/exceladvisor.org\/pt\/grafico-de-gantt\/\"]}]},{\"@type\":\"ImageObject\",\"inLanguage\":\"pt-PT\",\"@id\":\"https:\/\/exceladvisor.org\/pt\/grafico-de-gantt\/#primaryimage\",\"url\":\"https:\/\/exceladvisor.org\/wp-content\/uploads\/2023\/08\/modele-de-diagramme-de-gantt-excel-1.png\",\"contentUrl\":\"https:\/\/exceladvisor.org\/wp-content\/uploads\/2023\/08\/modele-de-diagramme-de-gantt-excel-1.png\"},{\"@type\":\"BreadcrumbList\",\"@id\":\"https:\/\/exceladvisor.org\/pt\/grafico-de-gantt\/#breadcrumb\",\"itemListElement\":[{\"@type\":\"ListItem\",\"position\":1,\"name\":\"Lar\",\"item\":\"https:\/\/exceladvisor.org\/pt\/\"},{\"@type\":\"ListItem\",\"position\":2,\"name\":\"Modelo de gr\u00e1fico de gantt do excel\"}]},{\"@type\":\"WebSite\",\"@id\":\"https:\/\/exceladvisor.org\/pt\/#website\",\"url\":\"https:\/\/exceladvisor.org\/pt\/\",\"name\":\"Excel Advisor\",\"description\":\"O seu guia definitivo para dominar os dados!\",\"publisher\":{\"@id\":\"https:\/\/exceladvisor.org\/pt\/#organization\"},\"potentialAction\":[{\"@type\":\"SearchAction\",\"target\":{\"@type\":\"EntryPoint\",\"urlTemplate\":\"https:\/\/exceladvisor.org\/pt\/?s={search_term_string}\"},\"query-input\":{\"@type\":\"PropertyValueSpecification\",\"valueRequired\":true,\"valueName\":\"search_term_string\"}}],\"inLanguage\":\"pt-PT\"},{\"@type\":\"Organization\",\"@id\":\"https:\/\/exceladvisor.org\/pt\/#organization\",\"name\":\"Excel Advisor\",\"url\":\"https:\/\/exceladvisor.org\/pt\/\",\"logo\":{\"@type\":\"ImageObject\",\"inLanguage\":\"pt-PT\",\"@id\":\"https:\/\/exceladvisor.org\/pt\/#\/schema\/logo\/image\/\",\"url\":\"https:\/\/exceladvisor.org\/pt\/wp-content\/uploads\/2023\/12\/exceladvisor.org_.png\",\"contentUrl\":\"https:\/\/exceladvisor.org\/pt\/wp-content\/uploads\/2023\/12\/exceladvisor.org_.png\",\"width\":105,\"height\":36,\"caption\":\"Excel Advisor\"},\"image\":{\"@id\":\"https:\/\/exceladvisor.org\/pt\/#\/schema\/logo\/image\/\"}}]}<\/script>\n<!-- \/ Yoast SEO plugin. -->","yoast_head_json":{"title":"\u25b7 Modelo de gr\u00e1fico de Gantt do Excel [gr\u00e1tis 2023]","description":"Gostaria de compartilhar com voc\u00eas um modelo de gr\u00e1fico de Gantt do Excel simples e eficaz que voc\u00ea pode usar para acompanhar seu projeto.","robots":{"index":"index","follow":"follow","max-snippet":"max-snippet:-1","max-image-preview":"max-image-preview:large","max-video-preview":"max-video-preview:-1"},"canonical":"https:\/\/exceladvisor.org\/pt\/grafico-de-gantt\/","og_locale":"pt_PT","og_type":"article","og_title":"\u25b7 Modelo de gr\u00e1fico de Gantt do Excel [gr\u00e1tis 2023]","og_description":"Gostaria de compartilhar com voc\u00eas um modelo de gr\u00e1fico de Gantt do Excel simples e eficaz que voc\u00ea pode usar para acompanhar seu projeto.","og_url":"https:\/\/exceladvisor.org\/pt\/grafico-de-gantt\/","og_site_name":"Excel Advisor","article_modified_time":"2023-12-06T11:51:08+00:00","og_image":[{"url":"https:\/\/exceladvisor.org\/wp-content\/uploads\/2023\/08\/modele-de-diagramme-de-gantt-excel-1.png","type":"","width":"","height":""}],"twitter_card":"summary_large_image","twitter_misc":{"Tempo estimado de leitura":"5 minutos"},"schema":{"@context":"https:\/\/schema.org","@graph":[{"@type":"WebPage","@id":"https:\/\/exceladvisor.org\/pt\/grafico-de-gantt\/","url":"https:\/\/exceladvisor.org\/pt\/grafico-de-gantt\/","name":"\u25b7 Modelo de gr\u00e1fico de Gantt do Excel [gr\u00e1tis 2023]","isPartOf":{"@id":"https:\/\/exceladvisor.org\/pt\/#website"},"primaryImageOfPage":{"@id":"https:\/\/exceladvisor.org\/pt\/grafico-de-gantt\/#primaryimage"},"image":{"@id":"https:\/\/exceladvisor.org\/pt\/grafico-de-gantt\/#primaryimage"},"thumbnailUrl":"https:\/\/exceladvisor.org\/wp-content\/uploads\/2023\/08\/modele-de-diagramme-de-gantt-excel-1.png","datePublished":"2023-11-10T19:33:35+00:00","dateModified":"2023-12-06T11:51:08+00:00","description":"Gostaria de compartilhar com voc\u00eas um modelo de gr\u00e1fico de Gantt do Excel simples e eficaz que voc\u00ea pode usar para acompanhar seu projeto.","breadcrumb":{"@id":"https:\/\/exceladvisor.org\/pt\/grafico-de-gantt\/#breadcrumb"},"inLanguage":"pt-PT","potentialAction":[{"@type":"ReadAction","target":["https:\/\/exceladvisor.org\/pt\/grafico-de-gantt\/"]}]},{"@type":"ImageObject","inLanguage":"pt-PT","@id":"https:\/\/exceladvisor.org\/pt\/grafico-de-gantt\/#primaryimage","url":"https:\/\/exceladvisor.org\/wp-content\/uploads\/2023\/08\/modele-de-diagramme-de-gantt-excel-1.png","contentUrl":"https:\/\/exceladvisor.org\/wp-content\/uploads\/2023\/08\/modele-de-diagramme-de-gantt-excel-1.png"},{"@type":"BreadcrumbList","@id":"https:\/\/exceladvisor.org\/pt\/grafico-de-gantt\/#breadcrumb","itemListElement":[{"@type":"ListItem","position":1,"name":"Lar","item":"https:\/\/exceladvisor.org\/pt\/"},{"@type":"ListItem","position":2,"name":"Modelo de gr\u00e1fico de gantt do excel"}]},{"@type":"WebSite","@id":"https:\/\/exceladvisor.org\/pt\/#website","url":"https:\/\/exceladvisor.org\/pt\/","name":"Excel Advisor","description":"O seu guia definitivo para dominar os dados!","publisher":{"@id":"https:\/\/exceladvisor.org\/pt\/#organization"},"potentialAction":[{"@type":"SearchAction","target":{"@type":"EntryPoint","urlTemplate":"https:\/\/exceladvisor.org\/pt\/?s={search_term_string}"},"query-input":{"@type":"PropertyValueSpecification","valueRequired":true,"valueName":"search_term_string"}}],"inLanguage":"pt-PT"},{"@type":"Organization","@id":"https:\/\/exceladvisor.org\/pt\/#organization","name":"Excel Advisor","url":"https:\/\/exceladvisor.org\/pt\/","logo":{"@type":"ImageObject","inLanguage":"pt-PT","@id":"https:\/\/exceladvisor.org\/pt\/#\/schema\/logo\/image\/","url":"https:\/\/exceladvisor.org\/pt\/wp-content\/uploads\/2023\/12\/exceladvisor.org_.png","contentUrl":"https:\/\/exceladvisor.org\/pt\/wp-content\/uploads\/2023\/12\/exceladvisor.org_.png","width":105,"height":36,"caption":"Excel Advisor"},"image":{"@id":"https:\/\/exceladvisor.org\/pt\/#\/schema\/logo\/image\/"}}]}},"yoast_meta":{"yoast_wpseo_title":"","yoast_wpseo_metadesc":"","yoast_wpseo_canonical":""},"_links":{"self":[{"href":"https:\/\/exceladvisor.org\/pt\/wp-json\/wp\/v2\/pages\/222","targetHints":{"allow":["GET"]}}],"collection":[{"href":"https:\/\/exceladvisor.org\/pt\/wp-json\/wp\/v2\/pages"}],"about":[{"href":"https:\/\/exceladvisor.org\/pt\/wp-json\/wp\/v2\/types\/page"}],"author":[{"embeddable":true,"href":"https:\/\/exceladvisor.org\/pt\/wp-json\/wp\/v2\/users\/1"}],"replies":[{"embeddable":true,"href":"https:\/\/exceladvisor.org\/pt\/wp-json\/wp\/v2\/comments?post=222"}],"version-history":[{"count":1,"href":"https:\/\/exceladvisor.org\/pt\/wp-json\/wp\/v2\/pages\/222\/revisions"}],"predecessor-version":[{"id":1448,"href":"https:\/\/exceladvisor.org\/pt\/wp-json\/wp\/v2\/pages\/222\/revisions\/1448"}],"wp:attachment":[{"href":"https:\/\/exceladvisor.org\/pt\/wp-json\/wp\/v2\/media?parent=222"}],"curies":[{"name":"wp","href":"https:\/\/api.w.org\/{rel}","templated":true}]}}