{"id":223,"date":"2023-11-10T19:17:27","date_gmt":"2023-11-10T19:17:27","guid":{"rendered":"https:\/\/exceladvisor.org\/pt\/grafico-de-funil\/"},"modified":"2023-12-06T11:36:47","modified_gmt":"2023-12-06T11:36:47","slug":"grafico-de-funil","status":"publish","type":"page","link":"https:\/\/exceladvisor.org\/pt\/grafico-de-funil\/","title":{"rendered":"Como criar um gr\u00e1fico de funil no excel?"},"content":{"rendered":"<div class=\"excel-before-content-2\" id=\"excel-656897943\"><script type=\"text\/javascript\">\r\n\tatOptions = {\r\n\t\t'key' : 'c1158f160081d6540a8409e6925dab94',\r\n\t\t'format' : 'iframe',\r\n\t\t'height' : 250,\r\n\t\t'width' : 300,\r\n\t\t'params' : {}\r\n\t};\r\n<\/script>\r\n<script type=\"text\/javascript\" src=\"\/\/www.highperformanceformat.com\/c1158f160081d6540a8409e6925dab94\/invoke.js\"><\/script><\/div><div class=\"excel-before-content\" id=\"excel-632126022\"><script type=\"text\/javascript\">\r\n\tatOptions = {\r\n\t\t'key' : 'c1158f160081d6540a8409e6925dab94',\r\n\t\t'format' : 'iframe',\r\n\t\t'height' : 250,\r\n\t\t'width' : 300,\r\n\t\t'params' : {}\r\n\t};\r\n<\/script>\r\n<script type=\"text\/javascript\" src=\"\/\/www.highperformanceformat.com\/c1158f160081d6540a8409e6925dab94\/invoke.js\"><\/script><\/div> <p>A melhor maneira de acompanhar suas vendas \u00e9 usar um gr\u00e1fico de funil. Um gr\u00e1fico de funil de vendas n\u00e3o apenas descreve as etapas do processo, mas tamb\u00e9m fornece um funil de convers\u00e3o para seu novo neg\u00f3cio. <\/p><div class=\"wp-block-image\"><figure class=\"aligncenter\"><img decoding=\"async\" src=\"https:\/\/exceladvisor.org\/wp-content\/uploads\/2023\/08\/graphique-dentonnoir-des-ventes-dans-un-modele-excel-1.gif\" sizes=\"\" srcset=\"\" alt=\"gr\u00e1fico de funil de vendas no modelo Excel\"><\/figure><\/div><p> E no artigo de hoje, mostrarei as etapas exatas que voc\u00ea pode usar para criar um gr\u00e1fico de funil de vendas no Excel. Bem, n\u00e3o apenas em vendas, voc\u00ea pode usar este gr\u00e1fico de funil em qualquer processo.<\/p><p> E agora vamos come\u00e7ar.<\/p><h2 class=\"wp-block-heading\"> Etapas para criar um gr\u00e1fico de funil de vendas no Excel<\/h2><p> Voc\u00ea tem a seguinte tabela de dados para este modelo de gr\u00e1fico, que <a style=\"outline: none;\" href=\"https:\/\/exceladvisor.org\/wp-content\/uploads\/2023\/11\/modele-dentonnoir-de-vente.zip\" rel=\"nofollow\">pode ser baixada aqui<\/a> para acompanhar. <\/p><div class=\"wp-block-image\"><figure class=\"aligncenter\"><img decoding=\"async\" src=\"https:\/\/exceladvisor.org\/wp-content\/uploads\/2023\/08\/1-donnees-pour-creer-un-graphique-dentonnoir-de-vente-dans-Excel-min-1.png\" sizes=\"\" srcset=\"\" alt=\"\"><\/figure><\/div><ol><li> Primeiro, <strong>insira uma coluna de dados fict\u00edcia<\/strong> . <br><img decoding=\"async\" title=\"2-insira-uma-coluna-fict\u00edcia-nos-dados-para-criar-um-gr\u00e1fico-funil-de-vendas-no-excel-min\" src=\"https:\/\/exceladvisor.org\/wp-content\/uploads\/2023\/08\/2-inserez-une-colonne-factice-dans-les-donnees-pour-creer-un-graphique-en-entonnoir-des-ventes-dans-Excel-min-1.png\" sizes=\"\" srcset=\"\" alt=\"\"><\/li><li> Na c\u00e9lula B2, <strong>insira a f\u00f3rmula abaixo<\/strong> na <a href=\"https:\/\/exceladvisor.org\/pt\/barra-de-formulas-do-excel\/\">barra de f\u00f3rmulas<\/a> e arraste-a para baixo. <br><img decoding=\"async\" title=\"3-inserir f\u00f3rmula-na-coluna-de-dados-para-criar-gr\u00e1fico-funil-de-vendas-no-excel-min\" src=\"https:\/\/exceladvisor.org\/wp-content\/uploads\/2023\/08\/3-inserez-une-formule-dans-la-colonne-des-donnees-pour-creer-un-graphique-en-entonnoir-des-ventes-dans-Excel-min-1.png\" sizes=\"\" srcset=\"\" alt=\"\"> =(M\u00c1X($I$4:$I$7)-I4)\/2<\/li><li> Para montar o funil de vendas, basta selecionar os dados e <strong>inserir um gr\u00e1fico de barras empilhadas<\/strong> .<\/li><li> Agora voc\u00ea tem uma mesa como esta. <br><img decoding=\"async\" title=\"4-insira um histograma para criar um funil de vendas no Excel-min\" src=\"https:\/\/exceladvisor.org\/wp-content\/uploads\/2023\/08\/4-inserer-un-graphique-a-barres-pour-creer-un-graphique-en-entonnoir-des-ventes-dans-Excel-min-1.png\" sizes=\"\" srcset=\"\" alt=\"\"><\/li><li> A partir daqui, precisamos da seguinte personaliza\u00e7\u00e3o para transformar este gr\u00e1fico em um gr\u00e1fico de funil de vendas.<\/li><li> Agora <strong>selecione o eixo vertical e altere a categoria na ordem inversa<\/strong> . Formatar Eixo \u2192 Op\u00e7\u00f5es de Eixo \u2192 Posi\u00e7\u00e3o do Eixo. <br><img decoding=\"async\" title=\"7-editar-em-ordem-reversa para criar um gr\u00e1fico de funil de vendas no Excel-min\" src=\"https:\/\/exceladvisor.org\/wp-content\/uploads\/2023\/08\/7-changer-pour-inverser-lordre-pour-creer-un-graphique-dentonnoir-des-ventes-dans-Excel-min.png\" sizes=\"\" srcset=\"\" alt=\"\"><\/li><li> Depois disso, selecione a barra de dados para os dados fict\u00edcios e <strong>remova a cor de preenchimento e a borda dela<\/strong> . <br><img decoding=\"async\" title=\"5-aplique-sem-preenchimento para criar um gr\u00e1fico de funil de vendas no Excel-min\" src=\"https:\/\/exceladvisor.org\/wp-content\/uploads\/2023\/08\/5-nappliquez-aucun-remplissage-pour-creer-un-graphique-dentonnoir-des-ventes-dans-Excel-min-1.png\" sizes=\"\" srcset=\"\" alt=\"\"><\/li><li> Ao final, selecione as barras de dados e <strong>altere o Gap Width para 0%<\/strong> . Formatar s\u00e9rie de dados \u2192 Op\u00e7\u00e3o de s\u00e9rie \u2192 Largura do intervalo. <br><img decoding=\"async\" title=\"6-altere-a-largura-da-gap-para-criar-um-gr\u00e1fico-de-funil-de-vendas-no-excel-min\" src=\"https:\/\/exceladvisor.org\/wp-content\/uploads\/2023\/08\/6-modifier-la-largeur-de-lecart-pour-creer-un-graphique-dentonnoir-des-ventes-dans-Excel-min-1.png\" sizes=\"\" srcset=\"\" alt=\"\"><\/li><li> E agora voc\u00ea tem um gr\u00e1fico de funil n\u00edtido e limpo para usar como modelo. <br><img decoding=\"async\" title=\"Modelo de funil de vendas no Excel-11.jpg\" src=\"https:\/\/exceladvisor.org\/wp-content\/uploads\/2023\/08\/Modele-dentonnoir-de-vente-dans-Excel-11-1.jpg\" sizes=\"\" srcset=\"\" alt=\"Create a Sales Funnel Template In Excel\"><\/li><\/ol><p> Parab\u00e9ns! voc\u00ea fez isso.<\/p><h2 class=\"wp-block-heading\"> [Dica b\u00f4nus] Gr\u00e1fico de funil usando a fun\u00e7\u00e3o REPT<\/h2><p> Como eu disse antes, sou um grande f\u00e3 de mapeamento celular. Deixe-me mostrar como usar a fun\u00e7\u00e3o rept para criar um modelo de funil de vendas no Excel. Criar um gr\u00e1fico de funil de vendas celular \u00e9 r\u00e1pido e f\u00e1cil. Aqui est\u00e3o as etapas.<\/p><ol><li> Obtenha os dados de uma forma simples. <br><img decoding=\"async\" title=\"crie um gr\u00e1fico de funil de vendas no Excel com dados da fun\u00e7\u00e3o rept\" src=\"https:\/\/exceladvisor.org\/wp-content\/uploads\/2023\/08\/creer-un-graphique-en-entonnoir-des-ventes-dans-Excel-avec-les-donnees-de-la-fonction-rept-1.png\" sizes=\"\" srcset=\"\" alt=\"\"><\/li><li> Na coluna vazia, insira a f\u00f3rmula abaixo e arraste-a para baixo.<\/li><\/ol><p style=\"padding-left: 40px;\"> = <a href=\"https:\/\/exceladvisor.org\/pt\/funcoes-de-string-do-excel\/\" target=\"_blank\" rel=\"noopener noreferrer\">REPT<\/a> (\u201c|\u201d,D4\/2) <\/p><ul id=\"block-08145b4a-bee0-465e-b451-ac957e63616e\" class=\"block-editor-rich-text__editable block-editor-block-list__block wp-block is-selected rich-text\" tabindex=\"0\" role=\"group\" contenteditable=\"true\" aria-multiline=\"true\" aria-label=\"Block: List\" data-block=\"08145b4a-bee0-465e-b451-ac957e63616e\" data-type=\"core\/list\" data-title=\"List\"><li> E agora altere o alinhamento do texto para centralizar as barras. <br><img decoding=\"async\" title=\"crie um gr\u00e1fico de funil de vendas no Excel com a fun\u00e7\u00e3o rept\" src=\"https:\/\/exceladvisor.org\/wp-content\/uploads\/2023\/08\/creer-un-graphique-dentonnoir-des-ventes-dans-Excel-avec-la-fonction-rept-1.png\" sizes=\"\" srcset=\"\" alt=\"\"><\/li><\/ul><p> Seu gr\u00e1fico de funil na c\u00e9lula est\u00e1 pronto.<\/p><h2 class=\"wp-block-heading\"> Baixe o modelo de funil de vendas<\/h2><p> <a href=\"https:\/\/exceladvisor.org\/wp-content\/uploads\/2023\/11\/modele-dentonnoir-de-vente.zip\" rel=\"nofollow\">Clique aqui para baixar o arquivo de amostra<\/a> .<\/p><h2 class=\"wp-block-heading\"> Conclus\u00e3o<\/h2><p> Usar um gr\u00e1fico de funil de vendas \u00e9 uma das melhores maneiras de acompanhar um processo de vendas. Voc\u00ea tamb\u00e9m pode adicionar elementos adicionais em um gr\u00e1fico, como taxa de convers\u00e3o, porcentagem pendente, etc.<\/p><p> Todas as etapas que voc\u00ea usou acima s\u00e3o simples e f\u00e1ceis de seguir. E, se n\u00e3o quiser se esfor\u00e7ar, opte pela vers\u00e3o celular.<\/p><p> Espero que esta dica <a href=\"https:\/\/exceladvisor.org\/pt\/graficos-avancados\/\" target=\"\" rel=\"noopener noreferrer\" data-tcb-events=\"\">ajude voc\u00ea a melhorar o mapeamento<\/a> .<\/p><p> Agora me diga uma coisa. Qual m\u00e9todo voc\u00ea mais gosta? E, se voc\u00ea tiver outro m\u00e9todo para criar um gr\u00e1fico de funil, compartilhe-o comigo na caixa de coment\u00e1rios, eu adoraria ouvir de voc\u00ea. E n\u00e3o esque\u00e7a de compartilhar essa dica com seus amigos.<\/p><div class=\"gb-container gb-container-a61970aa gb-container-mt\"> <a class=\"gb-button gb-button-b4293c6c gb-button-text gb-button-mt-button\" href=\"https:\/\/exceladvisor.org\/pt\/graficos-do-excel\/\">Tipos de gr\u00e1ficos do Excel<\/a><h2 class=\"gb-headline gb-headline-5bf2e581 gb-headline-text gb-headline-mt-heading\"> Tutoriais relacionados <\/h2><div class=\"gb-grid-wrapper gb-grid-wrapper-9b70abf1 gb-grid-wrapper-mt-grid\"><div class=\"gb-grid-column gb-grid-column-97a95c29\"><div class=\"gb-container gb-container-97a95c29\"><ul><li> <a href=\"https:\/\/exceladvisor.org\/pt\/grafico-de-waffle\/\">PLACA GRAVADA<\/a><\/li><li> <a href=\"https:\/\/exceladvisor.org\/pt\/grafico-de-gantt\/\">gr\u00e1fico de Gantt<\/a><\/li><li> <a href=\"https:\/\/exceladvisor.org\/pt\/quadro-de-marcadores\/\">Gr\u00e1fico com marcadores<\/a><\/li><li> <a href=\"https:\/\/exceladvisor.org\/pt\/mapa-de-calor\/\">Mapa de calor<\/a> <\/li><\/ul><\/div><\/div><div class=\"gb-grid-column gb-grid-column-0636840f\"><div class=\"gb-container gb-container-0636840f\"><ul><li> <a href=\"https:\/\/exceladvisor.org\/pt\/grafico-de-tornado\/\">Gr\u00e1fico de tornado<\/a><\/li><li> <a href=\"https:\/\/exceladvisor.org\/pt\/graficos-avancados\/\">Gr\u00e1ficos avan\u00e7ados do Excel<\/a><\/li><li> <a href=\"https:\/\/exceladvisor.org\/pt\/pictograma\/\">Pictograma<\/a><\/li><li> <a href=\"https:\/\/exceladvisor.org\/pt\/mesa-de-termometro\/\">Gr\u00e1fico do term\u00f4metro<\/a><\/li><\/ul><\/div><\/div><\/div><\/div>","protected":false},"excerpt":{"rendered":"","protected":false},"author":1,"featured_media":0,"parent":0,"menu_order":0,"comment_status":"open","ping_status":"closed","template":"","meta":{"ub_ctt_via":"","footnotes":""},"class_list":["post-223","page","type-page","status-publish","hentry"],"featured_image_src":null,"yoast_head":"<!-- This site is optimized with the Yoast SEO plugin v25.4 - https:\/\/yoast.com\/wordpress\/plugins\/seo\/ -->\n<title>Modelo gratuito de gr\u00e1fico de funil do Excel (com guia)<\/title>\n<meta name=\"description\" content=\"Voc\u00ea \u00e9 propriet\u00e1rio de uma empresa? Voc\u00ea sabe como criar um modelo de funil de vendas no Excel? Aqui eu tenho passos simples para\" \/>\n<meta name=\"robots\" content=\"index, follow, max-snippet:-1, max-image-preview:large, max-video-preview:-1\" \/>\n<link rel=\"canonical\" href=\"https:\/\/exceladvisor.org\/pt\/grafico-de-funil\/\" \/>\n<meta property=\"og:locale\" content=\"pt_PT\" \/>\n<meta property=\"og:type\" content=\"article\" \/>\n<meta property=\"og:title\" content=\"Modelo gratuito de gr\u00e1fico de funil do Excel (com guia)\" \/>\n<meta property=\"og:description\" content=\"Voc\u00ea \u00e9 propriet\u00e1rio de uma empresa? Voc\u00ea sabe como criar um modelo de funil de vendas no Excel? Aqui eu tenho passos simples para\" \/>\n<meta property=\"og:url\" content=\"https:\/\/exceladvisor.org\/pt\/grafico-de-funil\/\" \/>\n<meta property=\"og:site_name\" content=\"Excel Advisor\" \/>\n<meta property=\"article:modified_time\" content=\"2023-12-06T11:36:47+00:00\" \/>\n<meta property=\"og:image\" content=\"https:\/\/exceladvisor.org\/wp-content\/uploads\/2023\/08\/graphique-dentonnoir-des-ventes-dans-un-modele-excel-1.gif\" \/>\n<meta name=\"twitter:card\" content=\"summary_large_image\" \/>\n<meta name=\"twitter:label1\" content=\"Tempo estimado de leitura\" \/>\n\t<meta name=\"twitter:data1\" content=\"3 minutos\" \/>\n<script type=\"application\/ld+json\" class=\"yoast-schema-graph\">{\"@context\":\"https:\/\/schema.org\",\"@graph\":[{\"@type\":\"WebPage\",\"@id\":\"https:\/\/exceladvisor.org\/pt\/grafico-de-funil\/\",\"url\":\"https:\/\/exceladvisor.org\/pt\/grafico-de-funil\/\",\"name\":\"Modelo gratuito de gr\u00e1fico de funil do Excel (com guia)\",\"isPartOf\":{\"@id\":\"https:\/\/exceladvisor.org\/pt\/#website\"},\"primaryImageOfPage\":{\"@id\":\"https:\/\/exceladvisor.org\/pt\/grafico-de-funil\/#primaryimage\"},\"image\":{\"@id\":\"https:\/\/exceladvisor.org\/pt\/grafico-de-funil\/#primaryimage\"},\"thumbnailUrl\":\"https:\/\/exceladvisor.org\/wp-content\/uploads\/2023\/08\/graphique-dentonnoir-des-ventes-dans-un-modele-excel-1.gif\",\"datePublished\":\"2023-11-10T19:17:27+00:00\",\"dateModified\":\"2023-12-06T11:36:47+00:00\",\"description\":\"Voc\u00ea \u00e9 propriet\u00e1rio de uma empresa? Voc\u00ea sabe como criar um modelo de funil de vendas no Excel? Aqui eu tenho passos simples para\",\"breadcrumb\":{\"@id\":\"https:\/\/exceladvisor.org\/pt\/grafico-de-funil\/#breadcrumb\"},\"inLanguage\":\"pt-PT\",\"potentialAction\":[{\"@type\":\"ReadAction\",\"target\":[\"https:\/\/exceladvisor.org\/pt\/grafico-de-funil\/\"]}]},{\"@type\":\"ImageObject\",\"inLanguage\":\"pt-PT\",\"@id\":\"https:\/\/exceladvisor.org\/pt\/grafico-de-funil\/#primaryimage\",\"url\":\"https:\/\/exceladvisor.org\/wp-content\/uploads\/2023\/08\/graphique-dentonnoir-des-ventes-dans-un-modele-excel-1.gif\",\"contentUrl\":\"https:\/\/exceladvisor.org\/wp-content\/uploads\/2023\/08\/graphique-dentonnoir-des-ventes-dans-un-modele-excel-1.gif\"},{\"@type\":\"BreadcrumbList\",\"@id\":\"https:\/\/exceladvisor.org\/pt\/grafico-de-funil\/#breadcrumb\",\"itemListElement\":[{\"@type\":\"ListItem\",\"position\":1,\"name\":\"Lar\",\"item\":\"https:\/\/exceladvisor.org\/pt\/\"},{\"@type\":\"ListItem\",\"position\":2,\"name\":\"Como criar um gr\u00e1fico de funil no excel?\"}]},{\"@type\":\"WebSite\",\"@id\":\"https:\/\/exceladvisor.org\/pt\/#website\",\"url\":\"https:\/\/exceladvisor.org\/pt\/\",\"name\":\"Excel Advisor\",\"description\":\"O seu guia definitivo para dominar os dados!\",\"publisher\":{\"@id\":\"https:\/\/exceladvisor.org\/pt\/#organization\"},\"potentialAction\":[{\"@type\":\"SearchAction\",\"target\":{\"@type\":\"EntryPoint\",\"urlTemplate\":\"https:\/\/exceladvisor.org\/pt\/?s={search_term_string}\"},\"query-input\":{\"@type\":\"PropertyValueSpecification\",\"valueRequired\":true,\"valueName\":\"search_term_string\"}}],\"inLanguage\":\"pt-PT\"},{\"@type\":\"Organization\",\"@id\":\"https:\/\/exceladvisor.org\/pt\/#organization\",\"name\":\"Excel Advisor\",\"url\":\"https:\/\/exceladvisor.org\/pt\/\",\"logo\":{\"@type\":\"ImageObject\",\"inLanguage\":\"pt-PT\",\"@id\":\"https:\/\/exceladvisor.org\/pt\/#\/schema\/logo\/image\/\",\"url\":\"https:\/\/exceladvisor.org\/pt\/wp-content\/uploads\/2023\/12\/exceladvisor.org_.png\",\"contentUrl\":\"https:\/\/exceladvisor.org\/pt\/wp-content\/uploads\/2023\/12\/exceladvisor.org_.png\",\"width\":105,\"height\":36,\"caption\":\"Excel Advisor\"},\"image\":{\"@id\":\"https:\/\/exceladvisor.org\/pt\/#\/schema\/logo\/image\/\"}}]}<\/script>\n<!-- \/ Yoast SEO plugin. -->","yoast_head_json":{"title":"Modelo gratuito de gr\u00e1fico de funil do Excel (com guia)","description":"Voc\u00ea \u00e9 propriet\u00e1rio de uma empresa? Voc\u00ea sabe como criar um modelo de funil de vendas no Excel? Aqui eu tenho passos simples para","robots":{"index":"index","follow":"follow","max-snippet":"max-snippet:-1","max-image-preview":"max-image-preview:large","max-video-preview":"max-video-preview:-1"},"canonical":"https:\/\/exceladvisor.org\/pt\/grafico-de-funil\/","og_locale":"pt_PT","og_type":"article","og_title":"Modelo gratuito de gr\u00e1fico de funil do Excel (com guia)","og_description":"Voc\u00ea \u00e9 propriet\u00e1rio de uma empresa? Voc\u00ea sabe como criar um modelo de funil de vendas no Excel? Aqui eu tenho passos simples para","og_url":"https:\/\/exceladvisor.org\/pt\/grafico-de-funil\/","og_site_name":"Excel Advisor","article_modified_time":"2023-12-06T11:36:47+00:00","og_image":[{"url":"https:\/\/exceladvisor.org\/wp-content\/uploads\/2023\/08\/graphique-dentonnoir-des-ventes-dans-un-modele-excel-1.gif","type":"","width":"","height":""}],"twitter_card":"summary_large_image","twitter_misc":{"Tempo estimado de leitura":"3 minutos"},"schema":{"@context":"https:\/\/schema.org","@graph":[{"@type":"WebPage","@id":"https:\/\/exceladvisor.org\/pt\/grafico-de-funil\/","url":"https:\/\/exceladvisor.org\/pt\/grafico-de-funil\/","name":"Modelo gratuito de gr\u00e1fico de funil do Excel (com guia)","isPartOf":{"@id":"https:\/\/exceladvisor.org\/pt\/#website"},"primaryImageOfPage":{"@id":"https:\/\/exceladvisor.org\/pt\/grafico-de-funil\/#primaryimage"},"image":{"@id":"https:\/\/exceladvisor.org\/pt\/grafico-de-funil\/#primaryimage"},"thumbnailUrl":"https:\/\/exceladvisor.org\/wp-content\/uploads\/2023\/08\/graphique-dentonnoir-des-ventes-dans-un-modele-excel-1.gif","datePublished":"2023-11-10T19:17:27+00:00","dateModified":"2023-12-06T11:36:47+00:00","description":"Voc\u00ea \u00e9 propriet\u00e1rio de uma empresa? Voc\u00ea sabe como criar um modelo de funil de vendas no Excel? Aqui eu tenho passos simples para","breadcrumb":{"@id":"https:\/\/exceladvisor.org\/pt\/grafico-de-funil\/#breadcrumb"},"inLanguage":"pt-PT","potentialAction":[{"@type":"ReadAction","target":["https:\/\/exceladvisor.org\/pt\/grafico-de-funil\/"]}]},{"@type":"ImageObject","inLanguage":"pt-PT","@id":"https:\/\/exceladvisor.org\/pt\/grafico-de-funil\/#primaryimage","url":"https:\/\/exceladvisor.org\/wp-content\/uploads\/2023\/08\/graphique-dentonnoir-des-ventes-dans-un-modele-excel-1.gif","contentUrl":"https:\/\/exceladvisor.org\/wp-content\/uploads\/2023\/08\/graphique-dentonnoir-des-ventes-dans-un-modele-excel-1.gif"},{"@type":"BreadcrumbList","@id":"https:\/\/exceladvisor.org\/pt\/grafico-de-funil\/#breadcrumb","itemListElement":[{"@type":"ListItem","position":1,"name":"Lar","item":"https:\/\/exceladvisor.org\/pt\/"},{"@type":"ListItem","position":2,"name":"Como criar um gr\u00e1fico de funil no excel?"}]},{"@type":"WebSite","@id":"https:\/\/exceladvisor.org\/pt\/#website","url":"https:\/\/exceladvisor.org\/pt\/","name":"Excel Advisor","description":"O seu guia definitivo para dominar os dados!","publisher":{"@id":"https:\/\/exceladvisor.org\/pt\/#organization"},"potentialAction":[{"@type":"SearchAction","target":{"@type":"EntryPoint","urlTemplate":"https:\/\/exceladvisor.org\/pt\/?s={search_term_string}"},"query-input":{"@type":"PropertyValueSpecification","valueRequired":true,"valueName":"search_term_string"}}],"inLanguage":"pt-PT"},{"@type":"Organization","@id":"https:\/\/exceladvisor.org\/pt\/#organization","name":"Excel Advisor","url":"https:\/\/exceladvisor.org\/pt\/","logo":{"@type":"ImageObject","inLanguage":"pt-PT","@id":"https:\/\/exceladvisor.org\/pt\/#\/schema\/logo\/image\/","url":"https:\/\/exceladvisor.org\/pt\/wp-content\/uploads\/2023\/12\/exceladvisor.org_.png","contentUrl":"https:\/\/exceladvisor.org\/pt\/wp-content\/uploads\/2023\/12\/exceladvisor.org_.png","width":105,"height":36,"caption":"Excel Advisor"},"image":{"@id":"https:\/\/exceladvisor.org\/pt\/#\/schema\/logo\/image\/"}}]}},"yoast_meta":{"yoast_wpseo_title":"","yoast_wpseo_metadesc":"","yoast_wpseo_canonical":""},"_links":{"self":[{"href":"https:\/\/exceladvisor.org\/pt\/wp-json\/wp\/v2\/pages\/223","targetHints":{"allow":["GET"]}}],"collection":[{"href":"https:\/\/exceladvisor.org\/pt\/wp-json\/wp\/v2\/pages"}],"about":[{"href":"https:\/\/exceladvisor.org\/pt\/wp-json\/wp\/v2\/types\/page"}],"author":[{"embeddable":true,"href":"https:\/\/exceladvisor.org\/pt\/wp-json\/wp\/v2\/users\/1"}],"replies":[{"embeddable":true,"href":"https:\/\/exceladvisor.org\/pt\/wp-json\/wp\/v2\/comments?post=223"}],"version-history":[{"count":1,"href":"https:\/\/exceladvisor.org\/pt\/wp-json\/wp\/v2\/pages\/223\/revisions"}],"predecessor-version":[{"id":986,"href":"https:\/\/exceladvisor.org\/pt\/wp-json\/wp\/v2\/pages\/223\/revisions\/986"}],"wp:attachment":[{"href":"https:\/\/exceladvisor.org\/pt\/wp-json\/wp\/v2\/media?parent=223"}],"curies":[{"name":"wp","href":"https:\/\/api.w.org\/{rel}","templated":true}]}}