{"id":224,"date":"2023-11-10T18:59:39","date_gmt":"2023-11-10T18:59:39","guid":{"rendered":"https:\/\/exceladvisor.org\/pt\/grafico-de-marcos\/"},"modified":"2023-12-06T11:37:06","modified_gmt":"2023-12-06T11:37:06","slug":"grafico-de-marcos","status":"publish","type":"page","link":"https:\/\/exceladvisor.org\/pt\/grafico-de-marcos\/","title":{"rendered":"Como criar uma tabela de etapas no excel?"},"content":{"rendered":"<div class=\"excel-before-content-2\" id=\"excel-719846371\"><script type=\"text\/javascript\">\r\n\tatOptions = {\r\n\t\t'key' : 'c1158f160081d6540a8409e6925dab94',\r\n\t\t'format' : 'iframe',\r\n\t\t'height' : 250,\r\n\t\t'width' : 300,\r\n\t\t'params' : {}\r\n\t};\r\n<\/script>\r\n<script type=\"text\/javascript\" src=\"\/\/www.highperformanceformat.com\/c1158f160081d6540a8409e6925dab94\/invoke.js\"><\/script><\/div><div class=\"excel-before-content\" id=\"excel-428755327\"><script type=\"text\/javascript\">\r\n\tatOptions = {\r\n\t\t'key' : 'c1158f160081d6540a8409e6925dab94',\r\n\t\t'format' : 'iframe',\r\n\t\t'height' : 250,\r\n\t\t'width' : 300,\r\n\t\t'params' : {}\r\n\t};\r\n<\/script>\r\n<script type=\"text\/javascript\" src=\"\/\/www.highperformanceformat.com\/c1158f160081d6540a8409e6925dab94\/invoke.js\"><\/script><\/div> <div class=\"wp-block-image\"><figure class=\"aligncenter\"><img decoding=\"async\" src=\"https:\/\/exceladvisor.org\/wp-content\/uploads\/2023\/08\/comment-creer-un-tableau-des-etapes-dans-excel-1.png\" sizes=\"\" srcset=\"\" alt=\"como criar uma tabela de etapas no excel\"><\/figure><\/div><p> Acompanhar todas as etapas de um projeto \u00e9 uma tarefa importante. Voc\u00ea sabe, \u00e9 t\u00e3o importante quanto a execu\u00e7\u00e3o de cada etapa. Na verdade, o rastreamento facilita a execu\u00e7\u00e3o.<\/p><p> No Excel, um dos gr\u00e1ficos mais simples, por\u00e9m mais poderosos, que voc\u00ea pode usar para rastrear seus projetos \u00e9 o <strong>STEPS CHART<\/strong> . Eles tamb\u00e9m o chamam de \u201cgr\u00e1fico da linha do tempo\u201d.<\/p><p> \u00c9 uma das ferramentas de gerenciamento de projetos favoritas dos especialistas. Ele exibe visualmente uma linha do tempo onde voc\u00ea pode especificar marcos importantes, resultados e outros pontos de verifica\u00e7\u00e3o.<\/p><p> <a href=\"https:\/\/en.wikipedia.org\/wiki\/Milestone_(project_management)\" target=\"_blank\" rel=\"noopener noreferrer\"><em>De acordo com a Wikipedia<\/em><\/a> <em>: Marcos s\u00e3o ferramentas usadas no gerenciamento de projetos para marcar pontos espec\u00edficos ao longo do cronograma do projeto.<\/em><\/p><p> A ideia b\u00e1sica de um gr\u00e1fico de marcos \u00e9 acompanhar cada etapa do seu projeto em um cronograma com sua data de conclus\u00e3o e apresent\u00e1-la de forma simples.<\/p><p> Hoje, neste artigo, gostaria de compartilhar com voc\u00eas um <strong>processo simples de 3 etapas<\/strong> para criar uma tabela de etapas no Excel.<\/p><p> Ent\u00e3o vamos come\u00e7ar.<\/p><h2 class=\"wp-block-heading\"> Benef\u00edcios de usar um gr\u00e1fico de etapas<\/h2><p> Antes de entrarmos no assunto, deixe-me falar sobre os principais benef\u00edcios de usar um gr\u00e1fico de etapas.<\/p><ul><li> \u00c9 f\u00e1cil verificar o andamento do projeto com um gr\u00e1fico de marcos.<\/li><li> F\u00e1cil para o usu\u00e1rio entender o planejamento do projeto.<\/li><li> Voc\u00ea tem todas as informa\u00e7\u00f5es importantes em um gr\u00e1fico.<\/li><\/ul><h2 class=\"wp-block-heading\"> Etapas para criar uma tabela de etapas no Excel<\/h2><p> Dividi todo o processo em tr\u00eas etapas para facilitar sua compreens\u00e3o.<\/p><h3 class=\"wp-block-heading\"> 1. Configurar dados<\/h3><p> Voc\u00ea pode configurar facilmente seus dados para este gr\u00e1fico. Certifique-se de organizar seus dados como abaixo. <\/p><div class=\"wp-block-image\"><figure class=\"aligncenter\"><img decoding=\"async\" src=\"https:\/\/exceladvisor.org\/wp-content\/uploads\/2023\/08\/donnees-pour-creer-un-graphique-detape-dans-Excel-1.png\" sizes=\"\" srcset=\"\" alt=\"dados para criar um gr\u00e1fico de etapas no Excel\"><\/figure><\/div><p> Nesta tabela de dados, temos tr\u00eas colunas.<\/p><ol><li> A primeira coluna \u00e9 para as datas de conclus\u00e3o dos marcos do projeto. E certifique-se de que o formato desta coluna seja em formato de texto.<\/li><li> A segunda coluna \u00e9 para o nome da atividade.<\/li><li> A terceira coluna serve apenas para colocar as atividades na linha do tempo (superior e inferior).<\/li><\/ol><h3 class=\"wp-block-heading\"> 2. Insira um gr\u00e1fico<\/h3><p> Agora o jogo come\u00e7a. Criar um gr\u00e1fico de etapas \u00e9 um processo um pouco demorado, mas vale a pena por causa deste gr\u00e1fico incr\u00edvel.<\/p><p> Aqui est\u00e3o as etapas.<\/p><ol><li> Selecione uma das c\u00e9lulas dos dados.<\/li><li> V\u00e1 para a guia Inserir \u279c Gr\u00e1ficos \u279c Linha com marcadores. <br><img decoding=\"async\" title=\"insira um gr\u00e1fico de linhas com marcadores para criar um gr\u00e1fico de etapas no Excel\" src=\"https:\/\/exceladvisor.org\/wp-content\/uploads\/2023\/08\/inserer-un-graphique-lineaire-avec-des-marqueurs-pour-creer-un-graphique-detape-dans-Excel-1.png\" sizes=\"\" srcset=\"\" alt=\"insert a line chart with markers to create a milestone chart in excel\"><\/li><li> Teremos uma mesa como esta. Mas n\u00e3o \u00e9 isso que queremos, temos que recri\u00e1-lo. <br><img decoding=\"async\" title=\"gr\u00e1fico bruto para criar um gr\u00e1fico de marcos no Excel\" src=\"https:\/\/exceladvisor.org\/wp-content\/uploads\/2023\/08\/graphique-brut-pour-creer-un-graphique-detape-dans-Excel-1.png\" sizes=\"\" srcset=\"\" alt=\"raw chart to create a milestone chart in excel\"><\/li><li> Agora clique com o bot\u00e3o direito no gr\u00e1fico e v\u00e1 em \u201cSelecionar dados\u201d. <br><img decoding=\"async\" title=\"selecione dados para criar gr\u00e1fico de marcos no Excel\" src=\"https:\/\/exceladvisor.org\/wp-content\/uploads\/2023\/08\/selectionner-des-donnees-pour-creer-un-graphique-detape-dans-Excel-1.png\" sizes=\"\" srcset=\"\" alt=\"select data to create a milestone chart in excel\"><\/li><li> Na janela de sele\u00e7\u00e3o de dados, basta remover a s\u00e9rie das entradas da legenda. <br><img decoding=\"async\" title=\"excluir s\u00e9rie para criar gr\u00e1fico de marcos no Excel\" src=\"https:\/\/exceladvisor.org\/wp-content\/uploads\/2023\/08\/supprimer-des-series-pour-creer-un-graphique-detape-dans-Excel-1.png\" sizes=\"\" srcset=\"\" alt=\"remove series to create a milestone chart in excel\"><\/li><li> Agora nossa mesa est\u00e1 completamente vazia. Portanto, precisamos reatribuir os r\u00f3tulos das s\u00e9ries e dos eixos.<\/li><li> Clique em \u201cAdicionar\u201d nas entradas de legenda. <br><img decoding=\"async\" title=\"clique em adicionar para criar tabela de marcos no Excel\" src=\"https:\/\/exceladvisor.org\/wp-content\/uploads\/2023\/08\/cliquez-sur-ajouter-pour-creer-un-graphique-detape-dans-Excel-1.png\" sizes=\"\" srcset=\"\" alt=\"click add to create a milestone chart in excel\"><\/li><li> Na janela de edi\u00e7\u00e3o da s\u00e9rie, insira &#8220;Data&#8221; no nome da s\u00e9rie e selecione a coluna de atividade para os valores da s\u00e9rie. <br><img decoding=\"async\" title=\"selecione s\u00e9rie para criar gr\u00e1fico de marcos no Excel\" src=\"https:\/\/exceladvisor.org\/wp-content\/uploads\/2023\/08\/selectionner-une-serie-pour-creer-un-graphique-detape-dans-Excel-1.png\" sizes=\"\" srcset=\"\" alt=\"select series to create a milestone chart in excel\"><\/li><li> Depois disso, clique em editar em \u201cHorizontal Axis Labels\u201d e consulte a coluna de data e clique em OK. <br><img decoding=\"async\" title=\"alterar r\u00f3tulo do eixo para criar gr\u00e1fico de marcos em etapas-Excel-1\" src=\"https:\/\/exceladvisor.org\/wp-content\/uploads\/2023\/08\/modifier-letiquette-de-laxe-pour-creer-un-graphique-detape-dans-les-etapes-Excel-1.png\" sizes=\"\" srcset=\"\" alt=\"edit axis label to create a milestone chart in excel steps\"><\/li><li> Em seguida, precisamos inserir outra s\u00e9rie. Clique em \u201cAdicionar\u201d nas entradas da legenda e nomeie-a como \u201cPosicionamento\u201d e encaminhe os valores da s\u00e9rie para a coluna de posicionamento. <br><img decoding=\"async\" title=\"adicione uma nova s\u00e9rie para criar um gr\u00e1fico de etapas no Excel\" src=\"https:\/\/exceladvisor.org\/wp-content\/uploads\/2023\/08\/ajouter-une-nouvelle-serie-pour-creer-un-graphique-detape-dans-Excel-1.png\" sizes=\"\" srcset=\"\" alt=\"add new series to create a milestone chart in excel\"><\/li><li> Agora \u00e9 s\u00f3 clicar em OK.<\/li><\/ol><p> Neste ponto, temos um gr\u00e1fico que se parece com uma linha do tempo. Mas precisamos de um pequeno toque de formata\u00e7\u00e3o para torn\u00e1-lo um gr\u00e1fico de etapas perfeito. <\/p><div class=\"wp-block-image\"><figure class=\"aligncenter\"><img decoding=\"async\" src=\"https:\/\/exceladvisor.org\/wp-content\/uploads\/2023\/08\/graphique-final-pour-creer-un-graphique-detape-dans-les-etapes-Excel-1.png\" sizes=\"\" srcset=\"\" alt=\"gr\u00e1fico final para criar um gr\u00e1fico de etapas no Excel Steps\"><\/figure><\/div><p> <a href=\"https:\/\/exceladvisor.org\/wp-content\/uploads\/2023\/11\/tableau-des-etapes-finales-sans-mise-en-forme.xlsx\" rel=\"nofollow\">Baixe este arquivo para obter a tabela at\u00e9 esta etapa<\/a> .<\/p><h3 id=\"tab-con-5\" class=\"wp-block-heading\"> 3. Formata\u00e7\u00e3o final<\/h3><p> Um pequeno toque de formata\u00e7\u00e3o. Siga estes passos simples.<\/p><ol><li> Clique no gr\u00e1fico de linhas e abra a op\u00e7\u00e3o de formato.<\/li><li> Para a linha, use \u201cNo Color\u201d. <br><img decoding=\"async\" title=\"nenhuma linha para criar uma tabela de etapas no Excel\" src=\"https:\/\/exceladvisor.org\/wp-content\/uploads\/2023\/08\/pas-de-ligne-pour-creer-un-tableau-detape-dans-Excel-1.png\" sizes=\"\" srcset=\"\" alt=\"no line to create a milestone chart in excel\"><\/li><li> Com a mesma sele\u00e7\u00e3o, v\u00e1 para a guia Design -&gt; Adicionar elemento gr\u00e1fico -&gt; Barras de erro -&gt; Mais op\u00e7\u00f5es de barras de erro. <br><img decoding=\"async\" title=\"adicione barras de erro para criar um gr\u00e1fico de etapas no Excel\" src=\"https:\/\/exceladvisor.org\/wp-content\/uploads\/2023\/08\/ajouter-des-barres-derreur-pour-creer-un-graphique-detape-dans-Excel-1.png\" sizes=\"\" srcset=\"\" alt=\"add error bars to create a milestone chart in excel\"><\/li><li> Agora, nas op\u00e7\u00f5es de formata\u00e7\u00e3o, selecione a dire\u00e7\u00e3o \u201cMenos\u201d e o valor de erro \u201cPorcentagem: 100%\u201d para as barras de erro. <br><img decoding=\"async\" title=\"formatar barras de erro para criar um gr\u00e1fico de marcos no Excel\" src=\"https:\/\/exceladvisor.org\/wp-content\/uploads\/2023\/08\/formater-les-barres-derreur-pour-creer-un-graphique-detape-dans-Excel-1.png\" sizes=\"\" srcset=\"\" alt=\"format error bars to create a milestone chart in excel\"><\/li><li> Depois disso, converta seu gr\u00e1fico de linhas em eixo secund\u00e1rio e remova o eixo secund\u00e1rio instantaneamente.<\/li><\/ol><p> Agora, a \u00faltima coisa importante que voc\u00ea precisa fazer \u00e9 adicionar o nome da atividade para cada etapa.<\/p><ol><li> Primeiro, adicione r\u00f3tulos de dados.<\/li><li> Agora, nas op\u00e7\u00f5es de formata\u00e7\u00e3o de r\u00f3tulo de dados, selecione \u201cNome da categoria\u201d. <br><img decoding=\"async\" title=\"adicione r\u00f3tulos de dados para criar um gr\u00e1fico de etapas no Excel\" src=\"https:\/\/exceladvisor.org\/wp-content\/uploads\/2023\/08\/ajouter-des-etiquettes-de-donnees-pour-creer-un-graphique-detape-dans-Excel-1.png\" sizes=\"\" srcset=\"\" alt=\"add data labels to create a milestone chart in excel\"><\/li><li> Depois disso, selecione seu gr\u00e1fico e clique em \u201cSelecionar Dados\u201d.<\/li><li> Clique na s\u00e9rie \u201cPosicionamento\u201d. <br><img decoding=\"async\" title=\"editar-s\u00e9rie-para-adicionar-r\u00f3tulos-de-dados-para-criar-gr\u00e1fico-de-marcos-no-excel\" src=\"https:\/\/exceladvisor.org\/wp-content\/uploads\/2023\/08\/modifier-la-serie-pour-ajouter-des-etiquettes-de-donnees-pour-creer-un-graphique-detape-dans-Excel-1.png\" sizes=\"\" srcset=\"\" alt=\"edit series to add data labels to create a milestone chart in excel\"><\/li><li> No r\u00f3tulo do eixo, clique em editar e consulte a coluna de atividade. <br><img decoding=\"async\" title=\"selecione o intervalo de r\u00f3tulos de dados para criar um gr\u00e1fico de marcos no Excel-1\" src=\"https:\/\/exceladvisor.org\/wp-content\/uploads\/2023\/08\/selectionnez-la-plage-detiquettes-de-donnees-pour-creer-un-graphique-detape-dans-Excel-1.png\" sizes=\"\" srcset=\"\" alt=\"select data label range to create a milestone chart in excel\"><\/li><li> Clique OK. <br><img decoding=\"async\" title=\"gr\u00e1fico final com formata\u00e7\u00e3o para criar um gr\u00e1fico de marcos em etapas-Excel\" src=\"https:\/\/exceladvisor.org\/wp-content\/uploads\/2023\/08\/graphique-final-avec-mise-en-forme-pour-creer-un-graphique-detape-dans-les-etapes-Excel-1.png\" sizes=\"\" srcset=\"\" alt=\"final chart with formatting to create a milestone chart in excel steps\"><\/li><\/ol><h2 id=\"tab-con-6\" class=\"wp-block-heading\"> Arquivo de exemplo<\/h2><p> <a href=\"https:\/\/exceladvisor.org\/wp-content\/uploads\/2023\/11\/tableau-des-jalons-dans-excel.xlsx\" rel=\"nofollow\">Baixe este arquivo de amostra aqui<\/a> para saber mais.<\/p><h2 class=\"wp-block-heading\"> Conclus\u00e3o<\/h2><p> Como eu disse, o gr\u00e1fico de etapas \u00e9 de f\u00e1cil compreens\u00e3o para o usu\u00e1rio final e voc\u00ea pode acompanhar o planejamento do seu projeto de forma simples. Parece um pouco complicado quando voc\u00ea faz isso pela primeira vez, mas se voc\u00ea \u00e9 um gerente de projeto emergente, voc\u00ea pode tentar.<\/p><p> Espero que voc\u00ea tenha achado este m\u00e9todo passo a passo \u00fatil, mas agora me diga uma coisa.<\/p><p> <strong>Voc\u00ea j\u00e1 experimentou esta placa antes?<\/strong><\/p><p> Compartilhe sua opini\u00e3o na se\u00e7\u00e3o de coment\u00e1rios, adoraria ouvir sua opini\u00e3o e n\u00e3o se esque\u00e7a de compartilh\u00e1-la com seus amigos.<\/p><div class=\"gb-container gb-container-a61970aa gb-container-mt\"> <a class=\"gb-button gb-button-b4293c6c gb-button-text gb-button-mt-button\" href=\"https:\/\/exceladvisor.org\/pt\/graficos-do-excel\/\">Tipos de gr\u00e1ficos do Excel<\/a><h2 class=\"gb-headline gb-headline-5bf2e581 gb-headline-text gb-headline-mt-heading\"> Tutoriais relacionados <\/h2><div class=\"gb-grid-wrapper gb-grid-wrapper-9b70abf1 gb-grid-wrapper-mt-grid\"><div class=\"gb-grid-column gb-grid-column-97a95c29\"><div class=\"gb-container gb-container-97a95c29\"><ul><li> <a href=\"https:\/\/exceladvisor.org\/pt\/grafico-de-waffle\/\">PLACA GRAVADA<\/a><\/li><li> <a href=\"https:\/\/exceladvisor.org\/pt\/grafico-de-funil\/\">Gr\u00e1fico de funil<\/a><\/li><li> <a href=\"https:\/\/exceladvisor.org\/pt\/grafico-de-gantt\/\">gr\u00e1fico de Gantt<\/a><\/li><li> <a href=\"https:\/\/exceladvisor.org\/pt\/quadro-de-marcadores\/\">Gr\u00e1fico com marcadores<\/a><\/li><\/ul><\/div><\/div><\/div><\/div>","protected":false},"excerpt":{"rendered":"","protected":false},"author":1,"featured_media":0,"parent":0,"menu_order":0,"comment_status":"open","ping_status":"closed","template":"","meta":{"ub_ctt_via":"","footnotes":""},"class_list":["post-224","page","type-page","status-publish","hentry"],"featured_image_src":null,"yoast_head":"<!-- This site is optimized with the Yoast SEO plugin v25.4 - https:\/\/yoast.com\/wordpress\/plugins\/seo\/ -->\n<title>Como criar uma tabela de etapas no Excel? [3 etapas]<\/title>\n<meta name=\"description\" content=\"A ideia b\u00e1sica do gr\u00e1fico de marcos \u00e9 acompanhar cada etapa do seu projeto em um cronograma com a data de conclus\u00e3o e o\" \/>\n<meta name=\"robots\" content=\"index, follow, max-snippet:-1, max-image-preview:large, max-video-preview:-1\" \/>\n<link rel=\"canonical\" href=\"https:\/\/exceladvisor.org\/pt\/grafico-de-marcos\/\" \/>\n<meta property=\"og:locale\" content=\"pt_PT\" \/>\n<meta property=\"og:type\" content=\"article\" \/>\n<meta property=\"og:title\" content=\"Como criar uma tabela de etapas no Excel? [3 etapas]\" \/>\n<meta property=\"og:description\" content=\"A ideia b\u00e1sica do gr\u00e1fico de marcos \u00e9 acompanhar cada etapa do seu projeto em um cronograma com a data de conclus\u00e3o e o\" \/>\n<meta property=\"og:url\" content=\"https:\/\/exceladvisor.org\/pt\/grafico-de-marcos\/\" \/>\n<meta property=\"og:site_name\" content=\"Excel Advisor\" \/>\n<meta property=\"article:modified_time\" content=\"2023-12-06T11:37:06+00:00\" \/>\n<meta property=\"og:image\" content=\"https:\/\/exceladvisor.org\/wp-content\/uploads\/2023\/08\/comment-creer-un-tableau-des-etapes-dans-excel-1.png\" \/>\n<meta name=\"twitter:card\" content=\"summary_large_image\" \/>\n<meta name=\"twitter:label1\" content=\"Tempo estimado de leitura\" \/>\n\t<meta name=\"twitter:data1\" content=\"5 minutos\" \/>\n<script type=\"application\/ld+json\" class=\"yoast-schema-graph\">{\"@context\":\"https:\/\/schema.org\",\"@graph\":[{\"@type\":\"WebPage\",\"@id\":\"https:\/\/exceladvisor.org\/pt\/grafico-de-marcos\/\",\"url\":\"https:\/\/exceladvisor.org\/pt\/grafico-de-marcos\/\",\"name\":\"Como criar uma tabela de etapas no Excel? [3 etapas]\",\"isPartOf\":{\"@id\":\"https:\/\/exceladvisor.org\/pt\/#website\"},\"primaryImageOfPage\":{\"@id\":\"https:\/\/exceladvisor.org\/pt\/grafico-de-marcos\/#primaryimage\"},\"image\":{\"@id\":\"https:\/\/exceladvisor.org\/pt\/grafico-de-marcos\/#primaryimage\"},\"thumbnailUrl\":\"https:\/\/exceladvisor.org\/wp-content\/uploads\/2023\/08\/comment-creer-un-tableau-des-etapes-dans-excel-1.png\",\"datePublished\":\"2023-11-10T18:59:39+00:00\",\"dateModified\":\"2023-12-06T11:37:06+00:00\",\"description\":\"A ideia b\u00e1sica do gr\u00e1fico de marcos \u00e9 acompanhar cada etapa do seu projeto em um cronograma com a data de conclus\u00e3o e o\",\"breadcrumb\":{\"@id\":\"https:\/\/exceladvisor.org\/pt\/grafico-de-marcos\/#breadcrumb\"},\"inLanguage\":\"pt-PT\",\"potentialAction\":[{\"@type\":\"ReadAction\",\"target\":[\"https:\/\/exceladvisor.org\/pt\/grafico-de-marcos\/\"]}]},{\"@type\":\"ImageObject\",\"inLanguage\":\"pt-PT\",\"@id\":\"https:\/\/exceladvisor.org\/pt\/grafico-de-marcos\/#primaryimage\",\"url\":\"https:\/\/exceladvisor.org\/wp-content\/uploads\/2023\/08\/comment-creer-un-tableau-des-etapes-dans-excel-1.png\",\"contentUrl\":\"https:\/\/exceladvisor.org\/wp-content\/uploads\/2023\/08\/comment-creer-un-tableau-des-etapes-dans-excel-1.png\"},{\"@type\":\"BreadcrumbList\",\"@id\":\"https:\/\/exceladvisor.org\/pt\/grafico-de-marcos\/#breadcrumb\",\"itemListElement\":[{\"@type\":\"ListItem\",\"position\":1,\"name\":\"Lar\",\"item\":\"https:\/\/exceladvisor.org\/pt\/\"},{\"@type\":\"ListItem\",\"position\":2,\"name\":\"Como criar uma tabela de etapas no excel?\"}]},{\"@type\":\"WebSite\",\"@id\":\"https:\/\/exceladvisor.org\/pt\/#website\",\"url\":\"https:\/\/exceladvisor.org\/pt\/\",\"name\":\"Excel Advisor\",\"description\":\"O seu guia definitivo para dominar os dados!\",\"publisher\":{\"@id\":\"https:\/\/exceladvisor.org\/pt\/#organization\"},\"potentialAction\":[{\"@type\":\"SearchAction\",\"target\":{\"@type\":\"EntryPoint\",\"urlTemplate\":\"https:\/\/exceladvisor.org\/pt\/?s={search_term_string}\"},\"query-input\":{\"@type\":\"PropertyValueSpecification\",\"valueRequired\":true,\"valueName\":\"search_term_string\"}}],\"inLanguage\":\"pt-PT\"},{\"@type\":\"Organization\",\"@id\":\"https:\/\/exceladvisor.org\/pt\/#organization\",\"name\":\"Excel Advisor\",\"url\":\"https:\/\/exceladvisor.org\/pt\/\",\"logo\":{\"@type\":\"ImageObject\",\"inLanguage\":\"pt-PT\",\"@id\":\"https:\/\/exceladvisor.org\/pt\/#\/schema\/logo\/image\/\",\"url\":\"https:\/\/exceladvisor.org\/pt\/wp-content\/uploads\/2023\/12\/exceladvisor.org_.png\",\"contentUrl\":\"https:\/\/exceladvisor.org\/pt\/wp-content\/uploads\/2023\/12\/exceladvisor.org_.png\",\"width\":105,\"height\":36,\"caption\":\"Excel Advisor\"},\"image\":{\"@id\":\"https:\/\/exceladvisor.org\/pt\/#\/schema\/logo\/image\/\"}}]}<\/script>\n<!-- \/ Yoast SEO plugin. -->","yoast_head_json":{"title":"Como criar uma tabela de etapas no Excel? [3 etapas]","description":"A ideia b\u00e1sica do gr\u00e1fico de marcos \u00e9 acompanhar cada etapa do seu projeto em um cronograma com a data de conclus\u00e3o e o","robots":{"index":"index","follow":"follow","max-snippet":"max-snippet:-1","max-image-preview":"max-image-preview:large","max-video-preview":"max-video-preview:-1"},"canonical":"https:\/\/exceladvisor.org\/pt\/grafico-de-marcos\/","og_locale":"pt_PT","og_type":"article","og_title":"Como criar uma tabela de etapas no Excel? [3 etapas]","og_description":"A ideia b\u00e1sica do gr\u00e1fico de marcos \u00e9 acompanhar cada etapa do seu projeto em um cronograma com a data de conclus\u00e3o e o","og_url":"https:\/\/exceladvisor.org\/pt\/grafico-de-marcos\/","og_site_name":"Excel Advisor","article_modified_time":"2023-12-06T11:37:06+00:00","og_image":[{"url":"https:\/\/exceladvisor.org\/wp-content\/uploads\/2023\/08\/comment-creer-un-tableau-des-etapes-dans-excel-1.png","type":"","width":"","height":""}],"twitter_card":"summary_large_image","twitter_misc":{"Tempo estimado de leitura":"5 minutos"},"schema":{"@context":"https:\/\/schema.org","@graph":[{"@type":"WebPage","@id":"https:\/\/exceladvisor.org\/pt\/grafico-de-marcos\/","url":"https:\/\/exceladvisor.org\/pt\/grafico-de-marcos\/","name":"Como criar uma tabela de etapas no Excel? [3 etapas]","isPartOf":{"@id":"https:\/\/exceladvisor.org\/pt\/#website"},"primaryImageOfPage":{"@id":"https:\/\/exceladvisor.org\/pt\/grafico-de-marcos\/#primaryimage"},"image":{"@id":"https:\/\/exceladvisor.org\/pt\/grafico-de-marcos\/#primaryimage"},"thumbnailUrl":"https:\/\/exceladvisor.org\/wp-content\/uploads\/2023\/08\/comment-creer-un-tableau-des-etapes-dans-excel-1.png","datePublished":"2023-11-10T18:59:39+00:00","dateModified":"2023-12-06T11:37:06+00:00","description":"A ideia b\u00e1sica do gr\u00e1fico de marcos \u00e9 acompanhar cada etapa do seu projeto em um cronograma com a data de conclus\u00e3o e o","breadcrumb":{"@id":"https:\/\/exceladvisor.org\/pt\/grafico-de-marcos\/#breadcrumb"},"inLanguage":"pt-PT","potentialAction":[{"@type":"ReadAction","target":["https:\/\/exceladvisor.org\/pt\/grafico-de-marcos\/"]}]},{"@type":"ImageObject","inLanguage":"pt-PT","@id":"https:\/\/exceladvisor.org\/pt\/grafico-de-marcos\/#primaryimage","url":"https:\/\/exceladvisor.org\/wp-content\/uploads\/2023\/08\/comment-creer-un-tableau-des-etapes-dans-excel-1.png","contentUrl":"https:\/\/exceladvisor.org\/wp-content\/uploads\/2023\/08\/comment-creer-un-tableau-des-etapes-dans-excel-1.png"},{"@type":"BreadcrumbList","@id":"https:\/\/exceladvisor.org\/pt\/grafico-de-marcos\/#breadcrumb","itemListElement":[{"@type":"ListItem","position":1,"name":"Lar","item":"https:\/\/exceladvisor.org\/pt\/"},{"@type":"ListItem","position":2,"name":"Como criar uma tabela de etapas no excel?"}]},{"@type":"WebSite","@id":"https:\/\/exceladvisor.org\/pt\/#website","url":"https:\/\/exceladvisor.org\/pt\/","name":"Excel Advisor","description":"O seu guia definitivo para dominar os dados!","publisher":{"@id":"https:\/\/exceladvisor.org\/pt\/#organization"},"potentialAction":[{"@type":"SearchAction","target":{"@type":"EntryPoint","urlTemplate":"https:\/\/exceladvisor.org\/pt\/?s={search_term_string}"},"query-input":{"@type":"PropertyValueSpecification","valueRequired":true,"valueName":"search_term_string"}}],"inLanguage":"pt-PT"},{"@type":"Organization","@id":"https:\/\/exceladvisor.org\/pt\/#organization","name":"Excel Advisor","url":"https:\/\/exceladvisor.org\/pt\/","logo":{"@type":"ImageObject","inLanguage":"pt-PT","@id":"https:\/\/exceladvisor.org\/pt\/#\/schema\/logo\/image\/","url":"https:\/\/exceladvisor.org\/pt\/wp-content\/uploads\/2023\/12\/exceladvisor.org_.png","contentUrl":"https:\/\/exceladvisor.org\/pt\/wp-content\/uploads\/2023\/12\/exceladvisor.org_.png","width":105,"height":36,"caption":"Excel Advisor"},"image":{"@id":"https:\/\/exceladvisor.org\/pt\/#\/schema\/logo\/image\/"}}]}},"yoast_meta":{"yoast_wpseo_title":"","yoast_wpseo_metadesc":"","yoast_wpseo_canonical":""},"_links":{"self":[{"href":"https:\/\/exceladvisor.org\/pt\/wp-json\/wp\/v2\/pages\/224","targetHints":{"allow":["GET"]}}],"collection":[{"href":"https:\/\/exceladvisor.org\/pt\/wp-json\/wp\/v2\/pages"}],"about":[{"href":"https:\/\/exceladvisor.org\/pt\/wp-json\/wp\/v2\/types\/page"}],"author":[{"embeddable":true,"href":"https:\/\/exceladvisor.org\/pt\/wp-json\/wp\/v2\/users\/1"}],"replies":[{"embeddable":true,"href":"https:\/\/exceladvisor.org\/pt\/wp-json\/wp\/v2\/comments?post=224"}],"version-history":[{"count":1,"href":"https:\/\/exceladvisor.org\/pt\/wp-json\/wp\/v2\/pages\/224\/revisions"}],"predecessor-version":[{"id":1011,"href":"https:\/\/exceladvisor.org\/pt\/wp-json\/wp\/v2\/pages\/224\/revisions\/1011"}],"wp:attachment":[{"href":"https:\/\/exceladvisor.org\/pt\/wp-json\/wp\/v2\/media?parent=224"}],"curies":[{"name":"wp","href":"https:\/\/api.w.org\/{rel}","templated":true}]}}