{"id":225,"date":"2023-11-10T18:42:50","date_gmt":"2023-11-10T18:42:50","guid":{"rendered":"https:\/\/exceladvisor.org\/pt\/adicione-uma-linha-horizontal\/"},"modified":"2023-12-06T11:34:10","modified_gmt":"2023-12-06T11:34:10","slug":"adicione-uma-linha-horizontal","status":"publish","type":"page","link":"https:\/\/exceladvisor.org\/pt\/adicione-uma-linha-horizontal\/","title":{"rendered":"Como adicionar uma linha horizontal a um gr\u00e1fico?"},"content":{"rendered":"<div class=\"excel-before-content-2\" id=\"excel-1170428229\"><script type=\"text\/javascript\">\r\n\tatOptions = {\r\n\t\t'key' : 'c1158f160081d6540a8409e6925dab94',\r\n\t\t'format' : 'iframe',\r\n\t\t'height' : 250,\r\n\t\t'width' : 300,\r\n\t\t'params' : {}\r\n\t};\r\n<\/script>\r\n<script type=\"text\/javascript\" src=\"\/\/www.highperformanceformat.com\/c1158f160081d6540a8409e6925dab94\/invoke.js\"><\/script><\/div><div class=\"excel-before-content\" id=\"excel-3902813497\"><script type=\"text\/javascript\">\r\n\tatOptions = {\r\n\t\t'key' : 'c1158f160081d6540a8409e6925dab94',\r\n\t\t'format' : 'iframe',\r\n\t\t'height' : 250,\r\n\t\t'width' : 300,\r\n\t\t'params' : {}\r\n\t};\r\n<\/script>\r\n<script type=\"text\/javascript\" src=\"\/\/www.highperformanceformat.com\/c1158f160081d6540a8409e6925dab94\/invoke.js\"><\/script><\/div> <p>Ao criar um gr\u00e1fico no Excel, voc\u00ea pode usar uma linha horizontal como linha de destino ou linha m\u00e9dia. Isso pode ajud\u00e1-lo a comparar a conquista com a meta. Basta olhar a tabela abaixo. <\/p><div class=\"wp-block-image\"><figure class=\"aligncenter\"><img decoding=\"async\" src=\"https:\/\/exceladvisor.org\/wp-content\/uploads\/2023\/08\/comment-ajouter-une-ligne-horizontale-au-graphique-Excel-en-utilisant-les-meilleures-pratiques-1.gif\" sizes=\"\" srcset=\"\" alt=\"como adicionar linha horizontal ao gr\u00e1fico do Excel usando as melhores pr\u00e1ticas\"><\/figure><\/div><p> Voc\u00ea gosta, certo? Diga \u201cSim\u201d na se\u00e7\u00e3o de coment\u00e1rios se gostar. OK, ent\u00e3o ou\u00e7a: digamos que voc\u00ea tenha um valor m\u00e9dio que deseja manter em suas vendas ao longo do ano. Ou uma meta constante que voc\u00ea deseja exibir em um gr\u00e1fico para todos os meses.<\/p><p> Neste caso, voc\u00ea pode inserir uma linha reta horizontal para apresentar este valor. Aqui est\u00e1 o problema: essa linha horizontal pode ser uma linha din\u00e2mica que mudar\u00e1 de valor ou uma linha com valor fixo. E no post de hoje vou mostrar exatamente como fazer isso.<\/p><p> Compartilharei com voc\u00ea como voc\u00ea pode inserir uma linha horizontal fixa e din\u00e2mica em um gr\u00e1fico.<\/p><h2 class=\"wp-block-heading\"> Adicionar uma linha m\u00e9dia [horizontal] a um gr\u00e1fico<\/h2><p> Uma linha m\u00e9dia desempenha um papel importante sempre que voc\u00ea precisa <a href=\"http:\/\/www.investopedia.com\/articles\/technical\/052201.asp\" target=\"_blank\" rel=\"noreferrer noopener nofollow\">estudar certas linhas de tend\u00eancia<\/a> e o impacto de diferentes fatores na tend\u00eancia. E antes de criar um gr\u00e1fico com linha horizontal, voc\u00ea precisa preparar os dados para ele.<\/p><p> Antes de falar sobre essas etapas, deixe-me mostrar como configuro os dados. Aqui eu utilizo um gr\u00e1fico din\u00e2mico para mostrar como ele vai te ajudar a deixar sua apresenta\u00e7\u00e3o super bacana. <a style=\"outline: none;\" href=\"https:\/\/exceladvisor.org\/wp-content\/uploads\/2023\/11\/donnees-dynamiques-pour-ajouter-une-ligne-dans-un-graphique.xlsx\" rel=\"nofollow\">(baixe esta tabela de dados din\u00e2micos aqui)<\/a> para acompanhar. <\/p><div class=\"wp-block-image\"><figure class=\"aligncenter\"><img decoding=\"async\" src=\"https:\/\/exceladvisor.org\/wp-content\/uploads\/2023\/08\/Utiliser-le-tableau-de-donnees-pour-ajouter-une-ligne-horizontale-au-graphique-Excel-1.png\" sizes=\"\" srcset=\"\" alt=\"Use tabela de dados para adicionar linha horizontal ao gr\u00e1fico do Excel\"><\/figure><\/div><p> Nas tabelas de dados acima, estou obtendo dados da tabela bruta para a tabela din\u00e2mica usando <a href=\"https:\/\/exceladvisor.org\/pt\/correspondencia-vsearch\/\">VLOOKUP MATCH<\/a> . Cada vez que mudo o ano na tabela din\u00e2mica, os valores de vendas mudam automaticamente e a m\u00e9dia \u00e9 calculada sobre esses n\u00fameros de vendas.<\/p><p> Abaixo est\u00e3o as etapas para criar um gr\u00e1fico com uma linha horizontal.<\/p><ol><li> Primeiro, selecione a tabela de dados e insira um histograma.<\/li><li> V\u00e1 para Inserir \u279c Gr\u00e1ficos \u279c Histogramas \u279c Histograma agrupado 2D. ou voc\u00ea tamb\u00e9m pode usar Alt + F1 para inserir um gr\u00e1fico.<\/li><li> Agora voc\u00ea tem um histograma em sua planilha como abaixo. <br><img loading=\"lazy\" decoding=\"async\" title=\"Inserir A para adicionar uma linha horizontal ao gr\u00e1fico do Excel\" src=\"https:\/\/exceladvisor.org\/wp-content\/uploads\/2023\/08\/Inserer-A-pour-ajouter-une-ligne-horizontale-au-graphique-Excel.png\" sizes=\"auto, \" srcset=\"\" alt=\"Insert A To Add Horizontal Line To Excel Chart\" width=\"454\" height=\"272\"><\/li><li> O pr\u00f3ximo passo \u00e9 transformar essas barras m\u00e9dias em uma linha horizontal.<\/li><li> Para fazer isso, selecione a barra da coluna do meio e v\u00e1 para \u2192 Design \u2192 Tipo \u2192 Alterar tipo de gr\u00e1fico. <br><img loading=\"lazy\" decoding=\"async\" title=\"V\u00e1 para a guia de design e adicione uma linha horizontal ao gr\u00e1fico do Excel\" src=\"https:\/\/exceladvisor.org\/wp-content\/uploads\/2023\/08\/Aller-a-longlet-Conception-Ajouter-une-ligne-horizontale-au-graphique-Excel-1.png\" sizes=\"auto, \" srcset=\"\" alt=\"Go To Design Tab Add Horizontal Line To Excel Chart\" width=\"280\" height=\"131\"><\/li><li> Depois de clicar na op\u00e7\u00e3o alterar tipo de gr\u00e1fico, voc\u00ea receber\u00e1 uma caixa de di\u00e1logo para formata\u00e7\u00e3o.<\/li><li> Altere o tipo de gr\u00e1fico m\u00e9dio de \u201cGr\u00e1fico de colunas\u201d para \u201cGr\u00e1fico de linhas com marcador\u201d. <br><img loading=\"lazy\" decoding=\"async\" title=\"Alterar tipo de gr\u00e1fico para adicionar linha horizontal ao gr\u00e1fico do Excel-1\" src=\"https:\/\/exceladvisor.org\/wp-content\/uploads\/2023\/08\/Modifier-le-type-de-graphique-pour-ajouter-une-ligne-horizontale-au-graphique-Excel-1.png\" sizes=\"auto, \" srcset=\"\" alt=\"Change Chart Type To Add Horizontal Line To Excel Chart\" width=\"560\" height=\"530\"><\/li><li> Clique OK.<\/li><\/ol><p> Aqui est\u00e1 o seu histograma pronto para balan\u00e7ar com uma linha m\u00e9dia e n\u00e3o se esque\u00e7a de <a href=\"https:\/\/exceladvisor.org\/wp-content\/uploads\/2023\/11\/ajouter-une-ligne-horizontale-au-graphique-excel.xlsx\" rel=\"nofollow\">baixar este arquivo de amostra aqui<\/a> . <\/p><div class=\"wp-block-image\"><figure class=\"aligncenter\"><img decoding=\"async\" src=\"https:\/\/exceladvisor.org\/wp-content\/uploads\/2023\/08\/Comment-ajouter-une-ligne-horizontale-au-graphique-Excel-en-utilisant-les-meilleures-pratiques-3.gif\" sizes=\"\" srcset=\"\" alt=\"Como adicionar linha horizontal ao gr\u00e1fico do Excel usando as pr\u00e1ticas recomendadas\"><\/figure><\/div><p> Um colega meu usa esse mesmo m\u00e9todo para adicionar uma linha central. Voc\u00ea tamb\u00e9m pode usar esse m\u00e9todo para adicionar uma linha m\u00e9dia a um gr\u00e1fico de linhas. Os passos s\u00e3o totalmente os mesmos, voc\u00ea s\u00f3 precisa inserir um gr\u00e1fico de linhas em vez de um gr\u00e1fico de colunas. E voc\u00ea obter\u00e1 algo assim. <\/p><div class=\"wp-block-image\"><figure class=\"aligncenter\"><img decoding=\"async\" src=\"https:\/\/exceladvisor.org\/wp-content\/uploads\/2023\/08\/Ajouter-une-ligne-horizontale-au-graphique-Excel-dans-un-graphique-lineaire-2.gif\" sizes=\"\" srcset=\"\" alt=\"Adicionar linha horizontal ao gr\u00e1fico do Excel no gr\u00e1fico de linhas\"><\/figure><\/div><h2 class=\"wp-block-heading\"> Adicione uma linha de destino horizontal no histograma<\/h2><p> Este \u00e9 outro m\u00e9todo que costumo usar em meus gr\u00e1ficos, adicionando uma linha de destino. Existem v\u00e1rias outras maneiras de criar um gr\u00e1fico de meta versus realiza\u00e7\u00e3o, mas o m\u00e9todo da linha de meta \u00e9 simples e eficaz. Primeiro, deixe-me mostrar os dados que uso para criar uma linha de destino no gr\u00e1fico. <\/p><div class=\"wp-block-image\"><figure class=\"aligncenter\"><img decoding=\"async\" src=\"https:\/\/exceladvisor.org\/wp-content\/uploads\/2023\/08\/Ajouter-une-ligne-horizontale-au-graphique-Excel-pour-presenter-une-ligne-horizontale-1.png\" sizes=\"\" srcset=\"\" alt=\"adicione linha horizontal ao gr\u00e1fico do Excel para apresentar a linha horizontal\"><\/figure><\/div><p> Usei a tabela acima para obter os n\u00fameros alvo e reais das tabelas mensais e certifique-se de baixar o <a href=\"https:\/\/exceladvisor.org\/wp-content\/uploads\/2023\/11\/tableau-de-donnees-dynamique-pour-ajouter-une-ligne-horizontale-comme-ligne-cible.xlsx\" rel=\"nofollow\">arquivo de amostra aqui<\/a> . Agora vamos come\u00e7ar com as etapas.<\/p><ol><li> Selecione a tabela din\u00e2mica que mencionei acima.<\/li><li> Insira um histograma. V\u00e1 para Inserir \u2192 Gr\u00e1ficos \u2192 Gr\u00e1ficos de colunas \u2192 Gr\u00e1fico de colunas agrupadas 2D.<\/li><li> Voc\u00ea obter\u00e1 uma tabela como abaixo. <br><img loading=\"lazy\" decoding=\"async\" title=\"Adicione uma linha horizontal a um gr\u00e1fico do Excel para inserir uma linha de destino\" src=\"https:\/\/exceladvisor.org\/wp-content\/uploads\/2023\/08\/Ajouter-une-ligne-horizontale-au-graphique-Excel-pour-inserer-une-ligne-cible-1.png\" sizes=\"auto, \" srcset=\"\" alt=\"Add Horizontal Line To Excel Chart To Insert A Target Line\" width=\"444\" height=\"264\"><\/li><li> Agora voc\u00ea precisa alterar o tipo de gr\u00e1fico de barras de destino de Gr\u00e1fico <span data-id=\"0\" data-type=\"true\">de colunas<\/span> para Gr\u00e1fico de linhas com marcadores <span data-id=\"0\" data-type=\"false\">.<\/span> Para alterar o tipo de gr\u00e1fico, siga as mesmas etapas que usei no m\u00e9todo anterior.<\/li><li> Depois de alterar o tipo de gr\u00e1fico, seu gr\u00e1fico ficar\u00e1 assim. <br><img loading=\"lazy\" decoding=\"async\" title=\"Adicionar linha horizontal ao gr\u00e1fico do Excel no gr\u00e1fico TargetLine\" src=\"https:\/\/exceladvisor.org\/wp-content\/uploads\/2023\/08\/Ajouter-une-ligne-horizontale-au-graphique-Excel-dans-TargetLine-dans-le-graphique-lineaire.png\" sizes=\"auto, \" srcset=\"\" alt=\"Add Horizontal Line To Excel Chart In Target Line In Line Chart\" width=\"443\" height=\"266\"><\/li><li> Agora precisamos fazer algumas altera\u00e7\u00f5es neste gr\u00e1fico de linhas.<\/li><li> Depois disso, <a href=\"https:\/\/exceladvisor.org\/pt\/conselho\/\" data-wpil=\"url\">clique duas vezes<\/a> na linha para abrir a op\u00e7\u00e3o de formata\u00e7\u00e3o. Uma vez feito isso, voc\u00ea receber\u00e1 uma caixa de di\u00e1logo de op\u00e7\u00f5es de formata\u00e7\u00e3o.<\/li><li> Fa\u00e7a as seguintes altera\u00e7\u00f5es na formata\u00e7\u00e3o.<ol><li> V\u00e1 para \u2192 Preencher e Linha \u2192 Linha.<\/li><li> Altere o estilo da linha para \u201cSem linha\u201d. <\/li><\/ol><br><img loading=\"lazy\" decoding=\"async\" title=\"Alterar tipo de linha no gr\u00e1fico de linha para adicionar linha horizontal ao gr\u00e1fico do Excel\" src=\"https:\/\/exceladvisor.org\/wp-content\/uploads\/2023\/08\/Modifier-le-type-de-ligne-dans-le-graphique-lineaire-pour-ajouter-une-ligne-horizontale-au-graphique-Excel.png\" sizes=\"auto, \" srcset=\"\" alt=\"Change Line Type In Line Chart To Add Horizontal Line To Excel Chart\" width=\"261\" height=\"271\"><\/li><li> Agora v\u00e1 para a se\u00e7\u00e3o de marcadores e fa\u00e7a as seguintes altera\u00e7\u00f5es.<ol><li> Altere o tipo de marcador para Integrado, uma barra horizontal e tamanho 25.<\/li><li> Preenchimento de marcador de preenchimento s\u00f3lido.<\/li><li> Use a cor branca como cor de preenchimento.<\/li><li> Crie um estilo de borda com uma cor s\u00f3lida.<\/li><li> E cor preta para as bordas. <\/li><\/ol><br><img loading=\"lazy\" decoding=\"async\" title=\"Fa\u00e7a altera\u00e7\u00f5es e adicione uma linha horizontal ao gr\u00e1fico do Excel\" src=\"https:\/\/exceladvisor.org\/wp-content\/uploads\/2023\/08\/Apporter-des-modifications-Ajouter-une-ligne-horizontale-au-graphique-Excel-1.png\" sizes=\"auto, \" srcset=\"\" alt=\"Make Changes Add Horizontal Line To Excel Chart\" width=\"288\" height=\"633\"><\/li><li> Depois de fazer todas as altera\u00e7\u00f5es na linha, voc\u00ea obter\u00e1 uma tabela como a que tenho abaixo. <br><img loading=\"lazy\" decoding=\"async\" title=\"Adicionar linha horizontal ao gr\u00e1fico do Excel com linha de destino.gif\" src=\"https:\/\/exceladvisor.org\/wp-content\/uploads\/2023\/08\/Ajouter-une-ligne-horizontale-au-graphique-Excel-avec-une-ligne-cible-1.gif\" sizes=\"auto, \" srcset=\"\" alt=\"Add Horizontal Line To Excel Chart With Target Line\" width=\"454\" height=\"258\"><\/li><\/ol><p> Parab\u00e9ns! seu cart\u00e3o est\u00e1 pronto.<\/p><h2 id=\"tab-con-5\" class=\"wp-block-heading\"> Arquivo de exemplo<\/h2><p> <a href=\"https:\/\/exceladvisor.org\/wp-content\/uploads\/2023\/11\/ajouter-une-ligne-horizontale-au-tableau-excel-1.xlsx\" rel=\"nofollow\">Baixe este arquivo de amostra aqui<\/a> para acompanhar <\/p><div id=\"ub-content-toggle-a1a9fc47-96f9-47b5-a85f-4b5f770b9c6a\" class=\"wp-block-ub-content-toggle\" data-mobilecollapse=\"false\" data-desktopcollapse=\"true\"><div class=\"wp-block-ub-content-toggle-accordion\"><div class=\"wp-block-ub-content-toggle-accordion-title-wrap\" tabindex=\"0\" aria-expanded=\"false\" aria-controls=\"ub-content-toggle-panel-0-a1a9fc47-96f9-47b5-a85f-4b5f770b9c6a\"><h2 class=\"wp-block-ub-content-toggle-accordion-title ub-content-toggle-title-a1a9fc47-96f9-47b5-a85f-4b5f770b9c6a\"> Mais tutoriais de gr\u00e1ficos <\/h2><\/div><div id=\"ub-content-toggle-panel-0-a1a9fc47-96f9-47b5-a85f-4b5f770b9c6a\" class=\"wp-block-ub-content-toggle-accordion-content-wrap ub-hide\" role=\"region\"><ol><li> <a href=\"https:\/\/exceladvisor.org\/pt\/adicione-uma-linha-vertical\/\">Como adicionar uma linha vertical a um gr\u00e1fico no Excel<\/a><\/li><li> <a href=\"https:\/\/exceladvisor.org\/pt\/quadro-de-marcadores\/\">Como criar um gr\u00e1fico com marcadores no Excel<\/a><\/li><li> <a href=\"https:\/\/exceladvisor.org\/pt\/faixa-de-grafico-dinamico\/\">Como criar um intervalo de gr\u00e1fico din\u00e2mico no Excel<\/a><\/li><li> <a href=\"https:\/\/exceladvisor.org\/pt\/titulo-do-grafico-dinamico\/\">Como criar um t\u00edtulo de gr\u00e1fico din\u00e2mico no Excel<\/a><\/li><li> <a href=\"https:\/\/exceladvisor.org\/pt\/graficos-interativos\/\">Como criar gr\u00e1ficos interativos no Excel<\/a><\/li><\/ol><\/div><\/div><\/div>","protected":false},"excerpt":{"rendered":"","protected":false},"author":1,"featured_media":0,"parent":0,"menu_order":0,"comment_status":"open","ping_status":"closed","template":"","meta":{"ub_ctt_via":"","footnotes":""},"class_list":["post-225","page","type-page","status-publish","hentry"],"featured_image_src":null,"yoast_head":"<!-- This site is optimized with the Yoast SEO plugin v25.4 - https:\/\/yoast.com\/wordpress\/plugins\/seo\/ -->\n<title>Como adicionar uma linha horizontal a um gr\u00e1fico no Excel?<\/title>\n<meta name=\"description\" content=\"Ao criar um gr\u00e1fico no Excel, voc\u00ea pode usar uma linha horizontal como linha de destino ou linha m\u00e9dia. Est\u00e1 linha\" \/>\n<meta name=\"robots\" content=\"index, follow, max-snippet:-1, max-image-preview:large, max-video-preview:-1\" \/>\n<link rel=\"canonical\" href=\"https:\/\/exceladvisor.org\/pt\/adicione-uma-linha-horizontal\/\" \/>\n<meta property=\"og:locale\" content=\"pt_PT\" \/>\n<meta property=\"og:type\" content=\"article\" \/>\n<meta property=\"og:title\" content=\"Como adicionar uma linha horizontal a um gr\u00e1fico no Excel?\" \/>\n<meta property=\"og:description\" content=\"Ao criar um gr\u00e1fico no Excel, voc\u00ea pode usar uma linha horizontal como linha de destino ou linha m\u00e9dia. Est\u00e1 linha\" \/>\n<meta property=\"og:url\" content=\"https:\/\/exceladvisor.org\/pt\/adicione-uma-linha-horizontal\/\" \/>\n<meta property=\"og:site_name\" content=\"Excel Advisor\" \/>\n<meta property=\"article:modified_time\" content=\"2023-12-06T11:34:10+00:00\" \/>\n<meta property=\"og:image\" content=\"https:\/\/exceladvisor.org\/wp-content\/uploads\/2023\/08\/comment-ajouter-une-ligne-horizontale-au-graphique-Excel-en-utilisant-les-meilleures-pratiques-1.gif\" \/>\n<meta name=\"twitter:card\" content=\"summary_large_image\" \/>\n<meta name=\"twitter:label1\" content=\"Tempo estimado de leitura\" \/>\n\t<meta name=\"twitter:data1\" content=\"5 minutos\" \/>\n<script type=\"application\/ld+json\" class=\"yoast-schema-graph\">{\"@context\":\"https:\/\/schema.org\",\"@graph\":[{\"@type\":\"WebPage\",\"@id\":\"https:\/\/exceladvisor.org\/pt\/adicione-uma-linha-horizontal\/\",\"url\":\"https:\/\/exceladvisor.org\/pt\/adicione-uma-linha-horizontal\/\",\"name\":\"Como adicionar uma linha horizontal a um gr\u00e1fico no Excel?\",\"isPartOf\":{\"@id\":\"https:\/\/exceladvisor.org\/pt\/#website\"},\"primaryImageOfPage\":{\"@id\":\"https:\/\/exceladvisor.org\/pt\/adicione-uma-linha-horizontal\/#primaryimage\"},\"image\":{\"@id\":\"https:\/\/exceladvisor.org\/pt\/adicione-uma-linha-horizontal\/#primaryimage\"},\"thumbnailUrl\":\"https:\/\/exceladvisor.org\/wp-content\/uploads\/2023\/08\/comment-ajouter-une-ligne-horizontale-au-graphique-Excel-en-utilisant-les-meilleures-pratiques-1.gif\",\"datePublished\":\"2023-11-10T18:42:50+00:00\",\"dateModified\":\"2023-12-06T11:34:10+00:00\",\"description\":\"Ao criar um gr\u00e1fico no Excel, voc\u00ea pode usar uma linha horizontal como linha de destino ou linha m\u00e9dia. Est\u00e1 linha\",\"breadcrumb\":{\"@id\":\"https:\/\/exceladvisor.org\/pt\/adicione-uma-linha-horizontal\/#breadcrumb\"},\"inLanguage\":\"pt-PT\",\"potentialAction\":[{\"@type\":\"ReadAction\",\"target\":[\"https:\/\/exceladvisor.org\/pt\/adicione-uma-linha-horizontal\/\"]}]},{\"@type\":\"ImageObject\",\"inLanguage\":\"pt-PT\",\"@id\":\"https:\/\/exceladvisor.org\/pt\/adicione-uma-linha-horizontal\/#primaryimage\",\"url\":\"https:\/\/exceladvisor.org\/wp-content\/uploads\/2023\/08\/comment-ajouter-une-ligne-horizontale-au-graphique-Excel-en-utilisant-les-meilleures-pratiques-1.gif\",\"contentUrl\":\"https:\/\/exceladvisor.org\/wp-content\/uploads\/2023\/08\/comment-ajouter-une-ligne-horizontale-au-graphique-Excel-en-utilisant-les-meilleures-pratiques-1.gif\"},{\"@type\":\"BreadcrumbList\",\"@id\":\"https:\/\/exceladvisor.org\/pt\/adicione-uma-linha-horizontal\/#breadcrumb\",\"itemListElement\":[{\"@type\":\"ListItem\",\"position\":1,\"name\":\"Lar\",\"item\":\"https:\/\/exceladvisor.org\/pt\/\"},{\"@type\":\"ListItem\",\"position\":2,\"name\":\"Como adicionar uma linha horizontal a um gr\u00e1fico?\"}]},{\"@type\":\"WebSite\",\"@id\":\"https:\/\/exceladvisor.org\/pt\/#website\",\"url\":\"https:\/\/exceladvisor.org\/pt\/\",\"name\":\"Excel Advisor\",\"description\":\"O seu guia definitivo para dominar os dados!\",\"publisher\":{\"@id\":\"https:\/\/exceladvisor.org\/pt\/#organization\"},\"potentialAction\":[{\"@type\":\"SearchAction\",\"target\":{\"@type\":\"EntryPoint\",\"urlTemplate\":\"https:\/\/exceladvisor.org\/pt\/?s={search_term_string}\"},\"query-input\":{\"@type\":\"PropertyValueSpecification\",\"valueRequired\":true,\"valueName\":\"search_term_string\"}}],\"inLanguage\":\"pt-PT\"},{\"@type\":\"Organization\",\"@id\":\"https:\/\/exceladvisor.org\/pt\/#organization\",\"name\":\"Excel Advisor\",\"url\":\"https:\/\/exceladvisor.org\/pt\/\",\"logo\":{\"@type\":\"ImageObject\",\"inLanguage\":\"pt-PT\",\"@id\":\"https:\/\/exceladvisor.org\/pt\/#\/schema\/logo\/image\/\",\"url\":\"https:\/\/exceladvisor.org\/pt\/wp-content\/uploads\/2023\/12\/exceladvisor.org_.png\",\"contentUrl\":\"https:\/\/exceladvisor.org\/pt\/wp-content\/uploads\/2023\/12\/exceladvisor.org_.png\",\"width\":105,\"height\":36,\"caption\":\"Excel Advisor\"},\"image\":{\"@id\":\"https:\/\/exceladvisor.org\/pt\/#\/schema\/logo\/image\/\"}}]}<\/script>\n<!-- \/ Yoast SEO plugin. -->","yoast_head_json":{"title":"Como adicionar uma linha horizontal a um gr\u00e1fico no Excel?","description":"Ao criar um gr\u00e1fico no Excel, voc\u00ea pode usar uma linha horizontal como linha de destino ou linha m\u00e9dia. Est\u00e1 linha","robots":{"index":"index","follow":"follow","max-snippet":"max-snippet:-1","max-image-preview":"max-image-preview:large","max-video-preview":"max-video-preview:-1"},"canonical":"https:\/\/exceladvisor.org\/pt\/adicione-uma-linha-horizontal\/","og_locale":"pt_PT","og_type":"article","og_title":"Como adicionar uma linha horizontal a um gr\u00e1fico no Excel?","og_description":"Ao criar um gr\u00e1fico no Excel, voc\u00ea pode usar uma linha horizontal como linha de destino ou linha m\u00e9dia. Est\u00e1 linha","og_url":"https:\/\/exceladvisor.org\/pt\/adicione-uma-linha-horizontal\/","og_site_name":"Excel Advisor","article_modified_time":"2023-12-06T11:34:10+00:00","og_image":[{"url":"https:\/\/exceladvisor.org\/wp-content\/uploads\/2023\/08\/comment-ajouter-une-ligne-horizontale-au-graphique-Excel-en-utilisant-les-meilleures-pratiques-1.gif","type":"","width":"","height":""}],"twitter_card":"summary_large_image","twitter_misc":{"Tempo estimado de leitura":"5 minutos"},"schema":{"@context":"https:\/\/schema.org","@graph":[{"@type":"WebPage","@id":"https:\/\/exceladvisor.org\/pt\/adicione-uma-linha-horizontal\/","url":"https:\/\/exceladvisor.org\/pt\/adicione-uma-linha-horizontal\/","name":"Como adicionar uma linha horizontal a um gr\u00e1fico no Excel?","isPartOf":{"@id":"https:\/\/exceladvisor.org\/pt\/#website"},"primaryImageOfPage":{"@id":"https:\/\/exceladvisor.org\/pt\/adicione-uma-linha-horizontal\/#primaryimage"},"image":{"@id":"https:\/\/exceladvisor.org\/pt\/adicione-uma-linha-horizontal\/#primaryimage"},"thumbnailUrl":"https:\/\/exceladvisor.org\/wp-content\/uploads\/2023\/08\/comment-ajouter-une-ligne-horizontale-au-graphique-Excel-en-utilisant-les-meilleures-pratiques-1.gif","datePublished":"2023-11-10T18:42:50+00:00","dateModified":"2023-12-06T11:34:10+00:00","description":"Ao criar um gr\u00e1fico no Excel, voc\u00ea pode usar uma linha horizontal como linha de destino ou linha m\u00e9dia. Est\u00e1 linha","breadcrumb":{"@id":"https:\/\/exceladvisor.org\/pt\/adicione-uma-linha-horizontal\/#breadcrumb"},"inLanguage":"pt-PT","potentialAction":[{"@type":"ReadAction","target":["https:\/\/exceladvisor.org\/pt\/adicione-uma-linha-horizontal\/"]}]},{"@type":"ImageObject","inLanguage":"pt-PT","@id":"https:\/\/exceladvisor.org\/pt\/adicione-uma-linha-horizontal\/#primaryimage","url":"https:\/\/exceladvisor.org\/wp-content\/uploads\/2023\/08\/comment-ajouter-une-ligne-horizontale-au-graphique-Excel-en-utilisant-les-meilleures-pratiques-1.gif","contentUrl":"https:\/\/exceladvisor.org\/wp-content\/uploads\/2023\/08\/comment-ajouter-une-ligne-horizontale-au-graphique-Excel-en-utilisant-les-meilleures-pratiques-1.gif"},{"@type":"BreadcrumbList","@id":"https:\/\/exceladvisor.org\/pt\/adicione-uma-linha-horizontal\/#breadcrumb","itemListElement":[{"@type":"ListItem","position":1,"name":"Lar","item":"https:\/\/exceladvisor.org\/pt\/"},{"@type":"ListItem","position":2,"name":"Como adicionar uma linha horizontal a um gr\u00e1fico?"}]},{"@type":"WebSite","@id":"https:\/\/exceladvisor.org\/pt\/#website","url":"https:\/\/exceladvisor.org\/pt\/","name":"Excel Advisor","description":"O seu guia definitivo para dominar os dados!","publisher":{"@id":"https:\/\/exceladvisor.org\/pt\/#organization"},"potentialAction":[{"@type":"SearchAction","target":{"@type":"EntryPoint","urlTemplate":"https:\/\/exceladvisor.org\/pt\/?s={search_term_string}"},"query-input":{"@type":"PropertyValueSpecification","valueRequired":true,"valueName":"search_term_string"}}],"inLanguage":"pt-PT"},{"@type":"Organization","@id":"https:\/\/exceladvisor.org\/pt\/#organization","name":"Excel Advisor","url":"https:\/\/exceladvisor.org\/pt\/","logo":{"@type":"ImageObject","inLanguage":"pt-PT","@id":"https:\/\/exceladvisor.org\/pt\/#\/schema\/logo\/image\/","url":"https:\/\/exceladvisor.org\/pt\/wp-content\/uploads\/2023\/12\/exceladvisor.org_.png","contentUrl":"https:\/\/exceladvisor.org\/pt\/wp-content\/uploads\/2023\/12\/exceladvisor.org_.png","width":105,"height":36,"caption":"Excel Advisor"},"image":{"@id":"https:\/\/exceladvisor.org\/pt\/#\/schema\/logo\/image\/"}}]}},"yoast_meta":{"yoast_wpseo_title":"","yoast_wpseo_metadesc":"","yoast_wpseo_canonical":""},"_links":{"self":[{"href":"https:\/\/exceladvisor.org\/pt\/wp-json\/wp\/v2\/pages\/225","targetHints":{"allow":["GET"]}}],"collection":[{"href":"https:\/\/exceladvisor.org\/pt\/wp-json\/wp\/v2\/pages"}],"about":[{"href":"https:\/\/exceladvisor.org\/pt\/wp-json\/wp\/v2\/types\/page"}],"author":[{"embeddable":true,"href":"https:\/\/exceladvisor.org\/pt\/wp-json\/wp\/v2\/users\/1"}],"replies":[{"embeddable":true,"href":"https:\/\/exceladvisor.org\/pt\/wp-json\/wp\/v2\/comments?post=225"}],"version-history":[{"count":1,"href":"https:\/\/exceladvisor.org\/pt\/wp-json\/wp\/v2\/pages\/225\/revisions"}],"predecessor-version":[{"id":805,"href":"https:\/\/exceladvisor.org\/pt\/wp-json\/wp\/v2\/pages\/225\/revisions\/805"}],"wp:attachment":[{"href":"https:\/\/exceladvisor.org\/pt\/wp-json\/wp\/v2\/media?parent=225"}],"curies":[{"name":"wp","href":"https:\/\/api.w.org\/{rel}","templated":true}]}}