{"id":226,"date":"2023-11-10T18:31:38","date_gmt":"2023-11-10T18:31:38","guid":{"rendered":"https:\/\/exceladvisor.org\/pt\/juros-compostos\/"},"modified":"2023-12-06T11:35:07","modified_gmt":"2023-12-06T11:35:07","slug":"juros-compostos","status":"publish","type":"page","link":"https:\/\/exceladvisor.org\/pt\/juros-compostos\/","title":{"rendered":"Como calcular juros compostos no excel?"},"content":{"rendered":"<div class=\"excel-before-content-2\" id=\"excel-1537727225\"><script type=\"text\/javascript\">\r\n\tatOptions = {\r\n\t\t'key' : 'c1158f160081d6540a8409e6925dab94',\r\n\t\t'format' : 'iframe',\r\n\t\t'height' : 250,\r\n\t\t'width' : 300,\r\n\t\t'params' : {}\r\n\t};\r\n<\/script>\r\n<script type=\"text\/javascript\" src=\"\/\/www.highperformanceformat.com\/c1158f160081d6540a8409e6925dab94\/invoke.js\"><\/script><\/div><div class=\"excel-before-content\" id=\"excel-2755370835\"><script type=\"text\/javascript\">\r\n\tatOptions = {\r\n\t\t'key' : 'c1158f160081d6540a8409e6925dab94',\r\n\t\t'format' : 'iframe',\r\n\t\t'height' : 250,\r\n\t\t'width' : 300,\r\n\t\t'params' : {}\r\n\t};\r\n<\/script>\r\n<script type=\"text\/javascript\" src=\"\/\/www.highperformanceformat.com\/c1158f160081d6540a8409e6925dab94\/invoke.js\"><\/script><\/div> <p>Os juros compostos s\u00e3o um dos c\u00e1lculos financeiros mais importantes que a maioria de n\u00f3s usa com frequ\u00eancia, e aprender como calcul\u00e1-los no Excel \u00e9 fundamental.<\/p><p> Mas antes de fazer isso, voc\u00ea precisa entender o que realmente s\u00e3o os juros compostos.<\/p><blockquote class=\"wp-block-quote\"><p> Os juros compostos s\u00e3o os juros calculados sobre o capital inicial e tamb\u00e9m sobre os juros acrescidos de per\u00edodos anteriores de um dep\u00f3sito ou empr\u00e9stimo.<\/p><p> <cite><em><a href=\"http:\/\/www.investopedia.com\/terms\/c\/compoundinterest.asp\" target=\"_blank\" rel=\"noreferrer noopener nofollow\">Investop\u00e9dia<\/a><\/em><\/cite><\/p><\/blockquote><p> No Excel, o m\u00e9todo de c\u00e1lculo de juros compostos \u00e9 simples.<\/p><p> Agora a quest\u00e3o \u00e9. Basta usar um m\u00e9todo de c\u00e1lculo e especificar o per\u00edodo de tempo que deseja calcular. <\/p><div class=\"wp-block-image\"><figure class=\"aligncenter\"><img decoding=\"async\" src=\"https:\/\/exceladvisor.org\/wp-content\/uploads\/2023\/08\/un-modele-simple-pour-calculer-les-interets-composes-dans-excel.gif\" sizes=\"\" srcset=\"\" alt=\"um modelo simples para calcular juros compostos no Excel\"><\/figure><\/div><p> Ent\u00e3o, hoje neste artigo eu gostaria de mostrar como calcular juros compostos no Excel usando diferentes per\u00edodos de tempo. Ent\u00e3o vamos come\u00e7ar.<\/p><h2 id=\"tab-con-1\" class=\"wp-block-heading\"> F\u00f3rmula Anual de Juros Compostos<\/h2><p> Para calcular os juros compostos anuais, basta adicionar os juros de um ano ao valor principal do ano seguinte para calcular os juros do ano seguinte.<\/p><p> E a f\u00f3rmula no Excel para juros compostos anuais ser\u00e1.<\/p><pre class=\"wp-block-code\"> <code class=\"language-excel-formula\" lang=\"excel-formula\">=Principal Amount*((1+Annual Interest Rate\/1)^(Total Years of Investment*1)))<\/code><\/pre><p> Deixe-me mostrar-lhe um exemplo. <\/p><div class=\"wp-block-image\"><figure class=\"aligncenter\"><img decoding=\"async\" src=\"https:\/\/exceladvisor.org\/wp-content\/uploads\/2023\/08\/calculer-linteret-compose-dans-excel-chaque-annee.png\" sizes=\"\" srcset=\"\" alt=\"calcular juros compostos no excel todos os anos\"><\/figure><\/div><p> No exemplo acima, com $ 10.000 de principal e 10% de juros por 5 anos, voc\u00ea receberia $ 16.105.<\/p><p> No primeiro ano, voc\u00ea receber\u00e1 US$ 10.000 * 10%, que \u00e9 US$ 1.000, e no segundo ano, (US$ 10.000 + US$ 1.000) * 10% = US$ 1.100 e assim por diante.<\/p><h2 id=\"tab-con-2\" class=\"wp-block-heading\"> F\u00f3rmula Trimestral de Juros Compostos<\/h2><p> O c\u00e1lculo dos juros compostos trimestrais \u00e9 semelhante ao c\u00e1lculo dos juros compostos anuais.<\/p><p> Mas aqui voc\u00ea tem que calcular os juros quatro vezes por ano. O valor dos juros de cada trimestre ser\u00e1 adicionado ao valor do principal do trimestre seguinte. Para calcular juros compostos trimestrais, voc\u00ea pode usar a f\u00f3rmula abaixo.<\/p><pre class=\"wp-block-code\"> <code class=\"language-excel-formula\" lang=\"excel-formula\">=Principal Amount*((1+Annual Interest Rate\/4)^(Total Years of Investment*4)))<\/code><\/pre><p> Aqui est\u00e1 um exemplo. <\/p><div class=\"wp-block-image\"><figure class=\"aligncenter\"><img decoding=\"async\" src=\"https:\/\/exceladvisor.org\/wp-content\/uploads\/2023\/08\/calculer-les-interets-composes-dans-excel-trimestriel.png\" sizes=\"\" srcset=\"\" alt=\"calcular juros compostos no excel trimestralmente\"><\/figure><\/div><p> No exemplo acima, com $ 10.000 de principal e 10% de juros por 5 anos, receber\u00edamos $ 16.386.<\/p><p> No primeiro trimestre obtemos 10.000*(10%\/4) ou 250$, e no segundo trimestre, (10.000$+250$)*(10%\/4) = 256$, e o mesmo m\u00e9todo de c\u00e1lculo para 20 Trimestres (5 anos).<\/p><h2 id=\"tab-con-3\" class=\"wp-block-heading\"> F\u00f3rmula mensal de juros compostos<\/h2><p> Ao calcular os juros compostos mensais, voc\u00ea deve usar a base usada nos outros per\u00edodos.<\/p><p> Voc\u00ea deve calcular os juros no final de cada m\u00eas. E, neste m\u00e9todo, a taxa de juros ser\u00e1 dividida por 12 para obter uma taxa de juros mensal. Para calcular juros compostos mensais no Excel, voc\u00ea pode usar a f\u00f3rmula abaixo. <\/p><pre class=\"wp-block-code\"> <code class=\"language-excel-formula\" lang=\"excel-formula\">=Principal Amount*((1+Annual Interest Rate\/12)^(Total Years of Investment*12)))<\/code><\/pre><div class=\"wp-block-image\"><figure class=\"aligncenter\"><img decoding=\"async\" src=\"https:\/\/exceladvisor.org\/wp-content\/uploads\/2023\/08\/calculer-mensuellement-les-interets-composes-dans-excel.png\" sizes=\"\" srcset=\"\" alt=\"calcular juros compostos no excel mensalmente\"><\/figure><\/div><p> No exemplo acima, com $ 10.000 de principal e 10% de juros por 5 anos, receber\u00edamos $ 16.453.<\/p><p> No primeiro m\u00eas, obtemos 10.000 * (10%\/12), que \u00e9 $ 83,33 e no segundo m\u00eas, ($ 10.000 + $ 83,33) * (10%\/12) = $ 84,02 e o mesmo vale para 60 meses (5 anos).<\/p><h2 id=\"tab-con-4\" class=\"wp-block-heading\"> F\u00f3rmula di\u00e1ria de juros compostos<\/h2><p> Ao calcular os juros compostos di\u00e1rios, precisamos usar o mesmo m\u00e9todo com a f\u00f3rmula de c\u00e1lculo abaixo. Precisamos dividir a taxa de juros por 365 para obter uma taxa de juros di\u00e1ria.<\/p><p> Portanto, voc\u00ea pode usar a f\u00f3rmula abaixo para calcular os juros compostos di\u00e1rios. <\/p><pre class=\"wp-block-code\"> <code class=\"language-excel-formula\" lang=\"excel-formula\">=Principal Amount*((1+Annual Interest Rate\/365)^(Total Years of Investment*365)))<\/code><\/pre><div class=\"wp-block-image\"><figure class=\"aligncenter\"><img decoding=\"async\" src=\"https:\/\/exceladvisor.org\/wp-content\/uploads\/2023\/08\/calculer-linteret-compose-sur-excel-day.png\" sizes=\"\" srcset=\"\" alt=\"calcular juros compostos no dia do excel\"><\/figure><\/div><p> No exemplo acima, com $ 10.000 de principal e 10% de juros por 5 anos, receber\u00edamos $ 16.486.<\/p><p> No primeiro dia obtemos 10.000*(10%\/365) = 4$, e no segundo dia, (10.000$+4$)*(10%\/365) = 4$, e o mesmo vale para todos os dias por 5 anos.<\/p><h2 id=\"tab-con-5\" class=\"wp-block-heading\"> Arquivo de exemplo<\/h2><p> Usando os m\u00e9todos acima, criei uma Calculadora de Juros Acumulados [Modelo] para calcular todos os c\u00e1lculos de juros acima em uma \u00fanica planilha. <\/p><div class=\"gb-container gb-container-bafb25cc gb-container-download-2\"><div class=\"gb-grid-wrapper gb-grid-wrapper-91201309\"><div class=\"gb-grid-column gb-grid-column-15a917ef\"><div class=\"gb-container gb-container-15a917ef\"><h2 class=\"gb-headline gb-headline-f2deb261 gb-headline-text gb-headline-download-2\"> Obtenha o arquivo Excel <\/h2><\/div><\/div><div class=\"gb-grid-column gb-grid-column-18357188\"><div class=\"gb-container gb-container-18357188\"><div class=\"gb-container gb-container-76cbe15e\"> <a class=\"gb-button gb-button-cb63d00a gb-button-text gb-button-download-2\" href=\"https:\/\/exceladvisor.org\/wp-content\/uploads\/2023\/11\/excel-interet-compose.xlsx\" rel=\"nofollow\">Download<\/a><\/div><\/div><\/div><\/div><\/div><div class=\"gb-container gb-container-0df56012 gb-container-mt\"> <a class=\"gb-button gb-button-f9f432f4 gb-button-text gb-button-mt-button\" href=\"https:\/\/exceladvisor.org\/pt\/formulas\/\">Lista de f\u00f3rmulas do Excel<\/a><h2 class=\"gb-headline gb-headline-233444e8 gb-headline-text gb-headline-mt-heading\"> F\u00f3rmulas relacionadas <\/h2><div class=\"gb-grid-wrapper gb-grid-wrapper-a16fa65c gb-grid-wrapper-mt-grid\"><div class=\"gb-grid-column gb-grid-column-50d07e0d\"><div class=\"gb-container gb-container-50d07e0d\"><ul><li> <a href=\"https:\/\/exceladvisor.org\/pt\/simples-interesse\/\">Calcule juros simples no Excel<\/a><\/li><li> <a href=\"https:\/\/exceladvisor.org\/pt\/margem-de-lucro\/\">Lucro bruto (margem e propor\u00e7\u00e3o)<\/a><\/li><li> <a href=\"https:\/\/exceladvisor.org\/pt\/cuba\/\">Calcular o IVA<\/a> <\/li><\/ul><\/div><\/div><div class=\"gb-grid-column gb-grid-column-5b4a0cf9\"><div class=\"gb-container gb-container-5b4a0cf9\"><\/div><\/div><\/div><\/div>","protected":false},"excerpt":{"rendered":"","protected":false},"author":1,"featured_media":0,"parent":0,"menu_order":0,"comment_status":"open","ping_status":"closed","template":"","meta":{"ub_ctt_via":"","footnotes":""},"class_list":["post-226","page","type-page","status-publish","hentry"],"featured_image_src":null,"yoast_head":"<!-- This site is optimized with the Yoast SEO plugin v25.4 - https:\/\/yoast.com\/wordpress\/plugins\/seo\/ -->\n<title>\u25b7 Como calcular juros compostos? - Consultor Excel<\/title>\n<meta name=\"description\" content=\"Neste artigo, voc\u00ea aprender\u00e1 como calcular juros compostos no Excel. Voc\u00ea pode usar diariamente, mensalmente, aparar\" \/>\n<meta name=\"robots\" content=\"index, follow, max-snippet:-1, max-image-preview:large, max-video-preview:-1\" \/>\n<link rel=\"canonical\" href=\"https:\/\/exceladvisor.org\/pt\/juros-compostos\/\" \/>\n<meta property=\"og:locale\" content=\"pt_PT\" \/>\n<meta property=\"og:type\" content=\"article\" \/>\n<meta property=\"og:title\" content=\"\u25b7 Como calcular juros compostos? - Consultor Excel\" \/>\n<meta property=\"og:description\" content=\"Neste artigo, voc\u00ea aprender\u00e1 como calcular juros compostos no Excel. Voc\u00ea pode usar diariamente, mensalmente, aparar\" \/>\n<meta property=\"og:url\" content=\"https:\/\/exceladvisor.org\/pt\/juros-compostos\/\" \/>\n<meta property=\"og:site_name\" content=\"Excel Advisor\" \/>\n<meta property=\"article:modified_time\" content=\"2023-12-06T11:35:07+00:00\" \/>\n<meta property=\"og:image\" content=\"https:\/\/exceladvisor.org\/wp-content\/uploads\/2023\/08\/un-modele-simple-pour-calculer-les-interets-composes-dans-excel.gif\" \/>\n<meta name=\"twitter:card\" content=\"summary_large_image\" \/>\n<meta name=\"twitter:label1\" content=\"Tempo estimado de leitura\" \/>\n\t<meta name=\"twitter:data1\" content=\"3 minutos\" \/>\n<script type=\"application\/ld+json\" class=\"yoast-schema-graph\">{\"@context\":\"https:\/\/schema.org\",\"@graph\":[{\"@type\":\"WebPage\",\"@id\":\"https:\/\/exceladvisor.org\/pt\/juros-compostos\/\",\"url\":\"https:\/\/exceladvisor.org\/pt\/juros-compostos\/\",\"name\":\"\u25b7 Como calcular juros compostos? - Consultor Excel\",\"isPartOf\":{\"@id\":\"https:\/\/exceladvisor.org\/pt\/#website\"},\"primaryImageOfPage\":{\"@id\":\"https:\/\/exceladvisor.org\/pt\/juros-compostos\/#primaryimage\"},\"image\":{\"@id\":\"https:\/\/exceladvisor.org\/pt\/juros-compostos\/#primaryimage\"},\"thumbnailUrl\":\"https:\/\/exceladvisor.org\/wp-content\/uploads\/2023\/08\/un-modele-simple-pour-calculer-les-interets-composes-dans-excel.gif\",\"datePublished\":\"2023-11-10T18:31:38+00:00\",\"dateModified\":\"2023-12-06T11:35:07+00:00\",\"description\":\"Neste artigo, voc\u00ea aprender\u00e1 como calcular juros compostos no Excel. Voc\u00ea pode usar diariamente, mensalmente, aparar\",\"breadcrumb\":{\"@id\":\"https:\/\/exceladvisor.org\/pt\/juros-compostos\/#breadcrumb\"},\"inLanguage\":\"pt-PT\",\"potentialAction\":[{\"@type\":\"ReadAction\",\"target\":[\"https:\/\/exceladvisor.org\/pt\/juros-compostos\/\"]}]},{\"@type\":\"ImageObject\",\"inLanguage\":\"pt-PT\",\"@id\":\"https:\/\/exceladvisor.org\/pt\/juros-compostos\/#primaryimage\",\"url\":\"https:\/\/exceladvisor.org\/wp-content\/uploads\/2023\/08\/un-modele-simple-pour-calculer-les-interets-composes-dans-excel.gif\",\"contentUrl\":\"https:\/\/exceladvisor.org\/wp-content\/uploads\/2023\/08\/un-modele-simple-pour-calculer-les-interets-composes-dans-excel.gif\"},{\"@type\":\"BreadcrumbList\",\"@id\":\"https:\/\/exceladvisor.org\/pt\/juros-compostos\/#breadcrumb\",\"itemListElement\":[{\"@type\":\"ListItem\",\"position\":1,\"name\":\"Lar\",\"item\":\"https:\/\/exceladvisor.org\/pt\/\"},{\"@type\":\"ListItem\",\"position\":2,\"name\":\"Como calcular juros compostos no excel?\"}]},{\"@type\":\"WebSite\",\"@id\":\"https:\/\/exceladvisor.org\/pt\/#website\",\"url\":\"https:\/\/exceladvisor.org\/pt\/\",\"name\":\"Excel Advisor\",\"description\":\"O seu guia definitivo para dominar os dados!\",\"publisher\":{\"@id\":\"https:\/\/exceladvisor.org\/pt\/#organization\"},\"potentialAction\":[{\"@type\":\"SearchAction\",\"target\":{\"@type\":\"EntryPoint\",\"urlTemplate\":\"https:\/\/exceladvisor.org\/pt\/?s={search_term_string}\"},\"query-input\":{\"@type\":\"PropertyValueSpecification\",\"valueRequired\":true,\"valueName\":\"search_term_string\"}}],\"inLanguage\":\"pt-PT\"},{\"@type\":\"Organization\",\"@id\":\"https:\/\/exceladvisor.org\/pt\/#organization\",\"name\":\"Excel Advisor\",\"url\":\"https:\/\/exceladvisor.org\/pt\/\",\"logo\":{\"@type\":\"ImageObject\",\"inLanguage\":\"pt-PT\",\"@id\":\"https:\/\/exceladvisor.org\/pt\/#\/schema\/logo\/image\/\",\"url\":\"https:\/\/exceladvisor.org\/pt\/wp-content\/uploads\/2023\/12\/exceladvisor.org_.png\",\"contentUrl\":\"https:\/\/exceladvisor.org\/pt\/wp-content\/uploads\/2023\/12\/exceladvisor.org_.png\",\"width\":105,\"height\":36,\"caption\":\"Excel Advisor\"},\"image\":{\"@id\":\"https:\/\/exceladvisor.org\/pt\/#\/schema\/logo\/image\/\"}}]}<\/script>\n<!-- \/ Yoast SEO plugin. -->","yoast_head_json":{"title":"\u25b7 Como calcular juros compostos? - Consultor Excel","description":"Neste artigo, voc\u00ea aprender\u00e1 como calcular juros compostos no Excel. Voc\u00ea pode usar diariamente, mensalmente, aparar","robots":{"index":"index","follow":"follow","max-snippet":"max-snippet:-1","max-image-preview":"max-image-preview:large","max-video-preview":"max-video-preview:-1"},"canonical":"https:\/\/exceladvisor.org\/pt\/juros-compostos\/","og_locale":"pt_PT","og_type":"article","og_title":"\u25b7 Como calcular juros compostos? - Consultor Excel","og_description":"Neste artigo, voc\u00ea aprender\u00e1 como calcular juros compostos no Excel. Voc\u00ea pode usar diariamente, mensalmente, aparar","og_url":"https:\/\/exceladvisor.org\/pt\/juros-compostos\/","og_site_name":"Excel Advisor","article_modified_time":"2023-12-06T11:35:07+00:00","og_image":[{"url":"https:\/\/exceladvisor.org\/wp-content\/uploads\/2023\/08\/un-modele-simple-pour-calculer-les-interets-composes-dans-excel.gif","type":"","width":"","height":""}],"twitter_card":"summary_large_image","twitter_misc":{"Tempo estimado de leitura":"3 minutos"},"schema":{"@context":"https:\/\/schema.org","@graph":[{"@type":"WebPage","@id":"https:\/\/exceladvisor.org\/pt\/juros-compostos\/","url":"https:\/\/exceladvisor.org\/pt\/juros-compostos\/","name":"\u25b7 Como calcular juros compostos? - Consultor Excel","isPartOf":{"@id":"https:\/\/exceladvisor.org\/pt\/#website"},"primaryImageOfPage":{"@id":"https:\/\/exceladvisor.org\/pt\/juros-compostos\/#primaryimage"},"image":{"@id":"https:\/\/exceladvisor.org\/pt\/juros-compostos\/#primaryimage"},"thumbnailUrl":"https:\/\/exceladvisor.org\/wp-content\/uploads\/2023\/08\/un-modele-simple-pour-calculer-les-interets-composes-dans-excel.gif","datePublished":"2023-11-10T18:31:38+00:00","dateModified":"2023-12-06T11:35:07+00:00","description":"Neste artigo, voc\u00ea aprender\u00e1 como calcular juros compostos no Excel. Voc\u00ea pode usar diariamente, mensalmente, aparar","breadcrumb":{"@id":"https:\/\/exceladvisor.org\/pt\/juros-compostos\/#breadcrumb"},"inLanguage":"pt-PT","potentialAction":[{"@type":"ReadAction","target":["https:\/\/exceladvisor.org\/pt\/juros-compostos\/"]}]},{"@type":"ImageObject","inLanguage":"pt-PT","@id":"https:\/\/exceladvisor.org\/pt\/juros-compostos\/#primaryimage","url":"https:\/\/exceladvisor.org\/wp-content\/uploads\/2023\/08\/un-modele-simple-pour-calculer-les-interets-composes-dans-excel.gif","contentUrl":"https:\/\/exceladvisor.org\/wp-content\/uploads\/2023\/08\/un-modele-simple-pour-calculer-les-interets-composes-dans-excel.gif"},{"@type":"BreadcrumbList","@id":"https:\/\/exceladvisor.org\/pt\/juros-compostos\/#breadcrumb","itemListElement":[{"@type":"ListItem","position":1,"name":"Lar","item":"https:\/\/exceladvisor.org\/pt\/"},{"@type":"ListItem","position":2,"name":"Como calcular juros compostos no excel?"}]},{"@type":"WebSite","@id":"https:\/\/exceladvisor.org\/pt\/#website","url":"https:\/\/exceladvisor.org\/pt\/","name":"Excel Advisor","description":"O seu guia definitivo para dominar os dados!","publisher":{"@id":"https:\/\/exceladvisor.org\/pt\/#organization"},"potentialAction":[{"@type":"SearchAction","target":{"@type":"EntryPoint","urlTemplate":"https:\/\/exceladvisor.org\/pt\/?s={search_term_string}"},"query-input":{"@type":"PropertyValueSpecification","valueRequired":true,"valueName":"search_term_string"}}],"inLanguage":"pt-PT"},{"@type":"Organization","@id":"https:\/\/exceladvisor.org\/pt\/#organization","name":"Excel Advisor","url":"https:\/\/exceladvisor.org\/pt\/","logo":{"@type":"ImageObject","inLanguage":"pt-PT","@id":"https:\/\/exceladvisor.org\/pt\/#\/schema\/logo\/image\/","url":"https:\/\/exceladvisor.org\/pt\/wp-content\/uploads\/2023\/12\/exceladvisor.org_.png","contentUrl":"https:\/\/exceladvisor.org\/pt\/wp-content\/uploads\/2023\/12\/exceladvisor.org_.png","width":105,"height":36,"caption":"Excel Advisor"},"image":{"@id":"https:\/\/exceladvisor.org\/pt\/#\/schema\/logo\/image\/"}}]}},"yoast_meta":{"yoast_wpseo_title":"","yoast_wpseo_metadesc":"","yoast_wpseo_canonical":""},"_links":{"self":[{"href":"https:\/\/exceladvisor.org\/pt\/wp-json\/wp\/v2\/pages\/226","targetHints":{"allow":["GET"]}}],"collection":[{"href":"https:\/\/exceladvisor.org\/pt\/wp-json\/wp\/v2\/pages"}],"about":[{"href":"https:\/\/exceladvisor.org\/pt\/wp-json\/wp\/v2\/types\/page"}],"author":[{"embeddable":true,"href":"https:\/\/exceladvisor.org\/pt\/wp-json\/wp\/v2\/users\/1"}],"replies":[{"embeddable":true,"href":"https:\/\/exceladvisor.org\/pt\/wp-json\/wp\/v2\/comments?post=226"}],"version-history":[{"count":1,"href":"https:\/\/exceladvisor.org\/pt\/wp-json\/wp\/v2\/pages\/226\/revisions"}],"predecessor-version":[{"id":880,"href":"https:\/\/exceladvisor.org\/pt\/wp-json\/wp\/v2\/pages\/226\/revisions\/880"}],"wp:attachment":[{"href":"https:\/\/exceladvisor.org\/pt\/wp-json\/wp\/v2\/media?parent=226"}],"curies":[{"name":"wp","href":"https:\/\/api.w.org\/{rel}","templated":true}]}}